{"id":22363,"date":"2022-10-05T13:10:53","date_gmt":"2022-10-05T12:10:53","guid":{"rendered":"http:\/\/www.uhu.es\/etsi\/?page_id=22363"},"modified":"2023-07-21T12:28:19","modified_gmt":"2023-07-21T11:28:19","slug":"perfil-recomendado-de-acceso-y-requisitos-y-criterios-de-admision-master-oficial-en-ingenieria-de-montes","status":"publish","type":"page","link":"https:\/\/www.uhu.es\/etsi\/perfil-recomendado-de-acceso-y-requisitos-y-criterios-de-admision-master-oficial-en-ingenieria-de-montes\/","title":{"rendered":"Perfil recomendado de acceso y Requisitos y criterios de admisi\u00f3n M\u00e1ster Oficial en Ingenier\u00eda de Montes"},"content":{"rendered":"<p><strong>Requisitos de acceso y procedimientos de admisi\u00f3n<\/strong><br \/>\n<body style=\u00bbtext-align: justify;\u00bb><br \/>\nEl M\u00e1ster Universitario en Ingenier\u00eda de Montes est\u00e1 destinado a titulados universitarios que posean las competencias vinculadas con la profesi\u00f3n de Ingeniero T\u00e9cnico Forestal y que deseen adquirir y desarrollar las competencias de Ingeniero de Montes. Debido a ello, el M\u00e1ster Universitario en Ingenier\u00eda de Montes est\u00e1 destinado, preferentemente, a los estudiantes egresados de un t\u00edtulo de Grado en Ingenier\u00eda Forestal y del Medio Natural, as\u00ed como a los actuales Ingenieros T\u00e9cnicos en Forestales, que son las titulaciones vinculadas al ejercicio de la profesi\u00f3n de Ingeniero T\u00e9cnico en Forestal, y cuyas competencias se ajustan a lo establecido en el apartado 5 del Anexo de la Orden Ministerial CIN\/326\/2009, de 9 de febrero de 2009 (BOE n\u00ba 43 de 19 de febrero de 2009)), del Ministerio de Ciencia e Innovaci\u00f3n. Por lo tanto, el perfil de ingreso recomendado est\u00e1 definido por las competencias asociadas a todo Ingeniero T\u00e9cnico Forestal.<\/p>\n<p><strong>Requisitos de acceso<\/strong><br \/>\nDe acuerdo con las previsiones del art. 75 de la Ley 15\/2003, Andaluza de Universidades, a los \u00fanicos efectos del ingreso en los centros universitarios, todas las Universidades p\u00fablicas andaluzas se constituyen en un distrito \u00fanico. En consecuencia, los procesos de admisi\u00f3n de alumnos se realizan de acuerdo con los criterios que establezca la Comisi\u00f3n de Distrito \u00danico Andaluz, consider\u00e1ndose en los mismos la existencia de estudiantes con necesidades educativas espec\u00edficas derivadas de discapacidad.<\/p>\n<p>Por su parte, el Apartado 4.2 de la Orden CIN\/326\/2009, de 9 de febrero, por la que se establecen los requisitos para la verificaci\u00f3n de los t\u00edtulos universitarios oficiales que habiliten para el ejercicio de la profesi\u00f3n de Ingeniero de Montes establece las condiciones de acceso al M\u00e1ster. En concreto, especifica lo siguiente:<\/p>\n<ul\n\n\n<li>\n<dd>Podr\u00e1 acceder al M\u00e1ster que habilita para el ejercicio de la profesi\u00f3n de Ingeniero de Montes, quien haya adquirido previamente las competencias que se recogen en el apartado 3 de la Orden Ministerial (Orden CIN\/324\/2009, de 9 de febrero) por la que se establecen los requisitos para la verificaci\u00f3n de los t\u00edtulos universitarios oficiales que habiliten para el ejercicio de la profesi\u00f3n de Ingeniero T\u00e9cnico Forestal y su formaci\u00f3n estar de acuerdo con la que se establece en el apartado 5 de la antes citada Orden Ministerial.<\/dd>\n<\/li>\n<li>\n<dd>Se permitir\u00e1 el acceso al m\u00e1ster cuando el t\u00edtulo de Grado del interesado acredite haber cursado el m\u00f3dulo de formaci\u00f3n b\u00e1sica y el m\u00f3dulo com\u00fan a la rama, aun no cubriendo un bloque completo del m\u00f3dulo de tecnolog\u00eda espec\u00edfica y s\u00ed 48 cr\u00e9ditos de los ofertados en el conjunto de los bloques de dicho m\u00f3dulo de un t\u00edtulo de Grado que habilite para el ejercicio de Ingeniero T\u00e9cnico Forestal, de acuerdo con la referida Orden Ministerial.<\/dd>\n<\/li>\n<li>\n<dd>Los apartados anteriores se entender\u00e1n, sin perjuicio de lo dispuesto en el art\u00edculo 17.2 y en la disposici\u00f3n adicional cuarta del real decreto 1393\/2007, de 29 de octubre.<\/dd>\n<\/li>\n<\/ul>\n<p>En consecuencia, tendr\u00e1n acceso directo al M\u00e1ster en Ingenier\u00eda de Montes: <\/p>\n<ol>\n<li>T\u00edtulo oficial de Grado en Ingenier\u00eda, de la rama Forestal que habilite para el ejercicio de la profesi\u00f3n de Ingeniero T\u00e9cnico Forestal.<\/li>\n<li>T\u00edtulo oficial de Ingenier\u00eda T\u00e9cnica de la rama Forestal o el t\u00edtulo de Ingenier\u00eda Forestal. En ambos casos se deber\u00e1n realizar complementos de formaci\u00f3n<\/li>\n<li>Titulados en Ingenier\u00eda de la rama forestal de cualquier universidad extranjera con derecho de acceso a las ense\u00f1anzas de M\u00e1ster en su pa\u00eds de origen, que deseen<br \/>\nacceder al M\u00e1ster, podr\u00e1n solicitar su admisi\u00f3n al mismo una vez hayan adaptado su titulaci\u00f3n a cualquiera de los t\u00edtulos de Grado con acceso.<\/li>\n<\/ol>\n<p>El acceso al M\u00e1ster est\u00e1 vinculado al \u201cPrograma Acad\u00e9mico con Recorridos Sucesivos de Ingenier\u00eda de Montes V\u00eda Grado en Ingenier\u00eda Forestal y del Medio Natural\u201d. En enlace de la memoria de dicho programa es el que se incorpora a continuaci\u00f3n:<\/p>\n<p><a href=\"https:\/\/www.uhu.es\/etsi\/PARS\/3.%20Anexo%20I%20Modelo%20Solicitud%20PARS%20Ing.Montes%20e%20IngForel%20y%20MN.pdf\">https:\/\/www.uhu.es\/etsi\/PARS\/3.%20Anexo%20I%20Modelo%20Solicitud%20PARS%20Ing.Montes%20e%20IngForel%20y%20MN.pdf<\/a><\/p>\n<p>Es rese\u00f1able que la memoria de dicho programa establece que \u201cUn o una estudiante de Grado vinculado al PARS que le reste por superar 30 cr\u00e9ditos ECTS (considerando de forma conjunta TFG y asignaturas pendientes) podr\u00e1 acceder y matricularse en el M\u00e1ster Universitario vinculado. Las asignaturas que queden pendiente de cursar en el t\u00edtulo de Grado deben ser \u00fanicamente las optativas (no deben contemplar b\u00e1sicas, obligatorias u obligatorias de menci\u00f3n), si bien excepcionalmente se permitir\u00e1 que los 30 ECTS incluyan 9 ECTS de asignaturas obligatorias u obligatorias de menci\u00f3n siempre que la Comisi\u00f3n Acad\u00e9mica del M\u00e1ster valore estas asignaturas de forma que las competencias que se alcancen no sean necesarias para cursar el m\u00e1ster y por tanto no pongan en riesgo el seguimiento y la consecuci\u00f3n de los resultados del aprendizaje correspondientes al M\u00e1ster Universitario\u201d.<\/p>\n<p><strong>Criterios de admisi\u00f3n<\/strong><br \/>\nLos criterios y requisitos de admisi\u00f3n en el M\u00e1ster universitario en Ingenier\u00eda de Montes responden al acuerdo general normativo adoptado por las autoridades acad\u00e9micas andaluzas que afecta a todos los m\u00e1steres oficiales ofertados en la Comunidad Aut\u00f3noma de Andaluc\u00eda y que se plasman en los mecanismos de acceso establecidos a trav\u00e9s del Distrito \u00danico Universitario Andaluz, siendo \u00e9stos objetivables y ponderables.<\/p>\n<p>La Comisi\u00f3n Acad\u00e9mica del M\u00e1ster propondr\u00e1 criterios de selecci\u00f3n para el caso de que se llegue a producir una situaci\u00f3n de acceso competitivo en un curso acad\u00e9mico, al haber m\u00e1s solicitudes que plazas disponibles. <\/p>\n<p>Los criterios de prelaci\u00f3n se realizar\u00e1n en funci\u00f3n de la nota media del expediente acad\u00e9mico de la titulaci\u00f3n con la que acceden al M\u00e1ster, y el orden de prioridad se establecer\u00e1, adem\u00e1s, en funci\u00f3n de dicha titulaci\u00f3n siguiendo este orden:<\/p>\n<ul>\n<li><u>Primer lugar: Graduados en Ingenier\u00eda Forestal y del Medio Natural, Graduados en Ingenier\u00eda Forestal, en cualquiera de sus especialidades.<\/li>\n<p><\/u><\/p>\n<li><u>Segundo lugar: Ingenieros T\u00e9cnicos Forestales en cualquiera de sus especialidades<\/li>\n<p><\/u>\n<\/ul>\n<p>Dentro de cada grupo, el orden se establecer\u00e1 por la calificaci\u00f3n del expediente acad\u00e9mico, teniendo prioridad los estudiantes provenientes de las titulaciones se\u00f1aladas en primer lugar.<br \/>\nNo obstante, la Comisi\u00f3n Acad\u00e9mica podr\u00e1 modificar, siempre con car\u00e1cter previo, la selecci\u00f3n de los criterios de valoraci\u00f3n anteriormente referidos. Todos los aspectos relativos al proceso de preinscripci\u00f3n y matr\u00edcula ser\u00e1n objeto de informaci\u00f3n p\u00fablica, integrada y coordinada a trav\u00e9s de las p\u00e1ginas web del Distrito Universitario \u00danico Andaluz, la Oficina de Posgrado de la Universidad de Huelva y la p\u00e1gina web de la Escuela T\u00e9cnica Superior de Ingenier\u00eda.<\/p>\n<p><strong>Complementos formativos<\/strong><br \/>\nLos estudiantes titulados en el Grado en Ingenier\u00eda Forestal y del Medio Natural no precisa cursar complementos de formaci\u00f3n, ya que en su t\u00edtulo previo han adquirido todas las competencias generales y espec\u00edficas exigidas en la legislaci\u00f3n correspondiente para cursar el M\u00e1ster en Ingenier\u00eda de Montes.<\/p>\n<p>Los Ingenieros T\u00e9cnicos Forestales (especialidad en Explotaciones Forestales) que no hayan adaptado previamente su formaci\u00f3n al Grado en Ingenier\u00eda Forestal y del Medio Natural y que deseen acceder al M\u00e1ster de Ingenier\u00eda de Montes de la Universidad de Huelva, deber\u00e1n adquirir competencias y formaci\u00f3n equivalentes al citado Grado. Con este fin tendr\u00e1n que acreditar el nivel B1 de un idioma extranjero1, y tendr\u00e1n que cursar en el Grado de Ingenier\u00eda Forestal y del Medio Natural de la ETSI 18 ECTS de complementos de formaci\u00f3n, que deber\u00e1n ser obtenidos cursando las siguientes  signaturas obligatorias:<\/p>\n<p><!-- TABLA --><\/p>\n<table border=\"1\" rules=\"all\">\n<tr>\n<th algin=\"center\">Modulo<\/th>\n<th algin=\"center\">Materia<\/th>\n<th algin=\"center\">Asignatura<\/th>\n<th algin=\"center\">Curso del Grado y Cuatrimestre<\/th>\n<th algin=\"center\">ECTS<\/th>\n<\/tr>\n<tr>\n<td>Formaci\u00f3n com\u00fan a la rama forestal<\/td>\n<td>Ingenier\u00eda del Medio Forestal<\/td>\n<td>Sistemas de Informaci\u00f3n Geogr\u00e1fica y Teledetecci\u00f3n<\/td>\n<td>2\u00ba Curso- 1er Cuatrimestre <\/td>\n<td>6<\/td>\n<\/tr>\n<tr>\n<td rowspan=\"2\">Tecnolog\u00eda espec\u00edfica &#8220;Explotaciones Forestales&#8221;<\/td>\n<td >Ordenaci\u00f3n y Planificaci\u00f3n de los Sistemas Forestales<\/td>\n<td>Ordenaci\u00f3n y Planificaci\u00f3n del Territorio<\/td>\n<td>4\u00ba Curso- 1er Cuatrimestre<\/td>\n<td>6<\/td>\n<\/tr>\n<tr>\n<td>Defensa y Protecci\u00f3n de los Sistemas Forestales<\/td>\n<td>Prevenci\u00f3n y Lucha contra Incendios Forestales<\/td>\n<td>3\u00ba Curso- 2\u00ba Cuatrimestre<\/td>\n<td>6<\/td>\n<\/tr>\n<\/table>\n<p>Dentro de los complementos de formaci\u00f3n podr\u00e1n ser reconocidos por experiencia laboral hasta 12; el reconocimiento se aplicar\u00e1 a las materias en las que la persona solicitante acredite su experiencia laboral de mayor afinidad, si bien, ser\u00e1 la Comisi\u00f3n de Reconocimiento de Cr\u00e9ditos quien decida las asignaturas reconocidas, dentro de las 3 obligatorias, o estime que no proceda el reconocimiento por falta de afinidad. El reconocimiento tambi\u00e9n se podr\u00e1 aplicar a la superaci\u00f3n de asignaturas de otros estudios universitarios con afinidad.<br \/>\nLa experiencia profesional se reconocer\u00e1 a raz\u00f3n de 6 ECTS por cada a\u00f1o de experiencia laboral en funciones t\u00e9cnicas del nivel profesional de un diplomado, licenciado, graduado, m\u00e1ster, o situaciones asimilables. Todo ello en conformidad con lo establecido en el Reglamento para el reconocimiento de cr\u00e9ditos en los estudios de grado, por estudios universitarios no oficiales (t\u00edtulos propios) y experiencia laboral o profesional, aprobado por Consejo de Gobierno de la Universidad de Huelva de 4 de mayo de 2018.<br \/>\nLos complementos de formaci\u00f3n que se indican se dirigen a la formaci\u00f3n de Ingeniero T\u00e9cnico Forestal con especialidad en Explotaciones Forestales, que es la especialidad impartida por la Universidad de Huelva y otras universidades geogr\u00e1ficamente cercanas, desde la creaci\u00f3n del t\u00edtulo de Ingeniero T\u00e9cnico Forestal. Para otras posibles especialidades la Comisi\u00f3n Acad\u00e9mica del M\u00e1ster establecer\u00e1 en cada caso los complementos de formaci\u00f3n previa que se estimen necesarios.<\/p>\n<p><\/body><\/p>\n","protected":false},"excerpt":{"rendered":"<p>Requisitos de acceso y procedimientos de admisi\u00f3n El M\u00e1ster Universitario en Ingenier\u00eda de Montes est\u00e1 destinado a titulados universitarios que &#8230; <\/p>\n<div><a href=\"https:\/\/www.uhu.es\/etsi\/perfil-recomendado-de-acceso-y-requisitos-y-criterios-de-admision-master-oficial-en-ingenieria-de-montes\/\" class=\"more-link\">Read More<\/a><\/div>\n","protected":false},"author":7,"featured_media":0,"parent":0,"menu_order":0,"comment_status":"closed","ping_status":"closed","template":"template-layout-full-width.php","meta":[],"yoast_head":"<!-- This site is optimized with the Yoast SEO plugin v20.2.1 - https:\/\/yoast.com\/wordpress\/plugins\/seo\/ -->\n<title>Perfil recomendado de acceso y Requisitos y criterios de admisi\u00f3n M\u00e1ster Oficial en Ingenier\u00eda de Montes - ETSI, UHU<\/title>\n<meta name=\"robots\" content=\"index, follow, max-snippet:-1, max-image-preview:large, max-video-preview:-1\" \/>\n<link rel=\"canonical\" href=\"https:\/\/www.uhu.es\/etsi\/perfil-recomendado-de-acceso-y-requisitos-y-criterios-de-admision-master-oficial-en-ingenieria-de-montes\/\" \/>\n<meta property=\"og:locale\" content=\"es_ES\" \/>\n<meta property=\"og:type\" content=\"article\" \/>\n<meta property=\"og:title\" content=\"Perfil recomendado de acceso y Requisitos y criterios de admisi\u00f3n M\u00e1ster Oficial en Ingenier\u00eda de Montes - ETSI, UHU\" \/>\n<meta property=\"og:description\" content=\"Requisitos de acceso y procedimientos de admisi\u00f3n El M\u00e1ster Universitario en Ingenier\u00eda de Montes est\u00e1 destinado a titulados universitarios que ... Read More\" \/>\n<meta property=\"og:url\" content=\"https:\/\/www.uhu.es\/etsi\/perfil-recomendado-de-acceso-y-requisitos-y-criterios-de-admision-master-oficial-en-ingenieria-de-montes\/\" \/>\n<meta property=\"og:site_name\" content=\"ETSI, UHU\" \/>\n<meta property=\"article:modified_time\" content=\"2023-07-21T11:28:19+00:00\" \/>\n<meta name=\"twitter:label1\" content=\"Est. reading time\" \/>\n\t<meta name=\"twitter:data1\" content=\"7 minutes\" \/>\n<script type=\"application\/ld+json\" class=\"yoast-schema-graph\">{\"@context\":\"https:\/\/schema.org\",\"@graph\":[{\"@type\":\"WebPage\",\"@id\":\"https:\/\/www.uhu.es\/etsi\/perfil-recomendado-de-acceso-y-requisitos-y-criterios-de-admision-master-oficial-en-ingenieria-de-montes\/\",\"url\":\"https:\/\/www.uhu.es\/etsi\/perfil-recomendado-de-acceso-y-requisitos-y-criterios-de-admision-master-oficial-en-ingenieria-de-montes\/\",\"name\":\"Perfil recomendado de acceso y Requisitos y criterios de admisi\u00f3n M\u00e1ster Oficial en Ingenier\u00eda de Montes - ETSI, UHU\",\"isPartOf\":{\"@id\":\"https:\/\/www.uhu.es\/etsi\/#website\"},\"datePublished\":\"2022-10-05T12:10:53+00:00\",\"dateModified\":\"2023-07-21T11:28:19+00:00\",\"breadcrumb\":{\"@id\":\"https:\/\/www.uhu.es\/etsi\/perfil-recomendado-de-acceso-y-requisitos-y-criterios-de-admision-master-oficial-en-ingenieria-de-montes\/#breadcrumb\"},\"inLanguage\":\"es-ES\",\"potentialAction\":[{\"@type\":\"ReadAction\",\"target\":[\"https:\/\/www.uhu.es\/etsi\/perfil-recomendado-de-acceso-y-requisitos-y-criterios-de-admision-master-oficial-en-ingenieria-de-montes\/\"]}]},{\"@type\":\"BreadcrumbList\",\"@id\":\"https:\/\/www.uhu.es\/etsi\/perfil-recomendado-de-acceso-y-requisitos-y-criterios-de-admision-master-oficial-en-ingenieria-de-montes\/#breadcrumb\",\"itemListElement\":[{\"@type\":\"ListItem\",\"position\":1,\"name\":\"Portada\",\"item\":\"https:\/\/www.uhu.es\/etsi\/\"},{\"@type\":\"ListItem\",\"position\":2,\"name\":\"Perfil recomendado de acceso y Requisitos y criterios de admisi\u00f3n M\u00e1ster Oficial en Ingenier\u00eda de Montes\"}]},{\"@type\":\"WebSite\",\"@id\":\"https:\/\/www.uhu.es\/etsi\/#website\",\"url\":\"https:\/\/www.uhu.es\/etsi\/\",\"name\":\"ETSI, UHU\",\"description\":\"Escuela T\u00e9cnica Superior de  Ingenier\u00eda de la Universidad de Huelva\",\"publisher\":{\"@id\":\"https:\/\/www.uhu.es\/etsi\/#organization\"},\"potentialAction\":[{\"@type\":\"SearchAction\",\"target\":{\"@type\":\"EntryPoint\",\"urlTemplate\":\"https:\/\/www.uhu.es\/etsi\/?s={search_term_string}\"},\"query-input\":\"required name=search_term_string\"}],\"inLanguage\":\"es-ES\"},{\"@type\":\"Organization\",\"@id\":\"https:\/\/www.uhu.es\/etsi\/#organization\",\"name\":\"UHU ETSI\",\"url\":\"https:\/\/www.uhu.es\/etsi\/\",\"logo\":{\"@type\":\"ImageObject\",\"inLanguage\":\"es-ES\",\"@id\":\"https:\/\/www.uhu.es\/etsi\/#\/schema\/logo\/image\/\",\"url\":\"http:\/\/www.uhu.es\/etsi\/wp-content\/uploads\/2016\/02\/membrete_ETSI.jpg\",\"contentUrl\":\"http:\/\/www.uhu.es\/etsi\/wp-content\/uploads\/2016\/02\/membrete_ETSI.jpg\",\"width\":423,\"height\":81,\"caption\":\"UHU ETSI\"},\"image\":{\"@id\":\"https:\/\/www.uhu.es\/etsi\/#\/schema\/logo\/image\/\"}}]}<\/script>\n<!-- \/ Yoast SEO plugin. -->","yoast_head_json":{"title":"Perfil recomendado de acceso y Requisitos y criterios de admisi\u00f3n M\u00e1ster Oficial en Ingenier\u00eda de Montes - ETSI, UHU","robots":{"index":"index","follow":"follow","max-snippet":"max-snippet:-1","max-image-preview":"max-image-preview:large","max-video-preview":"max-video-preview:-1"},"canonical":"https:\/\/www.uhu.es\/etsi\/perfil-recomendado-de-acceso-y-requisitos-y-criterios-de-admision-master-oficial-en-ingenieria-de-montes\/","og_locale":"es_ES","og_type":"article","og_title":"Perfil recomendado de acceso y Requisitos y criterios de admisi\u00f3n M\u00e1ster Oficial en Ingenier\u00eda de Montes - ETSI, UHU","og_description":"Requisitos de acceso y procedimientos de admisi\u00f3n El M\u00e1ster Universitario en Ingenier\u00eda de Montes est\u00e1 destinado a titulados universitarios que ... Read More","og_url":"https:\/\/www.uhu.es\/etsi\/perfil-recomendado-de-acceso-y-requisitos-y-criterios-de-admision-master-oficial-en-ingenieria-de-montes\/","og_site_name":"ETSI, UHU","article_modified_time":"2023-07-21T11:28:19+00:00","twitter_misc":{"Est. reading time":"7 minutes"},"schema":{"@context":"https:\/\/schema.org","@graph":[{"@type":"WebPage","@id":"https:\/\/www.uhu.es\/etsi\/perfil-recomendado-de-acceso-y-requisitos-y-criterios-de-admision-master-oficial-en-ingenieria-de-montes\/","url":"https:\/\/www.uhu.es\/etsi\/perfil-recomendado-de-acceso-y-requisitos-y-criterios-de-admision-master-oficial-en-ingenieria-de-montes\/","name":"Perfil recomendado de acceso y Requisitos y criterios de admisi\u00f3n M\u00e1ster Oficial en Ingenier\u00eda de Montes - ETSI, UHU","isPartOf":{"@id":"https:\/\/www.uhu.es\/etsi\/#website"},"datePublished":"2022-10-05T12:10:53+00:00","dateModified":"2023-07-21T11:28:19+00:00","breadcrumb":{"@id":"https:\/\/www.uhu.es\/etsi\/perfil-recomendado-de-acceso-y-requisitos-y-criterios-de-admision-master-oficial-en-ingenieria-de-montes\/#breadcrumb"},"inLanguage":"es-ES","potentialAction":[{"@type":"ReadAction","target":["https:\/\/www.uhu.es\/etsi\/perfil-recomendado-de-acceso-y-requisitos-y-criterios-de-admision-master-oficial-en-ingenieria-de-montes\/"]}]},{"@type":"BreadcrumbList","@id":"https:\/\/www.uhu.es\/etsi\/perfil-recomendado-de-acceso-y-requisitos-y-criterios-de-admision-master-oficial-en-ingenieria-de-montes\/#breadcrumb","itemListElement":[{"@type":"ListItem","position":1,"name":"Portada","item":"https:\/\/www.uhu.es\/etsi\/"},{"@type":"ListItem","position":2,"name":"Perfil recomendado de acceso y Requisitos y criterios de admisi\u00f3n M\u00e1ster Oficial en Ingenier\u00eda de Montes"}]},{"@type":"WebSite","@id":"https:\/\/www.uhu.es\/etsi\/#website","url":"https:\/\/www.uhu.es\/etsi\/","name":"ETSI, UHU","description":"Escuela T\u00e9cnica Superior de  Ingenier\u00eda de la Universidad de Huelva","publisher":{"@id":"https:\/\/www.uhu.es\/etsi\/#organization"},"potentialAction":[{"@type":"SearchAction","target":{"@type":"EntryPoint","urlTemplate":"https:\/\/www.uhu.es\/etsi\/?s={search_term_string}"},"query-input":"required name=search_term_string"}],"inLanguage":"es-ES"},{"@type":"Organization","@id":"https:\/\/www.uhu.es\/etsi\/#organization","name":"UHU ETSI","url":"https:\/\/www.uhu.es\/etsi\/","logo":{"@type":"ImageObject","inLanguage":"es-ES","@id":"https:\/\/www.uhu.es\/etsi\/#\/schema\/logo\/image\/","url":"http:\/\/www.uhu.es\/etsi\/wp-content\/uploads\/2016\/02\/membrete_ETSI.jpg","contentUrl":"http:\/\/www.uhu.es\/etsi\/wp-content\/uploads\/2016\/02\/membrete_ETSI.jpg","width":423,"height":81,"caption":"UHU ETSI"},"image":{"@id":"https:\/\/www.uhu.es\/etsi\/#\/schema\/logo\/image\/"}}]}},"_links":{"self":[{"href":"https:\/\/www.uhu.es\/etsi\/wp-json\/wp\/v2\/pages\/22363"}],"collection":[{"href":"https:\/\/www.uhu.es\/etsi\/wp-json\/wp\/v2\/pages"}],"about":[{"href":"https:\/\/www.uhu.es\/etsi\/wp-json\/wp\/v2\/types\/page"}],"author":[{"embeddable":true,"href":"https:\/\/www.uhu.es\/etsi\/wp-json\/wp\/v2\/users\/7"}],"replies":[{"embeddable":true,"href":"https:\/\/www.uhu.es\/etsi\/wp-json\/wp\/v2\/comments?post=22363"}],"version-history":[{"count":11,"href":"https:\/\/www.uhu.es\/etsi\/wp-json\/wp\/v2\/pages\/22363\/revisions"}],"predecessor-version":[{"id":23283,"href":"https:\/\/www.uhu.es\/etsi\/wp-json\/wp\/v2\/pages\/22363\/revisions\/23283"}],"wp:attachment":[{"href":"https:\/\/www.uhu.es\/etsi\/wp-json\/wp\/v2\/media?parent=22363"}],"curies":[{"name":"wp","href":"https:\/\/api.w.org\/{rel}","templated":true}]}}