{"id":22367,"date":"2022-10-05T13:41:40","date_gmt":"2022-10-05T12:41:40","guid":{"rendered":"http:\/\/www.uhu.es\/etsi\/?page_id=22367"},"modified":"2023-07-10T10:18:07","modified_gmt":"2023-07-10T09:18:07","slug":"lista-de-personal-de-administracion-y-servicio-del-centro","status":"publish","type":"page","link":"https:\/\/www.uhu.es\/etsi\/informacion-academica\/informacion-comun-todos-los-titulos\/lista-de-personal-de-administracion-y-servicio-del-centro\/","title":{"rendered":"Lista de Personal de Administraci\u00f3n y Servicio del Centro"},"content":{"rendered":"<p><font size=5>Para ver la informaci\u00f3n del personal de secretaria pinche <a href=\"https:\/\/www.uhu.es\/etsi\/secretaria\/listado-telefonico-secretaria\/\">aqu\u00ed.<\/a><\/font><\/p>\n<table class=\"default\">\n<tr>\n<th>Nombre<\/th>\n<th>Departamento<\/th>\n<th>Correo electronico<\/th>\n<\/tr>\n<tr>\n<td>RAMON GONZALEZ GOMEZ<\/td>\n<td>DIESIA<\/td>\n<td>rgomez@uhu.es<\/td>\n<\/tr>\n<tr>\n<td>MANUEL ROQUE GONZALEZ PINO<\/td>\n<td>DIESIA<\/td>\n<td>mdgonza@pas.uhu.es<\/td>\n<\/tr>\n<tr>\n<td>JOSE MANUEL ROBLEDO ALVAREZ<\/td>\n<td>DIESIA <\/td>\n<td>jose.robledo@sc.uhu.es<\/td>\n<\/tr>\n<tr>\n<td>EVA VIDAKOVIC MERCADER <\/td>\n<td>DIESIA <\/td>\n<td>mercader@pas.uhu.es<\/td>\n<\/tr>\n<tr>\n<td>RAM\u00d3N GARRIDO MORILLO<\/td>\n<td>DIMMEC <\/td>\n<td>morillo@uhu.es<\/td>\n<\/tr>\n<tr>\n<td>ISABEL RONCEL MART\u00cdNEZ <\/td>\n<td>DIMMEC <\/td>\n<td>admon@dimme.uhu.es<\/td>\n<\/tr>\n<tr>\n<td>ISABEL MENDOZA CORDERO <\/td>\n<td>DIMMEC <\/td>\n<td>isabel.mendoza@sc.uhu.es<\/td>\n<\/tr>\n<tr>\n<td>MANUEL ALEJANDRO CAMACHO CERRO <\/td>\n<td>DIMMEC <\/td>\n<td>manuel.camacho@dgeo.uhu.es<\/td>\n<\/tr>\n<tr>\n<td>ISIDRO SANCHEZ RUBIO<\/td>\n<td>DPTO. CC. AGROFORESTALES <\/td>\n<td>isidro.sanchez@dcaf.uhu.es<\/td>\n<\/tr>\n<tr>\n<td>MARIA JOSE MART\u00cdNEZ FERN\u00c1NDEZ <\/td>\n<td>DPTO. CC. AGROFORESTALES <\/td>\n<td>oficina.secretaria@dcaf.uhu.es<\/td>\n<\/tr>\n<tr>\n<td>JUAN PE\u00d1A RAMOS <\/td>\n<td>DPTO. CC. AGROFORESTALES <\/td>\n<td>juanfrancisco.pena@dcaf.uhu.es<\/td>\n<\/tr>\n<tr>\n<td>MARIA CARMEN SALGUERO SU\u00c1REZ <\/td>\n<td>DPTO. CC. AGROFORESTALES <\/td>\n<td>carmen.salguero@dcaf.uhu.es<\/td>\n<\/tr>\n<tr>\n<td>MARIA ROCIO NEGRETE NU\u00d1EZ<\/td>\n<td>DPTO. ING. EL\u00c9CTRICA Y T\u00c9RMICA, DISE\u00d1O Y PROYECTOS <\/td>\n<td>negrete@uhu.es<\/td>\n<\/tr>\n<tr>\n<td>MANUEL CASTILLA GOMEZ<\/td>\n<td>DPTO. ING. EL\u00c9CTRICA Y T\u00c9RMICA, DISE\u00d1O Y PROYECTOS <\/td>\n<td>manuel.castilla@die.uhu.es<\/td>\n<\/tr>\n<tr>\n<td>PILAR P\u00c9REZ RUIZ <\/td>\n<td>DPTO. ING. QU\u00cdMICA, QF Y CC. MATERIALES <\/td>\n<td>pilar.perez@diq.uhu.es<\/td>\n<\/tr>\n<tr>\n<td>JOSE CARLOS CARMONA PACH\u00d3N<\/td>\n<td>DPTO. ING. QU\u00cdMICA, QF Y CC. MATERIALES <\/td>\n<td>secretaria@diq.uhu.es<\/td>\n<\/tr>\n<tr>\n<td>JOQU\u00cdN MART\u00cdNEZ G\u00d3MEZ <\/td>\n<td>DPTO. ING. QU\u00cdMICA, QF Y CC. MATERIALES <\/td>\n<td>joaquin.martinez@eps.uhu.es<\/td>\n<\/tr>\n<tr>\n<td>JOSE MARIA ROMERO MORA<\/td>\n<td>DPTO. TECNOLOG\u00cdAS DE LA INFORMACI\u00d3N <\/td>\n<td>jromero@dti.uhu.es<\/td>\n<\/tr>\n<\/table>\n","protected":false},"excerpt":{"rendered":"<p>Para ver la informaci\u00f3n del personal de secretaria pinche aqu\u00ed. Nombre Departamento Correo electronico RAMON GONZALEZ GOMEZ DIESIA rgomez@uhu.es MANUEL &#8230; <\/p>\n<div><a href=\"https:\/\/www.uhu.es\/etsi\/informacion-academica\/informacion-comun-todos-los-titulos\/lista-de-personal-de-administracion-y-servicio-del-centro\/\" class=\"more-link\">Read More<\/a><\/div>\n","protected":false},"author":7,"featured_media":0,"parent":6951,"menu_order":0,"comment_status":"closed","ping_status":"closed","template":"template-layout-full-width.php","meta":[],"yoast_head":"<!-- This site is optimized with the Yoast SEO plugin v20.2.1 - https:\/\/yoast.com\/wordpress\/plugins\/seo\/ -->\n<title>Lista de Personal de Administraci\u00f3n y Servicio del Centro - ETSI, UHU<\/title>\n<meta name=\"robots\" content=\"index, follow, max-snippet:-1, max-image-preview:large, max-video-preview:-1\" \/>\n<link rel=\"canonical\" href=\"https:\/\/www.uhu.es\/etsi\/informacion-academica\/informacion-comun-todos-los-titulos\/lista-de-personal-de-administracion-y-servicio-del-centro\/\" \/>\n<meta property=\"og:locale\" content=\"es_ES\" \/>\n<meta property=\"og:type\" content=\"article\" \/>\n<meta property=\"og:title\" content=\"Lista de Personal de Administraci\u00f3n y Servicio del Centro - ETSI, UHU\" \/>\n<meta property=\"og:description\" content=\"Para ver la informaci\u00f3n del personal de secretaria pinche aqu\u00ed. Nombre Departamento Correo electronico RAMON GONZALEZ GOMEZ DIESIA rgomez@uhu.es MANUEL ... Read More\" \/>\n<meta property=\"og:url\" content=\"https:\/\/www.uhu.es\/etsi\/informacion-academica\/informacion-comun-todos-los-titulos\/lista-de-personal-de-administracion-y-servicio-del-centro\/\" \/>\n<meta property=\"og:site_name\" content=\"ETSI, UHU\" \/>\n<meta property=\"article:modified_time\" content=\"2023-07-10T09:18:07+00:00\" \/>\n<meta name=\"twitter:label1\" content=\"Est. reading time\" \/>\n\t<meta name=\"twitter:data1\" content=\"1 minute\" \/>\n<script type=\"application\/ld+json\" class=\"yoast-schema-graph\">{\"@context\":\"https:\/\/schema.org\",\"@graph\":[{\"@type\":\"WebPage\",\"@id\":\"https:\/\/www.uhu.es\/etsi\/informacion-academica\/informacion-comun-todos-los-titulos\/lista-de-personal-de-administracion-y-servicio-del-centro\/\",\"url\":\"https:\/\/www.uhu.es\/etsi\/informacion-academica\/informacion-comun-todos-los-titulos\/lista-de-personal-de-administracion-y-servicio-del-centro\/\",\"name\":\"Lista de Personal de Administraci\u00f3n y Servicio del Centro - ETSI, UHU\",\"isPartOf\":{\"@id\":\"https:\/\/www.uhu.es\/etsi\/#website\"},\"datePublished\":\"2022-10-05T12:41:40+00:00\",\"dateModified\":\"2023-07-10T09:18:07+00:00\",\"breadcrumb\":{\"@id\":\"https:\/\/www.uhu.es\/etsi\/informacion-academica\/informacion-comun-todos-los-titulos\/lista-de-personal-de-administracion-y-servicio-del-centro\/#breadcrumb\"},\"inLanguage\":\"es-ES\",\"potentialAction\":[{\"@type\":\"ReadAction\",\"target\":[\"https:\/\/www.uhu.es\/etsi\/informacion-academica\/informacion-comun-todos-los-titulos\/lista-de-personal-de-administracion-y-servicio-del-centro\/\"]}]},{\"@type\":\"BreadcrumbList\",\"@id\":\"https:\/\/www.uhu.es\/etsi\/informacion-academica\/informacion-comun-todos-los-titulos\/lista-de-personal-de-administracion-y-servicio-del-centro\/#breadcrumb\",\"itemListElement\":[{\"@type\":\"ListItem\",\"position\":1,\"name\":\"Portada\",\"item\":\"https:\/\/www.uhu.es\/etsi\/\"},{\"@type\":\"ListItem\",\"position\":2,\"name\":\"Informaci\u00f3n Acad\u00e9mica\",\"item\":\"https:\/\/www.uhu.es\/etsi\/informacion-academica\/\"},{\"@type\":\"ListItem\",\"position\":3,\"name\":\"Informaci\u00f3n Com\u00fan a todos los T\u00edtulos\",\"item\":\"https:\/\/www.uhu.es\/etsi\/informacion-academica\/informacion-comun-todos-los-titulos\/\"},{\"@type\":\"ListItem\",\"position\":4,\"name\":\"Lista de Personal de Administraci\u00f3n y Servicio del Centro\"}]},{\"@type\":\"WebSite\",\"@id\":\"https:\/\/www.uhu.es\/etsi\/#website\",\"url\":\"https:\/\/www.uhu.es\/etsi\/\",\"name\":\"ETSI, UHU\",\"description\":\"Escuela T\u00e9cnica Superior de  Ingenier\u00eda de la Universidad de Huelva\",\"publisher\":{\"@id\":\"https:\/\/www.uhu.es\/etsi\/#organization\"},\"potentialAction\":[{\"@type\":\"SearchAction\",\"target\":{\"@type\":\"EntryPoint\",\"urlTemplate\":\"https:\/\/www.uhu.es\/etsi\/?s={search_term_string}\"},\"query-input\":\"required name=search_term_string\"}],\"inLanguage\":\"es-ES\"},{\"@type\":\"Organization\",\"@id\":\"https:\/\/www.uhu.es\/etsi\/#organization\",\"name\":\"UHU ETSI\",\"url\":\"https:\/\/www.uhu.es\/etsi\/\",\"logo\":{\"@type\":\"ImageObject\",\"inLanguage\":\"es-ES\",\"@id\":\"https:\/\/www.uhu.es\/etsi\/#\/schema\/logo\/image\/\",\"url\":\"http:\/\/www.uhu.es\/etsi\/wp-content\/uploads\/2016\/02\/membrete_ETSI.jpg\",\"contentUrl\":\"http:\/\/www.uhu.es\/etsi\/wp-content\/uploads\/2016\/02\/membrete_ETSI.jpg\",\"width\":423,\"height\":81,\"caption\":\"UHU ETSI\"},\"image\":{\"@id\":\"https:\/\/www.uhu.es\/etsi\/#\/schema\/logo\/image\/\"}}]}<\/script>\n<!-- \/ Yoast SEO plugin. -->","yoast_head_json":{"title":"Lista de Personal de Administraci\u00f3n y Servicio del Centro - ETSI, UHU","robots":{"index":"index","follow":"follow","max-snippet":"max-snippet:-1","max-image-preview":"max-image-preview:large","max-video-preview":"max-video-preview:-1"},"canonical":"https:\/\/www.uhu.es\/etsi\/informacion-academica\/informacion-comun-todos-los-titulos\/lista-de-personal-de-administracion-y-servicio-del-centro\/","og_locale":"es_ES","og_type":"article","og_title":"Lista de Personal de Administraci\u00f3n y Servicio del Centro - ETSI, UHU","og_description":"Para ver la informaci\u00f3n del personal de secretaria pinche aqu\u00ed. Nombre Departamento Correo electronico RAMON GONZALEZ GOMEZ DIESIA rgomez@uhu.es MANUEL ... Read More","og_url":"https:\/\/www.uhu.es\/etsi\/informacion-academica\/informacion-comun-todos-los-titulos\/lista-de-personal-de-administracion-y-servicio-del-centro\/","og_site_name":"ETSI, UHU","article_modified_time":"2023-07-10T09:18:07+00:00","twitter_misc":{"Est. reading time":"1 minute"},"schema":{"@context":"https:\/\/schema.org","@graph":[{"@type":"WebPage","@id":"https:\/\/www.uhu.es\/etsi\/informacion-academica\/informacion-comun-todos-los-titulos\/lista-de-personal-de-administracion-y-servicio-del-centro\/","url":"https:\/\/www.uhu.es\/etsi\/informacion-academica\/informacion-comun-todos-los-titulos\/lista-de-personal-de-administracion-y-servicio-del-centro\/","name":"Lista de Personal de Administraci\u00f3n y Servicio del Centro - ETSI, UHU","isPartOf":{"@id":"https:\/\/www.uhu.es\/etsi\/#website"},"datePublished":"2022-10-05T12:41:40+00:00","dateModified":"2023-07-10T09:18:07+00:00","breadcrumb":{"@id":"https:\/\/www.uhu.es\/etsi\/informacion-academica\/informacion-comun-todos-los-titulos\/lista-de-personal-de-administracion-y-servicio-del-centro\/#breadcrumb"},"inLanguage":"es-ES","potentialAction":[{"@type":"ReadAction","target":["https:\/\/www.uhu.es\/etsi\/informacion-academica\/informacion-comun-todos-los-titulos\/lista-de-personal-de-administracion-y-servicio-del-centro\/"]}]},{"@type":"BreadcrumbList","@id":"https:\/\/www.uhu.es\/etsi\/informacion-academica\/informacion-comun-todos-los-titulos\/lista-de-personal-de-administracion-y-servicio-del-centro\/#breadcrumb","itemListElement":[{"@type":"ListItem","position":1,"name":"Portada","item":"https:\/\/www.uhu.es\/etsi\/"},{"@type":"ListItem","position":2,"name":"Informaci\u00f3n Acad\u00e9mica","item":"https:\/\/www.uhu.es\/etsi\/informacion-academica\/"},{"@type":"ListItem","position":3,"name":"Informaci\u00f3n Com\u00fan a todos los T\u00edtulos","item":"https:\/\/www.uhu.es\/etsi\/informacion-academica\/informacion-comun-todos-los-titulos\/"},{"@type":"ListItem","position":4,"name":"Lista de Personal de Administraci\u00f3n y Servicio del Centro"}]},{"@type":"WebSite","@id":"https:\/\/www.uhu.es\/etsi\/#website","url":"https:\/\/www.uhu.es\/etsi\/","name":"ETSI, UHU","description":"Escuela T\u00e9cnica Superior de  Ingenier\u00eda de la Universidad de Huelva","publisher":{"@id":"https:\/\/www.uhu.es\/etsi\/#organization"},"potentialAction":[{"@type":"SearchAction","target":{"@type":"EntryPoint","urlTemplate":"https:\/\/www.uhu.es\/etsi\/?s={search_term_string}"},"query-input":"required name=search_term_string"}],"inLanguage":"es-ES"},{"@type":"Organization","@id":"https:\/\/www.uhu.es\/etsi\/#organization","name":"UHU ETSI","url":"https:\/\/www.uhu.es\/etsi\/","logo":{"@type":"ImageObject","inLanguage":"es-ES","@id":"https:\/\/www.uhu.es\/etsi\/#\/schema\/logo\/image\/","url":"http:\/\/www.uhu.es\/etsi\/wp-content\/uploads\/2016\/02\/membrete_ETSI.jpg","contentUrl":"http:\/\/www.uhu.es\/etsi\/wp-content\/uploads\/2016\/02\/membrete_ETSI.jpg","width":423,"height":81,"caption":"UHU ETSI"},"image":{"@id":"https:\/\/www.uhu.es\/etsi\/#\/schema\/logo\/image\/"}}]}},"_links":{"self":[{"href":"https:\/\/www.uhu.es\/etsi\/wp-json\/wp\/v2\/pages\/22367"}],"collection":[{"href":"https:\/\/www.uhu.es\/etsi\/wp-json\/wp\/v2\/pages"}],"about":[{"href":"https:\/\/www.uhu.es\/etsi\/wp-json\/wp\/v2\/types\/page"}],"author":[{"embeddable":true,"href":"https:\/\/www.uhu.es\/etsi\/wp-json\/wp\/v2\/users\/7"}],"replies":[{"embeddable":true,"href":"https:\/\/www.uhu.es\/etsi\/wp-json\/wp\/v2\/comments?post=22367"}],"version-history":[{"count":15,"href":"https:\/\/www.uhu.es\/etsi\/wp-json\/wp\/v2\/pages\/22367\/revisions"}],"predecessor-version":[{"id":23197,"href":"https:\/\/www.uhu.es\/etsi\/wp-json\/wp\/v2\/pages\/22367\/revisions\/23197"}],"up":[{"embeddable":true,"href":"https:\/\/www.uhu.es\/etsi\/wp-json\/wp\/v2\/pages\/6951"}],"wp:attachment":[{"href":"https:\/\/www.uhu.es\/etsi\/wp-json\/wp\/v2\/media?parent=22367"}],"curies":[{"name":"wp","href":"https:\/\/api.w.org\/{rel}","templated":true}]}}