{"id":22419,"date":"2022-10-14T09:17:57","date_gmt":"2022-10-14T08:17:57","guid":{"rendered":"http:\/\/www.uhu.es\/etsi\/?page_id=22419"},"modified":"2022-10-14T09:17:57","modified_gmt":"2022-10-14T08:17:57","slug":"procedimiento-seguimiento-practicas-externas","status":"publish","type":"page","link":"https:\/\/www.uhu.es\/etsi\/estudiantes-2\/practicas-en-empresas\/procedimiento-seguimiento-practicas-externas\/","title":{"rendered":"Procedimiento seguimiento pr\u00e1cticas externas"},"content":{"rendered":"<p><span class=\"fontstyle0\">El Reglamento de Pr\u00e1cticas Externas de la Universidad de Huelva(<a href=\"http:\/\/www.uhu.es\/sec.general\/Normativa\/Texto_Normativa\/reglamento_de_pr%C3%A1cticas_acad%C3%A9micas_externas_de_la_universidad_de_huelva.pdf\">Enlace<\/a>) regula todos los aspectosinvolucrados en la realizaci\u00f3n de pr\u00e1cticas externas en empresas. Por otra parte, el Plan de Estudios del Grado\/Master ofrece al estudiante la posibilidad del reconocimiento de cr\u00e9ditos optativos por la realizaci\u00f3n de pr\u00e1cticas externas en empresas y, por tanto, la realizaci\u00f3n de las mismas tiene car\u00e1cter voluntario para el estudiante. De esta forma, las pr\u00e1cticas se integran en la Modalidad de Pr\u00e1cticas Extracurriculares. La evaluaci\u00f3n de las competencias adquiridas por los alumnos se realizar\u00e1 mediante un informe personalizado de cada alumno, que deber\u00e1 ser emitido por la empresa en la que hayan sido realizadas las pr\u00e1cticas. A partir de este informe, el \u00c1rea de Pr\u00e1cticas del Servicio de Orientaci\u00f3n, Informaci\u00f3n, Pr\u00e1cticas para el Empleo y Autoempleo (SOIPEA) emite un certificado en el que se hace constar el periodo de pr\u00e1cticas y la duraci\u00f3n de las mismas. Este se utilizar\u00e1 para materializar el reconocimiento de pr\u00e1cticas siguiendo los criterios de equivalencia que a continuaci\u00f3n se indican:<\/span><\/p>\n<p><span class=\"fontstyle0\"><br \/>\n&#8211; Se reconocer\u00e1 un cr\u00e9dito por cada 25 horas de pr\u00e1cticas (hasta un m\u00e1ximo de 6; para el caso de m\u00e1steres consultar su memoria de verificaci\u00f3n).<br \/>\n&#8211; Para el c\u00f3mputo no se contemplar\u00e1n per\u00edodos de pr\u00e1cticas inferiores a 15 d\u00edas.<br \/>\n&#8211; Los cr\u00e9ditos obtenidos se incorporar\u00e1n con la calificaci\u00f3n de apto en el expediente del<br \/>\nestudiante y no se tendr\u00e1n en cuenta en el c\u00e1lculo de la nota media del expediente<\/span><\/p>\n<p><span class=\"fontstyle0\"><br \/>\nDe acuerdo al RD 592\/2014, de 11 de julio, por el que se regulan las pr\u00e1cticas externas de los estudiantes, se establece una tutorizaci\u00f3n de estas, que se realizar\u00e1 a trav\u00e9s de un tutor de la entidad colaboradora, y el personal t\u00e9cnico de SOIPEA. El seguimiento de \u00e9stas se realizar\u00e1 a trav\u00e9s de una memoria de actividades y encuestas por parte del estudiante, emitiendo al final de las pr\u00e1cticas, el tutor de la entidad colaboradora, un informe que ser\u00e1 remitido a SOIPEA, parala acreditaci\u00f3n de las mismas. Adem\u00e1s, y atendiendo a las recomendaciones realizadas en los correspondientes informes de renovaci\u00f3n de la acreditaci\u00f3n por la Direcci\u00f3n de Evaluaci\u00f3n y Acreditaci\u00f3n de la Agencia Andaluza del Conocimiento de la Junta de Andaluc\u00eda, la Escuela T\u00e9cnica Superior de Ingenier\u00eda de la Universidad de Huelva, en aras de asegurar la calidad docente en cada una de sus titulaciones y de realizar un seguimiento de las pr\u00e1cticas externas que realizan sus estudiantes, pondr\u00e1 en marcha las siguientes acciones:<\/span><\/p>\n<p><span class=\"fontstyle0\"><br \/>\n1. Creaci\u00f3n de la figura de Coordinador\/a de Pr\u00e1cticas del Centro, que recaer\u00e1 en la Subdirecci\u00f3n con competencias en pr\u00e1cticas externas, y cuya funci\u00f3n principal ser\u00e1 lade velar por la correcta y eficiente aplicaci\u00f3n del todo el programa de pr\u00e1cticas externas, ejerciendo una labor de coordinaci\u00f3n entre todas las titulaciones del Centro.<\/span><\/p>\n<p><span class=\"fontstyle0\">2. Creaci\u00f3n de la Comisi\u00f3n Acad\u00e9mica de Pr\u00e1cticas del Centro. La Comisi\u00f3n Acad\u00e9mica<br \/>\nde Pr\u00e1cticas tendr\u00e1 la siguiente composici\u00f3n: <\/span><\/p>\n<p><span class=\"fontstyle0\">\u00a0\u00a0\u00a0\u00a0\u00a0\u00a0 <\/span><span class=\"fontstyle2\">\u2022 <\/span><span class=\"fontstyle0\">Presidente: Director o subdirector con competencias en materia de pr\u00e1cticas externas<\/span><\/p>\n<p><span class=\"fontstyle2\">\u00a0\u00a0\u00a0\u00a0\u00a0 \u2022 <\/span><span class=\"fontstyle0\">Elegidos entre los miembros de la Junta de Centro: un representante de cada uno de los Grados y de cada uno de los M\u00e1steres que se imparten en la ETSI.<\/span><\/p>\n<p><span class=\"fontstyle0\"><br \/>\n3. Las funciones principales de esta Comisi\u00f3n ser\u00e1 la de ejercer la supervisi\u00f3n acad\u00e9mica ygestionar la atenci\u00f3n docente de las pr\u00e1cticas realizadas en el \u00e1mbito de cada titulaci\u00f3n.<\/span><\/p>\n<p><span class=\"fontstyle0\"><br \/>\n4. Durante el desarrollo y a la finalizaci\u00f3n de las pr\u00e1cticas, el tutor de la empresa y el estudiante emitir\u00e1n un informe sobre su estancia en la empresa que ser\u00e1 evaluado por la Comisi\u00f3n Acad\u00e9mica de Pr\u00e1cticas Externas (ver modelos adjuntos).<\/span><\/p>\n<p><span class=\"fontstyle0\"><br \/>\n5. Estos informes de seguimiento y final de la actividad pr\u00e1ctica ser\u00e1n analizados por la Comisi\u00f3n Acad\u00e9mica de Pr\u00e1cticas del Centro para conceder el visto bueno al reconocimientode cr\u00e9ditos por la realizaci\u00f3n de las pr\u00e1cticas externas en empresas. De esta forma, s\u00f3lo se reconocer\u00e1n las pr\u00e1cticas de empresas que se ajusten a lo indicado anteriormente y est\u00e9n relacionadas con el nivel y las competencias que debe adquirir el estudiante en la titulaci\u00f3n que est\u00e9 cursando.<\/span><\/p>\n","protected":false},"excerpt":{"rendered":"<p>El Reglamento de Pr\u00e1cticas Externas de la Universidad de Huelva(Enlace) regula todos los aspectosinvolucrados en la realizaci\u00f3n de pr\u00e1cticas externas &#8230; <\/p>\n<div><a href=\"https:\/\/www.uhu.es\/etsi\/estudiantes-2\/practicas-en-empresas\/procedimiento-seguimiento-practicas-externas\/\" class=\"more-link\">Read More<\/a><\/div>\n","protected":false},"author":7,"featured_media":0,"parent":15847,"menu_order":0,"comment_status":"closed","ping_status":"closed","template":"template-layout-full-width.php","meta":[],"yoast_head":"<!-- This site is optimized with the Yoast SEO plugin v20.2.1 - https:\/\/yoast.com\/wordpress\/plugins\/seo\/ -->\n<title>Procedimiento seguimiento pr\u00e1cticas externas - ETSI, UHU<\/title>\n<meta name=\"robots\" content=\"index, follow, max-snippet:-1, max-image-preview:large, max-video-preview:-1\" \/>\n<link rel=\"canonical\" href=\"https:\/\/www.uhu.es\/etsi\/estudiantes-2\/practicas-en-empresas\/procedimiento-seguimiento-practicas-externas\/\" \/>\n<meta property=\"og:locale\" content=\"es_ES\" \/>\n<meta property=\"og:type\" content=\"article\" \/>\n<meta property=\"og:title\" content=\"Procedimiento seguimiento pr\u00e1cticas externas - ETSI, UHU\" \/>\n<meta property=\"og:description\" content=\"El Reglamento de Pr\u00e1cticas Externas de la Universidad de Huelva(Enlace) regula todos los aspectosinvolucrados en la realizaci\u00f3n de pr\u00e1cticas externas ... Read More\" \/>\n<meta property=\"og:url\" content=\"https:\/\/www.uhu.es\/etsi\/estudiantes-2\/practicas-en-empresas\/procedimiento-seguimiento-practicas-externas\/\" \/>\n<meta property=\"og:site_name\" content=\"ETSI, UHU\" \/>\n<meta name=\"twitter:label1\" content=\"Est. reading time\" \/>\n\t<meta name=\"twitter:data1\" content=\"4 minutes\" \/>\n<script type=\"application\/ld+json\" class=\"yoast-schema-graph\">{\"@context\":\"https:\/\/schema.org\",\"@graph\":[{\"@type\":\"WebPage\",\"@id\":\"https:\/\/www.uhu.es\/etsi\/estudiantes-2\/practicas-en-empresas\/procedimiento-seguimiento-practicas-externas\/\",\"url\":\"https:\/\/www.uhu.es\/etsi\/estudiantes-2\/practicas-en-empresas\/procedimiento-seguimiento-practicas-externas\/\",\"name\":\"Procedimiento seguimiento pr\u00e1cticas externas - ETSI, UHU\",\"isPartOf\":{\"@id\":\"https:\/\/www.uhu.es\/etsi\/#website\"},\"datePublished\":\"2022-10-14T08:17:57+00:00\",\"dateModified\":\"2022-10-14T08:17:57+00:00\",\"breadcrumb\":{\"@id\":\"https:\/\/www.uhu.es\/etsi\/estudiantes-2\/practicas-en-empresas\/procedimiento-seguimiento-practicas-externas\/#breadcrumb\"},\"inLanguage\":\"es-ES\",\"potentialAction\":[{\"@type\":\"ReadAction\",\"target\":[\"https:\/\/www.uhu.es\/etsi\/estudiantes-2\/practicas-en-empresas\/procedimiento-seguimiento-practicas-externas\/\"]}]},{\"@type\":\"BreadcrumbList\",\"@id\":\"https:\/\/www.uhu.es\/etsi\/estudiantes-2\/practicas-en-empresas\/procedimiento-seguimiento-practicas-externas\/#breadcrumb\",\"itemListElement\":[{\"@type\":\"ListItem\",\"position\":1,\"name\":\"Portada\",\"item\":\"https:\/\/www.uhu.es\/etsi\/\"},{\"@type\":\"ListItem\",\"position\":2,\"name\":\"Estudiantes\",\"item\":\"https:\/\/www.uhu.es\/etsi\/estudiantes-2\/\"},{\"@type\":\"ListItem\",\"position\":3,\"name\":\"Pr\u00e1cticas en Empresas\",\"item\":\"https:\/\/www.uhu.es\/etsi\/estudiantes-2\/practicas-en-empresas\/\"},{\"@type\":\"ListItem\",\"position\":4,\"name\":\"Procedimiento seguimiento pr\u00e1cticas externas\"}]},{\"@type\":\"WebSite\",\"@id\":\"https:\/\/www.uhu.es\/etsi\/#website\",\"url\":\"https:\/\/www.uhu.es\/etsi\/\",\"name\":\"ETSI, UHU\",\"description\":\"Escuela T\u00e9cnica Superior de  Ingenier\u00eda de la Universidad de Huelva\",\"publisher\":{\"@id\":\"https:\/\/www.uhu.es\/etsi\/#organization\"},\"potentialAction\":[{\"@type\":\"SearchAction\",\"target\":{\"@type\":\"EntryPoint\",\"urlTemplate\":\"https:\/\/www.uhu.es\/etsi\/?s={search_term_string}\"},\"query-input\":\"required name=search_term_string\"}],\"inLanguage\":\"es-ES\"},{\"@type\":\"Organization\",\"@id\":\"https:\/\/www.uhu.es\/etsi\/#organization\",\"name\":\"UHU ETSI\",\"url\":\"https:\/\/www.uhu.es\/etsi\/\",\"logo\":{\"@type\":\"ImageObject\",\"inLanguage\":\"es-ES\",\"@id\":\"https:\/\/www.uhu.es\/etsi\/#\/schema\/logo\/image\/\",\"url\":\"http:\/\/www.uhu.es\/etsi\/wp-content\/uploads\/2016\/02\/membrete_ETSI.jpg\",\"contentUrl\":\"http:\/\/www.uhu.es\/etsi\/wp-content\/uploads\/2016\/02\/membrete_ETSI.jpg\",\"width\":423,\"height\":81,\"caption\":\"UHU ETSI\"},\"image\":{\"@id\":\"https:\/\/www.uhu.es\/etsi\/#\/schema\/logo\/image\/\"}}]}<\/script>\n<!-- \/ Yoast SEO plugin. -->","yoast_head_json":{"title":"Procedimiento seguimiento pr\u00e1cticas externas - ETSI, UHU","robots":{"index":"index","follow":"follow","max-snippet":"max-snippet:-1","max-image-preview":"max-image-preview:large","max-video-preview":"max-video-preview:-1"},"canonical":"https:\/\/www.uhu.es\/etsi\/estudiantes-2\/practicas-en-empresas\/procedimiento-seguimiento-practicas-externas\/","og_locale":"es_ES","og_type":"article","og_title":"Procedimiento seguimiento pr\u00e1cticas externas - ETSI, UHU","og_description":"El Reglamento de Pr\u00e1cticas Externas de la Universidad de Huelva(Enlace) regula todos los aspectosinvolucrados en la realizaci\u00f3n de pr\u00e1cticas externas ... Read More","og_url":"https:\/\/www.uhu.es\/etsi\/estudiantes-2\/practicas-en-empresas\/procedimiento-seguimiento-practicas-externas\/","og_site_name":"ETSI, UHU","twitter_misc":{"Est. reading time":"4 minutes"},"schema":{"@context":"https:\/\/schema.org","@graph":[{"@type":"WebPage","@id":"https:\/\/www.uhu.es\/etsi\/estudiantes-2\/practicas-en-empresas\/procedimiento-seguimiento-practicas-externas\/","url":"https:\/\/www.uhu.es\/etsi\/estudiantes-2\/practicas-en-empresas\/procedimiento-seguimiento-practicas-externas\/","name":"Procedimiento seguimiento pr\u00e1cticas externas - ETSI, UHU","isPartOf":{"@id":"https:\/\/www.uhu.es\/etsi\/#website"},"datePublished":"2022-10-14T08:17:57+00:00","dateModified":"2022-10-14T08:17:57+00:00","breadcrumb":{"@id":"https:\/\/www.uhu.es\/etsi\/estudiantes-2\/practicas-en-empresas\/procedimiento-seguimiento-practicas-externas\/#breadcrumb"},"inLanguage":"es-ES","potentialAction":[{"@type":"ReadAction","target":["https:\/\/www.uhu.es\/etsi\/estudiantes-2\/practicas-en-empresas\/procedimiento-seguimiento-practicas-externas\/"]}]},{"@type":"BreadcrumbList","@id":"https:\/\/www.uhu.es\/etsi\/estudiantes-2\/practicas-en-empresas\/procedimiento-seguimiento-practicas-externas\/#breadcrumb","itemListElement":[{"@type":"ListItem","position":1,"name":"Portada","item":"https:\/\/www.uhu.es\/etsi\/"},{"@type":"ListItem","position":2,"name":"Estudiantes","item":"https:\/\/www.uhu.es\/etsi\/estudiantes-2\/"},{"@type":"ListItem","position":3,"name":"Pr\u00e1cticas en Empresas","item":"https:\/\/www.uhu.es\/etsi\/estudiantes-2\/practicas-en-empresas\/"},{"@type":"ListItem","position":4,"name":"Procedimiento seguimiento pr\u00e1cticas externas"}]},{"@type":"WebSite","@id":"https:\/\/www.uhu.es\/etsi\/#website","url":"https:\/\/www.uhu.es\/etsi\/","name":"ETSI, UHU","description":"Escuela T\u00e9cnica Superior de  Ingenier\u00eda de la Universidad de Huelva","publisher":{"@id":"https:\/\/www.uhu.es\/etsi\/#organization"},"potentialAction":[{"@type":"SearchAction","target":{"@type":"EntryPoint","urlTemplate":"https:\/\/www.uhu.es\/etsi\/?s={search_term_string}"},"query-input":"required name=search_term_string"}],"inLanguage":"es-ES"},{"@type":"Organization","@id":"https:\/\/www.uhu.es\/etsi\/#organization","name":"UHU ETSI","url":"https:\/\/www.uhu.es\/etsi\/","logo":{"@type":"ImageObject","inLanguage":"es-ES","@id":"https:\/\/www.uhu.es\/etsi\/#\/schema\/logo\/image\/","url":"http:\/\/www.uhu.es\/etsi\/wp-content\/uploads\/2016\/02\/membrete_ETSI.jpg","contentUrl":"http:\/\/www.uhu.es\/etsi\/wp-content\/uploads\/2016\/02\/membrete_ETSI.jpg","width":423,"height":81,"caption":"UHU ETSI"},"image":{"@id":"https:\/\/www.uhu.es\/etsi\/#\/schema\/logo\/image\/"}}]}},"_links":{"self":[{"href":"https:\/\/www.uhu.es\/etsi\/wp-json\/wp\/v2\/pages\/22419"}],"collection":[{"href":"https:\/\/www.uhu.es\/etsi\/wp-json\/wp\/v2\/pages"}],"about":[{"href":"https:\/\/www.uhu.es\/etsi\/wp-json\/wp\/v2\/types\/page"}],"author":[{"embeddable":true,"href":"https:\/\/www.uhu.es\/etsi\/wp-json\/wp\/v2\/users\/7"}],"replies":[{"embeddable":true,"href":"https:\/\/www.uhu.es\/etsi\/wp-json\/wp\/v2\/comments?post=22419"}],"version-history":[{"count":1,"href":"https:\/\/www.uhu.es\/etsi\/wp-json\/wp\/v2\/pages\/22419\/revisions"}],"predecessor-version":[{"id":22420,"href":"https:\/\/www.uhu.es\/etsi\/wp-json\/wp\/v2\/pages\/22419\/revisions\/22420"}],"up":[{"embeddable":true,"href":"https:\/\/www.uhu.es\/etsi\/wp-json\/wp\/v2\/pages\/15847"}],"wp:attachment":[{"href":"https:\/\/www.uhu.es\/etsi\/wp-json\/wp\/v2\/media?parent=22419"}],"curies":[{"name":"wp","href":"https:\/\/api.w.org\/{rel}","templated":true}]}}