{"id":23250,"date":"2023-07-14T08:34:07","date_gmt":"2023-07-14T07:34:07","guid":{"rendered":"https:\/\/www.uhu.es\/etsi\/?page_id=23250"},"modified":"2023-09-28T09:32:14","modified_gmt":"2023-09-28T08:32:14","slug":"horarios-de-grupos-reducidos-curso-2023-24","status":"publish","type":"page","link":"https:\/\/www.uhu.es\/etsi\/informacion-academica\/informacion-comun-todos-los-titulos\/horarios-2\/horarios-de-grupos-reducidos-curso-2023-24\/","title":{"rendered":"Horarios de Grupos reducidos Curso 2023-24"},"content":{"rendered":"<p>\n<b>Warning<\/b>:  mysqli_query(): (42000\/1318): Incorrect number of arguments for FUNCTION APP_GESTION_CURSO.traduceId; expected 1, got 0 in <b>\/www\/etsi\/wp-content\/plugins\/exec-php\/includes\/runtime.php(42) : eval()&#8217;d code<\/b> on line <b>71<\/b><\/p>\n<p><b>Warning<\/b>:  mysqli_fetch_array() expects parameter 1 to be mysqli_result, bool given in <b>\/www\/etsi\/wp-content\/plugins\/exec-php\/includes\/runtime.php(42) : eval()&#8217;d code<\/b> on line <b>72<\/b><\/p>\n<p><b>Warning<\/b>:  mysqli_query(): (42000\/1318): Incorrect number of arguments for FUNCTION APP_GESTION_CURSO.traduceId; expected 1, got 0 in <b>\/www\/etsi\/wp-content\/plugins\/exec-php\/includes\/runtime.php(42) : eval()&#8217;d code<\/b> on line <b>73<\/b><\/p>\n<p><b>Warning<\/b>:  mysqli_fetch_array() expects parameter 1 to be mysqli_result, bool given in <b>\/www\/etsi\/wp-content\/plugins\/exec-php\/includes\/runtime.php(42) : eval()&#8217;d code<\/b> on line <b>76<\/b><\/p>\n<p>Horarios de Grupos reducidos. Curso 2023-24<\/p>\n<div  class=\"x-alert x-alert-warning x-alert-block\" >\n<p><strong>NOTA: <\/strong> Los horarios por asignatura solo pueden visualizarse mediante el navegador Mozilla Firefox.<\/p>\n<\/div>\n<table width='80%' align='center' cellspacing='0' class='celdabordesupizq'>\n<tr>\n<td colspan='6'>\n<div align='center'><span class='titceldas Estilo8'>1 \u00ba CURSO<\/span><\/div>\n<\/td>\n<\/tr>\n<tr>\n<td><\/td>\n<\/tr>\n<tr>\n<td colspan='6'>\n<div align='left'><span class='titceldas Estilo9'>POR CUATRIMESTRES:<\/span><\/div>\n<\/td>\n<\/tr>\n<tr>\n<td colspan='6'>\n<ul>\n<li><a href='https:\/\/apppruebaetsi.uhu.es\/simplesaml\/app_gestion_cursos\/Grupos_reducidos\/HorarioGR_coordinadores_sub\/xml\/plantilla_xml.php?tit=&#038;year=2023&#038;cuatr=1#1-1'>Horario 1\u00ba cuatrimestre<\/a><\/li>\n<li><a href='https:\/\/apppruebaetsi.uhu.es\/simplesaml\/app_gestion_cursos\/Grupos_reducidos\/HorarioGR_coordinadores_sub\/xml\/plantilla_xml.php?tit=&#038;year=2023&#038;cuatr=1#1-2'>Horario 2\u00ba cuatrimestre<\/a><\/li>\n<\/ul>\n<\/td>\n<\/tr>\n<p>\n<b>Warning<\/b>:  mysqli_num_rows() expects parameter 1 to be mysqli_result, bool given in <b>\/www\/etsi\/wp-content\/plugins\/exec-php\/includes\/runtime.php(42) : eval()&#8217;d code<\/b> on line <b>163<\/b><\/p>\n<tr>\n<td colspan='6' align='center'>(si detectas que alguno de estos horarios no coinciden con el horario oficial por cuatrimestre<br \/>se ruega lo comuniques a  <a href='mailto:sub.estudios@etsi.uhu.es'>sub.estudios@etsi.uhu.es<\/a>)<\/td>\n<\/tr>\n<tr>\n<td><\/td>\n<\/tr>\n<tr>\n<td colspan='6'>\n<div align='center'><span class='titceldas Estilo8'>2 \u00ba CURSO<\/span><\/div>\n<\/td>\n<\/tr>\n<tr>\n<td><\/td>\n<\/tr>\n<tr>\n<td colspan='6'>\n<div align='left'><span class='titceldas Estilo9'>POR CUATRIMESTRES:<\/span><\/div>\n<\/td>\n<\/tr>\n<tr>\n<td colspan='6'>\n<ul>\n<li><a href='https:\/\/apppruebaetsi.uhu.es\/simplesaml\/app_gestion_cursos\/Grupos_reducidos\/HorarioGR_coordinadores_sub\/xml\/plantilla_xml.php?tit=&#038;year=2023&#038;cuatr=1#2-1'>Horario 1\u00ba cuatrimestre<\/a><\/li>\n<li><a href='https:\/\/apppruebaetsi.uhu.es\/simplesaml\/app_gestion_cursos\/Grupos_reducidos\/HorarioGR_coordinadores_sub\/xml\/plantilla_xml.php?tit=&#038;year=2023&#038;cuatr=1#2-2'>Horario 2\u00ba cuatrimestre<\/a><\/li>\n<\/ul>\n<\/td>\n<\/tr>\n<p>\n<b>Warning<\/b>:  mysqli_num_rows() expects parameter 1 to be mysqli_result, bool given in <b>\/www\/etsi\/wp-content\/plugins\/exec-php\/includes\/runtime.php(42) : eval()&#8217;d code<\/b> on line <b>163<\/b><\/p>\n<tr>\n<td colspan='6' align='center'>(si detectas que alguno de estos horarios no coinciden con el horario oficial por cuatrimestre<br \/>se ruega lo comuniques a  <a href='mailto:sub.estudios@etsi.uhu.es'>sub.estudios@etsi.uhu.es<\/a>)<\/td>\n<\/tr>\n<tr>\n<td><\/td>\n<\/tr>\n<tr>\n<td colspan='6'>\n<div align='center'><span class='titceldas Estilo8'>3 \u00ba CURSO<\/span><\/div>\n<\/td>\n<\/tr>\n<tr>\n<td><\/td>\n<\/tr>\n<tr>\n<td colspan='6'>\n<div align='left'><span class='titceldas Estilo9'>POR CUATRIMESTRES:<\/span><\/div>\n<\/td>\n<\/tr>\n<tr>\n<td colspan='6'>\n<ul>\n<li><a href='https:\/\/apppruebaetsi.uhu.es\/simplesaml\/app_gestion_cursos\/Grupos_reducidos\/HorarioGR_coordinadores_sub\/xml\/plantilla_xml.php?tit=&#038;year=2023&#038;cuatr=1#3-1'>Horario 1\u00ba cuatrimestre<\/a><\/li>\n<li><a href='https:\/\/apppruebaetsi.uhu.es\/simplesaml\/app_gestion_cursos\/Grupos_reducidos\/HorarioGR_coordinadores_sub\/xml\/plantilla_xml.php?tit=&#038;year=2023&#038;cuatr=1#3-2'>Horario 2\u00ba cuatrimestre<\/a><\/li>\n<\/ul>\n<\/td>\n<\/tr>\n<p>\n<b>Warning<\/b>:  mysqli_num_rows() expects parameter 1 to be mysqli_result, bool given in <b>\/www\/etsi\/wp-content\/plugins\/exec-php\/includes\/runtime.php(42) : eval()&#8217;d code<\/b> on line <b>163<\/b><\/p>\n<tr>\n<td colspan='6' align='center'>(si detectas que alguno de estos horarios no coinciden con el horario oficial por cuatrimestre<br \/>se ruega lo comuniques a  <a href='mailto:sub.estudios@etsi.uhu.es'>sub.estudios@etsi.uhu.es<\/a>)<\/td>\n<\/tr>\n<tr>\n<td><\/td>\n<\/tr>\n<tr>\n<td colspan='6'>\n<div align='center'><span class='titceldas Estilo8'>4 \u00ba CURSO<\/span><\/div>\n<\/td>\n<\/tr>\n<tr>\n<td><\/td>\n<\/tr>\n<tr>\n<td colspan='6'>\n<div align='left'><span class='titceldas Estilo9'>POR CUATRIMESTRES:<\/span><\/div>\n<\/td>\n<\/tr>\n<tr>\n<td colspan='6'>\n<ul>\n<li><a href='https:\/\/apppruebaetsi.uhu.es\/simplesaml\/app_gestion_cursos\/Grupos_reducidos\/HorarioGR_coordinadores_sub\/xml\/plantilla_xml.php?tit=&#038;year=2023&#038;cuatr=1#4-1'>Horario 1\u00ba cuatrimestre<\/a><\/li>\n<li><a href='https:\/\/apppruebaetsi.uhu.es\/simplesaml\/app_gestion_cursos\/Grupos_reducidos\/HorarioGR_coordinadores_sub\/xml\/plantilla_xml.php?tit=&#038;year=2023&#038;cuatr=1#4-2'>Horario 2\u00ba cuatrimestre<\/a><\/li>\n<\/ul>\n<\/td>\n<\/tr>\n<p>\n<b>Warning<\/b>:  mysqli_num_rows() expects parameter 1 to be mysqli_result, bool given in <b>\/www\/etsi\/wp-content\/plugins\/exec-php\/includes\/runtime.php(42) : eval()&#8217;d code<\/b> on line <b>163<\/b><\/p>\n<tr>\n<td colspan='6' align='center'>(si detectas que alguno de estos horarios no coinciden con el horario oficial por cuatrimestre<br \/>se ruega lo comuniques a  <a href='mailto:sub.estudios@etsi.uhu.es'>sub.estudios@etsi.uhu.es<\/a>)<\/td>\n<\/tr>\n<tr>\n<td><\/td>\n<\/tr>\n<\/table>\n<p><\/p>\n<table width='30%' align='center' cellspacing='0' class='celdabordesupizq'>\n<tr>\n<td colspan='6'>\n<div align='left'><span class='titceldas Estilo8'>Leyenda:<\/span><\/div>\n<\/td>\n<\/tr>\n<tr>\n<td colspan='6'>\n<div align='left'><span class='txtnormal'>Temp.: Temporalidad<\/span><\/div>\n<\/td>\n<\/tr>\n<tr>\n<td colspan='6'>\n<div align='left'><span class='txtnormal'>Obl.: Obligatoria<\/span><\/div>\n<\/td>\n<\/tr>\n<tr>\n<td colspan='6'>\n<div align='left'><span class='txtnormal'>Opt: Optativa<\/span><\/div>\n<\/td>\n<\/tr>\n<tr>\n<td colspan='6'>\n<div align='left'><span class='txtnormal'>A: Anual<\/span><\/div>\n<\/td>\n<\/tr>\n<tr>\n<td colspan='6'>\n<div align='left'><span class='txtnormal'>*: Com\u00fan a todos los itinerarios<\/span><\/div>\n<\/td>\n<\/tr>\n<\/table>\n<p><\/p>\n","protected":false},"excerpt":{"rendered":"<p>Warning: mysqli_query(): (42000\/1318): Incorrect number of arguments for FUNCTION APP_GESTION_CURSO.traduceId; expected 1, got 0 in \/www\/etsi\/wp-content\/plugins\/exec-php\/includes\/runtime.php(42) : eval()&#8217;d code on &#8230; <\/p>\n<div><a href=\"https:\/\/www.uhu.es\/etsi\/informacion-academica\/informacion-comun-todos-los-titulos\/horarios-2\/horarios-de-grupos-reducidos-curso-2023-24\/\" class=\"more-link\">Read More<\/a><\/div>\n","protected":false},"author":7,"featured_media":0,"parent":14403,"menu_order":0,"comment_status":"closed","ping_status":"closed","template":"template-layout-full-width.php","meta":[],"yoast_head":"<!-- This site is optimized with the Yoast SEO plugin v20.2.1 - https:\/\/yoast.com\/wordpress\/plugins\/seo\/ -->\n<title>Horarios de Grupos reducidos Curso 2023-24 - ETSI, UHU<\/title>\n<meta name=\"robots\" content=\"index, follow, max-snippet:-1, max-image-preview:large, max-video-preview:-1\" \/>\n<link rel=\"canonical\" href=\"https:\/\/www.uhu.es\/etsi\/informacion-academica\/informacion-comun-todos-los-titulos\/horarios-2\/horarios-de-grupos-reducidos-curso-2023-24\/\" \/>\n<meta property=\"og:locale\" content=\"es_ES\" \/>\n<meta property=\"og:type\" content=\"article\" \/>\n<meta property=\"og:title\" content=\"Horarios de Grupos reducidos Curso 2023-24 - ETSI, UHU\" \/>\n<meta property=\"og:description\" content=\"Warning: mysqli_query(): (42000\/1318): Incorrect number of arguments for FUNCTION APP_GESTION_CURSO.traduceId; expected 1, got 0 in \/www\/etsi\/wp-content\/plugins\/exec-php\/includes\/runtime.php(42) : eval()&#8217;d code on ... Read More\" \/>\n<meta property=\"og:url\" content=\"https:\/\/www.uhu.es\/etsi\/informacion-academica\/informacion-comun-todos-los-titulos\/horarios-2\/horarios-de-grupos-reducidos-curso-2023-24\/\" \/>\n<meta property=\"og:site_name\" content=\"ETSI, UHU\" \/>\n<meta property=\"article:modified_time\" content=\"2023-09-28T08:32:14+00:00\" \/>\n<meta name=\"twitter:label1\" content=\"Est. reading time\" \/>\n\t<meta name=\"twitter:data1\" content=\"2 minutes\" \/>\n<script type=\"application\/ld+json\" class=\"yoast-schema-graph\">{\"@context\":\"https:\/\/schema.org\",\"@graph\":[{\"@type\":\"WebPage\",\"@id\":\"https:\/\/www.uhu.es\/etsi\/informacion-academica\/informacion-comun-todos-los-titulos\/horarios-2\/horarios-de-grupos-reducidos-curso-2023-24\/\",\"url\":\"https:\/\/www.uhu.es\/etsi\/informacion-academica\/informacion-comun-todos-los-titulos\/horarios-2\/horarios-de-grupos-reducidos-curso-2023-24\/\",\"name\":\"Horarios de Grupos reducidos Curso 2023-24 - ETSI, UHU\",\"isPartOf\":{\"@id\":\"https:\/\/www.uhu.es\/etsi\/#website\"},\"datePublished\":\"2023-07-14T07:34:07+00:00\",\"dateModified\":\"2023-09-28T08:32:14+00:00\",\"breadcrumb\":{\"@id\":\"https:\/\/www.uhu.es\/etsi\/informacion-academica\/informacion-comun-todos-los-titulos\/horarios-2\/horarios-de-grupos-reducidos-curso-2023-24\/#breadcrumb\"},\"inLanguage\":\"es-ES\",\"potentialAction\":[{\"@type\":\"ReadAction\",\"target\":[\"https:\/\/www.uhu.es\/etsi\/informacion-academica\/informacion-comun-todos-los-titulos\/horarios-2\/horarios-de-grupos-reducidos-curso-2023-24\/\"]}]},{\"@type\":\"BreadcrumbList\",\"@id\":\"https:\/\/www.uhu.es\/etsi\/informacion-academica\/informacion-comun-todos-los-titulos\/horarios-2\/horarios-de-grupos-reducidos-curso-2023-24\/#breadcrumb\",\"itemListElement\":[{\"@type\":\"ListItem\",\"position\":1,\"name\":\"Portada\",\"item\":\"https:\/\/www.uhu.es\/etsi\/\"},{\"@type\":\"ListItem\",\"position\":2,\"name\":\"Informaci\u00f3n Acad\u00e9mica\",\"item\":\"https:\/\/www.uhu.es\/etsi\/informacion-academica\/\"},{\"@type\":\"ListItem\",\"position\":3,\"name\":\"Informaci\u00f3n Com\u00fan a todos los T\u00edtulos\",\"item\":\"https:\/\/www.uhu.es\/etsi\/informacion-academica\/informacion-comun-todos-los-titulos\/\"},{\"@type\":\"ListItem\",\"position\":4,\"name\":\"Horarios de Clases y Tutor\u00edas\",\"item\":\"https:\/\/www.uhu.es\/etsi\/informacion-academica\/informacion-comun-todos-los-titulos\/horarios-2\/\"},{\"@type\":\"ListItem\",\"position\":5,\"name\":\"Horarios de Grupos reducidos Curso 2023-24\"}]},{\"@type\":\"WebSite\",\"@id\":\"https:\/\/www.uhu.es\/etsi\/#website\",\"url\":\"https:\/\/www.uhu.es\/etsi\/\",\"name\":\"ETSI, UHU\",\"description\":\"Escuela T\u00e9cnica Superior de  Ingenier\u00eda de la Universidad de Huelva\",\"publisher\":{\"@id\":\"https:\/\/www.uhu.es\/etsi\/#organization\"},\"potentialAction\":[{\"@type\":\"SearchAction\",\"target\":{\"@type\":\"EntryPoint\",\"urlTemplate\":\"https:\/\/www.uhu.es\/etsi\/?s={search_term_string}\"},\"query-input\":\"required name=search_term_string\"}],\"inLanguage\":\"es-ES\"},{\"@type\":\"Organization\",\"@id\":\"https:\/\/www.uhu.es\/etsi\/#organization\",\"name\":\"UHU ETSI\",\"url\":\"https:\/\/www.uhu.es\/etsi\/\",\"logo\":{\"@type\":\"ImageObject\",\"inLanguage\":\"es-ES\",\"@id\":\"https:\/\/www.uhu.es\/etsi\/#\/schema\/logo\/image\/\",\"url\":\"http:\/\/www.uhu.es\/etsi\/wp-content\/uploads\/2016\/02\/membrete_ETSI.jpg\",\"contentUrl\":\"http:\/\/www.uhu.es\/etsi\/wp-content\/uploads\/2016\/02\/membrete_ETSI.jpg\",\"width\":423,\"height\":81,\"caption\":\"UHU ETSI\"},\"image\":{\"@id\":\"https:\/\/www.uhu.es\/etsi\/#\/schema\/logo\/image\/\"}}]}<\/script>\n<!-- \/ Yoast SEO plugin. -->","yoast_head_json":{"title":"Horarios de Grupos reducidos Curso 2023-24 - ETSI, UHU","robots":{"index":"index","follow":"follow","max-snippet":"max-snippet:-1","max-image-preview":"max-image-preview:large","max-video-preview":"max-video-preview:-1"},"canonical":"https:\/\/www.uhu.es\/etsi\/informacion-academica\/informacion-comun-todos-los-titulos\/horarios-2\/horarios-de-grupos-reducidos-curso-2023-24\/","og_locale":"es_ES","og_type":"article","og_title":"Horarios de Grupos reducidos Curso 2023-24 - ETSI, UHU","og_description":"Warning: mysqli_query(): (42000\/1318): Incorrect number of arguments for FUNCTION APP_GESTION_CURSO.traduceId; expected 1, got 0 in \/www\/etsi\/wp-content\/plugins\/exec-php\/includes\/runtime.php(42) : eval()&#8217;d code on ... Read More","og_url":"https:\/\/www.uhu.es\/etsi\/informacion-academica\/informacion-comun-todos-los-titulos\/horarios-2\/horarios-de-grupos-reducidos-curso-2023-24\/","og_site_name":"ETSI, UHU","article_modified_time":"2023-09-28T08:32:14+00:00","twitter_misc":{"Est. reading time":"2 minutes"},"schema":{"@context":"https:\/\/schema.org","@graph":[{"@type":"WebPage","@id":"https:\/\/www.uhu.es\/etsi\/informacion-academica\/informacion-comun-todos-los-titulos\/horarios-2\/horarios-de-grupos-reducidos-curso-2023-24\/","url":"https:\/\/www.uhu.es\/etsi\/informacion-academica\/informacion-comun-todos-los-titulos\/horarios-2\/horarios-de-grupos-reducidos-curso-2023-24\/","name":"Horarios de Grupos reducidos Curso 2023-24 - ETSI, UHU","isPartOf":{"@id":"https:\/\/www.uhu.es\/etsi\/#website"},"datePublished":"2023-07-14T07:34:07+00:00","dateModified":"2023-09-28T08:32:14+00:00","breadcrumb":{"@id":"https:\/\/www.uhu.es\/etsi\/informacion-academica\/informacion-comun-todos-los-titulos\/horarios-2\/horarios-de-grupos-reducidos-curso-2023-24\/#breadcrumb"},"inLanguage":"es-ES","potentialAction":[{"@type":"ReadAction","target":["https:\/\/www.uhu.es\/etsi\/informacion-academica\/informacion-comun-todos-los-titulos\/horarios-2\/horarios-de-grupos-reducidos-curso-2023-24\/"]}]},{"@type":"BreadcrumbList","@id":"https:\/\/www.uhu.es\/etsi\/informacion-academica\/informacion-comun-todos-los-titulos\/horarios-2\/horarios-de-grupos-reducidos-curso-2023-24\/#breadcrumb","itemListElement":[{"@type":"ListItem","position":1,"name":"Portada","item":"https:\/\/www.uhu.es\/etsi\/"},{"@type":"ListItem","position":2,"name":"Informaci\u00f3n Acad\u00e9mica","item":"https:\/\/www.uhu.es\/etsi\/informacion-academica\/"},{"@type":"ListItem","position":3,"name":"Informaci\u00f3n Com\u00fan a todos los T\u00edtulos","item":"https:\/\/www.uhu.es\/etsi\/informacion-academica\/informacion-comun-todos-los-titulos\/"},{"@type":"ListItem","position":4,"name":"Horarios de Clases y Tutor\u00edas","item":"https:\/\/www.uhu.es\/etsi\/informacion-academica\/informacion-comun-todos-los-titulos\/horarios-2\/"},{"@type":"ListItem","position":5,"name":"Horarios de Grupos reducidos Curso 2023-24"}]},{"@type":"WebSite","@id":"https:\/\/www.uhu.es\/etsi\/#website","url":"https:\/\/www.uhu.es\/etsi\/","name":"ETSI, UHU","description":"Escuela T\u00e9cnica Superior de  Ingenier\u00eda de la Universidad de Huelva","publisher":{"@id":"https:\/\/www.uhu.es\/etsi\/#organization"},"potentialAction":[{"@type":"SearchAction","target":{"@type":"EntryPoint","urlTemplate":"https:\/\/www.uhu.es\/etsi\/?s={search_term_string}"},"query-input":"required name=search_term_string"}],"inLanguage":"es-ES"},{"@type":"Organization","@id":"https:\/\/www.uhu.es\/etsi\/#organization","name":"UHU ETSI","url":"https:\/\/www.uhu.es\/etsi\/","logo":{"@type":"ImageObject","inLanguage":"es-ES","@id":"https:\/\/www.uhu.es\/etsi\/#\/schema\/logo\/image\/","url":"http:\/\/www.uhu.es\/etsi\/wp-content\/uploads\/2016\/02\/membrete_ETSI.jpg","contentUrl":"http:\/\/www.uhu.es\/etsi\/wp-content\/uploads\/2016\/02\/membrete_ETSI.jpg","width":423,"height":81,"caption":"UHU ETSI"},"image":{"@id":"https:\/\/www.uhu.es\/etsi\/#\/schema\/logo\/image\/"}}]}},"_links":{"self":[{"href":"https:\/\/www.uhu.es\/etsi\/wp-json\/wp\/v2\/pages\/23250"}],"collection":[{"href":"https:\/\/www.uhu.es\/etsi\/wp-json\/wp\/v2\/pages"}],"about":[{"href":"https:\/\/www.uhu.es\/etsi\/wp-json\/wp\/v2\/types\/page"}],"author":[{"embeddable":true,"href":"https:\/\/www.uhu.es\/etsi\/wp-json\/wp\/v2\/users\/7"}],"replies":[{"embeddable":true,"href":"https:\/\/www.uhu.es\/etsi\/wp-json\/wp\/v2\/comments?post=23250"}],"version-history":[{"count":10,"href":"https:\/\/www.uhu.es\/etsi\/wp-json\/wp\/v2\/pages\/23250\/revisions"}],"predecessor-version":[{"id":23376,"href":"https:\/\/www.uhu.es\/etsi\/wp-json\/wp\/v2\/pages\/23250\/revisions\/23376"}],"up":[{"embeddable":true,"href":"https:\/\/www.uhu.es\/etsi\/wp-json\/wp\/v2\/pages\/14403"}],"wp:attachment":[{"href":"https:\/\/www.uhu.es\/etsi\/wp-json\/wp\/v2\/media?parent=23250"}],"curies":[{"name":"wp","href":"https:\/\/api.w.org\/{rel}","templated":true}]}}