{"id":23372,"date":"2023-09-27T11:25:57","date_gmt":"2023-09-27T10:25:57","guid":{"rendered":"https:\/\/www.uhu.es\/etsi\/?page_id=23372"},"modified":"2023-09-27T11:34:14","modified_gmt":"2023-09-27T10:34:14","slug":"formulario-plan-accion-tutorial-2023-faro","status":"publish","type":"page","link":"https:\/\/www.uhu.es\/etsi\/formulario-plan-accion-tutorial-2023-faro\/","title":{"rendered":"Formulario Plan Acci\u00f3n Tutorial 2023 Faro"},"content":{"rendered":"\n<p><!-- Formulario del taller --><\/p>\n<h5><u>Formulario de inscripci\u00f3n:<\/u><\/h5>\n<form class=\"formularini\" action=\"https:\/\/uhu.es\/etsi\/wp_formulario\/conexion_formulario_talleres.php\" enctype=\"text\" method=\"post\" name=\"formulariotipo\">\n<fieldset>\n<table style=\"border: none;\">\n<tbody>\n<tr>\n<td style=\"border: none;\"><label for=\"nombre\">*Nombre: <\/label><\/td>\n<td style=\"border: none;\"><input name=\"nombre\" required=\"\" size=\"75\" type=\"text\" placeholder=\"Nombre\" \/><\/td>\n<\/tr>\n<tr>\n<td style=\"border: none;\"><label for=\"apellidos\">*Apellidos: <\/label><\/td>\n<td style=\"border: none;\"><input name=\"apellidos\" required=\"\" size=\"75\" type=\"text\" placeholder=\"Apellidos\" \/><\/td>\n<\/tr>\n<tr>\n<td style=\"border: none;\"><label for=\"email\">*Correo: <\/label><\/td>\n<td style=\"border: none;\"><input name=\"email\" required=\"\" size=\"75\" type=\"text\" placeholder=\"example@mail.com\" \/><\/td>\n<\/tr>\n<tr>\n<td style=\"border: none;\"> <input type=\"hidden\" value=\"19\" name=\"id_formulario\" \/><\/td>\n<td style=\"border: none;\"> <input type=\"hidden\" value=\"Tutores Faro 2023 \" name=\"nombre_taller\" \/><\/td>\n<td style=\"border: none;\"> <input type=\"hidden\" value=\"formulario-plan-accion-tutorial-2023-faro\/ \" name=\"url\" \/><\/td>\n<td style=\"border: none;\"> <input type=\"hidden\" value=\"23 \" name=\"num_max_participantes\" \/><\/td>\n<td style=\"border: none;\"> <input type=\"hidden\" value=\"sub.estudiantes@etsi.uhu.es \" name=\"copia_correo\" \/><\/td>\n<\/tr>\n<tr>\n<td style=\"border:none;\"><label for=\"tit\">Grado en el que quieres tutorizar: <\/label> <\/td>\n<td style=\"border:none;\">\n\t<select id=\"campo1\" name=\"campo1\"><option value=\"\" selected=\"selected\">&#8211; selecciona &#8211;<\/option><option value=\"Grado en Ingenieria Agricola\">Grado en Ingenier\u00eda Agr\u00edcola<\/option><option value=\"Grado en Ingenieria Informatica\">Grado en Ingenier\u00eda Inform\u00e1tica<\/option><option value=\"Grado de Ingenieria Explotacion de Minas y Recuros Energeticos\">Grado de Ingenier\u00eda Explotaci\u00f3n de Minas y Recursos Energ\u00e9ticos<\/option><option value=\"Grado en Ingenieria Electrica\">Grado en Ingenier\u00eda El\u00e9ctrica<\/option><option value=\"Grado en Ingenieria Electronica Industrial\">Grado en Ingenier\u00eda Electr\u00f3nica Industrial<\/option><option value=\"Grado en Ingenieria Energetica\">Grado en Ingenier\u00eda Energ\u00e9tica<\/option><option value=\"Grado en Ingenieria Forestal y del Medio Natural\">Grado en Ingenier\u00eda Forestal y del Medio Natural<\/option><option value=\"Grado en Ingenieria Mecanica\">Grado en Ingenier\u00eda Mec\u00e1nica<\/option><option value=\"Grado en Ingenieria Quimica Industrial\">Grado en Ingenier\u00eda Qu\u00edmica Industrial<\/option><!--QUITAMOS MATERS PARA 2020-21 \n<option value=\"Master Oficial en Ingenieria Industrial\">M\u00e1ster Oficial en Ingenier\u00eda Industrial<\/option>\n<option value=\"Master Oficial en Ingenieria Quimica\">M\u00e1ster Oficial en Ingenier\u00eda Qu\u00edmica<\/option>\n<option value=\"Master Oficial en Ingenieria Informatica\">M\u00e1ster Oficial en Ingenier\u00eda Inform\u00e1tica<\/option>\n<option value=\"Master Oficial en Ingenieria de Montes\">M\u00e1ster Oficial en Ingenier\u00eda de Montes<\/option>\n<option value=\"Master Oficial en Ingenieria de Minas\">M\u00e1ster Oficial en Ingenier\u00eda de Minas<\/option>\n --><br \/>\n\t<\/select>\n            <\/td>\n<\/tr>\n<tr>\n<td style=\"border: none;\"><button class=\"boton\" name=\"nboton\" type=\"submit\">Enviar<\/button><\/td>\n<\/tr>\n<\/tbody>\n<\/table>\n<\/fieldset>\n<\/form>\n","protected":false},"excerpt":{"rendered":"<p>Formulario de inscripci\u00f3n: *Nombre: *Apellidos: *Correo: Grado en el que quieres tutorizar: &#8211; selecciona &#8211;Grado en Ingenier\u00eda Agr\u00edcolaGrado en Ingenier\u00eda &#8230; <\/p>\n<div><a href=\"https:\/\/www.uhu.es\/etsi\/formulario-plan-accion-tutorial-2023-faro\/\" class=\"more-link\">Read More<\/a><\/div>\n","protected":false},"author":7,"featured_media":0,"parent":0,"menu_order":0,"comment_status":"closed","ping_status":"closed","template":"template-layout-full-width.php","meta":[],"yoast_head":"<!-- This site is optimized with the Yoast SEO plugin v20.2.1 - https:\/\/yoast.com\/wordpress\/plugins\/seo\/ -->\n<title>Formulario Plan Acci\u00f3n Tutorial 2023 Faro - ETSI, UHU<\/title>\n<meta name=\"robots\" content=\"index, follow, max-snippet:-1, max-image-preview:large, max-video-preview:-1\" \/>\n<link rel=\"canonical\" href=\"https:\/\/www.uhu.es\/etsi\/formulario-plan-accion-tutorial-2023-faro\/\" \/>\n<meta property=\"og:locale\" content=\"es_ES\" \/>\n<meta property=\"og:type\" content=\"article\" \/>\n<meta property=\"og:title\" content=\"Formulario Plan Acci\u00f3n Tutorial 2023 Faro - ETSI, UHU\" \/>\n<meta property=\"og:description\" content=\"Formulario de inscripci\u00f3n: *Nombre: *Apellidos: *Correo: Grado en el que quieres tutorizar: &#8211; selecciona &#8211;Grado en Ingenier\u00eda Agr\u00edcolaGrado en Ingenier\u00eda ... Read More\" \/>\n<meta property=\"og:url\" content=\"https:\/\/www.uhu.es\/etsi\/formulario-plan-accion-tutorial-2023-faro\/\" \/>\n<meta property=\"og:site_name\" content=\"ETSI, UHU\" \/>\n<meta property=\"article:modified_time\" content=\"2023-09-27T10:34:14+00:00\" \/>\n<meta name=\"twitter:label1\" content=\"Est. reading time\" \/>\n\t<meta name=\"twitter:data1\" content=\"1 minute\" \/>\n<script type=\"application\/ld+json\" class=\"yoast-schema-graph\">{\"@context\":\"https:\/\/schema.org\",\"@graph\":[{\"@type\":\"WebPage\",\"@id\":\"https:\/\/www.uhu.es\/etsi\/formulario-plan-accion-tutorial-2023-faro\/\",\"url\":\"https:\/\/www.uhu.es\/etsi\/formulario-plan-accion-tutorial-2023-faro\/\",\"name\":\"Formulario Plan Acci\u00f3n Tutorial 2023 Faro - ETSI, UHU\",\"isPartOf\":{\"@id\":\"https:\/\/www.uhu.es\/etsi\/#website\"},\"datePublished\":\"2023-09-27T10:25:57+00:00\",\"dateModified\":\"2023-09-27T10:34:14+00:00\",\"breadcrumb\":{\"@id\":\"https:\/\/www.uhu.es\/etsi\/formulario-plan-accion-tutorial-2023-faro\/#breadcrumb\"},\"inLanguage\":\"es-ES\",\"potentialAction\":[{\"@type\":\"ReadAction\",\"target\":[\"https:\/\/www.uhu.es\/etsi\/formulario-plan-accion-tutorial-2023-faro\/\"]}]},{\"@type\":\"BreadcrumbList\",\"@id\":\"https:\/\/www.uhu.es\/etsi\/formulario-plan-accion-tutorial-2023-faro\/#breadcrumb\",\"itemListElement\":[{\"@type\":\"ListItem\",\"position\":1,\"name\":\"Portada\",\"item\":\"https:\/\/www.uhu.es\/etsi\/\"},{\"@type\":\"ListItem\",\"position\":2,\"name\":\"Formulario Plan Acci\u00f3n Tutorial 2023 Faro\"}]},{\"@type\":\"WebSite\",\"@id\":\"https:\/\/www.uhu.es\/etsi\/#website\",\"url\":\"https:\/\/www.uhu.es\/etsi\/\",\"name\":\"ETSI, UHU\",\"description\":\"Escuela T\u00e9cnica Superior de  Ingenier\u00eda de la Universidad de Huelva\",\"publisher\":{\"@id\":\"https:\/\/www.uhu.es\/etsi\/#organization\"},\"potentialAction\":[{\"@type\":\"SearchAction\",\"target\":{\"@type\":\"EntryPoint\",\"urlTemplate\":\"https:\/\/www.uhu.es\/etsi\/?s={search_term_string}\"},\"query-input\":\"required name=search_term_string\"}],\"inLanguage\":\"es-ES\"},{\"@type\":\"Organization\",\"@id\":\"https:\/\/www.uhu.es\/etsi\/#organization\",\"name\":\"UHU ETSI\",\"url\":\"https:\/\/www.uhu.es\/etsi\/\",\"logo\":{\"@type\":\"ImageObject\",\"inLanguage\":\"es-ES\",\"@id\":\"https:\/\/www.uhu.es\/etsi\/#\/schema\/logo\/image\/\",\"url\":\"http:\/\/www.uhu.es\/etsi\/wp-content\/uploads\/2016\/02\/membrete_ETSI.jpg\",\"contentUrl\":\"http:\/\/www.uhu.es\/etsi\/wp-content\/uploads\/2016\/02\/membrete_ETSI.jpg\",\"width\":423,\"height\":81,\"caption\":\"UHU ETSI\"},\"image\":{\"@id\":\"https:\/\/www.uhu.es\/etsi\/#\/schema\/logo\/image\/\"}}]}<\/script>\n<!-- \/ Yoast SEO plugin. -->","yoast_head_json":{"title":"Formulario Plan Acci\u00f3n Tutorial 2023 Faro - ETSI, UHU","robots":{"index":"index","follow":"follow","max-snippet":"max-snippet:-1","max-image-preview":"max-image-preview:large","max-video-preview":"max-video-preview:-1"},"canonical":"https:\/\/www.uhu.es\/etsi\/formulario-plan-accion-tutorial-2023-faro\/","og_locale":"es_ES","og_type":"article","og_title":"Formulario Plan Acci\u00f3n Tutorial 2023 Faro - ETSI, UHU","og_description":"Formulario de inscripci\u00f3n: *Nombre: *Apellidos: *Correo: Grado en el que quieres tutorizar: &#8211; selecciona &#8211;Grado en Ingenier\u00eda Agr\u00edcolaGrado en Ingenier\u00eda ... Read More","og_url":"https:\/\/www.uhu.es\/etsi\/formulario-plan-accion-tutorial-2023-faro\/","og_site_name":"ETSI, UHU","article_modified_time":"2023-09-27T10:34:14+00:00","twitter_misc":{"Est. reading time":"1 minute"},"schema":{"@context":"https:\/\/schema.org","@graph":[{"@type":"WebPage","@id":"https:\/\/www.uhu.es\/etsi\/formulario-plan-accion-tutorial-2023-faro\/","url":"https:\/\/www.uhu.es\/etsi\/formulario-plan-accion-tutorial-2023-faro\/","name":"Formulario Plan Acci\u00f3n Tutorial 2023 Faro - ETSI, UHU","isPartOf":{"@id":"https:\/\/www.uhu.es\/etsi\/#website"},"datePublished":"2023-09-27T10:25:57+00:00","dateModified":"2023-09-27T10:34:14+00:00","breadcrumb":{"@id":"https:\/\/www.uhu.es\/etsi\/formulario-plan-accion-tutorial-2023-faro\/#breadcrumb"},"inLanguage":"es-ES","potentialAction":[{"@type":"ReadAction","target":["https:\/\/www.uhu.es\/etsi\/formulario-plan-accion-tutorial-2023-faro\/"]}]},{"@type":"BreadcrumbList","@id":"https:\/\/www.uhu.es\/etsi\/formulario-plan-accion-tutorial-2023-faro\/#breadcrumb","itemListElement":[{"@type":"ListItem","position":1,"name":"Portada","item":"https:\/\/www.uhu.es\/etsi\/"},{"@type":"ListItem","position":2,"name":"Formulario Plan Acci\u00f3n Tutorial 2023 Faro"}]},{"@type":"WebSite","@id":"https:\/\/www.uhu.es\/etsi\/#website","url":"https:\/\/www.uhu.es\/etsi\/","name":"ETSI, UHU","description":"Escuela T\u00e9cnica Superior de  Ingenier\u00eda de la Universidad de Huelva","publisher":{"@id":"https:\/\/www.uhu.es\/etsi\/#organization"},"potentialAction":[{"@type":"SearchAction","target":{"@type":"EntryPoint","urlTemplate":"https:\/\/www.uhu.es\/etsi\/?s={search_term_string}"},"query-input":"required name=search_term_string"}],"inLanguage":"es-ES"},{"@type":"Organization","@id":"https:\/\/www.uhu.es\/etsi\/#organization","name":"UHU ETSI","url":"https:\/\/www.uhu.es\/etsi\/","logo":{"@type":"ImageObject","inLanguage":"es-ES","@id":"https:\/\/www.uhu.es\/etsi\/#\/schema\/logo\/image\/","url":"http:\/\/www.uhu.es\/etsi\/wp-content\/uploads\/2016\/02\/membrete_ETSI.jpg","contentUrl":"http:\/\/www.uhu.es\/etsi\/wp-content\/uploads\/2016\/02\/membrete_ETSI.jpg","width":423,"height":81,"caption":"UHU ETSI"},"image":{"@id":"https:\/\/www.uhu.es\/etsi\/#\/schema\/logo\/image\/"}}]}},"_links":{"self":[{"href":"https:\/\/www.uhu.es\/etsi\/wp-json\/wp\/v2\/pages\/23372"}],"collection":[{"href":"https:\/\/www.uhu.es\/etsi\/wp-json\/wp\/v2\/pages"}],"about":[{"href":"https:\/\/www.uhu.es\/etsi\/wp-json\/wp\/v2\/types\/page"}],"author":[{"embeddable":true,"href":"https:\/\/www.uhu.es\/etsi\/wp-json\/wp\/v2\/users\/7"}],"replies":[{"embeddable":true,"href":"https:\/\/www.uhu.es\/etsi\/wp-json\/wp\/v2\/comments?post=23372"}],"version-history":[{"count":3,"href":"https:\/\/www.uhu.es\/etsi\/wp-json\/wp\/v2\/pages\/23372\/revisions"}],"predecessor-version":[{"id":23375,"href":"https:\/\/www.uhu.es\/etsi\/wp-json\/wp\/v2\/pages\/23372\/revisions\/23375"}],"wp:attachment":[{"href":"https:\/\/www.uhu.es\/etsi\/wp-json\/wp\/v2\/media?parent=23372"}],"curies":[{"name":"wp","href":"https:\/\/api.w.org\/{rel}","templated":true}]}}