{"id":23847,"date":"2024-02-23T12:23:07","date_gmt":"2024-02-23T11:23:07","guid":{"rendered":"https:\/\/www.uhu.es\/etsi\/?page_id=23847"},"modified":"2024-02-26T09:28:25","modified_gmt":"2024-02-26T08:28:25","slug":"salas-de-reprografia-etsi-3","status":"publish","type":"page","link":"https:\/\/www.uhu.es\/etsi\/salas-de-reprografia-etsi-3\/","title":{"rendered":"Salas de Reprograf\u00eda ETSI"},"content":{"rendered":"<p>La Escuela T\u00e9cnica Superior de Ingenier\u00eda dispone de una serie de salas de reprograf\u00eda a disposici\u00f3n del personal del Centro que requiera su uso.<\/p>\n<p>Se dispone de una sala de reprograf\u00eda en cada planta del edificio y otra en el edificio de la Facultad de Ciencias Experimentales, a disposici\u00f3n del personal adscrito a la ETSI que tiene su despacho all\u00ed.<\/p>\n<p>La ubicaci\u00f3n de las salas de reprograf\u00eda son las siguientes:<\/p>\n<ul>\n<li>Planta 0: <span style=\"color: #993366;\"><a style=\"color: #993366;\" href=\"https:\/\/www.uhu.es\/etsi\/planos_etsi\/planta_baja.jpg\"><span style=\"text-decoration: underline;\">ETP019<\/span><\/a><\/span><\/li>\n<li>Planta baja: <span style=\"text-decoration: underline;\"><span style=\"color: #993366; text-decoration: underline;\"><a style=\"color: #993366; text-decoration: underline;\" href=\"https:\/\/www.uhu.es\/etsi\/planos_etsi\/entreplanta.jpg\">ETPB59<\/a><\/span><\/span><\/li>\n<li>Planta primera: <span style=\"color: #993366;\"><a style=\"color: #993366;\" href=\"https:\/\/www.uhu.es\/etsi\/planos_etsi\/planta1.jpg\"><span style=\"text-decoration: underline;\">ETP118<\/span><\/a><\/span><\/li>\n<li>Planta segunda: <a href=\"https:\/\/www.uhu.es\/etsi\/planos_etsi\/planta2.jpg\"><span style=\"color: #993366;\"><span style=\"text-decoration: underline;\">ETP267<\/span><\/span><\/a><\/li>\n<li>Planta tercera: <a href=\"https:\/\/www.uhu.es\/etsi\/planos_etsi\/planta3.jpg\"><span style=\"color: #993366;\"><span style=\"text-decoration: underline;\">ETP321<\/span><\/span><\/a><\/li>\n<li>Facultad Exp.: EX-P3-N6-03<\/li>\n<\/ul>\n<p>&nbsp;<\/p>\n<p>El contenido de las salas de reprograf\u00eda es una m\u00e1quina multifunci\u00f3n: fotocopiadora, impresora, esc\u00e1ner, etc.<\/p>\n<p>Estos equipos se mantienen en r\u00e9gimen de alquiler, de forma que es la Direcci\u00f3n del Centro quien sufraga los gastos de alquiler y los Departamentos los encargados de pago de las copias realizadas por cada uno. Cada copia realizada tiene un precio que es distinto dependiendo de si la copia se realiza en B\/N o en color, por lo que se sugiere no imprimir en color cuando no sea necesario, ya que la copia se computar\u00e1 como tal.<\/p>\n<p>Dado que el importe de las copias es sufragado por cada Departamento, estos pueden imponer l\u00edmites de copias entre sus usuarios. Es por ello que cada usuario, para poder usar las m\u00e1quinas, debe disponer de dos c\u00f3digos, uno que identifica al departamento al que pertenece y otro personal. Estos c\u00f3digos se implementan en el momento de instalar el software, operaci\u00f3n que realiza la empresa suministradora a petici\u00f3n del usuario abriendo una incidencia en la aplicaci\u00f3n de <span style=\"color: #993366;\"><a style=\"color: #993366;\" href=\"https:\/\/apppruebaetsi.uhu.es\/simplesaml\/app_gestion_cursos\/iris_new\/\"><span style=\"text-decoration: underline;\">mantenimiento de la ETSI<\/span><\/a><\/span>.<\/p>\n<p>El acceso a las salas se realiza con tarjeta, que tambi\u00e9n sirve para los accesos al edificio. La petici\u00f3n o programaci\u00f3n de dicha tarjeta se puede realizar a trav\u00e9s de un formulario que se encuentra en la p\u00e1gina web Servicios\/Solicitud de Tarjeta Acceso ETSI.<\/p>\n<p>La reposici\u00f3n de t\u00f3ner o la actuaci\u00f3n ante cualquier incidencia en las m\u00e1quinas multifunci\u00f3n corre a cargo de la empresa suministradora, y es de forma autom\u00e1tica. Es decir, las propias m\u00e1quinas lanzan un aviso autom\u00e1tico y el proveedor se encarga de resolverlo. Pero, aun as\u00ed, ante cualquier incidencia detectada, se puede abrir un parte en la aplicaci\u00f3n de <a href=\"https:\/\/apppruebaetsi.uhu.es\/simplesaml\/app_gestion_cursos\/iris_new\/\"><span style=\"text-decoration: underline;\"><span style=\"color: #993366; text-decoration: underline;\">mantenimiento de la ETSI<\/span><\/span>.<\/a><\/p>\n<p>La reposici\u00f3n de papel se realiza de forma peri\u00f3dica, y corre a cargo del personal t\u00e9cnico de conserjer\u00eda de la ETSI. Si se detecta falta de papel en alguna de las m\u00e1quinas, debe comunicarse a la conserjer\u00eda de la ETSI.<\/p>\n","protected":false},"excerpt":{"rendered":"<p>La Escuela T\u00e9cnica Superior de Ingenier\u00eda dispone de una serie de salas de reprograf\u00eda a disposici\u00f3n del personal del Centro &#8230; <\/p>\n<div><a href=\"https:\/\/www.uhu.es\/etsi\/salas-de-reprografia-etsi-3\/\" class=\"more-link\">Read More<\/a><\/div>\n","protected":false},"author":7,"featured_media":0,"parent":0,"menu_order":0,"comment_status":"closed","ping_status":"closed","template":"template-layout-full-width.php","meta":[],"yoast_head":"<!-- This site is optimized with the Yoast SEO plugin v20.2.1 - https:\/\/yoast.com\/wordpress\/plugins\/seo\/ -->\n<title>Salas de Reprograf\u00eda ETSI - ETSI, UHU<\/title>\n<meta name=\"robots\" content=\"index, follow, max-snippet:-1, max-image-preview:large, max-video-preview:-1\" \/>\n<link rel=\"canonical\" href=\"https:\/\/www.uhu.es\/etsi\/salas-de-reprografia-etsi-3\/\" \/>\n<meta property=\"og:locale\" content=\"es_ES\" \/>\n<meta property=\"og:type\" content=\"article\" \/>\n<meta property=\"og:title\" content=\"Salas de Reprograf\u00eda ETSI - ETSI, UHU\" \/>\n<meta property=\"og:description\" content=\"La Escuela T\u00e9cnica Superior de Ingenier\u00eda dispone de una serie de salas de reprograf\u00eda a disposici\u00f3n del personal del Centro ... Read More\" \/>\n<meta property=\"og:url\" content=\"https:\/\/www.uhu.es\/etsi\/salas-de-reprografia-etsi-3\/\" \/>\n<meta property=\"og:site_name\" content=\"ETSI, UHU\" \/>\n<meta property=\"article:modified_time\" content=\"2024-02-26T08:28:25+00:00\" \/>\n<meta name=\"twitter:label1\" content=\"Est. reading time\" \/>\n\t<meta name=\"twitter:data1\" content=\"2 minutes\" \/>\n<script type=\"application\/ld+json\" class=\"yoast-schema-graph\">{\"@context\":\"https:\/\/schema.org\",\"@graph\":[{\"@type\":\"WebPage\",\"@id\":\"https:\/\/www.uhu.es\/etsi\/salas-de-reprografia-etsi-3\/\",\"url\":\"https:\/\/www.uhu.es\/etsi\/salas-de-reprografia-etsi-3\/\",\"name\":\"Salas de Reprograf\u00eda ETSI - ETSI, UHU\",\"isPartOf\":{\"@id\":\"https:\/\/www.uhu.es\/etsi\/#website\"},\"datePublished\":\"2024-02-23T11:23:07+00:00\",\"dateModified\":\"2024-02-26T08:28:25+00:00\",\"breadcrumb\":{\"@id\":\"https:\/\/www.uhu.es\/etsi\/salas-de-reprografia-etsi-3\/#breadcrumb\"},\"inLanguage\":\"es-ES\",\"potentialAction\":[{\"@type\":\"ReadAction\",\"target\":[\"https:\/\/www.uhu.es\/etsi\/salas-de-reprografia-etsi-3\/\"]}]},{\"@type\":\"BreadcrumbList\",\"@id\":\"https:\/\/www.uhu.es\/etsi\/salas-de-reprografia-etsi-3\/#breadcrumb\",\"itemListElement\":[{\"@type\":\"ListItem\",\"position\":1,\"name\":\"Portada\",\"item\":\"https:\/\/www.uhu.es\/etsi\/\"},{\"@type\":\"ListItem\",\"position\":2,\"name\":\"Salas de Reprograf\u00eda ETSI\"}]},{\"@type\":\"WebSite\",\"@id\":\"https:\/\/www.uhu.es\/etsi\/#website\",\"url\":\"https:\/\/www.uhu.es\/etsi\/\",\"name\":\"ETSI, UHU\",\"description\":\"Escuela T\u00e9cnica Superior de  Ingenier\u00eda de la Universidad de Huelva\",\"publisher\":{\"@id\":\"https:\/\/www.uhu.es\/etsi\/#organization\"},\"potentialAction\":[{\"@type\":\"SearchAction\",\"target\":{\"@type\":\"EntryPoint\",\"urlTemplate\":\"https:\/\/www.uhu.es\/etsi\/?s={search_term_string}\"},\"query-input\":\"required name=search_term_string\"}],\"inLanguage\":\"es-ES\"},{\"@type\":\"Organization\",\"@id\":\"https:\/\/www.uhu.es\/etsi\/#organization\",\"name\":\"UHU ETSI\",\"url\":\"https:\/\/www.uhu.es\/etsi\/\",\"logo\":{\"@type\":\"ImageObject\",\"inLanguage\":\"es-ES\",\"@id\":\"https:\/\/www.uhu.es\/etsi\/#\/schema\/logo\/image\/\",\"url\":\"http:\/\/www.uhu.es\/etsi\/wp-content\/uploads\/2016\/02\/membrete_ETSI.jpg\",\"contentUrl\":\"http:\/\/www.uhu.es\/etsi\/wp-content\/uploads\/2016\/02\/membrete_ETSI.jpg\",\"width\":423,\"height\":81,\"caption\":\"UHU ETSI\"},\"image\":{\"@id\":\"https:\/\/www.uhu.es\/etsi\/#\/schema\/logo\/image\/\"}}]}<\/script>\n<!-- \/ Yoast SEO plugin. -->","yoast_head_json":{"title":"Salas de Reprograf\u00eda ETSI - ETSI, UHU","robots":{"index":"index","follow":"follow","max-snippet":"max-snippet:-1","max-image-preview":"max-image-preview:large","max-video-preview":"max-video-preview:-1"},"canonical":"https:\/\/www.uhu.es\/etsi\/salas-de-reprografia-etsi-3\/","og_locale":"es_ES","og_type":"article","og_title":"Salas de Reprograf\u00eda ETSI - ETSI, UHU","og_description":"La Escuela T\u00e9cnica Superior de Ingenier\u00eda dispone de una serie de salas de reprograf\u00eda a disposici\u00f3n del personal del Centro ... Read More","og_url":"https:\/\/www.uhu.es\/etsi\/salas-de-reprografia-etsi-3\/","og_site_name":"ETSI, UHU","article_modified_time":"2024-02-26T08:28:25+00:00","twitter_misc":{"Est. reading time":"2 minutes"},"schema":{"@context":"https:\/\/schema.org","@graph":[{"@type":"WebPage","@id":"https:\/\/www.uhu.es\/etsi\/salas-de-reprografia-etsi-3\/","url":"https:\/\/www.uhu.es\/etsi\/salas-de-reprografia-etsi-3\/","name":"Salas de Reprograf\u00eda ETSI - ETSI, UHU","isPartOf":{"@id":"https:\/\/www.uhu.es\/etsi\/#website"},"datePublished":"2024-02-23T11:23:07+00:00","dateModified":"2024-02-26T08:28:25+00:00","breadcrumb":{"@id":"https:\/\/www.uhu.es\/etsi\/salas-de-reprografia-etsi-3\/#breadcrumb"},"inLanguage":"es-ES","potentialAction":[{"@type":"ReadAction","target":["https:\/\/www.uhu.es\/etsi\/salas-de-reprografia-etsi-3\/"]}]},{"@type":"BreadcrumbList","@id":"https:\/\/www.uhu.es\/etsi\/salas-de-reprografia-etsi-3\/#breadcrumb","itemListElement":[{"@type":"ListItem","position":1,"name":"Portada","item":"https:\/\/www.uhu.es\/etsi\/"},{"@type":"ListItem","position":2,"name":"Salas de Reprograf\u00eda ETSI"}]},{"@type":"WebSite","@id":"https:\/\/www.uhu.es\/etsi\/#website","url":"https:\/\/www.uhu.es\/etsi\/","name":"ETSI, UHU","description":"Escuela T\u00e9cnica Superior de  Ingenier\u00eda de la Universidad de Huelva","publisher":{"@id":"https:\/\/www.uhu.es\/etsi\/#organization"},"potentialAction":[{"@type":"SearchAction","target":{"@type":"EntryPoint","urlTemplate":"https:\/\/www.uhu.es\/etsi\/?s={search_term_string}"},"query-input":"required name=search_term_string"}],"inLanguage":"es-ES"},{"@type":"Organization","@id":"https:\/\/www.uhu.es\/etsi\/#organization","name":"UHU ETSI","url":"https:\/\/www.uhu.es\/etsi\/","logo":{"@type":"ImageObject","inLanguage":"es-ES","@id":"https:\/\/www.uhu.es\/etsi\/#\/schema\/logo\/image\/","url":"http:\/\/www.uhu.es\/etsi\/wp-content\/uploads\/2016\/02\/membrete_ETSI.jpg","contentUrl":"http:\/\/www.uhu.es\/etsi\/wp-content\/uploads\/2016\/02\/membrete_ETSI.jpg","width":423,"height":81,"caption":"UHU ETSI"},"image":{"@id":"https:\/\/www.uhu.es\/etsi\/#\/schema\/logo\/image\/"}}]}},"_links":{"self":[{"href":"https:\/\/www.uhu.es\/etsi\/wp-json\/wp\/v2\/pages\/23847"}],"collection":[{"href":"https:\/\/www.uhu.es\/etsi\/wp-json\/wp\/v2\/pages"}],"about":[{"href":"https:\/\/www.uhu.es\/etsi\/wp-json\/wp\/v2\/types\/page"}],"author":[{"embeddable":true,"href":"https:\/\/www.uhu.es\/etsi\/wp-json\/wp\/v2\/users\/7"}],"replies":[{"embeddable":true,"href":"https:\/\/www.uhu.es\/etsi\/wp-json\/wp\/v2\/comments?post=23847"}],"version-history":[{"count":7,"href":"https:\/\/www.uhu.es\/etsi\/wp-json\/wp\/v2\/pages\/23847\/revisions"}],"predecessor-version":[{"id":23855,"href":"https:\/\/www.uhu.es\/etsi\/wp-json\/wp\/v2\/pages\/23847\/revisions\/23855"}],"wp:attachment":[{"href":"https:\/\/www.uhu.es\/etsi\/wp-json\/wp\/v2\/media?parent=23847"}],"curies":[{"name":"wp","href":"https:\/\/api.w.org\/{rel}","templated":true}]}}