{"id":24122,"date":"2024-07-10T11:11:17","date_gmt":"2024-07-10T10:11:17","guid":{"rendered":"https:\/\/www.uhu.es\/etsi\/?page_id=24122"},"modified":"2024-07-11T12:10:51","modified_gmt":"2024-07-11T11:10:51","slug":"instrucciones-para-la-solicitud-del-titulo","status":"publish","type":"page","link":"https:\/\/www.uhu.es\/etsi\/instrucciones-para-la-solicitud-del-titulo\/","title":{"rendered":"Instrucciones para la solicitud del t\u00edtulo"},"content":{"rendered":"<div  class=\"x-alert x-alert-info x-alert-block\" >\n<ul>\n<li><strong>La solicitud se presentar\u00e1, a trav\u00e9s de correo electr\u00f3nico, a la persona encargada de la gesti\u00f3n de su titulaci\u00f3n. Puede consultarlo <a href=\"https:\/\/www.uhu.es\/etsi\/secretaria\/listado-telefonico-secretaria\/\">aqu\u00ed<\/a>.<\/strong><\/li>\n<\/ul>\n<ul>\n<li><strong>Debe utilizar preferentemente su correo de la Universidad de Huelva. En todo caso, las solicitudes deben ir acompa\u00f1adas de una copia de su documento de identidad.<\/strong><\/li>\n<\/ul>\n<ul>\n<li><strong>Los plazos para la presentaci\u00f3n de las solicitudes puede consultarlos <a href=\"https:\/\/www.uhu.es\/etsi\/estudiantes-2\/plazos-de-interes\/\">aqu\u00ed<\/a>.<\/strong> <\/div><\/li>\n<li><a href=\"https:\/\/www.uhu.es\/etsi\/secretariaDocumentos\/impresos\/EXPEDICION%20DEL%20TITULO_IMPRESO.pdf\">Impreso de solicitud.<\/a><\/li>\n<\/ul>\n<p>&nbsp;<\/p>\n","protected":false},"excerpt":{"rendered":"<p>Impreso de solicitud. &nbsp;<\/p>\n","protected":false},"author":7,"featured_media":0,"parent":0,"menu_order":0,"comment_status":"closed","ping_status":"closed","template":"template-layout-full-width.php","meta":[],"yoast_head":"<!-- This site is optimized with the Yoast SEO plugin v20.2.1 - https:\/\/yoast.com\/wordpress\/plugins\/seo\/ -->\n<title>Instrucciones para la solicitud del t\u00edtulo - ETSI, UHU<\/title>\n<meta name=\"robots\" content=\"index, follow, max-snippet:-1, max-image-preview:large, max-video-preview:-1\" \/>\n<link rel=\"canonical\" href=\"https:\/\/www.uhu.es\/etsi\/instrucciones-para-la-solicitud-del-titulo\/\" \/>\n<meta property=\"og:locale\" content=\"es_ES\" \/>\n<meta property=\"og:type\" content=\"article\" \/>\n<meta property=\"og:title\" content=\"Instrucciones para la solicitud del t\u00edtulo - ETSI, UHU\" \/>\n<meta property=\"og:description\" content=\"Impreso de solicitud. &nbsp;\" \/>\n<meta property=\"og:url\" content=\"https:\/\/www.uhu.es\/etsi\/instrucciones-para-la-solicitud-del-titulo\/\" \/>\n<meta property=\"og:site_name\" content=\"ETSI, UHU\" \/>\n<meta property=\"article:modified_time\" content=\"2024-07-11T11:10:51+00:00\" \/>\n<meta name=\"twitter:label1\" content=\"Est. reading time\" \/>\n\t<meta name=\"twitter:data1\" content=\"1 minute\" \/>\n<script type=\"application\/ld+json\" class=\"yoast-schema-graph\">{\"@context\":\"https:\/\/schema.org\",\"@graph\":[{\"@type\":\"WebPage\",\"@id\":\"https:\/\/www.uhu.es\/etsi\/instrucciones-para-la-solicitud-del-titulo\/\",\"url\":\"https:\/\/www.uhu.es\/etsi\/instrucciones-para-la-solicitud-del-titulo\/\",\"name\":\"Instrucciones para la solicitud del t\u00edtulo - ETSI, UHU\",\"isPartOf\":{\"@id\":\"https:\/\/www.uhu.es\/etsi\/#website\"},\"datePublished\":\"2024-07-10T10:11:17+00:00\",\"dateModified\":\"2024-07-11T11:10:51+00:00\",\"breadcrumb\":{\"@id\":\"https:\/\/www.uhu.es\/etsi\/instrucciones-para-la-solicitud-del-titulo\/#breadcrumb\"},\"inLanguage\":\"es-ES\",\"potentialAction\":[{\"@type\":\"ReadAction\",\"target\":[\"https:\/\/www.uhu.es\/etsi\/instrucciones-para-la-solicitud-del-titulo\/\"]}]},{\"@type\":\"BreadcrumbList\",\"@id\":\"https:\/\/www.uhu.es\/etsi\/instrucciones-para-la-solicitud-del-titulo\/#breadcrumb\",\"itemListElement\":[{\"@type\":\"ListItem\",\"position\":1,\"name\":\"Portada\",\"item\":\"https:\/\/www.uhu.es\/etsi\/\"},{\"@type\":\"ListItem\",\"position\":2,\"name\":\"Instrucciones para la solicitud del t\u00edtulo\"}]},{\"@type\":\"WebSite\",\"@id\":\"https:\/\/www.uhu.es\/etsi\/#website\",\"url\":\"https:\/\/www.uhu.es\/etsi\/\",\"name\":\"ETSI, UHU\",\"description\":\"Escuela T\u00e9cnica Superior de  Ingenier\u00eda de la Universidad de Huelva\",\"publisher\":{\"@id\":\"https:\/\/www.uhu.es\/etsi\/#organization\"},\"potentialAction\":[{\"@type\":\"SearchAction\",\"target\":{\"@type\":\"EntryPoint\",\"urlTemplate\":\"https:\/\/www.uhu.es\/etsi\/?s={search_term_string}\"},\"query-input\":\"required name=search_term_string\"}],\"inLanguage\":\"es-ES\"},{\"@type\":\"Organization\",\"@id\":\"https:\/\/www.uhu.es\/etsi\/#organization\",\"name\":\"UHU ETSI\",\"url\":\"https:\/\/www.uhu.es\/etsi\/\",\"logo\":{\"@type\":\"ImageObject\",\"inLanguage\":\"es-ES\",\"@id\":\"https:\/\/www.uhu.es\/etsi\/#\/schema\/logo\/image\/\",\"url\":\"http:\/\/www.uhu.es\/etsi\/wp-content\/uploads\/2016\/02\/membrete_ETSI.jpg\",\"contentUrl\":\"http:\/\/www.uhu.es\/etsi\/wp-content\/uploads\/2016\/02\/membrete_ETSI.jpg\",\"width\":423,\"height\":81,\"caption\":\"UHU ETSI\"},\"image\":{\"@id\":\"https:\/\/www.uhu.es\/etsi\/#\/schema\/logo\/image\/\"}}]}<\/script>\n<!-- \/ Yoast SEO plugin. -->","yoast_head_json":{"title":"Instrucciones para la solicitud del t\u00edtulo - ETSI, UHU","robots":{"index":"index","follow":"follow","max-snippet":"max-snippet:-1","max-image-preview":"max-image-preview:large","max-video-preview":"max-video-preview:-1"},"canonical":"https:\/\/www.uhu.es\/etsi\/instrucciones-para-la-solicitud-del-titulo\/","og_locale":"es_ES","og_type":"article","og_title":"Instrucciones para la solicitud del t\u00edtulo - ETSI, UHU","og_description":"Impreso de solicitud. &nbsp;","og_url":"https:\/\/www.uhu.es\/etsi\/instrucciones-para-la-solicitud-del-titulo\/","og_site_name":"ETSI, UHU","article_modified_time":"2024-07-11T11:10:51+00:00","twitter_misc":{"Est. reading time":"1 minute"},"schema":{"@context":"https:\/\/schema.org","@graph":[{"@type":"WebPage","@id":"https:\/\/www.uhu.es\/etsi\/instrucciones-para-la-solicitud-del-titulo\/","url":"https:\/\/www.uhu.es\/etsi\/instrucciones-para-la-solicitud-del-titulo\/","name":"Instrucciones para la solicitud del t\u00edtulo - ETSI, UHU","isPartOf":{"@id":"https:\/\/www.uhu.es\/etsi\/#website"},"datePublished":"2024-07-10T10:11:17+00:00","dateModified":"2024-07-11T11:10:51+00:00","breadcrumb":{"@id":"https:\/\/www.uhu.es\/etsi\/instrucciones-para-la-solicitud-del-titulo\/#breadcrumb"},"inLanguage":"es-ES","potentialAction":[{"@type":"ReadAction","target":["https:\/\/www.uhu.es\/etsi\/instrucciones-para-la-solicitud-del-titulo\/"]}]},{"@type":"BreadcrumbList","@id":"https:\/\/www.uhu.es\/etsi\/instrucciones-para-la-solicitud-del-titulo\/#breadcrumb","itemListElement":[{"@type":"ListItem","position":1,"name":"Portada","item":"https:\/\/www.uhu.es\/etsi\/"},{"@type":"ListItem","position":2,"name":"Instrucciones para la solicitud del t\u00edtulo"}]},{"@type":"WebSite","@id":"https:\/\/www.uhu.es\/etsi\/#website","url":"https:\/\/www.uhu.es\/etsi\/","name":"ETSI, UHU","description":"Escuela T\u00e9cnica Superior de  Ingenier\u00eda de la Universidad de Huelva","publisher":{"@id":"https:\/\/www.uhu.es\/etsi\/#organization"},"potentialAction":[{"@type":"SearchAction","target":{"@type":"EntryPoint","urlTemplate":"https:\/\/www.uhu.es\/etsi\/?s={search_term_string}"},"query-input":"required name=search_term_string"}],"inLanguage":"es-ES"},{"@type":"Organization","@id":"https:\/\/www.uhu.es\/etsi\/#organization","name":"UHU ETSI","url":"https:\/\/www.uhu.es\/etsi\/","logo":{"@type":"ImageObject","inLanguage":"es-ES","@id":"https:\/\/www.uhu.es\/etsi\/#\/schema\/logo\/image\/","url":"http:\/\/www.uhu.es\/etsi\/wp-content\/uploads\/2016\/02\/membrete_ETSI.jpg","contentUrl":"http:\/\/www.uhu.es\/etsi\/wp-content\/uploads\/2016\/02\/membrete_ETSI.jpg","width":423,"height":81,"caption":"UHU ETSI"},"image":{"@id":"https:\/\/www.uhu.es\/etsi\/#\/schema\/logo\/image\/"}}]}},"_links":{"self":[{"href":"https:\/\/www.uhu.es\/etsi\/wp-json\/wp\/v2\/pages\/24122"}],"collection":[{"href":"https:\/\/www.uhu.es\/etsi\/wp-json\/wp\/v2\/pages"}],"about":[{"href":"https:\/\/www.uhu.es\/etsi\/wp-json\/wp\/v2\/types\/page"}],"author":[{"embeddable":true,"href":"https:\/\/www.uhu.es\/etsi\/wp-json\/wp\/v2\/users\/7"}],"replies":[{"embeddable":true,"href":"https:\/\/www.uhu.es\/etsi\/wp-json\/wp\/v2\/comments?post=24122"}],"version-history":[{"count":5,"href":"https:\/\/www.uhu.es\/etsi\/wp-json\/wp\/v2\/pages\/24122\/revisions"}],"predecessor-version":[{"id":24194,"href":"https:\/\/www.uhu.es\/etsi\/wp-json\/wp\/v2\/pages\/24122\/revisions\/24194"}],"wp:attachment":[{"href":"https:\/\/www.uhu.es\/etsi\/wp-json\/wp\/v2\/media?parent=24122"}],"curies":[{"name":"wp","href":"https:\/\/api.w.org\/{rel}","templated":true}]}}