{"id":24140,"date":"2024-07-10T11:44:46","date_gmt":"2024-07-10T10:44:46","guid":{"rendered":"https:\/\/www.uhu.es\/etsi\/?page_id=24140"},"modified":"2024-07-10T11:44:46","modified_gmt":"2024-07-10T10:44:46","slug":"reconocimiento-de-creditos-por-estudios-universitarios-no-oficiales-titulos-propios","status":"publish","type":"page","link":"https:\/\/www.uhu.es\/etsi\/reconocimiento-de-creditos-por-estudios-universitarios-no-oficiales-titulos-propios\/","title":{"rendered":"Reconocimiento de cr\u00e9ditos por estudios universitarios no oficiales (T\u00edtulos Propios)"},"content":{"rendered":"<div  class=\"x-alert x-alert-info x-alert-block\" >\n<ul>\n<li><strong>Se tramitar\u00e1n a trav\u00e9s de la <a href=\"https:\/\/apppruebaetsi.uhu.es\/simplesaml\/app_gestion_cursos\/rec_creditos\/\">aplicaci\u00f3n inform\u00e1tica<\/a>.<\/strong><\/li>\n<li><strong> Debe cumplimentar en la aplicaci\u00f3n los datos generales de la solicitud y las l\u00edneas de reconocimiento de cr\u00e9dito.<\/strong><\/li>\n<li><strong>Una vez cumplimentada la solicitud, debe enviar por correo electr\u00f3nico la documentaci\u00f3n relacionada a continuaci\u00f3n, a los tramitadores:<\/strong>\n<ul>\n<li>A Dolores Zambrano (dolores.zambrano@erel.uhu.es &#8211; 959 21 73 03).<\/li>\n<li>\u00a0A Juan Antonio D\u00edaz (tonio@uhu.es -959 21 73 13).<\/li>\n<\/ul>\n<\/li>\n<li><strong>Documentaci\u00f3n:<\/strong>\n<ul>\n<li>Solicitud de Reconocimiento debidamente firmada.<\/li>\n<li>Certificaci\u00f3n acad\u00e9mica expedida por el \u00f3rgano universitario encargado de la organizaci\u00f3n de las respectivas ense\u00f1anzas y\/o la custodia de los correspondientes expedientes acad\u00e9micos, en la que se haga constar las denominaciones de las asignaturas, su valoraci\u00f3n en cr\u00e9ditos (con indicaci\u00f3n de su equivalencia en n\u00famero de horas), las calificaciones obtenidas, y la denominaci\u00f3n de la respectiva titulaci\u00f3n.<\/li>\n<li>Fotocopia del T\u00edtulo obtenido a la finalizaci\u00f3n de los estudios propios realizados.<\/li>\n<li>Fotocopia de los programas con los contenidos de las asignaturas.<\/li>\n<\/ul>\n<\/li>\n<li>Requisitos de la documentaci\u00f3n que acompa\u00f1a a la solicitud:\n<ul>\n<li>La documentaci\u00f3n se remitir\u00e1 en formato electr\u00f3nico y tendr\u00e1 que venir con firma electr\u00f3nica del centro emisor.<\/li>\n<li>Si en alg\u00fan caso se justifica, mediante escrito del centro emisor, la imposibilidad de presentarla con firma electr\u00f3nica, se podr\u00e1 admitir a tr\u00e1mite copia sellada de dicha documentaci\u00f3n.<\/li>\n<li>Se advierte que la Comisi\u00f3n de Reconocimiento de Cr\u00e9ditos o la Secretar\u00eda del Centro podr\u00e1, en cualquier momento del procedimiento, requerir los documentos originales.<\/li>\n<\/ul>\n<\/li>\n<\/ul>\n<\/div>\n<p>&nbsp;<\/p>\n","protected":false},"excerpt":{"rendered":"<p>&nbsp;<\/p>\n","protected":false},"author":7,"featured_media":0,"parent":0,"menu_order":0,"comment_status":"closed","ping_status":"closed","template":"template-layout-full-width.php","meta":[],"yoast_head":"<!-- This site is optimized with the Yoast SEO plugin v20.2.1 - https:\/\/yoast.com\/wordpress\/plugins\/seo\/ -->\n<title>Reconocimiento de cr\u00e9ditos por estudios universitarios no oficiales (T\u00edtulos Propios) - ETSI, UHU<\/title>\n<meta name=\"robots\" content=\"index, follow, max-snippet:-1, max-image-preview:large, max-video-preview:-1\" \/>\n<link rel=\"canonical\" href=\"https:\/\/www.uhu.es\/etsi\/reconocimiento-de-creditos-por-estudios-universitarios-no-oficiales-titulos-propios\/\" \/>\n<meta property=\"og:locale\" content=\"es_ES\" \/>\n<meta property=\"og:type\" content=\"article\" \/>\n<meta property=\"og:title\" content=\"Reconocimiento de cr\u00e9ditos por estudios universitarios no oficiales (T\u00edtulos Propios) - ETSI, UHU\" \/>\n<meta property=\"og:description\" content=\"&nbsp;\" \/>\n<meta property=\"og:url\" content=\"https:\/\/www.uhu.es\/etsi\/reconocimiento-de-creditos-por-estudios-universitarios-no-oficiales-titulos-propios\/\" \/>\n<meta property=\"og:site_name\" content=\"ETSI, UHU\" \/>\n<meta name=\"twitter:label1\" content=\"Est. reading time\" \/>\n\t<meta name=\"twitter:data1\" content=\"2 minutes\" \/>\n<script type=\"application\/ld+json\" class=\"yoast-schema-graph\">{\"@context\":\"https:\/\/schema.org\",\"@graph\":[{\"@type\":\"WebPage\",\"@id\":\"https:\/\/www.uhu.es\/etsi\/reconocimiento-de-creditos-por-estudios-universitarios-no-oficiales-titulos-propios\/\",\"url\":\"https:\/\/www.uhu.es\/etsi\/reconocimiento-de-creditos-por-estudios-universitarios-no-oficiales-titulos-propios\/\",\"name\":\"Reconocimiento de cr\u00e9ditos por estudios universitarios no oficiales (T\u00edtulos Propios) - ETSI, UHU\",\"isPartOf\":{\"@id\":\"https:\/\/www.uhu.es\/etsi\/#website\"},\"datePublished\":\"2024-07-10T10:44:46+00:00\",\"dateModified\":\"2024-07-10T10:44:46+00:00\",\"breadcrumb\":{\"@id\":\"https:\/\/www.uhu.es\/etsi\/reconocimiento-de-creditos-por-estudios-universitarios-no-oficiales-titulos-propios\/#breadcrumb\"},\"inLanguage\":\"es-ES\",\"potentialAction\":[{\"@type\":\"ReadAction\",\"target\":[\"https:\/\/www.uhu.es\/etsi\/reconocimiento-de-creditos-por-estudios-universitarios-no-oficiales-titulos-propios\/\"]}]},{\"@type\":\"BreadcrumbList\",\"@id\":\"https:\/\/www.uhu.es\/etsi\/reconocimiento-de-creditos-por-estudios-universitarios-no-oficiales-titulos-propios\/#breadcrumb\",\"itemListElement\":[{\"@type\":\"ListItem\",\"position\":1,\"name\":\"Portada\",\"item\":\"https:\/\/www.uhu.es\/etsi\/\"},{\"@type\":\"ListItem\",\"position\":2,\"name\":\"Reconocimiento de cr\u00e9ditos por estudios universitarios no oficiales (T\u00edtulos Propios)\"}]},{\"@type\":\"WebSite\",\"@id\":\"https:\/\/www.uhu.es\/etsi\/#website\",\"url\":\"https:\/\/www.uhu.es\/etsi\/\",\"name\":\"ETSI, UHU\",\"description\":\"Escuela T\u00e9cnica Superior de  Ingenier\u00eda de la Universidad de Huelva\",\"publisher\":{\"@id\":\"https:\/\/www.uhu.es\/etsi\/#organization\"},\"potentialAction\":[{\"@type\":\"SearchAction\",\"target\":{\"@type\":\"EntryPoint\",\"urlTemplate\":\"https:\/\/www.uhu.es\/etsi\/?s={search_term_string}\"},\"query-input\":\"required name=search_term_string\"}],\"inLanguage\":\"es-ES\"},{\"@type\":\"Organization\",\"@id\":\"https:\/\/www.uhu.es\/etsi\/#organization\",\"name\":\"UHU ETSI\",\"url\":\"https:\/\/www.uhu.es\/etsi\/\",\"logo\":{\"@type\":\"ImageObject\",\"inLanguage\":\"es-ES\",\"@id\":\"https:\/\/www.uhu.es\/etsi\/#\/schema\/logo\/image\/\",\"url\":\"http:\/\/www.uhu.es\/etsi\/wp-content\/uploads\/2016\/02\/membrete_ETSI.jpg\",\"contentUrl\":\"http:\/\/www.uhu.es\/etsi\/wp-content\/uploads\/2016\/02\/membrete_ETSI.jpg\",\"width\":423,\"height\":81,\"caption\":\"UHU ETSI\"},\"image\":{\"@id\":\"https:\/\/www.uhu.es\/etsi\/#\/schema\/logo\/image\/\"}}]}<\/script>\n<!-- \/ Yoast SEO plugin. -->","yoast_head_json":{"title":"Reconocimiento de cr\u00e9ditos por estudios universitarios no oficiales (T\u00edtulos Propios) - ETSI, UHU","robots":{"index":"index","follow":"follow","max-snippet":"max-snippet:-1","max-image-preview":"max-image-preview:large","max-video-preview":"max-video-preview:-1"},"canonical":"https:\/\/www.uhu.es\/etsi\/reconocimiento-de-creditos-por-estudios-universitarios-no-oficiales-titulos-propios\/","og_locale":"es_ES","og_type":"article","og_title":"Reconocimiento de cr\u00e9ditos por estudios universitarios no oficiales (T\u00edtulos Propios) - ETSI, UHU","og_description":"&nbsp;","og_url":"https:\/\/www.uhu.es\/etsi\/reconocimiento-de-creditos-por-estudios-universitarios-no-oficiales-titulos-propios\/","og_site_name":"ETSI, UHU","twitter_misc":{"Est. reading time":"2 minutes"},"schema":{"@context":"https:\/\/schema.org","@graph":[{"@type":"WebPage","@id":"https:\/\/www.uhu.es\/etsi\/reconocimiento-de-creditos-por-estudios-universitarios-no-oficiales-titulos-propios\/","url":"https:\/\/www.uhu.es\/etsi\/reconocimiento-de-creditos-por-estudios-universitarios-no-oficiales-titulos-propios\/","name":"Reconocimiento de cr\u00e9ditos por estudios universitarios no oficiales (T\u00edtulos Propios) - ETSI, UHU","isPartOf":{"@id":"https:\/\/www.uhu.es\/etsi\/#website"},"datePublished":"2024-07-10T10:44:46+00:00","dateModified":"2024-07-10T10:44:46+00:00","breadcrumb":{"@id":"https:\/\/www.uhu.es\/etsi\/reconocimiento-de-creditos-por-estudios-universitarios-no-oficiales-titulos-propios\/#breadcrumb"},"inLanguage":"es-ES","potentialAction":[{"@type":"ReadAction","target":["https:\/\/www.uhu.es\/etsi\/reconocimiento-de-creditos-por-estudios-universitarios-no-oficiales-titulos-propios\/"]}]},{"@type":"BreadcrumbList","@id":"https:\/\/www.uhu.es\/etsi\/reconocimiento-de-creditos-por-estudios-universitarios-no-oficiales-titulos-propios\/#breadcrumb","itemListElement":[{"@type":"ListItem","position":1,"name":"Portada","item":"https:\/\/www.uhu.es\/etsi\/"},{"@type":"ListItem","position":2,"name":"Reconocimiento de cr\u00e9ditos por estudios universitarios no oficiales (T\u00edtulos Propios)"}]},{"@type":"WebSite","@id":"https:\/\/www.uhu.es\/etsi\/#website","url":"https:\/\/www.uhu.es\/etsi\/","name":"ETSI, UHU","description":"Escuela T\u00e9cnica Superior de  Ingenier\u00eda de la Universidad de Huelva","publisher":{"@id":"https:\/\/www.uhu.es\/etsi\/#organization"},"potentialAction":[{"@type":"SearchAction","target":{"@type":"EntryPoint","urlTemplate":"https:\/\/www.uhu.es\/etsi\/?s={search_term_string}"},"query-input":"required name=search_term_string"}],"inLanguage":"es-ES"},{"@type":"Organization","@id":"https:\/\/www.uhu.es\/etsi\/#organization","name":"UHU ETSI","url":"https:\/\/www.uhu.es\/etsi\/","logo":{"@type":"ImageObject","inLanguage":"es-ES","@id":"https:\/\/www.uhu.es\/etsi\/#\/schema\/logo\/image\/","url":"http:\/\/www.uhu.es\/etsi\/wp-content\/uploads\/2016\/02\/membrete_ETSI.jpg","contentUrl":"http:\/\/www.uhu.es\/etsi\/wp-content\/uploads\/2016\/02\/membrete_ETSI.jpg","width":423,"height":81,"caption":"UHU ETSI"},"image":{"@id":"https:\/\/www.uhu.es\/etsi\/#\/schema\/logo\/image\/"}}]}},"_links":{"self":[{"href":"https:\/\/www.uhu.es\/etsi\/wp-json\/wp\/v2\/pages\/24140"}],"collection":[{"href":"https:\/\/www.uhu.es\/etsi\/wp-json\/wp\/v2\/pages"}],"about":[{"href":"https:\/\/www.uhu.es\/etsi\/wp-json\/wp\/v2\/types\/page"}],"author":[{"embeddable":true,"href":"https:\/\/www.uhu.es\/etsi\/wp-json\/wp\/v2\/users\/7"}],"replies":[{"embeddable":true,"href":"https:\/\/www.uhu.es\/etsi\/wp-json\/wp\/v2\/comments?post=24140"}],"version-history":[{"count":1,"href":"https:\/\/www.uhu.es\/etsi\/wp-json\/wp\/v2\/pages\/24140\/revisions"}],"predecessor-version":[{"id":24141,"href":"https:\/\/www.uhu.es\/etsi\/wp-json\/wp\/v2\/pages\/24140\/revisions\/24141"}],"wp:attachment":[{"href":"https:\/\/www.uhu.es\/etsi\/wp-json\/wp\/v2\/media?parent=24140"}],"curies":[{"name":"wp","href":"https:\/\/api.w.org\/{rel}","templated":true}]}}