{"id":24415,"date":"2024-09-20T08:05:44","date_gmt":"2024-09-20T07:05:44","guid":{"rendered":"https:\/\/www.uhu.es\/etsi\/?page_id=24415"},"modified":"2024-09-24T10:37:21","modified_gmt":"2024-09-24T09:37:21","slug":"programa-mentorizacion","status":"publish","type":"page","link":"https:\/\/www.uhu.es\/etsi\/programa-mentorizacion\/","title":{"rendered":"Programa Mentorizacion"},"content":{"rendered":"<p style=\"text-align: justify;\"><a href=\"https:\/\/www.uhu.es\/etsi\/wp-content\/uploads\/2024\/09\/Programa Mentorizaci\u00f3n.jpg\"><img decoding=\"async\" loading=\"lazy\" class=\"size-full wp-image-10021 aligncenter\" src=\"https:\/\/www.uhu.es\/etsi\/wp-content\/uploads\/2024\/09\/Programa Mentorizaci\u00f3n.jpg\" alt=\"cabecera patbuenA\" width=\"757\" height=\"105\" \/><\/a><\/p>\n<ul  class=\"x-nav x-nav-tabs six-up left\" >\n<li  class=\"x-nav-tabs-item active\" ><a href=\"#tab-1\" data-toggle=\"tab\">\u00bfQu\u00e9 es el Programa de Mentorizaci\u00f3n de Estudiantes?<\/a><\/li>\n<li  class=\"x-nav-tabs-item\" ><a href=\"#tab-2\" data-toggle=\"tab\">informaci\u00f3n General<\/a><\/li>\n<li  class=\"x-nav-tabs-item\" ><a href=\"#tab-3\" data-toggle=\"tab\">Mentores<\/a><\/li>\n<li  class=\"x-nav-tabs-item\" ><a href=\"#tab-4\" data-toggle=\"tab\">Alumnos Mentorizados<\/a><\/li>\n<p>&nbsp;<\/p>\n<\/ul><div  class=\"x-tab-content\" >\n<div id=\"tab-1\" class=\"x-tab-pane fade in fade in active\" >\nEl programa de Mentorizaci\u00f3n de estudiantes est\u00e1 dise\u00f1ado para acoger y acompa\u00f1ar a los alumnos que se incorporan por primera vez a la Escuela T\u00e9cnica Superior de Ingenier\u00eda.<\/p>\n<p>El principal objetivo del programa de Mentorizaci\u00f3n de estudiantes es orientar a los estudiantes de nuevo ingreso (facilitando su adaptaci\u00f3n e integraci\u00f3n acad\u00e9mica y social en la vida de la Escuela) por parte de los mentores.<br \/>\n<\/div>\n<div id=\"tab-2\" class=\"x-tab-pane fade in\" >Coordinadores del programa: Subdirector de Estudiantes y Extensi\u00f3n Universitaria de la Escuela y Delegado de Centro<\/p>\n<p>Mentores: Alumnos voluntarios de cursos superiores que conocen el Centro de cursos anteriores. Ser\u00e1n los responsables de facilitar la integraci\u00f3n de los alumnos de nuevo ingreso.<\/p>\n<p>Alumnos mentorizados: Alumnos que se incorporan al centro por primera vez.<br \/>\n<\/div>\n<div id=\"tab-3\" class=\"x-tab-pane fade in\" >Principales funciones:<br \/>\n\u2022 Participar en la Jornada de Bienvenida que se celebrar\u00e1 a principios de Septiembre<br \/>\n\u2022 Acudir a las reuniones establecidas por los coordinadores del programa<br \/>\n\u2022 Establecer un calendario de reuniones con los alumnos de nuevo ingreso a lo largo del curso (m\u00ednimo 2), realizando un acta de cada reuni\u00f3n<br \/>\n\u2022 Mantener un canal de comunicaci\u00f3n para resolver las dudas del d\u00eda a d\u00eda<br \/>\n\u2022 Elaborar un informe al final del programa que ser\u00e1 enviado a los coordinadores del programa.<\/p>\n<p>\u00bfQui\u00e9n puede ser mentor?:<br \/>\n\u2022 Cualquier alumno de la ETSI que lleve al menos 2 a\u00f1os matriculado en la escuela<\/p>\n<p>\u00bfPor qu\u00e9 vale la pena ser mentor?:<br \/>\n\u2022 Porque acompa\u00f1ar\u00e1s durante el curso a un grupo de estudiantes reci\u00e9n llegados a la Escuela ofreci\u00e9ndoles consejos e informaci\u00f3n valiosa para que puedan integrarse lo m\u00e1s r\u00e1pido y f\u00e1cil posible a la ETSI<br \/>\n\u2022 Porque podr\u00e1s obtener 1 cr\u00e9dito de libre configuraci\u00f3n (hasta 10 alumnos mentorizados) o 1,5 cr\u00e9ditos (m\u00e1s de 10 alumnos mentorizados)<\/p>\n<p>Criterio de selecci\u00f3n:<br \/>\n\u2022 En el caso de que haya m\u00e1s alumnos mentores de los necesarios en una titulaci\u00f3n el criterio de selecci\u00f3n ser\u00e1 el siguiente:<br \/>\n1. N\u00famero de cr\u00e9ditos superados de la titulaci\u00f3n<br \/>\n2. Nota del expediente<br \/>\n<\/div>\n<div id=\"tab-4\" class=\"x-tab-pane fade in\" >Principales funciones:<br \/>\n\u2022 Participar en la Jornada de Bienvenida que se celebrar\u00e1 a principios de Septiembre<br \/>\n\u2022 Acudir a las reuniones establecidas por los alumnos mentores<\/p>\n<p>\u00bfPor qu\u00e9 vale la pena ser alumno mentorizado?:<br \/>\n\u2022 Porque te sentir\u00e1s acompa\u00f1ado por estudiantes veteranos que llevan m\u00e1s tiempo en la Escuela y desean facilitar tu entrada<br \/>\n\u2022 Porque recibir\u00e1s respuestas r\u00e1pidas para solucionar dificultades que te pueden ir surgiendo durante el curso<br \/>\n\u2022 Porque recibir\u00e1s consejos para poder afrontar con m\u00e1s facilidad tus estudios universitarios<br \/>\n\u2022 Porque conocer\u00e1s a gente desde el primer d\u00eda<br \/>\n\u2022 Porque si vienes de fuera de la ciudad podr\u00e1s conocer mejor los distintos rincones de la misma<br \/>\n<\/div>\n<\/div>\n<!--\n[accordion_item parent_id=\"my-accordion\" title=\"Tutores\"]\n\nPuede consultarlo en este <a href=\"https:\/\/apppruebaetsi.uhu.es\/simplesaml\/PAT\/index.php\"><strong>enlace<\/strong><\/a>.\n\n<em><strong>a\u00fan por determinar<\/strong><\/em>\n\n[\/accordion_item]\n\n[accordion_item parent_id=\"my-accordion\" title=\"Cursos\"]\n\n\n<ul>\n \t\n\n<li style=\"list-style-type: none;\">\n\n\n<ul>\n \t\n\n<li style=\"list-style-type: none\">\n\n\n<ul>\n \t\n\n<li><a href=\"https:\/\/www.uhu.es\/etsi\/sesion-de-orientacion-profesional-para-ingenierias\/\">Sesi\u00f3n De Orientaci\u00f3n Profesional Para Ingenier\u00edas<\/a><\/li>\n\n\n \t\n\n<li><a href=\"https:\/\/www.uhu.es\/etsi\/convocatoria-alumnado-10c-de-la-catedra-fundacion-cepsa\/\">Movilidad para tu futuro<\/a><\/li>\n\n\n \t\n\n<li><a href=\"https:\/\/www.uhu.es\/etsi\/gestion-de-montes-publicos-haciendo-realidad-el-enfoque-integral\/\">Gesti\u00f3n de Montes P\u00fablicos: Haciendo Realidad el Enfoque Integral<\/a><\/li>\n\n\n<\/ul>\n\n\n<\/li>\n\n\n<\/ul>\n\n\n\n\n<ul>\n \t\n\n<li><a href=\"https:\/\/www.uhu.es\/etsi\/wp-content\/uploads\/2018\/10\/Cartel-Cursos-Excel-Estudiantes-1y2_2018_19.pdf\">Curso b\u00e1sico de EXCEL para su aplicaci\u00f3n en la resoluci\u00f3n de problemas de Ingenier\u00eda Qu\u00edmica<\/a><\/li>\n\n\n \t\n\n<li><a href=\"https:\/\/www.uhu.es\/etsi\/wp-content\/uploads\/2018\/10\/Cartel-Cursos-Excel-Estudiantes-3y4_2018_19.pdf\">Curso: EXCEL para la resoluci\u00f3n de problemas de Ingenier\u00eda Qu\u00edmica<\/a><\/li>\n\n\n<\/ul>\n\n\n<\/li>\n\n\n<\/ul>\n\n\n<!--\n \t\n\n<li><a href=\"https:\/\/www.uhu.es\/etsi\/estudiantes-2\/programa-faro\/programa-faro-curso-2018-2019\/taller-tecnicas-de-estudio\/\">Taller: \u201cT\u00e9cnicas de Estudio\u201d<\/a><\/li>\n\n\n \t\n\n<li><a href=\"https:\/\/www.uhu.es\/etsi\/estudiantes-2\/programa-faro\/programa-faro-curso-2018-2019\/curso-mathcad-para-calculos-complejos-en-ingenieria-quimica\/\">Curso: Mathcad para c\u00e1lculos complejos en Ingenier\u00eda Qu\u00edmica<\/a><\/li>\n\n\n--><\/p>\n","protected":false},"excerpt":{"rendered":"\u00bfQu\u00e9 es el Programa de Mentorizaci\u00f3n de Estudiantes? informaci\u00f3n General Mentores Alumnos Mentorizados &nbsp; El programa de Mentorizaci\u00f3n de estudiantes ... <div><a href=\"https:\/\/www.uhu.es\/etsi\/programa-mentorizacion\/\" class=\"more-link\">Read More<\/a><\/div>","protected":false},"author":7,"featured_media":0,"parent":0,"menu_order":0,"comment_status":"closed","ping_status":"closed","template":"template-layout-full-width.php","meta":[],"yoast_head":"<!-- This site is optimized with the Yoast SEO plugin v20.2.1 - https:\/\/yoast.com\/wordpress\/plugins\/seo\/ -->\n<title>Programa Mentorizacion - ETSI, UHU<\/title>\n<meta name=\"robots\" content=\"index, follow, max-snippet:-1, max-image-preview:large, max-video-preview:-1\" \/>\n<link rel=\"canonical\" href=\"https:\/\/www.uhu.es\/etsi\/programa-mentorizacion\/\" \/>\n<meta property=\"og:locale\" content=\"es_ES\" \/>\n<meta property=\"og:type\" content=\"article\" \/>\n<meta property=\"og:title\" content=\"Programa Mentorizacion - ETSI, UHU\" \/>\n<meta property=\"og:url\" content=\"https:\/\/www.uhu.es\/etsi\/programa-mentorizacion\/\" \/>\n<meta property=\"og:site_name\" content=\"ETSI, UHU\" \/>\n<meta property=\"article:modified_time\" content=\"2024-09-24T09:37:21+00:00\" \/>\n<meta name=\"twitter:label1\" content=\"Est. reading time\" \/>\n\t<meta name=\"twitter:data1\" content=\"3 minutes\" \/>\n<script type=\"application\/ld+json\" class=\"yoast-schema-graph\">{\"@context\":\"https:\/\/schema.org\",\"@graph\":[{\"@type\":\"WebPage\",\"@id\":\"https:\/\/www.uhu.es\/etsi\/programa-mentorizacion\/\",\"url\":\"https:\/\/www.uhu.es\/etsi\/programa-mentorizacion\/\",\"name\":\"Programa Mentorizacion - ETSI, UHU\",\"isPartOf\":{\"@id\":\"https:\/\/www.uhu.es\/etsi\/#website\"},\"datePublished\":\"2024-09-20T07:05:44+00:00\",\"dateModified\":\"2024-09-24T09:37:21+00:00\",\"breadcrumb\":{\"@id\":\"https:\/\/www.uhu.es\/etsi\/programa-mentorizacion\/#breadcrumb\"},\"inLanguage\":\"es-ES\",\"potentialAction\":[{\"@type\":\"ReadAction\",\"target\":[\"https:\/\/www.uhu.es\/etsi\/programa-mentorizacion\/\"]}]},{\"@type\":\"BreadcrumbList\",\"@id\":\"https:\/\/www.uhu.es\/etsi\/programa-mentorizacion\/#breadcrumb\",\"itemListElement\":[{\"@type\":\"ListItem\",\"position\":1,\"name\":\"Portada\",\"item\":\"https:\/\/www.uhu.es\/etsi\/\"},{\"@type\":\"ListItem\",\"position\":2,\"name\":\"Programa Mentorizacion\"}]},{\"@type\":\"WebSite\",\"@id\":\"https:\/\/www.uhu.es\/etsi\/#website\",\"url\":\"https:\/\/www.uhu.es\/etsi\/\",\"name\":\"ETSI, UHU\",\"description\":\"Escuela T\u00e9cnica Superior de  Ingenier\u00eda de la Universidad de Huelva\",\"publisher\":{\"@id\":\"https:\/\/www.uhu.es\/etsi\/#organization\"},\"potentialAction\":[{\"@type\":\"SearchAction\",\"target\":{\"@type\":\"EntryPoint\",\"urlTemplate\":\"https:\/\/www.uhu.es\/etsi\/?s={search_term_string}\"},\"query-input\":\"required name=search_term_string\"}],\"inLanguage\":\"es-ES\"},{\"@type\":\"Organization\",\"@id\":\"https:\/\/www.uhu.es\/etsi\/#organization\",\"name\":\"UHU ETSI\",\"url\":\"https:\/\/www.uhu.es\/etsi\/\",\"logo\":{\"@type\":\"ImageObject\",\"inLanguage\":\"es-ES\",\"@id\":\"https:\/\/www.uhu.es\/etsi\/#\/schema\/logo\/image\/\",\"url\":\"http:\/\/www.uhu.es\/etsi\/wp-content\/uploads\/2016\/02\/membrete_ETSI.jpg\",\"contentUrl\":\"http:\/\/www.uhu.es\/etsi\/wp-content\/uploads\/2016\/02\/membrete_ETSI.jpg\",\"width\":423,\"height\":81,\"caption\":\"UHU ETSI\"},\"image\":{\"@id\":\"https:\/\/www.uhu.es\/etsi\/#\/schema\/logo\/image\/\"}}]}<\/script>\n<!-- \/ Yoast SEO plugin. -->","yoast_head_json":{"title":"Programa Mentorizacion - ETSI, UHU","robots":{"index":"index","follow":"follow","max-snippet":"max-snippet:-1","max-image-preview":"max-image-preview:large","max-video-preview":"max-video-preview:-1"},"canonical":"https:\/\/www.uhu.es\/etsi\/programa-mentorizacion\/","og_locale":"es_ES","og_type":"article","og_title":"Programa Mentorizacion - ETSI, UHU","og_url":"https:\/\/www.uhu.es\/etsi\/programa-mentorizacion\/","og_site_name":"ETSI, UHU","article_modified_time":"2024-09-24T09:37:21+00:00","twitter_misc":{"Est. reading time":"3 minutes"},"schema":{"@context":"https:\/\/schema.org","@graph":[{"@type":"WebPage","@id":"https:\/\/www.uhu.es\/etsi\/programa-mentorizacion\/","url":"https:\/\/www.uhu.es\/etsi\/programa-mentorizacion\/","name":"Programa Mentorizacion - ETSI, UHU","isPartOf":{"@id":"https:\/\/www.uhu.es\/etsi\/#website"},"datePublished":"2024-09-20T07:05:44+00:00","dateModified":"2024-09-24T09:37:21+00:00","breadcrumb":{"@id":"https:\/\/www.uhu.es\/etsi\/programa-mentorizacion\/#breadcrumb"},"inLanguage":"es-ES","potentialAction":[{"@type":"ReadAction","target":["https:\/\/www.uhu.es\/etsi\/programa-mentorizacion\/"]}]},{"@type":"BreadcrumbList","@id":"https:\/\/www.uhu.es\/etsi\/programa-mentorizacion\/#breadcrumb","itemListElement":[{"@type":"ListItem","position":1,"name":"Portada","item":"https:\/\/www.uhu.es\/etsi\/"},{"@type":"ListItem","position":2,"name":"Programa Mentorizacion"}]},{"@type":"WebSite","@id":"https:\/\/www.uhu.es\/etsi\/#website","url":"https:\/\/www.uhu.es\/etsi\/","name":"ETSI, UHU","description":"Escuela T\u00e9cnica Superior de  Ingenier\u00eda de la Universidad de Huelva","publisher":{"@id":"https:\/\/www.uhu.es\/etsi\/#organization"},"potentialAction":[{"@type":"SearchAction","target":{"@type":"EntryPoint","urlTemplate":"https:\/\/www.uhu.es\/etsi\/?s={search_term_string}"},"query-input":"required name=search_term_string"}],"inLanguage":"es-ES"},{"@type":"Organization","@id":"https:\/\/www.uhu.es\/etsi\/#organization","name":"UHU ETSI","url":"https:\/\/www.uhu.es\/etsi\/","logo":{"@type":"ImageObject","inLanguage":"es-ES","@id":"https:\/\/www.uhu.es\/etsi\/#\/schema\/logo\/image\/","url":"http:\/\/www.uhu.es\/etsi\/wp-content\/uploads\/2016\/02\/membrete_ETSI.jpg","contentUrl":"http:\/\/www.uhu.es\/etsi\/wp-content\/uploads\/2016\/02\/membrete_ETSI.jpg","width":423,"height":81,"caption":"UHU ETSI"},"image":{"@id":"https:\/\/www.uhu.es\/etsi\/#\/schema\/logo\/image\/"}}]}},"_links":{"self":[{"href":"https:\/\/www.uhu.es\/etsi\/wp-json\/wp\/v2\/pages\/24415"}],"collection":[{"href":"https:\/\/www.uhu.es\/etsi\/wp-json\/wp\/v2\/pages"}],"about":[{"href":"https:\/\/www.uhu.es\/etsi\/wp-json\/wp\/v2\/types\/page"}],"author":[{"embeddable":true,"href":"https:\/\/www.uhu.es\/etsi\/wp-json\/wp\/v2\/users\/7"}],"replies":[{"embeddable":true,"href":"https:\/\/www.uhu.es\/etsi\/wp-json\/wp\/v2\/comments?post=24415"}],"version-history":[{"count":8,"href":"https:\/\/www.uhu.es\/etsi\/wp-json\/wp\/v2\/pages\/24415\/revisions"}],"predecessor-version":[{"id":24431,"href":"https:\/\/www.uhu.es\/etsi\/wp-json\/wp\/v2\/pages\/24415\/revisions\/24431"}],"wp:attachment":[{"href":"https:\/\/www.uhu.es\/etsi\/wp-json\/wp\/v2\/media?parent=24415"}],"curies":[{"name":"wp","href":"https:\/\/api.w.org\/{rel}","templated":true}]}}