{"id":24717,"date":"2024-12-19T10:56:25","date_gmt":"2024-12-19T09:56:25","guid":{"rendered":"https:\/\/www.uhu.es\/etsi\/?page_id=24717"},"modified":"2025-05-27T09:26:17","modified_gmt":"2025-05-27T08:26:17","slug":"informes","status":"publish","type":"page","link":"https:\/\/www.uhu.es\/etsi\/informes\/","title":{"rendered":"Informes Perfil del Alumnado"},"content":{"rendered":"<p class=\"titprincipal\" style=\"text-align: left;\" align=\"center\">\n<div  class=\"x-accordion-group\" ><div class=\"x-accordion-heading\"><a class=\"x-accordion-toggle collapsed\" data-toggle=\"collapse\" data-parent=\"#my-accordion\" href=\"#collapse-1\">Informe Perfil del Alumnado de Nuevo Ingreso 24-25 (PANI)<\/a><\/div> <!-- end .x-accordion-heading --><div id=\"collapse-1\" class=\"accordion-body collapse\"><div class=\"x-accordion-inner\">\n<ul style=\"list-style-type: square;\">\n<li><a href=\"https:\/\/www.uhu.es\/etsi\/wp-content\/uploads\/2024\/Pani\/2024_25_ETSI_MASTER_ING_INFORM\u00c1TICA.pdf\" target=\"_blank\" rel=\"noopener noreferrer\">Master en Ingenier\u00eda Inform\u00e1tica<\/a><\/li>\n<li><a href=\"https:\/\/www.uhu.es\/etsi\/wp-content\/uploads\/2024\/Pani\/2024_25_ETSI_MASTER_ING_MINAS.pdf\" target=\"_blank\" rel=\"noopener noreferrer\">Master en Ingenier\u00eda Minas<\/a><\/li>\n<li><a href=\"https:\/\/www.uhu.es\/etsi\/wp-content\/uploads\/2024\/Pani\/2024_25_ETSI_MASTER_ING_MONTES.pdf\" target=\"_blank\" rel=\"noopener noreferrer\">Master en Ingenier\u00eda Montes<\/a><\/li>\n<li><a href=\"https:\/\/www.uhu.es\/etsi\/wp-content\/uploads\/2024\/Pani\/2024_25_ETSI_MASTER_ING_QU\u00cdMICA.pdf\" target=\"_blank\" rel=\"noopener noreferrer\">Master en Ingenier\u00eda Qu\u00edmica<\/a><\/li>\n<li><a href=\"https:\/\/www.uhu.es\/etsi\/wp-content\/uploads\/2024\/Pani\/2024_25_PANI_ETSI_DGINGENIERIA_ELECTRICA_Y_ENERGETICA.pdf\" target=\"_blank\" rel=\"noopener noreferrer\">Grado en Ingenier\u00eda Electr\u00edca y Energ\u00e9tica<\/a><\/li>\n<li><a href=\"https:\/\/www.uhu.es\/etsi\/wp-content\/uploads\/2024\/Pani\/2024_25_PANI_ETSI_DGINGENIERIA_ELECTRONICA_INDUSTRIAL_ING_MECANICA.pdf\" target=\"_blank\" rel=\"noopener noreferrer\">Grado en Ingenier\u00eda Electr\u00f3nica y Mec\u00e1nica<\/a><\/li>\n<li><a href=\"https:\/\/www.uhu.es\/etsi\/wp-content\/uploads\/2024\/Pani\/2024_25_PANI_ETSI_DGINGENIERIA_MECANICA_ING_EXPLOTACION_DE_MINAS_Y_RR_EE.pdf\" target=\"_blank\" rel=\"noopener noreferrer\">Grado en Ingenier\u00eda Mec\u00e1nica y Explotaci\u00f3n de minas<\/a><\/li>\n<li><a href=\"https:\/\/www.uhu.es\/etsi\/wp-content\/uploads\/2024\/Pani\/2024_25_PANI_ETSI_INGENIERIA_AGRICOLA.pdf\" target=\"_blank\" rel=\"noopener noreferrer\">Grado en Ingenier\u00eda Agr\u00edcola<\/a><\/li>\n<li><a href=\"https:\/\/www.uhu.es\/etsi\/wp-content\/uploads\/2024\/Pani\/2024_25_PANI_ETSI_INGENIERIA_ELECTRICA.pdf\" target=\"_blank\" rel=\"noopener noreferrer\">Grado en Ingenier\u00eda El\u00e9ctrica <\/a><\/li>\n<li><a href=\"https:\/\/www.uhu.es\/etsi\/wp-content\/uploads\/2024\/Pani\/2024_25_PANI_ETSI_INGENIERIA_ELECTRONICA_INDUSTRIAL.pdf\" target=\"_blank\" rel=\"noopener noreferrer\">Grado en Ingenier\u00eda Electr\u00f3nica Industrial<\/a><\/li>\n<li><a href=\"https:\/\/www.uhu.es\/etsi\/wp-content\/uploads\/2024\/Pani\/2024_25_PANI_ETSI_INGENIERIA_EN EXPLOTACION_DE_ MINAS_Y_RR_EE.pdf\" target=\"_blank\" rel=\"noopener noreferrer\">Grado en Ingenier\u00eda Explotacion de Minas y Recuersos Energ\u00e9ticos<\/a><\/li>\n<li><a href=\"https:\/\/www.uhu.es\/etsi\/wp-content\/uploads\/2024\/Pani\/2024_25_PANI_ETSI_INGENIERIA_ENERGETICA.pdf\" target=\"_blank\" rel=\"noopener noreferrer\">Grado en Ingenier\u00eda Energ\u00e9tica<\/a><\/li>\n<li><a href=\"https:\/\/www.uhu.es\/etsi\/wp-content\/uploads\/2024\/Pani\/2024_25_PANI_ETSI_INGENIERIA_FORESTAL_Y_DEL_MEDIO_NATURAL.pdf\" target=\"_blank\" rel=\"noopener noreferrer\">Grado en Ingenier\u00eda Forestal y del Medio Natural<\/a><\/li>\n<li><a href=\"https:\/\/www.uhu.es\/etsi\/wp-content\/uploads\/2024\/Pani\/2024_25_PANI_ETSI_INGENIERIA_INFORMATICA.pdf\" target=\"_blank\" rel=\"noopener noreferrer\">Grado en Ingenier\u00eda Inform\u00e1tica<\/a><\/li>\n<li><a href=\"https:\/\/www.uhu.es\/etsi\/wp-content\/uploads\/2024\/Pani\/2024_25_PANI_ETSI_INGENIERIA_MECANICA.pdf\" target=\"_blank\" rel=\"noopener noreferrer\">Grado en Ingenier\u00eda Mec\u00e1nica<\/a><\/li>\n<li><a href=\"https:\/\/www.uhu.es\/etsi\/wp-content\/uploads\/2024\/Pani\/2024_25_PANI_ETSI_INGENIERIA_QUIMICA INDUSTRIAL.pdf\" target=\"_blank\" rel=\"noopener noreferrer\">Grado en Ingenier\u00eda Qu\u00edmica Industrial<\/a><\/li>\n<\/ul>\n<\/div> <!-- end .x-accordion-inner --><\/div> <!-- end .x-accordion-body --><\/div> <!-- end .x-accordion-group -->\n<p class=\"titprincipal\" style=\"text-align: left;\" align=\"center\">\n<div  class=\"x-accordion-group\" ><div class=\"x-accordion-heading\"><a class=\"x-accordion-toggle collapsed\" data-toggle=\"collapse\" data-parent=\"#my-accordion\" href=\"#collapse-2\">Informe Perfil del Alumnado de Nuevo Ingreso 23-24(PANI)<\/a><\/div> <!-- end .x-accordion-heading --><div id=\"collapse-2\" class=\"accordion-body collapse\"><div class=\"x-accordion-inner\">\n<ul style=\"list-style-type: square;\">\n<li><a href=\"https:\/\/www.uhu.es\/etsi\/wp-content\/uploads\/2025\/05\/2023-24_ETSI_MASTER_ING_INFORM\u00c1TICA.pdf\" target=\"_blank\" rel=\"noopener noreferrer\">Master en Ingenier\u00eda Inform\u00e1tica<\/a><\/li>\n<li><a href=\"https:\/\/www.uhu.es\/etsi\/wp-content\/uploads\/2025\/05\/2023-24_ETSI_MASTER_ING_INDUSTRIAL.pdf\" target=\"_blank\" rel=\"noopener noreferrer\">Master en Ingenier\u00eda Industrial<\/a><\/li>\n<li><a href=\"https:\/\/www.uhu.es\/etsi\/wp-content\/uploads\/2025\/05\/\" target=\"_blank\" rel=\"noopener noreferrer\" style=\"pointer-events: none;\">Master en Ingenier\u00eda Minas<\/a><\/li>\n<li><a href=\"https:\/\/www.uhu.es\/etsi\/wp-content\/uploads\/2025\/05\/2023-24_ETSI_MASTER_ING_MONTES.pdf\" target=\"_blank\" rel=\"noopener noreferrer\">Master en Ingenier\u00eda Montes<\/a><\/li>\n<li><a href=\"https:\/\/www.uhu.es\/etsi\/wp-content\/uploads\/2025\/05\/2023-24_ETSI_MASTER_ING_QU\u00cdMICA.pdf\" target=\"_blank\" rel=\"noopener noreferrer\"> Master en Ingenier\u00eda Qu\u00edmica<\/a><\/li>\n<li><a href=\"https:\/\/www.uhu.es\/etsi\/wp-content\/uploads\/2023\/Pani\/2023_24_PANI_ETSI_DGINGENIERIA_ELECTRICA_Y_ENERGETICA.pdf\" target=\"_blank\" rel=\"noopener noreferrer\">Grado en Ingenier\u00eda Electr\u00edca y Energ\u00e9tica<\/a><\/li>\n<li><a href=\"https:\/\/www.uhu.es\/etsi\/wp-content\/uploads\/2023\/Pani\/2023_24_PANI_ETSI_DGINGENIERIA_ELECTRONICA_INDUSTRIAL_ING_MECANICA.pdf\" target=\"_blank\" rel=\"noopener noreferrer\">Grado en Ingenier\u00eda Electr\u00f3nica y Mec\u00e1nica<\/a><\/li>\n<li><a href=\"https:\/\/www.uhu.es\/etsi\/wp-content\/uploads\/2023\/Pani\/2023_24_PANI_ETSI_DGINGENIERIA_MECANICA_ING_EXPLOTACION_DE_MINAS_Y_RR_EE.pdf\" target=\"_blank\" rel=\"noopener noreferrer\">Grado en Ingenier\u00eda Mec\u00e1nica y Explotaci\u00f3n de minas<\/a><\/li>\n<li><a href=\"https:\/\/www.uhu.es\/etsi\/wp-content\/uploads\/2023\/Pani\/2023_24_PANI_ETSI_INGENIERIA_AGRICOLA.pdf\" target=\"_blank\" rel=\"noopener noreferrer\">Grado en Ingenier\u00eda Agr\u00edcola<\/a><\/li>\n<li><a href=\"https:\/\/www.uhu.es\/etsi\/wp-content\/uploads\/2023\/Pani\/2023_24_PANI_ETSI_INGENIERIA_ELECTRICA.pdf\" target=\"_blank\" rel=\"noopener noreferrer\">Grado en Ingenier\u00eda El\u00e9ctrica <\/a><\/li>\n<li><a href=\"https:\/\/www.uhu.es\/etsi\/wp-content\/uploads\/2023\/Pani\/2023_24_PANI_ETSI_INGENIERIA_ELECTRONICA_INDUSTRIAL.pdf\" target=\"_blank\" rel=\"noopener noreferrer\">Grado en Ingenier\u00eda Electr\u00f3nica Industrial<\/a><\/li>\n<li><a href=\"https:\/\/www.uhu.es\/etsi\/wp-content\/uploads\/2023\/Pani\/2023_24_PANI_ETSI_INGENIERIA_EN EXPLOTACION_DE_ MINAS_Y_RR_EE.pdf\" target=\"_blank\" rel=\"noopener noreferrer\">Grado en Ingenier\u00eda Explotacion de Minas y Recuersos Energ\u00e9ticos<\/a><\/li>\n<li><a href=\"https:\/\/www.uhu.es\/etsi\/wp-content\/uploads\/2023\/Pani\/2023_24_PANI_ETSI_INGENIERIA_ENERGETICA.pdf\" target=\"_blank\" rel=\"noopener noreferrer\">Grado en Ingenier\u00eda Energ\u00e9tica<\/a><\/li>\n<li><a href=\"https:\/\/www.uhu.es\/etsi\/wp-content\/uploads\/2023\/Pani\/2023_24_PANI_ETSI_INGENIERIA_FORESTAL_Y_DEL_MEDIO_NATURAL.pdf\" target=\"_blank\" rel=\"noopener noreferrer\">Grado en Ingenier\u00eda Forestal y del Medio Natural<\/a><\/li>\n<li><a href=\"https:\/\/www.uhu.es\/etsi\/wp-content\/uploads\/2023\/Pani\/2023_24_PANI_ETSI_INGENIERIA_INFORMATICA.pdf\" target=\"_blank\" rel=\"noopener noreferrer\">Grado en Ingenier\u00eda Inform\u00e1tica<\/a><\/li>\n<li><a href=\"https:\/\/www.uhu.es\/etsi\/wp-content\/uploads\/2023\/Pani\/2023_24_PANI_ETSI_INGENIERIA_MECANICA.pdf\" target=\"_blank\" rel=\"noopener noreferrer\">Grado en Ingenier\u00eda Mec\u00e1nica<\/a><\/li>\n<li><a href=\"https:\/\/www.uhu.es\/etsi\/wp-content\/uploads\/2023\/Pani\/2023_24_PANI_ETSI_INGENIERIA_QUIMICA INDUSTRIAL.pdf\" target=\"_blank\" rel=\"noopener noreferrer\">Grado en Ingenier\u00eda Qu\u00edmica Industrial<\/a><\/li>\n<\/ul>\n<\/div> <!-- end .x-accordion-inner --><\/div> <!-- end .x-accordion-body --><\/div> <!-- end .x-accordion-group -->\n","protected":false},"excerpt":{"rendered":"Informe Perfil del Alumnado de Nuevo Ingreso 24-25 (PANI) Master en Ingenier\u00eda Inform\u00e1tica Master en Ingenier\u00eda Minas Master en Ingenier\u00eda ... <div><a href=\"https:\/\/www.uhu.es\/etsi\/informes\/\" class=\"more-link\">Read More<\/a><\/div>","protected":false},"author":7,"featured_media":0,"parent":0,"menu_order":0,"comment_status":"closed","ping_status":"closed","template":"template-layout-full-width.php","meta":[],"yoast_head":"<!-- This site is optimized with the Yoast SEO plugin v20.2.1 - https:\/\/yoast.com\/wordpress\/plugins\/seo\/ -->\n<title>Informes Perfil del Alumnado - ETSI, UHU<\/title>\n<meta name=\"robots\" content=\"index, follow, max-snippet:-1, max-image-preview:large, max-video-preview:-1\" \/>\n<link rel=\"canonical\" href=\"https:\/\/www.uhu.es\/etsi\/informes\/\" \/>\n<meta property=\"og:locale\" content=\"es_ES\" \/>\n<meta property=\"og:type\" content=\"article\" \/>\n<meta property=\"og:title\" content=\"Informes Perfil del Alumnado - ETSI, UHU\" \/>\n<meta property=\"og:url\" content=\"https:\/\/www.uhu.es\/etsi\/informes\/\" \/>\n<meta property=\"og:site_name\" content=\"ETSI, UHU\" \/>\n<meta property=\"article:modified_time\" content=\"2025-05-27T08:26:17+00:00\" \/>\n<meta name=\"twitter:label1\" content=\"Est. reading time\" \/>\n\t<meta name=\"twitter:data1\" content=\"1 minute\" \/>\n<script type=\"application\/ld+json\" class=\"yoast-schema-graph\">{\"@context\":\"https:\/\/schema.org\",\"@graph\":[{\"@type\":\"WebPage\",\"@id\":\"https:\/\/www.uhu.es\/etsi\/informes\/\",\"url\":\"https:\/\/www.uhu.es\/etsi\/informes\/\",\"name\":\"Informes Perfil del Alumnado - ETSI, UHU\",\"isPartOf\":{\"@id\":\"https:\/\/www.uhu.es\/etsi\/#website\"},\"datePublished\":\"2024-12-19T09:56:25+00:00\",\"dateModified\":\"2025-05-27T08:26:17+00:00\",\"breadcrumb\":{\"@id\":\"https:\/\/www.uhu.es\/etsi\/informes\/#breadcrumb\"},\"inLanguage\":\"es-ES\",\"potentialAction\":[{\"@type\":\"ReadAction\",\"target\":[\"https:\/\/www.uhu.es\/etsi\/informes\/\"]}]},{\"@type\":\"BreadcrumbList\",\"@id\":\"https:\/\/www.uhu.es\/etsi\/informes\/#breadcrumb\",\"itemListElement\":[{\"@type\":\"ListItem\",\"position\":1,\"name\":\"Portada\",\"item\":\"https:\/\/www.uhu.es\/etsi\/\"},{\"@type\":\"ListItem\",\"position\":2,\"name\":\"Informes Perfil del Alumnado\"}]},{\"@type\":\"WebSite\",\"@id\":\"https:\/\/www.uhu.es\/etsi\/#website\",\"url\":\"https:\/\/www.uhu.es\/etsi\/\",\"name\":\"ETSI, UHU\",\"description\":\"Escuela T\u00e9cnica Superior de  Ingenier\u00eda de la Universidad de Huelva\",\"publisher\":{\"@id\":\"https:\/\/www.uhu.es\/etsi\/#organization\"},\"potentialAction\":[{\"@type\":\"SearchAction\",\"target\":{\"@type\":\"EntryPoint\",\"urlTemplate\":\"https:\/\/www.uhu.es\/etsi\/?s={search_term_string}\"},\"query-input\":\"required name=search_term_string\"}],\"inLanguage\":\"es-ES\"},{\"@type\":\"Organization\",\"@id\":\"https:\/\/www.uhu.es\/etsi\/#organization\",\"name\":\"UHU ETSI\",\"url\":\"https:\/\/www.uhu.es\/etsi\/\",\"logo\":{\"@type\":\"ImageObject\",\"inLanguage\":\"es-ES\",\"@id\":\"https:\/\/www.uhu.es\/etsi\/#\/schema\/logo\/image\/\",\"url\":\"http:\/\/www.uhu.es\/etsi\/wp-content\/uploads\/2016\/02\/membrete_ETSI.jpg\",\"contentUrl\":\"http:\/\/www.uhu.es\/etsi\/wp-content\/uploads\/2016\/02\/membrete_ETSI.jpg\",\"width\":423,\"height\":81,\"caption\":\"UHU ETSI\"},\"image\":{\"@id\":\"https:\/\/www.uhu.es\/etsi\/#\/schema\/logo\/image\/\"}}]}<\/script>\n<!-- \/ Yoast SEO plugin. -->","yoast_head_json":{"title":"Informes Perfil del Alumnado - ETSI, UHU","robots":{"index":"index","follow":"follow","max-snippet":"max-snippet:-1","max-image-preview":"max-image-preview:large","max-video-preview":"max-video-preview:-1"},"canonical":"https:\/\/www.uhu.es\/etsi\/informes\/","og_locale":"es_ES","og_type":"article","og_title":"Informes Perfil del Alumnado - ETSI, UHU","og_url":"https:\/\/www.uhu.es\/etsi\/informes\/","og_site_name":"ETSI, UHU","article_modified_time":"2025-05-27T08:26:17+00:00","twitter_misc":{"Est. reading time":"1 minute"},"schema":{"@context":"https:\/\/schema.org","@graph":[{"@type":"WebPage","@id":"https:\/\/www.uhu.es\/etsi\/informes\/","url":"https:\/\/www.uhu.es\/etsi\/informes\/","name":"Informes Perfil del Alumnado - ETSI, UHU","isPartOf":{"@id":"https:\/\/www.uhu.es\/etsi\/#website"},"datePublished":"2024-12-19T09:56:25+00:00","dateModified":"2025-05-27T08:26:17+00:00","breadcrumb":{"@id":"https:\/\/www.uhu.es\/etsi\/informes\/#breadcrumb"},"inLanguage":"es-ES","potentialAction":[{"@type":"ReadAction","target":["https:\/\/www.uhu.es\/etsi\/informes\/"]}]},{"@type":"BreadcrumbList","@id":"https:\/\/www.uhu.es\/etsi\/informes\/#breadcrumb","itemListElement":[{"@type":"ListItem","position":1,"name":"Portada","item":"https:\/\/www.uhu.es\/etsi\/"},{"@type":"ListItem","position":2,"name":"Informes Perfil del Alumnado"}]},{"@type":"WebSite","@id":"https:\/\/www.uhu.es\/etsi\/#website","url":"https:\/\/www.uhu.es\/etsi\/","name":"ETSI, UHU","description":"Escuela T\u00e9cnica Superior de  Ingenier\u00eda de la Universidad de Huelva","publisher":{"@id":"https:\/\/www.uhu.es\/etsi\/#organization"},"potentialAction":[{"@type":"SearchAction","target":{"@type":"EntryPoint","urlTemplate":"https:\/\/www.uhu.es\/etsi\/?s={search_term_string}"},"query-input":"required name=search_term_string"}],"inLanguage":"es-ES"},{"@type":"Organization","@id":"https:\/\/www.uhu.es\/etsi\/#organization","name":"UHU ETSI","url":"https:\/\/www.uhu.es\/etsi\/","logo":{"@type":"ImageObject","inLanguage":"es-ES","@id":"https:\/\/www.uhu.es\/etsi\/#\/schema\/logo\/image\/","url":"http:\/\/www.uhu.es\/etsi\/wp-content\/uploads\/2016\/02\/membrete_ETSI.jpg","contentUrl":"http:\/\/www.uhu.es\/etsi\/wp-content\/uploads\/2016\/02\/membrete_ETSI.jpg","width":423,"height":81,"caption":"UHU ETSI"},"image":{"@id":"https:\/\/www.uhu.es\/etsi\/#\/schema\/logo\/image\/"}}]}},"_links":{"self":[{"href":"https:\/\/www.uhu.es\/etsi\/wp-json\/wp\/v2\/pages\/24717"}],"collection":[{"href":"https:\/\/www.uhu.es\/etsi\/wp-json\/wp\/v2\/pages"}],"about":[{"href":"https:\/\/www.uhu.es\/etsi\/wp-json\/wp\/v2\/types\/page"}],"author":[{"embeddable":true,"href":"https:\/\/www.uhu.es\/etsi\/wp-json\/wp\/v2\/users\/7"}],"replies":[{"embeddable":true,"href":"https:\/\/www.uhu.es\/etsi\/wp-json\/wp\/v2\/comments?post=24717"}],"version-history":[{"count":18,"href":"https:\/\/www.uhu.es\/etsi\/wp-json\/wp\/v2\/pages\/24717\/revisions"}],"predecessor-version":[{"id":25125,"href":"https:\/\/www.uhu.es\/etsi\/wp-json\/wp\/v2\/pages\/24717\/revisions\/25125"}],"wp:attachment":[{"href":"https:\/\/www.uhu.es\/etsi\/wp-json\/wp\/v2\/media?parent=24717"}],"curies":[{"name":"wp","href":"https:\/\/api.w.org\/{rel}","templated":true}]}}