{"id":25100,"date":"2025-05-26T10:58:04","date_gmt":"2025-05-26T09:58:04","guid":{"rendered":"https:\/\/www.uhu.es\/etsi\/?page_id=25100"},"modified":"2025-06-06T10:20:26","modified_gmt":"2025-06-06T09:20:26","slug":"30-aniversario-ing-quimica","status":"publish","type":"page","link":"https:\/\/www.uhu.es\/etsi\/30-aniversario-ing-quimica\/","title":{"rendered":"30 Aniversario de Ingenier\u00eda Qu\u00edmica en la Universidad de Huelva"},"content":{"rendered":"<p><img decoding=\"async\" src=\"https:\/\/www.uhu.es\/etsi\/wp-content\/uploads\/2025\/04\/Logo-30-IQ.png\" alt=\"Imagen\" style=\"position: absolute; top: 0; right: 0; width: 120px;\"><\/p>\n<h4>Reencuentro, historia y futuro de nuestra titulaci\u00f3n<\/h4>\n<div style=\"background-image: url('https:\/\/www.uhu.es\/etsi\/wp-content\/uploads\/2025\/04\/Logo-30-IQ-trans-2.png'); background-size: 70%; background-repeat: no-repeat; background-position: center center; padding: 20px;\">\n<p>En el presente curso acad\u00e9mico, 2024\/25, se cumple el 30\u00ba aniversario de la implantaci\u00f3n de la titulaci\u00f3n de Ingenier\u00eda Qu\u00edmica en la Universidad de Huelva, y el 25\u00ba de la graduaci\u00f3n de la primera promoci\u00f3n.<\/p>\n<p>Como acto central de esta efem\u00e9ride, la Direcci\u00f3n de la ETSI y el Departamento de Ingenier\u00eda Qu\u00edmica, Qu\u00edmica F\u00edsica y Ciencia de los Materiales organizan un Acto Acad\u00e9mico conmemorativo de este evento el pr\u00f3ximo 13 de junio de 2025 a las 19:00 en el Sal\u00f3n de actos de la Escuela, al que invitamos a todos los profesionales de Ingenier\u00eda Qu\u00edmica que realizaron sus estudios en la Universidad de Huelva, profesores de la titulaci\u00f3n, autoridades acad\u00e9micas, miembros del PTGAS, profesionales de la Industria, etc.<\/p>\n<h4>Importancia de la Ingenier\u00eda Qu\u00edmica en la Universidad de Huelva<\/h4>\n<p>La importancia de los estudios de Ingenier\u00eda Qu\u00edmica en la Universidad de Huelva queda reflejada desde su propio nacimiento, en el marco de la Ley 1\/1992, de 21 de mayo, de Coordinaci\u00f3n del Sistema Universitario Andaluz y de la Ley 4\/1993, de 1 de julio que regul\u00f3 su creaci\u00f3n. As\u00ed, se decidi\u00f3 incorporar la titulaci\u00f3n de Ingeniero Qu\u00edmico al cat\u00e1logo de estudios de la Universidad de Huelva dando cumplimiento al \u00faltimo requisito de la citada legislaci\u00f3n, comenzando su impartici\u00f3n en el curso 1994\/95, adquiriendo el centro la denominaci\u00f3n de Escuela T\u00e9cnica Superior de Ingenier\u00eda.<\/p>\n<p>Desde entonces y hasta la fecha han sido 567 los egresados de Ingenier\u00eda Qu\u00edmica en sus distintas denominaciones y planes de Estudio, desde el Ingeniero Qu\u00edmico y Grado en Ingenier\u00eda Qu\u00edmica Industrial y M\u00e1ster en Ingenier\u00eda Qu\u00edmica, que ejercen con \u00e9xito su labor profesional en los cinco continentes y en sectores diversos como la Industria Qu\u00edmica, Farmac\u00e9utica, Energ\u00e9tica, Agroalimentaria, docencia, investigaci\u00f3n, prevenci\u00f3n de riesgos laborales, etc.<\/p>\n<div  class=\"x-alert x-alert-ATENCI\u00d3N x-alert-block\" ><h6 class=\"h-alert\"><strong>Fecha y lugar<\/strong>: 13 de junio de 2025 \u00b7 ETSI, Universidad de Huelva \u00b7 19:00h<\/h6><\/div>\n<\/div>\n<div id=\"my-accordion\" class=\"x-accordion\" >\n        <div  class=\"x-accordion-group\" ><div class=\"x-accordion-heading\"><a class=\"x-accordion-toggle collapsed\" data-toggle=\"collapse\" data-parent=\"#my-accordion\" href=\"#collapse-1\">Programa<\/a><\/div> <!-- end .x-accordion-heading --><div id=\"collapse-1\" class=\"accordion-body collapse\"><div class=\"x-accordion-inner\">\n<p>&#x1f556; <strong>19:00<\/strong> \u2013 Apertura del acto<\/p>\n<p>&#x1f3a4; <strong>19:15<\/strong> \u2013 Mesa redonda<\/p>\n<p>&#x1f3ac; <strong>20:00<\/strong> \u2013 Proyecci\u00f3n del v\u00eddeo conmemorativo<\/p>\n<p>&#x1f4f8; <strong>20:10<\/strong> \u2013 Breves intervenciones de personas destacadas en el campo de la Ingenier\u00eda Qu\u00edmica<\/p>\n<p>&#x1f4f8; <strong>20:45<\/strong> \u2013 Premio a la mascota<\/p>\n<p>&#x1f556; <strong>20:55<\/strong> \u2013 Clausura del acto<\/p>\n<p>&#x1f942; <strong>21:00<\/strong> \u2013 C\u00f3ctel-picoteo en el hall del edificio<\/p>\n<p><strong>Programa definitivo: <\/strong><a href=\"https:\/\/www.uhu.es\/etsi\/wp-content\/uploads\/2025\/06\/Programa%20Acto%20Acad%C3%A9mico%20Trig%C3%A9simo%20Aniversario%20Ing.%20Qu%C3%ADmica.pdf\">Programa Acto Acad\u00e9mico Trig\u00e9simo Aniversario Ing. Qu\u00edmica<\/a><\/p>\n<p>        <\/div> <!-- end .x-accordion-inner --><\/div> <!-- end .x-accordion-body --><\/div> <!-- end .x-accordion-group -->\n<div  class=\"x-accordion-group\" ><div class=\"x-accordion-heading\"><a class=\"x-accordion-toggle collapsed\" data-toggle=\"collapse\" data-parent=\"#my-accordion\" href=\"#collapse-2\">Ponentes y Mesa Redonda<\/a><\/div> <!-- end .x-accordion-heading --><div id=\"collapse-2\" class=\"accordion-body collapse\"><div class=\"x-accordion-inner\">\n<ul>\n<li>Antonio P\u00e9rez Lepe: Director de la Divisi\u00f3n de Emprendimiento de REPSOL <strong>MODERADOR DE LA MESA<\/strong><\/li>\n<p>                        <img decoding=\"async\" src=\"https:\/\/www.uhu.es\/etsi\/wp-content\/uploads\/2025\/06\/Antonio%20P%C3%A9rez_REPSOL.jfif\" alt=\"Ponente 1\" style=\"max-height: 240px; object-fit: contain;\"><br \/>\n                        <\/p>\n<li>Irene Ruiz Oria: Jefa de grupo de I+D en Atlantic Copper<\/li>\n<p>                        <img decoding=\"async\" src=\"https:\/\/www.uhu.es\/etsi\/wp-content\/uploads\/2025\/06\/Irene Ru\u00edz_Atlantic Copper.jpg\" alt=\"Ponente 2\" style=\"max-height: 240px; object-fit: contain;\"><br \/>\n                        <\/p>\n<li>\u00d3scar R\u00edos Mesurado: Director de la L\u00ednea de Negocio de Proyectos EPC en Inerco<\/li>\n<p>                        <img decoding=\"async\" src=\"https:\/\/www.uhu.es\/etsi\/wp-content\/uploads\/2025\/06\/Oscar R\u00edos_INERCO.jpg\" alt=\"Ponente 3\" style=\"max-height: 240px; object-fit: contain;\"><br \/>\n                        <\/p>\n<li>M\u00aa Jes\u00fas Pousada D\u00edaz: Responsable de Sostenibilidad y Transici\u00f3n Energ\u00e9tica en la Autoridad Portuaria de Huelva<\/li>\n<p>                        <img decoding=\"async\" src=\"https:\/\/www.uhu.es\/etsi\/wp-content\/uploads\/2025\/06\/M Jes\u00fas_Puerto Huelva.jpg\" alt=\"Ponente 4\" style=\"max-height: 240px; object-fit: contain;\"><br \/>\n                        <\/p>\n<li>Carmen Garc\u00eda Jim\u00e9nez: Ingeniera de procesos de planta en MOEVE<\/li>\n<p>                        <img decoding=\"async\" src=\"https:\/\/www.uhu.es\/etsi\/wp-content\/uploads\/2025\/06\/Carmen Jimenez_MOEVE.jpeg\" alt=\"Ponente 5\" style=\"max-height: 240px; object-fit: contain;\"><br \/>\n                        <\/p>\n<li>Sebasti\u00e1n Caparr\u00f3s: CEO de Blue Solar<\/li>\n<p>                        <img decoding=\"async\" src=\"https:\/\/www.uhu.es\/etsi\/wp-content\/uploads\/2025\/06\/Sebastian_Caparros.png\" alt=\"Ponente 6\" style=\"max-height: 240px; object-fit: contain;\">\n                <\/ul>\n<p>        <\/div> <!-- end .x-accordion-inner --><\/div> <!-- end .x-accordion-body --><\/div> <!-- end .x-accordion-group -->\n<div  class=\"x-accordion-group\" ><div class=\"x-accordion-heading\"><a class=\"x-accordion-toggle collapsed\" data-toggle=\"collapse\" data-parent=\"#my-accordion\" href=\"#collapse-3\">Inscripci\u00f3n<\/a><\/div> <!-- end .x-accordion-heading --><div id=\"collapse-3\" class=\"accordion-body collapse\"><div class=\"x-accordion-inner\">\n<p>Para una mejor organizaci\u00f3n del evento, y para preparar un obsequio de bienvenida, te pedimos que confirmes tu asistencia.<\/p>\n<p>&#x27a1;&#xfe0f; Confirma tu asistencia aqu\u00ed: <a href=\"https:\/\/docs.google.com\/forms\/d\/e\/1FAIpQLSefDgmSotPc3GVfAwUcqbTZYjghM0vkJyiQn5A9HdSe7DnxDA\/viewform?usp=dialog\">https:\/\/docs.google.com\/forms\/d\/e\/1FAIpQLSefDgmSotPc3GVfAwUcqbTZYjghM0vkJyiQn5A9HdSe7DnxDA\/viewform?usp=dialog<\/a><\/p>\n<p>        <\/div> <!-- end .x-accordion-inner --><\/div> <!-- end .x-accordion-body --><\/div> <!-- end .x-accordion-group -->\n<div  class=\"x-accordion-group\" ><div class=\"x-accordion-heading\"><a class=\"x-accordion-toggle collapsed\" data-toggle=\"collapse\" data-parent=\"#my-accordion\" href=\"#collapse-4\">Concurso Mascota IQ-UHU<\/a><\/div> <!-- end .x-accordion-heading --><div id=\"collapse-4\" class=\"accordion-body collapse\"><div class=\"x-accordion-inner\">\n<p>Con motivo del 30\u00ba Aniversario de Ingenier\u00eda Qu\u00edmica en la Universidad de Huelva, se convoca un concurso para dise\u00f1ar la mascota oficial de la titulaci\u00f3n.<\/p>\n<p>Participar en este concurso brinda la oportunidad de dejar una huella en la historia de Ingenier\u00eda Qu\u00edmica en la Universidad de Huelva, ya que el dise\u00f1o ganador se convertir\u00e1 en la mascota oficial de la titulaci\u00f3n y ser\u00e1 utilizado en eventos, actividades y futuras promociones. Adem\u00e1s, el ganador o equipo ganador recibir\u00e1 un diploma acreditativo y un premio.<\/p>\n<p><strong>\u00bfC\u00f3mo y cu\u00e1ndo presentar una propuesta?<\/strong><\/p>\n<p>Cada participante o equipo deber\u00e1 presentar un dise\u00f1o original e in\u00e9dito de una mascota que represente la Ingenier\u00eda Qu\u00edmica en la Universidad de Huelva. El dise\u00f1o podr\u00e1 realizarse en formato digital o a mano (en este \u00faltimo caso, deber\u00e1 ser digitalizado para su env\u00edo).<\/p>\n<p>Las propuestas deber\u00e1n incluir la siguiente informaci\u00f3n:<\/p>\n<ol>\n<li>T\u00edtulo de la propuesta<\/li>\n<li>Nombre completo del participante o equipo (en caso de equipos, incluir los nombres de todos los miembros)<\/li>\n<li>Correo electr\u00f3nico y tel\u00e9fono de contacto<\/li>\n<li>Dise\u00f1o de la mascota en PDF.<\/li>\n<li>Resumen explicativo (m\u00e1ximo 200 palabras) detallando el concepto de la mascota y su relaci\u00f3n con la Ingenier\u00eda Qu\u00edmica en la UHU.<\/li>\n<\/ol>\n<p>Las propuestas deber\u00e1n enviarse a trav\u00e9s de IQ-UHU30aniversario@diq.uhu.es, indicando en el asunto \u201cPARTICIPACI\u00d3N_CONCURSO\u201d. Y la fecha l\u00edmite de entrega ser\u00e1 el 07 de junio de 2025.<\/p>\n<p>Enlace para descargar bases completas: <a href=\"https:\/\/www.uhu.es\/etsi\/wp-content\/uploads\/2025\/05\/bases_Consurso_IQ_2025-1.pdf\">https:\/\/www.uhu.es\/etsi\/wp-content\/uploads\/2025\/05\/bases_Consurso_IQ_2025-1.pdf<\/a><\/p>\n<p>                <a href=\"https:\/\/www.uhu.es\/etsi\/wp-content\/uploads\/2025\/05\/Cartel-3_page-0001-scaled.jpg\"><img decoding=\"async\" loading=\"lazy\" src=\"https:\/\/www.uhu.es\/etsi\/wp-content\/uploads\/2025\/05\/Concurso-Mascota-Cartel-Horizontal.jpg\" alt=\"\" width=\"1810\" height=\"2560\" class=\"alignnone size-full wp-image-25034\" \/><\/a><br \/>\n        <\/div> <!-- end .x-accordion-inner --><\/div> <!-- end .x-accordion-body --><\/div> <!-- end .x-accordion-group -->\n<div  class=\"x-accordion-group\" ><div class=\"x-accordion-heading\"><a class=\"x-accordion-toggle collapsed\" data-toggle=\"collapse\" data-parent=\"#my-accordion\" href=\"#collapse-5\">Comit\u00e9 organizador<\/a><\/div> <!-- end .x-accordion-heading --><div id=\"collapse-5\" class=\"accordion-body collapse\"><div class=\"x-accordion-inner\">\n<p>El comit\u00e9 organizador est\u00e1 formado por miembros del profesorado de la Escuela T\u00e9cnica Superior de Ingenier\u00eda de la ETSI, con gran ilusi\u00f3n por hacer de este evento un momento especial.<\/p>\n<ul>\n<li>Francisco Javier Navarro Dom\u00ednguez<\/li>\n<li>Esperanza Cort\u00e9s Trivi\u00f1o<\/li>\n<li>Clara Delgado S\u00e1nchez<\/li>\n<li>Antonio Abad Cuadri Vega<\/li>\n<li>Inmaculada Mart\u00ednez Garc\u00eda<\/li>\n<li>Mar\u00eda Jos\u00e9 Mart\u00edn Alfonso<\/li>\n<li>Jos\u00e9 Enrique Moros Mart\u00ednez<\/li>\n<li>Miguel \u00c1ngel Delgado Canto<\/li>\n<li>Mois\u00e9s Garc\u00eda Morales<\/li>\n<li>Juan Carlos Garc\u00eda Dom\u00ednguez<\/li>\n<li>Miguel \u00c1ngel V\u00e9lez V\u00e9lez<\/li>\n<\/ul>\n<p>        <\/div> <!-- end .x-accordion-inner --><\/div> <!-- end .x-accordion-body --><\/div> <!-- end .x-accordion-group -->\n<div  class=\"x-accordion-group\" ><div class=\"x-accordion-heading\"><a class=\"x-accordion-toggle collapsed\" data-toggle=\"collapse\" data-parent=\"#my-accordion\" href=\"#collapse-6\">Contacto<\/a><\/div> <!-- end .x-accordion-heading --><div id=\"collapse-6\" class=\"accordion-body collapse\"><div class=\"x-accordion-inner\">\n<p><strong>IQ-UHU30aniversario@diq.uhu.es<\/strong><\/p>\n<p>        <\/div> <!-- end .x-accordion-inner --><\/div> <!-- end .x-accordion-body --><\/div> <!-- end .x-accordion-group -->\n<div  class=\"x-accordion-group\" ><div class=\"x-accordion-heading\"><a class=\"x-accordion-toggle collapsed\" data-toggle=\"collapse\" data-parent=\"#my-accordion\" href=\"#collapse-7\">Patrocinadores \/ Colaboradores<\/a><\/div> <!-- end .x-accordion-heading --><div id=\"collapse-7\" class=\"accordion-body collapse\"><div class=\"x-accordion-inner\">\n<div style=\"display: flex; justify-content: center; align-items: center; flex-wrap: wrap; gap: 30px;\">\n                        <img decoding=\"async\" src=\"https:\/\/www.uhu.es\/etsi\/wp-content\/uploads\/2017\/11\/LOGO-ETSI-2017-CON-UHU-01-e1510574222694.jpg\" alt=\"Patrocinador 1\" style=\"max-height: 80px; object-fit: contain;\"><br \/>\n                        <img decoding=\"async\" src=\"https:\/\/www.uhu.es\/etsi\/wp-content\/uploads\/2025\/01\/LogIngQuimica_nuevo.png\" alt=\"Patrocinador 2\" style=\"max-height: 80px; object-fit: contain;\"><br \/>\n                        <img decoding=\"async\" src=\"https:\/\/www.uhu.es\/etsi\/wp-content\/uploads\/2025\/04\/logo-catedra-Provincia.jpeg\" alt=\"Patrocinador 3\" style=\"max-height: 80px; object-fit: contain;\"><br \/>\n                        <img decoding=\"async\" src=\"https:\/\/www.uhu.es\/etsi\/wp-content\/uploads\/2025\/01\/logotipo-Pro2TecS-1.jpg\" alt=\"Patrocinador 4\" style=\"max-height: 80px; object-fit: contain;\"><br \/>\n                        <img decoding=\"async\" src=\"https:\/\/www.uhu.es\/etsi\/wp-content\/uploads\/2025\/01\/logo-moeve.png\" alt=\"Patrocinador 5\" style=\"max-height: 80px; object-fit: contain;\"><br \/>\n                        <img decoding=\"async\" src=\"https:\/\/www.uhu.es\/etsi\/wp-content\/uploads\/2025\/05\/logo-Consejo-social.png\" alt=\"Patrocinador 6\" style=\"max-height: 80px; object-fit: contain;\"><br \/>\n                        <img decoding=\"async\" src=\"https:\/\/www.uhu.es\/etsi\/wp-content\/uploads\/2025\/05\/logo-atlantic-copper.jpg\" alt=\"Patrocinador 7\" style=\"max-height: 80px; object-fit: contain;\"><br \/>\n                        <img decoding=\"async\" src=\"https:\/\/www.uhu.es\/etsi\/wp-content\/uploads\/2025\/06\/cropped-logo.jpg\" alt=\"Patrocinador 8\" style=\"max-height: 80px; object-fit: contain;\">\n                <\/div>\n<p>        <\/div> <!-- end .x-accordion-inner --><\/div> <!-- end .x-accordion-body --><\/div> <!-- end .x-accordion-group -->\n<\/div>\n","protected":false},"excerpt":{"rendered":"<p>Reencuentro, historia y futuro de nuestra titulaci\u00f3n En el presente curso acad\u00e9mico, 2024\/25, se cumple el 30\u00ba aniversario de la &#8230; <\/p>\n<div><a href=\"https:\/\/www.uhu.es\/etsi\/30-aniversario-ing-quimica\/\" class=\"more-link\">Read More<\/a><\/div>\n","protected":false},"author":7,"featured_media":0,"parent":0,"menu_order":0,"comment_status":"closed","ping_status":"closed","template":"template-layout-full-width.php","meta":[],"yoast_head":"<!-- This site is optimized with the Yoast SEO plugin v20.2.1 - https:\/\/yoast.com\/wordpress\/plugins\/seo\/ -->\n<title>30 Aniversario de Ingenier\u00eda Qu\u00edmica en la Universidad de Huelva - ETSI, UHU<\/title>\n<meta name=\"robots\" content=\"index, follow, max-snippet:-1, max-image-preview:large, max-video-preview:-1\" \/>\n<link rel=\"canonical\" href=\"https:\/\/www.uhu.es\/etsi\/30-aniversario-ing-quimica\/\" \/>\n<meta property=\"og:locale\" content=\"es_ES\" \/>\n<meta property=\"og:type\" content=\"article\" \/>\n<meta property=\"og:title\" content=\"30 Aniversario de Ingenier\u00eda Qu\u00edmica en la Universidad de Huelva - ETSI, UHU\" \/>\n<meta property=\"og:description\" content=\"Reencuentro, historia y futuro de nuestra titulaci\u00f3n En el presente curso acad\u00e9mico, 2024\/25, se cumple el 30\u00ba aniversario de la ... Read More\" \/>\n<meta property=\"og:url\" content=\"https:\/\/www.uhu.es\/etsi\/30-aniversario-ing-quimica\/\" \/>\n<meta property=\"og:site_name\" content=\"ETSI, UHU\" \/>\n<meta property=\"article:modified_time\" content=\"2025-06-06T09:20:26+00:00\" \/>\n<meta property=\"og:image\" content=\"https:\/\/www.uhu.es\/etsi\/wp-content\/uploads\/2025\/04\/Logo-30-IQ.png\" \/>\n<meta name=\"twitter:label1\" content=\"Est. reading time\" \/>\n\t<meta name=\"twitter:data1\" content=\"7 minutes\" \/>\n<script type=\"application\/ld+json\" class=\"yoast-schema-graph\">{\"@context\":\"https:\/\/schema.org\",\"@graph\":[{\"@type\":\"WebPage\",\"@id\":\"https:\/\/www.uhu.es\/etsi\/30-aniversario-ing-quimica\/\",\"url\":\"https:\/\/www.uhu.es\/etsi\/30-aniversario-ing-quimica\/\",\"name\":\"30 Aniversario de Ingenier\u00eda Qu\u00edmica en la Universidad de Huelva - ETSI, UHU\",\"isPartOf\":{\"@id\":\"https:\/\/www.uhu.es\/etsi\/#website\"},\"datePublished\":\"2025-05-26T09:58:04+00:00\",\"dateModified\":\"2025-06-06T09:20:26+00:00\",\"breadcrumb\":{\"@id\":\"https:\/\/www.uhu.es\/etsi\/30-aniversario-ing-quimica\/#breadcrumb\"},\"inLanguage\":\"es-ES\",\"potentialAction\":[{\"@type\":\"ReadAction\",\"target\":[\"https:\/\/www.uhu.es\/etsi\/30-aniversario-ing-quimica\/\"]}]},{\"@type\":\"BreadcrumbList\",\"@id\":\"https:\/\/www.uhu.es\/etsi\/30-aniversario-ing-quimica\/#breadcrumb\",\"itemListElement\":[{\"@type\":\"ListItem\",\"position\":1,\"name\":\"Portada\",\"item\":\"https:\/\/www.uhu.es\/etsi\/\"},{\"@type\":\"ListItem\",\"position\":2,\"name\":\"30 Aniversario de Ingenier\u00eda Qu\u00edmica en la Universidad de Huelva\"}]},{\"@type\":\"WebSite\",\"@id\":\"https:\/\/www.uhu.es\/etsi\/#website\",\"url\":\"https:\/\/www.uhu.es\/etsi\/\",\"name\":\"ETSI, UHU\",\"description\":\"Escuela T\u00e9cnica Superior de  Ingenier\u00eda de la Universidad de Huelva\",\"publisher\":{\"@id\":\"https:\/\/www.uhu.es\/etsi\/#organization\"},\"potentialAction\":[{\"@type\":\"SearchAction\",\"target\":{\"@type\":\"EntryPoint\",\"urlTemplate\":\"https:\/\/www.uhu.es\/etsi\/?s={search_term_string}\"},\"query-input\":\"required name=search_term_string\"}],\"inLanguage\":\"es-ES\"},{\"@type\":\"Organization\",\"@id\":\"https:\/\/www.uhu.es\/etsi\/#organization\",\"name\":\"UHU ETSI\",\"url\":\"https:\/\/www.uhu.es\/etsi\/\",\"logo\":{\"@type\":\"ImageObject\",\"inLanguage\":\"es-ES\",\"@id\":\"https:\/\/www.uhu.es\/etsi\/#\/schema\/logo\/image\/\",\"url\":\"http:\/\/www.uhu.es\/etsi\/wp-content\/uploads\/2016\/02\/membrete_ETSI.jpg\",\"contentUrl\":\"http:\/\/www.uhu.es\/etsi\/wp-content\/uploads\/2016\/02\/membrete_ETSI.jpg\",\"width\":423,\"height\":81,\"caption\":\"UHU ETSI\"},\"image\":{\"@id\":\"https:\/\/www.uhu.es\/etsi\/#\/schema\/logo\/image\/\"}}]}<\/script>\n<!-- \/ Yoast SEO plugin. -->","yoast_head_json":{"title":"30 Aniversario de Ingenier\u00eda Qu\u00edmica en la Universidad de Huelva - ETSI, UHU","robots":{"index":"index","follow":"follow","max-snippet":"max-snippet:-1","max-image-preview":"max-image-preview:large","max-video-preview":"max-video-preview:-1"},"canonical":"https:\/\/www.uhu.es\/etsi\/30-aniversario-ing-quimica\/","og_locale":"es_ES","og_type":"article","og_title":"30 Aniversario de Ingenier\u00eda Qu\u00edmica en la Universidad de Huelva - ETSI, UHU","og_description":"Reencuentro, historia y futuro de nuestra titulaci\u00f3n En el presente curso acad\u00e9mico, 2024\/25, se cumple el 30\u00ba aniversario de la ... Read More","og_url":"https:\/\/www.uhu.es\/etsi\/30-aniversario-ing-quimica\/","og_site_name":"ETSI, UHU","article_modified_time":"2025-06-06T09:20:26+00:00","og_image":[{"url":"https:\/\/www.uhu.es\/etsi\/wp-content\/uploads\/2025\/04\/Logo-30-IQ.png"}],"twitter_misc":{"Est. reading time":"7 minutes"},"schema":{"@context":"https:\/\/schema.org","@graph":[{"@type":"WebPage","@id":"https:\/\/www.uhu.es\/etsi\/30-aniversario-ing-quimica\/","url":"https:\/\/www.uhu.es\/etsi\/30-aniversario-ing-quimica\/","name":"30 Aniversario de Ingenier\u00eda Qu\u00edmica en la Universidad de Huelva - ETSI, UHU","isPartOf":{"@id":"https:\/\/www.uhu.es\/etsi\/#website"},"datePublished":"2025-05-26T09:58:04+00:00","dateModified":"2025-06-06T09:20:26+00:00","breadcrumb":{"@id":"https:\/\/www.uhu.es\/etsi\/30-aniversario-ing-quimica\/#breadcrumb"},"inLanguage":"es-ES","potentialAction":[{"@type":"ReadAction","target":["https:\/\/www.uhu.es\/etsi\/30-aniversario-ing-quimica\/"]}]},{"@type":"BreadcrumbList","@id":"https:\/\/www.uhu.es\/etsi\/30-aniversario-ing-quimica\/#breadcrumb","itemListElement":[{"@type":"ListItem","position":1,"name":"Portada","item":"https:\/\/www.uhu.es\/etsi\/"},{"@type":"ListItem","position":2,"name":"30 Aniversario de Ingenier\u00eda Qu\u00edmica en la Universidad de Huelva"}]},{"@type":"WebSite","@id":"https:\/\/www.uhu.es\/etsi\/#website","url":"https:\/\/www.uhu.es\/etsi\/","name":"ETSI, UHU","description":"Escuela T\u00e9cnica Superior de  Ingenier\u00eda de la Universidad de Huelva","publisher":{"@id":"https:\/\/www.uhu.es\/etsi\/#organization"},"potentialAction":[{"@type":"SearchAction","target":{"@type":"EntryPoint","urlTemplate":"https:\/\/www.uhu.es\/etsi\/?s={search_term_string}"},"query-input":"required name=search_term_string"}],"inLanguage":"es-ES"},{"@type":"Organization","@id":"https:\/\/www.uhu.es\/etsi\/#organization","name":"UHU ETSI","url":"https:\/\/www.uhu.es\/etsi\/","logo":{"@type":"ImageObject","inLanguage":"es-ES","@id":"https:\/\/www.uhu.es\/etsi\/#\/schema\/logo\/image\/","url":"http:\/\/www.uhu.es\/etsi\/wp-content\/uploads\/2016\/02\/membrete_ETSI.jpg","contentUrl":"http:\/\/www.uhu.es\/etsi\/wp-content\/uploads\/2016\/02\/membrete_ETSI.jpg","width":423,"height":81,"caption":"UHU ETSI"},"image":{"@id":"https:\/\/www.uhu.es\/etsi\/#\/schema\/logo\/image\/"}}]}},"_links":{"self":[{"href":"https:\/\/www.uhu.es\/etsi\/wp-json\/wp\/v2\/pages\/25100"}],"collection":[{"href":"https:\/\/www.uhu.es\/etsi\/wp-json\/wp\/v2\/pages"}],"about":[{"href":"https:\/\/www.uhu.es\/etsi\/wp-json\/wp\/v2\/types\/page"}],"author":[{"embeddable":true,"href":"https:\/\/www.uhu.es\/etsi\/wp-json\/wp\/v2\/users\/7"}],"replies":[{"embeddable":true,"href":"https:\/\/www.uhu.es\/etsi\/wp-json\/wp\/v2\/comments?post=25100"}],"version-history":[{"count":41,"href":"https:\/\/www.uhu.es\/etsi\/wp-json\/wp\/v2\/pages\/25100\/revisions"}],"predecessor-version":[{"id":25169,"href":"https:\/\/www.uhu.es\/etsi\/wp-json\/wp\/v2\/pages\/25100\/revisions\/25169"}],"wp:attachment":[{"href":"https:\/\/www.uhu.es\/etsi\/wp-json\/wp\/v2\/media?parent=25100"}],"curies":[{"name":"wp","href":"https:\/\/api.w.org\/{rel}","templated":true}]}}