{"id":25306,"date":"2025-07-07T11:04:22","date_gmt":"2025-07-07T10:04:22","guid":{"rendered":"https:\/\/www.uhu.es\/etsi\/?page_id=25306"},"modified":"2026-02-19T11:08:24","modified_gmt":"2026-02-19T10:08:24","slug":"examenes-2025-2026","status":"publish","type":"page","link":"https:\/\/www.uhu.es\/etsi\/examenes-2025-2026\/","title":{"rendered":"Ex\u00e1menes 2025-2026"},"content":{"rendered":"<div  class=\"x-accordion-group\" ><div class=\"x-accordion-heading\"><a class=\"x-accordion-toggle collapsed\" data-toggle=\"collapse\" data-parent=\"#my-accordion\" href=\"#collapse-1\">T\u00edtulos de Grado<\/a><\/div> <!-- end .x-accordion-heading --><div id=\"collapse-1\" class=\"accordion-body collapse\"><div class=\"x-accordion-inner\">\n<ul>\n<li><a href=\"https:\/\/apppruebaetsi.uhu.es\/simplesaml\/app_gestion_cursos\/C_examenes\/xml\/xml_document.php?tit=G32&#038;year=2026&#038;id_cal=51\">Grado en Ingenier\u00eda Agr\u00edcola<\/a><\/li>\n<li><a href=\"https:\/\/apppruebaetsi.uhu.es\/simplesaml\/app_gestion_cursos\/C_examenes\/xml\/xml_document.php?tit=G30&#038;year=2026&#038;id_cal=51\">Grado de Ingenier\u00eda en Explotaci\u00f3n de Minas y Recursos Energ\u00e9ticos<\/a><\/li>\n<li><a href=\"https:\/\/apppruebaetsi.uhu.es\/simplesaml\/app_gestion_cursos\/C_examenes\/xml\/xml_document.php?tit=184&#038;year=2026&#038;id_cal=51\">Grado de Ingenier\u00eda Minera<\/a><\/li>\n<li><a href=\"https:\/\/apppruebaetsi.uhu.es\/simplesaml\/app_gestion_cursos\/C_examenes\/xml\/xml_document.php?tit=G26&#038;year=2026&#038;id_cal=51\">Grado en Ingenier\u00eda Inform\u00e1tica<\/a><\/li>\n<li><a href=\"https:\/\/apppruebaetsi.uhu.es\/simplesaml\/app_gestion_cursos\/C_examenes\/xml\/xml_document.php?tit=G27&#038;year=2026&#038;id_cal=51\">Grado en Ingenier\u00eda Forestal y del Medio Natural<\/a><\/li>\n<li><a href=\"https:\/\/apppruebaetsi.uhu.es\/simplesaml\/app_gestion_cursos\/C_examenes\/xml\/xml_document.php?tit=G33&#038;year=2026&#038;id_cal=51\">Grado en Ingenier\u00eda Energ\u00e9tica<\/a><\/li>\n<li><a href=\"https:\/\/apppruebaetsi.uhu.es\/simplesaml\/app_gestion_cursos\/C_examenes\/xml\/xml_document.php?tit=185&#038;year=2026&#038;id_cal=51\">Grado en Ingenier\u00eda de Energ\u00edas Renovables y Tecnolog\u00eda de Hidr\u00f3geno<\/a><\/li>\n<li><a href=\"https:\/\/apppruebaetsi.uhu.es\/simplesaml\/app_gestion_cursos\/C_examenes\/xml\/xml_document.php?tit=G29&#038;year=2026&#038;id_cal=51\">Grado en Ingenier\u00eda Electr\u00f3nica Industrial<\/a><\/li>\n<li><a href=\"https:\/\/apppruebaetsi.uhu.es\/simplesaml\/app_gestion_cursos\/C_examenes\/xml\/xml_document.php?tit=G28&#038;year=2026&#038;id_cal=51\">Grado en Ingenier\u00eda El\u00e9ctrica<\/a><\/li>\n<li><a href=\"https:\/\/apppruebaetsi.uhu.es\/simplesaml\/app_gestion_cursos\/C_examenes\/xml\/xml_document.php?tit=G25&#038;year=2026&#038;id_cal=51\">Grado en Ingenier\u00eda Mec\u00e1nica<\/a><\/li>\n<li><a href=\"https:\/\/apppruebaetsi.uhu.es\/simplesaml\/app_gestion_cursos\/C_examenes\/xml\/xml_document.php?tit=G31&#038;year=2026&#038;id_cal=51\">Grado en Ingenier\u00eda Qu\u00edmica Industrial<\/a><\/li>\n<li><a href=\"https:\/\/apppruebaetsi.uhu.es\/simplesaml\/app_gestion_cursos\/C_examenes\/xml\/xml_document.php?tit=H97&#038;year=2026&#038;id_cal=51\">Doble Grado en Ingenier\u00eda Electr\u00f3nica Industrial e Ingenier\u00eda Mec\u00e1nica<\/a><\/li>\n<li><a href=\"https:\/\/apppruebaetsi.uhu.es\/simplesaml\/app_gestion_cursos\/C_examenes\/xml\/xml_document.php?tit=H98&#038;year=2026&#038;id_cal=51\">Doble Grado en Ingenier\u00eda El\u00e9ctrica e Ingenier\u00eda Energ\u00e9tica<\/a><\/li>\n<li><a href=\"https:\/\/apppruebaetsi.uhu.es\/simplesaml\/app_gestion_cursos\/C_examenes\/xml\/xml_document.php?tit=186&#038;year=2026&#038;id_cal=51\">Doble Grado en Ingenier\u00eda El\u00e9ctrica e Ingenier\u00eda de Energ\u00edas Renovables y Tecnolog\u00eda del Hidr\u00f3geno <\/a><\/li>\n<li><a href=\"https:\/\/apppruebaetsi.uhu.es\/simplesaml\/app_gestion_cursos\/C_examenes\/xml\/xml_document.php?tit=G58&#038;year=2026&#038;id_cal=51\">Doble Grado en Ingenier\u00eda Mec\u00e1nica e Ingenier\u00eda en Explotaci\u00f3n de Minas y Recursos Energ\u00e9ticos<\/a><\/li>\n<li><a href=\"https:\/\/apppruebaetsi.uhu.es\/simplesaml\/app_gestion_cursos\/C_examenes\/xml\/xml_document.php?tit=187&#038;year=2026&#038;id_cal=51\">Doble Grado en Ingenier\u00eda Minera e Ingenier\u00eda Mec\u00e1nica<\/a><\/li>\n<\/ul>\n<\/div> <!-- end .x-accordion-inner --><\/div> <!-- end .x-accordion-body --><\/div> <!-- end .x-accordion-group -->\n<div  class=\"x-accordion-group\" ><div class=\"x-accordion-heading\"><a class=\"x-accordion-toggle collapsed\" data-toggle=\"collapse\" data-parent=\"#my-accordion\" href=\"#collapse-2\">T\u00edtulos de M\u00e1ster<\/a><\/div> <!-- end .x-accordion-heading --><div id=\"collapse-2\" class=\"accordion-body collapse\"><div class=\"x-accordion-inner\">\n<ul style=\"list-style-type: square;\">\n<li><a href=\"https:\/\/apppruebaetsi.uhu.es\/simplesaml\/app_gestion_cursos\/C_examenes\/xml\/xml_document.php?tit=P97&#038;year=2025&#038;id_cal=54\">M\u00e1ster en Ingenier\u00eda Qu\u00edmica&nbsp;<\/a><\/li>\n<li><a href=\"https:\/\/apppruebaetsi.uhu.es\/simplesaml\/app_gestion_cursos\/C_examenes\/xml\/xml_document.php?tit=M14&#038;year=2025&#038;id_cal=53\">M\u00e1ster en Ingenier\u00eda Inform\u00e1tica(Plan 2023)<\/a><\/li>\n<li><a href=\"https:\/\/apppruebaetsi.uhu.es\/simplesaml\/app_gestion_cursos\/C_examenes\/xml\/xml_document.php?tit=P68&#038;year=2025&#038;id_cal=52\">M\u00e1ster en Ingenier\u00eda Industrial<\/a><\/li>\n<li><a href=\"https:\/\/apppruebaetsi.uhu.es\/simplesaml\/app_gestion_cursos\/C_examenes\/xml\/xml_document.php?tit=P69&#038;year=2025&#038;id_cal=55\">M\u00e1ster en Ingenier\u00eda de Montes<\/a><\/li>\n<li><a href=\"https:\/\/apppruebaetsi.uhu.es\/simplesaml\/app_gestion_cursos\/C_examenes\/xml\/xml_document.php?tit=P95&#038;year=2025&#038;id_cal=56\">M\u00e1ster en Ingenier\u00eda de Minas&nbsp;<\/a><\/li>\n<\/ul>\n<\/div> <!-- end .x-accordion-inner --><\/div> <!-- end .x-accordion-body --><\/div> <!-- end .x-accordion-group -->\n<div  class=\"x-accordion-group\" ><div class=\"x-accordion-heading\"><a class=\"x-accordion-toggle collapsed\" data-toggle=\"collapse\" data-parent=\"#my-accordion\" href=\"#collapse-3\">Tercera convocatoria<\/a><\/div> <!-- end .x-accordion-heading --><div id=\"collapse-3\" class=\"accordion-body collapse\"><div class=\"x-accordion-inner\">\n<ul>\n<li><a href=\"https:\/\/apppruebaetsi.uhu.es\/simplesaml\/app_gestion_cursos\/C_examenes\/xml\/xml_cal_conv.php?year=2026&#038;id_cal=51&#038;cuatr=5\" rel=\"noopener\" target=\"_blank\">T\u00edtulos de Grado<\/a><\/li>\n<li><a href=\"https:\/\/apppruebaetsi.uhu.es\/simplesaml\/app_gestion_cursos\/C_examenes\/xml\/xml_cal_conv.php?year=2026&#038;id_cal=52&#038;cuatr=5\" rel=\"noopener\" target=\"_blank\">M\u00e1ster Oficial en Ingenier\u00eda Industrial<\/a><\/li>\n<li><a href=\"https:\/\/apppruebaetsi.uhu.es\/simplesaml\/app_gestion_cursos\/C_examenes\/xml\/xml_cal_conv.php?year=2026&#038;id_cal=53&#038;cuatr=5\" rel=\"noopener\" target=\"_blank\">M\u00e1ster Universitario en Ingenier\u00eda Inform\u00e1tica (2023)<\/a><\/li>\n<li><a href=\"https:\/\/apppruebaetsi.uhu.es\/simplesaml\/app_gestion_cursos\/C_examenes\/xml\/xml_cal_conv.php?year=2026&#038;id_cal=54&#038;cuatr=5\" rel=\"noopener\" target=\"_blank\">M\u00e1ster en Ingenier\u00eda Qu\u00edmica (2018)<\/a><\/li>\n<\/ul>\n<\/div> <!-- end .x-accordion-inner --><\/div> <!-- end .x-accordion-body --><\/div> <!-- end .x-accordion-group -->\n<div  class=\"x-accordion-group\" ><div class=\"x-accordion-heading\"><a class=\"x-accordion-toggle collapsed\" data-toggle=\"collapse\" data-parent=\"#my-accordion\" href=\"#collapse-4\">Convocatoria extraordinaria<\/a><\/div> <!-- end .x-accordion-heading --><div id=\"collapse-4\" class=\"accordion-body collapse\"><div class=\"x-accordion-inner\">\n<ul>\n<li><a href=\"https:\/\/apppruebaetsi.uhu.es\/simplesaml\/app_gestion_cursos\/C_examenes\/xml\/xml_cal_conv.php?year=2026&#038;id_cal=51&#038;cuatr=4\" rel=\"noopener\" target=\"_blank\">Titulos de Grado<\/a><\/li>\n<li><a href=\"https:\/\/apppruebaetsi.uhu.es\/simplesaml\/app_gestion_cursos\/C_examenes\/xml\/xml_cal_conv.php?year=2026&#038;id_cal=52&#038;cuatr=4\" rel=\"noopener\" target=\"_blank\">M\u00e1ster Oficial en Ingenier\u00eda Industrial<\/a><\/li>\n<li><a>M\u00e1ster Oficial en Ingenier\u00eda Inform\u00e1tica (Plan 2023): No hay<\/a><\/li>\n<li><a >M\u00e1ster Oficial en Ingenier\u00eda de Montes: No hay<\/a><\/li>\n<li><a>M\u00e1ster Oficial en Ingenier\u00eda Qu\u00edmica (Plan 2018): No hay<\/a><\/li>\n<li><a>M\u00e1ster Oficial en Ingenier\u00eda de Minas: No hay<\/a><\/li>\n<\/ul>\n<\/div> <!-- end .x-accordion-inner --><\/div> <!-- end .x-accordion-body --><\/div> <!-- end .x-accordion-group -->\n<div  class=\"x-accordion-group\" ><div class=\"x-accordion-heading\"><a class=\"x-accordion-toggle collapsed\" data-toggle=\"collapse\" data-parent=\"#my-accordion\" href=\"#collapse-5\">Convocatoria examenes de incidencia para Titulos de Grado<\/a><\/div> <!-- end .x-accordion-heading --><div id=\"collapse-5\" class=\"accordion-body collapse\"><div class=\"x-accordion-inner\">\n<ul>\n<li><a href=\"https:\/\/apppruebaetsi.uhu.es\/simplesaml\/app_gestion_cursos\/C_examenes\/xml\/xml_document_total.php?year=2026&#038;id_cal=51&#038;cuatr=6\" rel=\"noopener\" target=\"_blank\">Titulos de Grado<\/a><\/li>\n<\/div> <!-- end .x-accordion-inner --><\/div> <!-- end .x-accordion-body --><\/div> <!-- end .x-accordion-group -->\n<\/ul>\n<div  class=\"x-accordion-group\" ><div class=\"x-accordion-heading\"><a class=\"x-accordion-toggle collapsed\" data-toggle=\"collapse\" data-parent=\"#my-accordion\" href=\"#collapse-6\">Convocatoria examenes de incidencia 2\u00aa convocatoria para Titulos de Grado<\/a><\/div> <!-- end .x-accordion-heading --><div id=\"collapse-6\" class=\"accordion-body collapse\"><div class=\"x-accordion-inner\">\n<ul>\n<li><a href=\"https:\/\/apppruebaetsi.uhu.es\/simplesaml\/app_gestion_cursos\/C_examenes\/xml\/xml_document_total.php?year=2026&#038;id_cal=51&#038;cuatr=11\" rel=\"noopener\" target=\"_blank\">Titulos de Grado<\/a><\/li>\n<\/ul>\n<\/div> <!-- end .x-accordion-inner --><\/div> <!-- end .x-accordion-body --><\/div> <!-- end .x-accordion-group -->\n<div  class=\"x-accordion-group\" ><div class=\"x-accordion-heading\"><a class=\"x-accordion-toggle collapsed\" data-toggle=\"collapse\" data-parent=\"#my-accordion\" href=\"#collapse-7\">Convocatoria ex\u00e1menes de incidencia de la primera convocatoria del M\u00e1ster en Ingenier\u00eda Industrial<\/a><\/div> <!-- end .x-accordion-heading --><div id=\"collapse-7\" class=\"accordion-body collapse\"><div class=\"x-accordion-inner\">\n<ul>\n<li><a href=\"https:\/\/apppruebaetsi.uhu.es\/simplesaml\/app_gestion_cursos\/C_examenes\/xml\/xml_document_total.php?year=2026&#038;id_cal=52&#038;cuatr=6\" rel=\"noopener\" target=\"_blank\">Titulos de Grado<\/a><\/li>\n<\/ul>\n<\/div> <!-- end .x-accordion-inner --><\/div> <!-- end .x-accordion-body --><\/div> <!-- end .x-accordion-group -->\n<table>\n<tbody>\n<tr>\n<td><strong>Leyenda de las aulas:<\/strong><br \/>\n<span class=\"txtnormal\">I.M: Isidoro Morales.<\/span><br \/>\n<span class=\"txtnormal\">P.Q: P\u00e9rez Quintero.<\/span><br \/>\n<span class=\"txtnormal\">ENF: Enfermer\u00eda.<\/span><br \/>\n<span class=\"txtnormal\">G.: Galileo Galilei.<\/span><br \/>\n<span class=\"txtnormal\">FCCE: Facultad de Ciencias Experimentales.<\/span><\/td>\n<\/tr>\n<\/tbody>\n<\/table>\n","protected":false},"excerpt":{"rendered":"<p>Leyenda de las aulas: I.M: Isidoro Morales. P.Q: P\u00e9rez Quintero. ENF: Enfermer\u00eda. G.: Galileo Galilei. FCCE: Facultad de Ciencias Experimentales.<\/p>\n","protected":false},"author":7,"featured_media":0,"parent":0,"menu_order":0,"comment_status":"closed","ping_status":"closed","template":"template-layout-full-width.php","meta":[],"yoast_head":"<!-- This site is optimized with the Yoast SEO plugin v20.2.1 - https:\/\/yoast.com\/wordpress\/plugins\/seo\/ -->\n<title>Ex\u00e1menes 2025-2026 - ETSI, UHU<\/title>\n<meta name=\"robots\" content=\"index, follow, max-snippet:-1, max-image-preview:large, max-video-preview:-1\" \/>\n<link rel=\"canonical\" href=\"https:\/\/www.uhu.es\/etsi\/examenes-2025-2026\/\" \/>\n<meta property=\"og:locale\" content=\"es_ES\" \/>\n<meta property=\"og:type\" content=\"article\" \/>\n<meta property=\"og:title\" content=\"Ex\u00e1menes 2025-2026 - ETSI, UHU\" \/>\n<meta property=\"og:description\" content=\"Leyenda de las aulas: I.M: Isidoro Morales. P.Q: P\u00e9rez Quintero. ENF: Enfermer\u00eda. G.: Galileo Galilei. FCCE: Facultad de Ciencias Experimentales.\" \/>\n<meta property=\"og:url\" content=\"https:\/\/www.uhu.es\/etsi\/examenes-2025-2026\/\" \/>\n<meta property=\"og:site_name\" content=\"ETSI, UHU\" \/>\n<meta property=\"article:modified_time\" content=\"2026-02-19T10:08:24+00:00\" \/>\n<meta name=\"twitter:label1\" content=\"Est. reading time\" \/>\n\t<meta name=\"twitter:data1\" content=\"2 minutes\" \/>\n<script type=\"application\/ld+json\" class=\"yoast-schema-graph\">{\"@context\":\"https:\/\/schema.org\",\"@graph\":[{\"@type\":\"WebPage\",\"@id\":\"https:\/\/www.uhu.es\/etsi\/examenes-2025-2026\/\",\"url\":\"https:\/\/www.uhu.es\/etsi\/examenes-2025-2026\/\",\"name\":\"Ex\u00e1menes 2025-2026 - ETSI, UHU\",\"isPartOf\":{\"@id\":\"https:\/\/www.uhu.es\/etsi\/#website\"},\"datePublished\":\"2025-07-07T10:04:22+00:00\",\"dateModified\":\"2026-02-19T10:08:24+00:00\",\"breadcrumb\":{\"@id\":\"https:\/\/www.uhu.es\/etsi\/examenes-2025-2026\/#breadcrumb\"},\"inLanguage\":\"es-ES\",\"potentialAction\":[{\"@type\":\"ReadAction\",\"target\":[\"https:\/\/www.uhu.es\/etsi\/examenes-2025-2026\/\"]}]},{\"@type\":\"BreadcrumbList\",\"@id\":\"https:\/\/www.uhu.es\/etsi\/examenes-2025-2026\/#breadcrumb\",\"itemListElement\":[{\"@type\":\"ListItem\",\"position\":1,\"name\":\"Portada\",\"item\":\"https:\/\/www.uhu.es\/etsi\/\"},{\"@type\":\"ListItem\",\"position\":2,\"name\":\"Ex\u00e1menes 2025-2026\"}]},{\"@type\":\"WebSite\",\"@id\":\"https:\/\/www.uhu.es\/etsi\/#website\",\"url\":\"https:\/\/www.uhu.es\/etsi\/\",\"name\":\"ETSI, UHU\",\"description\":\"Escuela T\u00e9cnica Superior de  Ingenier\u00eda de la Universidad de Huelva\",\"publisher\":{\"@id\":\"https:\/\/www.uhu.es\/etsi\/#organization\"},\"potentialAction\":[{\"@type\":\"SearchAction\",\"target\":{\"@type\":\"EntryPoint\",\"urlTemplate\":\"https:\/\/www.uhu.es\/etsi\/?s={search_term_string}\"},\"query-input\":\"required name=search_term_string\"}],\"inLanguage\":\"es-ES\"},{\"@type\":\"Organization\",\"@id\":\"https:\/\/www.uhu.es\/etsi\/#organization\",\"name\":\"UHU ETSI\",\"url\":\"https:\/\/www.uhu.es\/etsi\/\",\"logo\":{\"@type\":\"ImageObject\",\"inLanguage\":\"es-ES\",\"@id\":\"https:\/\/www.uhu.es\/etsi\/#\/schema\/logo\/image\/\",\"url\":\"http:\/\/www.uhu.es\/etsi\/wp-content\/uploads\/2016\/02\/membrete_ETSI.jpg\",\"contentUrl\":\"http:\/\/www.uhu.es\/etsi\/wp-content\/uploads\/2016\/02\/membrete_ETSI.jpg\",\"width\":423,\"height\":81,\"caption\":\"UHU ETSI\"},\"image\":{\"@id\":\"https:\/\/www.uhu.es\/etsi\/#\/schema\/logo\/image\/\"}}]}<\/script>\n<!-- \/ Yoast SEO plugin. -->","yoast_head_json":{"title":"Ex\u00e1menes 2025-2026 - ETSI, UHU","robots":{"index":"index","follow":"follow","max-snippet":"max-snippet:-1","max-image-preview":"max-image-preview:large","max-video-preview":"max-video-preview:-1"},"canonical":"https:\/\/www.uhu.es\/etsi\/examenes-2025-2026\/","og_locale":"es_ES","og_type":"article","og_title":"Ex\u00e1menes 2025-2026 - ETSI, UHU","og_description":"Leyenda de las aulas: I.M: Isidoro Morales. P.Q: P\u00e9rez Quintero. ENF: Enfermer\u00eda. G.: Galileo Galilei. FCCE: Facultad de Ciencias Experimentales.","og_url":"https:\/\/www.uhu.es\/etsi\/examenes-2025-2026\/","og_site_name":"ETSI, UHU","article_modified_time":"2026-02-19T10:08:24+00:00","twitter_misc":{"Est. reading time":"2 minutes"},"schema":{"@context":"https:\/\/schema.org","@graph":[{"@type":"WebPage","@id":"https:\/\/www.uhu.es\/etsi\/examenes-2025-2026\/","url":"https:\/\/www.uhu.es\/etsi\/examenes-2025-2026\/","name":"Ex\u00e1menes 2025-2026 - ETSI, UHU","isPartOf":{"@id":"https:\/\/www.uhu.es\/etsi\/#website"},"datePublished":"2025-07-07T10:04:22+00:00","dateModified":"2026-02-19T10:08:24+00:00","breadcrumb":{"@id":"https:\/\/www.uhu.es\/etsi\/examenes-2025-2026\/#breadcrumb"},"inLanguage":"es-ES","potentialAction":[{"@type":"ReadAction","target":["https:\/\/www.uhu.es\/etsi\/examenes-2025-2026\/"]}]},{"@type":"BreadcrumbList","@id":"https:\/\/www.uhu.es\/etsi\/examenes-2025-2026\/#breadcrumb","itemListElement":[{"@type":"ListItem","position":1,"name":"Portada","item":"https:\/\/www.uhu.es\/etsi\/"},{"@type":"ListItem","position":2,"name":"Ex\u00e1menes 2025-2026"}]},{"@type":"WebSite","@id":"https:\/\/www.uhu.es\/etsi\/#website","url":"https:\/\/www.uhu.es\/etsi\/","name":"ETSI, UHU","description":"Escuela T\u00e9cnica Superior de  Ingenier\u00eda de la Universidad de Huelva","publisher":{"@id":"https:\/\/www.uhu.es\/etsi\/#organization"},"potentialAction":[{"@type":"SearchAction","target":{"@type":"EntryPoint","urlTemplate":"https:\/\/www.uhu.es\/etsi\/?s={search_term_string}"},"query-input":"required name=search_term_string"}],"inLanguage":"es-ES"},{"@type":"Organization","@id":"https:\/\/www.uhu.es\/etsi\/#organization","name":"UHU ETSI","url":"https:\/\/www.uhu.es\/etsi\/","logo":{"@type":"ImageObject","inLanguage":"es-ES","@id":"https:\/\/www.uhu.es\/etsi\/#\/schema\/logo\/image\/","url":"http:\/\/www.uhu.es\/etsi\/wp-content\/uploads\/2016\/02\/membrete_ETSI.jpg","contentUrl":"http:\/\/www.uhu.es\/etsi\/wp-content\/uploads\/2016\/02\/membrete_ETSI.jpg","width":423,"height":81,"caption":"UHU ETSI"},"image":{"@id":"https:\/\/www.uhu.es\/etsi\/#\/schema\/logo\/image\/"}}]}},"_links":{"self":[{"href":"https:\/\/www.uhu.es\/etsi\/wp-json\/wp\/v2\/pages\/25306"}],"collection":[{"href":"https:\/\/www.uhu.es\/etsi\/wp-json\/wp\/v2\/pages"}],"about":[{"href":"https:\/\/www.uhu.es\/etsi\/wp-json\/wp\/v2\/types\/page"}],"author":[{"embeddable":true,"href":"https:\/\/www.uhu.es\/etsi\/wp-json\/wp\/v2\/users\/7"}],"replies":[{"embeddable":true,"href":"https:\/\/www.uhu.es\/etsi\/wp-json\/wp\/v2\/comments?post=25306"}],"version-history":[{"count":25,"href":"https:\/\/www.uhu.es\/etsi\/wp-json\/wp\/v2\/pages\/25306\/revisions"}],"predecessor-version":[{"id":25935,"href":"https:\/\/www.uhu.es\/etsi\/wp-json\/wp\/v2\/pages\/25306\/revisions\/25935"}],"wp:attachment":[{"href":"https:\/\/www.uhu.es\/etsi\/wp-json\/wp\/v2\/media?parent=25306"}],"curies":[{"name":"wp","href":"https:\/\/api.w.org\/{rel}","templated":true}]}}