{"id":25454,"date":"2025-07-21T11:24:20","date_gmt":"2025-07-21T10:24:20","guid":{"rendered":"https:\/\/www.uhu.es\/etsi\/?page_id=25454"},"modified":"2025-07-21T11:32:06","modified_gmt":"2025-07-21T10:32:06","slug":"guia-docente-pendiente-de-confirmacion","status":"publish","type":"page","link":"https:\/\/www.uhu.es\/etsi\/guia-docente-pendiente-de-confirmacion\/","title":{"rendered":"Guia docente no publicable"},"content":{"rendered":"<p>&nbsp;<\/p>\n<p style=\"text-align: justify;\">\nLa versi\u00f3n html de la gu\u00eda docente de esta asignatura no estar\u00e1 publicable hasta que comience el curso acad\u00e9mico.\n<\/p>\n<p style=\"text-align: justify;\">\nMientras podr\u00e1 acceder a la version en pdf.<\/p>\n","protected":false},"excerpt":{"rendered":"<p>&nbsp; La versi\u00f3n html de la gu\u00eda docente de esta asignatura no estar\u00e1 publicable hasta que comience el curso acad\u00e9mico. &#8230; <\/p>\n<div><a href=\"https:\/\/www.uhu.es\/etsi\/guia-docente-pendiente-de-confirmacion\/\" class=\"more-link\">Read More<\/a><\/div>\n","protected":false},"author":7,"featured_media":0,"parent":0,"menu_order":0,"comment_status":"closed","ping_status":"closed","template":"","meta":[],"yoast_head":"<!-- This site is optimized with the Yoast SEO plugin v20.2.1 - https:\/\/yoast.com\/wordpress\/plugins\/seo\/ -->\n<title>Guia docente no publicable - ETSI, UHU<\/title>\n<meta name=\"robots\" content=\"index, follow, max-snippet:-1, max-image-preview:large, max-video-preview:-1\" \/>\n<link rel=\"canonical\" href=\"https:\/\/www.uhu.es\/etsi\/guia-docente-pendiente-de-confirmacion\/\" \/>\n<meta property=\"og:locale\" content=\"es_ES\" \/>\n<meta property=\"og:type\" content=\"article\" \/>\n<meta property=\"og:title\" content=\"Guia docente no publicable - ETSI, UHU\" \/>\n<meta property=\"og:description\" content=\"&nbsp; La versi\u00f3n html de la gu\u00eda docente de esta asignatura no estar\u00e1 publicable hasta que comience el curso acad\u00e9mico. ... Read More\" \/>\n<meta property=\"og:url\" content=\"https:\/\/www.uhu.es\/etsi\/guia-docente-pendiente-de-confirmacion\/\" \/>\n<meta property=\"og:site_name\" content=\"ETSI, UHU\" \/>\n<meta property=\"article:modified_time\" content=\"2025-07-21T10:32:06+00:00\" \/>\n<meta name=\"twitter:label1\" content=\"Est. reading time\" \/>\n\t<meta name=\"twitter:data1\" content=\"1 minute\" \/>\n<script type=\"application\/ld+json\" class=\"yoast-schema-graph\">{\"@context\":\"https:\/\/schema.org\",\"@graph\":[{\"@type\":\"WebPage\",\"@id\":\"https:\/\/www.uhu.es\/etsi\/guia-docente-pendiente-de-confirmacion\/\",\"url\":\"https:\/\/www.uhu.es\/etsi\/guia-docente-pendiente-de-confirmacion\/\",\"name\":\"Guia docente no publicable - ETSI, UHU\",\"isPartOf\":{\"@id\":\"https:\/\/www.uhu.es\/etsi\/#website\"},\"datePublished\":\"2025-07-21T10:24:20+00:00\",\"dateModified\":\"2025-07-21T10:32:06+00:00\",\"breadcrumb\":{\"@id\":\"https:\/\/www.uhu.es\/etsi\/guia-docente-pendiente-de-confirmacion\/#breadcrumb\"},\"inLanguage\":\"es-ES\",\"potentialAction\":[{\"@type\":\"ReadAction\",\"target\":[\"https:\/\/www.uhu.es\/etsi\/guia-docente-pendiente-de-confirmacion\/\"]}]},{\"@type\":\"BreadcrumbList\",\"@id\":\"https:\/\/www.uhu.es\/etsi\/guia-docente-pendiente-de-confirmacion\/#breadcrumb\",\"itemListElement\":[{\"@type\":\"ListItem\",\"position\":1,\"name\":\"Portada\",\"item\":\"https:\/\/www.uhu.es\/etsi\/\"},{\"@type\":\"ListItem\",\"position\":2,\"name\":\"Guia docente no publicable\"}]},{\"@type\":\"WebSite\",\"@id\":\"https:\/\/www.uhu.es\/etsi\/#website\",\"url\":\"https:\/\/www.uhu.es\/etsi\/\",\"name\":\"ETSI, UHU\",\"description\":\"Escuela T\u00e9cnica Superior de  Ingenier\u00eda de la Universidad de Huelva\",\"publisher\":{\"@id\":\"https:\/\/www.uhu.es\/etsi\/#organization\"},\"potentialAction\":[{\"@type\":\"SearchAction\",\"target\":{\"@type\":\"EntryPoint\",\"urlTemplate\":\"https:\/\/www.uhu.es\/etsi\/?s={search_term_string}\"},\"query-input\":\"required name=search_term_string\"}],\"inLanguage\":\"es-ES\"},{\"@type\":\"Organization\",\"@id\":\"https:\/\/www.uhu.es\/etsi\/#organization\",\"name\":\"UHU ETSI\",\"url\":\"https:\/\/www.uhu.es\/etsi\/\",\"logo\":{\"@type\":\"ImageObject\",\"inLanguage\":\"es-ES\",\"@id\":\"https:\/\/www.uhu.es\/etsi\/#\/schema\/logo\/image\/\",\"url\":\"http:\/\/www.uhu.es\/etsi\/wp-content\/uploads\/2016\/02\/membrete_ETSI.jpg\",\"contentUrl\":\"http:\/\/www.uhu.es\/etsi\/wp-content\/uploads\/2016\/02\/membrete_ETSI.jpg\",\"width\":423,\"height\":81,\"caption\":\"UHU ETSI\"},\"image\":{\"@id\":\"https:\/\/www.uhu.es\/etsi\/#\/schema\/logo\/image\/\"}}]}<\/script>\n<!-- \/ Yoast SEO plugin. -->","yoast_head_json":{"title":"Guia docente no publicable - ETSI, UHU","robots":{"index":"index","follow":"follow","max-snippet":"max-snippet:-1","max-image-preview":"max-image-preview:large","max-video-preview":"max-video-preview:-1"},"canonical":"https:\/\/www.uhu.es\/etsi\/guia-docente-pendiente-de-confirmacion\/","og_locale":"es_ES","og_type":"article","og_title":"Guia docente no publicable - ETSI, UHU","og_description":"&nbsp; La versi\u00f3n html de la gu\u00eda docente de esta asignatura no estar\u00e1 publicable hasta que comience el curso acad\u00e9mico. ... Read More","og_url":"https:\/\/www.uhu.es\/etsi\/guia-docente-pendiente-de-confirmacion\/","og_site_name":"ETSI, UHU","article_modified_time":"2025-07-21T10:32:06+00:00","twitter_misc":{"Est. reading time":"1 minute"},"schema":{"@context":"https:\/\/schema.org","@graph":[{"@type":"WebPage","@id":"https:\/\/www.uhu.es\/etsi\/guia-docente-pendiente-de-confirmacion\/","url":"https:\/\/www.uhu.es\/etsi\/guia-docente-pendiente-de-confirmacion\/","name":"Guia docente no publicable - ETSI, UHU","isPartOf":{"@id":"https:\/\/www.uhu.es\/etsi\/#website"},"datePublished":"2025-07-21T10:24:20+00:00","dateModified":"2025-07-21T10:32:06+00:00","breadcrumb":{"@id":"https:\/\/www.uhu.es\/etsi\/guia-docente-pendiente-de-confirmacion\/#breadcrumb"},"inLanguage":"es-ES","potentialAction":[{"@type":"ReadAction","target":["https:\/\/www.uhu.es\/etsi\/guia-docente-pendiente-de-confirmacion\/"]}]},{"@type":"BreadcrumbList","@id":"https:\/\/www.uhu.es\/etsi\/guia-docente-pendiente-de-confirmacion\/#breadcrumb","itemListElement":[{"@type":"ListItem","position":1,"name":"Portada","item":"https:\/\/www.uhu.es\/etsi\/"},{"@type":"ListItem","position":2,"name":"Guia docente no publicable"}]},{"@type":"WebSite","@id":"https:\/\/www.uhu.es\/etsi\/#website","url":"https:\/\/www.uhu.es\/etsi\/","name":"ETSI, UHU","description":"Escuela T\u00e9cnica Superior de  Ingenier\u00eda de la Universidad de Huelva","publisher":{"@id":"https:\/\/www.uhu.es\/etsi\/#organization"},"potentialAction":[{"@type":"SearchAction","target":{"@type":"EntryPoint","urlTemplate":"https:\/\/www.uhu.es\/etsi\/?s={search_term_string}"},"query-input":"required name=search_term_string"}],"inLanguage":"es-ES"},{"@type":"Organization","@id":"https:\/\/www.uhu.es\/etsi\/#organization","name":"UHU ETSI","url":"https:\/\/www.uhu.es\/etsi\/","logo":{"@type":"ImageObject","inLanguage":"es-ES","@id":"https:\/\/www.uhu.es\/etsi\/#\/schema\/logo\/image\/","url":"http:\/\/www.uhu.es\/etsi\/wp-content\/uploads\/2016\/02\/membrete_ETSI.jpg","contentUrl":"http:\/\/www.uhu.es\/etsi\/wp-content\/uploads\/2016\/02\/membrete_ETSI.jpg","width":423,"height":81,"caption":"UHU ETSI"},"image":{"@id":"https:\/\/www.uhu.es\/etsi\/#\/schema\/logo\/image\/"}}]}},"_links":{"self":[{"href":"https:\/\/www.uhu.es\/etsi\/wp-json\/wp\/v2\/pages\/25454"}],"collection":[{"href":"https:\/\/www.uhu.es\/etsi\/wp-json\/wp\/v2\/pages"}],"about":[{"href":"https:\/\/www.uhu.es\/etsi\/wp-json\/wp\/v2\/types\/page"}],"author":[{"embeddable":true,"href":"https:\/\/www.uhu.es\/etsi\/wp-json\/wp\/v2\/users\/7"}],"replies":[{"embeddable":true,"href":"https:\/\/www.uhu.es\/etsi\/wp-json\/wp\/v2\/comments?post=25454"}],"version-history":[{"count":4,"href":"https:\/\/www.uhu.es\/etsi\/wp-json\/wp\/v2\/pages\/25454\/revisions"}],"predecessor-version":[{"id":25458,"href":"https:\/\/www.uhu.es\/etsi\/wp-json\/wp\/v2\/pages\/25454\/revisions\/25458"}],"wp:attachment":[{"href":"https:\/\/www.uhu.es\/etsi\/wp-json\/wp\/v2\/media?parent=25454"}],"curies":[{"name":"wp","href":"https:\/\/api.w.org\/{rel}","templated":true}]}}