{"id":6634,"date":"2014-05-15T17:12:47","date_gmt":"2014-05-15T17:12:47","guid":{"rendered":"http:\/\/www.uhu.es\/etsi\/?page_id=6634"},"modified":"2022-03-15T10:13:26","modified_gmt":"2022-03-15T09:13:26","slug":"la-escuela_","status":"publish","type":"page","link":"https:\/\/www.uhu.es\/etsi\/la-escuela_\/","title":{"rendered":"La Escuela"},"content":{"rendered":"<div id=\"x-content-band-1\" class=\"x-content-band bg-pattern border-left border-right\" style=\"background-image: url(https:\/\/www.uhu.es\/etsi\/wp-piepagina\/escuela.jpg); background-color: transparent;\"><div class=\"x-container-fluid max width\">\n<ul style=\"list-style-type: square;\">\n<li>\n<h5><a title=\"\u00d3rganos de Gobierno\" href=\"https:\/\/www.uhu.es\/etsi\/la-escuela\/organos-de-gobierno\/\">\u00d3rganos de Gobierno<\/a><\/h5>\n<\/li>\n<li>\n<h5><a title=\"Informaci\u00f3n General\" href=\"https:\/\/www.uhu.es\/etsi\/la-escuela\/informacion-general\/\">Informaci\u00f3n General<\/a><\/h5>\n<\/li>\n<li>\n<h5><a title=\"Historia\" href=\"https:\/\/www.uhu.es\/etsi\/la-escuela\/historia\/\">Historia<\/a><\/h5>\n<\/li>\n<li>\n<h5><a href=\"https:\/\/www.uhu.es\/etsi\/acto-academico\/\">Acto Acad\u00e9mico<\/a><\/h5>\n<\/li>\n<li>\n<h5><a title=\"\u00bfD\u00f3nde estamos?\" href=\"https:\/\/www.uhu.es\/etsi\/la-escuela\/donde-estamos\/\">\u00bfD\u00f3nde estamos?<\/a><\/h5>\n<\/li>\n<li>\n<h5><a title=\"Nuevo Edificio Campus de El Carmen\" href=\"https:\/\/www.uhu.es\/etsi\/la-escuela\/localizacion-de-edificios\/\">Planos del Edificio <\/a><\/h5>\n<\/li>\n<li>\n<h5><a href=\"https:\/\/www.uhu.es\/etsi\/la-escuela\/tour_v\/\">Tour virtual<\/a><\/h5>\n<\/li>\n<li>\n<h5><a title=\"Departamentos\" href=\"https:\/\/www.uhu.es\/etsi\/la-escuela\/departamentos\/\">Departamentos con docencia en la ETSI<\/a><\/h5>\n<\/li>\n<li>\n<h5><a href=\"https:\/\/www.uhu.es\/etsi\/la-escuela\/logos\/\">Logos<\/a><\/h5>\n<\/li>\n<\/ul>\n<\/div><\/div>\n","protected":false},"excerpt":{"rendered":"\u00d3rganos de Gobierno Informaci\u00f3n General Historia Acto Acad\u00e9mico \u00bfD\u00f3nde estamos? Planos del Edificio Tour virtual Departamentos con docencia en la ... <div><a href=\"https:\/\/www.uhu.es\/etsi\/la-escuela_\/\" class=\"more-link\">Read More<\/a><\/div>","protected":false},"author":1,"featured_media":0,"parent":0,"menu_order":1,"comment_status":"closed","ping_status":"closed","template":"template-layout-full-width.php","meta":[],"yoast_head":"<!-- This site is optimized with the Yoast SEO plugin v20.2.1 - https:\/\/yoast.com\/wordpress\/plugins\/seo\/ -->\n<title>La Escuela - ETSI, UHU<\/title>\n<meta name=\"description\" content=\"La Escuela\" \/>\n<meta name=\"robots\" content=\"index, follow, max-snippet:-1, max-image-preview:large, max-video-preview:-1\" \/>\n<link rel=\"canonical\" href=\"http:\/\/www.uhu.es\/etsi\/la-escuela_\/\" \/>\n<meta property=\"og:locale\" content=\"es_ES\" \/>\n<meta property=\"og:type\" content=\"article\" \/>\n<meta property=\"og:title\" content=\"La Escuela - ETSI, UHU\" \/>\n<meta property=\"og:description\" content=\"La Escuela\" \/>\n<meta property=\"og:url\" content=\"http:\/\/www.uhu.es\/etsi\/la-escuela_\/\" \/>\n<meta property=\"og:site_name\" content=\"ETSI, UHU\" \/>\n<meta property=\"article:modified_time\" content=\"2022-03-15T09:13:26+00:00\" \/>\n<script type=\"application\/ld+json\" class=\"yoast-schema-graph\">{\"@context\":\"https:\/\/schema.org\",\"@graph\":[{\"@type\":\"WebPage\",\"@id\":\"http:\/\/www.uhu.es\/etsi\/la-escuela_\/\",\"url\":\"http:\/\/www.uhu.es\/etsi\/la-escuela_\/\",\"name\":\"La Escuela - ETSI, UHU\",\"isPartOf\":{\"@id\":\"https:\/\/www.uhu.es\/etsi\/#website\"},\"datePublished\":\"2014-05-15T17:12:47+00:00\",\"dateModified\":\"2022-03-15T09:13:26+00:00\",\"description\":\"La Escuela\",\"breadcrumb\":{\"@id\":\"http:\/\/www.uhu.es\/etsi\/la-escuela_\/#breadcrumb\"},\"inLanguage\":\"es-ES\",\"potentialAction\":[{\"@type\":\"ReadAction\",\"target\":[\"http:\/\/www.uhu.es\/etsi\/la-escuela_\/\"]}]},{\"@type\":\"BreadcrumbList\",\"@id\":\"http:\/\/www.uhu.es\/etsi\/la-escuela_\/#breadcrumb\",\"itemListElement\":[{\"@type\":\"ListItem\",\"position\":1,\"name\":\"Portada\",\"item\":\"https:\/\/www.uhu.es\/etsi\/\"},{\"@type\":\"ListItem\",\"position\":2,\"name\":\"La Escuela\"}]},{\"@type\":\"WebSite\",\"@id\":\"https:\/\/www.uhu.es\/etsi\/#website\",\"url\":\"https:\/\/www.uhu.es\/etsi\/\",\"name\":\"ETSI, UHU\",\"description\":\"Escuela T\u00e9cnica Superior de  Ingenier\u00eda de la Universidad de Huelva\",\"publisher\":{\"@id\":\"https:\/\/www.uhu.es\/etsi\/#organization\"},\"potentialAction\":[{\"@type\":\"SearchAction\",\"target\":{\"@type\":\"EntryPoint\",\"urlTemplate\":\"https:\/\/www.uhu.es\/etsi\/?s={search_term_string}\"},\"query-input\":\"required name=search_term_string\"}],\"inLanguage\":\"es-ES\"},{\"@type\":\"Organization\",\"@id\":\"https:\/\/www.uhu.es\/etsi\/#organization\",\"name\":\"UHU ETSI\",\"url\":\"https:\/\/www.uhu.es\/etsi\/\",\"logo\":{\"@type\":\"ImageObject\",\"inLanguage\":\"es-ES\",\"@id\":\"https:\/\/www.uhu.es\/etsi\/#\/schema\/logo\/image\/\",\"url\":\"http:\/\/www.uhu.es\/etsi\/wp-content\/uploads\/2016\/02\/membrete_ETSI.jpg\",\"contentUrl\":\"http:\/\/www.uhu.es\/etsi\/wp-content\/uploads\/2016\/02\/membrete_ETSI.jpg\",\"width\":423,\"height\":81,\"caption\":\"UHU ETSI\"},\"image\":{\"@id\":\"https:\/\/www.uhu.es\/etsi\/#\/schema\/logo\/image\/\"}}]}<\/script>\n<!-- \/ Yoast SEO plugin. -->","yoast_head_json":{"title":"La Escuela - ETSI, UHU","description":"La Escuela","robots":{"index":"index","follow":"follow","max-snippet":"max-snippet:-1","max-image-preview":"max-image-preview:large","max-video-preview":"max-video-preview:-1"},"canonical":"http:\/\/www.uhu.es\/etsi\/la-escuela_\/","og_locale":"es_ES","og_type":"article","og_title":"La Escuela - ETSI, UHU","og_description":"La Escuela","og_url":"http:\/\/www.uhu.es\/etsi\/la-escuela_\/","og_site_name":"ETSI, UHU","article_modified_time":"2022-03-15T09:13:26+00:00","schema":{"@context":"https:\/\/schema.org","@graph":[{"@type":"WebPage","@id":"http:\/\/www.uhu.es\/etsi\/la-escuela_\/","url":"http:\/\/www.uhu.es\/etsi\/la-escuela_\/","name":"La Escuela - ETSI, UHU","isPartOf":{"@id":"https:\/\/www.uhu.es\/etsi\/#website"},"datePublished":"2014-05-15T17:12:47+00:00","dateModified":"2022-03-15T09:13:26+00:00","description":"La Escuela","breadcrumb":{"@id":"http:\/\/www.uhu.es\/etsi\/la-escuela_\/#breadcrumb"},"inLanguage":"es-ES","potentialAction":[{"@type":"ReadAction","target":["http:\/\/www.uhu.es\/etsi\/la-escuela_\/"]}]},{"@type":"BreadcrumbList","@id":"http:\/\/www.uhu.es\/etsi\/la-escuela_\/#breadcrumb","itemListElement":[{"@type":"ListItem","position":1,"name":"Portada","item":"https:\/\/www.uhu.es\/etsi\/"},{"@type":"ListItem","position":2,"name":"La Escuela"}]},{"@type":"WebSite","@id":"https:\/\/www.uhu.es\/etsi\/#website","url":"https:\/\/www.uhu.es\/etsi\/","name":"ETSI, UHU","description":"Escuela T\u00e9cnica Superior de  Ingenier\u00eda de la Universidad de Huelva","publisher":{"@id":"https:\/\/www.uhu.es\/etsi\/#organization"},"potentialAction":[{"@type":"SearchAction","target":{"@type":"EntryPoint","urlTemplate":"https:\/\/www.uhu.es\/etsi\/?s={search_term_string}"},"query-input":"required name=search_term_string"}],"inLanguage":"es-ES"},{"@type":"Organization","@id":"https:\/\/www.uhu.es\/etsi\/#organization","name":"UHU ETSI","url":"https:\/\/www.uhu.es\/etsi\/","logo":{"@type":"ImageObject","inLanguage":"es-ES","@id":"https:\/\/www.uhu.es\/etsi\/#\/schema\/logo\/image\/","url":"http:\/\/www.uhu.es\/etsi\/wp-content\/uploads\/2016\/02\/membrete_ETSI.jpg","contentUrl":"http:\/\/www.uhu.es\/etsi\/wp-content\/uploads\/2016\/02\/membrete_ETSI.jpg","width":423,"height":81,"caption":"UHU ETSI"},"image":{"@id":"https:\/\/www.uhu.es\/etsi\/#\/schema\/logo\/image\/"}}]}},"_links":{"self":[{"href":"https:\/\/www.uhu.es\/etsi\/wp-json\/wp\/v2\/pages\/6634"}],"collection":[{"href":"https:\/\/www.uhu.es\/etsi\/wp-json\/wp\/v2\/pages"}],"about":[{"href":"https:\/\/www.uhu.es\/etsi\/wp-json\/wp\/v2\/types\/page"}],"author":[{"embeddable":true,"href":"https:\/\/www.uhu.es\/etsi\/wp-json\/wp\/v2\/users\/1"}],"replies":[{"embeddable":true,"href":"https:\/\/www.uhu.es\/etsi\/wp-json\/wp\/v2\/comments?post=6634"}],"version-history":[{"count":14,"href":"https:\/\/www.uhu.es\/etsi\/wp-json\/wp\/v2\/pages\/6634\/revisions"}],"predecessor-version":[{"id":21613,"href":"https:\/\/www.uhu.es\/etsi\/wp-json\/wp\/v2\/pages\/6634\/revisions\/21613"}],"wp:attachment":[{"href":"https:\/\/www.uhu.es\/etsi\/wp-json\/wp\/v2\/media?parent=6634"}],"curies":[{"name":"wp","href":"https:\/\/api.w.org\/{rel}","templated":true}]}}