{"id":6641,"date":"2014-05-15T17:22:01","date_gmt":"2014-05-15T17:22:01","guid":{"rendered":"http:\/\/www.uhu.es\/etsi\/?page_id=6641"},"modified":"2025-06-27T11:53:03","modified_gmt":"2025-06-27T10:53:03","slug":"estudios-de-grado","status":"publish","type":"page","link":"https:\/\/www.uhu.es\/etsi\/informacion-academica\/estudios-de-grado\/","title":{"rendered":"Estudios de Grado"},"content":{"rendered":"<ul style=\"list-style-type: square;\">\n<li>\n<h5><a href=\"https:\/\/www.uhu.es\/etsi\/webTitulaciones\/doblegrado_ing_informatica_lima\/\">Doble Grado Grado en Ingenier\u00eda Inform\u00e1tica (UHU) &#038; Pregrado en Ingenier\u00eda de Sistemas (ULIMA)<\/a><\/h5>\n<\/li>\n<li>\n<h5><a href=\"https:\/\/www.uhu.es\/etsi\/webTitulaciones\/doblegrado_ing_mecanica_minas\/\">Doble Grado en Ingenier\u00eda Mec\u00e1nica e Ingenier\u00eda en Explotaci\u00f3n de Minas y Recursos Energ\u00e9ticos<\/a><\/h5>\n<\/li>\n<li>\n<h5><a href=\"https:\/\/www.uhu.es\/etsi\/webTitulaciones\/doblegrado_ing_mecanica_minas_nuevo\/\">Doble Grado en Ingenier\u00eda Minera e Ingenier\u00eda Mecanica (nuevo)<\/a><\/h5>\n<\/li>\n<li>\n<h5><a href=\"https:\/\/www.uhu.es\/etsi\/webTitulaciones\/doblegrado_ing_forestal_y_medio_natural\/\">Doble Grado en Ingenier\u00eda Forestal y Medio Natural y Ciencias Ambientales<\/a><\/h5>\n<\/li>\n<li>\n<h5><a href=\"https:\/\/www.uhu.es\/etsi\/webTitulaciones\/doblegrado_ing_electrica_energetica\/\">Doble Grado en Ingenier\u00eda El\u00e9ctrica e Ingenier\u00eda Energ\u00e9tica<\/a><\/h5>\n<\/li>\n<li>\n<h5><a href=\"https:\/\/www.uhu.es\/etsi\/webTitulaciones\/doblegrado_ing_electrica_energias renovables(nuevo)\/\">Doble Grado en Ingenier\u00eda El\u00e9ctrica y Grado de Energ\u00edas Renovables y Tecnolog\u00edas del Hidr\u00f3geno (nuevo)<\/a><\/h5>\n<\/li>\n<li>\n<h5><a href=\"https:\/\/www.uhu.es\/etsi\/webTitulaciones\/doblegrado_ing_electronica_mecanica\/\">Doble Grado en Ingenier\u00eda Electr\u00f3nica Industrial e Ingenier\u00eda Mec\u00e1nica<\/a><\/h5>\n<\/li>\n<li>\n<h5><a title=\"Grado en Ingenier\u00eda Agr\u00edcola\" href=\"https:\/\/www.uhu.es\/etsi\/webTitulaciones\/grado_ing_agricola\/\">Grado en Ingenier\u00eda Agr\u00edcola<\/a><\/h5>\n<\/li>\n<li>\n<h5><a title=\"Grado en Ingenier\u00eda Inform\u00e1tica\" href=\"https:\/\/www.uhu.es\/etsi\/webTitulaciones\/grado_ing_informatica\/\">Grado en Ingenier\u00eda Inform\u00e1tica<\/a><\/h5>\n<\/li>\n<li>\n<h5><a title=\"Grado de Ingenier\u00eda en Explotaci\u00f3n de Minas y Recursos Energ\u00e9ticos\" href=\"https:\/\/www.uhu.es\/etsi\/webTitulaciones\/grado_ing_minas\/\">Grado de Ingenier\u00eda Explotaci\u00f3n de Minas y Recursos Energ\u00e9ticos<\/a><\/h5>\n<\/li>\n<li>\n<h5><a title=\"Grado de Ingenier\u00eda Minera\" href=\"https:\/\/www.uhu.es\/etsi\/webTitulaciones\/grado_ing_minera\/\">Grado de Ingenier\u00eda Minera (nuevo)<\/a><\/h5>\n<\/li>\n<li>\n<h5><a title=\"Grado en Ingenier\u00eda El\u00e9ctrica\" href=\"https:\/\/www.uhu.es\/etsi\/webTitulaciones\/grado_ing_electrica\/\">Grado en Ingenier\u00eda El\u00e9ctrica<\/a><\/h5>\n<\/li>\n<li>\n<h5><a title=\"Grado en Ingenieria de Energ\u00edas Renovables y Tecnolog\u00edas de Hidr\u00f3geno (nuevo)\" href=\"https:\/\/www.uhu.es\/etsi\/webTitulaciones\/grado_ing_renovables_hidr\u00f3geno (nuevo)\/\">Grado en Ingenieria de Energ\u00edas Renovables y Tecnolog\u00edas de Hidr\u00f3geno (nuevo)<\/a><\/h5>\n<\/li>\n<li>\n<h5><a title=\"Grado en Ingenier\u00eda Electr\u00f3nica Industrial\" href=\"https:\/\/www.uhu.es\/etsi\/webTitulaciones\/grado_ing_electronica\/\">Grado en Ingenier\u00eda Electr\u00f3nica Industrial<\/a><\/h5>\n<\/li>\n<li>\n<h5><a title=\"Grado en Ingenier\u00eda Energ\u00e9tica\" href=\"https:\/\/www.uhu.es\/etsi\/webTitulaciones\/grado_ing_energetica\/\">Grado en Ingenier\u00eda Energ\u00e9tica<\/a><\/h5>\n<\/li>\n<li>\n<h5><a title=\"Grado en Ingenier\u00eda Forestal y del Medio Natural\" href=\"https:\/\/www.uhu.es\/etsi\/webTitulaciones\/grado_ing_forestal\/\">Grado en Ingenier\u00eda Forestal y del Medio Natural<\/a><\/h5>\n<\/li>\n<li>\n<h5><a title=\"Grado en Ingenier\u00eda Mec\u00e1nica\" href=\"https:\/\/www.uhu.es\/etsi\/webTitulaciones\/grado_ing_mecanica\/\">Grado en Ingenier\u00eda Mec\u00e1nica<\/a><\/h5>\n<\/li>\n<li>\n<h5><a title=\"Grado en Ingenier\u00eda Qu\u00edmica Industrial\" href=\"https:\/\/www.uhu.es\/etsi\/webTitulaciones\/grado_ing_quimica\/\">Grado en Ingenier\u00eda Qu\u00edmica Industrial<\/a><!--\n\n\n<h5><a href=\"https:\/\/www.uhu.es\/etsi\/doble-grado-ingenieria-electrica-energetica\/\">Doble Grado en Ingenier\u00eda El\u00e9ctrica e Ingenier\u00eda Energ\u00e9tica<\/a><\/h5>\n\n\n--><\/h5>\n<\/li>\n<\/ul>\n<p>&nbsp;<\/p>\n","protected":false},"excerpt":{"rendered":"<p>Doble Grado Grado en Ingenier\u00eda Inform\u00e1tica (UHU) &#038; Pregrado en Ingenier\u00eda de Sistemas (ULIMA) Doble Grado en Ingenier\u00eda Mec\u00e1nica e &#8230; <\/p>\n<div><a href=\"https:\/\/www.uhu.es\/etsi\/informacion-academica\/estudios-de-grado\/\" class=\"more-link\">Read More<\/a><\/div>\n","protected":false},"author":1,"featured_media":0,"parent":6948,"menu_order":0,"comment_status":"closed","ping_status":"closed","template":"template-layout-full-width.php","meta":[],"yoast_head":"<!-- This site is optimized with the Yoast SEO plugin v20.2.1 - https:\/\/yoast.com\/wordpress\/plugins\/seo\/ -->\n<title>Estudios de Grado - ETSI, UHU<\/title>\n<meta name=\"description\" content=\"Estudios de Grado ETSI UHU escuela t\u00e9cnica superior de ingenier\u00eda Huelva\" \/>\n<meta name=\"robots\" content=\"index, follow, max-snippet:-1, max-image-preview:large, max-video-preview:-1\" \/>\n<link rel=\"canonical\" href=\"https:\/\/www.uhu.es\/etsi\/informacion-academica\/estudios-de-grado\/\" \/>\n<meta property=\"og:locale\" content=\"es_ES\" \/>\n<meta property=\"og:type\" content=\"article\" \/>\n<meta property=\"og:title\" content=\"Estudios de Grado - ETSI, UHU\" \/>\n<meta property=\"og:description\" content=\"Estudios de Grado ETSI UHU escuela t\u00e9cnica superior de ingenier\u00eda Huelva\" \/>\n<meta property=\"og:url\" content=\"https:\/\/www.uhu.es\/etsi\/informacion-academica\/estudios-de-grado\/\" \/>\n<meta property=\"og:site_name\" content=\"ETSI, UHU\" \/>\n<meta property=\"article:modified_time\" content=\"2025-06-27T10:53:03+00:00\" \/>\n<meta name=\"twitter:label1\" content=\"Est. reading time\" \/>\n\t<meta name=\"twitter:data1\" content=\"1 minute\" \/>\n<script type=\"application\/ld+json\" class=\"yoast-schema-graph\">{\"@context\":\"https:\/\/schema.org\",\"@graph\":[{\"@type\":\"WebPage\",\"@id\":\"https:\/\/www.uhu.es\/etsi\/informacion-academica\/estudios-de-grado\/\",\"url\":\"https:\/\/www.uhu.es\/etsi\/informacion-academica\/estudios-de-grado\/\",\"name\":\"Estudios de Grado - ETSI, UHU\",\"isPartOf\":{\"@id\":\"https:\/\/www.uhu.es\/etsi\/#website\"},\"datePublished\":\"2014-05-15T17:22:01+00:00\",\"dateModified\":\"2025-06-27T10:53:03+00:00\",\"description\":\"Estudios de Grado ETSI UHU escuela t\u00e9cnica superior de ingenier\u00eda Huelva\",\"breadcrumb\":{\"@id\":\"https:\/\/www.uhu.es\/etsi\/informacion-academica\/estudios-de-grado\/#breadcrumb\"},\"inLanguage\":\"es-ES\",\"potentialAction\":[{\"@type\":\"ReadAction\",\"target\":[\"https:\/\/www.uhu.es\/etsi\/informacion-academica\/estudios-de-grado\/\"]}]},{\"@type\":\"BreadcrumbList\",\"@id\":\"https:\/\/www.uhu.es\/etsi\/informacion-academica\/estudios-de-grado\/#breadcrumb\",\"itemListElement\":[{\"@type\":\"ListItem\",\"position\":1,\"name\":\"Portada\",\"item\":\"https:\/\/www.uhu.es\/etsi\/\"},{\"@type\":\"ListItem\",\"position\":2,\"name\":\"Informaci\u00f3n Acad\u00e9mica\",\"item\":\"https:\/\/www.uhu.es\/etsi\/informacion-academica\/\"},{\"@type\":\"ListItem\",\"position\":3,\"name\":\"Estudios de Grado\"}]},{\"@type\":\"WebSite\",\"@id\":\"https:\/\/www.uhu.es\/etsi\/#website\",\"url\":\"https:\/\/www.uhu.es\/etsi\/\",\"name\":\"ETSI, UHU\",\"description\":\"Escuela T\u00e9cnica Superior de  Ingenier\u00eda de la Universidad de Huelva\",\"publisher\":{\"@id\":\"https:\/\/www.uhu.es\/etsi\/#organization\"},\"potentialAction\":[{\"@type\":\"SearchAction\",\"target\":{\"@type\":\"EntryPoint\",\"urlTemplate\":\"https:\/\/www.uhu.es\/etsi\/?s={search_term_string}\"},\"query-input\":\"required name=search_term_string\"}],\"inLanguage\":\"es-ES\"},{\"@type\":\"Organization\",\"@id\":\"https:\/\/www.uhu.es\/etsi\/#organization\",\"name\":\"UHU ETSI\",\"url\":\"https:\/\/www.uhu.es\/etsi\/\",\"logo\":{\"@type\":\"ImageObject\",\"inLanguage\":\"es-ES\",\"@id\":\"https:\/\/www.uhu.es\/etsi\/#\/schema\/logo\/image\/\",\"url\":\"http:\/\/www.uhu.es\/etsi\/wp-content\/uploads\/2016\/02\/membrete_ETSI.jpg\",\"contentUrl\":\"http:\/\/www.uhu.es\/etsi\/wp-content\/uploads\/2016\/02\/membrete_ETSI.jpg\",\"width\":423,\"height\":81,\"caption\":\"UHU ETSI\"},\"image\":{\"@id\":\"https:\/\/www.uhu.es\/etsi\/#\/schema\/logo\/image\/\"}}]}<\/script>\n<!-- \/ Yoast SEO plugin. -->","yoast_head_json":{"title":"Estudios de Grado - ETSI, UHU","description":"Estudios de Grado ETSI UHU escuela t\u00e9cnica superior de ingenier\u00eda Huelva","robots":{"index":"index","follow":"follow","max-snippet":"max-snippet:-1","max-image-preview":"max-image-preview:large","max-video-preview":"max-video-preview:-1"},"canonical":"https:\/\/www.uhu.es\/etsi\/informacion-academica\/estudios-de-grado\/","og_locale":"es_ES","og_type":"article","og_title":"Estudios de Grado - ETSI, UHU","og_description":"Estudios de Grado ETSI UHU escuela t\u00e9cnica superior de ingenier\u00eda Huelva","og_url":"https:\/\/www.uhu.es\/etsi\/informacion-academica\/estudios-de-grado\/","og_site_name":"ETSI, UHU","article_modified_time":"2025-06-27T10:53:03+00:00","twitter_misc":{"Est. reading time":"1 minute"},"schema":{"@context":"https:\/\/schema.org","@graph":[{"@type":"WebPage","@id":"https:\/\/www.uhu.es\/etsi\/informacion-academica\/estudios-de-grado\/","url":"https:\/\/www.uhu.es\/etsi\/informacion-academica\/estudios-de-grado\/","name":"Estudios de Grado - ETSI, UHU","isPartOf":{"@id":"https:\/\/www.uhu.es\/etsi\/#website"},"datePublished":"2014-05-15T17:22:01+00:00","dateModified":"2025-06-27T10:53:03+00:00","description":"Estudios de Grado ETSI UHU escuela t\u00e9cnica superior de ingenier\u00eda Huelva","breadcrumb":{"@id":"https:\/\/www.uhu.es\/etsi\/informacion-academica\/estudios-de-grado\/#breadcrumb"},"inLanguage":"es-ES","potentialAction":[{"@type":"ReadAction","target":["https:\/\/www.uhu.es\/etsi\/informacion-academica\/estudios-de-grado\/"]}]},{"@type":"BreadcrumbList","@id":"https:\/\/www.uhu.es\/etsi\/informacion-academica\/estudios-de-grado\/#breadcrumb","itemListElement":[{"@type":"ListItem","position":1,"name":"Portada","item":"https:\/\/www.uhu.es\/etsi\/"},{"@type":"ListItem","position":2,"name":"Informaci\u00f3n Acad\u00e9mica","item":"https:\/\/www.uhu.es\/etsi\/informacion-academica\/"},{"@type":"ListItem","position":3,"name":"Estudios de Grado"}]},{"@type":"WebSite","@id":"https:\/\/www.uhu.es\/etsi\/#website","url":"https:\/\/www.uhu.es\/etsi\/","name":"ETSI, UHU","description":"Escuela T\u00e9cnica Superior de  Ingenier\u00eda de la Universidad de Huelva","publisher":{"@id":"https:\/\/www.uhu.es\/etsi\/#organization"},"potentialAction":[{"@type":"SearchAction","target":{"@type":"EntryPoint","urlTemplate":"https:\/\/www.uhu.es\/etsi\/?s={search_term_string}"},"query-input":"required name=search_term_string"}],"inLanguage":"es-ES"},{"@type":"Organization","@id":"https:\/\/www.uhu.es\/etsi\/#organization","name":"UHU ETSI","url":"https:\/\/www.uhu.es\/etsi\/","logo":{"@type":"ImageObject","inLanguage":"es-ES","@id":"https:\/\/www.uhu.es\/etsi\/#\/schema\/logo\/image\/","url":"http:\/\/www.uhu.es\/etsi\/wp-content\/uploads\/2016\/02\/membrete_ETSI.jpg","contentUrl":"http:\/\/www.uhu.es\/etsi\/wp-content\/uploads\/2016\/02\/membrete_ETSI.jpg","width":423,"height":81,"caption":"UHU ETSI"},"image":{"@id":"https:\/\/www.uhu.es\/etsi\/#\/schema\/logo\/image\/"}}]}},"_links":{"self":[{"href":"https:\/\/www.uhu.es\/etsi\/wp-json\/wp\/v2\/pages\/6641"}],"collection":[{"href":"https:\/\/www.uhu.es\/etsi\/wp-json\/wp\/v2\/pages"}],"about":[{"href":"https:\/\/www.uhu.es\/etsi\/wp-json\/wp\/v2\/types\/page"}],"author":[{"embeddable":true,"href":"https:\/\/www.uhu.es\/etsi\/wp-json\/wp\/v2\/users\/1"}],"replies":[{"embeddable":true,"href":"https:\/\/www.uhu.es\/etsi\/wp-json\/wp\/v2\/comments?post=6641"}],"version-history":[{"count":29,"href":"https:\/\/www.uhu.es\/etsi\/wp-json\/wp\/v2\/pages\/6641\/revisions"}],"predecessor-version":[{"id":25265,"href":"https:\/\/www.uhu.es\/etsi\/wp-json\/wp\/v2\/pages\/6641\/revisions\/25265"}],"up":[{"embeddable":true,"href":"https:\/\/www.uhu.es\/etsi\/wp-json\/wp\/v2\/pages\/6948"}],"wp:attachment":[{"href":"https:\/\/www.uhu.es\/etsi\/wp-json\/wp\/v2\/media?parent=6641"}],"curies":[{"name":"wp","href":"https:\/\/api.w.org\/{rel}","templated":true}]}}