{"id":6644,"date":"2014-05-15T17:24:03","date_gmt":"2014-05-15T17:24:03","guid":{"rendered":"http:\/\/www.uhu.es\/etsi\/?page_id=6644"},"modified":"2024-10-03T14:34:11","modified_gmt":"2024-10-03T13:34:11","slug":"estudios-de-master","status":"publish","type":"page","link":"https:\/\/www.uhu.es\/etsi\/informacion-academica\/estudios-de-master\/","title":{"rendered":"Estudios de M\u00e1ster"},"content":{"rendered":"<div id=\"my-accordion\" class=\"x-accordion\" ><div  class=\"x-accordion-group\" ><div class=\"x-accordion-heading\"><a class=\"x-accordion-toggle collapsed\" data-toggle=\"collapse\" data-parent=\"#my-accordion\" href=\"#collapse-1\">F.A.Q. Preguntas Frecuentes<\/a><\/div> <!-- end .x-accordion-heading --><div id=\"collapse-1\" class=\"accordion-body collapse\"><div class=\"x-accordion-inner\">\n<p><strong>Preguntas Frecuentes relacionadas sobre la implantaci\u00f3n de los nuevos T\u00edtulos Oficiales de M\u00e1ster que habiliten para el ejercicio de la profesi\u00f3n de Ingeniero y la extinci\u00f3n de los Segundos Ciclos de Ingenier\u00eda Industrial, Ingenier\u00eda Inform\u00e1tica e Ingenier\u00eda Qu\u00edmica<\/strong><\/p>\n<p><strong>1.- \u00bfCu\u00e1les son los M\u00e1steres oficiales implantados actualmente?<\/strong><\/p>\n<p>Desde el curso 2014-2015 se ofertan los M\u00e1steres en Ingenier\u00eda Industrial, Ingenier\u00eda Qu\u00edmica e Ingenier\u00eda Inform\u00e1tica, y desde el curso 2015- 2016 se oferta el M\u00e1ster en Ingenier\u00eda de Montes.Y a partir del pr\u00f3ximo curso 2017-18 se imparte el M\u00e1ster Interuniversitario en Ingenier\u00eda de Minas.<\/p>\n<p align=\"JUSTIFY\"><strong>2. \u00bfQui\u00e9nes pueden acceder a los estudios de M\u00e1ster?<\/strong><\/p>\n<p align=\"JUSTIFY\">Para acceder a los M\u00e1steres Universitarios (tambi\u00e9n denominados M\u00e1steres Oficiales), adem\u00e1s de cumplir los requisitos que se exijan espec\u00edficamente, se debe estar en alguna de las siguientes situaciones:Estar en posesi\u00f3n de un t\u00edtulo de Grado, o de Arquitecto, Ingeniero, Licenciado, Arquitecto T\u00e9cnico, Diplomado, Ingeniero T\u00e9cnico o Maestro, u otro expresamente declarado equivalente.<\/p>\n<ol>\n<li>\n<p align=\"JUSTIFY\">Estar en posesi\u00f3n de un t\u00edtulo universitario extranjero expedido por una instituci\u00f3n de educaci\u00f3n superior del Espacio Europeo de Educaci\u00f3n Superior que facultan en el pa\u00eds expedidor del t\u00edtulo para el acceso a ense\u00f1anzas de m\u00e1ster.<\/p>\n<\/li>\n<li>\n<p align=\"JUSTIFY\">Estar en posesi\u00f3n de un t\u00edtulo universitario extranjero expedido por una instituci\u00f3n de educaci\u00f3n superior del Espacio Europeo de Educaci\u00f3n Superior que facultan en el pa\u00eds expedidor del t\u00edtulo para el acceso a ense\u00f1anzas de m\u00e1ster.<\/p>\n<\/li>\n<li>\n<p align=\"JUSTIFY\">Estar en posesi\u00f3n de un t\u00edtulo universitario extranjero, equivalente al nivel de grado en Espa\u00f1a, pero que no ha sido homologado por el Ministerio de Educaci\u00f3n Espa\u00f1ol y que faculte en su pa\u00eds de origen para cursar estudios de posgrado.<\/p>\n<\/li>\n<\/ol>\n<p>La informaci\u00f3n de acceso se puede consultar en:<span style=\"color: #ff0000;\"> <a style=\"color: #ff0000;\" href=\"http:\/\/www.juntadeandalucia.es\/economiainnovacioncienciayempleo\/sguit\">http:\/\/www.juntadeandalucia.es\/economiainnovacioncienciayempleo\/sguit<\/a><\/span><\/p>\n<p align=\"JUSTIFY\"><strong>3. Quienes posean un t\u00edtulo oficial de Segundo Ciclo \u00bfdispondr\u00e1n de una tabla de adaptaci\u00f3n al M\u00e1ster que lo sustituye?.<\/strong><\/p>\n<p align=\"JUSTIFY\">Aunque las titulaciones de Segundo Ciclo son equivalentes acad\u00e9micamente a los M\u00e1steres que las sustituyen, aquellos titulados que quieran obtener el t\u00edtulo de M\u00e1ster equivalente a la titulaci\u00f3n cursada, s\u00f3lo deber\u00e1n realizar el TFM en el caso del M\u00e1ster en Ingenier\u00eda Industrial e Ingenier\u00eda Inform\u00e1tica, siendo necesario realizar, en el caso del M\u00e1ster en Ingenier\u00eda Qu\u00edmica, un determinado n\u00famero de asignaturas adem\u00e1s del TFM.<\/p>\n<p align=\"JUSTIFY\"><strong>4. Extinci\u00f3n de los Segundos Ciclos. <\/strong><\/p>\n<p>El plazo m\u00e1ximo para defender el PFC es septiembre de 2017. A partir de dicha fecha las titulaciones de la antigua ordenaci\u00f3n de las ense\u00f1anzas quedar\u00e1n extinguidas totalmente.<\/p>\n<p align=\"JUSTIFY\"><strong>5. \u00bfQu\u00e9 opci\u00f3n se tiene si quedan asignaturas por superar en los estudios de Segundo Ciclo una vez extinguidos en septiembre de 2017?<\/strong><\/p>\n<p>La opci\u00f3n es continuar los estudios en los M\u00e1steres relacionados con los Segundos Ciclos de Ingenier\u00eda Industrial, Ingenier\u00eda Inform\u00e1tica e Ingenier\u00eda Qu\u00edmica. En las memorias de verificaci\u00f3n de los t\u00edtulos de M\u00e1ster se detallan las tablas de adaptaci\u00f3n desde los Segundos Ciclos correspondientes.<\/p>\n<\/div> <!-- end .x-accordion-inner --><\/div> <!-- end .x-accordion-body --><\/div> <!-- end .x-accordion-group --><\/div>\n<ul>\n<li>\n<!--\n\n<h5><a title=\"M\u00e1ster Oficial en Ingenier\u00eda Industrial\" href=\"https:\/\/www.uhu.es\/etsi\/master_ingindustrial\/\">M\u00e1ster Oficial en Ingenier\u00eda Industrial<\/a><\/h5>\n\n--><\/p>\n<h5><a title=\"M\u00e1ster Oficial en Ingenier\u00eda Industrial\" href=\"https:\/\/www.uhu.es\/etsi\/webMasteres\/master_ingindustrial\/\">M\u00e1ster Oficial en Ingenier\u00eda Industrial<\/a><\/h5>\n<\/li>\n<li>\n<!--\n\n<h5><a title=\"M\u00e1ster Oficial en Ingenier\u00eda Qu\u00edmica\" href=\"https:\/\/www.uhu.es\/etsi\/master_ingquimica_2018\/\">M\u00e1ster Oficial en Ingenier\u00eda Qu\u00edmica<\/a><\/h5>\n\n--><\/p>\n<h5><a title=\"M\u00e1ster Oficial en Ingenier\u00eda Qu\u00edmica\" href=\"https:\/\/www.uhu.es\/etsi\/webMasteres\/master_ingquimica\/\">M\u00e1ster Oficial en Ingenier\u00eda Qu\u00edmica<\/a><\/h5>\n<\/li>\n<li>\n<!-- \n\n<h5><a title=\"M\u00e1ster Oficial en Ingenier\u00eda Inform\u00e1tica\" href=\"https:\/\/www.uhu.es\/etsi\/master_inginformatica\/\">M\u00e1ster Oficial en Ingenier\u00eda Inform\u00e1tica<\/a><\/h5>\n\n --><\/p>\n<h5><a title=\"M\u00e1ster Oficial en Ingenier\u00eda Inform\u00e1tica\" href=\"https:\/\/www.uhu.es\/etsi\/webMasteres\/master_inginformatica\/\">M\u00e1ster Oficial en Ingenier\u00eda Inform\u00e1tica<\/a><\/h5>\n<\/li>\n<li>\n<h5><a title=\"M\u00e1ster Oficial en Ingenier\u00eda de Montes\" href=\"https:\/\/www.uhu.es\/etsi\/webMasteres\/master_ingmontes\/\">M\u00e1ster Oficial en Ingenier\u00eda de Montes<\/a><\/h5>\n<\/li>\n<li>\n<h5><a title=\"M\u00e1ster Oficial en Ingenier\u00eda de Minas\" href=\"https:\/\/www.uhu.es\/etsi\/master_ingminas\/index.php\">M\u00e1ster Oficial en Ingenier\u00eda de Minas<\/a><\/h5>\n<\/li>\n<li>\n<h5><a href=\"http:\/\/www.uhu.es\/masterRPAS\/\" target=\"_blank\" rel=\"noopener\">M\u00e1ster en Sistemas A\u00e9reos Pilotados de Forma Remota (RPAS) (T\u00edtulo Propio)<\/a><\/h5>\n<\/li>\n<li>\n<h5><a href=\"http:\/\/www.uhu.es\/master.imi\/\" target=\"_blank\" rel=\"noopener\">M\u00e1ster en Ingenier\u00eda del Mantenimiento Industrial (T\u00edtulo Propio)<\/a><\/h5>\n<\/li>\n<\/ul>\n<div class=\"margin-top:20px;\"><\/div>\n<p>Con informes favorable de la Agencia de evaluaci\u00f3n Andaluza y aprobados para su implantaci\u00f3n en el Consejo Andaluz de Universidades el 30 de junio de 2014.<\/p>\n<p>Para contactar con nosotros: <a href=\"mailto:info.masteres@uhu.es\">info.masteres@uhu.es<\/a><\/p>\n<p>&nbsp;<\/p>\n","protected":false},"excerpt":{"rendered":"<p>M\u00e1ster Oficial en Ingenier\u00eda Industrial M\u00e1ster Oficial en Ingenier\u00eda Qu\u00edmica M\u00e1ster Oficial en Ingenier\u00eda Inform\u00e1tica M\u00e1ster Oficial en Ingenier\u00eda de &#8230; <\/p>\n<div><a href=\"https:\/\/www.uhu.es\/etsi\/informacion-academica\/estudios-de-master\/\" class=\"more-link\">Read More<\/a><\/div>\n","protected":false},"author":1,"featured_media":0,"parent":6948,"menu_order":0,"comment_status":"closed","ping_status":"closed","template":"template-layout-full-width.php","meta":[],"yoast_head":"<!-- This site is optimized with the Yoast SEO plugin v20.2.1 - https:\/\/yoast.com\/wordpress\/plugins\/seo\/ -->\n<title>Estudios de M\u00e1ster - ETSI, UHU<\/title>\n<meta name=\"description\" content=\"Estudios de M\u00e1ster\" \/>\n<meta name=\"robots\" content=\"index, follow, max-snippet:-1, max-image-preview:large, max-video-preview:-1\" \/>\n<link rel=\"canonical\" href=\"https:\/\/www.uhu.es\/etsi\/informacion-academica\/estudios-de-master\/\" \/>\n<meta property=\"og:locale\" content=\"es_ES\" \/>\n<meta property=\"og:type\" content=\"article\" \/>\n<meta property=\"og:title\" content=\"Estudios de M\u00e1ster - ETSI, UHU\" \/>\n<meta property=\"og:description\" content=\"Estudios de M\u00e1ster\" \/>\n<meta property=\"og:url\" content=\"https:\/\/www.uhu.es\/etsi\/informacion-academica\/estudios-de-master\/\" \/>\n<meta property=\"og:site_name\" content=\"ETSI, UHU\" \/>\n<meta property=\"article:modified_time\" content=\"2024-10-03T13:34:11+00:00\" \/>\n<meta name=\"twitter:label1\" content=\"Est. reading time\" \/>\n\t<meta name=\"twitter:data1\" content=\"3 minutes\" \/>\n<script type=\"application\/ld+json\" class=\"yoast-schema-graph\">{\"@context\":\"https:\/\/schema.org\",\"@graph\":[{\"@type\":\"WebPage\",\"@id\":\"https:\/\/www.uhu.es\/etsi\/informacion-academica\/estudios-de-master\/\",\"url\":\"https:\/\/www.uhu.es\/etsi\/informacion-academica\/estudios-de-master\/\",\"name\":\"Estudios de M\u00e1ster - ETSI, UHU\",\"isPartOf\":{\"@id\":\"https:\/\/www.uhu.es\/etsi\/#website\"},\"datePublished\":\"2014-05-15T17:24:03+00:00\",\"dateModified\":\"2024-10-03T13:34:11+00:00\",\"description\":\"Estudios de M\u00e1ster\",\"breadcrumb\":{\"@id\":\"https:\/\/www.uhu.es\/etsi\/informacion-academica\/estudios-de-master\/#breadcrumb\"},\"inLanguage\":\"es-ES\",\"potentialAction\":[{\"@type\":\"ReadAction\",\"target\":[\"https:\/\/www.uhu.es\/etsi\/informacion-academica\/estudios-de-master\/\"]}]},{\"@type\":\"BreadcrumbList\",\"@id\":\"https:\/\/www.uhu.es\/etsi\/informacion-academica\/estudios-de-master\/#breadcrumb\",\"itemListElement\":[{\"@type\":\"ListItem\",\"position\":1,\"name\":\"Portada\",\"item\":\"https:\/\/www.uhu.es\/etsi\/\"},{\"@type\":\"ListItem\",\"position\":2,\"name\":\"Informaci\u00f3n Acad\u00e9mica\",\"item\":\"https:\/\/www.uhu.es\/etsi\/informacion-academica\/\"},{\"@type\":\"ListItem\",\"position\":3,\"name\":\"Estudios de M\u00e1ster\"}]},{\"@type\":\"WebSite\",\"@id\":\"https:\/\/www.uhu.es\/etsi\/#website\",\"url\":\"https:\/\/www.uhu.es\/etsi\/\",\"name\":\"ETSI, UHU\",\"description\":\"Escuela T\u00e9cnica Superior de  Ingenier\u00eda de la Universidad de Huelva\",\"publisher\":{\"@id\":\"https:\/\/www.uhu.es\/etsi\/#organization\"},\"potentialAction\":[{\"@type\":\"SearchAction\",\"target\":{\"@type\":\"EntryPoint\",\"urlTemplate\":\"https:\/\/www.uhu.es\/etsi\/?s={search_term_string}\"},\"query-input\":\"required name=search_term_string\"}],\"inLanguage\":\"es-ES\"},{\"@type\":\"Organization\",\"@id\":\"https:\/\/www.uhu.es\/etsi\/#organization\",\"name\":\"UHU ETSI\",\"url\":\"https:\/\/www.uhu.es\/etsi\/\",\"logo\":{\"@type\":\"ImageObject\",\"inLanguage\":\"es-ES\",\"@id\":\"https:\/\/www.uhu.es\/etsi\/#\/schema\/logo\/image\/\",\"url\":\"http:\/\/www.uhu.es\/etsi\/wp-content\/uploads\/2016\/02\/membrete_ETSI.jpg\",\"contentUrl\":\"http:\/\/www.uhu.es\/etsi\/wp-content\/uploads\/2016\/02\/membrete_ETSI.jpg\",\"width\":423,\"height\":81,\"caption\":\"UHU ETSI\"},\"image\":{\"@id\":\"https:\/\/www.uhu.es\/etsi\/#\/schema\/logo\/image\/\"}}]}<\/script>\n<!-- \/ Yoast SEO plugin. -->","yoast_head_json":{"title":"Estudios de M\u00e1ster - ETSI, UHU","description":"Estudios de M\u00e1ster","robots":{"index":"index","follow":"follow","max-snippet":"max-snippet:-1","max-image-preview":"max-image-preview:large","max-video-preview":"max-video-preview:-1"},"canonical":"https:\/\/www.uhu.es\/etsi\/informacion-academica\/estudios-de-master\/","og_locale":"es_ES","og_type":"article","og_title":"Estudios de M\u00e1ster - ETSI, UHU","og_description":"Estudios de M\u00e1ster","og_url":"https:\/\/www.uhu.es\/etsi\/informacion-academica\/estudios-de-master\/","og_site_name":"ETSI, UHU","article_modified_time":"2024-10-03T13:34:11+00:00","twitter_misc":{"Est. reading time":"3 minutes"},"schema":{"@context":"https:\/\/schema.org","@graph":[{"@type":"WebPage","@id":"https:\/\/www.uhu.es\/etsi\/informacion-academica\/estudios-de-master\/","url":"https:\/\/www.uhu.es\/etsi\/informacion-academica\/estudios-de-master\/","name":"Estudios de M\u00e1ster - ETSI, UHU","isPartOf":{"@id":"https:\/\/www.uhu.es\/etsi\/#website"},"datePublished":"2014-05-15T17:24:03+00:00","dateModified":"2024-10-03T13:34:11+00:00","description":"Estudios de M\u00e1ster","breadcrumb":{"@id":"https:\/\/www.uhu.es\/etsi\/informacion-academica\/estudios-de-master\/#breadcrumb"},"inLanguage":"es-ES","potentialAction":[{"@type":"ReadAction","target":["https:\/\/www.uhu.es\/etsi\/informacion-academica\/estudios-de-master\/"]}]},{"@type":"BreadcrumbList","@id":"https:\/\/www.uhu.es\/etsi\/informacion-academica\/estudios-de-master\/#breadcrumb","itemListElement":[{"@type":"ListItem","position":1,"name":"Portada","item":"https:\/\/www.uhu.es\/etsi\/"},{"@type":"ListItem","position":2,"name":"Informaci\u00f3n Acad\u00e9mica","item":"https:\/\/www.uhu.es\/etsi\/informacion-academica\/"},{"@type":"ListItem","position":3,"name":"Estudios de M\u00e1ster"}]},{"@type":"WebSite","@id":"https:\/\/www.uhu.es\/etsi\/#website","url":"https:\/\/www.uhu.es\/etsi\/","name":"ETSI, UHU","description":"Escuela T\u00e9cnica Superior de  Ingenier\u00eda de la Universidad de Huelva","publisher":{"@id":"https:\/\/www.uhu.es\/etsi\/#organization"},"potentialAction":[{"@type":"SearchAction","target":{"@type":"EntryPoint","urlTemplate":"https:\/\/www.uhu.es\/etsi\/?s={search_term_string}"},"query-input":"required name=search_term_string"}],"inLanguage":"es-ES"},{"@type":"Organization","@id":"https:\/\/www.uhu.es\/etsi\/#organization","name":"UHU ETSI","url":"https:\/\/www.uhu.es\/etsi\/","logo":{"@type":"ImageObject","inLanguage":"es-ES","@id":"https:\/\/www.uhu.es\/etsi\/#\/schema\/logo\/image\/","url":"http:\/\/www.uhu.es\/etsi\/wp-content\/uploads\/2016\/02\/membrete_ETSI.jpg","contentUrl":"http:\/\/www.uhu.es\/etsi\/wp-content\/uploads\/2016\/02\/membrete_ETSI.jpg","width":423,"height":81,"caption":"UHU ETSI"},"image":{"@id":"https:\/\/www.uhu.es\/etsi\/#\/schema\/logo\/image\/"}}]}},"_links":{"self":[{"href":"https:\/\/www.uhu.es\/etsi\/wp-json\/wp\/v2\/pages\/6644"}],"collection":[{"href":"https:\/\/www.uhu.es\/etsi\/wp-json\/wp\/v2\/pages"}],"about":[{"href":"https:\/\/www.uhu.es\/etsi\/wp-json\/wp\/v2\/types\/page"}],"author":[{"embeddable":true,"href":"https:\/\/www.uhu.es\/etsi\/wp-json\/wp\/v2\/users\/1"}],"replies":[{"embeddable":true,"href":"https:\/\/www.uhu.es\/etsi\/wp-json\/wp\/v2\/comments?post=6644"}],"version-history":[{"count":38,"href":"https:\/\/www.uhu.es\/etsi\/wp-json\/wp\/v2\/pages\/6644\/revisions"}],"predecessor-version":[{"id":24490,"href":"https:\/\/www.uhu.es\/etsi\/wp-json\/wp\/v2\/pages\/6644\/revisions\/24490"}],"up":[{"embeddable":true,"href":"https:\/\/www.uhu.es\/etsi\/wp-json\/wp\/v2\/pages\/6948"}],"wp:attachment":[{"href":"https:\/\/www.uhu.es\/etsi\/wp-json\/wp\/v2\/media?parent=6644"}],"curies":[{"name":"wp","href":"https:\/\/api.w.org\/{rel}","templated":true}]}}