{"id":6660,"date":"2014-05-15T17:30:27","date_gmt":"2014-05-15T17:30:27","guid":{"rendered":"http:\/\/www.uhu.es\/etsi\/?page_id=6660"},"modified":"2024-07-23T09:33:39","modified_gmt":"2024-07-23T08:33:39","slug":"secretaria","status":"publish","type":"page","link":"https:\/\/www.uhu.es\/etsi\/secretaria\/","title":{"rendered":"Secretar\u00eda"},"content":{"rendered":"<div id=\"x-content-band-1\" class=\"x-content-band bg-pattern border-left border-right\" style=\"background-image: url(https:\/\/www.uhu.es\/etsi\/wp-piepagina\/info.jpg); background-color: transparent;\"><div class=\"x-container-fluid max width\">\n<!--\n\n\n<ul style=\"list-style-type: square;\">\n \t\n\n<li><a href=\"https:\/\/www.uhu.es\/etsi\/descargas\/2020\/julio\/LA_SECRETARIA_INFORMA_A_LOS_ALUMNOS.pdf\"><span style=\"font-size: 14pt;\">LA SECRETAR\u00cdA INFORMA A LOS ALUMNOS<\/span><\/a><\/li>\n\n\n<\/ul>\n\n\n--><\/p>\n<ul style=\"list-style-type: square;\">\n<li><span style=\"font-size: 14pt;\"><a href=\"https:\/\/www.uhu.es\/etsi\/wp-content\/uploads\/2024\/07\/PREINSCRIPCI%C3%93N%20ITINERARIOS%20CURRICULARES%20CONCRETOS%20curso%202024-25.pdf\">Preinscripci\u00f3n en Itinerarios Curriculares Concretos (ICC). Curso 2024-2025<\/a><\/span><\/li>\n<\/ul>\n<p>&nbsp;<\/p>\n<ul style=\"list-style-type: square;\">\n<li><span style=\"font-size: 14pt;\"><a href=\"https:\/\/www.uhu.es\/etsi\/secretaria\/matricula_\/\">MATR\u00cdCULA<\/a><\/span><\/li>\n<\/ul>\n<p>&nbsp;<\/p>\n<ul style=\"list-style-type: square;\">\n<li><span style=\"font-size: 14pt;\"><a href=\"https:\/\/www.uhu.es\/etsi\/estudiantes-2\/plazos-de-interes\/\">Plazos de Inter\u00e9s<\/a><\/span><\/li>\n<\/ul>\n<p>&nbsp;<\/p>\n<p><!--\n&nbsp;\n\n\n<ul style=\"list-style-type: square;\">\n \t\n\n<li><span style=\"font-size: 14pt;\"><a href=\"https:\/\/www.uhu.es\/etsi\/descargas\/2020\/julio\/2020_07_15_Resolucion_Rectoral_ayuda_gastos_de_matricula.pdf\">MATR\u00cdCULA 2019-20: Convocatoria de ayudas para bonificaci\u00f3n de recibos impagados de abril y mayo.<\/a><\/span><\/li>\n\n\n<\/ul>\n\n\n&nbsp;\n--><\/p>\n<ul style=\"list-style-type: square;\">\n<li><span style=\"font-size: 14pt;\"><a href=\"https:\/\/www.uhu.es\/etsi\/secretaria\/impresos\/\">Impresos y Solicitudes<\/a><\/span><\/li>\n<\/ul>\n<p>&nbsp;<br \/>\n<!--\n\n<ul style=\"list-style-type: square;\">\n \t\n\n<li><span style=\"font-size: 14pt;\"><a href=\"https:\/\/www.uhu.es\/etsi\/alumnos\/RECONOCIMIENTO%20DE%20CR%C3%89DITOS%20%202021-22.pdf\">Reconocimiento de cr\u00e9ditos 2020-21<\/a><\/span><\/li>\n\n\n<\/ul>\n\n\n&nbsp;--><\/p>\n<ul style=\"list-style-type: square;\"><!--\n \t\n\n<li><span style=\"font-size: 14pt;\"><a href=\"https:\/\/www.uhu.es\/etsi\/secretaria\/resolucion-cambio-modalidad-matricula\/\">Cambio de Modalidad de Matr\u00edcula. Resoluci\u00f3n de Solicitudes<\/a>--><\/p>\n<li><span style=\"font-size: 14pt;\"><a href=\"https:\/\/www.uhu.es\/etsi\/secretaria\/cambio-de-grupo-de-matricula\/\">Cambio de Grupo de Matr\u00edcula.<\/a><\/span><\/li>\n<\/ul>\n<p>&nbsp;<\/p>\n<ul style=\"list-style-type: square;\">\n<li><span style=\"font-size: 14pt;\"><a href=\"https:\/\/www.uhu.es\/etsi\/secretaria\/resolucion-cambio-modalidad-matricula\/\">Cambio de Modalidad de Matr\u00edcula<\/a><\/span><\/li>\n<\/ul>\n<p>&nbsp;<\/p>\n<ul style=\"list-style-type: square;\">\n<li><span style=\"font-size: 14pt;\"><a href=\"https:\/\/iris.uhu.es\/citas-online\/index.php\">Cita previa<\/a><\/span><\/li>\n<\/ul>\n<p>&nbsp;<\/p>\n<ul style=\"list-style-type: square;\">\n<li><span style=\"font-size: 14pt;\"><a href=\"https:\/\/www.uhu.es\/etsi\/secretaria\/consulta-el-tramite-de-tu-titulo\/\">Consulta el tr\u00e1mite de tu t\u00edtulo<\/a><\/span><\/li>\n<\/ul>\n<p>&nbsp;<\/p>\n<ul style=\"list-style-type: square;\">\n<li><span style=\"font-size: 14pt;\"><a href=\"https:\/\/www.uhu.es\/etsi\/secretaria\/consultas-secretaria\/\">Consultas Secretar\u00eda<\/a><\/span><\/li>\n<\/ul>\n<p>&nbsp;<\/p>\n<ul style=\"list-style-type: square;\">\n<li><span style=\"font-size: 14pt;\"><a href=\"https:\/\/www.uhu.es\/etsi\/secretaria\/convocatoria-extraordinaria-examenes-noviembre\/\">Convocatorias de ex\u00e1menes Ordinaria III y Extraordinaria <\/a><\/span><\/li>\n<\/ul>\n<p>&nbsp;<\/p>\n<ul style=\"list-style-type: square;\">\n<li><span style=\"font-size: 14pt;\"><a href=\"https:\/\/www.uhu.es\/etsi\/secretaria\/firma-digital\/\">Firma digital<\/a><\/span><\/li>\n<\/ul>\n<p>&nbsp;<\/p>\n<ul style=\"list-style-type: square;\">\n<li><span style=\"font-size: 14pt;\"><a href=\"https:\/\/www.uhu.es\/etsi\/la-escuela_\/informacion-general\/horario-de-atencion-al-publico-de-la-secretaria-del-centro\/\">Horario de atenci\u00f3n al p\u00fablico de la Secretar\u00eda del Centro<\/a><\/span><\/li>\n<\/ul>\n<p>&nbsp;<\/p>\n<ul style=\"list-style-type: square;\">\n<li><span style=\"font-size: 14pt;\"><a href=\"https:\/\/www.uhu.es\/etsi\/secretaria\/listado-telefonico-secretaria\/\">Listado Telef\u00f3nico de Secretar\u00eda<\/a><\/span><\/li>\n<\/ul>\n<p>&nbsp;<\/p>\n<ul style=\"list-style-type: square;\">\n<li><span style=\"font-size: 14pt;\"><a href=\"https:\/\/www.uhu.es\/etsi\/estudiantes-2\/normativa\/\">Normativa<\/a><\/span><\/li>\n<\/ul>\n<p>&nbsp;<\/p>\n<ul style=\"list-style-type: square;\">\n<li><span style=\"font-size: 14pt;\"><a href=\"https:\/\/www.uhu.es\/etsi\/secretaria\/presentacion-de-quejasreclamacionessugerenciasfelicitaciones\/\">Presentaci\u00f3n de quejas\/reclamaciones\/sugerencias\/felicitaciones<\/a><\/span><\/li>\n<\/ul>\n<\/div><\/div>\n","protected":false},"excerpt":{"rendered":"Preinscripci\u00f3n en Itinerarios Curriculares Concretos (ICC). Curso 2024-2025 &nbsp; MATR\u00cdCULA &nbsp; Plazos de Inter\u00e9s &nbsp; Impresos y Solicitudes &nbsp; Cambio ... <div><a href=\"https:\/\/www.uhu.es\/etsi\/secretaria\/\" class=\"more-link\">Read More<\/a><\/div>","protected":false},"author":1,"featured_media":0,"parent":0,"menu_order":3,"comment_status":"closed","ping_status":"closed","template":"template-layout-full-width.php","meta":[],"yoast_head":"<!-- This site is optimized with the Yoast SEO plugin v20.2.1 - https:\/\/yoast.com\/wordpress\/plugins\/seo\/ -->\n<title>Secretar\u00eda - ETSI, UHU<\/title>\n<meta name=\"description\" content=\"Secretar\u00eda\" \/>\n<meta name=\"robots\" content=\"index, follow, max-snippet:-1, max-image-preview:large, max-video-preview:-1\" \/>\n<link rel=\"canonical\" href=\"https:\/\/www.uhu.es\/etsi\/secretaria\/\" \/>\n<meta property=\"og:locale\" content=\"es_ES\" \/>\n<meta property=\"og:type\" content=\"article\" \/>\n<meta property=\"og:title\" content=\"Secretar\u00eda - ETSI, UHU\" \/>\n<meta property=\"og:description\" content=\"Secretar\u00eda\" \/>\n<meta property=\"og:url\" content=\"https:\/\/www.uhu.es\/etsi\/secretaria\/\" \/>\n<meta property=\"og:site_name\" content=\"ETSI, UHU\" \/>\n<meta property=\"article:modified_time\" content=\"2024-07-23T08:33:39+00:00\" \/>\n<meta name=\"twitter:label1\" content=\"Est. reading time\" \/>\n\t<meta name=\"twitter:data1\" content=\"1 minute\" \/>\n<script type=\"application\/ld+json\" class=\"yoast-schema-graph\">{\"@context\":\"https:\/\/schema.org\",\"@graph\":[{\"@type\":\"WebPage\",\"@id\":\"https:\/\/www.uhu.es\/etsi\/secretaria\/\",\"url\":\"https:\/\/www.uhu.es\/etsi\/secretaria\/\",\"name\":\"Secretar\u00eda - ETSI, UHU\",\"isPartOf\":{\"@id\":\"https:\/\/www.uhu.es\/etsi\/#website\"},\"datePublished\":\"2014-05-15T17:30:27+00:00\",\"dateModified\":\"2024-07-23T08:33:39+00:00\",\"description\":\"Secretar\u00eda\",\"breadcrumb\":{\"@id\":\"https:\/\/www.uhu.es\/etsi\/secretaria\/#breadcrumb\"},\"inLanguage\":\"es-ES\",\"potentialAction\":[{\"@type\":\"ReadAction\",\"target\":[\"https:\/\/www.uhu.es\/etsi\/secretaria\/\"]}]},{\"@type\":\"BreadcrumbList\",\"@id\":\"https:\/\/www.uhu.es\/etsi\/secretaria\/#breadcrumb\",\"itemListElement\":[{\"@type\":\"ListItem\",\"position\":1,\"name\":\"Portada\",\"item\":\"https:\/\/www.uhu.es\/etsi\/\"},{\"@type\":\"ListItem\",\"position\":2,\"name\":\"Secretar\u00eda\"}]},{\"@type\":\"WebSite\",\"@id\":\"https:\/\/www.uhu.es\/etsi\/#website\",\"url\":\"https:\/\/www.uhu.es\/etsi\/\",\"name\":\"ETSI, UHU\",\"description\":\"Escuela T\u00e9cnica Superior de  Ingenier\u00eda de la Universidad de Huelva\",\"publisher\":{\"@id\":\"https:\/\/www.uhu.es\/etsi\/#organization\"},\"potentialAction\":[{\"@type\":\"SearchAction\",\"target\":{\"@type\":\"EntryPoint\",\"urlTemplate\":\"https:\/\/www.uhu.es\/etsi\/?s={search_term_string}\"},\"query-input\":\"required name=search_term_string\"}],\"inLanguage\":\"es-ES\"},{\"@type\":\"Organization\",\"@id\":\"https:\/\/www.uhu.es\/etsi\/#organization\",\"name\":\"UHU ETSI\",\"url\":\"https:\/\/www.uhu.es\/etsi\/\",\"logo\":{\"@type\":\"ImageObject\",\"inLanguage\":\"es-ES\",\"@id\":\"https:\/\/www.uhu.es\/etsi\/#\/schema\/logo\/image\/\",\"url\":\"http:\/\/www.uhu.es\/etsi\/wp-content\/uploads\/2016\/02\/membrete_ETSI.jpg\",\"contentUrl\":\"http:\/\/www.uhu.es\/etsi\/wp-content\/uploads\/2016\/02\/membrete_ETSI.jpg\",\"width\":423,\"height\":81,\"caption\":\"UHU ETSI\"},\"image\":{\"@id\":\"https:\/\/www.uhu.es\/etsi\/#\/schema\/logo\/image\/\"}}]}<\/script>\n<!-- \/ Yoast SEO plugin. -->","yoast_head_json":{"title":"Secretar\u00eda - ETSI, UHU","description":"Secretar\u00eda","robots":{"index":"index","follow":"follow","max-snippet":"max-snippet:-1","max-image-preview":"max-image-preview:large","max-video-preview":"max-video-preview:-1"},"canonical":"https:\/\/www.uhu.es\/etsi\/secretaria\/","og_locale":"es_ES","og_type":"article","og_title":"Secretar\u00eda - ETSI, UHU","og_description":"Secretar\u00eda","og_url":"https:\/\/www.uhu.es\/etsi\/secretaria\/","og_site_name":"ETSI, UHU","article_modified_time":"2024-07-23T08:33:39+00:00","twitter_misc":{"Est. reading time":"1 minute"},"schema":{"@context":"https:\/\/schema.org","@graph":[{"@type":"WebPage","@id":"https:\/\/www.uhu.es\/etsi\/secretaria\/","url":"https:\/\/www.uhu.es\/etsi\/secretaria\/","name":"Secretar\u00eda - ETSI, UHU","isPartOf":{"@id":"https:\/\/www.uhu.es\/etsi\/#website"},"datePublished":"2014-05-15T17:30:27+00:00","dateModified":"2024-07-23T08:33:39+00:00","description":"Secretar\u00eda","breadcrumb":{"@id":"https:\/\/www.uhu.es\/etsi\/secretaria\/#breadcrumb"},"inLanguage":"es-ES","potentialAction":[{"@type":"ReadAction","target":["https:\/\/www.uhu.es\/etsi\/secretaria\/"]}]},{"@type":"BreadcrumbList","@id":"https:\/\/www.uhu.es\/etsi\/secretaria\/#breadcrumb","itemListElement":[{"@type":"ListItem","position":1,"name":"Portada","item":"https:\/\/www.uhu.es\/etsi\/"},{"@type":"ListItem","position":2,"name":"Secretar\u00eda"}]},{"@type":"WebSite","@id":"https:\/\/www.uhu.es\/etsi\/#website","url":"https:\/\/www.uhu.es\/etsi\/","name":"ETSI, UHU","description":"Escuela T\u00e9cnica Superior de  Ingenier\u00eda de la Universidad de Huelva","publisher":{"@id":"https:\/\/www.uhu.es\/etsi\/#organization"},"potentialAction":[{"@type":"SearchAction","target":{"@type":"EntryPoint","urlTemplate":"https:\/\/www.uhu.es\/etsi\/?s={search_term_string}"},"query-input":"required name=search_term_string"}],"inLanguage":"es-ES"},{"@type":"Organization","@id":"https:\/\/www.uhu.es\/etsi\/#organization","name":"UHU ETSI","url":"https:\/\/www.uhu.es\/etsi\/","logo":{"@type":"ImageObject","inLanguage":"es-ES","@id":"https:\/\/www.uhu.es\/etsi\/#\/schema\/logo\/image\/","url":"http:\/\/www.uhu.es\/etsi\/wp-content\/uploads\/2016\/02\/membrete_ETSI.jpg","contentUrl":"http:\/\/www.uhu.es\/etsi\/wp-content\/uploads\/2016\/02\/membrete_ETSI.jpg","width":423,"height":81,"caption":"UHU ETSI"},"image":{"@id":"https:\/\/www.uhu.es\/etsi\/#\/schema\/logo\/image\/"}}]}},"_links":{"self":[{"href":"https:\/\/www.uhu.es\/etsi\/wp-json\/wp\/v2\/pages\/6660"}],"collection":[{"href":"https:\/\/www.uhu.es\/etsi\/wp-json\/wp\/v2\/pages"}],"about":[{"href":"https:\/\/www.uhu.es\/etsi\/wp-json\/wp\/v2\/types\/page"}],"author":[{"embeddable":true,"href":"https:\/\/www.uhu.es\/etsi\/wp-json\/wp\/v2\/users\/1"}],"replies":[{"embeddable":true,"href":"https:\/\/www.uhu.es\/etsi\/wp-json\/wp\/v2\/comments?post=6660"}],"version-history":[{"count":46,"href":"https:\/\/www.uhu.es\/etsi\/wp-json\/wp\/v2\/pages\/6660\/revisions"}],"predecessor-version":[{"id":24279,"href":"https:\/\/www.uhu.es\/etsi\/wp-json\/wp\/v2\/pages\/6660\/revisions\/24279"}],"wp:attachment":[{"href":"https:\/\/www.uhu.es\/etsi\/wp-json\/wp\/v2\/media?parent=6660"}],"curies":[{"name":"wp","href":"https:\/\/api.w.org\/{rel}","templated":true}]}}