{"id":6678,"date":"2014-05-15T17:39:12","date_gmt":"2014-05-15T17:39:12","guid":{"rendered":"http:\/\/www.uhu.es\/etsi\/?page_id=6678"},"modified":"2021-04-20T12:14:48","modified_gmt":"2021-04-20T11:14:48","slug":"localizacion-de-edificios","status":"publish","type":"page","link":"https:\/\/www.uhu.es\/etsi\/la-escuela_\/localizacion-de-edificios\/","title":{"rendered":"Planos del edificio"},"content":{"rendered":"<h5>Planos del Edificio de la ETSI<\/h5>\n<p>&nbsp;<\/p>\n<p><strong>Si tienes problemas visualizando las im\u00e1genes, puedes descargar un pdf con todos los planos en el siguiente enlace: <a style=\"color: #ff0000;\" href=\"http:\/\/uhu.es\/etsi\/planos_etsi\/planos.pdf\">Edificio de la ETSI<\/a><\/strong><\/p>\n<ul  class=\"x-nav x-nav-tabs two-up left\" ><li  class=\"x-nav-tabs-item active\" ><a href=\"#tab-1\" data-toggle=\"tab\">Planta 0<\/a><\/li><li  class=\"x-nav-tabs-item\" ><a href=\"#tab-2\" data-toggle=\"tab\">Planta Baja<\/a><\/li><li  class=\"x-nav-tabs-item\" ><a href=\"#tab-3\" data-toggle=\"tab\">Primera Planta<\/a><\/li><li  class=\"x-nav-tabs-item\" ><a href=\"#tab-4\" data-toggle=\"tab\">Segunda Planta<\/a><\/li><li  class=\"x-nav-tabs-item\" ><a href=\"#tab-5\" data-toggle=\"tab\">Tercera Planta<\/a><\/li><\/ul> <div  class=\"x-tab-content\" ><div id=\"tab-1\" class=\"x-tab-pane fade in fade in active\" >\n<table border=\"0\" width=\"600\" cellspacing=\"0\">\n<tbody>\n<tr>\n<td width=\"300\">\n<div align=\"center\"><strong>Planta 0<br \/>\n<\/strong><\/div>\n<\/td>\n<td width=\"284\"><\/td>\n<\/tr>\n<tr>\n<td>\n<div align=\"center\"><a href=\"https:\/\/www.uhu.es\/etsi\/planos_etsi\/planta_baja.jpg\"><img decoding=\"async\" src=\"https:\/\/www.uhu.es\/etsi\/planos_etsi\/reducidos\/planta_baja.jpg\" alt=\"\" \/><br \/>\n<\/a><a style=\"color: #808000;\" href=\"https:\/\/www.uhu.es\/etsi\/planos_etsi\/planta_baja.jpg\"><span class=\"titnoticias\" style=\"color: #006600;\">[Haga clic para ver a tama\u00f1o completo]<\/span><br \/>\n<\/a><\/div>\n<\/td>\n<td>\n<table class=\"celdabordesupizq\" border=\"0\" width=\"300\" cellspacing=\"0\">\n<tbody>\n<tr>\n<td>\n<div align=\"center\"><strong>Descripci\u00f3n de la Planta 0<br \/>\n<\/strong><\/div>\n<\/td>\n<\/tr>\n<tr>\n<td>En la Planta 0 se encuentran ubicados despachos de profesores, laboratorios, adem\u00e1s de distintas zonas destinadas a archivos del edificio.<\/td>\n<\/tr>\n<\/tbody>\n<\/table>\n<\/td>\n<\/tr>\n<\/tbody>\n<\/table>\n<h6><\/div><div id=\"tab-2\" class=\"x-tab-pane fade in\" ><\/h6>\n<table border=\"0\" width=\"600\" cellspacing=\"0\">\n<tbody>\n<tr>\n<td width=\"300\">\n<div align=\"center\"><strong>Planta Baja<\/strong><\/div>\n<\/td>\n<td width=\"284\"><\/td>\n<\/tr>\n<tr>\n<td>\n<div align=\"center\"><a href=\"https:\/\/www.uhu.es\/etsi\/planos_etsi\/entreplanta.jpg\"><img decoding=\"async\" loading=\"lazy\" src=\"https:\/\/www.uhu.es\/etsi\/planos_etsi\/reducidos\/entreplanta.jpg\" alt=\"\" width=\"350\" height=\"248\" \/><br \/>\n<\/a><a style=\"color: #808000;\" href=\"https:\/\/www.uhu.es\/etsi\/planos_etsi\/entreplanta.jpg\"><span class=\"titnoticias\" style=\"color: #006600;\">[Haga clic para ver a tama\u00f1o completo]<\/span><br \/>\n<\/a><\/div>\n<\/td>\n<td>\n<table class=\"celdabordesupizq\" border=\"0\" width=\"300\" cellspacing=\"0\">\n<tbody>\n<tr>\n<td>\n<div align=\"center\"><strong>Descripci\u00f3n de la Planta Baja<br \/>\n<\/strong><\/div>\n<\/td>\n<\/tr>\n<tr>\n<td>En la Planta Baja se encuentra el acceso principal al edificio. Adem\u00e1s de los despachos de profesores y laboratorios, esta planta cuenta, entre otras, con dos salas de estudios, un aula de grados 148.97 m<sup>2<\/sup>, cafeter\u00eda, la secretar\u00eda del Centro, la conserjer\u00eda y un Sal\u00f3n de Actos de m\u00e1s de 230 m<sup>2<\/sup>.<\/td>\n<\/tr>\n<\/tbody>\n<\/table>\n<\/td>\n<\/tr>\n<\/tbody>\n<\/table>\n<h6><\/div><div id=\"tab-3\" class=\"x-tab-pane fade in\" ><\/h6>\n<table border=\"0\" width=\"600\" cellspacing=\"0\">\n<tbody>\n<tr>\n<td width=\"300\">\n<div align=\"center\"><strong>Primera Planta<\/strong><\/div>\n<\/td>\n<td width=\"284\"><\/td>\n<\/tr>\n<tr>\n<td>\n<div align=\"center\"><a href=\"https:\/\/www.uhu.es\/etsi\/planos_etsi\/planta1.jpg\"><img decoding=\"async\" src=\"https:\/\/www.uhu.es\/etsi\/planos_etsi\/reducidos\/planta1.jpg\" alt=\"\" \/><br \/>\n<\/a><a style=\"color: #808000;\" href=\"https:\/\/www.uhu.es\/etsi\/planos_etsi\/planta1.jpg\"><span class=\"titnoticias\" style=\"color: #006600;\">[Haga clic para ver a tama\u00f1o completo]<\/span><br \/>\n<\/a><\/div>\n<\/td>\n<td>\n<table class=\"celdabordesupizq\" border=\"0\" width=\"300\" cellspacing=\"0\">\n<tbody>\n<tr>\n<td>\n<div align=\"center\"><strong>Descripci\u00f3n de la\u00a0Primera Planta<\/strong><\/div>\n<\/td>\n<\/tr>\n<tr>\n<td>En la Primera Planta se hallan despachos de profesores y laboratorios. Tambi\u00e9n en esta planta est\u00e1 la zona destinada a la Direcci\u00f3n del Centro y una Sala de Juntas de 163.57 m<sup>2<\/sup>.<\/td>\n<\/tr>\n<\/tbody>\n<\/table>\n<\/td>\n<\/tr>\n<\/tbody>\n<\/table>\n<h6><\/div><div id=\"tab-4\" class=\"x-tab-pane fade in\" ><\/h6>\n<table border=\"0\" width=\"600\" cellspacing=\"0\">\n<tbody>\n<tr>\n<td width=\"300\">\n<div align=\"center\"><strong>Segunda Planta<\/strong><\/div>\n<\/td>\n<td width=\"284\"><\/td>\n<\/tr>\n<tr>\n<td>\n<div align=\"center\"><a href=\"https:\/\/www.uhu.es\/etsi\/planos_etsi\/planta2.jpg\"><img decoding=\"async\" src=\"https:\/\/www.uhu.es\/etsi\/planos_etsi\/reducidos\/planta2.jpg\" alt=\"\" \/><br \/>\n<\/a><a style=\"color: #808000;\" href=\"https:\/\/www.uhu.es\/etsi\/planos_etsi\/planta2.jpg\"><span class=\"titnoticias\" style=\"color: #006600;\">[Haga clic para ver a tama\u00f1o completo]<\/span><br \/>\n<\/a><\/div>\n<\/td>\n<td>\n<table class=\"celdabordesupizq\" border=\"0\" width=\"300\" cellspacing=\"0\">\n<tbody>\n<tr>\n<td>\n<div align=\"center\"><strong>Descripci\u00f3n de la\u00a0Segunda Planta<\/strong><\/div>\n<\/td>\n<\/tr>\n<tr>\n<td>Esta planta se encuentra destinada, casi exclusivamente, a despachos de profesores y a laboratorios de docencia e investigaci\u00f3n, adem\u00e1s de \u00e1reas destinadas a la administraci\u00f3n departamental y una sala de reuniones de 22 m<sup>2<\/sup>.<\/td>\n<\/tr>\n<\/tbody>\n<\/table>\n<\/td>\n<\/tr>\n<\/tbody>\n<\/table>\n<h6><\/div><div id=\"tab-5\" class=\"x-tab-pane fade in\" ><\/h6>\n<table border=\"0\" width=\"600\" cellspacing=\"0\">\n<tbody>\n<tr>\n<td width=\"300\">\n<div align=\"center\"><b>Tercera Planta<\/b><\/div>\n<\/td>\n<td width=\"284\"><\/td>\n<\/tr>\n<tr>\n<td>\n<div align=\"center\"><a href=\"https:\/\/www.uhu.es\/etsi\/planos_etsi\/planta3.jpg\"><img decoding=\"async\" src=\"https:\/\/www.uhu.es\/etsi\/planos_etsi\/reducidos\/planta3.jpg\" alt=\"\" \/><br \/>\n<\/a><a style=\"color: #808000;\" href=\"https:\/\/www.uhu.es\/etsi\/planos_etsi\/planta3.jpg\"><span class=\"titnoticias\" style=\"color: #006600;\">[Haga clic para ver a tama\u00f1o completo]<\/span><br \/>\n<\/a><\/div>\n<\/td>\n<td>\n<table class=\"celdabordesupizq\" border=\"0\" width=\"300\" cellspacing=\"0\">\n<tbody>\n<tr>\n<td>\n<div align=\"center\"><strong>Descripci\u00f3n de la\u00a0Tercera Planta<\/strong><\/div>\n<\/td>\n<\/tr>\n<tr>\n<td>La \u00faltima planta cuenta con una sala de reuniones de 22 m<sup>2<\/sup>\u00a0y zonas dedicadas a la administraci\u00f3n de los departamentos. Adem\u00e1s, al igual que en las otras plantas, hay despachos de profesores y laboratorios de docencia e investigaci\u00f3n de distintos departamentos.<\/td>\n<\/tr>\n<\/tbody>\n<\/table>\n<\/td>\n<\/tr>\n<\/tbody>\n<\/table>\n<h6><\/div><\/div><\/h6>\n","protected":false},"excerpt":{"rendered":"<p>Planos del Edificio de la ETSI &nbsp; Si tienes problemas visualizando las im\u00e1genes, puedes descargar un pdf con todos los &#8230; <\/p>\n<div><a href=\"https:\/\/www.uhu.es\/etsi\/la-escuela_\/localizacion-de-edificios\/\" class=\"more-link\">Read More<\/a><\/div>\n","protected":false},"author":1,"featured_media":0,"parent":6634,"menu_order":0,"comment_status":"closed","ping_status":"closed","template":"template-layout-full-width.php","meta":[],"yoast_head":"<!-- This site is optimized with the Yoast SEO plugin v20.2.1 - https:\/\/yoast.com\/wordpress\/plugins\/seo\/ -->\n<title>Planos del edificio - ETSI, UHU<\/title>\n<meta name=\"robots\" content=\"index, follow, max-snippet:-1, max-image-preview:large, max-video-preview:-1\" \/>\n<link rel=\"canonical\" href=\"https:\/\/www.uhu.es\/etsi\/la-escuela_\/localizacion-de-edificios\/\" \/>\n<meta property=\"og:locale\" content=\"es_ES\" \/>\n<meta property=\"og:type\" content=\"article\" \/>\n<meta property=\"og:title\" content=\"Planos del edificio - ETSI, UHU\" \/>\n<meta property=\"og:description\" content=\"Planos del Edificio de la ETSI &nbsp; Si tienes problemas visualizando las im\u00e1genes, puedes descargar un pdf con todos los ... Read More\" \/>\n<meta property=\"og:url\" content=\"https:\/\/www.uhu.es\/etsi\/la-escuela_\/localizacion-de-edificios\/\" \/>\n<meta property=\"og:site_name\" content=\"ETSI, UHU\" \/>\n<meta property=\"article:modified_time\" content=\"2021-04-20T11:14:48+00:00\" \/>\n<meta property=\"og:image\" content=\"http:\/\/www.uhu.es\/etsi\/planos_etsi\/reducidos\/planta_baja.jpg\" \/>\n<meta name=\"twitter:label1\" content=\"Est. reading time\" \/>\n\t<meta name=\"twitter:data1\" content=\"2 minutes\" \/>\n<script type=\"application\/ld+json\" class=\"yoast-schema-graph\">{\"@context\":\"https:\/\/schema.org\",\"@graph\":[{\"@type\":\"WebPage\",\"@id\":\"https:\/\/www.uhu.es\/etsi\/la-escuela_\/localizacion-de-edificios\/\",\"url\":\"https:\/\/www.uhu.es\/etsi\/la-escuela_\/localizacion-de-edificios\/\",\"name\":\"Planos del edificio - ETSI, UHU\",\"isPartOf\":{\"@id\":\"https:\/\/www.uhu.es\/etsi\/#website\"},\"datePublished\":\"2014-05-15T17:39:12+00:00\",\"dateModified\":\"2021-04-20T11:14:48+00:00\",\"breadcrumb\":{\"@id\":\"https:\/\/www.uhu.es\/etsi\/la-escuela_\/localizacion-de-edificios\/#breadcrumb\"},\"inLanguage\":\"es-ES\",\"potentialAction\":[{\"@type\":\"ReadAction\",\"target\":[\"https:\/\/www.uhu.es\/etsi\/la-escuela_\/localizacion-de-edificios\/\"]}]},{\"@type\":\"BreadcrumbList\",\"@id\":\"https:\/\/www.uhu.es\/etsi\/la-escuela_\/localizacion-de-edificios\/#breadcrumb\",\"itemListElement\":[{\"@type\":\"ListItem\",\"position\":1,\"name\":\"Portada\",\"item\":\"https:\/\/www.uhu.es\/etsi\/\"},{\"@type\":\"ListItem\",\"position\":2,\"name\":\"La Escuela\",\"item\":\"http:\/\/www.uhu.es\/etsi\/la-escuela_\/\"},{\"@type\":\"ListItem\",\"position\":3,\"name\":\"Planos del edificio\"}]},{\"@type\":\"WebSite\",\"@id\":\"https:\/\/www.uhu.es\/etsi\/#website\",\"url\":\"https:\/\/www.uhu.es\/etsi\/\",\"name\":\"ETSI, UHU\",\"description\":\"Escuela T\u00e9cnica Superior de  Ingenier\u00eda de la Universidad de Huelva\",\"publisher\":{\"@id\":\"https:\/\/www.uhu.es\/etsi\/#organization\"},\"potentialAction\":[{\"@type\":\"SearchAction\",\"target\":{\"@type\":\"EntryPoint\",\"urlTemplate\":\"https:\/\/www.uhu.es\/etsi\/?s={search_term_string}\"},\"query-input\":\"required name=search_term_string\"}],\"inLanguage\":\"es-ES\"},{\"@type\":\"Organization\",\"@id\":\"https:\/\/www.uhu.es\/etsi\/#organization\",\"name\":\"UHU ETSI\",\"url\":\"https:\/\/www.uhu.es\/etsi\/\",\"logo\":{\"@type\":\"ImageObject\",\"inLanguage\":\"es-ES\",\"@id\":\"https:\/\/www.uhu.es\/etsi\/#\/schema\/logo\/image\/\",\"url\":\"http:\/\/www.uhu.es\/etsi\/wp-content\/uploads\/2016\/02\/membrete_ETSI.jpg\",\"contentUrl\":\"http:\/\/www.uhu.es\/etsi\/wp-content\/uploads\/2016\/02\/membrete_ETSI.jpg\",\"width\":423,\"height\":81,\"caption\":\"UHU ETSI\"},\"image\":{\"@id\":\"https:\/\/www.uhu.es\/etsi\/#\/schema\/logo\/image\/\"}}]}<\/script>\n<!-- \/ Yoast SEO plugin. -->","yoast_head_json":{"title":"Planos del edificio - ETSI, UHU","robots":{"index":"index","follow":"follow","max-snippet":"max-snippet:-1","max-image-preview":"max-image-preview:large","max-video-preview":"max-video-preview:-1"},"canonical":"https:\/\/www.uhu.es\/etsi\/la-escuela_\/localizacion-de-edificios\/","og_locale":"es_ES","og_type":"article","og_title":"Planos del edificio - ETSI, UHU","og_description":"Planos del Edificio de la ETSI &nbsp; Si tienes problemas visualizando las im\u00e1genes, puedes descargar un pdf con todos los ... Read More","og_url":"https:\/\/www.uhu.es\/etsi\/la-escuela_\/localizacion-de-edificios\/","og_site_name":"ETSI, UHU","article_modified_time":"2021-04-20T11:14:48+00:00","og_image":[{"url":"http:\/\/www.uhu.es\/etsi\/planos_etsi\/reducidos\/planta_baja.jpg"}],"twitter_misc":{"Est. reading time":"2 minutes"},"schema":{"@context":"https:\/\/schema.org","@graph":[{"@type":"WebPage","@id":"https:\/\/www.uhu.es\/etsi\/la-escuela_\/localizacion-de-edificios\/","url":"https:\/\/www.uhu.es\/etsi\/la-escuela_\/localizacion-de-edificios\/","name":"Planos del edificio - ETSI, UHU","isPartOf":{"@id":"https:\/\/www.uhu.es\/etsi\/#website"},"datePublished":"2014-05-15T17:39:12+00:00","dateModified":"2021-04-20T11:14:48+00:00","breadcrumb":{"@id":"https:\/\/www.uhu.es\/etsi\/la-escuela_\/localizacion-de-edificios\/#breadcrumb"},"inLanguage":"es-ES","potentialAction":[{"@type":"ReadAction","target":["https:\/\/www.uhu.es\/etsi\/la-escuela_\/localizacion-de-edificios\/"]}]},{"@type":"BreadcrumbList","@id":"https:\/\/www.uhu.es\/etsi\/la-escuela_\/localizacion-de-edificios\/#breadcrumb","itemListElement":[{"@type":"ListItem","position":1,"name":"Portada","item":"https:\/\/www.uhu.es\/etsi\/"},{"@type":"ListItem","position":2,"name":"La Escuela","item":"http:\/\/www.uhu.es\/etsi\/la-escuela_\/"},{"@type":"ListItem","position":3,"name":"Planos del edificio"}]},{"@type":"WebSite","@id":"https:\/\/www.uhu.es\/etsi\/#website","url":"https:\/\/www.uhu.es\/etsi\/","name":"ETSI, UHU","description":"Escuela T\u00e9cnica Superior de  Ingenier\u00eda de la Universidad de Huelva","publisher":{"@id":"https:\/\/www.uhu.es\/etsi\/#organization"},"potentialAction":[{"@type":"SearchAction","target":{"@type":"EntryPoint","urlTemplate":"https:\/\/www.uhu.es\/etsi\/?s={search_term_string}"},"query-input":"required name=search_term_string"}],"inLanguage":"es-ES"},{"@type":"Organization","@id":"https:\/\/www.uhu.es\/etsi\/#organization","name":"UHU ETSI","url":"https:\/\/www.uhu.es\/etsi\/","logo":{"@type":"ImageObject","inLanguage":"es-ES","@id":"https:\/\/www.uhu.es\/etsi\/#\/schema\/logo\/image\/","url":"http:\/\/www.uhu.es\/etsi\/wp-content\/uploads\/2016\/02\/membrete_ETSI.jpg","contentUrl":"http:\/\/www.uhu.es\/etsi\/wp-content\/uploads\/2016\/02\/membrete_ETSI.jpg","width":423,"height":81,"caption":"UHU ETSI"},"image":{"@id":"https:\/\/www.uhu.es\/etsi\/#\/schema\/logo\/image\/"}}]}},"_links":{"self":[{"href":"https:\/\/www.uhu.es\/etsi\/wp-json\/wp\/v2\/pages\/6678"}],"collection":[{"href":"https:\/\/www.uhu.es\/etsi\/wp-json\/wp\/v2\/pages"}],"about":[{"href":"https:\/\/www.uhu.es\/etsi\/wp-json\/wp\/v2\/types\/page"}],"author":[{"embeddable":true,"href":"https:\/\/www.uhu.es\/etsi\/wp-json\/wp\/v2\/users\/1"}],"replies":[{"embeddable":true,"href":"https:\/\/www.uhu.es\/etsi\/wp-json\/wp\/v2\/comments?post=6678"}],"version-history":[{"count":40,"href":"https:\/\/www.uhu.es\/etsi\/wp-json\/wp\/v2\/pages\/6678\/revisions"}],"predecessor-version":[{"id":20521,"href":"https:\/\/www.uhu.es\/etsi\/wp-json\/wp\/v2\/pages\/6678\/revisions\/20521"}],"up":[{"embeddable":true,"href":"https:\/\/www.uhu.es\/etsi\/wp-json\/wp\/v2\/pages\/6634"}],"wp:attachment":[{"href":"https:\/\/www.uhu.es\/etsi\/wp-json\/wp\/v2\/media?parent=6678"}],"curies":[{"name":"wp","href":"https:\/\/api.w.org\/{rel}","templated":true}]}}