{"id":6698,"date":"2014-05-15T17:57:55","date_gmt":"2014-05-15T17:57:55","guid":{"rendered":"http:\/\/www.uhu.es\/etsi\/?page_id=6698"},"modified":"2022-03-30T12:34:29","modified_gmt":"2022-03-30T11:34:29","slug":"grado-en-ingenieria-energetica","status":"publish","type":"page","link":"https:\/\/www.uhu.es\/etsi\/informacion-academica\/estudios-de-grado\/grado-en-ingenieria-energetica\/","title":{"rendered":"Grado en Ingenier\u00eda Energ\u00e9tica"},"content":{"rendered":"<p><head><br \/>\n    <meta http-equiv=\"refresh\" content=\"0; url =\n   https:\/\/www.uhu.es\/etsi\/webTitulaciones\/grado_ing_energetica\/\" \/><br \/>\n<\/head><br \/>\n<!--\n\n\n\n\n\n\n<ul style=\"list-style-type: square;\">\n \t\n\n<li><a href=\"https:\/\/www.uhu.es\/etsi\/titulaciones\/grados\/planes_estudios\/grad_energetica.pdf\" target=\"_blank\" rel=\"noopener noreferrer\"><span style=\"font-size: large;\">Estructura del Plan de Estudios. Bolet\u00edn Oficial del Estado<\/span><\/a><\/li>\n\n\n<\/ul>\n\n\n\n\n<ul style=\"list-style-type: square;\">\n\n\n<li><a title=\"Gu\u00edas Docentes\" href=\"https:\/\/www.uhu.es\/etsi\/informacion-academica\/informacion-comun-todos-los-titulos\/guias-docentes\/guias-docentes-2020-2021\/listado-guias\/?grado=9&amp;curso=2020\" target=\"_blank\" rel=\"noopener noreferrer\"><span style=\"font-size: large;\">Gu\u00edas Docentes<\/span><\/a><a title=\"Anexo III-Adaptaci\u00f3n a la docencia online por COVID-19\" href=\"https:\/\/www.uhu.es\/etsi\/descargas\/2020\/junio\/anexoIIICovid19\/grados\/ANEXOIII_Grado_Energetica.pdf\" target=\"_blank\" rel=\"noopener noreferrer\"><span style=\"font-size: 11pt;\"> &nbsp;&nbsp;&nbsp;&nbsp; - Anexo III - Adaptaci\u00f3n a la docencia online por COVID-19<\/span><\/a><\/li>\n\n\n<\/ul>\n\n\n\n\n<ul style=\"list-style-type: square;\">\n \t\n\n<li><a href=\"https:\/\/www.uhu.es\/etsi\/descargas\/memoriasGrados\/memoria-verificacion-2018\/GradoEnergetica.pdf\" target=\"_blank\" rel=\"noopener noreferrer\"><span style=\"font-size: large;\">Memoria de verificaci\u00f3n. <span style=\"font-size: 10pt;\">Contiene la informaci\u00f3n de las asignaturas para la elaboraci\u00f3n de las gu\u00edas<\/span><\/span><\/a><span style=\"font-size: 10pt;\">\n<\/span><\/li>\n\n\n<\/ul>\n\n\n[alert type=\"danger\"]\n<strong>NOTA IMPORTANTE: <\/strong>Las referencias a normativas y reglamentos de funcionamiento de la Universidad, que se encuentran en el documento de la memoria, pueden estar desactualizadas. Por ello, es necesario consultar nuestro espacio de normativas <a href=\"https:\/\/www.uhu.es\/etsi\/estudiantes-2\/normativa\/\">(https:\/\/www.uhu.es\/etsi\/estudiantes-2\/normativa\/)<\/a> y\/o la web de la Secretar\u00eda General. \n[\/alert]\n[accordion id=\"my-accordion\"]\n\n[accordion_item parent_id=\"my-accordion\" title=\"Informe emitidos por DEVA-AAC a las distintas propuestas de modificaci\u00f3n de la memoria del t\u00edtulo\" open=\"false\"]\n\n\n<table>\n\n\n<tbody>\n\n\n<tr>\n\n\n<td style=\"text-align: center;\"><strong>Grado en Ingenier\u00eda Energ\u00e9tica<\/strong>\n\n\n<table class=\"celdabordesupizq\" border=\"0\" width=\"447\">\n\n\n<tbody>\n\n\n<tr>\n\n\n<td class=\"titceldas\" width=\"50%\">\n\n\n<div align=\"center\">Fecha<\/div>\n\n<\/td>\n\n\n\n\n<td class=\"titceldas\" width=\"50%\">\n\n\n<div align=\"center\">Descarga<\/div>\n\n<\/td>\n\n\n<\/tr>\n\n\n\n\n<tr>\n\n\n<td>\n\n\n<div align=\"center\">03-08-2015<\/div>\n\n<\/td>\n\n\n\n\n<td>\n\n\n<div align=\"center\"><a href=\"https:\/\/www.uhu.es\/etsi\/calidad\/agae_pdf\/InformeFavorableModificaGradoIngEenergetica_2015.pdf\">Descargar<\/a><\/div>\n\n<\/td>\n\n\n<\/tr>\n\n\n\n\n<tr>\n\n\n<td>\n\n\n<div align=\"center\">18-04-2013<\/div>\n\n<\/td>\n\n\n\n\n<td>\n\n\n<div align=\"center\"><a href=\"https:\/\/www.uhu.es\/etsi\/calidad\/agae_pdf\/07_AGAE_Energetica.pdf\">Descargar<\/a><\/div>\n\n<\/td>\n\n\n<\/tr>\n\n\n<\/tbody>\n\n\n<\/table>\n\n\n<\/td>\n\n\n<\/tr>\n\n\n<\/tbody>\n\n\n<\/table>\n\n\n[\/accordion_item]\n\n[accordion_item parent_id=\"my-accordion\" title=\"Datos del T\u00edtulo\" open=\"false\"]\n\n<a href=\"https:\/\/www.uhu.es\/etsi\/titulaciones\/grados\/grad_energetica\/1%20InformacionGeneral.pdf\">1-Informaci\u00f3n General<\/a>\n<a href=\"https:\/\/www.uhu.es\/etsi\/titulaciones\/normativa_permanencia\/normativa_permanencia2.pdf\">2-Normativa de permanencia<\/a>\n<a href=\"http:\/\/uhu.es\/etsi\/normativas\/salidas_academicas\/salidas_energetica.pdf\">3-Salidas acad\u00e9micas<\/a>\n<a href=\"https:\/\/www.uhu.es\/etsi\/titulaciones\/grados\/grad_energetica\/salidasP.jpg\" target=\"_blank\" rel=\"noopener noreferrer\">4-Salidas profesionales<\/a>\n<a title=\"Listado Telef\u00f3nico\" href=\"https:\/\/www.uhu.es\/etsi\/la-escuela\/informacion-general\/listado-telefonico\/\">5-Contacto<\/a>[\/accordion_item]\n\n[accordion_item parent_id=\"my-accordion\" title=\"Competencias\"] <a href=\"https:\/\/www.uhu.es\/etsi\/titulaciones\/grados\/grad_energetica\/5%20Objetivos.pdf\">1-Competencia b\u00e1sicas y generales, transversales y espec\u00edficas<\/a> [\/accordion_item]\n\n[accordion_item parent_id=\"my-accordion\" title=\"Acceso y admisi\u00f3n de estudiantes\"]\n\n<a href=\"http:\/\/www.uhu.es\/gestion.academica\/matricula\/matricula.htm\" target=\"_blank\" rel=\"noopener noreferrer\">1-Informaci\u00f3n previa a la matriculaci\u00f3n<\/a>\n<a title=\"Informaci\u00f3n Acad\u00e9mica\" href=\"https:\/\/www.uhu.es\/etsi\/informacion-academica\/\">2-Informaci\u00f3n para estudiantes de nuevo ingreso<\/a>\n<a href=\"https:\/\/www.uhu.es\/etsi\/titulaciones\/grados\/grad_energetica\/7%20Plan%20de%20acogida%20e%20informacion.pdf\">3-Plan de acogida e informaci\u00f3n sobre apoyo y orientaci\u00f3n a los estudiantes<\/a>\n<a href=\"https:\/\/www.uhu.es\/etsi\/titulaciones\/grados\/grad_energetica\/Perfil_Energ\u00e9tica.pdf\" target=\"_blank\" rel=\"noopener noreferrer\">4-Perfil recomendado de acceso y Requisitos y criterios de admisi\u00f3n<\/a>\n<a href=\"https:\/\/www.uhu.es\/etsi\/titulaciones\/grados\/dato_alumnado\/energetica.pdf\" target=\"_blank\" rel=\"noopener noreferrer\">5-Datos alumnado nuevo ingreso<\/a>\n<a href=\"https:\/\/www.uhu.es\/etsi\/normativas\/RegRecTransfCreditosGrados.pdf\">6-Informaci\u00f3n sobre la transferencia y reconocimiento de cr\u00e9ditos<\/a>[\/accordion_item]\n\n[accordion_item parent_id=\"my-accordion\" title=\"Planificaci\u00f3n de las ense\u00f1anzas\"]\n\n\n<ol>\n \t\n\n<li><a href=\"https:\/\/www.uhu.es\/etsi\/titulaciones\/grados\/planes_estudios\/grad_energetica.pdf\">Estructura del plan de estudios<\/a><\/li>\n\n\n \t\n\n<li><a title=\"Horarios\" href=\"#\">Horarios<\/a><\/li>\n\n\n         \n\n<ul style=\"list-style-type: none;\">\n \t\n\n<li><a title=\"Horarios Grupo Grande\" href=\"https:\/\/www.uhu.es\/etsi\/simplesml\/www\/app_gestion_cursos\/Teoria\/xml\/plantilla_xml_horarios_2.php?tit=9&year=2020&cuatr=1\" target=\"_blank\" rel=\"noopener noreferrer\">2.1-Horarios Grupo Grande (Teor\u00eda)<\/a><\/li>\n\n\n \t\n\n<li><a title=\"Horarios Grupo Reducidos\" href=\"https:\/\/www.uhu.es\/etsi\/informacion-academica\/informacion-comun-todos-los-titulos\/horarios-2\/horarios-de-grupos-reducidos-curso-2020-21\/?tit=9\" target=\"_blank\" rel=\"noopener noreferrer\">2.2-Horarios Grupos Reducidos (Pr\u00e1cticas)<\/a><\/li>\n\n\n<\/ul>\n\n \n \t\n\n<li><a title=\"Movilidad\" href=\"https:\/\/www.uhu.es\/etsi\/estudiantes-2\/movilidad\/\" target=\"_blank\" rel=\"noopener noreferrer\">Movilidad<\/a><\/li>\n\n\n \t\n\n<li><a href=\"http:\/\/www.uhu.es\/sec.general\/Normativa\/Texto_Normativa\/reglamento_de_pr%C3%A1cticas_acad%C3%A9micas_externas_de_la_universidad_de_huelva.pdf\">Pr\u00e1cticas externas<\/a><\/li>\n\n\n \t\n\n<li><a href=\"https:\/\/www.uhu.es\/etsi\/informacion-academica\/informacion-comun-todos-los-titulos\/normativa-2\/\" target=\"_blank\" rel=\"noopener noreferrer\">Trabajo Fin de Grado<\/a><\/li>\n\n\n \t\n\n<li><a title=\"Calendario de Ex\u00e1menes\" href=\"https:\/\/www.uhu.es\/etsi\/informacion-academica\/informacion-comun-todos-los-titulos\/examenes\/\" target=\"_blank\" rel=\"noopener noreferrer\">Ex\u00e1menes<\/a><\/li>\n\n\n \t\n\n<li><a href=\"http:\/\/www.uhu.es\/sevirtual\/\">Recursos de aprendizaje<\/a><\/li>\n\n\n \t\n\n<li><a href=\"https:\/\/www.uhu.es\/etsi\/estudiantes-2\/programa-faro\/\">Apoyo tutorial<\/a><\/li>\n\n\n \t\n\n<li><a title=\"Gu\u00edas Docentes\" href=\"https:\/\/www.uhu.es\/etsi\/informacion-academica\/informacion-comun-todos-los-titulos\/guias-docentes\/\">Gu\u00edas docentes<\/a><\/li>\n\n\n \t\n\n<li><a href=\"https:\/\/www.uhu.es\/etsi\/informacion-academica\/profesorado-y-coordinacion-docente\/\">Coordinaci\u00f3n docente horizontal y vertical.<\/a>   <a href=\"https:\/\/www.uhu.es\/etsi\/coordinacion-docente-horizontal-y-vertical-personal-docente-e-investigador?idgrad=9\">Personal docente e investigador de cada asignatura<\/a><\/li>\n\n\n \t\n\n<li><a href=\"https:\/\/www.uhu.es\/etsi\/normativas\/recursos_materiales_disponibles.pdf\">Recursos Materiales disponibles<\/a>[\/accordion_item]<\/li>\n\n\n<\/ol>\n\n\n[accordion_item parent_id=\"my-accordion\" title=\"Resultados del T\u00edtulo\"]\n\n<a href=\"https:\/\/www.uhu.es\/etsi\/normativas\/indicadores\/Resultados_GradoIEnergetica.pdf\" target=\"_blank\" rel=\"noopener noreferrer\">1-Indicadores del SGIC - curso 2015\/16 (Informe emitido por la Unidad para la Calidad)<\/a>\n\n\n<ul style=\"list-style-type: square;\">\n \t\n\n<li><a href=\"https:\/\/www.uhu.es\/etsi\/normativas\/informes\/InformeTasasEnergetica.pdf\">Datos de tasas de abandono, graduaci\u00f3n, eficiencia, rendimiento, \u00e9xito y evaluaci\u00f3n - 2015\/16 (Informe emitido por la Unidad para la Calidad).<\/a><\/li>\n\n\n \t\n\n<li><a href=\"https:\/\/www.uhu.es\/etsi\/normativas\/informes\/16_17_Informe_Tasas_Grado.pdf\" target=\"_blank\" rel=\"noopener noreferrer\">Datos de tasas de abandono, graduaci\u00f3n, eficiencia, rendimiento, \u00e9xito y evaluaci\u00f3n - Grados ETSI - curso 2016\/17 (Informe emitido por la unidad de calidad).<\/a><\/li>\n\n\n<\/ul>\n\n\n<a href=\"https:\/\/www.uhu.es\/etsi\/normativas\/informes\/InformeResultadosEncuestas15_16GEnergetica.pdf\" target=\"_blank\" rel=\"noopener noreferrer\">2-Encuestas de satisfacci\u00f3n: Informe de resultados<\/a>\n\n\n<ul style=\"list-style-type: square;\">\n \t\n\n<li><a href=\"https:\/\/www.uhu.es\/etsi\/normativas\/resultados\/InformeEncuestas15_16_ENERGETICA.pdf\">Resultados de encuestas - curso 2015\/16<\/a><\/li>\n\n\n<\/ul>\n\n\n[\/accordion_item]\n\n[accordion_item parent_id=\"my-accordion\" title=\"Calendario de implantaci\u00f3n\"]\n\n<a href=\"https:\/\/www.uhu.es\/etsi\/adaptacion\/calendario\/calendario_energetica.pdf\">1-Calendario de implantaci\u00f3n<\/a>\n<a href=\"https:\/\/www.uhu.es\/etsi\/adaptacion\/adaptacion\/adapt_energetica.pdf\">2-Proceso de adaptaci\u00f3n<\/a>\n3-Posible extinci\u00f3n del  t\u00edtulo: se aplicar\u00e1 el procedimiento <a href=\"https:\/\/www.uhu.es\/etsi\/calidad\/calidadETSI\/P04.pdf\"><span style=\"color: red;\">P04-Procedimiento y criterios espec\u00edficos en el caso de extinci\u00f3n del t\u00edtulo del Manual del Sistema de Garant\u00eda<\/span><\/a>.[\/accordion_item]\n\n[accordion_item parent_id=\"my-accordion\" title=\"Sistema para la garant\u00eda de la calidad\"]\n\n<a href=\"https:\/\/www.uhu.es\/etsi\/comisiones\/comisionEnergetica.pdf\">1-Comisi\u00f3n para la Garant\u00eda de la Calidad<\/a>\n2-Actas de Comisiones de Garant\u00eda de Calidad del T\u00edtulo\n\n\n<table class=\"celdabordesupizq\" border=\"0\" width=\"60%\">\n\n\n<tbody>\n\n\n<tr>\n\n\n<td class=\"titceldas\" width=\"50%\">\n\n\n<div align=\"center\">A\u00f1o<\/div>\n\n<\/td>\n\n\n\n\n<td class=\"titceldas\" width=\"50%\">\n\n\n<div align=\"center\">Descarga de Actas<\/div>\n\n<\/td>\n\n\n<\/tr>\n\n\n\n\n<tr>\n\n\n<td>\n\n\n<div align=\"center\">2013 y anteriores<\/div>\n\n<\/td>\n\n\n\n\n<td>\n\n\n<div align=\"center\"><a href=\"https:\/\/www.uhu.es\/etsi\/calidad\/ActasComisionesCalidad\/ActasCGCTitulos\/CGC_Energetica\/ActasCGCT_GEnergetica_2011_12_13.rar\" target=\"_blank\" rel=\"noopener noreferrer\">Descargar<\/a><\/div>\n\n<\/td>\n\n\n<\/tr>\n\n\n\n\n<tr>\n\n\n<td>\n\n\n<div align=\"center\">2014<\/div>\n\n<\/td>\n\n\n\n\n<td>\n\n\n<div align=\"center\"><a href=\"https:\/\/www.uhu.es\/etsi\/calidad\/ActasComisionesCalidad\/ActasCGCTitulos\/CGC_Energetica\/ActasCGCT_GEnergetica_2014.rar\" target=\"_blank\" rel=\"noopener noreferrer\">Descargar<\/a><\/div>\n\n<\/td>\n\n\n<\/tr>\n\n\n\n\n<tr style=\"height: 24px;\">\n\n\n<td style=\"height: 24px;\">\n\n\n<div align=\"center\">2015<\/div>\n\n<\/td>\n\n\n\n\n<td style=\"height: 24px;\">\n\n\n<div align=\"center\"><a href=\"https:\/\/www.uhu.es\/etsi\/calidad\/ActasComisionesCalidad\/ActasCGCTitulos\/CGC_Energetica\/ActasCGCT_GEnergetica_2015.rar\">Descargar<\/a><\/div>\n\n<\/td>\n\n\n<\/tr>\n\n\n\n\n<tr style=\"height: 24px;\">\n\n\n<td style=\"height: 24px;\">\n\n\n<div align=\"center\">2016<\/div>\n\n<\/td>\n\n\n\n\n<td style=\"height: 24px;\">\n\n\n<div align=\"center\"><a href=\"https:\/\/www.uhu.es\/etsi\/calidad\/ActasComisionesCalidad\/ActasCGCTitulos\/CGC_Energetica\/ActasCGCT_GEnergetica_2016.rar\">Descargar<\/a><\/div>\n\n<\/td>\n\n\n<\/tr>\n\n\n<\/tbody>\n\n\n<\/table>\n\n\n<a title=\"Presentaci\u00f3n de quejas\/reclamaciones\/sugerencias\/felicitaciones\" href=\"https:\/\/www.uhu.es\/etsi\/secretaria\/presentacion-de-quejasreclamacionessugerenciasfelicitaciones\/\">3-Sugerencias y Reclamaciones<\/a>\n<a href=\"https:\/\/www.uhu.es\/etsi\/titulaciones\/grados\/grad_energetica\/20%20Insercion%20laboral.pdf\">4-Inserci\u00f3n laboral e indicadores de resultados acad\u00e9micos<\/a>\n<a href=\"https:\/\/www.uhu.es\/etsi\/titulaciones\/grados\/grad_energetica\/21%20Alegaciones-Informe.pdf\">5-Alegaciones e Informe de Verificaci\u00f3n de la ANECA<\/a>\n<a href=\"https:\/\/www.uhu.es\/etsi\/titulaciones\/grados\/plan_de_mejora\/plananualmejora_Energetica.pdf\" target=\"_blank\" rel=\"noopener noreferrer\">6-Plan Anual de Mejora del Titulo<\/a>\n7-Informes de Seguimiento\n\n\n<table class=\"celdabordesupizq\" border=\"0\" width=\"77%\">\n\n\n<tbody>\n\n\n<tr>\n\n\n<td class=\"titceldas\" width=\"20%\">\n\n\n<div align=\"center\">Curso Acad\u00e9mico<\/div>\n\n<\/td>\n\n\n\n\n<td class=\"titceldas\" width=\"20%\">\n\n\n<div align=\"center\">AutoInforme<\/div>\n\n<\/td>\n\n\n\n\n<td class=\"titceldas\" width=\"20%\">\n\n\n<div align=\"center\">Informe DEVA-AAC<\/div>\n\n<\/td>\n\n\n<\/tr>\n\n\n\n\n<tr>\n\n\n<td class=\"titceldas\" width=\"20%\">\n\n\n<div align=\"center\">2011-12<\/div>\n\n<\/td>\n\n\n\n\n<td class=\"titceldas\" width=\"20%\">\n\n\n<div align=\"center\"><a href=\"https:\/\/www.uhu.es\/etsi\/calidad\/seguimiento\/1112\/autoInformeSeguimiento_GradoEnergetica_1112.pdf\">Descargar<\/a><\/div>\n\n<\/td>\n\n\n\n\n<td class=\"titceldas\" style=\"text-align: center;\" width=\"20%\"><a href=\"http:\/\/uhu.es\/etsi\/calidad\/seguimiento\/1112\/informeFinal_Energetica.pdf\">Descargar<\/a><\/td>\n\n\n<\/tr>\n\n\n\n\n<tr>\n\n\n<td class=\"titceldas\" style=\"text-align: center;\" width=\"20%\">2012-13<\/td>\n\n\n\n\n<td class=\"titceldas\" style=\"text-align: center;\" width=\"20%\"><a href=\"https:\/\/www.uhu.es\/etsi\/calidad\/seguimiento\/1213\/Autoinforme_Grado_I__ENERGETICA_12_13.pdf\">Descargar<\/a><\/td>\n\n\n\n\n<td class=\"titceldas\" style=\"text-align: center;\" width=\"20%\"><a href=\"http:\/\/uhu.es\/etsi\/calidad\/seguimiento\/1112\/informeFinal_Energetica.pdf\">Descargar<\/a><\/td>\n\n\n<\/tr>\n\n\n\n\n<tr>\n\n\n<td class=\"titceldas\" style=\"text-align: center;\" width=\"20%\">2013-14<\/td>\n\n\n\n\n<td class=\"titceldas\" style=\"text-align: center;\" width=\"20%\"><a href=\"http:\/\/uhu.es\/etsi\/calidad\/seguimiento\/1314\/InformeSeguimientoGradoIEnergetica_13_14.pdf\" target=\"_blank\" rel=\"noopener noreferrer\">Descargar<\/a><\/td>\n\n\n\n\n<td class=\"titceldas\" style=\"text-align: center;\" width=\"20%\"> <a href=\"https:\/\/www.uhu.es\/etsi\/calidad\/seguimiento\/1314\/informeFinal_Energetica.pdf\" target=\"_blank\" rel=\"noopener noreferrer\">Descargar<\/a><\/td>\n\n\n<\/tr>\n\n\n\n\n<tr>\n\n\n<td class=\"titceldas\" style=\"text-align: center;\" width=\"20%\">2014-15<\/td>\n\n\n\n\n<td class=\"titceldas\" style=\"text-align: center;\" width=\"20%\"><a href=\"https:\/\/www.uhu.es\/etsi\/calidad\/seguimiento\/1415\/InformeSeguimientoGradoIEnergetica_14_15.pdf\" target=\"_blank\" rel=\"noopener noreferrer\">Descargar<\/a><\/td>\n\n\n\n\n<td class=\"titceldas\" style=\"text-align: center;\" width=\"20%\"><a href=\"https:\/\/www.uhu.es\/etsi\/calidad\/seguimiento\/1415\/InformeSeguimientoConv15-16_Energe%cc%81tica.pdf\">Descargar<\/a><\/td>\n\n\n<\/tr>\n\n\n<\/tbody>\n\n\n<\/table>\n\n\n8-Informes de acreditaci\u00f3n\n\n\n<table class=\"celdabordesupizq\" border=\"0\" width=\"77%\">\n\n\n<tbody>\n\n\n<tr>\n\n\n<td class=\"titceldas\" style=\"text-align: center;\" width=\"16.66%\">\n\n\n<div align=\"center\">Convocatoria<\/div>\n\n<\/td>\n\n\n\n\n<td class=\"titceldas\" style=\"text-align: center;\" width=\"16.66%\">\n\n\n<div align=\"center\">AutoInforme<\/div>\n\n<\/td>\n\n\n\n\n<td class=\"titceldas\" style=\"text-align: center;\" width=\"16.66%\">\n\n\n<div align=\"center\">Evidencias<\/div>\n\n<\/td>\n\n\n\n\n<td class=\"titceldas\" style=\"text-align: center;\" width=\"16.66%\">\n\n\n<div align=\"center\">Informe provisional DEVA-ACC<\/div>\n\n<\/td>\n\n\n\n\n<td class=\"titceldas\" style=\"text-align: center;\" width=\"16.66%\">\n\n\n<div align=\"center\">Alegaciones ETSI<\/div>\n\n<\/td>\n\n\n\n\n<td class=\"titceldas\" style=\"text-align: center;\" width=\"16.66%\">\n\n\n<div align=\"center\">Informe Final Deva-AAC<\/div>\n\n<\/td>\n\n\n<\/tr>\n\n\n\n\n<tr>\n\n\n<td style=\"text-align: center;\">2016-17<\/td>\n\n\n\n\n<td style=\"text-align: center;\">\n\n\n<div align=\"center\"><a href=\"https:\/\/www.uhu.es\/etsi\/calidad\/calidadETSI\/AutoinfAcreditaci16_17\/AutoinfAcreditacionConv16_17_Energ.pdf\" target=\"_blank\" rel=\"noopener noreferrer\">Descargar<\/a><\/div>\n\n<\/td>\n\n\n\n\n<td style=\"text-align: center;\"><a href=\"https:\/\/www.uhu.es\/etsi\/calidad\/calidadETSI\/Evidencias\/EvidenciasAcreditacionGradoEnergetica.rar\">Descargar<\/a><\/td>\n\n\n\n\n<td style=\"text-align: center;\"><a href=\"https:\/\/www.uhu.es\/etsi\/calidad\/calidadETSI\/InformesProvisionalesDEVA\/InformeProvisionalEnergetica15_16.pdf\">Descargar<\/a><\/td>\n\n\n\n\n<td style=\"text-align: center;\"><a href=\"https:\/\/www.uhu.es\/etsi\/calidad\/calidadETSI\/Alegaciones\/InformeAlegaciones_Grado_Energ.pdf\">Descargar<\/a><\/td>\n\n\n\n\n<td style=\"text-align: center;\"><a href=\"https:\/\/www.uhu.es\/etsi\/calidad\/calidadETSI\/Alegaciones\/InformeAlegaciones_Grado_Energ.pdf\">Descargar<\/a><\/td>\n\n\n<\/tr>\n\n\n<\/tbody>\n\n\n<\/table>\n\n\n[\/accordion_item][\/accordion]\n<\/p>\n","protected":false},"excerpt":{"rendered":"","protected":false},"author":1,"featured_media":0,"parent":6641,"menu_order":0,"comment_status":"closed","ping_status":"closed","template":"template-layout-full-width.php","meta":[],"yoast_head":"<!-- This site is optimized with the Yoast SEO plugin v20.2.1 - https:\/\/yoast.com\/wordpress\/plugins\/seo\/ -->\n<title>Grado en Ingenier\u00eda Energ\u00e9tica - ETSI, UHU<\/title>\n<meta name=\"description\" content=\"Grado en Ingenier\u00eda Energ\u00e9tica ETSI, UHU\" \/>\n<meta name=\"robots\" content=\"index, follow, max-snippet:-1, max-image-preview:large, max-video-preview:-1\" \/>\n<link rel=\"canonical\" href=\"https:\/\/www.uhu.es\/etsi\/informacion-academica\/estudios-de-grado\/grado-en-ingenieria-energetica\/\" \/>\n<meta property=\"og:locale\" content=\"es_ES\" \/>\n<meta property=\"og:type\" content=\"article\" \/>\n<meta property=\"og:title\" content=\"Grado en Ingenier\u00eda Energ\u00e9tica - ETSI, UHU\" \/>\n<meta property=\"og:description\" content=\"Grado en Ingenier\u00eda Energ\u00e9tica ETSI, UHU\" \/>\n<meta property=\"og:url\" content=\"https:\/\/www.uhu.es\/etsi\/informacion-academica\/estudios-de-grado\/grado-en-ingenieria-energetica\/\" \/>\n<meta property=\"og:site_name\" content=\"ETSI, UHU\" \/>\n<meta property=\"article:modified_time\" content=\"2022-03-30T11:34:29+00:00\" \/>\n<script type=\"application\/ld+json\" class=\"yoast-schema-graph\">{\"@context\":\"https:\/\/schema.org\",\"@graph\":[{\"@type\":\"WebPage\",\"@id\":\"https:\/\/www.uhu.es\/etsi\/informacion-academica\/estudios-de-grado\/grado-en-ingenieria-energetica\/\",\"url\":\"https:\/\/www.uhu.es\/etsi\/informacion-academica\/estudios-de-grado\/grado-en-ingenieria-energetica\/\",\"name\":\"Grado en Ingenier\u00eda Energ\u00e9tica - ETSI, UHU\",\"isPartOf\":{\"@id\":\"https:\/\/www.uhu.es\/etsi\/#website\"},\"datePublished\":\"2014-05-15T17:57:55+00:00\",\"dateModified\":\"2022-03-30T11:34:29+00:00\",\"description\":\"Grado en Ingenier\u00eda Energ\u00e9tica ETSI, UHU\",\"breadcrumb\":{\"@id\":\"https:\/\/www.uhu.es\/etsi\/informacion-academica\/estudios-de-grado\/grado-en-ingenieria-energetica\/#breadcrumb\"},\"inLanguage\":\"es-ES\",\"potentialAction\":[{\"@type\":\"ReadAction\",\"target\":[\"https:\/\/www.uhu.es\/etsi\/informacion-academica\/estudios-de-grado\/grado-en-ingenieria-energetica\/\"]}]},{\"@type\":\"BreadcrumbList\",\"@id\":\"https:\/\/www.uhu.es\/etsi\/informacion-academica\/estudios-de-grado\/grado-en-ingenieria-energetica\/#breadcrumb\",\"itemListElement\":[{\"@type\":\"ListItem\",\"position\":1,\"name\":\"Portada\",\"item\":\"https:\/\/www.uhu.es\/etsi\/\"},{\"@type\":\"ListItem\",\"position\":2,\"name\":\"Informaci\u00f3n Acad\u00e9mica\",\"item\":\"https:\/\/www.uhu.es\/etsi\/informacion-academica\/\"},{\"@type\":\"ListItem\",\"position\":3,\"name\":\"Estudios de Grado\",\"item\":\"https:\/\/www.uhu.es\/etsi\/informacion-academica\/estudios-de-grado\/\"},{\"@type\":\"ListItem\",\"position\":4,\"name\":\"Grado en Ingenier\u00eda Energ\u00e9tica\"}]},{\"@type\":\"WebSite\",\"@id\":\"https:\/\/www.uhu.es\/etsi\/#website\",\"url\":\"https:\/\/www.uhu.es\/etsi\/\",\"name\":\"ETSI, UHU\",\"description\":\"Escuela T\u00e9cnica Superior de  Ingenier\u00eda de la Universidad de Huelva\",\"publisher\":{\"@id\":\"https:\/\/www.uhu.es\/etsi\/#organization\"},\"potentialAction\":[{\"@type\":\"SearchAction\",\"target\":{\"@type\":\"EntryPoint\",\"urlTemplate\":\"https:\/\/www.uhu.es\/etsi\/?s={search_term_string}\"},\"query-input\":\"required name=search_term_string\"}],\"inLanguage\":\"es-ES\"},{\"@type\":\"Organization\",\"@id\":\"https:\/\/www.uhu.es\/etsi\/#organization\",\"name\":\"UHU ETSI\",\"url\":\"https:\/\/www.uhu.es\/etsi\/\",\"logo\":{\"@type\":\"ImageObject\",\"inLanguage\":\"es-ES\",\"@id\":\"https:\/\/www.uhu.es\/etsi\/#\/schema\/logo\/image\/\",\"url\":\"http:\/\/www.uhu.es\/etsi\/wp-content\/uploads\/2016\/02\/membrete_ETSI.jpg\",\"contentUrl\":\"http:\/\/www.uhu.es\/etsi\/wp-content\/uploads\/2016\/02\/membrete_ETSI.jpg\",\"width\":423,\"height\":81,\"caption\":\"UHU ETSI\"},\"image\":{\"@id\":\"https:\/\/www.uhu.es\/etsi\/#\/schema\/logo\/image\/\"}}]}<\/script>\n<!-- \/ Yoast SEO plugin. -->","yoast_head_json":{"title":"Grado en Ingenier\u00eda Energ\u00e9tica - ETSI, UHU","description":"Grado en Ingenier\u00eda Energ\u00e9tica ETSI, UHU","robots":{"index":"index","follow":"follow","max-snippet":"max-snippet:-1","max-image-preview":"max-image-preview:large","max-video-preview":"max-video-preview:-1"},"canonical":"https:\/\/www.uhu.es\/etsi\/informacion-academica\/estudios-de-grado\/grado-en-ingenieria-energetica\/","og_locale":"es_ES","og_type":"article","og_title":"Grado en Ingenier\u00eda Energ\u00e9tica - ETSI, UHU","og_description":"Grado en Ingenier\u00eda Energ\u00e9tica ETSI, UHU","og_url":"https:\/\/www.uhu.es\/etsi\/informacion-academica\/estudios-de-grado\/grado-en-ingenieria-energetica\/","og_site_name":"ETSI, UHU","article_modified_time":"2022-03-30T11:34:29+00:00","schema":{"@context":"https:\/\/schema.org","@graph":[{"@type":"WebPage","@id":"https:\/\/www.uhu.es\/etsi\/informacion-academica\/estudios-de-grado\/grado-en-ingenieria-energetica\/","url":"https:\/\/www.uhu.es\/etsi\/informacion-academica\/estudios-de-grado\/grado-en-ingenieria-energetica\/","name":"Grado en Ingenier\u00eda Energ\u00e9tica - ETSI, UHU","isPartOf":{"@id":"https:\/\/www.uhu.es\/etsi\/#website"},"datePublished":"2014-05-15T17:57:55+00:00","dateModified":"2022-03-30T11:34:29+00:00","description":"Grado en Ingenier\u00eda Energ\u00e9tica ETSI, UHU","breadcrumb":{"@id":"https:\/\/www.uhu.es\/etsi\/informacion-academica\/estudios-de-grado\/grado-en-ingenieria-energetica\/#breadcrumb"},"inLanguage":"es-ES","potentialAction":[{"@type":"ReadAction","target":["https:\/\/www.uhu.es\/etsi\/informacion-academica\/estudios-de-grado\/grado-en-ingenieria-energetica\/"]}]},{"@type":"BreadcrumbList","@id":"https:\/\/www.uhu.es\/etsi\/informacion-academica\/estudios-de-grado\/grado-en-ingenieria-energetica\/#breadcrumb","itemListElement":[{"@type":"ListItem","position":1,"name":"Portada","item":"https:\/\/www.uhu.es\/etsi\/"},{"@type":"ListItem","position":2,"name":"Informaci\u00f3n Acad\u00e9mica","item":"https:\/\/www.uhu.es\/etsi\/informacion-academica\/"},{"@type":"ListItem","position":3,"name":"Estudios de Grado","item":"https:\/\/www.uhu.es\/etsi\/informacion-academica\/estudios-de-grado\/"},{"@type":"ListItem","position":4,"name":"Grado en Ingenier\u00eda Energ\u00e9tica"}]},{"@type":"WebSite","@id":"https:\/\/www.uhu.es\/etsi\/#website","url":"https:\/\/www.uhu.es\/etsi\/","name":"ETSI, UHU","description":"Escuela T\u00e9cnica Superior de  Ingenier\u00eda de la Universidad de Huelva","publisher":{"@id":"https:\/\/www.uhu.es\/etsi\/#organization"},"potentialAction":[{"@type":"SearchAction","target":{"@type":"EntryPoint","urlTemplate":"https:\/\/www.uhu.es\/etsi\/?s={search_term_string}"},"query-input":"required name=search_term_string"}],"inLanguage":"es-ES"},{"@type":"Organization","@id":"https:\/\/www.uhu.es\/etsi\/#organization","name":"UHU ETSI","url":"https:\/\/www.uhu.es\/etsi\/","logo":{"@type":"ImageObject","inLanguage":"es-ES","@id":"https:\/\/www.uhu.es\/etsi\/#\/schema\/logo\/image\/","url":"http:\/\/www.uhu.es\/etsi\/wp-content\/uploads\/2016\/02\/membrete_ETSI.jpg","contentUrl":"http:\/\/www.uhu.es\/etsi\/wp-content\/uploads\/2016\/02\/membrete_ETSI.jpg","width":423,"height":81,"caption":"UHU ETSI"},"image":{"@id":"https:\/\/www.uhu.es\/etsi\/#\/schema\/logo\/image\/"}}]}},"_links":{"self":[{"href":"https:\/\/www.uhu.es\/etsi\/wp-json\/wp\/v2\/pages\/6698"}],"collection":[{"href":"https:\/\/www.uhu.es\/etsi\/wp-json\/wp\/v2\/pages"}],"about":[{"href":"https:\/\/www.uhu.es\/etsi\/wp-json\/wp\/v2\/types\/page"}],"author":[{"embeddable":true,"href":"https:\/\/www.uhu.es\/etsi\/wp-json\/wp\/v2\/users\/1"}],"replies":[{"embeddable":true,"href":"https:\/\/www.uhu.es\/etsi\/wp-json\/wp\/v2\/comments?post=6698"}],"version-history":[{"count":79,"href":"https:\/\/www.uhu.es\/etsi\/wp-json\/wp\/v2\/pages\/6698\/revisions"}],"predecessor-version":[{"id":21665,"href":"https:\/\/www.uhu.es\/etsi\/wp-json\/wp\/v2\/pages\/6698\/revisions\/21665"}],"up":[{"embeddable":true,"href":"https:\/\/www.uhu.es\/etsi\/wp-json\/wp\/v2\/pages\/6641"}],"wp:attachment":[{"href":"https:\/\/www.uhu.es\/etsi\/wp-json\/wp\/v2\/media?parent=6698"}],"curies":[{"name":"wp","href":"https:\/\/api.w.org\/{rel}","templated":true}]}}