{"id":6723,"date":"2014-05-15T18:09:58","date_gmt":"2014-05-15T18:09:58","guid":{"rendered":"http:\/\/www.uhu.es\/etsi\/?page_id=6723"},"modified":"2024-07-10T11:53:42","modified_gmt":"2024-07-10T10:53:42","slug":"impresos","status":"publish","type":"page","link":"https:\/\/www.uhu.es\/etsi\/secretaria\/impresos\/","title":{"rendered":"Impresos"},"content":{"rendered":"<ul style=\"list-style-type: square;\">\n<li><a href=\"https:\/\/www.uhu.es\/etsi\/secretariaDocumentos\/impresos\/ADAPTACI%C3%93N%20INTERNA.pdf\" target=\"_blank\" rel=\"noopener\">Adaptaci\u00f3n Interna<\/a><\/li>\n<li><a href=\"https:\/\/www.uhu.es\/etsi\/secretariaDocumentos\/impresos\/ANULACION%20MATRICULA.pdf\" target=\"_blank\" rel=\"noopener\">Anulaci\u00f3n de Matr\u00edcula<\/a><\/li>\n<li><a href=\"https:\/\/www.uhu.es\/etsi\/secretariaDocumentos\/impresos\/CAMBIO%20DE%20GRUPO%20GENERAL.pdf\" target=\"_blank\" rel=\"noopener\">Cambio de Grupo General<\/a><\/li>\n<li><a href=\"https:\/\/www.uhu.es\/etsi\/secretariaDocumentos\/impresos\/CAMBIO%20GRUPO%20PERMUTA.pdf\" target=\"_blank\" rel=\"noopener\">Cambio de Grupo por Permuta<\/a><\/li>\n<li><a href=\"https:\/\/www.uhu.es\/etsi\/secretariaDocumentos\/impresos\/CAMBIO%20MODALIDAD%20MATRICULA.pdf\">Cambio de Modalidad de Matr\u00edcula<\/a><\/li>\n<li><a href=\"https:\/\/www.uhu.es\/etsi\/secretaria\/convocatoria-extraordinaria-examenes-noviembre\/\">Convocatoria de Ex\u00e1menes Extraordinaria (tr\u00e1mite telem\u00e1tico)<\/a><\/li>\n<li><a href=\"https:\/\/www.uhu.es\/etsi\/secretaria\/convocatoria-extraordinaria-examenes-noviembre\/\">Convocatoria de Ex\u00e1menes Ordinaria III (tr\u00e1mite telem\u00e1tico)<\/a><\/li>\n<li><a href=\"https:\/\/www.uhu.es\/etsi\/secretariaDocumentos\/impresos\/DECLARACION%20RESPONSABLE.pdf\" target=\"_blank\" rel=\"noopener\">Declaraci\u00f3n Responsable<\/a><\/li>\n<li><a href=\"https:\/\/www.uhu.es\/etsi\/instrucciones-para-la-solicitud-de-devolucion-de-precios\/\" target=\"_blank\" rel=\"noopener\">Devoluci\u00f3n de Precios<\/a><\/li>\n<li><a href=\"https:\/\/www.uhu.es\/etsi\/instrucciones-para-la-solicitud-de-duplicado-del-set\/\" target=\"_blank\" rel=\"noopener\">Duplicado del SET<\/a><\/li>\n<li><a href=\"https:\/\/www.uhu.es\/etsi\/instrucciones-para-la-solicitud-de-duplicado-del-titulo\/\" target=\"_blank\" rel=\"noopener\">Duplicado del T\u00edtulo<\/a><\/li>\n<li>Ex\u00e1menes de Incidencia (tr\u00e1mite telem\u00e1tico)\n<ul>\n<li><a href=\"https:\/\/apppruebaetsi.uhu.es\/simplesaml\/app_gestion_cursos\/incidencias\/\" target=\"_blank\" rel=\"noopener\">Acceso a la Aplicaci\u00f3n<\/a><\/li>\n<li><a href=\"https:\/\/apppruebaetsi.uhu.es\/simplesaml\/app_gestion_cursos\/incidencias\/manuales\/tutorial_estudiante.pdf\" target=\"_blank\" rel=\"noopener\">Manual de la Aplicaci\u00f3n<\/a><\/li>\n<\/ul>\n<\/li>\n<li><a href=\"https:\/\/www.uhu.es\/etsi\/secretariaDocumentos\/impresos\/Solicitud%20de%20e-t%C3%ADtulo.pdf\" target=\"_blank\" rel=\"noopener\">Expedici\u00f3n de e-t\u00edtulo<\/a><\/li>\n<li><a href=\"https:\/\/www.uhu.es\/etsi\/instrucciones-para-la-solicitud-del-set\/\">Expedici\u00f3n de Suplemento Europeo al T\u00edtulo<\/a><\/li>\n<li><a href=\"https:\/\/www.uhu.es\/etsi\/instrucciones-para-la-solicitud-del-titulo\/\">Expedici\u00f3n del T\u00edtulo<\/a><\/li>\n<li><a href=\"https:\/\/www.uhu.es\/etsi\/secretariaDocumentos\/impresos\/HOMOLOGACION%20DE%20ESTUDIOS%20EXTRANJEROS.pdf\" target=\"_blank\" rel=\"noopener\">Homologaci\u00f3n de Estudios Extranjerios<\/a><\/li>\n<li><a href=\"https:\/\/www.uhu.es\/etsi\/secretariaDocumentos\/impresos\/INSTANCIA%20GENERAL.pdf\" target=\"_blank\" rel=\"noopener\">Instancia General<\/a><\/li>\n<li><a href=\"https:\/\/www.uhu.es\/etsi\/secretariaDocumentos\/impresos\/JUSTIFICANTE%20ASISTENCIA%20A%20EXAMEN.pdf\" target=\"_blank\" rel=\"noopener\">Justificante Asistencia a Examen<\/a><\/li>\n<li><a href=\"https:\/\/www.uhu.es\/etsi\/reconocimiento-de-creditos-para-la-admision-a-grado-por-continuacion-de-estudios-universitarios-espanoles-o-extranjeros\/\" target=\"_blank\" rel=\"noopener\">Reconocimiento de Cr\u00e9ditos para Admisi\u00f3n<\/a><\/li>\n<li><a href=\"https:\/\/www.uhu.es\/etsi\/reconocimiento-de-creditos-por-ciclos-formativos-de-grado-superior\/\">Reconocimiento de Cr\u00e9ditos por Ciclo Formativo de Grado Superior (tr\u00e1mite telem\u00e1tico)<\/a><\/li>\n<li><a href=\"https:\/\/www.uhu.es\/etsi\/reconocimiento-de-creditos-por-estudios-universitarios-oficiales-que-no-cuenten-con-una-tabla-especifica\/\" target=\"_blank\" rel=\"noopener\">Reconocimiento de Cr\u00e9ditos por Estudios Oficiales (tr\u00e1mite telem\u00e1tico)<\/a><\/li>\n<li><a href=\"https:\/\/www.uhu.es\/etsi\/reconocimiento-de-creditos-por-experiencia-laboral-o-profesional\/\">Reconocimiento de Cr\u00e9ditos por Experiencia Laboral o Profesional (tr\u00e1mite telem\u00e1tico)<\/a><\/li>\n<li><a href=\"https:\/\/www.uhu.es\/etsi\/reconocimiento-de-creditos-por-estudios-universitarios-no-oficiales-titulos-propios\/\" target=\"_blank\" rel=\"noopener\">Reconocimiento de Cr\u00e9ditos por Estudios Universitarios No Oficiales (T\u00edtulos Propios) (tr\u00e1mite telem\u00e1tico)<\/a><\/li>\n<li><a href=\"https:\/\/www.uhu.es\/etsi\/solicitud-de-reconocimiento-de-creditos-por-estudios-universitarios-oficiales-segun-tablas-de-reconocimiento-aprobadas-por-la-etsi\/\">Reconocimiento de Cr\u00e9ditos por Estudios Universitarios Oficiales seg\u00fan tablas de reconocimiento aprobadas por la ETSI<\/a><\/li>\n<li><a href=\"https:\/\/www.uhu.es\/etsi\/reconocimiento-de-creditos-por-practicas-en-empresas\/\" target=\"_blank\" rel=\"noopener\">Reconocimiento de Cr\u00e9ditos por Pr\u00e1cticas en Empresa (tr\u00e1mite telem\u00e1tico)<\/a><\/li>\n<li><a href=\"https:\/\/www.uhu.es\/etsi\/solicitud-de-reconocimiento-de-creditos-optativos-por-actividades-universitarias-culturares-deportivas-de-representacion-estudiantil-solidarias-y-de-cooperacion\/\" target=\"_blank\" rel=\"noopener\"> Reconocimiento de Cr\u00e9ditos por Actividades Universitarias Complementarias (tr\u00e1mite telem\u00e1tico)<\/a><\/li>\n<li><a href=\"https:\/\/www.uhu.es\/etsi\/instrucciones-para-la-solicitud-de-traslados-salientes\/\">Traslado de Expediente a otros Centros Universitarios<\/a><\/li>\n<li><a href=\"https:\/\/www.uhu.es\/etsi\/secretariaDocumentos\/impresos\/TRIBUNAL%20COMPENSACI%C3%93N.pdf\">Tribunal de Compensaci\u00f3n<\/a><\/li>\n<li><a href=\"https:\/\/www.uhu.es\/etsi\/secretariaDocumentos\/impresos\/SOLICITUD DE MODIFICACI\u00d3N DE FECHA DE EX\u00c1MENES.pdf\">Solicitud Modificaci\u00f3n de Fecha de Ex\u00e1menes<\/a><\/li>\n<li><a href=\"https:\/\/www.uhu.es\/etsi\/secretariaDocumentos\/impresos\/SOLICITUD%20DE%20MODIFICACI%C3%93N%20DE%20HORARIO.pdf\">Solicitud Modificaci\u00f3n de Horario<\/a><\/li>\n<li><a href=\"https:\/\/www.uhu.es\/etsi\/secretariaDocumentos\/impresos\/Solicitud Rec. Cred. Estudios Univ. Oficiales seg\u00fan Tablas.pdf\">Solicitud de Reconocimiento de Cr\u00e9ditos por Estudios Universitarios Oficiales<\/a><\/li>\n<\/ul>\n","protected":false},"excerpt":{"rendered":"<p>Adaptaci\u00f3n Interna Anulaci\u00f3n de Matr\u00edcula Cambio de Grupo General Cambio de Grupo por Permuta Cambio de Modalidad de Matr\u00edcula Convocatoria &#8230; <\/p>\n<div><a href=\"https:\/\/www.uhu.es\/etsi\/secretaria\/impresos\/\" class=\"more-link\">Read More<\/a><\/div>\n","protected":false},"author":1,"featured_media":0,"parent":6660,"menu_order":0,"comment_status":"closed","ping_status":"closed","template":"template-layout-full-width.php","meta":[],"yoast_head":"<!-- This site is optimized with the Yoast SEO plugin v20.2.1 - https:\/\/yoast.com\/wordpress\/plugins\/seo\/ -->\n<title>Impresos - ETSI, UHU<\/title>\n<meta name=\"description\" content=\"Impresos\" \/>\n<meta name=\"robots\" content=\"index, follow, max-snippet:-1, max-image-preview:large, max-video-preview:-1\" \/>\n<link rel=\"canonical\" href=\"https:\/\/www.uhu.es\/etsi\/secretaria\/impresos\/\" \/>\n<meta property=\"og:locale\" content=\"es_ES\" \/>\n<meta property=\"og:type\" content=\"article\" \/>\n<meta property=\"og:title\" content=\"Impresos - ETSI, UHU\" \/>\n<meta property=\"og:description\" content=\"Impresos\" \/>\n<meta property=\"og:url\" content=\"https:\/\/www.uhu.es\/etsi\/secretaria\/impresos\/\" \/>\n<meta property=\"og:site_name\" content=\"ETSI, UHU\" \/>\n<meta property=\"article:modified_time\" content=\"2024-07-10T10:53:42+00:00\" \/>\n<meta name=\"twitter:label1\" content=\"Est. reading time\" \/>\n\t<meta name=\"twitter:data1\" content=\"1 minute\" \/>\n<script type=\"application\/ld+json\" class=\"yoast-schema-graph\">{\"@context\":\"https:\/\/schema.org\",\"@graph\":[{\"@type\":\"WebPage\",\"@id\":\"https:\/\/www.uhu.es\/etsi\/secretaria\/impresos\/\",\"url\":\"https:\/\/www.uhu.es\/etsi\/secretaria\/impresos\/\",\"name\":\"Impresos - ETSI, UHU\",\"isPartOf\":{\"@id\":\"https:\/\/www.uhu.es\/etsi\/#website\"},\"datePublished\":\"2014-05-15T18:09:58+00:00\",\"dateModified\":\"2024-07-10T10:53:42+00:00\",\"description\":\"Impresos\",\"breadcrumb\":{\"@id\":\"https:\/\/www.uhu.es\/etsi\/secretaria\/impresos\/#breadcrumb\"},\"inLanguage\":\"es-ES\",\"potentialAction\":[{\"@type\":\"ReadAction\",\"target\":[\"https:\/\/www.uhu.es\/etsi\/secretaria\/impresos\/\"]}]},{\"@type\":\"BreadcrumbList\",\"@id\":\"https:\/\/www.uhu.es\/etsi\/secretaria\/impresos\/#breadcrumb\",\"itemListElement\":[{\"@type\":\"ListItem\",\"position\":1,\"name\":\"Portada\",\"item\":\"https:\/\/www.uhu.es\/etsi\/\"},{\"@type\":\"ListItem\",\"position\":2,\"name\":\"Secretar\u00eda\",\"item\":\"https:\/\/www.uhu.es\/etsi\/secretaria\/\"},{\"@type\":\"ListItem\",\"position\":3,\"name\":\"Impresos\"}]},{\"@type\":\"WebSite\",\"@id\":\"https:\/\/www.uhu.es\/etsi\/#website\",\"url\":\"https:\/\/www.uhu.es\/etsi\/\",\"name\":\"ETSI, UHU\",\"description\":\"Escuela T\u00e9cnica Superior de  Ingenier\u00eda de la Universidad de Huelva\",\"publisher\":{\"@id\":\"https:\/\/www.uhu.es\/etsi\/#organization\"},\"potentialAction\":[{\"@type\":\"SearchAction\",\"target\":{\"@type\":\"EntryPoint\",\"urlTemplate\":\"https:\/\/www.uhu.es\/etsi\/?s={search_term_string}\"},\"query-input\":\"required name=search_term_string\"}],\"inLanguage\":\"es-ES\"},{\"@type\":\"Organization\",\"@id\":\"https:\/\/www.uhu.es\/etsi\/#organization\",\"name\":\"UHU ETSI\",\"url\":\"https:\/\/www.uhu.es\/etsi\/\",\"logo\":{\"@type\":\"ImageObject\",\"inLanguage\":\"es-ES\",\"@id\":\"https:\/\/www.uhu.es\/etsi\/#\/schema\/logo\/image\/\",\"url\":\"http:\/\/www.uhu.es\/etsi\/wp-content\/uploads\/2016\/02\/membrete_ETSI.jpg\",\"contentUrl\":\"http:\/\/www.uhu.es\/etsi\/wp-content\/uploads\/2016\/02\/membrete_ETSI.jpg\",\"width\":423,\"height\":81,\"caption\":\"UHU ETSI\"},\"image\":{\"@id\":\"https:\/\/www.uhu.es\/etsi\/#\/schema\/logo\/image\/\"}}]}<\/script>\n<!-- \/ Yoast SEO plugin. -->","yoast_head_json":{"title":"Impresos - ETSI, UHU","description":"Impresos","robots":{"index":"index","follow":"follow","max-snippet":"max-snippet:-1","max-image-preview":"max-image-preview:large","max-video-preview":"max-video-preview:-1"},"canonical":"https:\/\/www.uhu.es\/etsi\/secretaria\/impresos\/","og_locale":"es_ES","og_type":"article","og_title":"Impresos - ETSI, UHU","og_description":"Impresos","og_url":"https:\/\/www.uhu.es\/etsi\/secretaria\/impresos\/","og_site_name":"ETSI, UHU","article_modified_time":"2024-07-10T10:53:42+00:00","twitter_misc":{"Est. reading time":"1 minute"},"schema":{"@context":"https:\/\/schema.org","@graph":[{"@type":"WebPage","@id":"https:\/\/www.uhu.es\/etsi\/secretaria\/impresos\/","url":"https:\/\/www.uhu.es\/etsi\/secretaria\/impresos\/","name":"Impresos - ETSI, UHU","isPartOf":{"@id":"https:\/\/www.uhu.es\/etsi\/#website"},"datePublished":"2014-05-15T18:09:58+00:00","dateModified":"2024-07-10T10:53:42+00:00","description":"Impresos","breadcrumb":{"@id":"https:\/\/www.uhu.es\/etsi\/secretaria\/impresos\/#breadcrumb"},"inLanguage":"es-ES","potentialAction":[{"@type":"ReadAction","target":["https:\/\/www.uhu.es\/etsi\/secretaria\/impresos\/"]}]},{"@type":"BreadcrumbList","@id":"https:\/\/www.uhu.es\/etsi\/secretaria\/impresos\/#breadcrumb","itemListElement":[{"@type":"ListItem","position":1,"name":"Portada","item":"https:\/\/www.uhu.es\/etsi\/"},{"@type":"ListItem","position":2,"name":"Secretar\u00eda","item":"https:\/\/www.uhu.es\/etsi\/secretaria\/"},{"@type":"ListItem","position":3,"name":"Impresos"}]},{"@type":"WebSite","@id":"https:\/\/www.uhu.es\/etsi\/#website","url":"https:\/\/www.uhu.es\/etsi\/","name":"ETSI, UHU","description":"Escuela T\u00e9cnica Superior de  Ingenier\u00eda de la Universidad de Huelva","publisher":{"@id":"https:\/\/www.uhu.es\/etsi\/#organization"},"potentialAction":[{"@type":"SearchAction","target":{"@type":"EntryPoint","urlTemplate":"https:\/\/www.uhu.es\/etsi\/?s={search_term_string}"},"query-input":"required name=search_term_string"}],"inLanguage":"es-ES"},{"@type":"Organization","@id":"https:\/\/www.uhu.es\/etsi\/#organization","name":"UHU ETSI","url":"https:\/\/www.uhu.es\/etsi\/","logo":{"@type":"ImageObject","inLanguage":"es-ES","@id":"https:\/\/www.uhu.es\/etsi\/#\/schema\/logo\/image\/","url":"http:\/\/www.uhu.es\/etsi\/wp-content\/uploads\/2016\/02\/membrete_ETSI.jpg","contentUrl":"http:\/\/www.uhu.es\/etsi\/wp-content\/uploads\/2016\/02\/membrete_ETSI.jpg","width":423,"height":81,"caption":"UHU ETSI"},"image":{"@id":"https:\/\/www.uhu.es\/etsi\/#\/schema\/logo\/image\/"}}]}},"_links":{"self":[{"href":"https:\/\/www.uhu.es\/etsi\/wp-json\/wp\/v2\/pages\/6723"}],"collection":[{"href":"https:\/\/www.uhu.es\/etsi\/wp-json\/wp\/v2\/pages"}],"about":[{"href":"https:\/\/www.uhu.es\/etsi\/wp-json\/wp\/v2\/types\/page"}],"author":[{"embeddable":true,"href":"https:\/\/www.uhu.es\/etsi\/wp-json\/wp\/v2\/users\/1"}],"replies":[{"embeddable":true,"href":"https:\/\/www.uhu.es\/etsi\/wp-json\/wp\/v2\/comments?post=6723"}],"version-history":[{"count":99,"href":"https:\/\/www.uhu.es\/etsi\/wp-json\/wp\/v2\/pages\/6723\/revisions"}],"predecessor-version":[{"id":24155,"href":"https:\/\/www.uhu.es\/etsi\/wp-json\/wp\/v2\/pages\/6723\/revisions\/24155"}],"up":[{"embeddable":true,"href":"https:\/\/www.uhu.es\/etsi\/wp-json\/wp\/v2\/pages\/6660"}],"wp:attachment":[{"href":"https:\/\/www.uhu.es\/etsi\/wp-json\/wp\/v2\/media?parent=6723"}],"curies":[{"name":"wp","href":"https:\/\/api.w.org\/{rel}","templated":true}]}}