{"id":6868,"date":"2014-11-07T10:50:53","date_gmt":"2014-11-07T10:50:53","guid":{"rendered":"http:\/\/www.uhu.es\/etsi\/?page_id=6868"},"modified":"2023-02-27T11:45:09","modified_gmt":"2023-02-27T10:45:09","slug":"infoadapt","status":"publish","type":"page","link":"https:\/\/www.uhu.es\/etsi\/infoadapt\/","title":{"rendered":"Adaptaci\u00f3n Ingenieros T\u00e9cnicos a Grados"},"content":{"rendered":"<p>&nbsp;<\/p>\n<h5> Plazos de Inter\u00e9s<\/h5>\n<p><strong>  Para consultar los plazos pulse este enlace:<br \/>\n<a href=\"http:\/\/www.juntadeandalucia.es\/economiainnovacionyciencia\/sguit\/?q=icc&#038;d=icc_calendario.php\" target=\"_blank\">http:\/\/www.juntadeandalucia.es\/economiainnovacionyciencia\/sguit\/?q=icc&#038;d=icc_calendario.php<\/a><\/strong><\/p>\n<table>\n<!-- \n\n<tbody>\n\n\n<tr>\n\n\n<td>\n\n\n<h5>Plazos de Inter\u00e9s<\/h5>\n\n\n\n<\/td>\n\n\n\n\n<td>\n\n\n<h5>Del<\/h5>\n\n\n<\/td>\n\n\n\n\n<td>\n\n\n<h5>Al<\/h5>\n\n\n<\/td>\n\n\n<\/tr>\n\n\n\n\n<tr>\n\n\n<td>Plazo de entrega de solicitudes<\/td>\n\n\n\n\n<td>07\/09\/18<\/td>\n\n\n\n\n<td>14\/09\/18<\/td>\n\n\n<\/tr>\n\n\n\n\n<tr>\n\n\n<td>Publicaci\u00f3n de 1\u00ba lista de admitidos<\/td>\n\n\n\n\n<td>19\/09\/18<\/td>\n\n\n\n\n<td>19\/09\/18<\/td>\n\n\n<\/tr>\n\n\n\n\n<tr>\n\n\n<td>Plazo de matr\u00edcula y alegaciones<\/td>\n\n\n\n\n<td>19\/09\/18<\/td>\n\n\n\n\n<td>21\/09\/18<\/td>\n\n\n<\/tr>\n\n\n\n\n<tr>\n\n\n<td>Publicaci\u00f3n de 2\u00ba lista de admitidos<\/td>\n\n\n\n\n<td>26\/09\/18<\/td>\n\n\n\n\n<td>26\/09\/18<\/td>\n\n\n<\/tr>\n\n\n\n\n<tr>\n\n\n<td>Plazo de matr\u00edcula y alegaciones<\/td>\n\n\n\n\n<td>26\/10\/18<\/td>\n\n\n\n\n<td>28\/10\/18<\/td>\n\n\n<\/tr>\n\n\n<\/tbody>\n\n\n<\/table>\n\n\n<strong>\u00a0Para consultar los plazos pulse este enlace: \n<a href=\"http:\/\/www.juntadeandalucia.es\/economiainnovacionyciencia\/sguit\/?q=icc&d=icc_calendario.php\" target=\"_blank\">http:\/\/www.juntadeandalucia.es\/economiainnovacionyciencia\/sguit\/?q=icc&d=icc_calendario.php<\/a><\/strong> --><\/p>\n<table>\n<tbody>\n<tr>\n<td>\n<h5>Reconocimiento de cr\u00e9ditos por experiencia laboral<\/h5>\n<\/td>\n<\/tr>\n<tr>\n<td>\n<!-- A partir del curso 2014\/15 cabe la posibilidad de reconocer 12 cr\u00e9ditos por experiencia laboral del total de 30 cr\u00e9ditos a cursar con las asignaturas indicadas en cada caso. Este reconocimiento de cr\u00e9ditos se encuentra regulado por el \"Reglamento para el Reconocimiento de Cr\u00e9ditos en los estudios de Grado, por estudios Universitarios no oficiales ( T\u00edtulos Propios) y Experiencia Laboral o Profesional\".\nReglamento:<a href=\"https:\/\/www.uhu.es\/etsi\/normativas\/RegRecCreditosGrados_TPropios_ExpProfesional.pdf\" target=\"_blank\" rel=\"noopener\"> https:\/\/www.uhu.es\/etsi\/normativas\/RegRecCreditosGrados_TPropios_ExpProfesional.pdf<\/a>\n--><br \/>\nEl reglamento puede consultarse en la p\u00e1gina de normativas de la Escuela <a href=\"https:\/\/www.uhu.es\/etsi\/estudiantes-2\/normativa\/\"><strong>https:\/\/www.uhu.es\/etsi\/estudiantes-2\/normativa<\/strong>\/<\/a>\n<\/td>\n<\/tr>\n<\/tbody>\n<\/table>\n<h5><\/h5>\n<table>\n<tbody>\n<tr>\n<td>\n<h5><a href=\"https:\/\/www.uhu.es\/etsi\/InformacionAcademica\/AdaptacionIngenieros\/INFORMACION_RELEVANTE_ICC.pdf\">Informaci\u00f3n Relevante sobre los Itinerarios Curriculares concreto \u00a0<img decoding=\"async\" loading=\"lazy\" class=\"alignnone\" src=\"https:\/\/www.uhu.es\/etsi\/wp-content\/uploads\/2016\/06\/pdf.png\" width=\"36\" height=\"40\" \/><\/a><\/h5>\n<\/td>\n<\/tr>\n<\/tbody>\n<\/table>\n<h5><\/h5>\n<table>\n<tbody>\n<tr>\n<td>Los egresados que quer\u00e1is realizar el curso de adaptaci\u00f3n deber\u00e9is preinscribiros en Distrito \u00danico en la titulaci\u00f3n correspondiente a trav\u00e9s de la pesta\u00f1a de &#8220;Itinerarios Curriculares Concretos&#8221; donde se podr\u00e1 consultar toda la informaci\u00f3n actualizada respecto a plazos y asignaturas a cursar.Tendr\u00e9is acceso a la preinscripci\u00f3n a trav\u00e9s de la p\u00e1gina: <a href=\"http:\/\/www.juntadeandalucia.es\/innovacioncienciayempresa\/sguit\/icc_calendario.php#\" target=\"_blank\" rel=\"noopener\">http:\/\/www.juntadeandalucia.es\/innovacioncienciayempresa\/sguit\/icc_calendario.php<\/a><strong> . El n\u00famero de plazas a ofertar por titulaci\u00f3n es de 15. <\/strong>Terminado el plazo de preinscripci\u00f3n y mediante esta misma v\u00eda ser\u00e9is informados de la publicaci\u00f3n de las listas de admisi\u00f3n y los pasos a realizar para la matriculaci\u00f3n.<\/td>\n<\/tr>\n<\/tbody>\n<\/table>\n<p>&nbsp;<\/p>\n<table>\n<tbody>\n<tr>\n<td colspan=\"4\">\n<h5>D\u00edpticos Adaptaci\u00f3n Ing.T\u00e9cnicos a Grados<\/h5>\n<\/td>\n<\/tr>\n<tr>\n<td>\u00a0<a style=\"color: #000000; text-decoration: none; font-family: Arial, Verdana, Helvetica, sans-serif; font-size: 11px; font-style: normal; font-variant: normal; font-weight: normal; letter-spacing: normal; line-height: normal; orphans: auto; text-align: center; text-indent: 0px; text-transform: none; white-space: normal; widows: auto; word-spacing: 0px; -webkit-text-stroke-width: 0px; background-color: #f0f0d2;\" href=\"https:\/\/www.uhu.es\/etsi\/InformacionAcademica\/AdaptacionIngenieros\/AdaptIngGrado_Agricola.pdf\" target=\"_blank\" rel=\"noopener\"><img decoding=\"async\" loading=\"lazy\" class=\"alignnone\" src=\"https:\/\/www.uhu.es\/etsi\/InformacionAcademica\/AdaptacionIngenieros\/AdaptIngGrado_Agricola_thumb.jpg\" alt=\"\" width=\"150\" height=\"106\" \/><\/a><\/td>\n<td>\u00a0<a style=\"color: #000000; text-decoration: none; font-family: Arial, Verdana, Helvetica, sans-serif; font-size: 11px; font-style: normal; font-variant: normal; font-weight: normal; letter-spacing: normal; line-height: normal; orphans: auto; text-align: center; text-indent: 0px; text-transform: none; white-space: normal; widows: auto; word-spacing: 0px; -webkit-text-stroke-width: 0px; background-color: #f0f0d2;\" href=\"https:\/\/www.uhu.es\/etsi\/InformacionAcademica\/AdaptacionIngenieros\/AdaptIngGrado_Electrica.pdf\" target=\"_blank\" rel=\"noopener\"><img decoding=\"async\" loading=\"lazy\" class=\"alignnone\" src=\"https:\/\/www.uhu.es\/etsi\/InformacionAcademica\/AdaptacionIngenieros\/AdaptIngGrado_Electrica_thumb.jpg\" alt=\"\" width=\"150\" height=\"106\" \/><\/a><\/td>\n<td><a style=\"color: #000000; text-decoration: none; font-family: Arial, Verdana, Helvetica, sans-serif; font-size: 11px; font-style: normal; font-variant: normal; font-weight: normal; letter-spacing: normal; line-height: normal; orphans: auto; text-align: center; text-indent: 0px; text-transform: none; white-space: normal; widows: auto; word-spacing: 0px; -webkit-text-stroke-width: 0px; background-color: #f0f0d2;\" href=\"https:\/\/www.uhu.es\/etsi\/InformacionAcademica\/AdaptacionIngenieros\/AdaptIngGrado_Electronica.pdf\" target=\"new\"><img decoding=\"async\" loading=\"lazy\" class=\"alignnone\" src=\"https:\/\/www.uhu.es\/etsi\/InformacionAcademica\/AdaptacionIngenieros\/AdaptIngGrado_Electronica_thumb.jpg\" alt=\"\" width=\"150\" height=\"106\" \/><\/a><\/td>\n<td><a style=\"color: #000000; text-decoration: none; font-family: Arial, Verdana, Helvetica, sans-serif; font-size: 11px; font-style: normal; font-variant: normal; font-weight: normal; letter-spacing: normal; line-height: normal; orphans: auto; text-align: center; text-indent: 0px; text-transform: none; white-space: normal; widows: auto; word-spacing: 0px; -webkit-text-stroke-width: 0px; background-color: #f0f0d2;\" href=\"https:\/\/www.uhu.es\/etsi\/InformacionAcademica\/AdaptacionIngenieros\/AdaptIngGrado_Forestal.pdf\" target=\"_blank\" rel=\"noopener\"><img decoding=\"async\" loading=\"lazy\" class=\"alignnone\" src=\"https:\/\/www.uhu.es\/etsi\/InformacionAcademica\/AdaptacionIngenieros\/AdaptIngGrado_Forestal_thumb.jpg\" alt=\"\" width=\"150\" height=\"106\" \/><\/a><\/td>\n<\/tr>\n<tr>\n<td>\u00a0<a style=\"color: #000000; text-decoration: none; font-family: Arial, Verdana, Helvetica, sans-serif; font-size: 11px; font-style: normal; font-variant: normal; font-weight: normal; letter-spacing: normal; line-height: normal; orphans: auto; text-align: center; text-indent: 0px; text-transform: none; white-space: normal; widows: auto; word-spacing: 0px; -webkit-text-stroke-width: 0px; background-color: #f0f0d2;\" href=\"https:\/\/www.uhu.es\/etsi\/InformacionAcademica\/AdaptacionIngenieros\/AdaptIngGrado_Informatica.pdf\" target=\"_blank\" rel=\"noopener\"><img decoding=\"async\" loading=\"lazy\" class=\"alignnone\" src=\"https:\/\/www.uhu.es\/etsi\/InformacionAcademica\/AdaptacionIngenieros\/AdaptIngGrado_Informatica_thumb.jpg\" alt=\"\" width=\"150\" height=\"106\" \/><\/a><\/td>\n<td>\u00a0<a style=\"color: #000000; text-decoration: none; font-family: Arial, Verdana, Helvetica, sans-serif; font-size: 11px; font-style: normal; font-variant: normal; font-weight: normal; letter-spacing: normal; line-height: normal; orphans: auto; text-align: center; text-indent: 0px; text-transform: none; white-space: normal; widows: auto; word-spacing: 0px; -webkit-text-stroke-width: 0px; background-color: #f0f0d2;\" href=\"https:\/\/www.uhu.es\/etsi\/InformacionAcademica\/AdaptacionIngenieros\/AdaptIngGrado_Mecanica.pdf\" target=\"_blank\" rel=\"noopener\"><img decoding=\"async\" loading=\"lazy\" class=\"alignnone\" src=\"https:\/\/www.uhu.es\/etsi\/InformacionAcademica\/AdaptacionIngenieros\/AdaptIngGrado_Mecanica_thumb.jpg\" alt=\"\" width=\"150\" height=\"106\" \/><\/a><\/td>\n<td><a style=\"color: #000000; text-decoration: none; font-family: Arial, Verdana, Helvetica, sans-serif; font-size: 11px; font-style: normal; font-variant: normal; font-weight: normal; letter-spacing: normal; line-height: normal; orphans: auto; text-align: center; text-indent: 0px; text-transform: none; white-space: normal; widows: auto; word-spacing: 0px; -webkit-text-stroke-width: 0px; background-color: #f0f0d2;\" href=\"https:\/\/www.uhu.es\/etsi\/InformacionAcademica\/AdaptacionIngenieros\/AdaptIngGrado_Minas.pdf\" target=\"_blank\" rel=\"noopener\"><img decoding=\"async\" loading=\"lazy\" class=\"alignnone\" src=\"https:\/\/www.uhu.es\/etsi\/InformacionAcademica\/AdaptacionIngenieros\/AdaptIngGrado_Minas_thumb.jpg\" alt=\"\" width=\"150\" height=\"106\" \/><\/a><\/td>\n<td>\u00a0<a style=\"color: #000000; text-decoration: none; font-family: Arial, Verdana, Helvetica, sans-serif; font-size: 11px; font-style: normal; font-variant: normal; font-weight: normal; letter-spacing: normal; line-height: normal; orphans: auto; text-align: center; text-indent: 0px; text-transform: none; white-space: normal; widows: auto; word-spacing: 0px; -webkit-text-stroke-width: 0px; background-color: #f0f0d2;\" href=\"https:\/\/www.uhu.es\/etsi\/InformacionAcademica\/AdaptacionIngenieros\/AdaptIngGrado_Quimica.pdf\" target=\"_blank\" rel=\"noopener\"><img decoding=\"async\" loading=\"lazy\" class=\"alignnone\" src=\"https:\/\/www.uhu.es\/etsi\/InformacionAcademica\/AdaptacionIngenieros\/AdaptIngGrado_Quimica_thumb.jpg\" alt=\"\" width=\"150\" height=\"106\" \/><\/a><\/td>\n<\/tr>\n<\/tbody>\n<\/table>\n<p>&nbsp;<\/p>\n","protected":false},"excerpt":{"rendered":"<p>&nbsp; Plazos de Inter\u00e9s Para consultar los plazos pulse este enlace: http:\/\/www.juntadeandalucia.es\/economiainnovacionyciencia\/sguit\/?q=icc&#038;d=icc_calendario.php Reconocimiento de cr\u00e9ditos por experiencia laboral El reglamento &#8230; <\/p>\n<div><a href=\"https:\/\/www.uhu.es\/etsi\/infoadapt\/\" class=\"more-link\">Read More<\/a><\/div>\n","protected":false},"author":7,"featured_media":0,"parent":0,"menu_order":16,"comment_status":"closed","ping_status":"closed","template":"template-layout-full-width.php","meta":[],"yoast_head":"<!-- This site is optimized with the Yoast SEO plugin v20.2.1 - https:\/\/yoast.com\/wordpress\/plugins\/seo\/ -->\n<title>Adaptaci\u00f3n Ingenieros T\u00e9cnicos a Grados - ETSI, UHU<\/title>\n<meta name=\"description\" content=\"Adpataci\u00f3n Ingenieros T\u00e9cnicos a Grados\" \/>\n<meta name=\"robots\" content=\"index, follow, max-snippet:-1, max-image-preview:large, max-video-preview:-1\" \/>\n<link rel=\"canonical\" href=\"https:\/\/www.uhu.es\/etsi\/infoadapt\/\" \/>\n<meta property=\"og:locale\" content=\"es_ES\" \/>\n<meta property=\"og:type\" content=\"article\" \/>\n<meta property=\"og:title\" content=\"Adaptaci\u00f3n Ingenieros T\u00e9cnicos a Grados - ETSI, UHU\" \/>\n<meta property=\"og:description\" content=\"Adpataci\u00f3n Ingenieros T\u00e9cnicos a Grados\" \/>\n<meta property=\"og:url\" content=\"https:\/\/www.uhu.es\/etsi\/infoadapt\/\" \/>\n<meta property=\"og:site_name\" content=\"ETSI, UHU\" \/>\n<meta property=\"article:modified_time\" content=\"2023-02-27T10:45:09+00:00\" \/>\n<meta property=\"og:image\" content=\"http:\/\/www.uhu.es\/etsi\/wp-content\/uploads\/2016\/06\/pdf.png\" \/>\n<meta name=\"twitter:label1\" content=\"Est. reading time\" \/>\n\t<meta name=\"twitter:data1\" content=\"1 minute\" \/>\n<script type=\"application\/ld+json\" class=\"yoast-schema-graph\">{\"@context\":\"https:\/\/schema.org\",\"@graph\":[{\"@type\":\"WebPage\",\"@id\":\"https:\/\/www.uhu.es\/etsi\/infoadapt\/\",\"url\":\"https:\/\/www.uhu.es\/etsi\/infoadapt\/\",\"name\":\"Adaptaci\u00f3n Ingenieros T\u00e9cnicos a Grados - ETSI, UHU\",\"isPartOf\":{\"@id\":\"https:\/\/www.uhu.es\/etsi\/#website\"},\"datePublished\":\"2014-11-07T10:50:53+00:00\",\"dateModified\":\"2023-02-27T10:45:09+00:00\",\"description\":\"Adpataci\u00f3n Ingenieros T\u00e9cnicos a Grados\",\"breadcrumb\":{\"@id\":\"https:\/\/www.uhu.es\/etsi\/infoadapt\/#breadcrumb\"},\"inLanguage\":\"es-ES\",\"potentialAction\":[{\"@type\":\"ReadAction\",\"target\":[\"https:\/\/www.uhu.es\/etsi\/infoadapt\/\"]}]},{\"@type\":\"BreadcrumbList\",\"@id\":\"https:\/\/www.uhu.es\/etsi\/infoadapt\/#breadcrumb\",\"itemListElement\":[{\"@type\":\"ListItem\",\"position\":1,\"name\":\"Portada\",\"item\":\"https:\/\/www.uhu.es\/etsi\/\"},{\"@type\":\"ListItem\",\"position\":2,\"name\":\"Adaptaci\u00f3n Ingenieros T\u00e9cnicos a Grados\"}]},{\"@type\":\"WebSite\",\"@id\":\"https:\/\/www.uhu.es\/etsi\/#website\",\"url\":\"https:\/\/www.uhu.es\/etsi\/\",\"name\":\"ETSI, UHU\",\"description\":\"Escuela T\u00e9cnica Superior de  Ingenier\u00eda de la Universidad de Huelva\",\"publisher\":{\"@id\":\"https:\/\/www.uhu.es\/etsi\/#organization\"},\"potentialAction\":[{\"@type\":\"SearchAction\",\"target\":{\"@type\":\"EntryPoint\",\"urlTemplate\":\"https:\/\/www.uhu.es\/etsi\/?s={search_term_string}\"},\"query-input\":\"required name=search_term_string\"}],\"inLanguage\":\"es-ES\"},{\"@type\":\"Organization\",\"@id\":\"https:\/\/www.uhu.es\/etsi\/#organization\",\"name\":\"UHU ETSI\",\"url\":\"https:\/\/www.uhu.es\/etsi\/\",\"logo\":{\"@type\":\"ImageObject\",\"inLanguage\":\"es-ES\",\"@id\":\"https:\/\/www.uhu.es\/etsi\/#\/schema\/logo\/image\/\",\"url\":\"http:\/\/www.uhu.es\/etsi\/wp-content\/uploads\/2016\/02\/membrete_ETSI.jpg\",\"contentUrl\":\"http:\/\/www.uhu.es\/etsi\/wp-content\/uploads\/2016\/02\/membrete_ETSI.jpg\",\"width\":423,\"height\":81,\"caption\":\"UHU ETSI\"},\"image\":{\"@id\":\"https:\/\/www.uhu.es\/etsi\/#\/schema\/logo\/image\/\"}}]}<\/script>\n<!-- \/ Yoast SEO plugin. -->","yoast_head_json":{"title":"Adaptaci\u00f3n Ingenieros T\u00e9cnicos a Grados - ETSI, UHU","description":"Adpataci\u00f3n Ingenieros T\u00e9cnicos a Grados","robots":{"index":"index","follow":"follow","max-snippet":"max-snippet:-1","max-image-preview":"max-image-preview:large","max-video-preview":"max-video-preview:-1"},"canonical":"https:\/\/www.uhu.es\/etsi\/infoadapt\/","og_locale":"es_ES","og_type":"article","og_title":"Adaptaci\u00f3n Ingenieros T\u00e9cnicos a Grados - ETSI, UHU","og_description":"Adpataci\u00f3n Ingenieros T\u00e9cnicos a Grados","og_url":"https:\/\/www.uhu.es\/etsi\/infoadapt\/","og_site_name":"ETSI, UHU","article_modified_time":"2023-02-27T10:45:09+00:00","og_image":[{"url":"http:\/\/www.uhu.es\/etsi\/wp-content\/uploads\/2016\/06\/pdf.png"}],"twitter_misc":{"Est. reading time":"1 minute"},"schema":{"@context":"https:\/\/schema.org","@graph":[{"@type":"WebPage","@id":"https:\/\/www.uhu.es\/etsi\/infoadapt\/","url":"https:\/\/www.uhu.es\/etsi\/infoadapt\/","name":"Adaptaci\u00f3n Ingenieros T\u00e9cnicos a Grados - ETSI, UHU","isPartOf":{"@id":"https:\/\/www.uhu.es\/etsi\/#website"},"datePublished":"2014-11-07T10:50:53+00:00","dateModified":"2023-02-27T10:45:09+00:00","description":"Adpataci\u00f3n Ingenieros T\u00e9cnicos a Grados","breadcrumb":{"@id":"https:\/\/www.uhu.es\/etsi\/infoadapt\/#breadcrumb"},"inLanguage":"es-ES","potentialAction":[{"@type":"ReadAction","target":["https:\/\/www.uhu.es\/etsi\/infoadapt\/"]}]},{"@type":"BreadcrumbList","@id":"https:\/\/www.uhu.es\/etsi\/infoadapt\/#breadcrumb","itemListElement":[{"@type":"ListItem","position":1,"name":"Portada","item":"https:\/\/www.uhu.es\/etsi\/"},{"@type":"ListItem","position":2,"name":"Adaptaci\u00f3n Ingenieros T\u00e9cnicos a Grados"}]},{"@type":"WebSite","@id":"https:\/\/www.uhu.es\/etsi\/#website","url":"https:\/\/www.uhu.es\/etsi\/","name":"ETSI, UHU","description":"Escuela T\u00e9cnica Superior de  Ingenier\u00eda de la Universidad de Huelva","publisher":{"@id":"https:\/\/www.uhu.es\/etsi\/#organization"},"potentialAction":[{"@type":"SearchAction","target":{"@type":"EntryPoint","urlTemplate":"https:\/\/www.uhu.es\/etsi\/?s={search_term_string}"},"query-input":"required name=search_term_string"}],"inLanguage":"es-ES"},{"@type":"Organization","@id":"https:\/\/www.uhu.es\/etsi\/#organization","name":"UHU ETSI","url":"https:\/\/www.uhu.es\/etsi\/","logo":{"@type":"ImageObject","inLanguage":"es-ES","@id":"https:\/\/www.uhu.es\/etsi\/#\/schema\/logo\/image\/","url":"http:\/\/www.uhu.es\/etsi\/wp-content\/uploads\/2016\/02\/membrete_ETSI.jpg","contentUrl":"http:\/\/www.uhu.es\/etsi\/wp-content\/uploads\/2016\/02\/membrete_ETSI.jpg","width":423,"height":81,"caption":"UHU ETSI"},"image":{"@id":"https:\/\/www.uhu.es\/etsi\/#\/schema\/logo\/image\/"}}]}},"_links":{"self":[{"href":"https:\/\/www.uhu.es\/etsi\/wp-json\/wp\/v2\/pages\/6868"}],"collection":[{"href":"https:\/\/www.uhu.es\/etsi\/wp-json\/wp\/v2\/pages"}],"about":[{"href":"https:\/\/www.uhu.es\/etsi\/wp-json\/wp\/v2\/types\/page"}],"author":[{"embeddable":true,"href":"https:\/\/www.uhu.es\/etsi\/wp-json\/wp\/v2\/users\/7"}],"replies":[{"embeddable":true,"href":"https:\/\/www.uhu.es\/etsi\/wp-json\/wp\/v2\/comments?post=6868"}],"version-history":[{"count":41,"href":"https:\/\/www.uhu.es\/etsi\/wp-json\/wp\/v2\/pages\/6868\/revisions"}],"predecessor-version":[{"id":22818,"href":"https:\/\/www.uhu.es\/etsi\/wp-json\/wp\/v2\/pages\/6868\/revisions\/22818"}],"wp:attachment":[{"href":"https:\/\/www.uhu.es\/etsi\/wp-json\/wp\/v2\/media?parent=6868"}],"curies":[{"name":"wp","href":"https:\/\/api.w.org\/{rel}","templated":true}]}}