{"id":6907,"date":"2014-11-12T09:01:30","date_gmt":"2014-11-12T09:01:30","guid":{"rendered":"http:\/\/www.uhu.es\/etsi\/?page_id=6907"},"modified":"2021-04-19T13:29:36","modified_gmt":"2021-04-19T12:29:36","slug":"organos-de-gobierno","status":"publish","type":"page","link":"https:\/\/www.uhu.es\/etsi\/la-escuela_\/organos-de-gobierno\/","title":{"rendered":"\u00d3rganos de Gobierno"},"content":{"rendered":"<ul style=\"list-style-type: square;\">\n<li>\n<h5><a title=\"Equipo de direcci\u00f3n\" href=\"https:\/\/www.uhu.es\/etsi\/la-escuela_\/organos-de-gobierno\/equipo-de-direccion\/\">Equipo de Direcci\u00f3n<\/a><\/h5>\n<\/li>\n<li>\n<h5><a title=\"Junta de Centro\" href=\"https:\/\/www.uhu.es\/etsi\/la-escuela_\/organos-de-gobierno\/junta-de-centro\/\">Junta de Centro<\/a><\/h5>\n<\/li>\n<li>\n<h5><a title=\"Comisiones\" href=\"https:\/\/www.uhu.es\/etsi\/la-escuela_\/organos-de-gobierno\/comisiones\/\">Comisiones<\/a><\/h5>\n<\/li>\n<\/ul>\n","protected":false},"excerpt":{"rendered":"<p>Equipo de Direcci\u00f3n Junta de Centro Comisiones<\/p>\n","protected":false},"author":7,"featured_media":0,"parent":6634,"menu_order":0,"comment_status":"closed","ping_status":"closed","template":"template-layout-full-width.php","meta":[],"yoast_head":"<!-- This site is optimized with the Yoast SEO plugin v20.2.1 - https:\/\/yoast.com\/wordpress\/plugins\/seo\/ -->\n<title>\u00d3rganos de Gobierno - ETSI, UHU<\/title>\n<meta name=\"description\" content=\"Equipo de Dirreci\u00f3n, Junta de centro, Corrdinadores de Titulaci\u00f3n, Comisiones.\" \/>\n<meta name=\"robots\" content=\"index, follow, max-snippet:-1, max-image-preview:large, max-video-preview:-1\" \/>\n<link rel=\"canonical\" href=\"http:\/\/web5n.uhu.es\/etsi\/la-escuela_\/organos-de-gobierno\/\" \/>\n<meta property=\"og:locale\" content=\"es_ES\" \/>\n<meta property=\"og:type\" content=\"article\" \/>\n<meta property=\"og:title\" content=\"\u00d3rganos de Gobierno - ETSI, UHU\" \/>\n<meta property=\"og:description\" content=\"Equipo de Dirreci\u00f3n, Junta de centro, Corrdinadores de Titulaci\u00f3n, Comisiones.\" \/>\n<meta property=\"og:url\" content=\"http:\/\/web5n.uhu.es\/etsi\/la-escuela_\/organos-de-gobierno\/\" \/>\n<meta property=\"og:site_name\" content=\"ETSI, UHU\" \/>\n<meta property=\"article:modified_time\" content=\"2021-04-19T12:29:36+00:00\" \/>\n<script type=\"application\/ld+json\" class=\"yoast-schema-graph\">{\"@context\":\"https:\/\/schema.org\",\"@graph\":[{\"@type\":\"WebPage\",\"@id\":\"http:\/\/web5n.uhu.es\/etsi\/la-escuela_\/organos-de-gobierno\/\",\"url\":\"http:\/\/web5n.uhu.es\/etsi\/la-escuela_\/organos-de-gobierno\/\",\"name\":\"\u00d3rganos de Gobierno - ETSI, UHU\",\"isPartOf\":{\"@id\":\"https:\/\/www.uhu.es\/etsi\/#website\"},\"datePublished\":\"2014-11-12T09:01:30+00:00\",\"dateModified\":\"2021-04-19T12:29:36+00:00\",\"description\":\"Equipo de Dirreci\u00f3n, Junta de centro, Corrdinadores de Titulaci\u00f3n, Comisiones.\",\"breadcrumb\":{\"@id\":\"http:\/\/web5n.uhu.es\/etsi\/la-escuela_\/organos-de-gobierno\/#breadcrumb\"},\"inLanguage\":\"es-ES\",\"potentialAction\":[{\"@type\":\"ReadAction\",\"target\":[\"http:\/\/web5n.uhu.es\/etsi\/la-escuela_\/organos-de-gobierno\/\"]}]},{\"@type\":\"BreadcrumbList\",\"@id\":\"http:\/\/web5n.uhu.es\/etsi\/la-escuela_\/organos-de-gobierno\/#breadcrumb\",\"itemListElement\":[{\"@type\":\"ListItem\",\"position\":1,\"name\":\"Portada\",\"item\":\"https:\/\/www.uhu.es\/etsi\/\"},{\"@type\":\"ListItem\",\"position\":2,\"name\":\"La Escuela\",\"item\":\"http:\/\/www.uhu.es\/etsi\/la-escuela_\/\"},{\"@type\":\"ListItem\",\"position\":3,\"name\":\"\u00d3rganos de Gobierno\"}]},{\"@type\":\"WebSite\",\"@id\":\"https:\/\/www.uhu.es\/etsi\/#website\",\"url\":\"https:\/\/www.uhu.es\/etsi\/\",\"name\":\"ETSI, UHU\",\"description\":\"Escuela T\u00e9cnica Superior de  Ingenier\u00eda de la Universidad de Huelva\",\"publisher\":{\"@id\":\"https:\/\/www.uhu.es\/etsi\/#organization\"},\"potentialAction\":[{\"@type\":\"SearchAction\",\"target\":{\"@type\":\"EntryPoint\",\"urlTemplate\":\"https:\/\/www.uhu.es\/etsi\/?s={search_term_string}\"},\"query-input\":\"required name=search_term_string\"}],\"inLanguage\":\"es-ES\"},{\"@type\":\"Organization\",\"@id\":\"https:\/\/www.uhu.es\/etsi\/#organization\",\"name\":\"UHU ETSI\",\"url\":\"https:\/\/www.uhu.es\/etsi\/\",\"logo\":{\"@type\":\"ImageObject\",\"inLanguage\":\"es-ES\",\"@id\":\"https:\/\/www.uhu.es\/etsi\/#\/schema\/logo\/image\/\",\"url\":\"http:\/\/www.uhu.es\/etsi\/wp-content\/uploads\/2016\/02\/membrete_ETSI.jpg\",\"contentUrl\":\"http:\/\/www.uhu.es\/etsi\/wp-content\/uploads\/2016\/02\/membrete_ETSI.jpg\",\"width\":423,\"height\":81,\"caption\":\"UHU ETSI\"},\"image\":{\"@id\":\"https:\/\/www.uhu.es\/etsi\/#\/schema\/logo\/image\/\"}}]}<\/script>\n<!-- \/ Yoast SEO plugin. -->","yoast_head_json":{"title":"\u00d3rganos de Gobierno - ETSI, UHU","description":"Equipo de Dirreci\u00f3n, Junta de centro, Corrdinadores de Titulaci\u00f3n, Comisiones.","robots":{"index":"index","follow":"follow","max-snippet":"max-snippet:-1","max-image-preview":"max-image-preview:large","max-video-preview":"max-video-preview:-1"},"canonical":"http:\/\/web5n.uhu.es\/etsi\/la-escuela_\/organos-de-gobierno\/","og_locale":"es_ES","og_type":"article","og_title":"\u00d3rganos de Gobierno - ETSI, UHU","og_description":"Equipo de Dirreci\u00f3n, Junta de centro, Corrdinadores de Titulaci\u00f3n, Comisiones.","og_url":"http:\/\/web5n.uhu.es\/etsi\/la-escuela_\/organos-de-gobierno\/","og_site_name":"ETSI, UHU","article_modified_time":"2021-04-19T12:29:36+00:00","schema":{"@context":"https:\/\/schema.org","@graph":[{"@type":"WebPage","@id":"http:\/\/web5n.uhu.es\/etsi\/la-escuela_\/organos-de-gobierno\/","url":"http:\/\/web5n.uhu.es\/etsi\/la-escuela_\/organos-de-gobierno\/","name":"\u00d3rganos de Gobierno - ETSI, UHU","isPartOf":{"@id":"https:\/\/www.uhu.es\/etsi\/#website"},"datePublished":"2014-11-12T09:01:30+00:00","dateModified":"2021-04-19T12:29:36+00:00","description":"Equipo de Dirreci\u00f3n, Junta de centro, Corrdinadores de Titulaci\u00f3n, Comisiones.","breadcrumb":{"@id":"http:\/\/web5n.uhu.es\/etsi\/la-escuela_\/organos-de-gobierno\/#breadcrumb"},"inLanguage":"es-ES","potentialAction":[{"@type":"ReadAction","target":["http:\/\/web5n.uhu.es\/etsi\/la-escuela_\/organos-de-gobierno\/"]}]},{"@type":"BreadcrumbList","@id":"http:\/\/web5n.uhu.es\/etsi\/la-escuela_\/organos-de-gobierno\/#breadcrumb","itemListElement":[{"@type":"ListItem","position":1,"name":"Portada","item":"https:\/\/www.uhu.es\/etsi\/"},{"@type":"ListItem","position":2,"name":"La Escuela","item":"http:\/\/www.uhu.es\/etsi\/la-escuela_\/"},{"@type":"ListItem","position":3,"name":"\u00d3rganos de Gobierno"}]},{"@type":"WebSite","@id":"https:\/\/www.uhu.es\/etsi\/#website","url":"https:\/\/www.uhu.es\/etsi\/","name":"ETSI, UHU","description":"Escuela T\u00e9cnica Superior de  Ingenier\u00eda de la Universidad de Huelva","publisher":{"@id":"https:\/\/www.uhu.es\/etsi\/#organization"},"potentialAction":[{"@type":"SearchAction","target":{"@type":"EntryPoint","urlTemplate":"https:\/\/www.uhu.es\/etsi\/?s={search_term_string}"},"query-input":"required name=search_term_string"}],"inLanguage":"es-ES"},{"@type":"Organization","@id":"https:\/\/www.uhu.es\/etsi\/#organization","name":"UHU ETSI","url":"https:\/\/www.uhu.es\/etsi\/","logo":{"@type":"ImageObject","inLanguage":"es-ES","@id":"https:\/\/www.uhu.es\/etsi\/#\/schema\/logo\/image\/","url":"http:\/\/www.uhu.es\/etsi\/wp-content\/uploads\/2016\/02\/membrete_ETSI.jpg","contentUrl":"http:\/\/www.uhu.es\/etsi\/wp-content\/uploads\/2016\/02\/membrete_ETSI.jpg","width":423,"height":81,"caption":"UHU ETSI"},"image":{"@id":"https:\/\/www.uhu.es\/etsi\/#\/schema\/logo\/image\/"}}]}},"_links":{"self":[{"href":"https:\/\/www.uhu.es\/etsi\/wp-json\/wp\/v2\/pages\/6907"}],"collection":[{"href":"https:\/\/www.uhu.es\/etsi\/wp-json\/wp\/v2\/pages"}],"about":[{"href":"https:\/\/www.uhu.es\/etsi\/wp-json\/wp\/v2\/types\/page"}],"author":[{"embeddable":true,"href":"https:\/\/www.uhu.es\/etsi\/wp-json\/wp\/v2\/users\/7"}],"replies":[{"embeddable":true,"href":"https:\/\/www.uhu.es\/etsi\/wp-json\/wp\/v2\/comments?post=6907"}],"version-history":[{"count":8,"href":"https:\/\/www.uhu.es\/etsi\/wp-json\/wp\/v2\/pages\/6907\/revisions"}],"predecessor-version":[{"id":20511,"href":"https:\/\/www.uhu.es\/etsi\/wp-json\/wp\/v2\/pages\/6907\/revisions\/20511"}],"up":[{"embeddable":true,"href":"https:\/\/www.uhu.es\/etsi\/wp-json\/wp\/v2\/pages\/6634"}],"wp:attachment":[{"href":"https:\/\/www.uhu.es\/etsi\/wp-json\/wp\/v2\/media?parent=6907"}],"curies":[{"name":"wp","href":"https:\/\/api.w.org\/{rel}","templated":true}]}}