{"id":6913,"date":"2014-11-12T09:08:28","date_gmt":"2014-11-12T09:08:28","guid":{"rendered":"http:\/\/www.uhu.es\/etsi\/?page_id=6913"},"modified":"2016-02-01T09:53:47","modified_gmt":"2016-02-01T09:53:47","slug":"coordinadores-de-titulacion","status":"publish","type":"page","link":"https:\/\/www.uhu.es\/etsi\/informacion-academica\/profesorado-y-coordinacion-docente\/coordinadores-de-titulacion\/","title":{"rendered":"Coordinadores de Titulaci\u00f3n y Curso 2015-2016"},"content":{"rendered":"<div id=\"my-accordion\" class=\"x-accordion\" >\n<div  class=\"x-accordion-group\" ><div class=\"x-accordion-heading\"><a class=\"x-accordion-toggle collapsed\" data-toggle=\"collapse\" data-parent=\"#my-accordion\" href=\"#collapse-1\">Grado en Ing. Forestal y del Medio Natural<\/a><\/div> <!-- end .x-accordion-heading --><div id=\"collapse-1\" class=\"accordion-body collapse\"><div class=\"x-accordion-inner\">\n<ul style=\"list-style-type: square;\">\n<li><strong>Coordinador docente de Titulaci\u00f3n: <\/strong><a href=\"#\" onclick=\"MyWindow=window.open('..\/..\/..\/datos-personal-docente-e-investigador\/?id=351', 'Datos coordinador','width=550, height=500,fullscreen=no, top=0, left=0'); return false; \">Juan M. Domingo Santos<\/a><\/li>\n<li><strong>Coordinador docente de Primer Curso: <\/strong><a href=\"#\" onclick=\"MyWindow=window.open('..\/..\/..\/datos-personal-docente-e-investigador\/?id=258', 'Datos coordinador','width=550, height=500,fullscreen=no, top=0, left=0'); return false; \">Enrique Serrano Aguilar<\/a><\/li>\n<li><strong>Coordinador docente de Segundo Curso: <\/strong><a href=\"#\" onclick=\"MyWindow=window.open('..\/..\/..\/datos-personal-docente-e-investigador\/?id=219', 'Datos coordinador','width=550, height=500,fullscreen=no, top=0, left=0'); return false; \">Israel S\u00e1nchez Osorio<\/a><\/li>\n<li><strong>Coordinador docente de Tercer Curso: <\/strong><a href=\"#\" onclick=\"MyWindow=window.open('..\/..\/..\/datos-personal-docente-e-investigador\/?id=179', 'Datos coordinador','width=550, height=500,fullscreen=no, top=0, left=0'); return false; \">Cristina P\u00e9rez-Carral Lorenzo<\/a><\/li>\n<li><strong>Coordinador docente de Cuarto Curso: <\/strong>J<a href=\"#\" onclick=\"MyWindow=window.open('..\/..\/..\/datos-personal-docente-e-investigador\/?id=351', 'Datos coordinador','width=550, height=500,fullscreen=no, top=0, left=0'); return false; \">uan M. Domingo Santos<\/a><\/li>\n<\/ul>\n<\/div> <!-- end .x-accordion-inner --><\/div> <!-- end .x-accordion-body --><\/div> <!-- end .x-accordion-group -->\n<div  class=\"x-accordion-group\" ><div class=\"x-accordion-heading\"><a class=\"x-accordion-toggle collapsed\" data-toggle=\"collapse\" data-parent=\"#my-accordion\" href=\"#collapse-2\">Grado en Ing. Agr\u00edcola<\/a><\/div> <!-- end .x-accordion-heading --><div id=\"collapse-2\" class=\"accordion-body collapse\"><div class=\"x-accordion-inner\">\n<ul style=\"list-style-type: square;\">\n<li><strong>Coordinador docente de Titulaci\u00f3n: <\/strong><a href=\"#\" onclick=\"MyWindow=window.open('..\/..\/..\/datos-personal-docente-e-investigador\/?id=160', 'Datos coordinador','width=550, height=500,fullscreen=no, top=0, left=0'); return false; \">Marina de Moya Alfonso<\/a><\/li>\n<li><strong>Coordinador docente de Primer Curso: <\/strong><a href=\"#\" onclick=\"MyWindow=window.open('..\/..\/..\/datos-personal-docente-e-investigador\/?id=214', 'Datos coordinador','width=550, height=500,fullscreen=no, top=0, left=0'); return false; \">Laura Salvador Nemoz<\/a><\/li>\n<li><strong>Coordinador docente de Segundo Curso: <\/strong><a href=\"#\" onclick=\"MyWindow=window.open('..\/..\/..\/datos-personal-docente-e-investigador\/?id=139', 'Datos coordinador','width=550, height=500,fullscreen=no, top=0, left=0'); return false; \">F\u00e1tima Mart\u00ednez Ruiz<\/a><\/li>\n<li><strong>Coordinador docente de Tercer Curso: <\/strong><a href=\"#\" onclick=\"MyWindow=window.open('..\/..\/..\/datos-personal-docente-e-investigador\/?id=223', 'Datos coordinador','width=550, height=500,fullscreen=no, top=0, left=0'); return false; \">Mercedes Santiago Mor\u00edn<\/a><\/li>\n<li><strong>Coordinador docente de Cuarto Curso:\u00a0<\/strong><a href=\"#\" onclick=\"MyWindow=window.open('..\/..\/..\/datos-personal-docente-e-investigador\/?id=160', 'Datos coordinador','width=550, height=500,fullscreen=no, top=0, left=0'); return false; \">Marina de Moya Alfonso<\/a><\/li>\n<\/ul>\n<\/div> <!-- end .x-accordion-inner --><\/div> <!-- end .x-accordion-body --><\/div> <!-- end .x-accordion-group -->\n<div  class=\"x-accordion-group\" ><div class=\"x-accordion-heading\"><a class=\"x-accordion-toggle collapsed\" data-toggle=\"collapse\" data-parent=\"#my-accordion\" href=\"#collapse-3\">Grado en Ing. Inform\u00e1tica<\/a><\/div> <!-- end .x-accordion-heading --><div id=\"collapse-3\" class=\"accordion-body collapse\"><div class=\"x-accordion-inner\">\n<ul style=\"list-style-type: square;\">\n<li><strong>Coordinador docente de Titulaci\u00f3n: <\/strong><a href=\"#\" onclick=\"MyWindow=window.open('..\/..\/..\/datos-personal-docente-e-investigador\/?id=167', 'Datos coordinador','width=550, height=500,fullscreen=no, top=0, left=0'); return false; \">Victoria Pach\u00f3n \u00c1lvarez<\/a><\/li>\n<li><strong>Coordinador docente de Primer Curso: <\/strong><a href=\"#\" onclick=\"MyWindow=window.open('..\/..\/..\/datos-personal-docente-e-investigador\/?id=96', 'Datos coordinador','width=550, height=500,fullscreen=no, top=0, left=0'); return false; \">Adoraci\u00f3n Hermoso Fern\u00e1ndez<\/a><\/li>\n<li><strong>Coordinador docente de Segundo Curso:\u00a0<\/strong><a href=\"#\" onclick=\"MyWindow=window.open('..\/..\/..\/datos-personal-docente-e-investigador\/?id=340', 'Datos coordinador','width=550, height=500,fullscreen=no, top=0, left=0'); return false; \">Miguel \u00c1ngel Rodr\u00edguez Rom\u00e1n<\/a><\/li>\n<li><strong>Coordinador docente de Tercer Curso: <\/strong><a href=\"#\" onclick=\"MyWindow=window.open('..\/..\/..\/datos-personal-docente-e-investigador\/?id=227', 'Datos coordinador','width=550, height=500,fullscreen=no, top=0, left=0'); return false; \">Antonio Su\u00e1rez F\u00e1bregas<\/a><\/li>\n<li><strong>Coordinador docente de Cuarto Curso: <\/strong><a href=\"#\" onclick=\"MyWindow=window.open('..\/..\/..\/datos-personal-docente-e-investigador\/?id=172', 'Datos coordinador','width=550, height=500,fullscreen=no, top=0, left=0'); return false; \">Nieves Pav\u00f3n Pulido<\/a><\/li>\n<\/ul>\n<\/div> <!-- end .x-accordion-inner --><\/div> <!-- end .x-accordion-body --><\/div> <!-- end .x-accordion-group -->\n<div  class=\"x-accordion-group\" ><div class=\"x-accordion-heading\"><a class=\"x-accordion-toggle collapsed\" data-toggle=\"collapse\" data-parent=\"#my-accordion\" href=\"#collapse-4\">Grado en Ing. Energ\u00e9tica<\/a><\/div> <!-- end .x-accordion-heading --><div id=\"collapse-4\" class=\"accordion-body collapse\"><div class=\"x-accordion-inner\">\n<ul style=\"list-style-type: square;\">\n<li><strong>Coordinador docente de Titulaci\u00f3n: <\/strong><a href=\"#\" onclick=\"MyWindow=window.open('..\/..\/..\/datos-personal-docente-e-investigador\/?id=108', 'Datos coordinador','width=550, height=500,fullscreen=no, top=0, left=0'); return false; \">Rafael L\u00f3pez de Ahumada Guti\u00e9rrez<\/a><\/li>\n<li><strong>Coordinador docente de Primer Curso: <\/strong><a href=\"#\" onclick=\"MyWindow=window.open('..\/..\/..\/datos-personal-docente-e-investigador\/?id=314', 'Datos coordinador','width=550, height=500,fullscreen=no, top=0, left=0'); return false; \">Juan Luis Dom\u00ednguez Olmedo<\/a><\/li>\n<li><strong>Coordinador docente de Segundo Curso: <\/strong><a href=\"#\" onclick=\"MyWindow=window.open('..\/..\/..\/datos-personal-docente-e-investigador\/?id=356', 'Datos coordinador','width=550, height=500,fullscreen=no, top=0, left=0'); return false; \">Juan Luis Flores Garrido<\/a><\/li>\n<li><strong>Coordinador docente de Tercer Curso: <\/strong><a href=\"#\" onclick=\"MyWindow=window.open('..\/..\/..\/datos-personal-docente-e-investigador\/?id=356', 'Datos coordinador','width=550, height=500,fullscreen=no, top=0, left=0'); return false; \">Juan Luis Flores Garrido<\/a><\/li>\n<li><strong>Coordinador docente de Cuarto Curso: <\/strong><a href=\"#\" onclick=\"MyWindow=window.open('..\/..\/..\/datos-personal-docente-e-investigador\/?id=362', 'Datos coordinador','width=550, height=500,fullscreen=no, top=0, left=0'); return false; \">Juan Manuel Enrique G\u00f3mez<\/a><\/li>\n<\/ul>\n<\/div> <!-- end .x-accordion-inner --><\/div> <!-- end .x-accordion-body --><\/div> <!-- end .x-accordion-group -->\n<div  class=\"x-accordion-group\" ><div class=\"x-accordion-heading\"><a class=\"x-accordion-toggle collapsed\" data-toggle=\"collapse\" data-parent=\"#my-accordion\" href=\"#collapse-5\">Grado en Ing. Mec\u00e1nica<\/a><\/div> <!-- end .x-accordion-heading --><div id=\"collapse-5\" class=\"accordion-body collapse\"><div class=\"x-accordion-inner\">\n<ul style=\"list-style-type: square;\">\n<li><strong>Coordinador docente de Titulaci\u00f3n: <\/strong><a href=\"#\" onclick=\"MyWindow=window.open('..\/..\/..\/datos-personal-docente-e-investigador\/?id=12', 'Datos coordinador','width=550, height=500,fullscreen=no, top=0, left=0'); return false; \">Beatriz Aranda Louvier<\/a><\/li>\n<li><strong>Coordinador docente de Primer Curso: <\/strong><a href=\"#\" onclick=\"MyWindow=window.open('..\/..\/..\/datos-personal-docente-e-investigador\/?id=343', 'Datos coordinador','width=550, height=500,fullscreen=no, top=0, left=0'); return false; \">Juan Urbano Baena<\/a><\/li>\n<li><strong>Coordinador docente de Segundo Curso: <\/strong><a href=\"#\" onclick=\"MyWindow=window.open('..\/..\/..\/datos-personal-docente-e-investigador\/?id=12', 'Datos coordinador','width=550, height=500,fullscreen=no, top=0, left=0'); return false; \">Beatriz Aranda Louvier<\/a><\/li>\n<li><strong>Coordinador docente de Tercer Curso: <\/strong><a href=\"#\" onclick=\"MyWindow=window.open('..\/..\/..\/datos-personal-docente-e-investigador\/?id=321', 'Datos coordinador','width=550, height=500,fullscreen=no, top=0, left=0'); return false; \">Francisco de P. G\u00f3mez Cuevas<\/a><\/li>\n<li><strong>Coordinador docente de Cuarto Curso: <\/strong><a href=\"#\" onclick=\"MyWindow=window.open('..\/..\/..\/datos-personal-docente-e-investigador\/?id=321', 'Datos coordinador','width=550, height=500,fullscreen=no, top=0, left=0'); return false; \">Francisco de P. G\u00f3mez Cuevas<\/a><\/li>\n<\/ul>\n<\/div> <!-- end .x-accordion-inner --><\/div> <!-- end .x-accordion-body --><\/div> <!-- end .x-accordion-group -->\n<div  class=\"x-accordion-group\" ><div class=\"x-accordion-heading\"><a class=\"x-accordion-toggle collapsed\" data-toggle=\"collapse\" data-parent=\"#my-accordion\" href=\"#collapse-6\">Grado en Ing. El\u00e9ctrica<\/a><\/div> <!-- end .x-accordion-heading --><div id=\"collapse-6\" class=\"accordion-body collapse\"><div class=\"x-accordion-inner\">\n<ul style=\"list-style-type: square;\">\n<li><strong>Coordinador docente de Titulaci\u00f3n: <\/strong><a href=\"#\" onclick=\"MyWindow=window.open('..\/..\/..\/datos-personal-docente-e-investigador\/?id=313', 'Datos coordinador','width=550, height=500,fullscreen=no, top=0, left=0'); return false; \">M\u00aa Reyes S\u00e1nchez Herrera<\/a><\/li>\n<li><strong>Coordinador docente de Primer Curso: <\/strong><a href=\"#\" onclick=\"MyWindow=window.open('..\/..\/..\/datos-personal-docente-e-investigador\/?id=313', 'Datos coordinador','width=550, height=500,fullscreen=no, top=0, left=0'); return false; \">M\u00aa Reyes S\u00e1nchez Herrera<\/a><\/li>\n<li><strong>Coordinador docente de Segundo Curso: <\/strong><a href=\"#\" onclick=\"MyWindow=window.open('..\/..\/..\/datos-personal-docente-e-investigador\/?id=203', 'Datos coordinador','width=550, height=500,fullscreen=no, top=0, left=0'); return false; \">Jes\u00fas Rodr\u00edguez V\u00e1zquez<\/a><\/li>\n<li><strong>Coordinador docente de Tercer Curso: <\/strong><a href=\"#\" onclick=\"MyWindow=window.open('..\/..\/..\/datos-personal-docente-e-investigador\/?id=188', 'Datos coordinador','width=550, height=500,fullscreen=no, top=0, left=0'); return false; \">Jaime Prieto Thomas<\/a><\/li>\n<li><strong>Coordinador docente de Cuarto Curso: <\/strong><a href=\"#\" onclick=\"MyWindow=window.open('..\/..\/..\/datos-personal-docente-e-investigador\/?id=178', 'Datos coordinador','width=550, height=500,fullscreen=no, top=0, left=0'); return false; \">Alejandro P\u00e9rez Vall\u00e9s<\/a><\/li>\n<\/ul>\n<\/div> <!-- end .x-accordion-inner --><\/div> <!-- end .x-accordion-body --><\/div> <!-- end .x-accordion-group -->\n<div  class=\"x-accordion-group\" ><div class=\"x-accordion-heading\"><a class=\"x-accordion-toggle collapsed\" data-toggle=\"collapse\" data-parent=\"#my-accordion\" href=\"#collapse-7\">Grado en Ing. Qu\u00edmica Industrial<\/a><\/div> <!-- end .x-accordion-heading --><div id=\"collapse-7\" class=\"accordion-body collapse\"><div class=\"x-accordion-inner\">\n<ul style=\"list-style-type: square;\">\n<li><strong>Coordinador docente de Titulaci\u00f3n: <\/strong><a href=\"#\" onclick=\"MyWindow=window.open('..\/..\/..\/datos-personal-docente-e-investigador\/?id=116', 'Datos coordinador','width=550, height=500,fullscreen=no, top=0, left=0'); return false; \">M\u00aa Carmen S\u00e1nchez Carrillo<\/a><\/li>\n<li><strong>Coordinador docente de Primer Curso: <\/strong><a href=\"#\" onclick=\"MyWindow=window.open('..\/..\/..\/datos-personal-docente-e-investigador\/?id=116', 'Datos coordinador','width=550, height=500,fullscreen=no, top=0, left=0'); return false; \">M\u00aa Carmen S\u00e1nchez Carrillo<\/a><\/li>\n<li><strong>Coordinador docente de Segundo Curso:<\/strong><a href=\"#\" onclick=\"MyWindow=window.open('..\/..\/..\/datos-personal-docente-e-investigador\/?id=116', 'Datos coordinador','width=550, height=500,fullscreen=no, top=0, left=0'); return false; \"> M\u00aa Carmen S\u00e1nchez Carrillo<\/a><\/li>\n<li><strong>Coordinador docente de Tercer Curso: <\/strong><a href=\"#\" onclick=\"MyWindow=window.open('..\/..\/..\/datos-personal-docente-e-investigador\/?id=323', 'Datos coordinador','width=550, height=500,fullscreen=no, top=0, left=0'); return false; \">Mois\u00e9s Garc\u00eda Morales<\/a><\/li>\n<li><strong>Coordinador docente de Cuarto Curso:\u00a0<\/strong><a href=\"#\" onclick=\"MyWindow=window.open('..\/..\/..\/datos-personal-docente-e-investigador\/?id=338', 'Datos coordinador','width=550, height=500,fullscreen=no, top=0, left=0'); return false; \">Francisco\u00a0Javier Navarro Dom\u00ednguez<\/a><\/li>\n<\/ul>\n<\/div> <!-- end .x-accordion-inner --><\/div> <!-- end .x-accordion-body --><\/div> <!-- end .x-accordion-group -->\n<div  class=\"x-accordion-group\" ><div class=\"x-accordion-heading\"><a class=\"x-accordion-toggle collapsed\" data-toggle=\"collapse\" data-parent=\"#my-accordion\" href=\"#collapse-8\">Grado en Ing. Electr\u00f3nica Industrial<\/a><\/div> <!-- end .x-accordion-heading --><div id=\"collapse-8\" class=\"accordion-body collapse\"><div class=\"x-accordion-inner\">\n<ul style=\"list-style-type: square;\">\n<li><strong>Coordinador docente de Titulaci\u00f3n: <\/strong><a href=\"#\" onclick=\"MyWindow=window.open('..\/..\/..\/datos-personal-docente-e-investigador\/?id=334', 'Datos coordinador','width=550, height=500,fullscreen=no, top=0, left=0'); return false; \">Diego Mar\u00edn Santos<\/a><\/li>\n<li><strong>Coordinador docente de Primer Curso: <\/strong><a href=\"#\" onclick=\"MyWindow=window.open('..\/..\/..\/datos-personal-docente-e-investigador\/?id=334', 'Datos coordinador','width=550, height=500,fullscreen=no, top=0, left=0'); return false; \">Diego Mar\u00edn Santos<\/a><\/li>\n<li><strong>Coordinador docente de Segundo Curso: <\/strong><a href=\"#\" onclick=\"MyWindow=window.open('..\/..\/..\/datos-personal-docente-e-investigador\/?id=321', 'Datos coordinador','width=550, height=500,fullscreen=no, top=0, left=0'); return false; \">Francisco de P. G\u00f3mez Cuevas<\/a><\/li>\n<li><strong>Coordinador docente de Tercer Curso: <\/strong><a href=\"#\" onclick=\"MyWindow=window.open('..\/..\/..\/datos-personal-docente-e-investigador\/?id=334', 'Datos coordinador','width=550, height=500,fullscreen=no, top=0, left=0'); return false; \">Diego Mar\u00edn Santos<\/a><\/li>\n<li><strong>Coordinador docente de Cuarto Curso: <\/strong><a href=\"#\" onclick=\"MyWindow=window.open('..\/..\/..\/datos-personal-docente-e-investigador\/?id=329', 'Datos coordinador','width=550, height=500,fullscreen=no, top=0, left=0'); return false; \">Estefan\u00eda Cortes Ancos<\/a><\/li>\n<\/ul>\n<\/div> <!-- end .x-accordion-inner --><\/div> <!-- end .x-accordion-body --><\/div> <!-- end .x-accordion-group -->\n<div  class=\"x-accordion-group\" ><div class=\"x-accordion-heading\"><a class=\"x-accordion-toggle collapsed\" data-toggle=\"collapse\" data-parent=\"#my-accordion\" href=\"#collapse-9\">Grado de Ing. en Explotaci\u00f3n de Minas y Recursos Energ\u00e9ticos<\/a><\/div> <!-- end .x-accordion-heading --><div id=\"collapse-9\" class=\"accordion-body collapse\"><div class=\"x-accordion-inner\">\n<ul style=\"list-style-type: square;\">\n<li><strong>Coordinador docente de Titulaci\u00f3n: <\/strong><a href=\"#\" onclick=\"MyWindow=window.open('..\/..\/..\/datos-personal-docente-e-investigador\/?id=363', 'Datos coordinador','width=550, height=500,fullscreen=no, top=0, left=0'); return false; \">Jos\u00e9 Miguel D\u00e1vila Mart\u00edn<\/a><\/li>\n<li><strong>Coordinador docente de Primer Curso: <\/strong><a href=\"#\" onclick=\"MyWindow=window.open('..\/..\/..\/datos-personal-docente-e-investigador\/?id=185', 'Datos coordinador','width=550, height=500,fullscreen=no, top=0, left=0'); return false; \">Pilar Polo Almohano<\/a><\/li>\n<li><strong>Coordinador docente de Segundo Curso: <\/strong><a href=\"#\" onclick=\"MyWindow=window.open('..\/..\/..\/datos-personal-docente-e-investigador\/?id=73', 'Datos coordinador','width=550, height=500,fullscreen=no, top=0, left=0'); return false; \">Nuria Gil Carvajal<\/a><\/li>\n<li><strong>Coordinador docente de Tercer Curso: <\/strong><a href=\"#\" onclick=\"MyWindow=window.open('..\/..\/..\/datos-personal-docente-e-investigador\/?id=363', 'Datos coordinador','width=550, height=500,fullscreen=no, top=0, left=0'); return false; \">Jos\u00e9 Miguel D\u00e1vila Mart\u00edn<\/a><\/li>\n<li><strong>Coordinador docente de Cuarto Curso: <\/strong><a href=\"#\" onclick=\"MyWindow=window.open('..\/..\/..\/datos-personal-docente-e-investigador\/?id=355', 'Datos coordinador','width=550, height=500,fullscreen=no, top=0, left=0'); return false; \">Mar\u00eda Santisteban Fern\u00e1ndez<\/a><\/li>\n<\/ul>\n<\/div> <!-- end .x-accordion-inner --><\/div> <!-- end .x-accordion-body --><\/div> <!-- end .x-accordion-group -->\n<p><span style=\"line-height: 1.5;\"><\/div><\/span><\/p>\n","protected":false},"excerpt":{"rendered":"Grado en Ing. Forestal y del Medio Natural Coordinador docente de Titulaci\u00f3n: Juan M. Domingo Santos Coordinador docente de Primer ... <div><a href=\"https:\/\/www.uhu.es\/etsi\/informacion-academica\/profesorado-y-coordinacion-docente\/coordinadores-de-titulacion\/\" class=\"more-link\">Read More<\/a><\/div>","protected":false},"author":7,"featured_media":0,"parent":10785,"menu_order":0,"comment_status":"closed","ping_status":"closed","template":"template-layout-full-width.php","meta":[],"yoast_head":"<!-- This site is optimized with the Yoast SEO plugin v20.2.1 - https:\/\/yoast.com\/wordpress\/plugins\/seo\/ -->\n<title>Coordinadores de Titulaci\u00f3n y Curso 2015-2016 - ETSI, UHU<\/title>\n<meta name=\"robots\" content=\"index, follow, max-snippet:-1, max-image-preview:large, max-video-preview:-1\" \/>\n<link rel=\"canonical\" href=\"https:\/\/www.uhu.es\/etsi\/informacion-academica\/profesorado-y-coordinacion-docente\/coordinadores-de-titulacion\/\" \/>\n<meta property=\"og:locale\" content=\"es_ES\" \/>\n<meta property=\"og:type\" content=\"article\" \/>\n<meta property=\"og:title\" content=\"Coordinadores de Titulaci\u00f3n y Curso 2015-2016 - ETSI, UHU\" \/>\n<meta property=\"og:url\" content=\"https:\/\/www.uhu.es\/etsi\/informacion-academica\/profesorado-y-coordinacion-docente\/coordinadores-de-titulacion\/\" \/>\n<meta property=\"og:site_name\" content=\"ETSI, UHU\" \/>\n<meta property=\"article:modified_time\" content=\"2016-02-01T09:53:47+00:00\" \/>\n<meta name=\"twitter:label1\" content=\"Est. reading time\" \/>\n\t<meta name=\"twitter:data1\" content=\"3 minutes\" \/>\n<script type=\"application\/ld+json\" class=\"yoast-schema-graph\">{\"@context\":\"https:\/\/schema.org\",\"@graph\":[{\"@type\":\"WebPage\",\"@id\":\"https:\/\/www.uhu.es\/etsi\/informacion-academica\/profesorado-y-coordinacion-docente\/coordinadores-de-titulacion\/\",\"url\":\"https:\/\/www.uhu.es\/etsi\/informacion-academica\/profesorado-y-coordinacion-docente\/coordinadores-de-titulacion\/\",\"name\":\"Coordinadores de Titulaci\u00f3n y Curso 2015-2016 - ETSI, UHU\",\"isPartOf\":{\"@id\":\"https:\/\/www.uhu.es\/etsi\/#website\"},\"datePublished\":\"2014-11-12T09:08:28+00:00\",\"dateModified\":\"2016-02-01T09:53:47+00:00\",\"breadcrumb\":{\"@id\":\"https:\/\/www.uhu.es\/etsi\/informacion-academica\/profesorado-y-coordinacion-docente\/coordinadores-de-titulacion\/#breadcrumb\"},\"inLanguage\":\"es-ES\",\"potentialAction\":[{\"@type\":\"ReadAction\",\"target\":[\"https:\/\/www.uhu.es\/etsi\/informacion-academica\/profesorado-y-coordinacion-docente\/coordinadores-de-titulacion\/\"]}]},{\"@type\":\"BreadcrumbList\",\"@id\":\"https:\/\/www.uhu.es\/etsi\/informacion-academica\/profesorado-y-coordinacion-docente\/coordinadores-de-titulacion\/#breadcrumb\",\"itemListElement\":[{\"@type\":\"ListItem\",\"position\":1,\"name\":\"Portada\",\"item\":\"https:\/\/www.uhu.es\/etsi\/\"},{\"@type\":\"ListItem\",\"position\":2,\"name\":\"Informaci\u00f3n Acad\u00e9mica\",\"item\":\"https:\/\/www.uhu.es\/etsi\/informacion-academica\/\"},{\"@type\":\"ListItem\",\"position\":3,\"name\":\"Profesorado y Coordinaci\u00f3n Docente\",\"item\":\"https:\/\/www.uhu.es\/etsi\/informacion-academica\/profesorado-y-coordinacion-docente\/\"},{\"@type\":\"ListItem\",\"position\":4,\"name\":\"Coordinadores de Titulaci\u00f3n y Curso 2015-2016\"}]},{\"@type\":\"WebSite\",\"@id\":\"https:\/\/www.uhu.es\/etsi\/#website\",\"url\":\"https:\/\/www.uhu.es\/etsi\/\",\"name\":\"ETSI, UHU\",\"description\":\"Escuela T\u00e9cnica Superior de  Ingenier\u00eda de la Universidad de Huelva\",\"publisher\":{\"@id\":\"https:\/\/www.uhu.es\/etsi\/#organization\"},\"potentialAction\":[{\"@type\":\"SearchAction\",\"target\":{\"@type\":\"EntryPoint\",\"urlTemplate\":\"https:\/\/www.uhu.es\/etsi\/?s={search_term_string}\"},\"query-input\":\"required name=search_term_string\"}],\"inLanguage\":\"es-ES\"},{\"@type\":\"Organization\",\"@id\":\"https:\/\/www.uhu.es\/etsi\/#organization\",\"name\":\"UHU ETSI\",\"url\":\"https:\/\/www.uhu.es\/etsi\/\",\"logo\":{\"@type\":\"ImageObject\",\"inLanguage\":\"es-ES\",\"@id\":\"https:\/\/www.uhu.es\/etsi\/#\/schema\/logo\/image\/\",\"url\":\"http:\/\/www.uhu.es\/etsi\/wp-content\/uploads\/2016\/02\/membrete_ETSI.jpg\",\"contentUrl\":\"http:\/\/www.uhu.es\/etsi\/wp-content\/uploads\/2016\/02\/membrete_ETSI.jpg\",\"width\":423,\"height\":81,\"caption\":\"UHU ETSI\"},\"image\":{\"@id\":\"https:\/\/www.uhu.es\/etsi\/#\/schema\/logo\/image\/\"}}]}<\/script>\n<!-- \/ Yoast SEO plugin. -->","yoast_head_json":{"title":"Coordinadores de Titulaci\u00f3n y Curso 2015-2016 - ETSI, UHU","robots":{"index":"index","follow":"follow","max-snippet":"max-snippet:-1","max-image-preview":"max-image-preview:large","max-video-preview":"max-video-preview:-1"},"canonical":"https:\/\/www.uhu.es\/etsi\/informacion-academica\/profesorado-y-coordinacion-docente\/coordinadores-de-titulacion\/","og_locale":"es_ES","og_type":"article","og_title":"Coordinadores de Titulaci\u00f3n y Curso 2015-2016 - ETSI, UHU","og_url":"https:\/\/www.uhu.es\/etsi\/informacion-academica\/profesorado-y-coordinacion-docente\/coordinadores-de-titulacion\/","og_site_name":"ETSI, UHU","article_modified_time":"2016-02-01T09:53:47+00:00","twitter_misc":{"Est. reading time":"3 minutes"},"schema":{"@context":"https:\/\/schema.org","@graph":[{"@type":"WebPage","@id":"https:\/\/www.uhu.es\/etsi\/informacion-academica\/profesorado-y-coordinacion-docente\/coordinadores-de-titulacion\/","url":"https:\/\/www.uhu.es\/etsi\/informacion-academica\/profesorado-y-coordinacion-docente\/coordinadores-de-titulacion\/","name":"Coordinadores de Titulaci\u00f3n y Curso 2015-2016 - ETSI, UHU","isPartOf":{"@id":"https:\/\/www.uhu.es\/etsi\/#website"},"datePublished":"2014-11-12T09:08:28+00:00","dateModified":"2016-02-01T09:53:47+00:00","breadcrumb":{"@id":"https:\/\/www.uhu.es\/etsi\/informacion-academica\/profesorado-y-coordinacion-docente\/coordinadores-de-titulacion\/#breadcrumb"},"inLanguage":"es-ES","potentialAction":[{"@type":"ReadAction","target":["https:\/\/www.uhu.es\/etsi\/informacion-academica\/profesorado-y-coordinacion-docente\/coordinadores-de-titulacion\/"]}]},{"@type":"BreadcrumbList","@id":"https:\/\/www.uhu.es\/etsi\/informacion-academica\/profesorado-y-coordinacion-docente\/coordinadores-de-titulacion\/#breadcrumb","itemListElement":[{"@type":"ListItem","position":1,"name":"Portada","item":"https:\/\/www.uhu.es\/etsi\/"},{"@type":"ListItem","position":2,"name":"Informaci\u00f3n Acad\u00e9mica","item":"https:\/\/www.uhu.es\/etsi\/informacion-academica\/"},{"@type":"ListItem","position":3,"name":"Profesorado y Coordinaci\u00f3n Docente","item":"https:\/\/www.uhu.es\/etsi\/informacion-academica\/profesorado-y-coordinacion-docente\/"},{"@type":"ListItem","position":4,"name":"Coordinadores de Titulaci\u00f3n y Curso 2015-2016"}]},{"@type":"WebSite","@id":"https:\/\/www.uhu.es\/etsi\/#website","url":"https:\/\/www.uhu.es\/etsi\/","name":"ETSI, UHU","description":"Escuela T\u00e9cnica Superior de  Ingenier\u00eda de la Universidad de Huelva","publisher":{"@id":"https:\/\/www.uhu.es\/etsi\/#organization"},"potentialAction":[{"@type":"SearchAction","target":{"@type":"EntryPoint","urlTemplate":"https:\/\/www.uhu.es\/etsi\/?s={search_term_string}"},"query-input":"required name=search_term_string"}],"inLanguage":"es-ES"},{"@type":"Organization","@id":"https:\/\/www.uhu.es\/etsi\/#organization","name":"UHU ETSI","url":"https:\/\/www.uhu.es\/etsi\/","logo":{"@type":"ImageObject","inLanguage":"es-ES","@id":"https:\/\/www.uhu.es\/etsi\/#\/schema\/logo\/image\/","url":"http:\/\/www.uhu.es\/etsi\/wp-content\/uploads\/2016\/02\/membrete_ETSI.jpg","contentUrl":"http:\/\/www.uhu.es\/etsi\/wp-content\/uploads\/2016\/02\/membrete_ETSI.jpg","width":423,"height":81,"caption":"UHU ETSI"},"image":{"@id":"https:\/\/www.uhu.es\/etsi\/#\/schema\/logo\/image\/"}}]}},"_links":{"self":[{"href":"https:\/\/www.uhu.es\/etsi\/wp-json\/wp\/v2\/pages\/6913"}],"collection":[{"href":"https:\/\/www.uhu.es\/etsi\/wp-json\/wp\/v2\/pages"}],"about":[{"href":"https:\/\/www.uhu.es\/etsi\/wp-json\/wp\/v2\/types\/page"}],"author":[{"embeddable":true,"href":"https:\/\/www.uhu.es\/etsi\/wp-json\/wp\/v2\/users\/7"}],"replies":[{"embeddable":true,"href":"https:\/\/www.uhu.es\/etsi\/wp-json\/wp\/v2\/comments?post=6913"}],"version-history":[{"count":12,"href":"https:\/\/www.uhu.es\/etsi\/wp-json\/wp\/v2\/pages\/6913\/revisions"}],"predecessor-version":[{"id":8175,"href":"https:\/\/www.uhu.es\/etsi\/wp-json\/wp\/v2\/pages\/6913\/revisions\/8175"}],"up":[{"embeddable":true,"href":"https:\/\/www.uhu.es\/etsi\/wp-json\/wp\/v2\/pages\/10785"}],"wp:attachment":[{"href":"https:\/\/www.uhu.es\/etsi\/wp-json\/wp\/v2\/media?parent=6913"}],"curies":[{"name":"wp","href":"https:\/\/api.w.org\/{rel}","templated":true}]}}