{"id":6915,"date":"2014-11-12T09:13:21","date_gmt":"2014-11-12T09:13:21","guid":{"rendered":"http:\/\/www.uhu.es\/etsi\/?page_id=6915"},"modified":"2021-04-19T13:33:00","modified_gmt":"2021-04-19T12:33:00","slug":"informacion-general","status":"publish","type":"page","link":"https:\/\/www.uhu.es\/etsi\/la-escuela_\/informacion-general\/","title":{"rendered":"Informaci\u00f3n General"},"content":{"rendered":"<ul style=\"list-style-type: square;\">\n<li>\n<h5><a title=\"Direcci\u00f3n\" href=\"https:\/\/www.uhu.es\/etsi\/la-escuela_\/informacion-general\/contacto\/\">Direcci\u00f3n<\/a><\/h5>\n<\/li>\n<li>\n<h5><a title=\"Listado Telef\u00f3nico\" href=\"https:\/\/www.uhu.es\/etsi\/la-escuela_\/informacion-general\/listado-telefonico\/\">Listado Telef\u00f3nico<\/a><\/h5>\n<\/li>\n<li>\n<h5><a title=\"Horario de atenci\u00f3n al p\u00fablico de la Secretar\u00eda del Centro\" href=\"https:\/\/www.uhu.es\/etsi\/la-escuela_\/informacion-general\/horario-de-atencion-al-publico-de-la-secretaria-del-centro\/\">Horario de atenci\u00f3n al P\u00fablico de la Secretar\u00eda del Centro<\/a><\/h5>\n<\/li>\n<\/ul>\n","protected":false},"excerpt":{"rendered":"<p>Direcci\u00f3n Listado Telef\u00f3nico Horario de atenci\u00f3n al P\u00fablico de la Secretar\u00eda del Centro<\/p>\n","protected":false},"author":7,"featured_media":0,"parent":6634,"menu_order":0,"comment_status":"closed","ping_status":"closed","template":"template-layout-full-width.php","meta":[],"yoast_head":"<!-- This site is optimized with the Yoast SEO plugin v20.2.1 - https:\/\/yoast.com\/wordpress\/plugins\/seo\/ -->\n<title>Informaci\u00f3n General - ETSI, UHU<\/title>\n<meta name=\"description\" content=\"Informaci\u00f3n\" \/>\n<meta name=\"robots\" content=\"index, follow, max-snippet:-1, max-image-preview:large, max-video-preview:-1\" \/>\n<link rel=\"canonical\" href=\"http:\/\/www.uhu.es\/etsi\/la-escuela_\/informacion-general\/\" \/>\n<meta property=\"og:locale\" content=\"es_ES\" \/>\n<meta property=\"og:type\" content=\"article\" \/>\n<meta property=\"og:title\" content=\"Informaci\u00f3n General - ETSI, UHU\" \/>\n<meta property=\"og:description\" content=\"Informaci\u00f3n\" \/>\n<meta property=\"og:url\" content=\"http:\/\/www.uhu.es\/etsi\/la-escuela_\/informacion-general\/\" \/>\n<meta property=\"og:site_name\" content=\"ETSI, UHU\" \/>\n<meta property=\"article:modified_time\" content=\"2021-04-19T12:33:00+00:00\" \/>\n<script type=\"application\/ld+json\" class=\"yoast-schema-graph\">{\"@context\":\"https:\/\/schema.org\",\"@graph\":[{\"@type\":\"WebPage\",\"@id\":\"http:\/\/www.uhu.es\/etsi\/la-escuela_\/informacion-general\/\",\"url\":\"http:\/\/www.uhu.es\/etsi\/la-escuela_\/informacion-general\/\",\"name\":\"Informaci\u00f3n General - ETSI, UHU\",\"isPartOf\":{\"@id\":\"https:\/\/www.uhu.es\/etsi\/#website\"},\"datePublished\":\"2014-11-12T09:13:21+00:00\",\"dateModified\":\"2021-04-19T12:33:00+00:00\",\"description\":\"Informaci\u00f3n\",\"breadcrumb\":{\"@id\":\"http:\/\/www.uhu.es\/etsi\/la-escuela_\/informacion-general\/#breadcrumb\"},\"inLanguage\":\"es-ES\",\"potentialAction\":[{\"@type\":\"ReadAction\",\"target\":[\"http:\/\/www.uhu.es\/etsi\/la-escuela_\/informacion-general\/\"]}]},{\"@type\":\"BreadcrumbList\",\"@id\":\"http:\/\/www.uhu.es\/etsi\/la-escuela_\/informacion-general\/#breadcrumb\",\"itemListElement\":[{\"@type\":\"ListItem\",\"position\":1,\"name\":\"Portada\",\"item\":\"https:\/\/www.uhu.es\/etsi\/\"},{\"@type\":\"ListItem\",\"position\":2,\"name\":\"La Escuela\",\"item\":\"http:\/\/www.uhu.es\/etsi\/la-escuela_\/\"},{\"@type\":\"ListItem\",\"position\":3,\"name\":\"Informaci\u00f3n General\"}]},{\"@type\":\"WebSite\",\"@id\":\"https:\/\/www.uhu.es\/etsi\/#website\",\"url\":\"https:\/\/www.uhu.es\/etsi\/\",\"name\":\"ETSI, UHU\",\"description\":\"Escuela T\u00e9cnica Superior de  Ingenier\u00eda de la Universidad de Huelva\",\"publisher\":{\"@id\":\"https:\/\/www.uhu.es\/etsi\/#organization\"},\"potentialAction\":[{\"@type\":\"SearchAction\",\"target\":{\"@type\":\"EntryPoint\",\"urlTemplate\":\"https:\/\/www.uhu.es\/etsi\/?s={search_term_string}\"},\"query-input\":\"required name=search_term_string\"}],\"inLanguage\":\"es-ES\"},{\"@type\":\"Organization\",\"@id\":\"https:\/\/www.uhu.es\/etsi\/#organization\",\"name\":\"UHU ETSI\",\"url\":\"https:\/\/www.uhu.es\/etsi\/\",\"logo\":{\"@type\":\"ImageObject\",\"inLanguage\":\"es-ES\",\"@id\":\"https:\/\/www.uhu.es\/etsi\/#\/schema\/logo\/image\/\",\"url\":\"http:\/\/www.uhu.es\/etsi\/wp-content\/uploads\/2016\/02\/membrete_ETSI.jpg\",\"contentUrl\":\"http:\/\/www.uhu.es\/etsi\/wp-content\/uploads\/2016\/02\/membrete_ETSI.jpg\",\"width\":423,\"height\":81,\"caption\":\"UHU ETSI\"},\"image\":{\"@id\":\"https:\/\/www.uhu.es\/etsi\/#\/schema\/logo\/image\/\"}}]}<\/script>\n<!-- \/ Yoast SEO plugin. -->","yoast_head_json":{"title":"Informaci\u00f3n General - ETSI, UHU","description":"Informaci\u00f3n","robots":{"index":"index","follow":"follow","max-snippet":"max-snippet:-1","max-image-preview":"max-image-preview:large","max-video-preview":"max-video-preview:-1"},"canonical":"http:\/\/www.uhu.es\/etsi\/la-escuela_\/informacion-general\/","og_locale":"es_ES","og_type":"article","og_title":"Informaci\u00f3n General - ETSI, UHU","og_description":"Informaci\u00f3n","og_url":"http:\/\/www.uhu.es\/etsi\/la-escuela_\/informacion-general\/","og_site_name":"ETSI, UHU","article_modified_time":"2021-04-19T12:33:00+00:00","schema":{"@context":"https:\/\/schema.org","@graph":[{"@type":"WebPage","@id":"http:\/\/www.uhu.es\/etsi\/la-escuela_\/informacion-general\/","url":"http:\/\/www.uhu.es\/etsi\/la-escuela_\/informacion-general\/","name":"Informaci\u00f3n General - ETSI, UHU","isPartOf":{"@id":"https:\/\/www.uhu.es\/etsi\/#website"},"datePublished":"2014-11-12T09:13:21+00:00","dateModified":"2021-04-19T12:33:00+00:00","description":"Informaci\u00f3n","breadcrumb":{"@id":"http:\/\/www.uhu.es\/etsi\/la-escuela_\/informacion-general\/#breadcrumb"},"inLanguage":"es-ES","potentialAction":[{"@type":"ReadAction","target":["http:\/\/www.uhu.es\/etsi\/la-escuela_\/informacion-general\/"]}]},{"@type":"BreadcrumbList","@id":"http:\/\/www.uhu.es\/etsi\/la-escuela_\/informacion-general\/#breadcrumb","itemListElement":[{"@type":"ListItem","position":1,"name":"Portada","item":"https:\/\/www.uhu.es\/etsi\/"},{"@type":"ListItem","position":2,"name":"La Escuela","item":"http:\/\/www.uhu.es\/etsi\/la-escuela_\/"},{"@type":"ListItem","position":3,"name":"Informaci\u00f3n General"}]},{"@type":"WebSite","@id":"https:\/\/www.uhu.es\/etsi\/#website","url":"https:\/\/www.uhu.es\/etsi\/","name":"ETSI, UHU","description":"Escuela T\u00e9cnica Superior de  Ingenier\u00eda de la Universidad de Huelva","publisher":{"@id":"https:\/\/www.uhu.es\/etsi\/#organization"},"potentialAction":[{"@type":"SearchAction","target":{"@type":"EntryPoint","urlTemplate":"https:\/\/www.uhu.es\/etsi\/?s={search_term_string}"},"query-input":"required name=search_term_string"}],"inLanguage":"es-ES"},{"@type":"Organization","@id":"https:\/\/www.uhu.es\/etsi\/#organization","name":"UHU ETSI","url":"https:\/\/www.uhu.es\/etsi\/","logo":{"@type":"ImageObject","inLanguage":"es-ES","@id":"https:\/\/www.uhu.es\/etsi\/#\/schema\/logo\/image\/","url":"http:\/\/www.uhu.es\/etsi\/wp-content\/uploads\/2016\/02\/membrete_ETSI.jpg","contentUrl":"http:\/\/www.uhu.es\/etsi\/wp-content\/uploads\/2016\/02\/membrete_ETSI.jpg","width":423,"height":81,"caption":"UHU ETSI"},"image":{"@id":"https:\/\/www.uhu.es\/etsi\/#\/schema\/logo\/image\/"}}]}},"_links":{"self":[{"href":"https:\/\/www.uhu.es\/etsi\/wp-json\/wp\/v2\/pages\/6915"}],"collection":[{"href":"https:\/\/www.uhu.es\/etsi\/wp-json\/wp\/v2\/pages"}],"about":[{"href":"https:\/\/www.uhu.es\/etsi\/wp-json\/wp\/v2\/types\/page"}],"author":[{"embeddable":true,"href":"https:\/\/www.uhu.es\/etsi\/wp-json\/wp\/v2\/users\/7"}],"replies":[{"embeddable":true,"href":"https:\/\/www.uhu.es\/etsi\/wp-json\/wp\/v2\/comments?post=6915"}],"version-history":[{"count":8,"href":"https:\/\/www.uhu.es\/etsi\/wp-json\/wp\/v2\/pages\/6915\/revisions"}],"predecessor-version":[{"id":20512,"href":"https:\/\/www.uhu.es\/etsi\/wp-json\/wp\/v2\/pages\/6915\/revisions\/20512"}],"up":[{"embeddable":true,"href":"https:\/\/www.uhu.es\/etsi\/wp-json\/wp\/v2\/pages\/6634"}],"wp:attachment":[{"href":"https:\/\/www.uhu.es\/etsi\/wp-json\/wp\/v2\/media?parent=6915"}],"curies":[{"name":"wp","href":"https:\/\/api.w.org\/{rel}","templated":true}]}}