{"id":6924,"date":"2014-11-12T09:17:28","date_gmt":"2014-11-12T09:17:28","guid":{"rendered":"http:\/\/www.uhu.es\/etsi\/?page_id=6924"},"modified":"2021-05-17T11:47:22","modified_gmt":"2021-05-17T10:47:22","slug":"historia","status":"publish","type":"page","link":"https:\/\/www.uhu.es\/etsi\/la-escuela_\/historia\/","title":{"rendered":"Historia"},"content":{"rendered":"<ul  class=\"x-nav x-nav-tabs nine-up left\" >\n<li  class=\"x-nav-tabs-item active\" ><a href=\"#tab-1\" data-toggle=\"tab\">Un poco de Historia General<\/a><\/li>\n<li  class=\"x-nav-tabs-item\" ><a href=\"#tab-2\" data-toggle=\"tab\">La Escuela de Facultativos de Minas es Transformada en Escuela de Peritos<\/a><\/li>\n<li  class=\"x-nav-tabs-item\" ><a href=\"#tab-3\" data-toggle=\"tab\">Posibilidad de Creaci\u00f3n en Huelva de una Escuela de Ingenier\u00eda T\u00e9cnica Industrial<\/a><\/li>\n<li  class=\"x-nav-tabs-item\" ><a href=\"#tab-4\" data-toggle=\"tab\">Creaci\u00f3n de un Instituto Polit\u00e9cnico de Grado Medio en la R\u00e1bida (Huelva)<\/a><\/li>\n<li  class=\"x-nav-tabs-item\" ><a href=\"#tab-5\" data-toggle=\"tab\">Incorporaci\u00f3n del Instituto Polit\u00e9cnico de la R\u00e1bida a la Universidad de Sevilla<\/a><\/li>\n<li  class=\"x-nav-tabs-item\" ><a href=\"#tab-6\" data-toggle=\"tab\">Transformaci\u00f3n en Centros en el \u00e1rea de la R\u00e1bida<\/a><\/li>\n<li  class=\"x-nav-tabs-item\" ><a href=\"#tab-7\" data-toggle=\"tab\">Creaci\u00f3n de la Universidad de Huelva<\/a><\/li>\n<li  class=\"x-nav-tabs-item\" ><a href=\"#tab-8\" data-toggle=\"tab\">Ver algunas im\u00e1genes...<\/a><\/li>\n<li  class=\"x-nav-tabs-item\" ><a href=\"#tab-9\" data-toggle=\"tab\">Medalla de la Ciudad de Huelva concedida a la E.P.S. La R\u00e1bida<\/a><\/li>\n<\/ul>\n<div  class=\"x-tab-content\" >\n<div id=\"tab-1\" class=\"x-tab-pane fade in fade in active\" >\n<p>Las Escuelas Universitarias de Ingenier\u00eda T\u00e9cnica fueron creadas para disponer de un determinado tipo de t\u00e9cnicos que atendieran a una determinada demanda.<\/p>\n<p>Durante mucho tiempo tuvieron car\u00e1cter subsidiario de las correspondientes Escuelas T\u00e9cnicas Superiores pero a partir del decreto 1377\/1972 del 10 de mayo, se incorporan tales Escuelas a la Universidad, adquiriendo car\u00e1cter y rango universitario.<\/p>\n<p>En 1.901 se crea en Huelva la<strong>\u00a0<\/strong><span style=\"text-decoration: underline;\">Escuela de Minas<\/span>, entonces Capataces y Maestros de Minas, para pasar m\u00e1s tarde a Facultativos, luego a Peritos y, por \u00faltimo, a Ingenieros T\u00e9cnicos.<\/p>\n<p>M\u00e1s tarde se incorporan las\u00a0<span style=\"text-decoration: underline;\">Escuelas de Forestales<\/span>,\u00a0<span style=\"text-decoration: underline;\">Industriales<\/span>\u00a0y\u00a0<span style=\"text-decoration: underline;\">Agr\u00edcolas<\/span>, con la intenci\u00f3n de atender dos sectores muy importantes en Huelva la riqueza forestal y el desarrollo industrial del Polo. As\u00ed se comenzaba con lo que se preve\u00eda como un potencial desarrollo agr\u00edcola a medio plazo.<\/p>\n<p>Posteriormente, se incorpora a la Escuela T\u00e9cnica Superior de Ingenier\u00eda de La R\u00e1bida (a\u00fan denominada Escuela Universitaria Polit\u00e9cnica de La R\u00e1bida) la\u00a0Diplomatura en Inform\u00e1tica, para subsanar las necesidades de especialistas en dicha materia que ten\u00eda la sociedad onubense. El primer curso de <span style=\"text-decoration: underline;\">Diplomatura en Inform\u00e1tica<\/span> se imparti\u00f3 en el curso 88\/89.<\/p>\n<p>Tras la creaci\u00f3n, en 1.993, de la Universidad de Huelva se producen dos cambios importantes en la Escuela. En primer lugar pasa a llamarse Escuela T\u00e9cnica Superior de Ingenier\u00eda de La R\u00e1bida, y en segundo lugar se incorpora la\u00a0<span style=\"text-decoration: underline;\">Ingenier\u00eda Superior de Qu\u00edmica<\/span>, primeros estudios superiores de la Escuela que posibilita el cambio de nombre de la misma.<\/p>\n<p>La Escuela T\u00e9cnica Superior de Ingenier\u00eda incorpora, como vemos, gran variedad de t\u00edtulos, especialistas y secciones.\u00a0<\/div>\n<div id=\"tab-2\" class=\"x-tab-pane fade in\" >\n<p>La Escuela de Facultativos de Minas, se abri\u00f3 en el a\u00f1o 1.902, matricul\u00e1ndose el primer a\u00f1o 49 alumnos. Sesenta a\u00f1os despu\u00e9s se crea la Escuela de Peritos de Minas (Escuela T\u00e9cnica de Grado Medio), sustituyendo a la anterior. En sus 60 a\u00f1os de vida dicha Escuela dio unos 1.000 facultativos.<\/p>\n<p>Al pasar la carrera al Peritaje, se aumentaron las materias de estudio hasta tal punto que el perito pod\u00eda optar al ingreso directo en el selectivo de las Escuelas Superiores, es decir, de la carrera de Ingeniero.<\/p>\n<p align=\"center\"><img decoding=\"async\" loading=\"lazy\" src=\"http:\/\/uhu.es\/etsi\/img_historia\/facultativos.jpg\" alt=\"La Escuela de Facultativos de Minas es Transformada en Escuela de Peritos\" width=\"300\" height=\"461\" \/><\/p>\n<p>Anteriormente a este cambio, s\u00f3lo se impart\u00edan clases los s\u00e1bados y los domingos, pero el nuevo r\u00e9gimen (como Escuela T\u00e9cnica) obligaba a una escolaridad diaria, con un n\u00ba de clases te\u00f3ricas igual al n\u00ba de clases pr\u00e1cticas.<\/p>\n<p>Muchos de aquellos alumnos eran trabajadores de minas, que se desplazaban a Huelva en esos d\u00edas para asistir a las clases. Por ello, la Direcci\u00f3n General de Ense\u00f1anza Laboral (pues la carrera de Facultativos pas\u00f3 a depender de \u00e9sta) sigui\u00f3 permitiendo el horario de fines de semanas, tan beneficioso.<\/p>\n<p>Estos estudios ten\u00edan f\u00e1cil colocaci\u00f3n una vez terminados, ya que no s\u00f3lo contaban con el campo de acci\u00f3n de la propia mina, sino tambi\u00e9n con todas las industrias derivadas del tratamiento de minerales, as\u00ed como en las f\u00e1bricas y talleres sider\u00fargicos. Sus alumnos tambi\u00e9n estar\u00edan capacitados para desempe\u00f1ar cargos directivos en toda la rama de la construcci\u00f3n.<\/p>\n<p>El Edificio de la nueva Escuela se hallaba emplazado en Alameda Sundheim, n\u00ba 8, en un agradable y pintoresco lugar rodeado de arboleda y jardines.<\/p>\n<p align=\"center\"><img decoding=\"async\" loading=\"lazy\" src=\"http:\/\/uhu.es\/etsi\/img_historia\/escuela.jpg\" alt=\"Escuela de Peritos\" width=\"200\" height=\"310\" \/><\/p>\n<p>Ten\u00eda dos plantas. En la planta baja hab\u00eda 5 aulas y 1 laboratorio, y en la segunda planta hab\u00eda 3 clases, 1 biblioteca y 1 museo completo de minerales.<\/p>\n<p>Cabe destacar la valiosa aportaci\u00f3n a esta transformaci\u00f3n del entonces gobernador civil D. Hern\u00e1n P\u00e9rez Cubillas.\u00a0<\/div>\n<div id=\"tab-3\" class=\"x-tab-pane fade in\" >\n<p>En el diario Odiel, del 11 de julio de 1967, se informaba de la excelente acogida que tuvo, por parte del Ministerio, la propuesta hecha por el gobernador (P\u00e9rez Cubillas) que recog\u00eda el sentir de Huelva por la Escuela de Ingenier\u00eda T\u00e9cnica Industrial tan necesaria con motivo del Polo de Promoci\u00f3n, la cual tendr\u00eda 3 especialidades\u00a0El\u00e9ctrica,\u00a0Qu\u00edmico\u00a0y\u00a0Mec\u00e1nico.<\/p>\n<p>La Escuela, dec\u00eda en el diario, se podr\u00eda construir como una ampliaci\u00f3n del edificio que se esperaba construir en el Conquero para la Escuela de Ingenier\u00eda T\u00e9cnica de Minas.<\/div>\n<div id=\"tab-4\" class=\"x-tab-pane fade in\" >\n<p><strong>&#8211; Decreto 531\/1969, de 27 de marzo. b.o.e. n\u00ba 78, 1 de abril de 1969 &#8211;<\/strong><\/p>\n<p>Dicho decreto versa as\u00ed:<\/p>\n<p><em>&#8220;Por razones de tipo social, econ\u00f3mico y de expansi\u00f3n cultural de la provincia de Huelva, aconsejan la creaci\u00f3n de un Centro Oficial con car\u00e1cter de Instituto Polit\u00e9cnico de Grado Medio que facilite la formaci\u00f3n de cuadros profesionales en los cuatro principales aspectos de su vida econ\u00f3mica miner\u00eda, industria, riqueza forestal e industria pesquera.<\/em><\/p>\n<p><em>Las autoridades provinciales de Huelva han aceptado el ofrecimiento de la Universidad Hispanoamericana de Santa Mar\u00eda de La R\u00e1bida, que ejerce su funci\u00f3n docente de Grado Superior desde hace m\u00e1s de 25 a\u00f1os, para que dicho Instituto se encuentre en contacto y relaci\u00f3n con la referida Universidad que, para conseguir mayor arraigo social intentara en su d\u00eda encauzarse en la nueva regulaci\u00f3n de Universidades Aut\u00f3nomas y r\u00e9gimen de Patronato.<\/em><\/p>\n<p><em>El Instituto Polit\u00e9cnico contar\u00e1 con los Centros necesarios para cubrir los puestos t\u00e9cnicos suficientes que exigen las necesidades econ\u00f3micas, industriales y tur\u00edsticas de la comarca.&#8221;<\/em><\/p>\n<p>(Decreto firmado por Francisco Franco)<\/p>\n<p>* * * * * * * * * *<\/p>\n<p>Se crea un Instituto Polit\u00e9cnico de Grado Medio en los terrenos de la Universidad Hispanoamericana de Santa Mar\u00eda de La R\u00e1bida (Huelva), compuesto de los siguientes centros:<\/p>\n<p>1.- Una Escuela de Formaci\u00f3n Profesional Industrial.<\/p>\n<p>2.- Un Centro de Bachillerato Superior.<\/p>\n<p>3.- Una Escuela de Ingenier\u00eda T\u00e9cnica Forestal.<\/p>\n<p>&#8230; adem\u00e1s de las Escuelas existentes de Ingenier\u00eda T\u00e9cnica Industrial y de Ingenier\u00eda T\u00e9cnica Minera, ubicadas en Huelva (capital) y aquellas que en su d\u00eda puedan crearse o integrarse en \u00e9l.\u00a0 \u00a0<\/div>\n<div id=\"tab-5\" class=\"x-tab-pane fade in\" >\n<p><strong>&#8211; Decreto 2393\/1974, de 20 de julio. b.o.e. n\u00ba204, 26 de agosto de 1974 &#8211;<\/strong><\/p>\n<p>Dicho decreto versa as\u00ed:<\/p>\n<p><em>&#8220;&#8230;la Ley General de Educaci\u00f3n incorpor\u00f3 a la Universidad, con el nombre de Escuelas Universitarias entre otras, a las Escuelas T\u00e9cnicas de Grado Medio&#8230;&#8221;<\/em><\/p>\n<p><em>&#8220;El Instituto Polit\u00e9cnico de La R\u00e1bida pasar\u00e1 a depender con todos sus centros (Escuela de Formaci\u00f3n Profesional Industrial, un Centro de Ense\u00f1anza Media Superior y una Escuela Polit\u00e9cnica) de la Universidad de Sevilla.&#8221;<\/em><\/p>\n<p><em>&#8220;&#8230; las Escuelas Universitarias del Instituto Polit\u00e9cnico se fusionar\u00e1n en una sola Escuela Polit\u00e9cnica, bajo la jefatura inmediata de un solo Director.&#8221;<\/em><\/p>\n<p><em>&#8220;La Escuela de Formaci\u00f3n Profesional Industrial y el Centro de Bachillerato funcionar\u00e1n como centro experimental del Instituto de Ciencias de la Educaci\u00f3n de la Universidad de Sevilla y tendr\u00e1 cada uno un solo director. Existir\u00e1, como hasta ahora un Director del Instituto Polit\u00e9cnico&#8221;<\/em><\/p>\n<p>(Este decreto deroga al 531\/1969, de 27 de Marzo, y est\u00e1 firmado por Juan Carlos de Borb\u00f3n, Pr\u00edncipe de Espa\u00f1a)<\/div>\n<div id=\"tab-6\" class=\"x-tab-pane fade in\" >\n<p><strong>&#8211; Real decreto 3029\/1977, de 6 de octubre. b.o.e. n\u00ba 282, de 25 de nov de 1977 &#8211;<\/strong><\/p>\n<p>Por este Real Decreto el Centro Nacional de Bachillerato Superior y la Escuela de Formaci\u00f3n Profesional Industrial, dependientes del Instituto Polit\u00e9cnico de La R\u00e1bida (Huelva) se transforman, respectivamente, en Instituto Nacional de Bachillerato y en Centro Nacional de Formaci\u00f3n Profesional de primer y segundo grado, de Palos de la Frontera (Huelva).<\/div>\n<div id=\"tab-7\" class=\"x-tab-pane fade in\" >\n<p><strong>LEY 4\/1993 DE 1 DE JULIO, DE CREACI\u00d3N DE LA UNIVERSIDAD DE HUELVA<\/strong><\/p>\n<p><em>&#8220;Se crea la Universidad de Huelva que se regir\u00e1 por la Ley Org\u00e1nica 11\/83, de 25 de agosto, de Reforma Universitaria por la Ley 1\/92, de 21 de mayo, de Coordinaci\u00f3n del Sistema Universitario de Andaluc\u00eda, por la presente Ley, por las normas que las desarrollen y por sus estatutos&#8221;.<\/em><\/p>\n<p><em>&#8220;La presente Ley crea la Universidad de Huelva concebida como instrumento de transformaci\u00f3n social, que oriente y lidere el desarrollo econ\u00f3mico y cultural de la sociedad onubense, proporcion\u00e1ndole los profesionales adecuados a trav\u00e9s de las ense\u00f1anzas que mejor respondan a su perfil industrial, hist\u00f3rico y cultural&#8221;.<\/em><\/p>\n<p><em>&#8220;La Universidad de Huelva nace con una acentuada vocaci\u00f3n de especializaci\u00f3n y en este sentido puede ser materia de trabajo indicar futuras l\u00edneas de investigaci\u00f3n relacionadas con el medio ambiente&#8221;.<\/em><\/p>\n<p><strong>DECLARACI\u00d3N<\/strong><\/p>\n<p>La Universidad de Huelva es una instituci\u00f3n al servicio de la sociedad que, en el marco de los valores constitucionales, y como entidad de derecho p\u00fablico, dotada de personalidad jur\u00eddica, cumple sus fines y desarrolla sus funciones, de acuerdo con la legislaci\u00f3n vigente, en r\u00e9gimen de autonom\u00eda (art.1 Normativa provisional).<\/p>\n<p><strong>FINES<\/strong><\/p>\n<p>A la Universidad de Huelva corresponde la prestaci\u00f3n del servicio p\u00fablico de la educaci\u00f3n superior, mediante el estudio, la docencia y la investigaci\u00f3n, habiendo de promover la formaci\u00f3n \u00edntegra de sus propios miembros, los valores de justicia, libertad y pluralismo, as\u00ed como el pensamiento y la investigaci\u00f3n libres y cr\u00edticos, para ser un instrumento eficaz de transformaci\u00f3n y progreso social. La Universidad de Huelva est\u00e1 al servicio del desarrollo intelectual y material de los pueblos, de la defensa del medio ambiente y de la paz. (art.2.1 Normativa provisional).<\/p>\n<p><strong>FUNCIONES<\/strong><\/p>\n<p>La Universidad de Huelva ha de cumplir las siguientes funciones:<\/p>\n<p>La creaci\u00f3n, desarrollo, difusi\u00f3n y cr\u00edtica de la ciencia, de la t\u00e9cnica y de la cultura.<\/p>\n<p>La preparaci\u00f3n para el ejercicio de actividades profesionales, que exijan la aplicaci\u00f3n de conocimientos y m\u00e9todos t\u00e9cnicos o cient\u00edficos y para la creaci\u00f3n literaria o art\u00edstica.<\/p>\n<p>El apoyo cient\u00edfico y t\u00e9cnico al desarrollo cultural, social y econ\u00f3mico, con especial atenci\u00f3n al de Huelva y al de la Comunidad Aut\u00f3noma Andaluza. La extensi\u00f3n de la cultura universitaria. (art. 2.2 Normativa provisional).<\/p>\n<p><strong>PRINCIPIOS<\/strong><\/p>\n<p>La actividad de la Universidad de Huelva, as\u00ed como su autonom\u00eda, se fundamenta en el principio de libertad acad\u00e9mica que se manifiesta en las libertades de c\u00e1tedra, de docencia, de investigaci\u00f3n y de estudios. (art. 4 Normativa provisional).<\/div>\n<div id=\"tab-8\" class=\"x-tab-pane fade in\" >\n<table border=\"0\" width=\"606\" cellspacing=\"10\" cellpadding=\"0\" align=\"center\">\n<tbody>\n<tr>\n<td width=\"276\">\n<div align=\"center\">Imagen de la Escuela hace varios a\u00f1os<\/div>\n<\/td>\n<td width=\"300\">\n<div align=\"center\"><img decoding=\"async\" loading=\"lazy\" src=\"http:\/\/uhu.es\/etsi\/img_historia\/antigua.jpg\" alt=\"La Escuela hace Varios a\u00f1os\" width=\"300\" height=\"190\" \/><\/div>\n<\/td>\n<\/tr>\n<tr>\n<td class=\"txtnormal\">\n<div align=\"center\">En esta imagen podemos ver el pabell\u00f3n administrativo<\/div>\n<\/td>\n<td>\n<div align=\"center\"><img decoding=\"async\" loading=\"lazy\" src=\"http:\/\/uhu.es\/etsi\/img_historia\/pabadmin.jpg\" alt=\"Pabell\u00f3n Administrativo\" width=\"300\" height=\"190\" \/><\/div>\n<\/td>\n<\/tr>\n<tr>\n<td class=\"txtnormal\">\n<div align=\"center\">Una de las antiguas v\u00edas de comunicaci\u00f3n de Huelva capital con la Escuela Universitaria Polit\u00e9cnica Superior<\/div>\n<\/td>\n<td>\n<div align=\"center\"><img decoding=\"async\" loading=\"lazy\" src=\"http:\/\/uhu.es\/etsi\/img_historia\/via.jpg\" alt=\"Antigua V\u00eda de Comunicaci\u00f3n\" width=\"300\" height=\"190\" \/><\/div>\n<\/td>\n<\/tr>\n<tr>\n<td class=\"txtnormal\">\n<div align=\"center\">Alumnos esperando el Autob\u00fas de Damas<\/div>\n<\/td>\n<td>\n<div align=\"center\"><img decoding=\"async\" loading=\"lazy\" src=\"http:\/\/uhu.es\/etsi\/img_historia\/autobus.jpg\" alt=\"Autob\u00fas de Damas\" width=\"300\" height=\"190\" \/><\/div>\n<\/td>\n<\/tr>\n<\/tbody>\n<\/table>\n<\/div>\n<div id=\"tab-9\" class=\"x-tab-pane fade in\" >\n<p><img decoding=\"async\" loading=\"lazy\" class=\"aligncenter\" src=\"http:\/\/uhu.es\/etsi\/img_historia\/medalla.jpg\" alt=\"Medalla de la Ciudad de Huelva\" width=\"500\" height=\"630\" \/><br \/>\n<\/div>\n<\/div>\n","protected":false},"excerpt":{"rendered":"Un poco de Historia General La Escuela de Facultativos de Minas es Transformada en Escuela de Peritos Posibilidad de Creaci\u00f3n ... <div><a href=\"https:\/\/www.uhu.es\/etsi\/la-escuela_\/historia\/\" class=\"more-link\">Read More<\/a><\/div>","protected":false},"author":7,"featured_media":0,"parent":6634,"menu_order":0,"comment_status":"closed","ping_status":"closed","template":"template-layout-full-width.php","meta":[],"yoast_head":"<!-- This site is optimized with the Yoast SEO plugin v20.2.1 - https:\/\/yoast.com\/wordpress\/plugins\/seo\/ -->\n<title>Historia - ETSI, UHU<\/title>\n<meta name=\"description\" content=\"Historia\" \/>\n<meta name=\"robots\" content=\"index, follow, max-snippet:-1, max-image-preview:large, max-video-preview:-1\" \/>\n<link rel=\"canonical\" href=\"https:\/\/www.uhu.es\/etsi\/la-escuela_\/historia\/\" \/>\n<meta property=\"og:locale\" content=\"es_ES\" \/>\n<meta property=\"og:type\" content=\"article\" \/>\n<meta property=\"og:title\" content=\"Historia - ETSI, UHU\" \/>\n<meta property=\"og:description\" content=\"Historia\" \/>\n<meta property=\"og:url\" content=\"https:\/\/www.uhu.es\/etsi\/la-escuela_\/historia\/\" \/>\n<meta property=\"og:site_name\" content=\"ETSI, UHU\" \/>\n<meta property=\"article:modified_time\" content=\"2021-05-17T10:47:22+00:00\" \/>\n<meta property=\"og:image\" content=\"http:\/\/uhu.es\/etsi\/img_historia\/facultativos.jpg\" \/>\n<meta name=\"twitter:label1\" content=\"Est. reading time\" \/>\n\t<meta name=\"twitter:data1\" content=\"9 minutes\" \/>\n<script type=\"application\/ld+json\" class=\"yoast-schema-graph\">{\"@context\":\"https:\/\/schema.org\",\"@graph\":[{\"@type\":\"WebPage\",\"@id\":\"https:\/\/www.uhu.es\/etsi\/la-escuela_\/historia\/\",\"url\":\"https:\/\/www.uhu.es\/etsi\/la-escuela_\/historia\/\",\"name\":\"Historia - ETSI, UHU\",\"isPartOf\":{\"@id\":\"https:\/\/www.uhu.es\/etsi\/#website\"},\"datePublished\":\"2014-11-12T09:17:28+00:00\",\"dateModified\":\"2021-05-17T10:47:22+00:00\",\"description\":\"Historia\",\"breadcrumb\":{\"@id\":\"https:\/\/www.uhu.es\/etsi\/la-escuela_\/historia\/#breadcrumb\"},\"inLanguage\":\"es-ES\",\"potentialAction\":[{\"@type\":\"ReadAction\",\"target\":[\"https:\/\/www.uhu.es\/etsi\/la-escuela_\/historia\/\"]}]},{\"@type\":\"BreadcrumbList\",\"@id\":\"https:\/\/www.uhu.es\/etsi\/la-escuela_\/historia\/#breadcrumb\",\"itemListElement\":[{\"@type\":\"ListItem\",\"position\":1,\"name\":\"Portada\",\"item\":\"https:\/\/www.uhu.es\/etsi\/\"},{\"@type\":\"ListItem\",\"position\":2,\"name\":\"La Escuela\",\"item\":\"http:\/\/www.uhu.es\/etsi\/la-escuela_\/\"},{\"@type\":\"ListItem\",\"position\":3,\"name\":\"Historia\"}]},{\"@type\":\"WebSite\",\"@id\":\"https:\/\/www.uhu.es\/etsi\/#website\",\"url\":\"https:\/\/www.uhu.es\/etsi\/\",\"name\":\"ETSI, UHU\",\"description\":\"Escuela T\u00e9cnica Superior de  Ingenier\u00eda de la Universidad de Huelva\",\"publisher\":{\"@id\":\"https:\/\/www.uhu.es\/etsi\/#organization\"},\"potentialAction\":[{\"@type\":\"SearchAction\",\"target\":{\"@type\":\"EntryPoint\",\"urlTemplate\":\"https:\/\/www.uhu.es\/etsi\/?s={search_term_string}\"},\"query-input\":\"required name=search_term_string\"}],\"inLanguage\":\"es-ES\"},{\"@type\":\"Organization\",\"@id\":\"https:\/\/www.uhu.es\/etsi\/#organization\",\"name\":\"UHU ETSI\",\"url\":\"https:\/\/www.uhu.es\/etsi\/\",\"logo\":{\"@type\":\"ImageObject\",\"inLanguage\":\"es-ES\",\"@id\":\"https:\/\/www.uhu.es\/etsi\/#\/schema\/logo\/image\/\",\"url\":\"http:\/\/www.uhu.es\/etsi\/wp-content\/uploads\/2016\/02\/membrete_ETSI.jpg\",\"contentUrl\":\"http:\/\/www.uhu.es\/etsi\/wp-content\/uploads\/2016\/02\/membrete_ETSI.jpg\",\"width\":423,\"height\":81,\"caption\":\"UHU ETSI\"},\"image\":{\"@id\":\"https:\/\/www.uhu.es\/etsi\/#\/schema\/logo\/image\/\"}}]}<\/script>\n<!-- \/ Yoast SEO plugin. -->","yoast_head_json":{"title":"Historia - ETSI, UHU","description":"Historia","robots":{"index":"index","follow":"follow","max-snippet":"max-snippet:-1","max-image-preview":"max-image-preview:large","max-video-preview":"max-video-preview:-1"},"canonical":"https:\/\/www.uhu.es\/etsi\/la-escuela_\/historia\/","og_locale":"es_ES","og_type":"article","og_title":"Historia - ETSI, UHU","og_description":"Historia","og_url":"https:\/\/www.uhu.es\/etsi\/la-escuela_\/historia\/","og_site_name":"ETSI, UHU","article_modified_time":"2021-05-17T10:47:22+00:00","og_image":[{"url":"http:\/\/uhu.es\/etsi\/img_historia\/facultativos.jpg"}],"twitter_misc":{"Est. reading time":"9 minutes"},"schema":{"@context":"https:\/\/schema.org","@graph":[{"@type":"WebPage","@id":"https:\/\/www.uhu.es\/etsi\/la-escuela_\/historia\/","url":"https:\/\/www.uhu.es\/etsi\/la-escuela_\/historia\/","name":"Historia - ETSI, UHU","isPartOf":{"@id":"https:\/\/www.uhu.es\/etsi\/#website"},"datePublished":"2014-11-12T09:17:28+00:00","dateModified":"2021-05-17T10:47:22+00:00","description":"Historia","breadcrumb":{"@id":"https:\/\/www.uhu.es\/etsi\/la-escuela_\/historia\/#breadcrumb"},"inLanguage":"es-ES","potentialAction":[{"@type":"ReadAction","target":["https:\/\/www.uhu.es\/etsi\/la-escuela_\/historia\/"]}]},{"@type":"BreadcrumbList","@id":"https:\/\/www.uhu.es\/etsi\/la-escuela_\/historia\/#breadcrumb","itemListElement":[{"@type":"ListItem","position":1,"name":"Portada","item":"https:\/\/www.uhu.es\/etsi\/"},{"@type":"ListItem","position":2,"name":"La Escuela","item":"http:\/\/www.uhu.es\/etsi\/la-escuela_\/"},{"@type":"ListItem","position":3,"name":"Historia"}]},{"@type":"WebSite","@id":"https:\/\/www.uhu.es\/etsi\/#website","url":"https:\/\/www.uhu.es\/etsi\/","name":"ETSI, UHU","description":"Escuela T\u00e9cnica Superior de  Ingenier\u00eda de la Universidad de Huelva","publisher":{"@id":"https:\/\/www.uhu.es\/etsi\/#organization"},"potentialAction":[{"@type":"SearchAction","target":{"@type":"EntryPoint","urlTemplate":"https:\/\/www.uhu.es\/etsi\/?s={search_term_string}"},"query-input":"required name=search_term_string"}],"inLanguage":"es-ES"},{"@type":"Organization","@id":"https:\/\/www.uhu.es\/etsi\/#organization","name":"UHU ETSI","url":"https:\/\/www.uhu.es\/etsi\/","logo":{"@type":"ImageObject","inLanguage":"es-ES","@id":"https:\/\/www.uhu.es\/etsi\/#\/schema\/logo\/image\/","url":"http:\/\/www.uhu.es\/etsi\/wp-content\/uploads\/2016\/02\/membrete_ETSI.jpg","contentUrl":"http:\/\/www.uhu.es\/etsi\/wp-content\/uploads\/2016\/02\/membrete_ETSI.jpg","width":423,"height":81,"caption":"UHU ETSI"},"image":{"@id":"https:\/\/www.uhu.es\/etsi\/#\/schema\/logo\/image\/"}}]}},"_links":{"self":[{"href":"https:\/\/www.uhu.es\/etsi\/wp-json\/wp\/v2\/pages\/6924"}],"collection":[{"href":"https:\/\/www.uhu.es\/etsi\/wp-json\/wp\/v2\/pages"}],"about":[{"href":"https:\/\/www.uhu.es\/etsi\/wp-json\/wp\/v2\/types\/page"}],"author":[{"embeddable":true,"href":"https:\/\/www.uhu.es\/etsi\/wp-json\/wp\/v2\/users\/7"}],"replies":[{"embeddable":true,"href":"https:\/\/www.uhu.es\/etsi\/wp-json\/wp\/v2\/comments?post=6924"}],"version-history":[{"count":17,"href":"https:\/\/www.uhu.es\/etsi\/wp-json\/wp\/v2\/pages\/6924\/revisions"}],"predecessor-version":[{"id":20644,"href":"https:\/\/www.uhu.es\/etsi\/wp-json\/wp\/v2\/pages\/6924\/revisions\/20644"}],"up":[{"embeddable":true,"href":"https:\/\/www.uhu.es\/etsi\/wp-json\/wp\/v2\/pages\/6634"}],"wp:attachment":[{"href":"https:\/\/www.uhu.es\/etsi\/wp-json\/wp\/v2\/media?parent=6924"}],"curies":[{"name":"wp","href":"https:\/\/api.w.org\/{rel}","templated":true}]}}