{"id":6931,"date":"2014-11-12T09:21:42","date_gmt":"2014-11-12T09:21:42","guid":{"rendered":"http:\/\/www.uhu.es\/etsi\/?page_id=6931"},"modified":"2022-03-10T11:52:36","modified_gmt":"2022-03-10T10:52:36","slug":"departamentos","status":"publish","type":"page","link":"https:\/\/www.uhu.es\/etsi\/la-escuela_\/departamentos\/","title":{"rendered":"Departamentos con Docencia en la ETSI"},"content":{"rendered":"<table class=\"celdabordesupizq\" style=\"color: #000000;\" border=\"0\" width=\"80%\">\n<tbody>\n<tr>\n<td>\n<ul style=\"list-style-type: square;\">\n<li><a href=\"http:\/\/www.uhu.es\/dci\/\">Ciencias Integradas<\/a><\/li>\n<\/ul>\n<\/td>\n<\/tr>\n<tr>\n<td>\n<ul style=\"list-style-type: square;\">\n<li><a href=\"http:\/\/www.uhu.es\/la-uhu\/departamentos\/departamento-de-sociologia-trabajo-social-y-salud-publica\">Sociolog\u00eda, Trabajo Social y Salud P\u00fablica<\/a><\/li>\n<\/ul>\n<\/td>\n<\/tr>\n<tr>\n<td>\n<ul style=\"list-style-type: square;\">\n<li><a href=\"http:\/\/www.uhu.es\/dcaf\/depcaf.htm\" target=\"_blank\" rel=\"noopener\">Ciencias Agroforestales<\/a><\/li>\n<\/ul>\n<\/td>\n<\/tr>\n<tr>\n<td>\n<ul style=\"list-style-type: square;\">\n<li><a href=\"http:\/\/www.uhu.es\/dem\/\" target=\"_blank\" rel=\"noopener\">Direcci\u00f3n de Empresas y Marketing<\/a><\/li>\n<\/ul>\n<\/td>\n<\/tr>\n<tr>\n<td>\n<ul style=\"list-style-type: square;\">\n<li><a href=\"http:\/\/www.uhu.es\/decd\/\" target=\"_blank\" rel=\"noopener\">Econom\u00eda financiera, Contabilidad y Direcci\u00f3n de Operaciones<\/a><\/li>\n<\/ul>\n<\/td>\n<\/tr>\n<tr>\n<td>\n<ul style=\"list-style-type: square;\">\n<li><a href=\"http:\/\/www.uhu.es\/dietdp\/\">Ingenier\u00eda El\u00e9ctrica y T\u00e9rmica, de Dise\u00f1o y Proyectos\u00a0<\/a><\/li>\n<\/ul>\n<\/td>\n<\/tr>\n<tr>\n<td>\n<ul style=\"list-style-type: square;\">\n<li><a href=\"http:\/\/www.uhu.es\/diesia\/\" target=\"_blank\" rel=\"noopener\">Ingenier\u00eda Electr\u00f3nica, Sistemas Inform\u00e1ticos y Autom\u00e1tica<\/a><\/li>\n<\/ul>\n<\/td>\n<\/tr>\n<tr>\n<td>\n<ul style=\"list-style-type: square;\">\n<li><a href=\"http:\/\/www.uhu.es\/dimme\/\" target=\"_blank\" rel=\"noopener\">Ingenier\u00eda Minera, Mec\u00e1nica y Energ\u00e9tica y de la Construcci\u00f3n<\/a><\/li>\n<\/ul>\n<\/td>\n<\/tr>\n<tr>\n<td>\n<ul style=\"list-style-type: square;\">\n<li><a href=\"http:\/\/www.uhu.es\/diq\/\" target=\"_blank\" rel=\"noopener\">Ingenier\u00eda Qu\u00edmica, Qu\u00edmica F\u00edsica y Ciencia de los Materiales<\/a><\/li>\n<\/ul>\n<\/td>\n<\/tr>\n<tr>\n<td>\n<ul style=\"list-style-type: square;\">\n<li><a href=\"https:\/\/www.uhu-dq.es\/\">Qu\u00edmica &#8211; Profesor Jos\u00e9 Carlos V\u00edlchez Mart\u00edn<\/a><\/li>\n<\/ul>\n<\/td>\n<\/tr>\n<tr>\n<td>\n<ul style=\"list-style-type: square;\">\n<li><a href=\"http:\/\/www.uhu.es\/dti\/\" target=\"_blank\" rel=\"noopener\">Tecnolog\u00edas de la Informaci\u00f3n<\/a><\/li>\n<\/ul>\n<\/td>\n<\/tr>\n<\/tbody>\n<\/table>\n<p>&nbsp;<\/p>\n","protected":false},"excerpt":{"rendered":"<p>Ciencias Integradas Sociolog\u00eda, Trabajo Social y Salud P\u00fablica Ciencias Agroforestales Direcci\u00f3n de Empresas y Marketing Econom\u00eda financiera, Contabilidad y Direcci\u00f3n &#8230; <\/p>\n<div><a href=\"https:\/\/www.uhu.es\/etsi\/la-escuela_\/departamentos\/\" class=\"more-link\">Read More<\/a><\/div>\n","protected":false},"author":7,"featured_media":0,"parent":6634,"menu_order":0,"comment_status":"closed","ping_status":"closed","template":"template-layout-full-width.php","meta":[],"yoast_head":"<!-- This site is optimized with the Yoast SEO plugin v20.2.1 - https:\/\/yoast.com\/wordpress\/plugins\/seo\/ -->\n<title>Departamentos con Docencia en la ETSI - ETSI, UHU<\/title>\n<meta name=\"description\" content=\"Departamentos\" \/>\n<meta name=\"robots\" content=\"index, follow, max-snippet:-1, max-image-preview:large, max-video-preview:-1\" \/>\n<link rel=\"canonical\" href=\"https:\/\/www.uhu.es\/etsi\/la-escuela_\/departamentos\/\" \/>\n<meta property=\"og:locale\" content=\"es_ES\" \/>\n<meta property=\"og:type\" content=\"article\" \/>\n<meta property=\"og:title\" content=\"Departamentos con Docencia en la ETSI - ETSI, UHU\" \/>\n<meta property=\"og:description\" content=\"Departamentos\" \/>\n<meta property=\"og:url\" content=\"https:\/\/www.uhu.es\/etsi\/la-escuela_\/departamentos\/\" \/>\n<meta property=\"og:site_name\" content=\"ETSI, UHU\" \/>\n<meta property=\"article:modified_time\" content=\"2022-03-10T10:52:36+00:00\" \/>\n<script type=\"application\/ld+json\" class=\"yoast-schema-graph\">{\"@context\":\"https:\/\/schema.org\",\"@graph\":[{\"@type\":\"WebPage\",\"@id\":\"https:\/\/www.uhu.es\/etsi\/la-escuela_\/departamentos\/\",\"url\":\"https:\/\/www.uhu.es\/etsi\/la-escuela_\/departamentos\/\",\"name\":\"Departamentos con Docencia en la ETSI - ETSI, UHU\",\"isPartOf\":{\"@id\":\"https:\/\/www.uhu.es\/etsi\/#website\"},\"datePublished\":\"2014-11-12T09:21:42+00:00\",\"dateModified\":\"2022-03-10T10:52:36+00:00\",\"description\":\"Departamentos\",\"breadcrumb\":{\"@id\":\"https:\/\/www.uhu.es\/etsi\/la-escuela_\/departamentos\/#breadcrumb\"},\"inLanguage\":\"es-ES\",\"potentialAction\":[{\"@type\":\"ReadAction\",\"target\":[\"https:\/\/www.uhu.es\/etsi\/la-escuela_\/departamentos\/\"]}]},{\"@type\":\"BreadcrumbList\",\"@id\":\"https:\/\/www.uhu.es\/etsi\/la-escuela_\/departamentos\/#breadcrumb\",\"itemListElement\":[{\"@type\":\"ListItem\",\"position\":1,\"name\":\"Portada\",\"item\":\"https:\/\/www.uhu.es\/etsi\/\"},{\"@type\":\"ListItem\",\"position\":2,\"name\":\"La Escuela\",\"item\":\"http:\/\/www.uhu.es\/etsi\/la-escuela_\/\"},{\"@type\":\"ListItem\",\"position\":3,\"name\":\"Departamentos con Docencia en la ETSI\"}]},{\"@type\":\"WebSite\",\"@id\":\"https:\/\/www.uhu.es\/etsi\/#website\",\"url\":\"https:\/\/www.uhu.es\/etsi\/\",\"name\":\"ETSI, UHU\",\"description\":\"Escuela T\u00e9cnica Superior de  Ingenier\u00eda de la Universidad de Huelva\",\"publisher\":{\"@id\":\"https:\/\/www.uhu.es\/etsi\/#organization\"},\"potentialAction\":[{\"@type\":\"SearchAction\",\"target\":{\"@type\":\"EntryPoint\",\"urlTemplate\":\"https:\/\/www.uhu.es\/etsi\/?s={search_term_string}\"},\"query-input\":\"required name=search_term_string\"}],\"inLanguage\":\"es-ES\"},{\"@type\":\"Organization\",\"@id\":\"https:\/\/www.uhu.es\/etsi\/#organization\",\"name\":\"UHU ETSI\",\"url\":\"https:\/\/www.uhu.es\/etsi\/\",\"logo\":{\"@type\":\"ImageObject\",\"inLanguage\":\"es-ES\",\"@id\":\"https:\/\/www.uhu.es\/etsi\/#\/schema\/logo\/image\/\",\"url\":\"http:\/\/www.uhu.es\/etsi\/wp-content\/uploads\/2016\/02\/membrete_ETSI.jpg\",\"contentUrl\":\"http:\/\/www.uhu.es\/etsi\/wp-content\/uploads\/2016\/02\/membrete_ETSI.jpg\",\"width\":423,\"height\":81,\"caption\":\"UHU ETSI\"},\"image\":{\"@id\":\"https:\/\/www.uhu.es\/etsi\/#\/schema\/logo\/image\/\"}}]}<\/script>\n<!-- \/ Yoast SEO plugin. -->","yoast_head_json":{"title":"Departamentos con Docencia en la ETSI - ETSI, UHU","description":"Departamentos","robots":{"index":"index","follow":"follow","max-snippet":"max-snippet:-1","max-image-preview":"max-image-preview:large","max-video-preview":"max-video-preview:-1"},"canonical":"https:\/\/www.uhu.es\/etsi\/la-escuela_\/departamentos\/","og_locale":"es_ES","og_type":"article","og_title":"Departamentos con Docencia en la ETSI - ETSI, UHU","og_description":"Departamentos","og_url":"https:\/\/www.uhu.es\/etsi\/la-escuela_\/departamentos\/","og_site_name":"ETSI, UHU","article_modified_time":"2022-03-10T10:52:36+00:00","schema":{"@context":"https:\/\/schema.org","@graph":[{"@type":"WebPage","@id":"https:\/\/www.uhu.es\/etsi\/la-escuela_\/departamentos\/","url":"https:\/\/www.uhu.es\/etsi\/la-escuela_\/departamentos\/","name":"Departamentos con Docencia en la ETSI - ETSI, UHU","isPartOf":{"@id":"https:\/\/www.uhu.es\/etsi\/#website"},"datePublished":"2014-11-12T09:21:42+00:00","dateModified":"2022-03-10T10:52:36+00:00","description":"Departamentos","breadcrumb":{"@id":"https:\/\/www.uhu.es\/etsi\/la-escuela_\/departamentos\/#breadcrumb"},"inLanguage":"es-ES","potentialAction":[{"@type":"ReadAction","target":["https:\/\/www.uhu.es\/etsi\/la-escuela_\/departamentos\/"]}]},{"@type":"BreadcrumbList","@id":"https:\/\/www.uhu.es\/etsi\/la-escuela_\/departamentos\/#breadcrumb","itemListElement":[{"@type":"ListItem","position":1,"name":"Portada","item":"https:\/\/www.uhu.es\/etsi\/"},{"@type":"ListItem","position":2,"name":"La Escuela","item":"http:\/\/www.uhu.es\/etsi\/la-escuela_\/"},{"@type":"ListItem","position":3,"name":"Departamentos con Docencia en la ETSI"}]},{"@type":"WebSite","@id":"https:\/\/www.uhu.es\/etsi\/#website","url":"https:\/\/www.uhu.es\/etsi\/","name":"ETSI, UHU","description":"Escuela T\u00e9cnica Superior de  Ingenier\u00eda de la Universidad de Huelva","publisher":{"@id":"https:\/\/www.uhu.es\/etsi\/#organization"},"potentialAction":[{"@type":"SearchAction","target":{"@type":"EntryPoint","urlTemplate":"https:\/\/www.uhu.es\/etsi\/?s={search_term_string}"},"query-input":"required name=search_term_string"}],"inLanguage":"es-ES"},{"@type":"Organization","@id":"https:\/\/www.uhu.es\/etsi\/#organization","name":"UHU ETSI","url":"https:\/\/www.uhu.es\/etsi\/","logo":{"@type":"ImageObject","inLanguage":"es-ES","@id":"https:\/\/www.uhu.es\/etsi\/#\/schema\/logo\/image\/","url":"http:\/\/www.uhu.es\/etsi\/wp-content\/uploads\/2016\/02\/membrete_ETSI.jpg","contentUrl":"http:\/\/www.uhu.es\/etsi\/wp-content\/uploads\/2016\/02\/membrete_ETSI.jpg","width":423,"height":81,"caption":"UHU ETSI"},"image":{"@id":"https:\/\/www.uhu.es\/etsi\/#\/schema\/logo\/image\/"}}]}},"_links":{"self":[{"href":"https:\/\/www.uhu.es\/etsi\/wp-json\/wp\/v2\/pages\/6931"}],"collection":[{"href":"https:\/\/www.uhu.es\/etsi\/wp-json\/wp\/v2\/pages"}],"about":[{"href":"https:\/\/www.uhu.es\/etsi\/wp-json\/wp\/v2\/types\/page"}],"author":[{"embeddable":true,"href":"https:\/\/www.uhu.es\/etsi\/wp-json\/wp\/v2\/users\/7"}],"replies":[{"embeddable":true,"href":"https:\/\/www.uhu.es\/etsi\/wp-json\/wp\/v2\/comments?post=6931"}],"version-history":[{"count":24,"href":"https:\/\/www.uhu.es\/etsi\/wp-json\/wp\/v2\/pages\/6931\/revisions"}],"predecessor-version":[{"id":21608,"href":"https:\/\/www.uhu.es\/etsi\/wp-json\/wp\/v2\/pages\/6931\/revisions\/21608"}],"up":[{"embeddable":true,"href":"https:\/\/www.uhu.es\/etsi\/wp-json\/wp\/v2\/pages\/6634"}],"wp:attachment":[{"href":"https:\/\/www.uhu.es\/etsi\/wp-json\/wp\/v2\/media?parent=6931"}],"curies":[{"name":"wp","href":"https:\/\/api.w.org\/{rel}","templated":true}]}}