{"id":6948,"date":"2014-11-12T09:39:08","date_gmt":"2014-11-12T09:39:08","guid":{"rendered":"http:\/\/www.uhu.es\/etsi\/?page_id=6948"},"modified":"2023-10-04T11:43:22","modified_gmt":"2023-10-04T10:43:22","slug":"informacion-academica","status":"publish","type":"page","link":"https:\/\/www.uhu.es\/etsi\/informacion-academica\/","title":{"rendered":"Informaci\u00f3n Acad\u00e9mica"},"content":{"rendered":"<div id=\"x-content-band-1\" class=\"x-content-band bg-pattern border-left border-right\" style=\"background-image: url(https:\/\/www.uhu.es\/etsi\/wp-piepagina\/info.jpg); background-color: transparent;\"><div class=\"x-container-fluid max width\">\n<p><!--\n \t\n\n<li>\n\n\n<h5><a href=\"https:\/\/www.uhu.es\/etsi\/informacion-academica\/titulaciones-a-extinguir\/\">Titulaciones a Extinguir<\/a><\/h5>\n\n\n<\/li>\n\n\n--><\/p>\n<ul style=\"list-style-type: square;\">\n<li>\n<h5><a href=\"https:\/\/apppruebaetsi.uhu.es\/simplesaml\/ofertas_tfgm\/listado_proximos_tfg.php\">Pr\u00f3ximas defensas de TFG\/TFM<\/a><\/h5>\n<\/li>\n<li>\n<h5><a title=\"Informaci\u00f3n Com\u00fan a todos los T\u00edtulos\" href=\"https:\/\/www.uhu.es\/etsi\/informacion-academica\/informacion-comun-todos-los-titulos\/\">Informaci\u00f3n Com\u00fan a todos los T\u00edtulos<\/a><\/h5>\n<\/li>\n<li>\n<h5><a href=\"https:\/\/www.uhu.es\/etsi\/informacion-academica\/estudios-de-grado\/\">Estudios de Grado<\/a><\/h5>\n<\/li>\n<li>\n<h5><a href=\"https:\/\/www.uhu.es\/etsi\/informacion-academica\/estudios-de-master\/\">Estudios de M\u00e1ster<\/a><\/h5>\n<\/li>\n<li>\n<h5><a href=\"https:\/\/www.uhu.es\/etsi\/acciones-formativas\/\">Acciones formativas<\/a><\/h5>\n<\/li>\n<li>\n<h5><a href=\"https:\/\/www.uhu.es\/etsi\/informacion-academica\/docencia-inglesa\/\">Docencia en Lengua Inglesa\u00a0\/ Courses Lectured in English<\/a><\/h5>\n<\/li>\n<li>\n<h5><a title=\"Estudios de Master\" href=\"https:\/\/www.uhu.es\/etsi\/informacion-academica\/profesorado-y-coordinacion-docente\/\">Profesorado y Coordinaci\u00f3n Docente<\/a><\/h5>\n<\/li>\n<li>\n<h5><a title=\"Estudios de Master\" href=\"https:\/\/www.uhu.es\/etsi\/movilidad-formacion-del-profesorado\/\">Movilidad y Formaci\u00f3n del Profesorado<\/a><\/h5>\n<\/li>\n<li>\n<h5><a href=\"https:\/\/www.uhu.es\/etsi\/informacion-academica\/reconocimiento-de-creditos-entre-grados-de-la-etsi\/\">Reconocimiento de Cr\u00e9ditos entre Grados de la ETSI<\/a><\/h5>\n<\/li>\n<li>\n<h5><a href=\"https:\/\/www.uhu.es\/etsi\/informacion-academica\/tablas-de-reconocimiento-para-los-masteres-oficiales-de-la-etsi\/\">Reconocimiento para los m\u00e1steres oficiales de la ETSI<\/a><\/h5>\n<\/li>\n<li>\n<h5><a href=\"\/\/apppruebaetsi.uhu.es\/simplesaml\/app_gestion_cursos\/rec_creditos\/mostrar_ciclos.php\" target=\"_blank\" rel=\"noopener\">Reconocimiento de cr\u00e9ditos entre Ciclo Formativos de Grado Superior y Grados<\/a><\/h5>\n<\/li>\n<li>\n<h5><a title=\"Adaptaci\u00f3n Ingenieros T\u00e9cnicos a Grados\" href=\"https:\/\/www.uhu.es\/etsi\/infoadapt\/\">Adaptaci\u00f3n Ingenieros T\u00e9cnicos a Grado<\/a><\/h5>\n<\/li>\n<li>\n<h5><a href=\"https:\/\/www.uhu.es\/etsi\/InformacionAcademica\/Correspondencia_T%C3%ADtulos_Universitarios_Oficiales_antiguos_y_niveles_MECES.pdf\" target=\"_blank\" rel=\"noopener\">Correspondencia de T\u00edtulos Universitarios oficiales antiguos y niveles MECES<\/a><\/h5>\n<\/li>\n<\/ul>\n<\/div><\/div>\n","protected":false},"excerpt":{"rendered":"Pr\u00f3ximas defensas de TFG\/TFM Informaci\u00f3n Com\u00fan a todos los T\u00edtulos Estudios de Grado Estudios de M\u00e1ster Acciones formativas Docencia en ... <div><a href=\"https:\/\/www.uhu.es\/etsi\/informacion-academica\/\" class=\"more-link\">Read More<\/a><\/div>","protected":false},"author":7,"featured_media":0,"parent":0,"menu_order":2,"comment_status":"closed","ping_status":"closed","template":"template-layout-full-width.php","meta":[],"yoast_head":"<!-- This site is optimized with the Yoast SEO plugin v20.2.1 - https:\/\/yoast.com\/wordpress\/plugins\/seo\/ -->\n<title>Informaci\u00f3n Acad\u00e9mica - ETSI, UHU<\/title>\n<meta name=\"description\" content=\"Informacion\" \/>\n<meta name=\"robots\" content=\"index, follow, max-snippet:-1, max-image-preview:large, max-video-preview:-1\" \/>\n<link rel=\"canonical\" href=\"https:\/\/www.uhu.es\/etsi\/informacion-academica\/\" \/>\n<meta property=\"og:locale\" content=\"es_ES\" \/>\n<meta property=\"og:type\" content=\"article\" \/>\n<meta property=\"og:title\" content=\"Informaci\u00f3n Acad\u00e9mica - ETSI, UHU\" \/>\n<meta property=\"og:description\" content=\"Informacion\" \/>\n<meta property=\"og:url\" content=\"https:\/\/www.uhu.es\/etsi\/informacion-academica\/\" \/>\n<meta property=\"og:site_name\" content=\"ETSI, UHU\" \/>\n<meta property=\"article:modified_time\" content=\"2023-10-04T10:43:22+00:00\" \/>\n<meta name=\"twitter:label1\" content=\"Est. reading time\" \/>\n\t<meta name=\"twitter:data1\" content=\"1 minute\" \/>\n<script type=\"application\/ld+json\" class=\"yoast-schema-graph\">{\"@context\":\"https:\/\/schema.org\",\"@graph\":[{\"@type\":\"WebPage\",\"@id\":\"https:\/\/www.uhu.es\/etsi\/informacion-academica\/\",\"url\":\"https:\/\/www.uhu.es\/etsi\/informacion-academica\/\",\"name\":\"Informaci\u00f3n Acad\u00e9mica - ETSI, UHU\",\"isPartOf\":{\"@id\":\"https:\/\/www.uhu.es\/etsi\/#website\"},\"datePublished\":\"2014-11-12T09:39:08+00:00\",\"dateModified\":\"2023-10-04T10:43:22+00:00\",\"description\":\"Informacion\",\"breadcrumb\":{\"@id\":\"https:\/\/www.uhu.es\/etsi\/informacion-academica\/#breadcrumb\"},\"inLanguage\":\"es-ES\",\"potentialAction\":[{\"@type\":\"ReadAction\",\"target\":[\"https:\/\/www.uhu.es\/etsi\/informacion-academica\/\"]}]},{\"@type\":\"BreadcrumbList\",\"@id\":\"https:\/\/www.uhu.es\/etsi\/informacion-academica\/#breadcrumb\",\"itemListElement\":[{\"@type\":\"ListItem\",\"position\":1,\"name\":\"Portada\",\"item\":\"https:\/\/www.uhu.es\/etsi\/\"},{\"@type\":\"ListItem\",\"position\":2,\"name\":\"Informaci\u00f3n Acad\u00e9mica\"}]},{\"@type\":\"WebSite\",\"@id\":\"https:\/\/www.uhu.es\/etsi\/#website\",\"url\":\"https:\/\/www.uhu.es\/etsi\/\",\"name\":\"ETSI, UHU\",\"description\":\"Escuela T\u00e9cnica Superior de  Ingenier\u00eda de la Universidad de Huelva\",\"publisher\":{\"@id\":\"https:\/\/www.uhu.es\/etsi\/#organization\"},\"potentialAction\":[{\"@type\":\"SearchAction\",\"target\":{\"@type\":\"EntryPoint\",\"urlTemplate\":\"https:\/\/www.uhu.es\/etsi\/?s={search_term_string}\"},\"query-input\":\"required name=search_term_string\"}],\"inLanguage\":\"es-ES\"},{\"@type\":\"Organization\",\"@id\":\"https:\/\/www.uhu.es\/etsi\/#organization\",\"name\":\"UHU ETSI\",\"url\":\"https:\/\/www.uhu.es\/etsi\/\",\"logo\":{\"@type\":\"ImageObject\",\"inLanguage\":\"es-ES\",\"@id\":\"https:\/\/www.uhu.es\/etsi\/#\/schema\/logo\/image\/\",\"url\":\"http:\/\/www.uhu.es\/etsi\/wp-content\/uploads\/2016\/02\/membrete_ETSI.jpg\",\"contentUrl\":\"http:\/\/www.uhu.es\/etsi\/wp-content\/uploads\/2016\/02\/membrete_ETSI.jpg\",\"width\":423,\"height\":81,\"caption\":\"UHU ETSI\"},\"image\":{\"@id\":\"https:\/\/www.uhu.es\/etsi\/#\/schema\/logo\/image\/\"}}]}<\/script>\n<!-- \/ Yoast SEO plugin. -->","yoast_head_json":{"title":"Informaci\u00f3n Acad\u00e9mica - ETSI, UHU","description":"Informacion","robots":{"index":"index","follow":"follow","max-snippet":"max-snippet:-1","max-image-preview":"max-image-preview:large","max-video-preview":"max-video-preview:-1"},"canonical":"https:\/\/www.uhu.es\/etsi\/informacion-academica\/","og_locale":"es_ES","og_type":"article","og_title":"Informaci\u00f3n Acad\u00e9mica - ETSI, UHU","og_description":"Informacion","og_url":"https:\/\/www.uhu.es\/etsi\/informacion-academica\/","og_site_name":"ETSI, UHU","article_modified_time":"2023-10-04T10:43:22+00:00","twitter_misc":{"Est. reading time":"1 minute"},"schema":{"@context":"https:\/\/schema.org","@graph":[{"@type":"WebPage","@id":"https:\/\/www.uhu.es\/etsi\/informacion-academica\/","url":"https:\/\/www.uhu.es\/etsi\/informacion-academica\/","name":"Informaci\u00f3n Acad\u00e9mica - ETSI, UHU","isPartOf":{"@id":"https:\/\/www.uhu.es\/etsi\/#website"},"datePublished":"2014-11-12T09:39:08+00:00","dateModified":"2023-10-04T10:43:22+00:00","description":"Informacion","breadcrumb":{"@id":"https:\/\/www.uhu.es\/etsi\/informacion-academica\/#breadcrumb"},"inLanguage":"es-ES","potentialAction":[{"@type":"ReadAction","target":["https:\/\/www.uhu.es\/etsi\/informacion-academica\/"]}]},{"@type":"BreadcrumbList","@id":"https:\/\/www.uhu.es\/etsi\/informacion-academica\/#breadcrumb","itemListElement":[{"@type":"ListItem","position":1,"name":"Portada","item":"https:\/\/www.uhu.es\/etsi\/"},{"@type":"ListItem","position":2,"name":"Informaci\u00f3n Acad\u00e9mica"}]},{"@type":"WebSite","@id":"https:\/\/www.uhu.es\/etsi\/#website","url":"https:\/\/www.uhu.es\/etsi\/","name":"ETSI, UHU","description":"Escuela T\u00e9cnica Superior de  Ingenier\u00eda de la Universidad de Huelva","publisher":{"@id":"https:\/\/www.uhu.es\/etsi\/#organization"},"potentialAction":[{"@type":"SearchAction","target":{"@type":"EntryPoint","urlTemplate":"https:\/\/www.uhu.es\/etsi\/?s={search_term_string}"},"query-input":"required name=search_term_string"}],"inLanguage":"es-ES"},{"@type":"Organization","@id":"https:\/\/www.uhu.es\/etsi\/#organization","name":"UHU ETSI","url":"https:\/\/www.uhu.es\/etsi\/","logo":{"@type":"ImageObject","inLanguage":"es-ES","@id":"https:\/\/www.uhu.es\/etsi\/#\/schema\/logo\/image\/","url":"http:\/\/www.uhu.es\/etsi\/wp-content\/uploads\/2016\/02\/membrete_ETSI.jpg","contentUrl":"http:\/\/www.uhu.es\/etsi\/wp-content\/uploads\/2016\/02\/membrete_ETSI.jpg","width":423,"height":81,"caption":"UHU ETSI"},"image":{"@id":"https:\/\/www.uhu.es\/etsi\/#\/schema\/logo\/image\/"}}]}},"_links":{"self":[{"href":"https:\/\/www.uhu.es\/etsi\/wp-json\/wp\/v2\/pages\/6948"}],"collection":[{"href":"https:\/\/www.uhu.es\/etsi\/wp-json\/wp\/v2\/pages"}],"about":[{"href":"https:\/\/www.uhu.es\/etsi\/wp-json\/wp\/v2\/types\/page"}],"author":[{"embeddable":true,"href":"https:\/\/www.uhu.es\/etsi\/wp-json\/wp\/v2\/users\/7"}],"replies":[{"embeddable":true,"href":"https:\/\/www.uhu.es\/etsi\/wp-json\/wp\/v2\/comments?post=6948"}],"version-history":[{"count":42,"href":"https:\/\/www.uhu.es\/etsi\/wp-json\/wp\/v2\/pages\/6948\/revisions"}],"predecessor-version":[{"id":23412,"href":"https:\/\/www.uhu.es\/etsi\/wp-json\/wp\/v2\/pages\/6948\/revisions\/23412"}],"wp:attachment":[{"href":"https:\/\/www.uhu.es\/etsi\/wp-json\/wp\/v2\/media?parent=6948"}],"curies":[{"name":"wp","href":"https:\/\/api.w.org\/{rel}","templated":true}]}}