{"id":6958,"date":"2014-11-12T09:41:44","date_gmt":"2014-11-12T09:41:44","guid":{"rendered":"http:\/\/www.uhu.es\/etsi\/?page_id=6958"},"modified":"2026-03-25T12:15:48","modified_gmt":"2026-03-25T11:15:48","slug":"guias-docentes","status":"publish","type":"page","link":"https:\/\/www.uhu.es\/etsi\/informacion-academica\/informacion-comun-todos-los-titulos\/guias-docentes\/","title":{"rendered":"Gu\u00edas Docentes"},"content":{"rendered":"<div id=\"my-accordion\" class=\"x-accordion\" >\n<div  class=\"x-accordion-group\" ><div class=\"x-accordion-heading\"><a class=\"x-accordion-toggle\" data-toggle=\"collapse\" data-parent=\"#my-accordion\" href=\"#collapse-1\">Curso Actual<\/a><\/div> <!-- end .x-accordion-heading --><div id=\"collapse-1\" class=\"accordion-body collapse in\"><div class=\"x-accordion-inner\">\n<ul>\n<ul>\n<li><span style=\"font-size: large;\"><a href=\"https:\/\/www.uhu.es\/etsi\/informacion-academica\/informacion-comun-todos-los-titulos\/guias-docentes\/guias-docentes-2025-2026\/\">Curso 2025-2026<\/a>\n<\/ul>\n<\/div> <!-- end .x-accordion-inner --><\/div> <!-- end .x-accordion-body --><\/div> <!-- end .x-accordion-group -->\n<div  class=\"x-accordion-group\" ><div class=\"x-accordion-heading\"><a class=\"x-accordion-toggle collapsed\" data-toggle=\"collapse\" data-parent=\"#my-accordion\" href=\"#collapse-2\">Cursos Anteriores<\/a><\/div> <!-- end .x-accordion-heading --><div id=\"collapse-2\" class=\"accordion-body collapse\"><div class=\"x-accordion-inner\">\n<ul>\n<li><span style=\"font-size: large;\"><a href=\"https:\/\/www.uhu.es\/etsi\/informacion-academica\/informacion-comun-todos-los-titulos\/guias-docentes\/guias-docentes-2024-2025\/\">Curso 2024-2025<\/a><br \/>\n \t<!--\n\n<li><span style=\"font-size: large;\"><a href=\"https:\/\/www.uhu.es\/etsi\/informacion-academica\/informacion-comun-todos-los-titulos\/guias-docentes\/guias-docentes-minas-2022-2023\/\">Master en Ingenier\u00eda  de Minas 2022-2023<\/a>--><\/p>\n<\/ul>\n<ul style=\"list-style-type: square;\">\n<li><span style=\"font-size: large;\"><a href=\"https:\/\/www.uhu.es\/etsi\/informacion-academica\/informacion-comun-todos-los-titulos\/guias-docentes\/guias-docentes-2023-2024\/?cursoActual=1\">Curso 2023-2024<\/a>\n<li><span style=\"font-size: large;\"><a href=\"https:\/\/www.uhu.es\/etsi\/informacion-academica\/informacion-comun-todos-los-titulos\/guias-docentes\/guias-docentes-2022-2023\/\">Curso 2022-2023<\/a>\n<li><span style=\"font-size: large;\"><a href=\"https:\/\/www.uhu.es\/etsi\/informacion-academica\/informacion-comun-todos-los-titulos\/guias-docentes\/guias-docentes-2021-2022\/\">Curso 2021-2022<\/a>\n<li><span style=\"font-size: large;\"><a href=\"https:\/\/www.uhu.es\/etsi\/informacion-academica\/informacion-comun-todos-los-titulos\/guias-docentes\/guias-docentes-2020-2021\/\">Curso 2020-2021<\/a><\/li>\n<li><span style=\"font-size: large;\"><a href=\"https:\/\/www.uhu.es\/etsi\/informacion-academica\/informacion-comun-todos-los-titulos\/guias-docentes\/guias-docentes-2019-2020\/\">Curso 2019-2020<\/a><\/span><\/li>\n<li><span style=\"font-size: large;\"><a href=\"https:\/\/www.uhu.es\/etsi\/informacion-academica\/informacion-comun-todos-los-titulos\/guias-docentes\/guias-docentes-2018-2019\/\">Curso 2018-2019<\/a><\/span><\/li>\n<li><span style=\"font-size: large;\"><a href=\"https:\/\/www.uhu.es\/etsi\/informacion-academica\/informacion-comun-todos-los-titulos\/guias-docentes\/guias-docentes-2017-2018\/\">Curso 2017-2018<\/a><\/span><\/li>\n<li><span style=\"font-size: large;\"><a href=\"https:\/\/www.uhu.es\/etsi\/informacion-academica\/informacion-comun-todos-los-titulos\/guias-docentes\/guias-docentes-2016-2017\/\">Curso 2016-2017<\/a><\/span><\/li>\n<li><span style=\"font-size: large;\"><a href=\"https:\/\/www.uhu.es\/etsi\/informacion-academica\/informacion-comun-todos-los-titulos\/guias-docentes\/guias-docentes-de-grados-masteres-y-titulaciones-a-extinguir-2015-2016?curso=2015\">Curso 2015-2016<\/a><\/span><\/li>\n<li><span style=\"font-size: large;\"><a href=\"https:\/\/www.uhu.es\/etsi\/informacion-academica\/informacion-comun-todos-los-titulos\/guias-docentes\/listado_guias?curso=2014\">Curso 2014-2015<\/a><\/span><\/li>\n<li><span style=\"font-size: large;\"><a href=\"https:\/\/www.uhu.es\/etsi\/informacion-academica\/informacion-comun-todos-los-titulos\/guias-docentes\/guias-docentes-curso-2013-2014?curso=2013\">Curso 2013-2014<\/a><\/span><\/li>\n<\/ul>\n<\/div> <!-- end .x-accordion-inner --><\/div> <!-- end .x-accordion-body --><\/div> <!-- end .x-accordion-group -->\n<\/div>\n","protected":false},"excerpt":{"rendered":"Curso Actual Curso 2025-2026 Cursos Anteriores Curso 2024-2025 Curso 2023-2024 Curso 2022-2023 Curso 2021-2022 Curso 2020-2021 Curso 2019-2020 Curso 2018-2019 ... <div><a href=\"https:\/\/www.uhu.es\/etsi\/informacion-academica\/informacion-comun-todos-los-titulos\/guias-docentes\/\" class=\"more-link\">Read More<\/a><\/div>","protected":false},"author":7,"featured_media":0,"parent":6951,"menu_order":0,"comment_status":"closed","ping_status":"closed","template":"template-layout-full-width.php","meta":[],"yoast_head":"<!-- This site is optimized with the Yoast SEO plugin v20.2.1 - https:\/\/yoast.com\/wordpress\/plugins\/seo\/ -->\n<title>Gu\u00edas Docentes - ETSI, UHU<\/title>\n<meta name=\"description\" content=\"Gu\u00edas\" \/>\n<meta name=\"robots\" content=\"index, follow, max-snippet:-1, max-image-preview:large, max-video-preview:-1\" \/>\n<link rel=\"canonical\" href=\"https:\/\/www.uhu.es\/etsi\/informacion-academica\/informacion-comun-todos-los-titulos\/guias-docentes\/\" \/>\n<meta property=\"og:locale\" content=\"es_ES\" \/>\n<meta property=\"og:type\" content=\"article\" \/>\n<meta property=\"og:title\" content=\"Gu\u00edas Docentes - ETSI, UHU\" \/>\n<meta property=\"og:description\" content=\"Gu\u00edas\" \/>\n<meta property=\"og:url\" content=\"https:\/\/www.uhu.es\/etsi\/informacion-academica\/informacion-comun-todos-los-titulos\/guias-docentes\/\" \/>\n<meta property=\"og:site_name\" content=\"ETSI, UHU\" \/>\n<meta property=\"article:modified_time\" content=\"2026-03-25T11:15:48+00:00\" \/>\n<meta name=\"twitter:label1\" content=\"Est. reading time\" \/>\n\t<meta name=\"twitter:data1\" content=\"1 minute\" \/>\n<script type=\"application\/ld+json\" class=\"yoast-schema-graph\">{\"@context\":\"https:\/\/schema.org\",\"@graph\":[{\"@type\":\"WebPage\",\"@id\":\"https:\/\/www.uhu.es\/etsi\/informacion-academica\/informacion-comun-todos-los-titulos\/guias-docentes\/\",\"url\":\"https:\/\/www.uhu.es\/etsi\/informacion-academica\/informacion-comun-todos-los-titulos\/guias-docentes\/\",\"name\":\"Gu\u00edas Docentes - ETSI, UHU\",\"isPartOf\":{\"@id\":\"https:\/\/www.uhu.es\/etsi\/#website\"},\"datePublished\":\"2014-11-12T09:41:44+00:00\",\"dateModified\":\"2026-03-25T11:15:48+00:00\",\"description\":\"Gu\u00edas\",\"breadcrumb\":{\"@id\":\"https:\/\/www.uhu.es\/etsi\/informacion-academica\/informacion-comun-todos-los-titulos\/guias-docentes\/#breadcrumb\"},\"inLanguage\":\"es-ES\",\"potentialAction\":[{\"@type\":\"ReadAction\",\"target\":[\"https:\/\/www.uhu.es\/etsi\/informacion-academica\/informacion-comun-todos-los-titulos\/guias-docentes\/\"]}]},{\"@type\":\"BreadcrumbList\",\"@id\":\"https:\/\/www.uhu.es\/etsi\/informacion-academica\/informacion-comun-todos-los-titulos\/guias-docentes\/#breadcrumb\",\"itemListElement\":[{\"@type\":\"ListItem\",\"position\":1,\"name\":\"Portada\",\"item\":\"https:\/\/www.uhu.es\/etsi\/\"},{\"@type\":\"ListItem\",\"position\":2,\"name\":\"Informaci\u00f3n Acad\u00e9mica\",\"item\":\"https:\/\/www.uhu.es\/etsi\/informacion-academica\/\"},{\"@type\":\"ListItem\",\"position\":3,\"name\":\"Informaci\u00f3n Com\u00fan a todos los T\u00edtulos\",\"item\":\"https:\/\/www.uhu.es\/etsi\/informacion-academica\/informacion-comun-todos-los-titulos\/\"},{\"@type\":\"ListItem\",\"position\":4,\"name\":\"Gu\u00edas Docentes\"}]},{\"@type\":\"WebSite\",\"@id\":\"https:\/\/www.uhu.es\/etsi\/#website\",\"url\":\"https:\/\/www.uhu.es\/etsi\/\",\"name\":\"ETSI, UHU\",\"description\":\"Escuela T\u00e9cnica Superior de  Ingenier\u00eda de la Universidad de Huelva\",\"publisher\":{\"@id\":\"https:\/\/www.uhu.es\/etsi\/#organization\"},\"potentialAction\":[{\"@type\":\"SearchAction\",\"target\":{\"@type\":\"EntryPoint\",\"urlTemplate\":\"https:\/\/www.uhu.es\/etsi\/?s={search_term_string}\"},\"query-input\":\"required name=search_term_string\"}],\"inLanguage\":\"es-ES\"},{\"@type\":\"Organization\",\"@id\":\"https:\/\/www.uhu.es\/etsi\/#organization\",\"name\":\"UHU ETSI\",\"url\":\"https:\/\/www.uhu.es\/etsi\/\",\"logo\":{\"@type\":\"ImageObject\",\"inLanguage\":\"es-ES\",\"@id\":\"https:\/\/www.uhu.es\/etsi\/#\/schema\/logo\/image\/\",\"url\":\"http:\/\/www.uhu.es\/etsi\/wp-content\/uploads\/2016\/02\/membrete_ETSI.jpg\",\"contentUrl\":\"http:\/\/www.uhu.es\/etsi\/wp-content\/uploads\/2016\/02\/membrete_ETSI.jpg\",\"width\":423,\"height\":81,\"caption\":\"UHU ETSI\"},\"image\":{\"@id\":\"https:\/\/www.uhu.es\/etsi\/#\/schema\/logo\/image\/\"}}]}<\/script>\n<!-- \/ Yoast SEO plugin. -->","yoast_head_json":{"title":"Gu\u00edas Docentes - ETSI, UHU","description":"Gu\u00edas","robots":{"index":"index","follow":"follow","max-snippet":"max-snippet:-1","max-image-preview":"max-image-preview:large","max-video-preview":"max-video-preview:-1"},"canonical":"https:\/\/www.uhu.es\/etsi\/informacion-academica\/informacion-comun-todos-los-titulos\/guias-docentes\/","og_locale":"es_ES","og_type":"article","og_title":"Gu\u00edas Docentes - ETSI, UHU","og_description":"Gu\u00edas","og_url":"https:\/\/www.uhu.es\/etsi\/informacion-academica\/informacion-comun-todos-los-titulos\/guias-docentes\/","og_site_name":"ETSI, UHU","article_modified_time":"2026-03-25T11:15:48+00:00","twitter_misc":{"Est. reading time":"1 minute"},"schema":{"@context":"https:\/\/schema.org","@graph":[{"@type":"WebPage","@id":"https:\/\/www.uhu.es\/etsi\/informacion-academica\/informacion-comun-todos-los-titulos\/guias-docentes\/","url":"https:\/\/www.uhu.es\/etsi\/informacion-academica\/informacion-comun-todos-los-titulos\/guias-docentes\/","name":"Gu\u00edas Docentes - ETSI, UHU","isPartOf":{"@id":"https:\/\/www.uhu.es\/etsi\/#website"},"datePublished":"2014-11-12T09:41:44+00:00","dateModified":"2026-03-25T11:15:48+00:00","description":"Gu\u00edas","breadcrumb":{"@id":"https:\/\/www.uhu.es\/etsi\/informacion-academica\/informacion-comun-todos-los-titulos\/guias-docentes\/#breadcrumb"},"inLanguage":"es-ES","potentialAction":[{"@type":"ReadAction","target":["https:\/\/www.uhu.es\/etsi\/informacion-academica\/informacion-comun-todos-los-titulos\/guias-docentes\/"]}]},{"@type":"BreadcrumbList","@id":"https:\/\/www.uhu.es\/etsi\/informacion-academica\/informacion-comun-todos-los-titulos\/guias-docentes\/#breadcrumb","itemListElement":[{"@type":"ListItem","position":1,"name":"Portada","item":"https:\/\/www.uhu.es\/etsi\/"},{"@type":"ListItem","position":2,"name":"Informaci\u00f3n Acad\u00e9mica","item":"https:\/\/www.uhu.es\/etsi\/informacion-academica\/"},{"@type":"ListItem","position":3,"name":"Informaci\u00f3n Com\u00fan a todos los T\u00edtulos","item":"https:\/\/www.uhu.es\/etsi\/informacion-academica\/informacion-comun-todos-los-titulos\/"},{"@type":"ListItem","position":4,"name":"Gu\u00edas Docentes"}]},{"@type":"WebSite","@id":"https:\/\/www.uhu.es\/etsi\/#website","url":"https:\/\/www.uhu.es\/etsi\/","name":"ETSI, UHU","description":"Escuela T\u00e9cnica Superior de  Ingenier\u00eda de la Universidad de Huelva","publisher":{"@id":"https:\/\/www.uhu.es\/etsi\/#organization"},"potentialAction":[{"@type":"SearchAction","target":{"@type":"EntryPoint","urlTemplate":"https:\/\/www.uhu.es\/etsi\/?s={search_term_string}"},"query-input":"required name=search_term_string"}],"inLanguage":"es-ES"},{"@type":"Organization","@id":"https:\/\/www.uhu.es\/etsi\/#organization","name":"UHU ETSI","url":"https:\/\/www.uhu.es\/etsi\/","logo":{"@type":"ImageObject","inLanguage":"es-ES","@id":"https:\/\/www.uhu.es\/etsi\/#\/schema\/logo\/image\/","url":"http:\/\/www.uhu.es\/etsi\/wp-content\/uploads\/2016\/02\/membrete_ETSI.jpg","contentUrl":"http:\/\/www.uhu.es\/etsi\/wp-content\/uploads\/2016\/02\/membrete_ETSI.jpg","width":423,"height":81,"caption":"UHU ETSI"},"image":{"@id":"https:\/\/www.uhu.es\/etsi\/#\/schema\/logo\/image\/"}}]}},"_links":{"self":[{"href":"https:\/\/www.uhu.es\/etsi\/wp-json\/wp\/v2\/pages\/6958"}],"collection":[{"href":"https:\/\/www.uhu.es\/etsi\/wp-json\/wp\/v2\/pages"}],"about":[{"href":"https:\/\/www.uhu.es\/etsi\/wp-json\/wp\/v2\/types\/page"}],"author":[{"embeddable":true,"href":"https:\/\/www.uhu.es\/etsi\/wp-json\/wp\/v2\/users\/7"}],"replies":[{"embeddable":true,"href":"https:\/\/www.uhu.es\/etsi\/wp-json\/wp\/v2\/comments?post=6958"}],"version-history":[{"count":65,"href":"https:\/\/www.uhu.es\/etsi\/wp-json\/wp\/v2\/pages\/6958\/revisions"}],"predecessor-version":[{"id":26001,"href":"https:\/\/www.uhu.es\/etsi\/wp-json\/wp\/v2\/pages\/6958\/revisions\/26001"}],"up":[{"embeddable":true,"href":"https:\/\/www.uhu.es\/etsi\/wp-json\/wp\/v2\/pages\/6951"}],"wp:attachment":[{"href":"https:\/\/www.uhu.es\/etsi\/wp-json\/wp\/v2\/media?parent=6958"}],"curies":[{"name":"wp","href":"https:\/\/api.w.org\/{rel}","templated":true}]}}