{"id":6965,"date":"2014-11-12T09:43:59","date_gmt":"2014-11-12T09:43:59","guid":{"rendered":"http:\/\/www.uhu.es\/etsi\/?page_id=6965"},"modified":"2023-11-07T16:30:38","modified_gmt":"2023-11-07T15:30:38","slug":"normativa","status":"publish","type":"page","link":"https:\/\/www.uhu.es\/etsi\/estudiantes-2\/normativa\/","title":{"rendered":"Normativa"},"content":{"rendered":"\n<div id=\"x-content-band-1\" class=\"x-content-band vc\" style=\"background-color: transparent; padding-top: 0px; padding-bottom: 0px;\">\n<div  class=\"x-column vc whole\" style=\"\" ><div id=\"my-accordion\" class=\"x-accordion\" ><div  class=\"x-accordion-group\" ><div class=\"x-accordion-heading\"><a class=\"x-accordion-toggle collapsed\" data-toggle=\"collapse\" data-parent=\"#my-accordion\" href=\"#collapse-1\">Normativa General de la Escuela T\u00e9cnica Superior de Ingenier\u00eda<\/a><\/div> <!-- end .x-accordion-heading --><div id=\"collapse-1\" class=\"accordion-body collapse\"><div class=\"x-accordion-inner\">\n<ul style=\"list-style-type: square;\">\n<li><a href=\"https:\/\/www.uhu.es\/etsi\/normativas\/Reglamento_ETSI_Mayo_2016.pdf\" target=\"_blank\" rel=\"noopener\">Reglamento de R\u00e9gimen Interno. <\/a><\/li>\n<li><a href=\"https:\/\/www.uhu.es\/etsi\/normativas\/Reglamento_Coordinacion_ETSI.pdf\" target=\"_blank\" rel=\"noopener\">Reglamento de coordinaci\u00f3n docente para los T\u00edtulos Oficiales de Grado adscritos a la Escuela T\u00e9cnica Superior de Ingenier\u00eda de la Universidad de Huelva.<\/a><\/li>\n<li><a href=\"https:\/\/www.uhu.es\/etsi\/normativas\/perap_guiasdocentes_etsi.pdf\" target=\"_blank\" rel=\"noopener\">Procedimiento de elaboraci\u00f3n, revisi\u00f3n, aprobaci\u00f3n y publicaci\u00f3n de las gu\u00edas docentes de las asignaturas que componen el Plan de Estudios de las titulaciones adscritas a la Escuela T\u00e9cnica Superior de Ingenier\u00eda.<\/a><\/li>\n<li><a href=\"https:\/\/www.uhu.es\/etsi\/normativas\/ProcedimientoHomologacion.pdf\" target=\"_blank\" rel=\"noopener\">Reglamento de superaci\u00f3n de requisitos formativos complementarios para la homologaci\u00f3n de un T\u00edtulo extranjero de educaci\u00f3n superior en la Universidad de Huelva. <\/a><\/li>\n<li><a href=\"https:\/\/www.uhu.es\/etsi\/normativas\/PropuestaProcedimientoViajesPracticas.pdf\" target=\"_blank\" rel=\"noopener\">Procedimiento de viajes de Pr\u00e1cticas. <\/a><\/li>\n<li><a href=\"https:\/\/www.uhu.es\/etsi\/normativas\/REGLAMENTO_DE_DISCIPLINA_ACADEMICA_D_1954.pdf\" target=\"_blank\" rel=\"noopener\">Reglamento de Disciplina Acad\u00e9mica.  <\/a><\/li>\n<li><a href=\"https:\/\/www.uhu.es\/etsi\/normativas\/Normativa_PARs_UHU_CG.pdf\" target=\"_blank\" rel=\"noopener\">Reglamento por el que se regulan los programas acad\u00e9micos con recorridos sucesivos en el \u00e1mbito de la ingenier\u00eda y la arquitectura y el procedimiento de admisi\u00f3n a los correspondientes m\u00e1steres vinculados (PARS)  <\/a><\/li>\n<li><a href=\"https:\/\/www.uhu.es\/etsi\/normativas\/normativa_cambio_horario_1.pdf\" target=\"_blank\" rel=\"noopener\">Normativa cambio de horarios  <\/a><\/li>\n<\/ul>\n<\/div> <!-- end .x-accordion-inner --><\/div> <!-- end .x-accordion-body --><\/div> <!-- end .x-accordion-group --><div  class=\"x-accordion-group\" ><div class=\"x-accordion-heading\"><a class=\"x-accordion-toggle collapsed\" data-toggle=\"collapse\" data-parent=\"#my-accordion\" href=\"#collapse-2\">Normativa Espec\u00edfica para Estudios de M\u00e1ster<\/a><\/div> <!-- end .x-accordion-heading --><div id=\"collapse-2\" class=\"accordion-body collapse\"><div class=\"x-accordion-inner\">\n<ul style=\"list-style-type: square;\">\n<li><a href=\"https:\/\/www.uhu.es\/secretaria-general\/normativa\" target=\"_blank\" rel=\"noopener\">Normativa Propia de la Universidad de Huelva<\/a><\/li>\n<li><a href=\"https:\/\/www.uhu.es\/secretaria-general\/normativa\" target=\"_blank\" rel=\"noopener\">Normativa de \u00c1mbito estatal o Auton\u00f3mico<\/a><\/li>\n<li><a href=\"https:\/\/www.uhu.es\/etsi\/informacion-academica\/informacion-comun-todos-los-titulos\/normativa-2\/\" target=\"_blank\" rel=\"noopener\">Reglamento espec\u00edfico sobre Trabajo Fin de Grado\/M\u00e1ster de la Escuela T\u00e9cnica Superior de Ingenier\u00eda de la Universidad de Huelva<\/a><\/li>\n<\/ul>\n<\/div> <!-- end .x-accordion-inner --><\/div> <!-- end .x-accordion-body --><\/div> <!-- end .x-accordion-group --><div  class=\"x-accordion-group\" ><div class=\"x-accordion-heading\"><a class=\"x-accordion-toggle collapsed\" data-toggle=\"collapse\" data-parent=\"#my-accordion\" href=\"#collapse-3\">Normativa Espec\u00edfica para Estudios de Grado<\/a><\/div> <!-- end .x-accordion-heading --><div id=\"collapse-3\" class=\"accordion-body collapse\"><div class=\"x-accordion-inner\">\n<ul  class=\"x-nav x-nav-tabs two-up left\" >\n<li  class=\"x-nav-tabs-item active\" ><a href=\"#tab-1\" data-toggle=\"tab\">Matr\u00edcula<\/a><\/li>\n<li  class=\"x-nav-tabs-item\" ><a href=\"#tab-2\" data-toggle=\"tab\">Reconocimiento<\/a><\/li>\n<li  class=\"x-nav-tabs-item\" ><a href=\"#tab-3\" data-toggle=\"tab\">B-1<\/a><\/li>\n<li  class=\"x-nav-tabs-item\" ><a href=\"#tab-4\" data-toggle=\"tab\">Evaluaci\u00f3n<\/a><\/li>\n<li  class=\"x-nav-tabs-item\" ><a href=\"#tab-5\" data-toggle=\"tab\">Pr\u00e1cticas<\/a><\/li>\n<li  class=\"x-nav-tabs-item\" ><a href=\"#tab-6\" data-toggle=\"tab\">Trabajo de fin de Grado<\/a><\/li>\n<\/ul>\n<div  class=\"x-tab-content\" >\n<div id=\"tab-1\" class=\"x-tab-pane fade in fade in active\" >\n<ul style=\"list-style-type: square;\">\n \t<!--\n\n<li><a href=\"http:\/\/transparencia.uhu.es\/transparenciaUHU\/catalogo\/normativa-interna-en-materia-de-estudiantes\" target=\"_blank\" rel=\"noopener\">Normas de matr\u00edcula e ingreso.<\/a><\/li>\n\n\n \t\n\n<li><a href=\"http:\/\/transparencia.uhu.es\/transparenciaUHU\/catalogo\/normativa-interna-en-materia-de-estudiantes\" target=\"_blank\" rel=\"noopener\">Reglamento de permanencia y tipos de matr\u00edcula de las ense\u00f1anzas oficiales de grado<\/a>.<\/li>\n\n --><\/p>\n<li><a href=\"https:\/\/www.uhu.es\/etsi\/normativas\/ProcedimientoAniosGracia.pdf\" target=\"_blank\" rel=\"noopener\">Procedimiento de Solicitud de A\u00f1o de Gracia.<\/a><\/li>\n<p><!--     \n\n\n<li><span class=\"nivel1\"><a href=\"https:\/\/www.uhu.es\/etsi\/normativas\/Cambiogrupos\/Proced_asiganci%C3%B3n_grupos_20-21.pdf\" target=\"_blank\" rel=\"noopener\">Procedimiento de Asignaci\u00f3n de Grupos de Matr\u00edcula 2020-20.<\/a><\/span>\n\n\n\n<li><span class=\"nivel1\"><a href=\"https:\/\/www.uhu.es\/etsi\/normativas\/Cambiogrupos\/02_Impreso_Solicitud_cambio_grupo_modelo_CG02_2020-21.pdf\" target=\"_blank\" rel=\"noopener\">Procedimiento de Asignaci\u00f3n de Grupos de Matr\u00edcula 2019-20.<\/a><\/span>\n\n\n<ul>\n    \n\n<li><a href=\"https:\/\/www.uhu.es\/etsi\/normativas\/Cambiogrupos\/01_Impreso_Solicitud_cambio_grupo_modelo_CG01_Permuta_2020-21.pdf\" target=\"_blank\" rel=\"noopener\">Solicitud de Cambio de Grupo por Permuta 2020-2021 (CG01)<\/a><\/li>\n\n\n \t\n\n<li><a href=\"https:\/\/www.uhu.es\/etsi\/normativas\/Cambiogrupos\/02_Impreso_Solicitud_cambio_grupo_modelo_CG02_2020-21.pdf\" target=\"_blank\" rel=\"noopener\">Solicitud de Cambio de Grupo 2020-2021 (CG02).<\/a><\/li>\n\n \t\n--><\/p>\n<p> \t<!--\n\n<li><a href=\"https:\/\/www.uhu.es\/etsi\/normativas\/Cambiogrupos\/01_Impreso%20Solicitud%20cambio%20grupo%20modelo%20CG01_Permuta_2019-20.pdf\" target=\"_blank\" rel=\"noopener\">Solicitud de Cambio de Grupo por Permuta 2019-2020 (CG01)<\/a><\/li>\n\n\n \t\n\n<li><a href=\"https:\/\/www.uhu.es\/etsi\/normativas\/Cambiogrupos\/02_Impreso%20Solicitud%20cambio%20grupo%20modelo%20CG02_2019-20.pdf\" target=\"_blank\" rel=\"noopener\">Solicitud de Cambio de Grupo 2019-2020 (CG02).<\/a><\/li>\n\n\n \t\n\n<li><a href=\"https:\/\/www.uhu.es\/etsi\/normativas\/Cambiogrupos\/01_Impreso_Solicitud_cambioCG01_1819.pdf\" target=\"_blank\" rel=\"noopener\">Impreso de Solicitud de Cambio de Grupo por Permuta 2018-19(CG01).<\/a><\/li>\n\n\n \t\n\n<li><span class=\"nivel1\"><a href=\"https:\/\/www.uhu.es\/etsi\/normativas\/Cambiogrupos\/02_Impreso_Solicitud_cambioCG02_1819.pdf\" target=\"_blank\" rel=\"noopener\">Impreso de solicitud de Cambio de Grupo 2018-19 (CG02).<\/a><\/span><\/li>\n\n-->\n<\/ul>\n<\/li>\n<\/ul>\n<\/div>\n<div id=\"tab-2\" class=\"x-tab-pane fade in\" >\n<ul style=\"list-style-type: square;\">\n<li><a href=\"https:\/\/www.uhu.es\/secretaria-general\/sites\/secretaria-general\/files\/2023-07\/Reglamento_Reconocimiento_UHU.pdf\" target=\"_blank\" rel=\"noopener\">Reglamento de reconocimiento y transferencia de cr\u00e9ditos de la Universidad de Huelva en estudios oficiales de Grado.<\/a><\/li>\n<li><a href=\"http:\/\/uhu.es\/etsi\/normativas\/criterios_RecExpPro_web.pdf\" target=\"_blank\" rel=\"noopener\">Informe sobre criterios para la valoraci\u00f3n de la experiencia profesional a efectos de reconociemiento de cr\u00e9ditos.<\/a><\/li>\n<\/ul>\n<\/div>\n<div id=\"tab-3\" class=\"x-tab-pane fade in\" >\n<ul style=\"list-style-type: square;\">\n<li><a href=\"http:\/\/uhu.es\/secretaria-general\/sites\/secretaria-general\/files\/2021-02\/acreditacion_modif_B1.pdf\" target=\"_blank\" rel=\"noopener\">Normativa sobre la acreditaci\u00f3n de una lengua extrajera para la obtenci\u00f3n de los t\u00edtulos de grado o m\u00e1ster y para el acceso al M\u00e1ster de Formaci\u00f3n de Profesorado de Ense\u00f1anza Secundaria en al Universidad de Huelva.<\/a><\/li>\n<\/ul>\n<\/div>\n<div id=\"tab-4\" class=\"x-tab-pane fade in\" >\n<ul style=\"list-style-type: square;\">\n<!-- \t\n\n<li><a href=\"http:\/\/transparencia.uhu.es\/transparenciaUHU\/catalogo\/normativa-interna-en-materia-de-estudiantes\" target=\"_blank\" rel=\"noopener\">Normativa de evaluaci\u00f3n para las titulaciones de grado de la Universidad de Huelva.<\/a><\/li>\n\n--><\/p>\n<li><a href=\"https:\/\/www.uhu.es\/etsi\/normativas\/Rgto_evaluacion_grado_mofs_ccgg_19_03_13.pdf\" target=\"_blank\" rel=\"noopener\">Normativa de evaluaci\u00f3n para las titulaciones de grado de la Universidad de Huelva.<\/a><\/li>\n<li><a href=\"https:\/\/www.uhu.es\/etsi\/normativas\/Procedimiento%20recepci%C3%B3n%20ex%C3%A1menes%20de%20incidencias%20en%20la%20E.T.S.I.pdf\">Procedimiento regulador de ex\u00e1menes de incidencias en la ETSI.<\/a><\/span><\/li>\n<p> \t<!--\n\n<li><span class=\"nivel1\"><a href=\"https:\/\/www.uhu.es\/etsi\/normativas\/ProcedimientoTribunalesCualificados.pdf\" target=\"_blank\" rel=\"noopener\">Procedimiento de Solicitud de Tribunales Cualificados. <\/a><\/span><\/li>\n\n\n \t\n\n<li><span class=\"nivel1\"><a href=\"http:\/\/www.uhu.es\/sec.general\/Normativa\/Textos_Pagina_Normativa\/Normativa_2019\/Rgto_evaluacion_grado_mofs_ccgg_19_03_13.pdf\" target=\"_blank\" rel=\"noopener\">Normativa del Tribunal de Compensaci\u00f3n de la ETSI.<\/a><\/span>\n\n<li><span class=\"nivel1\"><a href=\"https:\/\/www.uhu.es\/etsi\/normativas\/tribunales_compensacion.pdf\" target=\"_blank\"rel=\"noopener\">Normativa del Tribunal de Compensaci\u00f3n de la ETSI.<\/a><\/span>--> <\/p>\n<li class=\"panel-title\"><a data-toggle=\"accordion\" href=\"#collap\">Tribunal de compensaci\u00f3n<\/a><\/li>\n<ul style=\"list-style-type: disc;\">\n<div class=\"panel-group\" id=\"accordion\">\n<div class=\"panel panel-default\">\n<div class=\"panel-heading\">\n<li class=\"panel-title\"><a data-toggle=\"collapse\" data-parent=\"#accordion\" href=\"#collapse1\">\t A partir del curso 2019-2020.<\/a><\/li><\/div>\n<div id=\"collapse1\" class=\"panel-collapse collapse in\">\n<div class=\"panel-body\">\n<ul style=\"list-style-type: disc;\">\n<li><a href=\"https:\/\/www.uhu.es\/etsi\/normativas\/RequisitosAdmisi%C3%B3nTr%C3%A1miteCompensaci%C3%B3n_desde2019-20.pdf\" target=\"_blank\" rel=\"noopener\">\tFase 1: Admisi\u00f3n a tr\u00e1mite de la solicitud de compensaci\u00f3n curricular.<\/a><\/li>\n<li><a class=\"celdatxtnormal\" href=\"https:\/\/www.uhu.es\/etsi\/normativas\/Criterios_TC_2019.pdf\" target=\"_blank\" rel=\"noopener\">\tFase 2: Criterios de actuaci\u00f3n del Tribunal de Compensaci\u00f3n de la ETSI (17\/07\/2019).<\/a><\/li>\n<\/ul><\/div><\/div><\/div>\n<div class=\"panel panel-default\">\n<div class=\"panel-heading\">\n<li class=\"panel-title\"><a data-toggle=\"collapse\" data-parent=\"#accordion\" href=\"#collapse2\">\t Hasta el curso 2018-2019.<\/a><\/li><\/div>\n<div id=\"collapse2\" class=\"panel-collapse collapse\">\n<div class=\"panel-body\">\n<ul style=\"list-style-type: disc;\">\n<li><a href=\"https:\/\/www.uhu.es\/etsi\/normativas\/Criterios_20131021.pdf\" target=\"_blank\" rel=\"noopener\">\tFase 1: Admisi\u00f3n a tr\u00e1mite de la solicitud de compensaci\u00f3n curricular (21-10-2013).<\/a><\/li>\n<li><a class=\"celdatxtnormal\" href=\"https:\/\/www.uhu.es\/etsi\/normativas\/Criterios_actuacion_20131021.pdf\" target=\"_blank\" rel=\"noopener\">\tFase 2: Criterios de actuaci\u00f3n del Tribunal de Compensaci\u00f3n de la ETSI (21-10-2013).<\/a><\/li>\n<\/ul><\/div><\/div><\/div><\/div>\n<\/ul>\n<\/li>\n<\/ul>\n<\/div>\n<div id=\"tab-5\" class=\"x-tab-pane fade in\" >\n<ul style=\"list-style-type: square;\">\n<li><a href=\"http:\/\/uhu.es\/secretaria-general\/sites\/secretaria-general\/files\/2021-02\/reglamento_de_pr%C3%A1cticas_acad%C3%A9micas_externas_de_la_universidad_de_huelva.pdf\" target=\"_blank\" rel=\"noopener\">Normativa de Pr\u00e1cticas Externas de la Universidad de Huelva<\/a>.<\/li>\n<li><a href=\"https:\/\/www.uhu.es\/etsi\/normativas\/Programa_de_Practicas.pdf\">Programa de Pr\u00e1cticas Externas en Empresas<\/a><\/li>\n<\/ul>\n<\/div>\n<div id=\"tab-6\" class=\"x-tab-pane fade in\" >\n<ul style=\"list-style-type: square;\">\n<li><a href=\"https:\/\/www.uhu.es\/gestion-academica\/normativa-0\" target=\"_blank\" rel=\"noopener\">Normativa sobre Trabajos Fin de Grado de la Universidad de Huelva.<\/a><\/li>\n<li><span class=\"nivel1\"><a href=\"https:\/\/www.uhu.es\/etsi\/informacion-academica\/informacion-comun-todos-los-titulos\/normativa-2\/\">Reglamento espec\u00edfico sobre trabajo fin de grado de la Escuela T\u00e9cnica Superior de Ingenier\u00eda de la Universidad de Huelva. <\/a><\/span><\/li>\n<\/ul>\n<\/div>\n<\/div>\n<\/div> <!-- end .x-accordion-inner --><\/div> <!-- end .x-accordion-body --><\/div> <!-- end .x-accordion-group --><!--&#091;accordion_item parent_id=\"my-accordion\" title=\"Normativa Espec\u00edfica para Estudios de Primer y Segundo Ciclo (planes antiguos)\"&#093;\n\n&#091;tab_nav type=\"two-up\" float=\"left\"&#093;&#091;tab_nav_item title=\"Matr\u00edcula\" active=\"true\"&#093;&#091;tab_nav_item title=\"Convalidaci\u00f3n\" active=\"\"&#093;&#091;tab_nav_item title=\"Evaluaci\u00f3n\" active=\"\"&#093;&#091;tab_nav_item title=\"PFC\" active=\"\"&#093;&#091;\/tab_nav&#093;\n\n&#091;tabs&#093;\n\n&#091;tab active=\"true\"&#093;\n\n\n<ul style=\"list-style-type: square;\">\n \t\n\n<li><a href=\"http:\/\/uhu.es\/secretaria-general\/sites\/secretaria-general\/files\/2022-09\/TR_Reglamento_Procesos_Academicos.pdf\" target=\"_blank\" rel=\"noopener\">Normas de matr\u00edcula e ingreso<\/a><\/li>\n\n\n<\/ul>\n\n\n&#091;\/tab&#093;\n\n&#091;tab&#093;\n\n\n<ul style=\"list-style-type: square;\">\n \t\n\n<li><span class=\"nivel1\"><a href=\"https:\/\/www.uhu.es\/etsi\/normativas\/Reglamento_reconocimiento_estudios_universitarios.pdf\" target=\"_blank\" rel=\"noopener\">Reglamento para el reconocimiento de estudios universitarios de car\u00e1cter oficial, de primer y\/o segundo ciclo, por convalidaci\u00f3n, adaptaci\u00f3n o reconocimiento de cr\u00e9ditos.<\/a><\/span>\n\n\n<ul>\n \t\n\n<li><a href=\"https:\/\/www.uhu.es\/etsi\/normativas\/criterios_com_conv_eps.pdf\" target=\"_blank\" rel=\"noopener\">Criterios Comisi\u00f3n Convalidaciones ETSI.<\/a><\/li>\n\n\n \t\n\n<li><a href=\"https:\/\/www.uhu.es\/etsi\/normativas\/acuerdos_lc_eps.pdf\" target=\"_blank\" rel=\"noopener\">Acuerdos Libre Configuraci\u00f3n ETSI. <\/a><\/li>\n\n\n<\/ul>\n\n\n<\/li>\n\n\n<\/ul>\n\n\n&#091;\/tab&#093;\n\n&#091;tab&#093;\n\n\n<ul style=\"list-style-type: square;\">\n \t\n\n<li><span class=\"nivel1\"><a href=\"https:\/\/www.uhu.es\/etsi\/normativas\/NormativaEvaluacion.pdf\" target=\"_blank\" rel=\"noopener\">Normativa de Evaluaci\u00f3n.<\/a><\/span><\/li>\n\n\n \t\n\n<li><a href=\"https:\/\/www.uhu.es\/etsi\/normativas\/prei_eps.pdf\" target=\"_blank\" rel=\"noopener\"> Procedimiento regulador de ex\u00e1menes de incidencias en la ETSI<\/a> <a href=\"https:\/\/www.uhu.es\/etsi\/normativas\/solicitud_prei_eps.pdf\" target=\"_blank\" rel=\"noopener\">(Solicitud).<\/a><\/li>\n\n\n \t\n\n<li><span class=\"nivel1\"><a href=\"https:\/\/www.uhu.es\/etsi\/normativas\/ProcedimientoTribunalesCualificados.pdf\" target=\"_blank\" rel=\"noopener\">Procedimiento de Solicitud de Tribunales Cualificados. <\/a><\/span><\/li>\n\n\n \t\n\n<li><span class=\"nivel1\"><a href=\"https:\/\/www.uhu.es\/etsi\/normativas\/tribunales_compensacion.pdf\" target=\"_blank\" rel=\"noopener\">Normativa de Tribunales de Compensaci\u00f3n.<\/a><\/span>\n\n\n<ul style=\"list-style-type: disc;\">\n \t\n\n<li><a href=\"https:\/\/www.uhu.es\/etsi\/normativas\/Criterios_20131021.pdf\" target=\"_blank\" rel=\"noopener\">Fase I: Admisi\u00f3n a tr\u00e1mite de la solicitud<\/a><\/li>\n\n\n \t\n\n<li><a class=\"celdatxtnormal\" href=\"https:\/\/www.uhu.es\/etsi\/normativas\/Criterios_actuacion_20131021.pdf\" target=\"_blank\" rel=\"noopener\">Fase II: Actuaci\u00f3n del Tribunal<\/a><\/li>\n\n \t\n<\/ul>\n\n\n<\/li>\n\n\n<\/ul>\n\n\n&#091;\/tab&#093;\n\n&#091;tab&#093;\n\n\n<ul style=\"list-style-type: square;\">\n \t\n\n<li><span class=\"nivel1\"><a href=\"https:\/\/www.uhu.es\/etsi\/normativas\/NormativaPFCdef.pdf\" target=\"_blank\" rel=\"noopener\">Normativa de Proyecto Fin de Carrera.<\/a><\/span><\/li>\n\n\n<\/ul>\n\n\n&#091;\/tab&#093;\n\n&#091;\/tabs&#093;\n\n&#091;\/accordion_item&#093;--><\/div><\/div><\/div>\n","protected":false},"excerpt":{"rendered":"Normativa General de la Escuela T\u00e9cnica Superior de Ingenier\u00eda Reglamento de R\u00e9gimen Interno. Reglamento de coordinaci\u00f3n docente para los T\u00edtulos ... <div><a href=\"https:\/\/www.uhu.es\/etsi\/estudiantes-2\/normativa\/\" class=\"more-link\">Read More<\/a><\/div>","protected":false},"author":7,"featured_media":0,"parent":7815,"menu_order":0,"comment_status":"closed","ping_status":"closed","template":"template-layout-full-width.php","meta":[],"yoast_head":"<!-- This site is optimized with the Yoast SEO plugin v20.2.1 - https:\/\/yoast.com\/wordpress\/plugins\/seo\/ -->\n<title>Normativa - ETSI, UHU<\/title>\n<meta name=\"description\" content=\"Normativa\" \/>\n<meta name=\"robots\" content=\"index, follow, max-snippet:-1, max-image-preview:large, max-video-preview:-1\" \/>\n<link rel=\"canonical\" href=\"https:\/\/www.uhu.es\/etsi\/estudiantes-2\/normativa\/\" \/>\n<meta property=\"og:locale\" content=\"es_ES\" \/>\n<meta property=\"og:type\" content=\"article\" \/>\n<meta property=\"og:title\" content=\"Normativa - ETSI, UHU\" \/>\n<meta property=\"og:description\" content=\"Normativa\" \/>\n<meta property=\"og:url\" content=\"https:\/\/www.uhu.es\/etsi\/estudiantes-2\/normativa\/\" \/>\n<meta property=\"og:site_name\" content=\"ETSI, UHU\" \/>\n<meta property=\"article:modified_time\" content=\"2023-11-07T15:30:38+00:00\" \/>\n<meta name=\"twitter:label1\" content=\"Est. reading time\" \/>\n\t<meta name=\"twitter:data1\" content=\"4 minutes\" \/>\n<script type=\"application\/ld+json\" class=\"yoast-schema-graph\">{\"@context\":\"https:\/\/schema.org\",\"@graph\":[{\"@type\":\"WebPage\",\"@id\":\"https:\/\/www.uhu.es\/etsi\/estudiantes-2\/normativa\/\",\"url\":\"https:\/\/www.uhu.es\/etsi\/estudiantes-2\/normativa\/\",\"name\":\"Normativa - ETSI, UHU\",\"isPartOf\":{\"@id\":\"https:\/\/www.uhu.es\/etsi\/#website\"},\"datePublished\":\"2014-11-12T09:43:59+00:00\",\"dateModified\":\"2023-11-07T15:30:38+00:00\",\"description\":\"Normativa\",\"breadcrumb\":{\"@id\":\"https:\/\/www.uhu.es\/etsi\/estudiantes-2\/normativa\/#breadcrumb\"},\"inLanguage\":\"es-ES\",\"potentialAction\":[{\"@type\":\"ReadAction\",\"target\":[\"https:\/\/www.uhu.es\/etsi\/estudiantes-2\/normativa\/\"]}]},{\"@type\":\"BreadcrumbList\",\"@id\":\"https:\/\/www.uhu.es\/etsi\/estudiantes-2\/normativa\/#breadcrumb\",\"itemListElement\":[{\"@type\":\"ListItem\",\"position\":1,\"name\":\"Portada\",\"item\":\"https:\/\/www.uhu.es\/etsi\/\"},{\"@type\":\"ListItem\",\"position\":2,\"name\":\"Estudiantes\",\"item\":\"https:\/\/www.uhu.es\/etsi\/estudiantes-2\/\"},{\"@type\":\"ListItem\",\"position\":3,\"name\":\"Normativa\"}]},{\"@type\":\"WebSite\",\"@id\":\"https:\/\/www.uhu.es\/etsi\/#website\",\"url\":\"https:\/\/www.uhu.es\/etsi\/\",\"name\":\"ETSI, UHU\",\"description\":\"Escuela T\u00e9cnica Superior de  Ingenier\u00eda de la Universidad de Huelva\",\"publisher\":{\"@id\":\"https:\/\/www.uhu.es\/etsi\/#organization\"},\"potentialAction\":[{\"@type\":\"SearchAction\",\"target\":{\"@type\":\"EntryPoint\",\"urlTemplate\":\"https:\/\/www.uhu.es\/etsi\/?s={search_term_string}\"},\"query-input\":\"required name=search_term_string\"}],\"inLanguage\":\"es-ES\"},{\"@type\":\"Organization\",\"@id\":\"https:\/\/www.uhu.es\/etsi\/#organization\",\"name\":\"UHU ETSI\",\"url\":\"https:\/\/www.uhu.es\/etsi\/\",\"logo\":{\"@type\":\"ImageObject\",\"inLanguage\":\"es-ES\",\"@id\":\"https:\/\/www.uhu.es\/etsi\/#\/schema\/logo\/image\/\",\"url\":\"http:\/\/www.uhu.es\/etsi\/wp-content\/uploads\/2016\/02\/membrete_ETSI.jpg\",\"contentUrl\":\"http:\/\/www.uhu.es\/etsi\/wp-content\/uploads\/2016\/02\/membrete_ETSI.jpg\",\"width\":423,\"height\":81,\"caption\":\"UHU ETSI\"},\"image\":{\"@id\":\"https:\/\/www.uhu.es\/etsi\/#\/schema\/logo\/image\/\"}}]}<\/script>\n<!-- \/ Yoast SEO plugin. -->","yoast_head_json":{"title":"Normativa - ETSI, UHU","description":"Normativa","robots":{"index":"index","follow":"follow","max-snippet":"max-snippet:-1","max-image-preview":"max-image-preview:large","max-video-preview":"max-video-preview:-1"},"canonical":"https:\/\/www.uhu.es\/etsi\/estudiantes-2\/normativa\/","og_locale":"es_ES","og_type":"article","og_title":"Normativa - ETSI, UHU","og_description":"Normativa","og_url":"https:\/\/www.uhu.es\/etsi\/estudiantes-2\/normativa\/","og_site_name":"ETSI, UHU","article_modified_time":"2023-11-07T15:30:38+00:00","twitter_misc":{"Est. reading time":"4 minutes"},"schema":{"@context":"https:\/\/schema.org","@graph":[{"@type":"WebPage","@id":"https:\/\/www.uhu.es\/etsi\/estudiantes-2\/normativa\/","url":"https:\/\/www.uhu.es\/etsi\/estudiantes-2\/normativa\/","name":"Normativa - ETSI, UHU","isPartOf":{"@id":"https:\/\/www.uhu.es\/etsi\/#website"},"datePublished":"2014-11-12T09:43:59+00:00","dateModified":"2023-11-07T15:30:38+00:00","description":"Normativa","breadcrumb":{"@id":"https:\/\/www.uhu.es\/etsi\/estudiantes-2\/normativa\/#breadcrumb"},"inLanguage":"es-ES","potentialAction":[{"@type":"ReadAction","target":["https:\/\/www.uhu.es\/etsi\/estudiantes-2\/normativa\/"]}]},{"@type":"BreadcrumbList","@id":"https:\/\/www.uhu.es\/etsi\/estudiantes-2\/normativa\/#breadcrumb","itemListElement":[{"@type":"ListItem","position":1,"name":"Portada","item":"https:\/\/www.uhu.es\/etsi\/"},{"@type":"ListItem","position":2,"name":"Estudiantes","item":"https:\/\/www.uhu.es\/etsi\/estudiantes-2\/"},{"@type":"ListItem","position":3,"name":"Normativa"}]},{"@type":"WebSite","@id":"https:\/\/www.uhu.es\/etsi\/#website","url":"https:\/\/www.uhu.es\/etsi\/","name":"ETSI, UHU","description":"Escuela T\u00e9cnica Superior de  Ingenier\u00eda de la Universidad de Huelva","publisher":{"@id":"https:\/\/www.uhu.es\/etsi\/#organization"},"potentialAction":[{"@type":"SearchAction","target":{"@type":"EntryPoint","urlTemplate":"https:\/\/www.uhu.es\/etsi\/?s={search_term_string}"},"query-input":"required name=search_term_string"}],"inLanguage":"es-ES"},{"@type":"Organization","@id":"https:\/\/www.uhu.es\/etsi\/#organization","name":"UHU ETSI","url":"https:\/\/www.uhu.es\/etsi\/","logo":{"@type":"ImageObject","inLanguage":"es-ES","@id":"https:\/\/www.uhu.es\/etsi\/#\/schema\/logo\/image\/","url":"http:\/\/www.uhu.es\/etsi\/wp-content\/uploads\/2016\/02\/membrete_ETSI.jpg","contentUrl":"http:\/\/www.uhu.es\/etsi\/wp-content\/uploads\/2016\/02\/membrete_ETSI.jpg","width":423,"height":81,"caption":"UHU ETSI"},"image":{"@id":"https:\/\/www.uhu.es\/etsi\/#\/schema\/logo\/image\/"}}]}},"_links":{"self":[{"href":"https:\/\/www.uhu.es\/etsi\/wp-json\/wp\/v2\/pages\/6965"}],"collection":[{"href":"https:\/\/www.uhu.es\/etsi\/wp-json\/wp\/v2\/pages"}],"about":[{"href":"https:\/\/www.uhu.es\/etsi\/wp-json\/wp\/v2\/types\/page"}],"author":[{"embeddable":true,"href":"https:\/\/www.uhu.es\/etsi\/wp-json\/wp\/v2\/users\/7"}],"replies":[{"embeddable":true,"href":"https:\/\/www.uhu.es\/etsi\/wp-json\/wp\/v2\/comments?post=6965"}],"version-history":[{"count":139,"href":"https:\/\/www.uhu.es\/etsi\/wp-json\/wp\/v2\/pages\/6965\/revisions"}],"predecessor-version":[{"id":23568,"href":"https:\/\/www.uhu.es\/etsi\/wp-json\/wp\/v2\/pages\/6965\/revisions\/23568"}],"up":[{"embeddable":true,"href":"https:\/\/www.uhu.es\/etsi\/wp-json\/wp\/v2\/pages\/7815"}],"wp:attachment":[{"href":"https:\/\/www.uhu.es\/etsi\/wp-json\/wp\/v2\/media?parent=6965"}],"curies":[{"name":"wp","href":"https:\/\/api.w.org\/{rel}","templated":true}]}}