{"id":6981,"date":"2014-11-12T09:54:39","date_gmt":"2014-11-12T09:54:39","guid":{"rendered":"http:\/\/www.uhu.es\/etsi\/?page_id=6981"},"modified":"2022-11-17T12:54:25","modified_gmt":"2022-11-17T11:54:25","slug":"firma-digital","status":"publish","type":"page","link":"https:\/\/www.uhu.es\/etsi\/secretaria\/firma-digital\/","title":{"rendered":"Firma digital"},"content":{"rendered":"<p><!--[accordion id=\"my-accordion\"] [accordion_item parent_id=\"my-accordion\" title=\"  Horario de obtenci\u00f3n de su certificado en la ETSI.\" open=\"false\"]\n\n\n<p lang=\"es-ES\" style=\"text-align: left;\" align=\"CENTER\">PARA OBTENER SU CERTIFICADO DE FIRMA DIGITAL PUEDE ACUDIR A:<\/p>\n\n\n\n\n<p lang=\"es-ES\" style=\"text-align: left;\" align=\"CENTER\"><strong>SECRETAR\u00cdA DE LA ESCUELA T\u00c9CNICA SUPERIOR DE INGENIER\u00cdA.\n<\/strong><\/p>\n\n\n\n\n<p lang=\"es-ES\" style=\"text-align: left;\" align=\"CENTER\"><strong>PROCESO:<\/strong><\/p>\n\n\n\n\n<p lang=\"es-ES\" align=\"JUSTIFY\">1\u00ba) REALIZAR LA SOLICITUD DESDE SU ORDENADOR: a trav\u00e9s de la web <a href=\"http:\/\/www.cert.fnmt.es\/\" target=\"_blank\"><span lang=\"es-ES\">http:\/\/www.cert.fnmt.es\/<\/span><\/a> . Finaliza con la obtenci\u00f3n del c\u00f3digo de solicitud.<\/p>\n\n\n\n\n<p lang=\"es-ES\" align=\"JUSTIFY\">2\u00ba) ACUDIR A SECRETAR\u00cdA PRESENTANDO EL C\u00d3DIGO DE SOLICITUD Y EL D.N.I., PASAPORTE O EL NUEVO PERMISO DE CONDUCIR, EN VIGOR.<\/p>\n\n\n\n\n<p lang=\"es-ES\" align=\"JUSTIFY\">3\u00ba) EN SU ORDENADOR, EFECTUAR LA DESCARGA DEL CERTIFICADO.<\/p>\n\n\n\n\n<p lang=\"es-ES\" style=\"text-align: left;\" align=\"CENTER\"><strong>HORARIO:<\/strong><\/p>\n\n\n\n\n<p lang=\"es-ES\" style=\"text-align: left;\" align=\"CENTER\">LUNES MIERCOLES Y VIERNES DE 10:00 A 13:00 HORAS<\/p>\n\n\n\n\n<p lang=\"es-ES\" style=\"text-align: left;\" align=\"CENTER\"><strong>TEL\u00c9FONO:<\/strong><\/p>\n\n\n\n\n<p lang=\"es-ES\" style=\"text-align: left;\" align=\"CENTER\">959217313<\/p>\n\n\n\n\n<p lang=\"es-ES\" style=\"text-align: left;\" align=\"CENTER\">[\/accordion_item] [\/accordion]\n\n\n--><\/p>\n<ul style=\"list-style-type: square;\">\n<li><a href=\"http:\/\/ae.uhu.es\/certificado.php\" target=\"_blank\">Informaci\u00f3n para la obtenci\u00f3n de Certificado Digital de la FNMT.<\/a><\/li>\n<li><a href=\"http:\/\/ae.uhu.es\/acreditacion.php\" target=\"_blank\"><span class=\"style3\">Oficinas de Acreditaci\u00f3n en la Universidad de Huelva. <\/span><\/a><\/li>\n<p>        <!--\n\n<li><span class=\"style3\">Oficina de Acreditaci\u00f3n en la ETSI:<\/span><\/a><\/li>\n\n\n        \n\n<ul>\n        \n\n<li><span class=\"style3\">S\u00f3lo con cita previa: 959217313 - tonio@uhu.es<\/span><\/a><\/li>\n\n\n        \n\n<li><span class=\"style3\">Horario: martes y jueves, de 12:00 a 13:00.<\/span><\/a><\/li>\n\n\n<\/ul>\n\n -->\n<\/ul>\n<p>&nbsp;<\/p>\n","protected":false},"excerpt":{"rendered":"<p>Informaci\u00f3n para la obtenci\u00f3n de Certificado Digital de la FNMT. Oficinas de Acreditaci\u00f3n en la Universidad de Huelva. &nbsp;<\/p>\n","protected":false},"author":7,"featured_media":0,"parent":6660,"menu_order":0,"comment_status":"closed","ping_status":"closed","template":"template-layout-full-width.php","meta":[],"yoast_head":"<!-- This site is optimized with the Yoast SEO plugin v20.2.1 - https:\/\/yoast.com\/wordpress\/plugins\/seo\/ -->\n<title>Firma digital - ETSI, UHU<\/title>\n<meta name=\"description\" content=\"firma digital\" \/>\n<meta name=\"robots\" content=\"index, follow, max-snippet:-1, max-image-preview:large, max-video-preview:-1\" \/>\n<link rel=\"canonical\" href=\"https:\/\/www.uhu.es\/etsi\/secretaria\/firma-digital\/\" \/>\n<meta property=\"og:locale\" content=\"es_ES\" \/>\n<meta property=\"og:type\" content=\"article\" \/>\n<meta property=\"og:title\" content=\"Firma digital - ETSI, UHU\" \/>\n<meta property=\"og:description\" content=\"firma digital\" \/>\n<meta property=\"og:url\" content=\"https:\/\/www.uhu.es\/etsi\/secretaria\/firma-digital\/\" \/>\n<meta property=\"og:site_name\" content=\"ETSI, UHU\" \/>\n<meta property=\"article:modified_time\" content=\"2022-11-17T11:54:25+00:00\" \/>\n<script type=\"application\/ld+json\" class=\"yoast-schema-graph\">{\"@context\":\"https:\/\/schema.org\",\"@graph\":[{\"@type\":\"WebPage\",\"@id\":\"https:\/\/www.uhu.es\/etsi\/secretaria\/firma-digital\/\",\"url\":\"https:\/\/www.uhu.es\/etsi\/secretaria\/firma-digital\/\",\"name\":\"Firma digital - ETSI, UHU\",\"isPartOf\":{\"@id\":\"https:\/\/www.uhu.es\/etsi\/#website\"},\"datePublished\":\"2014-11-12T09:54:39+00:00\",\"dateModified\":\"2022-11-17T11:54:25+00:00\",\"description\":\"firma digital\",\"breadcrumb\":{\"@id\":\"https:\/\/www.uhu.es\/etsi\/secretaria\/firma-digital\/#breadcrumb\"},\"inLanguage\":\"es-ES\",\"potentialAction\":[{\"@type\":\"ReadAction\",\"target\":[\"https:\/\/www.uhu.es\/etsi\/secretaria\/firma-digital\/\"]}]},{\"@type\":\"BreadcrumbList\",\"@id\":\"https:\/\/www.uhu.es\/etsi\/secretaria\/firma-digital\/#breadcrumb\",\"itemListElement\":[{\"@type\":\"ListItem\",\"position\":1,\"name\":\"Portada\",\"item\":\"https:\/\/www.uhu.es\/etsi\/\"},{\"@type\":\"ListItem\",\"position\":2,\"name\":\"Secretar\u00eda\",\"item\":\"https:\/\/www.uhu.es\/etsi\/secretaria\/\"},{\"@type\":\"ListItem\",\"position\":3,\"name\":\"Firma digital\"}]},{\"@type\":\"WebSite\",\"@id\":\"https:\/\/www.uhu.es\/etsi\/#website\",\"url\":\"https:\/\/www.uhu.es\/etsi\/\",\"name\":\"ETSI, UHU\",\"description\":\"Escuela T\u00e9cnica Superior de  Ingenier\u00eda de la Universidad de Huelva\",\"publisher\":{\"@id\":\"https:\/\/www.uhu.es\/etsi\/#organization\"},\"potentialAction\":[{\"@type\":\"SearchAction\",\"target\":{\"@type\":\"EntryPoint\",\"urlTemplate\":\"https:\/\/www.uhu.es\/etsi\/?s={search_term_string}\"},\"query-input\":\"required name=search_term_string\"}],\"inLanguage\":\"es-ES\"},{\"@type\":\"Organization\",\"@id\":\"https:\/\/www.uhu.es\/etsi\/#organization\",\"name\":\"UHU ETSI\",\"url\":\"https:\/\/www.uhu.es\/etsi\/\",\"logo\":{\"@type\":\"ImageObject\",\"inLanguage\":\"es-ES\",\"@id\":\"https:\/\/www.uhu.es\/etsi\/#\/schema\/logo\/image\/\",\"url\":\"http:\/\/www.uhu.es\/etsi\/wp-content\/uploads\/2016\/02\/membrete_ETSI.jpg\",\"contentUrl\":\"http:\/\/www.uhu.es\/etsi\/wp-content\/uploads\/2016\/02\/membrete_ETSI.jpg\",\"width\":423,\"height\":81,\"caption\":\"UHU ETSI\"},\"image\":{\"@id\":\"https:\/\/www.uhu.es\/etsi\/#\/schema\/logo\/image\/\"}}]}<\/script>\n<!-- \/ Yoast SEO plugin. -->","yoast_head_json":{"title":"Firma digital - ETSI, UHU","description":"firma digital","robots":{"index":"index","follow":"follow","max-snippet":"max-snippet:-1","max-image-preview":"max-image-preview:large","max-video-preview":"max-video-preview:-1"},"canonical":"https:\/\/www.uhu.es\/etsi\/secretaria\/firma-digital\/","og_locale":"es_ES","og_type":"article","og_title":"Firma digital - ETSI, UHU","og_description":"firma digital","og_url":"https:\/\/www.uhu.es\/etsi\/secretaria\/firma-digital\/","og_site_name":"ETSI, UHU","article_modified_time":"2022-11-17T11:54:25+00:00","schema":{"@context":"https:\/\/schema.org","@graph":[{"@type":"WebPage","@id":"https:\/\/www.uhu.es\/etsi\/secretaria\/firma-digital\/","url":"https:\/\/www.uhu.es\/etsi\/secretaria\/firma-digital\/","name":"Firma digital - ETSI, UHU","isPartOf":{"@id":"https:\/\/www.uhu.es\/etsi\/#website"},"datePublished":"2014-11-12T09:54:39+00:00","dateModified":"2022-11-17T11:54:25+00:00","description":"firma digital","breadcrumb":{"@id":"https:\/\/www.uhu.es\/etsi\/secretaria\/firma-digital\/#breadcrumb"},"inLanguage":"es-ES","potentialAction":[{"@type":"ReadAction","target":["https:\/\/www.uhu.es\/etsi\/secretaria\/firma-digital\/"]}]},{"@type":"BreadcrumbList","@id":"https:\/\/www.uhu.es\/etsi\/secretaria\/firma-digital\/#breadcrumb","itemListElement":[{"@type":"ListItem","position":1,"name":"Portada","item":"https:\/\/www.uhu.es\/etsi\/"},{"@type":"ListItem","position":2,"name":"Secretar\u00eda","item":"https:\/\/www.uhu.es\/etsi\/secretaria\/"},{"@type":"ListItem","position":3,"name":"Firma digital"}]},{"@type":"WebSite","@id":"https:\/\/www.uhu.es\/etsi\/#website","url":"https:\/\/www.uhu.es\/etsi\/","name":"ETSI, UHU","description":"Escuela T\u00e9cnica Superior de  Ingenier\u00eda de la Universidad de Huelva","publisher":{"@id":"https:\/\/www.uhu.es\/etsi\/#organization"},"potentialAction":[{"@type":"SearchAction","target":{"@type":"EntryPoint","urlTemplate":"https:\/\/www.uhu.es\/etsi\/?s={search_term_string}"},"query-input":"required name=search_term_string"}],"inLanguage":"es-ES"},{"@type":"Organization","@id":"https:\/\/www.uhu.es\/etsi\/#organization","name":"UHU ETSI","url":"https:\/\/www.uhu.es\/etsi\/","logo":{"@type":"ImageObject","inLanguage":"es-ES","@id":"https:\/\/www.uhu.es\/etsi\/#\/schema\/logo\/image\/","url":"http:\/\/www.uhu.es\/etsi\/wp-content\/uploads\/2016\/02\/membrete_ETSI.jpg","contentUrl":"http:\/\/www.uhu.es\/etsi\/wp-content\/uploads\/2016\/02\/membrete_ETSI.jpg","width":423,"height":81,"caption":"UHU ETSI"},"image":{"@id":"https:\/\/www.uhu.es\/etsi\/#\/schema\/logo\/image\/"}}]}},"_links":{"self":[{"href":"https:\/\/www.uhu.es\/etsi\/wp-json\/wp\/v2\/pages\/6981"}],"collection":[{"href":"https:\/\/www.uhu.es\/etsi\/wp-json\/wp\/v2\/pages"}],"about":[{"href":"https:\/\/www.uhu.es\/etsi\/wp-json\/wp\/v2\/types\/page"}],"author":[{"embeddable":true,"href":"https:\/\/www.uhu.es\/etsi\/wp-json\/wp\/v2\/users\/7"}],"replies":[{"embeddable":true,"href":"https:\/\/www.uhu.es\/etsi\/wp-json\/wp\/v2\/comments?post=6981"}],"version-history":[{"count":27,"href":"https:\/\/www.uhu.es\/etsi\/wp-json\/wp\/v2\/pages\/6981\/revisions"}],"predecessor-version":[{"id":22501,"href":"https:\/\/www.uhu.es\/etsi\/wp-json\/wp\/v2\/pages\/6981\/revisions\/22501"}],"up":[{"embeddable":true,"href":"https:\/\/www.uhu.es\/etsi\/wp-json\/wp\/v2\/pages\/6660"}],"wp:attachment":[{"href":"https:\/\/www.uhu.es\/etsi\/wp-json\/wp\/v2\/media?parent=6981"}],"curies":[{"name":"wp","href":"https:\/\/api.w.org\/{rel}","templated":true}]}}