{"id":7815,"date":"2014-12-19T08:49:09","date_gmt":"2014-12-19T08:49:09","guid":{"rendered":"http:\/\/www.uhu.es\/etsi\/?page_id=7815"},"modified":"2024-09-20T08:10:39","modified_gmt":"2024-09-20T07:10:39","slug":"estudiantes-2","status":"publish","type":"page","link":"https:\/\/www.uhu.es\/etsi\/estudiantes-2\/","title":{"rendered":"Estudiantes"},"content":{"rendered":"<div id=\"x-content-band-1\" class=\"x-content-band bg-pattern border-left border-right\" style=\"background-image: url(https:\/\/www.uhu.es\/etsi\/wp-piepagina\/alu9.jpg); background-color: transparent;\"><div class=\"x-container-fluid max width\">\n<ul style=\"list-style-type: square;\">\n<li style=\"list-style-type: none;\">\n<ul style=\"list-style-type: square;\">\n<li>\n<h5><a title=\"Normativa\" href=\"https:\/\/www.uhu.es\/etsi\/estudiantes-2\/normativa\/\">Normativa<\/a><\/h5>\n<\/li>\n<li>\n<h5><a href=\"https:\/\/www.uhu.es\/etsi\/estudiantes-2\/plazos-de-interes\/\">Plazos de inter\u00e9s<\/a><\/h5>\n<\/li>\n<li>\n<h5><a href=\"https:\/\/www.uhu.es\/etsi\/estudiantes-2\/practicas-en-empresas\/\">Pr\u00e1cticas en Empresas<\/a><\/h5>\n<\/li>\n<li>\n<h5><a href=\"https:\/\/www.uhu.es\/etsi\/programa-mentorizacion\/\">Programa De Mentorizaci\u00f3n<\/a><\/h5>\n<\/li>\n<li>\n<h5><a title=\"Movilidad Nacional e Internacional\" href=\"https:\/\/www.uhu.es\/etsi\/estudiantes-2\/movilidad\/\">Movilidad Nacional e Internacional<\/a>\u00a0(Estudiantes Salientes)<\/h5>\n<\/li>\n<li>\n<h5><a href=\"https:\/\/www.uhu.es\/etsi\/incoming-students\/\">Incoming Students (Estudiantes Entrantes)<\/a><\/h5>\n<\/li>\n<li>\n<h5><a href=\"https:\/\/www.uhu.es\/etsi\/estudiantes-2\/acreditacion-del-nivel-b1-lengua-extranjera-la-obtencion-titulos-gradomaster\/\">Acreditaci\u00f3n del nivel B1 de lengua extranjera para la obtenci\u00f3n de t\u00edtulos de Grado\/M\u00e1ster<\/a><\/h5>\n<\/li>\n<li>\n<h5><a href=\"https:\/\/www.uhu.es\/etsi\/curso_cero\/\">Curso de Nivelaci\u00f3n<\/a><\/h5>\n<\/li>\n<li>\n<h5><a href=\"https:\/\/www.uhu.es\/etsi\/ceremonias-de-graduacion\/\">Ceremonias de graduaci\u00f3n<\/a><\/h5>\n<\/li>\n<li>\n<h5><a title=\"Delegaci\u00f3n de Centro y de Titulaciones\" href=\"https:\/\/www.uhu.es\/etsi\/estudiantes-2\/delegacion-de-centro-y-de-titulaciones\/\">Delegaci\u00f3n de Centro y de Titulaciones<\/a><\/h5>\n<\/li>\n<li>\n<h5><a href=\"https:\/\/www.uhu.es\/sacu\/tarjeta-universitaria-y-otros-carnes\">TUO<\/a><\/h5>\n<\/li>\n<li>\n<h5><a id=\"moodle\" href=\"https:\/\/moodle.uhu.es\/\">Acceso a Moodle<\/a><\/h5>\n<\/li>\n<li>\n<h5><a id=\"correo\" href=\"https:\/\/www.uhu.es\/correo\" target=\"_blank\" rel=\"noopener\">Acceso a Correo UHU<\/a><\/h5>\n<\/li>\n<\/ul>\n<\/li>\n<\/ul>\n<p><!--\n \t\n\n<li>\n\n\n<h5><a href=\"https:\/\/www.uhu.es\/etsi\/descargas\/2017\/Julio\/Plazos_de_interes_2017-18.pdf\">Plazos de inter\u00e9s 2017-2018<\/a><\/h5>\n\n\n<\/li>\n\n\n \t\n\n<li>\n\n\n<h5><a href=\"https:\/\/www.uhu.es\/etsi\/descargas\/2016\/Plazos_de_interes_2016-17.pdf\" target=\"_blank\" rel=\"noopener\">Plazos de inter\u00e9s 2016-2017<\/a><\/h5>\n\n\n<\/li>\n\n\n--><\/p>\n<\/div><\/div>\n","protected":false},"excerpt":{"rendered":"Normativa Plazos de inter\u00e9s Pr\u00e1cticas en Empresas Programa De Mentorizaci\u00f3n Movilidad Nacional e Internacional\u00a0(Estudiantes Salientes) Incoming Students (Estudiantes Entrantes) Acreditaci\u00f3n ... <div><a href=\"https:\/\/www.uhu.es\/etsi\/estudiantes-2\/\" class=\"more-link\">Read More<\/a><\/div>","protected":false},"author":7,"featured_media":0,"parent":0,"menu_order":4,"comment_status":"closed","ping_status":"closed","template":"template-layout-full-width.php","meta":[],"yoast_head":"<!-- This site is optimized with the Yoast SEO plugin v20.2.1 - https:\/\/yoast.com\/wordpress\/plugins\/seo\/ -->\n<title>Estudiantes - ETSI, UHU<\/title>\n<meta name=\"description\" content=\"Estudiantes\" \/>\n<meta name=\"robots\" content=\"index, follow, max-snippet:-1, max-image-preview:large, max-video-preview:-1\" \/>\n<link rel=\"canonical\" href=\"https:\/\/www.uhu.es\/etsi\/estudiantes-2\/\" \/>\n<meta property=\"og:locale\" content=\"es_ES\" \/>\n<meta property=\"og:type\" content=\"article\" \/>\n<meta property=\"og:title\" content=\"Estudiantes - ETSI, UHU\" \/>\n<meta property=\"og:description\" content=\"Estudiantes\" \/>\n<meta property=\"og:url\" content=\"https:\/\/www.uhu.es\/etsi\/estudiantes-2\/\" \/>\n<meta property=\"og:site_name\" content=\"ETSI, UHU\" \/>\n<meta property=\"article:modified_time\" content=\"2024-09-20T07:10:39+00:00\" \/>\n<meta name=\"twitter:label1\" content=\"Est. reading time\" \/>\n\t<meta name=\"twitter:data1\" content=\"1 minute\" \/>\n<script type=\"application\/ld+json\" class=\"yoast-schema-graph\">{\"@context\":\"https:\/\/schema.org\",\"@graph\":[{\"@type\":\"WebPage\",\"@id\":\"https:\/\/www.uhu.es\/etsi\/estudiantes-2\/\",\"url\":\"https:\/\/www.uhu.es\/etsi\/estudiantes-2\/\",\"name\":\"Estudiantes - ETSI, UHU\",\"isPartOf\":{\"@id\":\"https:\/\/www.uhu.es\/etsi\/#website\"},\"datePublished\":\"2014-12-19T08:49:09+00:00\",\"dateModified\":\"2024-09-20T07:10:39+00:00\",\"description\":\"Estudiantes\",\"breadcrumb\":{\"@id\":\"https:\/\/www.uhu.es\/etsi\/estudiantes-2\/#breadcrumb\"},\"inLanguage\":\"es-ES\",\"potentialAction\":[{\"@type\":\"ReadAction\",\"target\":[\"https:\/\/www.uhu.es\/etsi\/estudiantes-2\/\"]}]},{\"@type\":\"BreadcrumbList\",\"@id\":\"https:\/\/www.uhu.es\/etsi\/estudiantes-2\/#breadcrumb\",\"itemListElement\":[{\"@type\":\"ListItem\",\"position\":1,\"name\":\"Portada\",\"item\":\"https:\/\/www.uhu.es\/etsi\/\"},{\"@type\":\"ListItem\",\"position\":2,\"name\":\"Estudiantes\"}]},{\"@type\":\"WebSite\",\"@id\":\"https:\/\/www.uhu.es\/etsi\/#website\",\"url\":\"https:\/\/www.uhu.es\/etsi\/\",\"name\":\"ETSI, UHU\",\"description\":\"Escuela T\u00e9cnica Superior de  Ingenier\u00eda de la Universidad de Huelva\",\"publisher\":{\"@id\":\"https:\/\/www.uhu.es\/etsi\/#organization\"},\"potentialAction\":[{\"@type\":\"SearchAction\",\"target\":{\"@type\":\"EntryPoint\",\"urlTemplate\":\"https:\/\/www.uhu.es\/etsi\/?s={search_term_string}\"},\"query-input\":\"required name=search_term_string\"}],\"inLanguage\":\"es-ES\"},{\"@type\":\"Organization\",\"@id\":\"https:\/\/www.uhu.es\/etsi\/#organization\",\"name\":\"UHU ETSI\",\"url\":\"https:\/\/www.uhu.es\/etsi\/\",\"logo\":{\"@type\":\"ImageObject\",\"inLanguage\":\"es-ES\",\"@id\":\"https:\/\/www.uhu.es\/etsi\/#\/schema\/logo\/image\/\",\"url\":\"http:\/\/www.uhu.es\/etsi\/wp-content\/uploads\/2016\/02\/membrete_ETSI.jpg\",\"contentUrl\":\"http:\/\/www.uhu.es\/etsi\/wp-content\/uploads\/2016\/02\/membrete_ETSI.jpg\",\"width\":423,\"height\":81,\"caption\":\"UHU ETSI\"},\"image\":{\"@id\":\"https:\/\/www.uhu.es\/etsi\/#\/schema\/logo\/image\/\"}}]}<\/script>\n<!-- \/ Yoast SEO plugin. -->","yoast_head_json":{"title":"Estudiantes - ETSI, UHU","description":"Estudiantes","robots":{"index":"index","follow":"follow","max-snippet":"max-snippet:-1","max-image-preview":"max-image-preview:large","max-video-preview":"max-video-preview:-1"},"canonical":"https:\/\/www.uhu.es\/etsi\/estudiantes-2\/","og_locale":"es_ES","og_type":"article","og_title":"Estudiantes - ETSI, UHU","og_description":"Estudiantes","og_url":"https:\/\/www.uhu.es\/etsi\/estudiantes-2\/","og_site_name":"ETSI, UHU","article_modified_time":"2024-09-20T07:10:39+00:00","twitter_misc":{"Est. reading time":"1 minute"},"schema":{"@context":"https:\/\/schema.org","@graph":[{"@type":"WebPage","@id":"https:\/\/www.uhu.es\/etsi\/estudiantes-2\/","url":"https:\/\/www.uhu.es\/etsi\/estudiantes-2\/","name":"Estudiantes - ETSI, UHU","isPartOf":{"@id":"https:\/\/www.uhu.es\/etsi\/#website"},"datePublished":"2014-12-19T08:49:09+00:00","dateModified":"2024-09-20T07:10:39+00:00","description":"Estudiantes","breadcrumb":{"@id":"https:\/\/www.uhu.es\/etsi\/estudiantes-2\/#breadcrumb"},"inLanguage":"es-ES","potentialAction":[{"@type":"ReadAction","target":["https:\/\/www.uhu.es\/etsi\/estudiantes-2\/"]}]},{"@type":"BreadcrumbList","@id":"https:\/\/www.uhu.es\/etsi\/estudiantes-2\/#breadcrumb","itemListElement":[{"@type":"ListItem","position":1,"name":"Portada","item":"https:\/\/www.uhu.es\/etsi\/"},{"@type":"ListItem","position":2,"name":"Estudiantes"}]},{"@type":"WebSite","@id":"https:\/\/www.uhu.es\/etsi\/#website","url":"https:\/\/www.uhu.es\/etsi\/","name":"ETSI, UHU","description":"Escuela T\u00e9cnica Superior de  Ingenier\u00eda de la Universidad de Huelva","publisher":{"@id":"https:\/\/www.uhu.es\/etsi\/#organization"},"potentialAction":[{"@type":"SearchAction","target":{"@type":"EntryPoint","urlTemplate":"https:\/\/www.uhu.es\/etsi\/?s={search_term_string}"},"query-input":"required name=search_term_string"}],"inLanguage":"es-ES"},{"@type":"Organization","@id":"https:\/\/www.uhu.es\/etsi\/#organization","name":"UHU ETSI","url":"https:\/\/www.uhu.es\/etsi\/","logo":{"@type":"ImageObject","inLanguage":"es-ES","@id":"https:\/\/www.uhu.es\/etsi\/#\/schema\/logo\/image\/","url":"http:\/\/www.uhu.es\/etsi\/wp-content\/uploads\/2016\/02\/membrete_ETSI.jpg","contentUrl":"http:\/\/www.uhu.es\/etsi\/wp-content\/uploads\/2016\/02\/membrete_ETSI.jpg","width":423,"height":81,"caption":"UHU ETSI"},"image":{"@id":"https:\/\/www.uhu.es\/etsi\/#\/schema\/logo\/image\/"}}]}},"_links":{"self":[{"href":"https:\/\/www.uhu.es\/etsi\/wp-json\/wp\/v2\/pages\/7815"}],"collection":[{"href":"https:\/\/www.uhu.es\/etsi\/wp-json\/wp\/v2\/pages"}],"about":[{"href":"https:\/\/www.uhu.es\/etsi\/wp-json\/wp\/v2\/types\/page"}],"author":[{"embeddable":true,"href":"https:\/\/www.uhu.es\/etsi\/wp-json\/wp\/v2\/users\/7"}],"replies":[{"embeddable":true,"href":"https:\/\/www.uhu.es\/etsi\/wp-json\/wp\/v2\/comments?post=7815"}],"version-history":[{"count":48,"href":"https:\/\/www.uhu.es\/etsi\/wp-json\/wp\/v2\/pages\/7815\/revisions"}],"predecessor-version":[{"id":24419,"href":"https:\/\/www.uhu.es\/etsi\/wp-json\/wp\/v2\/pages\/7815\/revisions\/24419"}],"wp:attachment":[{"href":"https:\/\/www.uhu.es\/etsi\/wp-json\/wp\/v2\/media?parent=7815"}],"curies":[{"name":"wp","href":"https:\/\/api.w.org\/{rel}","templated":true}]}}