{"id":8003,"date":"2015-01-14T12:35:02","date_gmt":"2015-01-14T12:35:02","guid":{"rendered":"http:\/\/www.uhu.es\/etsi\/?page_id=8003"},"modified":"2025-11-26T10:40:28","modified_gmt":"2025-11-26T09:40:28","slug":"presentacion-de-quejasreclamacionessugerenciasfelicitaciones","status":"publish","type":"page","link":"https:\/\/www.uhu.es\/etsi\/secretaria\/presentacion-de-quejasreclamacionessugerenciasfelicitaciones\/","title":{"rendered":"Presentaci\u00f3n de quejas\/reclamaciones\/sugerencias\/felicitaciones"},"content":{"rendered":"<h5 style=\"text-align: center;\">(Espacio dedicado a la presentaci\u00f3n de quejas \/ reclamaciones y sugerencias \/ felicitaciones)<\/h5>\n<table width=\"100%\" cellspacing=\"0\" cellpadding=\"0\">\n<tbody>\n<tr>\n<td width=\"91%\">\n<ul style=\"list-style-type: square;\">\n<li>\n<h6>MEDIANTE FORMULARIO V\u00cdA WEB:<\/h6>\n<p><strong>Acceso:<\/strong>\u00a0puedes comunicar tu queja, reclamaci\u00f3n, sugerencia o felicitaci\u00f3n y exponer el motivo de tu solicitud a trav\u00e9s de un formulario haciendo\u00a0<a title=\"Otras consultas, quejas, reclamaciones, sugerencias, felicitaciones. Subdirecci\u00f3n de calidad ETSI.\" href=\"https:\/\/www.uhu.es\/etsi\/secretaria\/presentacion-de-quejasreclamacionessugerenciasfelicitaciones\/quejas-reclamaciones-sugerencias-felicitaciones-subdireccion-de-calidad-etsi\/\"><strong>click aqu\u00ed<\/strong>.<\/a><\/p>\n<p>(Esta solicitud la recibir\u00e1 la Subdirecci\u00f3n de la Escuela con competencias en Calidad, que la tramitar\u00e1 y gestionar\u00e1 directamente, o derivar\u00e1 a la Subdirecci\u00f3n\/Secretar\u00eda del Centro correspondiente de acuerdo al contenido de la misma).<\/li>\n<\/ul>\n<\/td>\n<\/tr>\n<tr>\n<td width=\"91%\">\n<ul style=\"list-style-type: square;\">\n<li>\n<h6>MEDIANTE INSTANCIA PRESENTADA POR REGISTRO EN LA SECRETAR\u00cdA DEL CENTRO:<\/h6>\n<p><strong>Para comunicar una queja o reclamaci\u00f3n:<\/strong>\u00a0cumplimentar el impreso Parte de Incidencia\u00a0<strong><a href=\"https:\/\/www.uhu.es\/etsi\/secretariaDocumentos\/Reclamaciones\/parte_de_incidencias_EPS.pdf\" target=\"_blank\" rel=\"noopener\">(descarga del impreso)<\/a><\/strong>\u00a0y presentarlo en la Secretar\u00eda del Centro.<\/p>\n<p><strong>Para comunicar una sugerencia o felicitaci\u00f3n:<\/strong>\u00a0cumplimentar el impreso correspondiente\u00a0<strong><a href=\"http:\/\/uhu.es\/etsi\/secretariaDocumentos\/Reclamaciones\/parte_de_sugerencia_felicitacion_EPS.pdf\" target=\"_blank\" rel=\"noopener\">(descarga del impreso)<\/a><\/strong>\u00a0y presentarlo en la Secretar\u00eda del Centro.<\/p>\n<p>(El personal de Secretar\u00eda trasladar\u00e1 la solicitud a la Subdirecci\u00f3n con competencias en Calidad para su tramitaci\u00f3n).<\/li>\n<\/ul>\n<\/td>\n<\/tr>\n<\/tbody>\n<\/table>\n<p><!-- <a href=\"https:\/\/www.uhu.es\/etsi\/secretariaDocumentos\/Reclamaciones\/INFORME%20DE%20Q%2CR%2CS%20y%20F%2021-22.pdf\"> Informes de Quejas, Sugerencias, Reclamaciones y Felicitaciones curso 21\/22<\/a> --><\/p>\n<div  class=\"x-accordion-group\" ><div class=\"x-accordion-heading\"><a class=\"x-accordion-toggle collapsed\" data-toggle=\"collapse\" data-parent=\"#my-accordion\" href=\"#collapse-1\">Historial de Informes de Quejas, Sugerencias, Reclamaciones y Felicitaciones<\/a><\/div> <!-- end .x-accordion-heading --><div id=\"collapse-1\" class=\"accordion-body collapse\"><div class=\"x-accordion-inner\">\n<ul style=\"list-style-type: square;\">\n<li><a href=\"https:\/\/www.uhu.es\/etsi\/secretariaDocumentos\/Reclamaciones\/INFORME DE Q,R,S y F 24-25.pdf\" target=\"_blank\" rel=\"noopener noreferrer\">Curso 24\/25<\/a><\/li>\n<\/ul>\n<ul style=\"list-style-type: square;\">\n<li><a href=\"https:\/\/www.uhu.es\/etsi\/secretariaDocumentos\/Reclamaciones\/INFORME DE Q,R,S y F 23-24.pdf\" target=\"_blank\" rel=\"noopener noreferrer\">Curso 23\/24<\/a><\/li>\n<\/ul>\n<ul style=\"list-style-type: square;\">\n<li><a href=\"https:\/\/www.uhu.es\/etsi\/wp-content\/uploads\/2024\/02\/INFORME-DE-QRS-y-F-22-23.pdf\" target=\"_blank\" rel=\"noopener noreferrer\">Curso 22\/23<\/a><\/li>\n<\/ul>\n<ul style=\"list-style-type: square;\">\n<li><a href=\"https:\/\/www.uhu.es\/etsi\/secretariaDocumentos\/Reclamaciones\/INFORME%20DE%20Q%2CR%2CS%20y%20F%2021-22.pdf\" target=\"_blank\" rel=\"noopener noreferrer\">Curso 21\/22<\/a><\/li>\n<\/ul>\n<p class=\"titprincipal\" style=\"text-align: left;\" align=\"center\"><\/div> <!-- end .x-accordion-inner --><\/div> <!-- end .x-accordion-body --><\/div> <!-- end .x-accordion-group -->\n","protected":false},"excerpt":{"rendered":"<p>(Espacio dedicado a la presentaci\u00f3n de quejas \/ reclamaciones y sugerencias \/ felicitaciones) MEDIANTE FORMULARIO V\u00cdA WEB: Acceso:\u00a0puedes comunicar tu &#8230; <\/p>\n<div><a href=\"https:\/\/www.uhu.es\/etsi\/secretaria\/presentacion-de-quejasreclamacionessugerenciasfelicitaciones\/\" class=\"more-link\">Read More<\/a><\/div>\n","protected":false},"author":7,"featured_media":0,"parent":6660,"menu_order":0,"comment_status":"closed","ping_status":"closed","template":"template-layout-full-width.php","meta":[],"yoast_head":"<!-- This site is optimized with the Yoast SEO plugin v20.2.1 - https:\/\/yoast.com\/wordpress\/plugins\/seo\/ -->\n<title>Presentaci\u00f3n de quejas\/reclamaciones\/sugerencias\/felicitaciones - ETSI, UHU<\/title>\n<meta name=\"robots\" content=\"index, follow, max-snippet:-1, max-image-preview:large, max-video-preview:-1\" \/>\n<link rel=\"canonical\" href=\"https:\/\/www.uhu.es\/etsi\/secretaria\/presentacion-de-quejasreclamacionessugerenciasfelicitaciones\/\" \/>\n<meta property=\"og:locale\" content=\"es_ES\" \/>\n<meta property=\"og:type\" content=\"article\" \/>\n<meta property=\"og:title\" content=\"Presentaci\u00f3n de quejas\/reclamaciones\/sugerencias\/felicitaciones - ETSI, UHU\" \/>\n<meta property=\"og:description\" content=\"(Espacio dedicado a la presentaci\u00f3n de quejas \/ reclamaciones y sugerencias \/ felicitaciones) MEDIANTE FORMULARIO V\u00cdA WEB: Acceso:\u00a0puedes comunicar tu ... Read More\" \/>\n<meta property=\"og:url\" content=\"https:\/\/www.uhu.es\/etsi\/secretaria\/presentacion-de-quejasreclamacionessugerenciasfelicitaciones\/\" \/>\n<meta property=\"og:site_name\" content=\"ETSI, UHU\" \/>\n<meta property=\"article:modified_time\" content=\"2025-11-26T09:40:28+00:00\" \/>\n<meta name=\"twitter:label1\" content=\"Est. reading time\" \/>\n\t<meta name=\"twitter:data1\" content=\"1 minute\" \/>\n<script type=\"application\/ld+json\" class=\"yoast-schema-graph\">{\"@context\":\"https:\/\/schema.org\",\"@graph\":[{\"@type\":\"WebPage\",\"@id\":\"https:\/\/www.uhu.es\/etsi\/secretaria\/presentacion-de-quejasreclamacionessugerenciasfelicitaciones\/\",\"url\":\"https:\/\/www.uhu.es\/etsi\/secretaria\/presentacion-de-quejasreclamacionessugerenciasfelicitaciones\/\",\"name\":\"Presentaci\u00f3n de quejas\/reclamaciones\/sugerencias\/felicitaciones - ETSI, UHU\",\"isPartOf\":{\"@id\":\"https:\/\/www.uhu.es\/etsi\/#website\"},\"datePublished\":\"2015-01-14T12:35:02+00:00\",\"dateModified\":\"2025-11-26T09:40:28+00:00\",\"breadcrumb\":{\"@id\":\"https:\/\/www.uhu.es\/etsi\/secretaria\/presentacion-de-quejasreclamacionessugerenciasfelicitaciones\/#breadcrumb\"},\"inLanguage\":\"es-ES\",\"potentialAction\":[{\"@type\":\"ReadAction\",\"target\":[\"https:\/\/www.uhu.es\/etsi\/secretaria\/presentacion-de-quejasreclamacionessugerenciasfelicitaciones\/\"]}]},{\"@type\":\"BreadcrumbList\",\"@id\":\"https:\/\/www.uhu.es\/etsi\/secretaria\/presentacion-de-quejasreclamacionessugerenciasfelicitaciones\/#breadcrumb\",\"itemListElement\":[{\"@type\":\"ListItem\",\"position\":1,\"name\":\"Portada\",\"item\":\"https:\/\/www.uhu.es\/etsi\/\"},{\"@type\":\"ListItem\",\"position\":2,\"name\":\"Secretar\u00eda\",\"item\":\"https:\/\/www.uhu.es\/etsi\/secretaria\/\"},{\"@type\":\"ListItem\",\"position\":3,\"name\":\"Presentaci\u00f3n de quejas\/reclamaciones\/sugerencias\/felicitaciones\"}]},{\"@type\":\"WebSite\",\"@id\":\"https:\/\/www.uhu.es\/etsi\/#website\",\"url\":\"https:\/\/www.uhu.es\/etsi\/\",\"name\":\"ETSI, UHU\",\"description\":\"Escuela T\u00e9cnica Superior de  Ingenier\u00eda de la Universidad de Huelva\",\"publisher\":{\"@id\":\"https:\/\/www.uhu.es\/etsi\/#organization\"},\"potentialAction\":[{\"@type\":\"SearchAction\",\"target\":{\"@type\":\"EntryPoint\",\"urlTemplate\":\"https:\/\/www.uhu.es\/etsi\/?s={search_term_string}\"},\"query-input\":\"required name=search_term_string\"}],\"inLanguage\":\"es-ES\"},{\"@type\":\"Organization\",\"@id\":\"https:\/\/www.uhu.es\/etsi\/#organization\",\"name\":\"UHU ETSI\",\"url\":\"https:\/\/www.uhu.es\/etsi\/\",\"logo\":{\"@type\":\"ImageObject\",\"inLanguage\":\"es-ES\",\"@id\":\"https:\/\/www.uhu.es\/etsi\/#\/schema\/logo\/image\/\",\"url\":\"http:\/\/www.uhu.es\/etsi\/wp-content\/uploads\/2016\/02\/membrete_ETSI.jpg\",\"contentUrl\":\"http:\/\/www.uhu.es\/etsi\/wp-content\/uploads\/2016\/02\/membrete_ETSI.jpg\",\"width\":423,\"height\":81,\"caption\":\"UHU ETSI\"},\"image\":{\"@id\":\"https:\/\/www.uhu.es\/etsi\/#\/schema\/logo\/image\/\"}}]}<\/script>\n<!-- \/ Yoast SEO plugin. -->","yoast_head_json":{"title":"Presentaci\u00f3n de quejas\/reclamaciones\/sugerencias\/felicitaciones - ETSI, UHU","robots":{"index":"index","follow":"follow","max-snippet":"max-snippet:-1","max-image-preview":"max-image-preview:large","max-video-preview":"max-video-preview:-1"},"canonical":"https:\/\/www.uhu.es\/etsi\/secretaria\/presentacion-de-quejasreclamacionessugerenciasfelicitaciones\/","og_locale":"es_ES","og_type":"article","og_title":"Presentaci\u00f3n de quejas\/reclamaciones\/sugerencias\/felicitaciones - ETSI, UHU","og_description":"(Espacio dedicado a la presentaci\u00f3n de quejas \/ reclamaciones y sugerencias \/ felicitaciones) MEDIANTE FORMULARIO V\u00cdA WEB: Acceso:\u00a0puedes comunicar tu ... Read More","og_url":"https:\/\/www.uhu.es\/etsi\/secretaria\/presentacion-de-quejasreclamacionessugerenciasfelicitaciones\/","og_site_name":"ETSI, UHU","article_modified_time":"2025-11-26T09:40:28+00:00","twitter_misc":{"Est. reading time":"1 minute"},"schema":{"@context":"https:\/\/schema.org","@graph":[{"@type":"WebPage","@id":"https:\/\/www.uhu.es\/etsi\/secretaria\/presentacion-de-quejasreclamacionessugerenciasfelicitaciones\/","url":"https:\/\/www.uhu.es\/etsi\/secretaria\/presentacion-de-quejasreclamacionessugerenciasfelicitaciones\/","name":"Presentaci\u00f3n de quejas\/reclamaciones\/sugerencias\/felicitaciones - ETSI, UHU","isPartOf":{"@id":"https:\/\/www.uhu.es\/etsi\/#website"},"datePublished":"2015-01-14T12:35:02+00:00","dateModified":"2025-11-26T09:40:28+00:00","breadcrumb":{"@id":"https:\/\/www.uhu.es\/etsi\/secretaria\/presentacion-de-quejasreclamacionessugerenciasfelicitaciones\/#breadcrumb"},"inLanguage":"es-ES","potentialAction":[{"@type":"ReadAction","target":["https:\/\/www.uhu.es\/etsi\/secretaria\/presentacion-de-quejasreclamacionessugerenciasfelicitaciones\/"]}]},{"@type":"BreadcrumbList","@id":"https:\/\/www.uhu.es\/etsi\/secretaria\/presentacion-de-quejasreclamacionessugerenciasfelicitaciones\/#breadcrumb","itemListElement":[{"@type":"ListItem","position":1,"name":"Portada","item":"https:\/\/www.uhu.es\/etsi\/"},{"@type":"ListItem","position":2,"name":"Secretar\u00eda","item":"https:\/\/www.uhu.es\/etsi\/secretaria\/"},{"@type":"ListItem","position":3,"name":"Presentaci\u00f3n de quejas\/reclamaciones\/sugerencias\/felicitaciones"}]},{"@type":"WebSite","@id":"https:\/\/www.uhu.es\/etsi\/#website","url":"https:\/\/www.uhu.es\/etsi\/","name":"ETSI, UHU","description":"Escuela T\u00e9cnica Superior de  Ingenier\u00eda de la Universidad de Huelva","publisher":{"@id":"https:\/\/www.uhu.es\/etsi\/#organization"},"potentialAction":[{"@type":"SearchAction","target":{"@type":"EntryPoint","urlTemplate":"https:\/\/www.uhu.es\/etsi\/?s={search_term_string}"},"query-input":"required name=search_term_string"}],"inLanguage":"es-ES"},{"@type":"Organization","@id":"https:\/\/www.uhu.es\/etsi\/#organization","name":"UHU ETSI","url":"https:\/\/www.uhu.es\/etsi\/","logo":{"@type":"ImageObject","inLanguage":"es-ES","@id":"https:\/\/www.uhu.es\/etsi\/#\/schema\/logo\/image\/","url":"http:\/\/www.uhu.es\/etsi\/wp-content\/uploads\/2016\/02\/membrete_ETSI.jpg","contentUrl":"http:\/\/www.uhu.es\/etsi\/wp-content\/uploads\/2016\/02\/membrete_ETSI.jpg","width":423,"height":81,"caption":"UHU ETSI"},"image":{"@id":"https:\/\/www.uhu.es\/etsi\/#\/schema\/logo\/image\/"}}]}},"_links":{"self":[{"href":"https:\/\/www.uhu.es\/etsi\/wp-json\/wp\/v2\/pages\/8003"}],"collection":[{"href":"https:\/\/www.uhu.es\/etsi\/wp-json\/wp\/v2\/pages"}],"about":[{"href":"https:\/\/www.uhu.es\/etsi\/wp-json\/wp\/v2\/types\/page"}],"author":[{"embeddable":true,"href":"https:\/\/www.uhu.es\/etsi\/wp-json\/wp\/v2\/users\/7"}],"replies":[{"embeddable":true,"href":"https:\/\/www.uhu.es\/etsi\/wp-json\/wp\/v2\/comments?post=8003"}],"version-history":[{"count":18,"href":"https:\/\/www.uhu.es\/etsi\/wp-json\/wp\/v2\/pages\/8003\/revisions"}],"predecessor-version":[{"id":25695,"href":"https:\/\/www.uhu.es\/etsi\/wp-json\/wp\/v2\/pages\/8003\/revisions\/25695"}],"up":[{"embeddable":true,"href":"https:\/\/www.uhu.es\/etsi\/wp-json\/wp\/v2\/pages\/6660"}],"wp:attachment":[{"href":"https:\/\/www.uhu.es\/etsi\/wp-json\/wp\/v2\/media?parent=8003"}],"curies":[{"name":"wp","href":"https:\/\/api.w.org\/{rel}","templated":true}]}}