{"id":9519,"date":"2015-06-04T11:01:13","date_gmt":"2015-06-04T11:01:13","guid":{"rendered":"http:\/\/www.uhu.es\/etsi\/?page_id=9519"},"modified":"2025-09-01T10:45:22","modified_gmt":"2025-09-01T09:45:22","slug":"curso_cero","status":"publish","type":"page","link":"https:\/\/www.uhu.es\/etsi\/curso_cero\/","title":{"rendered":"Curso de Nivelaci\u00f3n"},"content":{"rendered":"<p><center><br \/>\n    <div  class=\"x-alert x-alert-danger x-alert-block\" >\n    PLAZAS LIMITADAS<br \/>\n    <\/div><\/center><\/p>\n<p>    <center><br \/>\n    <div  class=\"x-alert x-alert-ATENCI\u00d3N x-alert-block\" >\n<h5 style=\"color: black;\"> El curso de nivelaci\u00f3n se celebrar\u00e1 desde el lunes 1 de septiembre hasta el mi\u00e9rcoles 10 de septiembre de 2025. Tendr\u00e1n horario de ma\u00f1ana (de 09:00h a 14:00h) y tarde (de 16:00h a 19:00).<\/h5>\n<h5 style=\"color: black;\"> El plazo de inscripci\u00f3n se cerrar\u00e1 el viernes 22 de agosto.<\/h5>\n<p>    <!--\n    <a href=\"https:\/\/www.uhu.es\/etsi\/curso_nivelacion\/GRUPOS_CURSO_NIVELACION.pdf\">\n\n<h6 style=\"color: black;\">Listado de los Grupos del Curso Nivelaci\u00f3n.<\/a><\/h6>\n\n\n    \n    \n\n<p align=\"left\"style=\"color: black;\"><font size=\"4\">&nbsp;&nbsp;&nbsp;&nbsp;&nbsp;&nbsp;&nbsp;&nbsp;&nbsp;&nbsp;&nbsp;Ya est\u00e1n asignadas las aulas para los cursos. pulsa <a href=\"https:\/\/www.uhu.es\/etsi\/curso_nivelacion\/Horarios_20_21_curso_Nivelacion_aulas_cambio.pdf\">aqu\u00ed<\/a> para verlas<\/font><\/p>\n\n    \n    \n\n<p align=\"left\"style=\"color: black;\"><font size=\"4\">&nbsp;&nbsp;&nbsp;&nbsp;&nbsp;&nbsp;&nbsp;&nbsp;&nbsp;&nbsp;&nbsp;Ya est\u00e1n asignadas las aulas para los cursos. pulsa <a href=\"https:\/\/www.uhu.es\/etsi\/curso_nivelacion\/Horarios_21_22_curso_Nivelacion.pdf\">aqu\u00ed<\/a> para verlas<\/font><\/p>\n\n\n    \n\n<p style=\"color: black;\" align=\"left\"><span style=\"font-size: large;\">           Ya est\u00e1n asignadas las aulas para los cursos. pulsa aqu\u00ed para verlas<\/span><\/p>\n\n\n    \n\n<p align=\"left\"style=\"color: black;\"><font size=\"4\">&nbsp;&nbsp;&nbsp;&nbsp;&nbsp;&nbsp;&nbsp;&nbsp;&nbsp;&nbsp;&nbsp;Consulta en <a href=\"https:\/\/www.uhu.es\/etsi\/listado-grupo-para-el-curso-nivelacion\/\">este enlace<\/a> a que grupo has sido asignado<\/font><\/p>\n\n\n    \n\n<p style=\"color: black;\" align=\"left\"><span style=\"font-size: large;\">           Consulta en este enlace a que grupo has sido asignado<\/span><\/p>\n\n\n    \n\n<p style=\"color: black;\" align=\"left\"><span style=\"font-size: large;\">           La presentaci\u00f3n ser\u00e1 el jueves 9<\/span><\/p>\n\n\n    \n\n<p align=\"left\" style=\"color: black; \"><font size=\"4\">&nbsp;&nbsp;&nbsp;&nbsp;&nbsp;&nbsp;&nbsp;&nbsp;&nbsp;&nbsp;&nbsp;   &nbsp;&nbsp;\u2022 Grupo A:  9:00 h en el aula IM1.6.<\/font><\/p>\n\n\n    \n\n<p align=\"left\" style=\"color: black;\"><font size=\"4\">&nbsp;&nbsp;&nbsp;&nbsp;&nbsp;&nbsp;&nbsp;&nbsp;&nbsp;&nbsp;&nbsp;   &nbsp;&nbsp;\u2022 Grupo B:  9:30 h en el aula IM1.7.<\/font><\/p>\n\n\n    \n\n<p style=\"color: black;\" align=\"left\"><span style=\"font-size: large;\">              \u2022 Grupo A: 9:00 h en el aula, por determinar.<\/span><\/p>\n\n\n    \n\n<p style=\"color: black;\" align=\"left\"><span style=\"font-size: large;\">              \u2022 Grupo B: 9:30 h en el aula, por determinar.<\/span><\/p>\n\n\n    --><\/p>\n<p>            <a href=\"https:\/\/www.uhu.es\/etsi\/curso_nivelacion\/inscripcion_2.php\"><\/p>\n<h6 style=\"color: black;\">Inicio de plazo de Preinscripci\u00f3n <\/a><\/h6>\n<p>        <!--\n\n<h6 style=\"color: black;\">Cerrado el plazo de Preinscripci\u00f3n<\/h6>\n\n--><br \/>\n    <!--\n\n<h6 style=\"color: black;\">Inicio de plazo de Preinscripci\u00f3n<\/h6>\n\n--><br \/>\n    <\/div><\/center><\/p>\n<p>    <ul  class=\"x-nav x-nav-tabs five-up top\" ><li  class=\"x-nav-tabs-item active\" ><a href=\"#tab-1\" data-toggle=\"tab\">Inicio<\/a><\/li><li  class=\"x-nav-tabs-item\" ><a href=\"#tab-2\" data-toggle=\"tab\">Programa y Horarios<\/a><\/li><li  class=\"x-nav-tabs-item\" ><a href=\"#tab-3\" data-toggle=\"tab\">Material del curso<\/a><\/li><li  class=\"x-nav-tabs-item\" ><a href=\"#tab-4\" data-toggle=\"tab\">FAQ<\/a><\/li><li  class=\"x-nav-tabs-item\" ><a href=\"#tab-5\" data-toggle=\"tab\">Inscripci\u00f3n<\/a><\/li><\/ul><div  class=\"x-tab-content\" ><div id=\"tab-1\" class=\"x-tab-pane fade in fade in active\" >\n<p>    De todos es sabido que el estudio de una titulaci\u00f3n t\u00e9cnica, requiere de una serie de conocimientos fundamentales, que facilitan el aprendizaje posterior de las distintas materias que conforman el plan de estudios. Materias como F\u00edsica, Matem\u00e1ticas, Dibujo T\u00e9cnico, Inform\u00e1tica y Qu\u00edmica son esenciales para el desarrollo posterior de otras asignaturas, y aunque en el plan de estudios de las distintas titulaciones, se cursan asignaturas que abarcan distintos campos de estas materias, es necesario que el alumno haya adquirido con anterioridad una serie de competencias.<\/p>\n<p>    &nbsp;<\/p>\n<p>    El curso de nivelaci\u00f3n nace con el fin de proporcionar a los estudiantes de nuevo ingreso los conocimientos, y destrezas b\u00e1sicas necesarias, para cursar despu\u00e9s con mayor facilidad las distintas materias que conforman el plan de estudios. A su vez pretende tambi\u00e9n poner a disposici\u00f3n de los alumnos ya matriculados en cursos anteriores, las herramientas b\u00e1sicas para el aprendizaje de los conocimientos m\u00ednimos que deben adquirir, para afrontar con \u00e9xito las asignaturas no superadas, por falta de una base s\u00f3lida.<\/p>\n<p>    &nbsp;<\/p>\n<p>    <\/div>\n<div id=\"tab-2\" class=\"x-tab-pane fade in\" ><div id=\"my-accordion\" class=\"x-accordion\" > <div  class=\"x-accordion-group\" ><div class=\"x-accordion-heading\"><a class=\"x-accordion-toggle collapsed\" data-toggle=\"collapse\" data-parent=\"#my-accordion\" href=\"#collapse-1\">Programa de Matem\u00e1ticas<\/a><\/div> <!-- end .x-accordion-heading --><div id=\"collapse-1\" class=\"accordion-body collapse\"><div class=\"x-accordion-inner\">\n<p>    <strong>Tema 1.<\/strong> Potencias, Ra\u00edces, Logaritmos y Polinomios<\/p>\n<p>    <strong>Tema 2.<\/strong> Ecuaciones e Inecuaciones<\/p>\n<p>    <strong>Tema 3.<\/strong> Trigonomertr\u00eda<\/p>\n<p>    <strong>Tema 4.<\/strong> Nociones de Geometr\u00eda Plana<\/p>\n<p>    <strong>Tema 5.<\/strong> Las Funciones Elementales<\/div> <!-- end .x-accordion-inner --><\/div> <!-- end .x-accordion-body --><\/div> <!-- end .x-accordion-group -->\n<div  class=\"x-accordion-group\" ><div class=\"x-accordion-heading\"><a class=\"x-accordion-toggle collapsed\" data-toggle=\"collapse\" data-parent=\"#my-accordion\" href=\"#collapse-2\">Programa de Dibujo T\u00e9cnico<\/a><\/div> <!-- end .x-accordion-heading --><div id=\"collapse-2\" class=\"accordion-body collapse\"><div class=\"x-accordion-inner\">\n<p>    <strong>Tema 1.<\/strong> Introducci\u00f3n al dibujo geom\u00e9trico<\/p>\n<p>    <strong>Tema 2.<\/strong> Transformaciones geom\u00e9tricas<\/p>\n<p>    <strong>Tema 3.<\/strong> Pol\u00edgonos<\/p>\n<p>    <strong>Tema 4.<\/strong> Tangencias y enlaces<\/p>\n<p>    <strong>Tema 5.<\/strong> Curvas y superficies<\/p>\n<p>    <\/div> <!-- end .x-accordion-inner --><\/div> <!-- end .x-accordion-body --><\/div> <!-- end .x-accordion-group -->\n<div  class=\"x-accordion-group\" ><div class=\"x-accordion-heading\"><a class=\"x-accordion-toggle collapsed\" data-toggle=\"collapse\" data-parent=\"#my-accordion\" href=\"#collapse-3\">Programa de F\u00edsica<\/a><\/div> <!-- end .x-accordion-heading --><div id=\"collapse-3\" class=\"accordion-body collapse\"><div class=\"x-accordion-inner\">\n<p>    <strong>Tema 1<\/strong>. Magnitudes<\/p>\n<p>    <strong>Tema 2.<\/strong> Derivaci\u00f3n e integraci\u00f3n<\/p>\n<p>    <strong>Tema 3.<\/strong> Calculo Vectorial<\/p>\n<p>    <strong>Tema 4.<\/strong> Cinem\u00e1tica de la Part\u00edcula<\/p>\n<p>    <strong>Tema 5.<\/strong> Din\u00e1mica de la Part\u00edcula: Leyes de Newton<\/p>\n<p>    <strong>Tema 6.<\/strong> Din\u00e1mica de la Part\u00edcula: Trabajo y Energ\u00eda<\/div> <!-- end .x-accordion-inner --><\/div> <!-- end .x-accordion-body --><\/div> <!-- end .x-accordion-group -->\n<div  class=\"x-accordion-group\" ><div class=\"x-accordion-heading\"><a class=\"x-accordion-toggle collapsed\" data-toggle=\"collapse\" data-parent=\"#my-accordion\" href=\"#collapse-4\">Programa de Inform\u00e1tica<\/a><\/div> <!-- end .x-accordion-heading --><div id=\"collapse-4\" class=\"accordion-body collapse\"><div class=\"x-accordion-inner\">\n<p>    <strong>Tema 1.<\/strong> Introducci\u00f3n a la Programaci\u00f3n: explorando el mundo del c\u00f3digo<\/p>\n<p>    <strong>Tema 2.<\/strong> Conceptos B\u00e1sicos de Programaci\u00f3n: los fundamentos esenciales<\/p>\n<p>    <strong>Tema 3.<\/strong> Sentencias Secuenciales: elige tu propio camino<\/p>\n<p>    <strong>Tema 4.<\/strong> Bucles y Repeticiones: dominando el arte de la iteraci\u00f3n<\/p>\n<p>    <strong>Tema 5.<\/strong> Estructura de Datos B\u00e1sicas: organizando el caos de la informaci\u00f3n<\/p>\n<p>    <i><strong>And may the force be with you!!!!<\/strong><\/i><\/p>\n<p>    <\/div> <!-- end .x-accordion-inner --><\/div> <!-- end .x-accordion-body --><\/div> <!-- end .x-accordion-group -->\n<div  class=\"x-accordion-group\" ><div class=\"x-accordion-heading\"><a class=\"x-accordion-toggle collapsed\" data-toggle=\"collapse\" data-parent=\"#my-accordion\" href=\"#collapse-5\">Programa de Qu\u00edmica<\/a><\/div> <!-- end .x-accordion-heading --><div id=\"collapse-5\" class=\"accordion-body collapse\"><div class=\"x-accordion-inner\">\n<p>    <b>Tema 1. <\/b>Qu\u00edmica: El Estudio del Cambio.<\/p>\n<p>    <b>Tema 2.<\/b> Introducci\u00f3n a la Formulaci\u00f3n.<\/p>\n<p>    <b>Tema 3. <\/b>Formulaci\u00f3n de Compuestos Binarios.<\/p>\n<p>    <b>Tema 4.<\/b> Formulaci\u00f3n de Compuestos Terciarios y Cuaternarios.<\/p>\n<p>    <b>Tema 5. <\/b>Formulaci\u00f3n de Compuestos Org\u00e1nicos Comunes.<\/p>\n<p>    <b>Tema 6. <\/b>Relaciones de Masa en las Reacciones Qu\u00edmicas.<\/div> <!-- end .x-accordion-inner --><\/div> <!-- end .x-accordion-body --><\/div> <!-- end .x-accordion-group -->\n<p>    <\/div>\n<ul style=\"list-style-type: square;\">\n<li style=\"list-style-type: none;\">\n<ul style=\"list-style-type: square;\">\n<li>Horarios definitivos <span style=\"color: #ff0000;\"><strong><a href=\"https:\/\/www.uhu.es\/etsi\/wp-content\/uploads\/2025\/09\/Horarios_25_26_curso_Nivelacion_v01.pdf\" target=\"_blank\" rel=\"noopener\">aqu\u00ed<\/a><\/strong><\/span>.<\/li>\n<\/ul>\n<\/li>\n<\/ul>\n<p>    <!--\n         \n\n<li> <strong>La distribuci\u00f3n de grupos se har\u00e1 el d\u00eda de la presentaci\u00f3n (14 Septiembre a las 9:00h.), en el aula (pendiente de asignar) del edificio Isidoro Morales<\/strong><\/li>\n\n\n    --><\/p>\n<p>    Edificio donde se imparten las clases:<br \/>\n    <strong>I.M:<\/strong> Jos\u00e9 Isidoro Morales (Aulario)<br \/>\n    <!--<strong>G:<\/strong> Galileo (Aulario)--><br \/>\n    <!--<strong>P.Q:<\/strong> Pabell\u00f3n P\u00e9rez Quintero--><\/p>\n<p>    <\/div>\n<div id=\"tab-3\" class=\"x-tab-pane fade in\" >\n<div  class=\"x-alert x-alert-info x-alert-block\" >\n<p>    &nbsp;<\/p>\n<p style=\"font-size: 24px;\">IMPORTANTE: El material se enviar\u00e1 a cada alumno por correo electr\u00f3nico.<\/p>\n<p>    <\/div>\n<p>    <\/div>\n<div id=\"tab-4\" class=\"x-tab-pane fade in\" >\n<p>    <strong>\u00bfCu\u00e1nto cuesta la matr\u00edcula?<\/strong><\/p>\n<p>    S\u00f3lo es necesario el pago de 15 euros por asignatura a cursar, para el material docente que se proporciona al alumno el primer d\u00eda del curso, y fundamental para un buen aprovechamiento del mismo.<\/p>\n<p>    <strong>\u00bfPuedo inscribirme en el curso aunque a\u00fan no me haya matriculado en la ETSI?<\/strong><\/p>\n<p>    S\u00ed. El curso va dirigido a todos aquellos alumnos que tienen decidido estudiar en nuestra escuela el curso 2025-26.<\/p>\n<p>    <strong>\u00bfPuedo inscribirme aunque no sea alumno de la ETSI?<\/strong><\/p>\n<p>    S\u00ed. Se podr\u00e1 hacer eligiendo, otra titulaci\u00f3n en el formulario de inscripci\u00f3n<\/p>\n<p>    <strong>\u00bfCu\u00e1ndo puedo inscribirme?<\/strong><\/p>\n<p>    El plazo de inscripci\u00f3n o matr\u00edcula podr\u00e1 realizarse pr\u00f3ximamente.<\/p>\n<p>    <strong>\u00bfC\u00f3mo me inscribo?<\/strong><\/p>\n<p>    En esta web. La inscripci\u00f3n se realizar\u00e1 por internet, accediendo a trav\u00e9s de la web del curso.<\/p>\n<p>    <strong>\u00bfEs necesario realizar todas las asignaturas del curso?<\/strong><\/p>\n<p>    Lo ideal es que el alumno aproveche adecuadamente las asignaturas de las que se matricule. Por ello cada alumno tendr\u00e1 que evaluar cu\u00e1les de las asignaturas les son de mayor inter\u00e9s en funci\u00f3n de la formaci\u00f3n previa que traiga de cada una de ellas. La realizaci\u00f3n de todas las asignaturas con aprovechamiento de las mismas implica un alto compromiso a lo largo de las dos semanas que dura el curso, vi\u00e9ndose compensado el esfuerzo en el desarrollo de los primeros cursos del Grado.<\/p>\n<p>    <strong>\u00bfC\u00f3mo se si estoy admitido en el curso?<\/strong><\/p>\n<p>    La admisi\u00f3n al curso se confirmar\u00e1 una vez recibido el resguardo del pago mediante correo electr\u00f3nico a la direcci\u00f3n <a href=\"mailto:secretaria.direccion@etsi.uhu.es\">secretaria.direccion@etsi.uhu.es<\/a><\/p>\n<p>    <\/div>\n<div id=\"tab-5\" class=\"x-tab-pane fade in\" >\n<p>Inscr\u00edbete <a href=\"https:\/\/www.uhu.es\/etsi\/curso_nivelacion\/inscripcion_2.php\" target=\"_blank\" rel=\"noopener\">aqu\u00ed<\/a>.<\/p>\n<p>    <\/div>\n<p>    <\/div>\n<p style=\"text-align: center;\"><a href=\"https:\/\/www.uhu.es\/etsi\/wp-content\/uploads\/2024\/06\/triptico_n.pdf\" target=\"_blank\" rel=\"noopener\"><img decoding=\"async\" loading=\"lazy\" class=\"alignnone\" src=\"https:\/\/www.uhu.es\/etsi\/wp-content\/uploads\/2024\/06\/triptico_n.png\" alt=\"\" width=\"546\" height=\"385\" \/><\/a><a href=\"https:\/\/www.uhu.es\/etsi\/wp-content\/uploads\/2024\/06\/cartel_n.pdf\" target=\"_blank\" rel=\"noopener\"><img decoding=\"async\" loading=\"lazy\" class=\"alignnone\" src=\"https:\/\/www.uhu.es\/etsi\/wp-content\/uploads\/2024\/06\/cartel_n.png\" alt=\"\" width=\"272\" height=\"386\" \/><\/a><\/p>\n","protected":false},"excerpt":{"rendered":"PLAZAS LIMITADAS El curso de nivelaci\u00f3n se celebrar\u00e1 desde el lunes 1 de septiembre hasta el mi\u00e9rcoles 10 de septiembre ... <div><a href=\"https:\/\/www.uhu.es\/etsi\/curso_cero\/\" class=\"more-link\">Read More<\/a><\/div>","protected":false},"author":7,"featured_media":0,"parent":0,"menu_order":11,"comment_status":"closed","ping_status":"closed","template":"template-layout-full-width.php","meta":[],"yoast_head":"<!-- This site is optimized with the Yoast SEO plugin v20.2.1 - https:\/\/yoast.com\/wordpress\/plugins\/seo\/ -->\n<title>Curso de Nivelaci\u00f3n - ETSI, UHU<\/title>\n<meta name=\"robots\" content=\"index, follow, max-snippet:-1, max-image-preview:large, max-video-preview:-1\" \/>\n<link rel=\"canonical\" href=\"https:\/\/www.uhu.es\/etsi\/curso_cero\/\" \/>\n<meta property=\"og:locale\" content=\"es_ES\" \/>\n<meta property=\"og:type\" content=\"article\" \/>\n<meta property=\"og:title\" content=\"Curso de Nivelaci\u00f3n - ETSI, UHU\" \/>\n<meta property=\"og:url\" content=\"https:\/\/www.uhu.es\/etsi\/curso_cero\/\" \/>\n<meta property=\"og:site_name\" content=\"ETSI, UHU\" \/>\n<meta property=\"article:modified_time\" content=\"2025-09-01T09:45:22+00:00\" \/>\n<meta property=\"og:image\" content=\"https:\/\/www.uhu.es\/etsi\/wp-content\/uploads\/2024\/06\/triptico_n.png\" \/>\n<meta name=\"twitter:label1\" content=\"Est. reading time\" \/>\n\t<meta name=\"twitter:data1\" content=\"5 minutes\" \/>\n<script type=\"application\/ld+json\" class=\"yoast-schema-graph\">{\"@context\":\"https:\/\/schema.org\",\"@graph\":[{\"@type\":\"WebPage\",\"@id\":\"https:\/\/www.uhu.es\/etsi\/curso_cero\/\",\"url\":\"https:\/\/www.uhu.es\/etsi\/curso_cero\/\",\"name\":\"Curso de Nivelaci\u00f3n - ETSI, UHU\",\"isPartOf\":{\"@id\":\"https:\/\/www.uhu.es\/etsi\/#website\"},\"datePublished\":\"2015-06-04T11:01:13+00:00\",\"dateModified\":\"2025-09-01T09:45:22+00:00\",\"breadcrumb\":{\"@id\":\"https:\/\/www.uhu.es\/etsi\/curso_cero\/#breadcrumb\"},\"inLanguage\":\"es-ES\",\"potentialAction\":[{\"@type\":\"ReadAction\",\"target\":[\"https:\/\/www.uhu.es\/etsi\/curso_cero\/\"]}]},{\"@type\":\"BreadcrumbList\",\"@id\":\"https:\/\/www.uhu.es\/etsi\/curso_cero\/#breadcrumb\",\"itemListElement\":[{\"@type\":\"ListItem\",\"position\":1,\"name\":\"Portada\",\"item\":\"https:\/\/www.uhu.es\/etsi\/\"},{\"@type\":\"ListItem\",\"position\":2,\"name\":\"Curso de Nivelaci\u00f3n\"}]},{\"@type\":\"WebSite\",\"@id\":\"https:\/\/www.uhu.es\/etsi\/#website\",\"url\":\"https:\/\/www.uhu.es\/etsi\/\",\"name\":\"ETSI, UHU\",\"description\":\"Escuela T\u00e9cnica Superior de  Ingenier\u00eda de la Universidad de Huelva\",\"publisher\":{\"@id\":\"https:\/\/www.uhu.es\/etsi\/#organization\"},\"potentialAction\":[{\"@type\":\"SearchAction\",\"target\":{\"@type\":\"EntryPoint\",\"urlTemplate\":\"https:\/\/www.uhu.es\/etsi\/?s={search_term_string}\"},\"query-input\":\"required name=search_term_string\"}],\"inLanguage\":\"es-ES\"},{\"@type\":\"Organization\",\"@id\":\"https:\/\/www.uhu.es\/etsi\/#organization\",\"name\":\"UHU ETSI\",\"url\":\"https:\/\/www.uhu.es\/etsi\/\",\"logo\":{\"@type\":\"ImageObject\",\"inLanguage\":\"es-ES\",\"@id\":\"https:\/\/www.uhu.es\/etsi\/#\/schema\/logo\/image\/\",\"url\":\"http:\/\/www.uhu.es\/etsi\/wp-content\/uploads\/2016\/02\/membrete_ETSI.jpg\",\"contentUrl\":\"http:\/\/www.uhu.es\/etsi\/wp-content\/uploads\/2016\/02\/membrete_ETSI.jpg\",\"width\":423,\"height\":81,\"caption\":\"UHU ETSI\"},\"image\":{\"@id\":\"https:\/\/www.uhu.es\/etsi\/#\/schema\/logo\/image\/\"}}]}<\/script>\n<!-- \/ Yoast SEO plugin. -->","yoast_head_json":{"title":"Curso de Nivelaci\u00f3n - ETSI, UHU","robots":{"index":"index","follow":"follow","max-snippet":"max-snippet:-1","max-image-preview":"max-image-preview:large","max-video-preview":"max-video-preview:-1"},"canonical":"https:\/\/www.uhu.es\/etsi\/curso_cero\/","og_locale":"es_ES","og_type":"article","og_title":"Curso de Nivelaci\u00f3n - ETSI, UHU","og_url":"https:\/\/www.uhu.es\/etsi\/curso_cero\/","og_site_name":"ETSI, UHU","article_modified_time":"2025-09-01T09:45:22+00:00","og_image":[{"url":"https:\/\/www.uhu.es\/etsi\/wp-content\/uploads\/2024\/06\/triptico_n.png"}],"twitter_misc":{"Est. reading time":"5 minutes"},"schema":{"@context":"https:\/\/schema.org","@graph":[{"@type":"WebPage","@id":"https:\/\/www.uhu.es\/etsi\/curso_cero\/","url":"https:\/\/www.uhu.es\/etsi\/curso_cero\/","name":"Curso de Nivelaci\u00f3n - ETSI, UHU","isPartOf":{"@id":"https:\/\/www.uhu.es\/etsi\/#website"},"datePublished":"2015-06-04T11:01:13+00:00","dateModified":"2025-09-01T09:45:22+00:00","breadcrumb":{"@id":"https:\/\/www.uhu.es\/etsi\/curso_cero\/#breadcrumb"},"inLanguage":"es-ES","potentialAction":[{"@type":"ReadAction","target":["https:\/\/www.uhu.es\/etsi\/curso_cero\/"]}]},{"@type":"BreadcrumbList","@id":"https:\/\/www.uhu.es\/etsi\/curso_cero\/#breadcrumb","itemListElement":[{"@type":"ListItem","position":1,"name":"Portada","item":"https:\/\/www.uhu.es\/etsi\/"},{"@type":"ListItem","position":2,"name":"Curso de Nivelaci\u00f3n"}]},{"@type":"WebSite","@id":"https:\/\/www.uhu.es\/etsi\/#website","url":"https:\/\/www.uhu.es\/etsi\/","name":"ETSI, UHU","description":"Escuela T\u00e9cnica Superior de  Ingenier\u00eda de la Universidad de Huelva","publisher":{"@id":"https:\/\/www.uhu.es\/etsi\/#organization"},"potentialAction":[{"@type":"SearchAction","target":{"@type":"EntryPoint","urlTemplate":"https:\/\/www.uhu.es\/etsi\/?s={search_term_string}"},"query-input":"required name=search_term_string"}],"inLanguage":"es-ES"},{"@type":"Organization","@id":"https:\/\/www.uhu.es\/etsi\/#organization","name":"UHU ETSI","url":"https:\/\/www.uhu.es\/etsi\/","logo":{"@type":"ImageObject","inLanguage":"es-ES","@id":"https:\/\/www.uhu.es\/etsi\/#\/schema\/logo\/image\/","url":"http:\/\/www.uhu.es\/etsi\/wp-content\/uploads\/2016\/02\/membrete_ETSI.jpg","contentUrl":"http:\/\/www.uhu.es\/etsi\/wp-content\/uploads\/2016\/02\/membrete_ETSI.jpg","width":423,"height":81,"caption":"UHU ETSI"},"image":{"@id":"https:\/\/www.uhu.es\/etsi\/#\/schema\/logo\/image\/"}}]}},"_links":{"self":[{"href":"https:\/\/www.uhu.es\/etsi\/wp-json\/wp\/v2\/pages\/9519"}],"collection":[{"href":"https:\/\/www.uhu.es\/etsi\/wp-json\/wp\/v2\/pages"}],"about":[{"href":"https:\/\/www.uhu.es\/etsi\/wp-json\/wp\/v2\/types\/page"}],"author":[{"embeddable":true,"href":"https:\/\/www.uhu.es\/etsi\/wp-json\/wp\/v2\/users\/7"}],"replies":[{"embeddable":true,"href":"https:\/\/www.uhu.es\/etsi\/wp-json\/wp\/v2\/comments?post=9519"}],"version-history":[{"count":173,"href":"https:\/\/www.uhu.es\/etsi\/wp-json\/wp\/v2\/pages\/9519\/revisions"}],"predecessor-version":[{"id":25496,"href":"https:\/\/www.uhu.es\/etsi\/wp-json\/wp\/v2\/pages\/9519\/revisions\/25496"}],"wp:attachment":[{"href":"https:\/\/www.uhu.es\/etsi\/wp-json\/wp\/v2\/media?parent=9519"}],"curies":[{"name":"wp","href":"https:\/\/api.w.org\/{rel}","templated":true}]}}