{"id":1379,"date":"2025-05-15T15:07:42","date_gmt":"2025-05-15T13:07:42","guid":{"rendered":"https:\/\/www.uhu.es\/gima\/?page_id=1379"},"modified":"2025-05-26T19:52:25","modified_gmt":"2025-05-26T17:52:25","slug":"estudiantes","status":"publish","type":"page","link":"https:\/\/www.uhu.es\/gima\/?page_id=1379","title":{"rendered":"Estudiantes"},"content":{"rendered":"<p>[vc_row type=\u00bbvc_default\u00bb bg_type=\u00bbimage\u00bb parallax_style=\u00bbvcpb-default\u00bb bg_image_new=\u00bbid^1385|url^https:\/\/www.uhu.es\/gima\/wp-content\/uploads\/2025\/05\/IMG_3146-1-scaled.jpg|caption^null|alt^null|title^IMG_3146|description^null\u00bb bg_image_repeat=\u00bbno-repeat\u00bb bg_img_attach=\u00bbfixed\u00bb bg_override=\u00bbfull\u00bb enable_overlay=\u00bbenable_overlay_value\u00bb overlay_color=\u00bbrgba(0,0,0,0.5)\u00bb][vc_column][vc_empty_space height=\u00bb200px\u00bb]<div id=\"ultimate-heading-94226a054707be9d9\" class=\"uvc-heading ult-adjust-bottom-margin ultimate-heading-94226a054707be9d9 uvc-8524 \" data-hspacer=\"no_spacer\"  data-halign=\"center\" style=\"text-align:center\"><div class=\"uvc-heading-spacer no_spacer\" style=\"top\"><\/div><div class=\"uvc-main-heading ult-responsive\"  data-ultimate-target='.uvc-heading.ultimate-heading-94226a054707be9d9 h2'  data-responsive-json-new='{\"font-size\":\"desktop:55px;\",\"line-height\":\"\"}' ><h2 style=\"font-weight:bold;color:#ffffff;\">Estudiantes<\/h2><\/div><\/div>[vc_empty_space height=\u00bb200px\u00bb][\/vc_column][\/vc_row][vc_row][vc_column][vc_empty_space height=\u00bb50px\u00bb][vc_column_text]<\/p>\n<p style=\"text-align: center; font-size: 25px;\"><strong>Contamos con laboratorios y equipamiento id\u00f3neo para explorar nuevas ideas y proyectos del estudiantado.<\/strong><br \/>\nProponemos abajo una serie de temas que pueden convertirse en tu pr\u00f3ximo TFG\/TFM o incluso en tu t\u00e9sis doctoral.[\/vc_column_text][vc_empty_space height=\u00bb90px\u00bb][\/vc_column][\/vc_row][vc_row][vc_column][vc_tta_accordion shape=\u00bbsquare\u00bb gap=\u00bb35&#8243; c_icon=\u00bbchevron\u00bb active_section=\u00bb1&#8243; collapsible_all=\u00bbtrue\u00bb][vc_tta_section title=\u00bbEstudio de la mejora de la eficiencia en c\u00e9lulas fotovoltaica mediante impulsos el\u00e9ctricos\u00bb tab_id=\u00bb1747397817020-1f9c13b3-c2ce\u00bb][vc_column_text css=\u00bb.vc_custom_1748281732239{padding-top: 2px !important;}\u00bb]Trabajo experimental donde se estudiar\u00e1 el comportamiento de c\u00e9lulas fotovoltaicas bajo la influencia de una polarizaci\u00f3n pulsada. Estudios previos han demostrado que se puede aumentar la eficiencia de una c\u00e9lula mediante esta t\u00e9cnica. Se realizar\u00e1n nuevos experimentos utilizando un dise\u00f1o mejorado del circuito interfaz entre la c\u00e9lula y el generador de pulsos que proporciona la polarizaci\u00f3n. Los trabajos se llevar\u00e1n acabo en el laboratorios de investigaci\u00f3n de ingenier\u00eda el\u00e9ctrica (ETSI).[\/vc_column_text][vc_single_image image=\u00bb1429&#8243; img_size=\u00bbfull\u00bb alignment=\u00bbcenter\u00bb][vc_column_text css=\u00bb.vc_custom_1748281504920{padding-top: 2px !important;}\u00bb]&nbsp;<\/p>\n<p>M\u00e1s informaci\u00f3n: Jos\u00e9 Due\u00f1as (jose.duenas@die.uhu.es)[\/vc_column_text][vc_zigzag][\/vc_tta_section][vc_tta_section title=\u00bbDise\u00f1o de un nano-detector de part\u00edculas cargadas para aplicaciones m\u00e9dicas.\u00bb tab_id=\u00bb1747398133277-5afd5cdd-3ba4&#8243;][vc_column_text]Trabajo experimental que pretende implementar un prototipo de detector de part\u00edculas basado en nanotubos semiconductores de carbono. Los trabajos de dise\u00f1o se realizar\u00e1n en la unidad de microscop\u00eda electr\u00f3nica de la UHU, mientras que los estudios de comportamiento se llevar\u00e1n acabo en los laboratorios de investigaci\u00f3n de ingenier\u00eda el\u00e9ctrica (ETSI) y el laboratorio LIFE del centro de estudios avanzado en f\u00edsica, matem\u00e1ticas y computaci\u00f3n.[\/vc_column_text][vc_single_image image=\u00bb1431&#8243; img_size=\u00bbfull\u00bb alignment=\u00bbcenter\u00bb][vc_column_text css=\u00bb.vc_custom_1748281504920{padding-top: 2px !important;}\u00bb]&nbsp;<\/p>\n<p>M\u00e1s informaci\u00f3n: Jos\u00e9 Due\u00f1as (jose.duenas@die.uhu.es)[\/vc_column_text][vc_zigzag][\/vc_tta_section][\/vc_tta_accordion][vc_empty_space height=\u00bb90px\u00bb][\/vc_column][\/vc_row]<\/p>\n","protected":false},"excerpt":{"rendered":"<p>[vc_row type=\u00bbvc_default\u00bb bg_type=\u00bbimage\u00bb parallax_style=\u00bbvcpb-default\u00bb bg_image_new=\u00bbid^1385|url^https:\/\/www.uhu.es\/gima\/wp-content\/uploads\/2025\/05\/IMG_3146-1-scaled.jpg|caption^null|alt^null|title^IMG_3146|description^null\u00bb bg_image_repeat=\u00bbno-repeat\u00bb bg_img_attach=\u00bbfixed\u00bb bg_override=\u00bbfull\u00bb enable_overlay=\u00bbenable_overlay_value\u00bb overlay_color=\u00bbrgba(0,0,0,0.5)\u00bb][vc_column][vc_empty_space height=\u00bb200px\u00bb][vc_empty_space height=\u00bb200px\u00bb][\/vc_column][\/vc_row][vc_row][vc_column][vc_empty_space height=\u00bb50px\u00bb][vc_column_text] Contamos con laboratorios y equipamiento id\u00f3neo para explorar nuevas ideas y proyectos del estudiantado. Proponemos abajo una serie de temas que pueden convertirse en tu pr\u00f3ximo TFG\/TFM o incluso en tu t\u00e9sis doctoral.[\/vc_column_text][vc_empty_space height=\u00bb90px\u00bb][\/vc_column][\/vc_row][vc_row][vc_column][vc_tta_accordion shape=\u00bbsquare\u00bb gap=\u00bb35&#8243; c_icon=\u00bbchevron\u00bb active_section=\u00bb1&#8243; collapsible_all=\u00bbtrue\u00bb][vc_tta_section title=\u00bbEstudio de la&hellip;<\/p>\n","protected":false},"author":4,"featured_media":0,"parent":0,"menu_order":0,"comment_status":"closed","ping_status":"closed","template":"","meta":[],"_links":{"self":[{"href":"https:\/\/www.uhu.es\/gima\/index.php?rest_route=\/wp\/v2\/pages\/1379"}],"collection":[{"href":"https:\/\/www.uhu.es\/gima\/index.php?rest_route=\/wp\/v2\/pages"}],"about":[{"href":"https:\/\/www.uhu.es\/gima\/index.php?rest_route=\/wp\/v2\/types\/page"}],"author":[{"embeddable":true,"href":"https:\/\/www.uhu.es\/gima\/index.php?rest_route=\/wp\/v2\/users\/4"}],"replies":[{"embeddable":true,"href":"https:\/\/www.uhu.es\/gima\/index.php?rest_route=%2Fwp%2Fv2%2Fcomments&post=1379"}],"version-history":[{"count":48,"href":"https:\/\/www.uhu.es\/gima\/index.php?rest_route=\/wp\/v2\/pages\/1379\/revisions"}],"predecessor-version":[{"id":1433,"href":"https:\/\/www.uhu.es\/gima\/index.php?rest_route=\/wp\/v2\/pages\/1379\/revisions\/1433"}],"wp:attachment":[{"href":"https:\/\/www.uhu.es\/gima\/index.php?rest_route=%2Fwp%2Fv2%2Fmedia&parent=1379"}],"curies":[{"name":"wp","href":"https:\/\/api.w.org\/{rel}","templated":true}]}}