{"id":349,"date":"2019-10-30T20:28:19","date_gmt":"2019-10-30T20:28:19","guid":{"rendered":"https:\/\/www.juanmaalonso.com\/gima\/?page_id=349"},"modified":"2019-12-16T11:53:19","modified_gmt":"2019-12-16T10:53:19","slug":"nanotecnologia","status":"publish","type":"page","link":"https:\/\/www.uhu.es\/gima\/?page_id=349","title":{"rendered":"Nanotecnolog\u00eda"},"content":{"rendered":"<p>[vc_row type=\u00bbvc_default\u00bb gap=\u00bb35&#8243; content_placement=\u00bbtop\u00bb][vc_column width=\u00bb2\/3&#8243; offset=\u00bbvc_hidden-md vc_hidden-sm vc_hidden-xs\u00bb]<div class=\"aio-icon-component    style_1\"><div id=\"Info-box-wrap-6048\" class=\"aio-icon-box default-icon\" style=\"\"  ><div class=\"aio-icon-default\"><div class=\"ult-just-icon-wrapper  \"><div class=\"align-icon\" style=\"text-align:center;\">\n<div class=\"aio-icon circle \"  style=\"color:#ffffff;background:#990000;font-size:20px;display:inline-block;\">\n\t<i class=\"icomoon-the7-font-the7-arrow-45\"><\/i>\n<\/div><\/div><\/div><\/div><div class=\"aio-icon-header\" ><h3 class=\"aio-icon-title ult-responsive\"  data-ultimate-target='#Info-box-wrap-6048 .aio-icon-title'  data-responsive-json-new='{\"font-size\":\"desktop:30px;\",\"line-height\":\"desktop:40px;\"}'  style=\"font-weight:bold;color:#000000;\">Nanotecnolog\u00eda<\/h3><\/div> <!-- header --><div class=\"aio-icon-description ult-responsive\"  data-ultimate-target='#Info-box-wrap-6048 .aio-icon-description'  data-responsive-json-new='{\"font-size\":\"desktop:18px;\",\"line-height\":\"\"}'  style=\"\"><\/p>\n<p style=\"text-align: justify;\">Esta l\u00ednea de investigaci\u00f3n fue el hilo conductor de la tesis doctoral. Los nanotubos de carbono han revolucionado el mundo de la ciencia, aplic\u00e1ndose a la electr\u00f3nica, la medicina, la qu\u00edmica y un largo etc. En las siguientes referencias se pueden ver algunos de los trabajos realizado en este campo.<\/p>\n<p style=\"text-align: justify;\">[Carbon, 2006, 44, 1581-1616], [Nano Lett. 2011, 11, 365-371], [Phys. Chem. Chem. Phys., 2018, 20, 5827-5840]<\/p>\n<p><\/div> <!-- description --><\/div> <!-- aio-icon-box --><\/div> <!-- aio-icon-component -->[vc_row_inner equal_height=\u00bbyes\u00bb content_placement=\u00bbmiddle\u00bb css=\u00bb.vc_custom_1572512806231{background-color: #f4f4f4 !important;}\u00bb][vc_column_inner width=\u00bb1\/4&#8243;][vc_single_image image=\u00bb76&#8243; alignment=\u00bbright\u00bb style=\u00bbvc_box_shadow_circle_2&#8243;][\/vc_column_inner][vc_column_inner width=\u00bb2\/3&#8243;]<div id=\"ultimate-heading-44986a054709238a8\" class=\"uvc-heading ult-adjust-bottom-margin ultimate-heading-44986a054709238a8 uvc-100  uvc-heading-default-font-sizes\" data-hspacer=\"no_spacer\"  data-halign=\"center\" style=\"text-align:center\"><div class=\"uvc-heading-spacer no_spacer\" style=\"top\"><\/div><div class=\"uvc-main-heading ult-responsive\"  data-ultimate-target='.uvc-heading.ultimate-heading-44986a054709238a8 h4'  data-responsive-json-new='{\"font-size\":\"\",\"line-height\":\"\"}' ><h4 style=\"font-weight:bold;\">Dr. Jos\u00e9 Antonio Due\u00f1as D\u00edaz<\/h4><\/div><\/div>[vc_empty_space height=\u00bb20px\u00bb]<span id=\"creative-link-wrap-4898\" class=\"ult_main_cl ult-adjust-bottom-margin  \" >\n\t \t\t\t<span class=\"  ult_crlink\" >\n\t\t\t\t\t<a  data-ultimate-target='#creative-link-wrap-4898 .ult_colorlink'  data-responsive-json-new='{\"font-size\":\"\",\"line-height\":\"\"}'  href=\"mailto:jose.duenas@die.uhu.es\" rel=\"nofollow\"  class=\"ult_colorlink ult-responsive \" style=\"font-weight:normal; \"  data-textcolor=\"#adadad\" data-texthover=\"#990000\"data-style=\"\">\n\t\t\t\t\t\t\n\t\t\t\t\t\t<span data-hover=\"jose.duenas@die.uhu.es\" style=\"color:#adadad;;;\" class=\"ult_btn10_span   \">jose.duenas@die.uhu.es<\/span>\n\t\t\t\t\t\t\n\t\t\t\t\t<\/a>\n\t\t\t\t<\/span>\n\t\t\t<\/span>[\/vc_column_inner][\/vc_row_inner][\/vc_column][vc_column width=\u00bb1\/3&#8243; offset=\u00bbvc_hidden-md vc_hidden-sm vc_hidden-xs\u00bb][vc_row_inner css=\u00bb.vc_custom_1572512397271{background-color: #ffffff !important;}\u00bb][vc_column_inner]<div id=\"ultimate-heading-16276a05470923905\" class=\"uvc-heading ult-adjust-bottom-margin ultimate-heading-16276a05470923905 uvc-4608  uvc-heading-default-font-sizes\" data-hspacer=\"no_spacer\"  data-halign=\"center\" style=\"text-align:center\"><div class=\"uvc-heading-spacer no_spacer\" style=\"top\"><\/div><div class=\"uvc-main-heading ult-responsive\"  data-ultimate-target='.uvc-heading.ultimate-heading-16276a05470923905 h3'  data-responsive-json-new='{\"font-size\":\"\",\"line-height\":\"\"}' ><h3 style=\"--font-weight:theme;color:#990000;margin-bottom:20px;\">Im\u00e1genes Relacionadas<\/h3><\/div><\/div>[vc_single_image image=\u00bb751&#8243; img_size=\u00bbmedium\u00bb alignment=\u00bbcenter\u00bb css=\u00bb.vc_custom_1576493420216{margin-bottom: 0px !important;padding-bottom: 0px !important;}\u00bb]<div id=\"ultimate-heading-93546a05470923921\" class=\"uvc-heading ult-adjust-bottom-margin ultimate-heading-93546a05470923921 uvc-5312  uvc-heading-default-font-sizes\" data-hspacer=\"no_spacer\"  data-halign=\"center\" style=\"text-align:center\"><div class=\"uvc-heading-spacer no_spacer\" style=\"top\"><\/div><div class=\"uvc-sub-heading ult-responsive\"  data-ultimate-target='.uvc-heading.ultimate-heading-93546a05470923921 .uvc-sub-heading '  data-responsive-json-new='{\"font-size\":\"desktop:18px;\",\"line-height\":\"\"}'  style=\"font-weight:normal;\">Nanotubos de Carbono<\/div><\/div>[\/vc_column_inner][\/vc_row_inner][\/vc_column][\/vc_row][vc_row type=\u00bbvc_default\u00bb gap=\u00bb35&#8243; content_placement=\u00bbtop\u00bb][vc_column width=\u00bb2\/3&#8243; offset=\u00bbvc_hidden-lg\u00bb]<div class=\"aio-icon-component    style_1\"><div id=\"Info-box-wrap-2903\" class=\"aio-icon-box default-icon\" style=\"\"  ><div class=\"aio-icon-default\"><div class=\"ult-just-icon-wrapper  \"><div class=\"align-icon\" style=\"text-align:center;\">\n<div class=\"aio-icon circle \"  style=\"color:#ffffff;background:#990000;font-size:20px;display:inline-block;\">\n\t<i class=\"icomoon-the7-font-the7-arrow-45\"><\/i>\n<\/div><\/div><\/div><\/div><div class=\"aio-icon-header\" ><h3 class=\"aio-icon-title ult-responsive\"  data-ultimate-target='#Info-box-wrap-2903 .aio-icon-title'  data-responsive-json-new='{\"font-size\":\"desktop:30px;\",\"line-height\":\"desktop:40px;\"}'  style=\"font-weight:bold;color:#000000;\">Nanotecnolog\u00eda<\/h3><\/div> <!-- header --><div class=\"aio-icon-description ult-responsive\"  data-ultimate-target='#Info-box-wrap-2903 .aio-icon-description'  data-responsive-json-new='{\"font-size\":\"desktop:18px;\",\"line-height\":\"\"}'  style=\"\"><\/p>\n<p style=\"text-align: justify;\">Esta l\u00ednea de investigaci\u00f3n fue el hilo conductor de la tesis doctoral. Los nanotubos de carbono han revolucionado el mundo de la ciencia, aplic\u00e1ndose a la electr\u00f3nica, la medicina, la qu\u00edmica y un largo etc. En las siguientes referencias se pueden ver algunos de los trabajos realizado en este campo.<\/p>\n<p style=\"text-align: justify;\">[Carbon, 2006, 44, 1581-1616], [Nano Lett. 2011, 11, 365-371], [Phys. Chem. Chem. Phys., 2018, 20, 5827-5840]<\/p>\n<p><\/div> <!-- description --><\/div> <!-- aio-icon-box --><\/div> <!-- aio-icon-component -->[\/vc_column][vc_column width=\u00bb1\/3&#8243; offset=\u00bbvc_hidden-lg\u00bb][vc_row_inner css=\u00bb.vc_custom_1572512397271{background-color: #ffffff !important;}\u00bb][vc_column_inner]<div id=\"ultimate-heading-48436a054709239bb\" class=\"uvc-heading ult-adjust-bottom-margin ultimate-heading-48436a054709239bb uvc-9234  uvc-heading-default-font-sizes\" data-hspacer=\"no_spacer\"  data-halign=\"center\" style=\"text-align:center\"><div class=\"uvc-heading-spacer no_spacer\" style=\"top\"><\/div><div class=\"uvc-main-heading ult-responsive\"  data-ultimate-target='.uvc-heading.ultimate-heading-48436a054709239bb h3'  data-responsive-json-new='{\"font-size\":\"\",\"line-height\":\"\"}' ><h3 style=\"--font-weight:theme;color:#990000;margin-bottom:20px;\">Im\u00e1genes Relacionadas<\/h3><\/div><\/div>[vc_single_image image=\u00bb751&#8243; img_size=\u00bbmedium\u00bb alignment=\u00bbcenter\u00bb css=\u00bb.vc_custom_1576493447287{margin-bottom: 0px !important;padding-bottom: 0px !important;}\u00bb]<div id=\"ultimate-heading-39016a054709239d5\" class=\"uvc-heading ult-adjust-bottom-margin ultimate-heading-39016a054709239d5 uvc-2966  uvc-heading-default-font-sizes\" data-hspacer=\"no_spacer\"  data-halign=\"center\" style=\"text-align:center\"><div class=\"uvc-heading-spacer no_spacer\" style=\"top\"><\/div><div class=\"uvc-sub-heading ult-responsive\"  data-ultimate-target='.uvc-heading.ultimate-heading-39016a054709239d5 .uvc-sub-heading '  data-responsive-json-new='{\"font-size\":\"desktop:18px;\",\"line-height\":\"\"}'  style=\"font-weight:normal;\">Nanotubos de Carbono<\/div><\/div>[\/vc_column_inner][\/vc_row_inner][\/vc_column][\/vc_row][vc_row][vc_column offset=\u00bbvc_hidden-lg\u00bb][vc_row_inner equal_height=\u00bbyes\u00bb content_placement=\u00bbmiddle\u00bb css=\u00bb.vc_custom_1572512806231{background-color: #f4f4f4 !important;}\u00bb][vc_column_inner width=\u00bb1\/4&#8243;][vc_single_image image=\u00bb76&#8243; alignment=\u00bbcenter\u00bb style=\u00bbvc_box_shadow_circle_2&#8243;][\/vc_column_inner][vc_column_inner width=\u00bb2\/3&#8243;]<div id=\"ultimate-heading-22186a054709239ee\" class=\"uvc-heading ult-adjust-bottom-margin ultimate-heading-22186a054709239ee uvc-4580  uvc-heading-default-font-sizes\" data-hspacer=\"no_spacer\"  data-halign=\"center\" style=\"text-align:center\"><div class=\"uvc-heading-spacer no_spacer\" style=\"top\"><\/div><div class=\"uvc-main-heading ult-responsive\"  data-ultimate-target='.uvc-heading.ultimate-heading-22186a054709239ee h4'  data-responsive-json-new='{\"font-size\":\"\",\"line-height\":\"\"}' ><h4 style=\"font-weight:bold;\">Dr. Jos\u00e9 Antonio Due\u00f1as D\u00edaz<\/h4><\/div><\/div>[vc_empty_space height=\u00bb20px\u00bb]<span id=\"creative-link-wrap-8982\" class=\"ult_main_cl ult-adjust-bottom-margin  \" >\n\t \t\t\t<span class=\"  ult_crlink\" >\n\t\t\t\t\t<a  data-ultimate-target='#creative-link-wrap-8982 .ult_colorlink'  data-responsive-json-new='{\"font-size\":\"\",\"line-height\":\"\"}'  href=\"mailto:jose.duenas@die.uhu.es\" rel=\"nofollow\"  class=\"ult_colorlink ult-responsive \" style=\"font-weight:normal; \"  data-textcolor=\"#adadad\" data-texthover=\"#990000\"data-style=\"\">\n\t\t\t\t\t\t\n\t\t\t\t\t\t<span data-hover=\"jose.duenas@die.uhu.es\" style=\"color:#adadad;;;\" class=\"ult_btn10_span   \">jose.duenas@die.uhu.es<\/span>\n\t\t\t\t\t\t\n\t\t\t\t\t<\/a>\n\t\t\t\t<\/span>\n\t\t\t<\/span>[\/vc_column_inner][\/vc_row_inner][\/vc_column][\/vc_row][vc_row][vc_column][vc_empty_space height=\u00bb30px\u00bb][vc_separator color=\u00bbcustom\u00bb style=\u00bbshadow\u00bb accent_color=\u00bb#990000&#8243;][vc_empty_space height=\u00bb30px\u00bb][\/vc_column][\/vc_row]<\/p>\n","protected":false},"excerpt":{"rendered":"<p>[vc_row type=\u00bbvc_default\u00bb gap=\u00bb35&#8243; content_placement=\u00bbtop\u00bb][vc_column width=\u00bb2\/3&#8243; offset=\u00bbvc_hidden-md vc_hidden-sm vc_hidden-xs\u00bb][vc_row_inner equal_height=\u00bbyes\u00bb content_placement=\u00bbmiddle\u00bb css=\u00bb.vc_custom_1572512806231{background-color: #f4f4f4 !important;}\u00bb][vc_column_inner width=\u00bb1\/4&#8243;][vc_single_image image=\u00bb76&#8243; alignment=\u00bbright\u00bb style=\u00bbvc_box_shadow_circle_2&#8243;][\/vc_column_inner][vc_column_inner width=\u00bb2\/3&#8243;][vc_empty_space height=\u00bb20px\u00bb][\/vc_column_inner][\/vc_row_inner][\/vc_column][vc_column width=\u00bb1\/3&#8243; offset=\u00bbvc_hidden-md vc_hidden-sm vc_hidden-xs\u00bb][vc_row_inner css=\u00bb.vc_custom_1572512397271{background-color: #ffffff !important;}\u00bb][vc_column_inner][vc_single_image image=\u00bb751&#8243; img_size=\u00bbmedium\u00bb alignment=\u00bbcenter\u00bb css=\u00bb.vc_custom_1576493420216{margin-bottom: 0px !important;padding-bottom: 0px !important;}\u00bb][\/vc_column_inner][\/vc_row_inner][\/vc_column][\/vc_row][vc_row type=\u00bbvc_default\u00bb gap=\u00bb35&#8243; content_placement=\u00bbtop\u00bb][vc_column width=\u00bb2\/3&#8243; offset=\u00bbvc_hidden-lg\u00bb][\/vc_column][vc_column width=\u00bb1\/3&#8243; offset=\u00bbvc_hidden-lg\u00bb][vc_row_inner css=\u00bb.vc_custom_1572512397271{background-color: #ffffff !important;}\u00bb][vc_column_inner][vc_single_image image=\u00bb751&#8243; img_size=\u00bbmedium\u00bb alignment=\u00bbcenter\u00bb css=\u00bb.vc_custom_1576493447287{margin-bottom: 0px !important;padding-bottom: 0px !important;}\u00bb][\/vc_column_inner][\/vc_row_inner][\/vc_column][\/vc_row][vc_row][vc_column offset=\u00bbvc_hidden-lg\u00bb][vc_row_inner equal_height=\u00bbyes\u00bb content_placement=\u00bbmiddle\u00bb&hellip;<\/p>\n","protected":false},"author":2,"featured_media":0,"parent":0,"menu_order":0,"comment_status":"closed","ping_status":"closed","template":"","meta":[],"_links":{"self":[{"href":"https:\/\/www.uhu.es\/gima\/index.php?rest_route=\/wp\/v2\/pages\/349"}],"collection":[{"href":"https:\/\/www.uhu.es\/gima\/index.php?rest_route=\/wp\/v2\/pages"}],"about":[{"href":"https:\/\/www.uhu.es\/gima\/index.php?rest_route=\/wp\/v2\/types\/page"}],"author":[{"embeddable":true,"href":"https:\/\/www.uhu.es\/gima\/index.php?rest_route=\/wp\/v2\/users\/2"}],"replies":[{"embeddable":true,"href":"https:\/\/www.uhu.es\/gima\/index.php?rest_route=%2Fwp%2Fv2%2Fcomments&post=349"}],"version-history":[{"count":13,"href":"https:\/\/www.uhu.es\/gima\/index.php?rest_route=\/wp\/v2\/pages\/349\/revisions"}],"predecessor-version":[{"id":1011,"href":"https:\/\/www.uhu.es\/gima\/index.php?rest_route=\/wp\/v2\/pages\/349\/revisions\/1011"}],"wp:attachment":[{"href":"https:\/\/www.uhu.es\/gima\/index.php?rest_route=%2Fwp%2Fv2%2Fmedia&parent=349"}],"curies":[{"name":"wp","href":"https:\/\/api.w.org\/{rel}","templated":true}]}}