{"id":351,"date":"2019-10-30T20:29:07","date_gmt":"2019-10-30T20:29:07","guid":{"rendered":"https:\/\/www.juanmaalonso.com\/gima\/?page_id=351"},"modified":"2019-12-16T11:48:51","modified_gmt":"2019-12-16T10:48:51","slug":"radiaciones-electromagneticas","status":"publish","type":"page","link":"https:\/\/www.uhu.es\/gima\/?page_id=351","title":{"rendered":"Radiaciones Electromagn\u00e9ticas"},"content":{"rendered":"<p>[vc_row type=\u00bbvc_default\u00bb gap=\u00bb35&#8243; content_placement=\u00bbtop\u00bb][vc_column width=\u00bb2\/3&#8243; offset=\u00bbvc_hidden-md vc_hidden-sm vc_hidden-xs\u00bb]<div class=\"aio-icon-component    style_1\"><div id=\"Info-box-wrap-4595\" class=\"aio-icon-box default-icon\" style=\"\"  ><div class=\"aio-icon-default\"><div class=\"ult-just-icon-wrapper  \"><div class=\"align-icon\" style=\"text-align:center;\">\n<div class=\"aio-icon circle \"  style=\"color:#ffffff;background:#990000;font-size:20px;display:inline-block;\">\n\t<i class=\"icomoon-the7-font-the7-arrow-45\"><\/i>\n<\/div><\/div><\/div><\/div><div class=\"aio-icon-header\" ><h3 class=\"aio-icon-title ult-responsive\"  data-ultimate-target='#Info-box-wrap-4595 .aio-icon-title'  data-responsive-json-new='{\"font-size\":\"desktop:30px;\",\"line-height\":\"desktop:40px;\"}'  style=\"font-weight:bold;color:#000000;\">Radiaciones Electromagn\u00e9ticas<\/h3><\/div> <!-- header --><div class=\"aio-icon-description ult-responsive\"  data-ultimate-target='#Info-box-wrap-4595 .aio-icon-description'  data-responsive-json-new='{\"font-size\":\"desktop:18px;\",\"line-height\":\"\"}'  style=\"\"><\/p>\n<p style=\"text-align: left;\">Medidas de radiaciones electromagn\u00e9tica en diferentes entornos es otro inter\u00e9s que se ha desarrollado en los \u00faltimos a\u00f1os. Esta l\u00ednea tambi\u00e9n se extiende a la generaci\u00f3n de campos magn\u00e9ticos para la modificaci\u00f3n de propiedades de l\u00edquidos y otros materiales.<\/p>\n<p><\/div> <!-- description --><\/div> <!-- aio-icon-box --><\/div> <!-- aio-icon-component -->[vc_row_inner equal_height=\u00bbyes\u00bb content_placement=\u00bbmiddle\u00bb css=\u00bb.vc_custom_1572512806231{background-color: #f4f4f4 !important;}\u00bb][vc_column_inner width=\u00bb1\/4&#8243;][vc_single_image image=\u00bb76&#8243; alignment=\u00bbright\u00bb style=\u00bbvc_box_shadow_circle_2&#8243;][\/vc_column_inner][vc_column_inner width=\u00bb2\/3&#8243;]<div id=\"ultimate-heading-50706a055b85874d2\" class=\"uvc-heading ult-adjust-bottom-margin ultimate-heading-50706a055b85874d2 uvc-3825  uvc-heading-default-font-sizes\" data-hspacer=\"no_spacer\"  data-halign=\"center\" style=\"text-align:center\"><div class=\"uvc-heading-spacer no_spacer\" style=\"top\"><\/div><div class=\"uvc-main-heading ult-responsive\"  data-ultimate-target='.uvc-heading.ultimate-heading-50706a055b85874d2 h4'  data-responsive-json-new='{\"font-size\":\"\",\"line-height\":\"\"}' ><h4 style=\"font-weight:bold;\">Dr. Jos\u00e9 Antonio Due\u00f1as D\u00edaz<\/h4><\/div><\/div>[vc_empty_space height=\u00bb20px\u00bb]<span id=\"creative-link-wrap-6209\" class=\"ult_main_cl ult-adjust-bottom-margin  \" >\n\t \t\t\t<span class=\"  ult_crlink\" >\n\t\t\t\t\t<a  data-ultimate-target='#creative-link-wrap-6209 .ult_colorlink'  data-responsive-json-new='{\"font-size\":\"\",\"line-height\":\"\"}'  href=\"mailto:jose.duenas@die.uhu.es\" rel=\"nofollow\"  class=\"ult_colorlink ult-responsive \" style=\"font-weight:normal; \"  data-textcolor=\"#adadad\" data-texthover=\"#990000\"data-style=\"\">\n\t\t\t\t\t\t\n\t\t\t\t\t\t<span data-hover=\"jose.duenas@die.uhu.es\" style=\"color:#adadad;;;\" class=\"ult_btn10_span   \">jose.duenas@die.uhu.es<\/span>\n\t\t\t\t\t\t\n\t\t\t\t\t<\/a>\n\t\t\t\t<\/span>\n\t\t\t<\/span>[\/vc_column_inner][\/vc_row_inner][\/vc_column][vc_column width=\u00bb1\/3&#8243; offset=\u00bbvc_hidden-md vc_hidden-sm vc_hidden-xs\u00bb][vc_row_inner css=\u00bb.vc_custom_1572512397271{background-color: #ffffff !important;}\u00bb][vc_column_inner]<div id=\"ultimate-heading-13106a055b8587533\" class=\"uvc-heading ult-adjust-bottom-margin ultimate-heading-13106a055b8587533 uvc-5512  uvc-heading-default-font-sizes\" data-hspacer=\"no_spacer\"  data-halign=\"center\" style=\"text-align:center\"><div class=\"uvc-heading-spacer no_spacer\" style=\"top\"><\/div><div class=\"uvc-main-heading ult-responsive\"  data-ultimate-target='.uvc-heading.ultimate-heading-13106a055b8587533 h3'  data-responsive-json-new='{\"font-size\":\"\",\"line-height\":\"\"}' ><h3 style=\"--font-weight:theme;color:#990000;margin-bottom:20px;\">Im\u00e1genes Relacionadas<\/h3><\/div><\/div>[vc_single_image image=\u00bb938&#8243; img_size=\u00bbmedium\u00bb alignment=\u00bbcenter\u00bb css=\u00bb.vc_custom_1576493176583{margin-bottom: 0px !important;padding-bottom: 0px !important;}\u00bb]<div id=\"ultimate-heading-93746a055b858754f\" class=\"uvc-heading ult-adjust-bottom-margin ultimate-heading-93746a055b858754f uvc-7887  uvc-heading-default-font-sizes\" data-hspacer=\"no_spacer\"  data-halign=\"center\" style=\"text-align:center\"><div class=\"uvc-heading-spacer no_spacer\" style=\"top\"><\/div><div class=\"uvc-sub-heading ult-responsive\"  data-ultimate-target='.uvc-heading.ultimate-heading-93746a055b858754f .uvc-sub-heading '  data-responsive-json-new='{\"font-size\":\"desktop:18px;\",\"line-height\":\"\"}'  style=\"font-weight:normal;\">Distribuci\u00f3n de Campo Magn\u00e9tico<\/div><\/div>[\/vc_column_inner][\/vc_row_inner][\/vc_column][\/vc_row][vc_row type=\u00bbvc_default\u00bb gap=\u00bb35&#8243; content_placement=\u00bbtop\u00bb][vc_column width=\u00bb2\/3&#8243; offset=\u00bbvc_hidden-lg\u00bb]<div class=\"aio-icon-component    style_1\"><div id=\"Info-box-wrap-5410\" class=\"aio-icon-box default-icon\" style=\"\"  ><div class=\"aio-icon-default\"><div class=\"ult-just-icon-wrapper  \"><div class=\"align-icon\" style=\"text-align:center;\">\n<div class=\"aio-icon circle \"  style=\"color:#ffffff;background:#990000;font-size:20px;display:inline-block;\">\n\t<i class=\"icomoon-the7-font-the7-arrow-45\"><\/i>\n<\/div><\/div><\/div><\/div><div class=\"aio-icon-header\" ><h3 class=\"aio-icon-title ult-responsive\"  data-ultimate-target='#Info-box-wrap-5410 .aio-icon-title'  data-responsive-json-new='{\"font-size\":\"desktop:30px;\",\"line-height\":\"desktop:40px;\"}'  style=\"font-weight:bold;color:#000000;\">Radiaciones Electromagn\u00e9ticas<\/h3><\/div> <!-- header --><div class=\"aio-icon-description ult-responsive\"  data-ultimate-target='#Info-box-wrap-5410 .aio-icon-description'  data-responsive-json-new='{\"font-size\":\"desktop:18px;\",\"line-height\":\"\"}'  style=\"\"><\/p>\n<p style=\"text-align: left;\">Medidas de radiaciones electromagn\u00e9tica en diferentes entornos es otro inter\u00e9s que se ha desarrollado en los \u00faltimos a\u00f1os. Esta l\u00ednea tambi\u00e9n se extiende a la generaci\u00f3n de campos magn\u00e9ticos para la modificaci\u00f3n de propiedades de l\u00edquidos y otros materiales.<\/p>\n<p><\/div> <!-- description --><\/div> <!-- aio-icon-box --><\/div> <!-- aio-icon-component -->[\/vc_column][vc_column width=\u00bb1\/3&#8243; offset=\u00bbvc_hidden-lg\u00bb][vc_row_inner css=\u00bb.vc_custom_1572512397271{background-color: #ffffff !important;}\u00bb][vc_column_inner]<div id=\"ultimate-heading-93146a055b85875e6\" class=\"uvc-heading ult-adjust-bottom-margin ultimate-heading-93146a055b85875e6 uvc-6046  uvc-heading-default-font-sizes\" data-hspacer=\"no_spacer\"  data-halign=\"center\" style=\"text-align:center\"><div class=\"uvc-heading-spacer no_spacer\" style=\"top\"><\/div><div class=\"uvc-main-heading ult-responsive\"  data-ultimate-target='.uvc-heading.ultimate-heading-93146a055b85875e6 h3'  data-responsive-json-new='{\"font-size\":\"\",\"line-height\":\"\"}' ><h3 style=\"--font-weight:theme;color:#990000;margin-bottom:20px;\">Im\u00e1genes Relacionadas<\/h3><\/div><\/div>[vc_single_image image=\u00bb938&#8243; img_size=\u00bbmedium\u00bb alignment=\u00bbcenter\u00bb image_hovers=\u00bbfalse\u00bb css=\u00bb.vc_custom_1576493164983{margin-bottom: 0px !important;padding-bottom: 0px !important;}\u00bb]<div id=\"ultimate-heading-89156a055b85875ff\" class=\"uvc-heading ult-adjust-bottom-margin ultimate-heading-89156a055b85875ff uvc-5085  uvc-heading-default-font-sizes\" data-hspacer=\"no_spacer\"  data-halign=\"center\" style=\"text-align:center\"><div class=\"uvc-heading-spacer no_spacer\" style=\"top\"><\/div><div class=\"uvc-sub-heading ult-responsive\"  data-ultimate-target='.uvc-heading.ultimate-heading-89156a055b85875ff .uvc-sub-heading '  data-responsive-json-new='{\"font-size\":\"desktop:18px;\",\"line-height\":\"\"}'  style=\"font-weight:normal;\">Distribuci\u00f3n de Campo Magn\u00e9tico<\/div><\/div>[\/vc_column_inner][\/vc_row_inner][\/vc_column][\/vc_row][vc_row][vc_column offset=\u00bbvc_hidden-lg\u00bb][vc_row_inner equal_height=\u00bbyes\u00bb content_placement=\u00bbmiddle\u00bb css=\u00bb.vc_custom_1572512806231{background-color: #f4f4f4 !important;}\u00bb][vc_column_inner width=\u00bb1\/4&#8243;][vc_single_image image=\u00bb76&#8243; alignment=\u00bbcenter\u00bb style=\u00bbvc_box_shadow_circle_2&#8243;][\/vc_column_inner][vc_column_inner width=\u00bb2\/3&#8243;]<div id=\"ultimate-heading-43406a055b8587617\" class=\"uvc-heading ult-adjust-bottom-margin ultimate-heading-43406a055b8587617 uvc-4251  uvc-heading-default-font-sizes\" data-hspacer=\"no_spacer\"  data-halign=\"center\" style=\"text-align:center\"><div class=\"uvc-heading-spacer no_spacer\" style=\"top\"><\/div><div class=\"uvc-main-heading ult-responsive\"  data-ultimate-target='.uvc-heading.ultimate-heading-43406a055b8587617 h4'  data-responsive-json-new='{\"font-size\":\"\",\"line-height\":\"\"}' ><h4 style=\"font-weight:bold;\">Dr. Jos\u00e9 Antonio Due\u00f1as D\u00edaz<\/h4><\/div><\/div>[vc_empty_space height=\u00bb20px\u00bb]<span id=\"creative-link-wrap-6181\" class=\"ult_main_cl ult-adjust-bottom-margin  \" >\n\t \t\t\t<span class=\"  ult_crlink\" >\n\t\t\t\t\t<a  data-ultimate-target='#creative-link-wrap-6181 .ult_colorlink'  data-responsive-json-new='{\"font-size\":\"\",\"line-height\":\"\"}'  href=\"mailto:jose.duenas@die.uhu.es\" rel=\"nofollow\"  class=\"ult_colorlink ult-responsive \" style=\"font-weight:normal; \"  data-textcolor=\"#adadad\" data-texthover=\"#990000\"data-style=\"\">\n\t\t\t\t\t\t\n\t\t\t\t\t\t<span data-hover=\"jose.duenas@die.uhu.es\" style=\"color:#adadad;;;\" class=\"ult_btn10_span   \">jose.duenas@die.uhu.es<\/span>\n\t\t\t\t\t\t\n\t\t\t\t\t<\/a>\n\t\t\t\t<\/span>\n\t\t\t<\/span>[\/vc_column_inner][\/vc_row_inner][\/vc_column][\/vc_row][vc_row][vc_column][vc_empty_space height=\u00bb30px\u00bb][vc_separator color=\u00bbcustom\u00bb style=\u00bbshadow\u00bb accent_color=\u00bb#990000&#8243;][vc_empty_space height=\u00bb30px\u00bb][\/vc_column][\/vc_row]<\/p>\n","protected":false},"excerpt":{"rendered":"<p>[vc_row type=\u00bbvc_default\u00bb gap=\u00bb35&#8243; content_placement=\u00bbtop\u00bb][vc_column width=\u00bb2\/3&#8243; offset=\u00bbvc_hidden-md vc_hidden-sm vc_hidden-xs\u00bb][vc_row_inner equal_height=\u00bbyes\u00bb content_placement=\u00bbmiddle\u00bb css=\u00bb.vc_custom_1572512806231{background-color: #f4f4f4 !important;}\u00bb][vc_column_inner width=\u00bb1\/4&#8243;][vc_single_image image=\u00bb76&#8243; alignment=\u00bbright\u00bb style=\u00bbvc_box_shadow_circle_2&#8243;][\/vc_column_inner][vc_column_inner width=\u00bb2\/3&#8243;][vc_empty_space height=\u00bb20px\u00bb][\/vc_column_inner][\/vc_row_inner][\/vc_column][vc_column width=\u00bb1\/3&#8243; offset=\u00bbvc_hidden-md vc_hidden-sm vc_hidden-xs\u00bb][vc_row_inner css=\u00bb.vc_custom_1572512397271{background-color: #ffffff !important;}\u00bb][vc_column_inner][vc_single_image image=\u00bb938&#8243; img_size=\u00bbmedium\u00bb alignment=\u00bbcenter\u00bb css=\u00bb.vc_custom_1576493176583{margin-bottom: 0px !important;padding-bottom: 0px !important;}\u00bb][\/vc_column_inner][\/vc_row_inner][\/vc_column][\/vc_row][vc_row type=\u00bbvc_default\u00bb gap=\u00bb35&#8243; content_placement=\u00bbtop\u00bb][vc_column width=\u00bb2\/3&#8243; offset=\u00bbvc_hidden-lg\u00bb][\/vc_column][vc_column width=\u00bb1\/3&#8243; offset=\u00bbvc_hidden-lg\u00bb][vc_row_inner css=\u00bb.vc_custom_1572512397271{background-color: #ffffff !important;}\u00bb][vc_column_inner][vc_single_image image=\u00bb938&#8243; img_size=\u00bbmedium\u00bb alignment=\u00bbcenter\u00bb image_hovers=\u00bbfalse\u00bb css=\u00bb.vc_custom_1576493164983{margin-bottom: 0px !important;padding-bottom: 0px !important;}\u00bb][\/vc_column_inner][\/vc_row_inner][\/vc_column][\/vc_row][vc_row][vc_column offset=\u00bbvc_hidden-lg\u00bb][vc_row_inner equal_height=\u00bbyes\u00bb&hellip;<\/p>\n","protected":false},"author":2,"featured_media":0,"parent":0,"menu_order":0,"comment_status":"closed","ping_status":"closed","template":"","meta":[],"_links":{"self":[{"href":"https:\/\/www.uhu.es\/gima\/index.php?rest_route=\/wp\/v2\/pages\/351"}],"collection":[{"href":"https:\/\/www.uhu.es\/gima\/index.php?rest_route=\/wp\/v2\/pages"}],"about":[{"href":"https:\/\/www.uhu.es\/gima\/index.php?rest_route=\/wp\/v2\/types\/page"}],"author":[{"embeddable":true,"href":"https:\/\/www.uhu.es\/gima\/index.php?rest_route=\/wp\/v2\/users\/2"}],"replies":[{"embeddable":true,"href":"https:\/\/www.uhu.es\/gima\/index.php?rest_route=%2Fwp%2Fv2%2Fcomments&post=351"}],"version-history":[{"count":13,"href":"https:\/\/www.uhu.es\/gima\/index.php?rest_route=\/wp\/v2\/pages\/351\/revisions"}],"predecessor-version":[{"id":649,"href":"https:\/\/www.uhu.es\/gima\/index.php?rest_route=\/wp\/v2\/pages\/351\/revisions\/649"}],"wp:attachment":[{"href":"https:\/\/www.uhu.es\/gima\/index.php?rest_route=%2Fwp%2Fv2%2Fmedia&parent=351"}],"curies":[{"name":"wp","href":"https:\/\/api.w.org\/{rel}","templated":true}]}}