{"id":353,"date":"2019-10-30T20:30:11","date_gmt":"2019-10-30T20:30:11","guid":{"rendered":"https:\/\/www.juanmaalonso.com\/gima\/?page_id=353"},"modified":"2019-12-16T11:47:39","modified_gmt":"2019-12-16T10:47:39","slug":"eficiencia-energetica-en-el-sector-terciario","status":"publish","type":"page","link":"https:\/\/www.uhu.es\/gima\/?page_id=353","title":{"rendered":"Eficiencia energ\u00e9tica en el sector terciario"},"content":{"rendered":"<p>[vc_row type=\u00bbvc_default\u00bb gap=\u00bb35&#8243; content_placement=\u00bbtop\u00bb][vc_column width=\u00bb2\/3&#8243; offset=\u00bbvc_hidden-md vc_hidden-sm vc_hidden-xs\u00bb]<div class=\"aio-icon-component    style_1\"><div id=\"Info-box-wrap-2386\" class=\"aio-icon-box default-icon\" style=\"\"  ><div class=\"aio-icon-default\"><div class=\"ult-just-icon-wrapper  \"><div class=\"align-icon\" style=\"text-align:center;\">\n<div class=\"aio-icon circle \"  style=\"color:#ffffff;background:#990000;font-size:20px;display:inline-block;\">\n\t<i class=\"icomoon-the7-font-the7-arrow-45\"><\/i>\n<\/div><\/div><\/div><\/div><div class=\"aio-icon-header\" ><h3 class=\"aio-icon-title ult-responsive\"  data-ultimate-target='#Info-box-wrap-2386 .aio-icon-title'  data-responsive-json-new='{\"font-size\":\"desktop:30px;\",\"line-height\":\"desktop:40px;\"}'  style=\"font-weight:bold;color:#000000;\">Eficiencia energ\u00e9tica en el sector terciario<\/h3><\/div> <!-- header --><div class=\"aio-icon-description ult-responsive\"  data-ultimate-target='#Info-box-wrap-2386 .aio-icon-description'  data-responsive-json-new='{\"font-size\":\"desktop:18px;\",\"line-height\":\"\"}'  style=\"\"><\/p>\n<p class=\"p2\" style=\"text-align: justify;\"><span class=\"s1\">El objetivo de esta l\u00ednea es el estudio de la posibilidad de mejora de la eficiencia energ\u00e9tica global en los edificios del sector terciario (hospitales, hoteles, terminales de aeropuerto, estaciones de ferrocarril, edificios de oficinas, etc.), lo que comprende:<\/span><\/p>\n<ul class=\"ul1\">\n<li class=\"li2\" style=\"text-align: justify;\"><span class=\"s1\">El estudio de los equipos de alumbrado, tanto interior como exterior, y sus efectos en el consumo el\u00e9ctrico, buscando siempre una mejora que garantice los niveles lum\u00ednicos sin penalizar el gasto energ\u00e9tico.<\/span><\/li>\n<li class=\"li2\" style=\"text-align: justify;\"><span class=\"s1\">El estudio de los sistemas de climatizaci\u00f3n y producci\u00f3n de agua caliente sanitaria para lograr el confort t\u00e9rmico seg\u00fan el RITE y optimizaci\u00f3n de los m\u00e9todos necesarios para eliminar gastos energ\u00e9ticos superfluos.<\/span><\/li>\n<li class=\"li2\" style=\"text-align: justify;\"><span class=\"s1\">El estudio de los servicios grandes consumidores de energ\u00eda (cocinas, lavander\u00edas, ascensores)<span class=\"Apple-converted-space\">\u00a0 <\/span>buscando su optimizaci\u00f3n manteniendo las prestaciones que se deben asegurar.<\/span><\/li>\n<\/ul>\n<p><\/div> <!-- description --><\/div> <!-- aio-icon-box --><\/div> <!-- aio-icon-component -->[vc_row_inner equal_height=\u00bbyes\u00bb content_placement=\u00bbmiddle\u00bb css=\u00bb.vc_custom_1572512806231{background-color: #f4f4f4 !important;}\u00bb][vc_column_inner width=\u00bb1\/4&#8243;][vc_single_image image=\u00bb632&#8243; alignment=\u00bbright\u00bb style=\u00bbvc_box_shadow_circle_2&#8243;][\/vc_column_inner][vc_column_inner width=\u00bb2\/3&#8243;]<div id=\"ultimate-heading-45486a05b6a1f05b3\" class=\"uvc-heading ult-adjust-bottom-margin ultimate-heading-45486a05b6a1f05b3 uvc-8388  uvc-heading-default-font-sizes\" data-hspacer=\"no_spacer\"  data-halign=\"center\" style=\"text-align:center\"><div class=\"uvc-heading-spacer no_spacer\" style=\"top\"><\/div><div class=\"uvc-main-heading ult-responsive\"  data-ultimate-target='.uvc-heading.ultimate-heading-45486a05b6a1f05b3 h4'  data-responsive-json-new='{\"font-size\":\"\",\"line-height\":\"\"}' ><h4 style=\"font-weight:bold;\">Sr. Jos\u00e9 Mac\u00edas Mac\u00edas<\/h4><\/div><\/div>[vc_empty_space height=\u00bb20px\u00bb]<span id=\"creative-link-wrap-7718\" class=\"ult_main_cl ult-adjust-bottom-margin  \" >\n\t \t\t\t<span class=\"  ult_crlink\" >\n\t\t\t\t\t<a  data-ultimate-target='#creative-link-wrap-7718 .ult_colorlink'  data-responsive-json-new='{\"font-size\":\"\",\"line-height\":\"\"}'  href=\"mailto:jose.macias@die.uhu.es\" rel=\"nofollow\"  class=\"ult_colorlink ult-responsive \" style=\"font-weight:normal; \"  data-textcolor=\"#adadad\" data-texthover=\"#990000\"data-style=\"\">\n\t\t\t\t\t\t\n\t\t\t\t\t\t<span data-hover=\"jose.macias@die.uhu.es\" style=\"color:#adadad;;;\" class=\"ult_btn10_span   \">jose.macias@die.uhu.es<\/span>\n\t\t\t\t\t\t\n\t\t\t\t\t<\/a>\n\t\t\t\t<\/span>\n\t\t\t<\/span>[\/vc_column_inner][\/vc_row_inner][\/vc_column][vc_column width=\u00bb1\/3&#8243; offset=\u00bbvc_hidden-md vc_hidden-sm vc_hidden-xs\u00bb][vc_row_inner css=\u00bb.vc_custom_1572512397271{background-color: #ffffff !important;}\u00bb][vc_column_inner]<div id=\"ultimate-heading-53966a05b6a1f060b\" class=\"uvc-heading ult-adjust-bottom-margin ultimate-heading-53966a05b6a1f060b uvc-7021  uvc-heading-default-font-sizes\" data-hspacer=\"no_spacer\"  data-halign=\"center\" style=\"text-align:center\"><div class=\"uvc-heading-spacer no_spacer\" style=\"top\"><\/div><div class=\"uvc-main-heading ult-responsive\"  data-ultimate-target='.uvc-heading.ultimate-heading-53966a05b6a1f060b h3'  data-responsive-json-new='{\"font-size\":\"\",\"line-height\":\"\"}' ><h3 style=\"--font-weight:theme;color:#990000;margin-bottom:20px;\">Im\u00e1genes Relacionadas<\/h3><\/div><\/div>[vc_empty_space height=\u00bb30px\u00bb][vc_single_image image=\u00bb906&#8243; img_size=\u00bbmedium\u00bb alignment=\u00bbcenter\u00bb image_hovers=\u00bbfalse\u00bb css=\u00bb.vc_custom_1576493099111{margin-bottom: 0px !important;padding-bottom: 0px !important;}\u00bb]<div id=\"ultimate-heading-81586a05b6a1f0633\" class=\"uvc-heading ult-adjust-bottom-margin ultimate-heading-81586a05b6a1f0633 uvc-2763  uvc-heading-default-font-sizes\" data-hspacer=\"no_spacer\"  data-halign=\"center\" style=\"text-align:center\"><div class=\"uvc-heading-spacer no_spacer\" style=\"top\"><\/div><div class=\"uvc-sub-heading ult-responsive\"  data-ultimate-target='.uvc-heading.ultimate-heading-81586a05b6a1f0633 .uvc-sub-heading '  data-responsive-json-new='{\"font-size\":\"desktop:18px;\",\"line-height\":\"\"}'  style=\"font-weight:normal;\">Escala de calificaci\u00f3n energ\u00e9tica<\/div><\/div>[\/vc_column_inner][\/vc_row_inner][\/vc_column][\/vc_row][vc_row type=\u00bbvc_default\u00bb gap=\u00bb35&#8243; content_placement=\u00bbtop\u00bb][vc_column width=\u00bb2\/3&#8243; offset=\u00bbvc_hidden-lg\u00bb]<div class=\"aio-icon-component    style_1\"><div id=\"Info-box-wrap-7750\" class=\"aio-icon-box default-icon\" style=\"\"  ><div class=\"aio-icon-default\"><div class=\"ult-just-icon-wrapper  \"><div class=\"align-icon\" style=\"text-align:center;\">\n<div class=\"aio-icon circle \"  style=\"color:#ffffff;background:#990000;font-size:20px;display:inline-block;\">\n\t<i class=\"icomoon-the7-font-the7-arrow-45\"><\/i>\n<\/div><\/div><\/div><\/div><div class=\"aio-icon-header\" ><h3 class=\"aio-icon-title ult-responsive\"  data-ultimate-target='#Info-box-wrap-7750 .aio-icon-title'  data-responsive-json-new='{\"font-size\":\"desktop:30px;\",\"line-height\":\"desktop:40px;\"}'  style=\"font-weight:bold;color:#000000;\">Eficiencia energ\u00e9tica en el sector terciario<\/h3><\/div> <!-- header --><div class=\"aio-icon-description ult-responsive\"  data-ultimate-target='#Info-box-wrap-7750 .aio-icon-description'  data-responsive-json-new='{\"font-size\":\"desktop:18px;\",\"line-height\":\"\"}'  style=\"\"><\/p>\n<p class=\"p2\" style=\"text-align: justify;\"><span class=\"s1\">El objetivo de esta l\u00ednea es el estudio de la posibilidad de mejora de la eficiencia energ\u00e9tica global en los edificios del sector terciario (hospitales, hoteles, terminales de aeropuerto, estaciones de ferrocarril, edificios de oficinas, etc.), lo que comprende:<\/span><\/p>\n<ul class=\"ul1\">\n<li class=\"li2\" style=\"text-align: justify;\"><span class=\"s1\">El estudio de los equipos de alumbrado, tanto interior como exterior, y sus efectos en el consumo el\u00e9ctrico, buscando siempre una mejora que garantice los niveles lum\u00ednicos sin penalizar el gasto energ\u00e9tico.<\/span><\/li>\n<li class=\"li2\" style=\"text-align: justify;\"><span class=\"s1\">El estudio de los sistemas de climatizaci\u00f3n y producci\u00f3n de agua caliente sanitaria para lograr el confort t\u00e9rmico seg\u00fan el RITE y optimizaci\u00f3n de los m\u00e9todos necesarios para eliminar gastos energ\u00e9ticos superfluos.<\/span><\/li>\n<li class=\"li2\" style=\"text-align: justify;\"><span class=\"s1\">El estudio de los servicios grandes consumidores de energ\u00eda (cocinas, lavander\u00edas, ascensores)<span class=\"Apple-converted-space\">\u00a0 <\/span>buscando su optimizaci\u00f3n manteniendo las prestaciones que se deben asegurar.<\/span><\/li>\n<\/ul>\n<p><\/div> <!-- description --><\/div> <!-- aio-icon-box --><\/div> <!-- aio-icon-component -->[\/vc_column][vc_column width=\u00bb1\/3&#8243; offset=\u00bbvc_hidden-lg\u00bb][vc_row_inner css=\u00bb.vc_custom_1572512397271{background-color: #ffffff !important;}\u00bb][vc_column_inner]<div id=\"ultimate-heading-63786a05b6a1f06be\" class=\"uvc-heading ult-adjust-bottom-margin ultimate-heading-63786a05b6a1f06be uvc-3221  uvc-heading-default-font-sizes\" data-hspacer=\"no_spacer\"  data-halign=\"center\" style=\"text-align:center\"><div class=\"uvc-heading-spacer no_spacer\" style=\"top\"><\/div><div class=\"uvc-main-heading ult-responsive\"  data-ultimate-target='.uvc-heading.ultimate-heading-63786a05b6a1f06be h3'  data-responsive-json-new='{\"font-size\":\"\",\"line-height\":\"\"}' ><h3 style=\"--font-weight:theme;color:#990000;margin-bottom:20px;\">Im\u00e1genes Relacionadas<\/h3><\/div><\/div>[vc_empty_space height=\u00bb30px\u00bb][vc_single_image image=\u00bb906&#8243; img_size=\u00bbmedium\u00bb alignment=\u00bbcenter\u00bb css=\u00bb.vc_custom_1576493107564{margin-bottom: 0px !important;padding-bottom: 0px !important;}\u00bb]<div id=\"ultimate-heading-61156a05b6a1f06d8\" class=\"uvc-heading ult-adjust-bottom-margin ultimate-heading-61156a05b6a1f06d8 uvc-1486  uvc-heading-default-font-sizes\" data-hspacer=\"no_spacer\"  data-halign=\"center\" style=\"text-align:center\"><div class=\"uvc-heading-spacer no_spacer\" style=\"top\"><\/div><div class=\"uvc-sub-heading ult-responsive\"  data-ultimate-target='.uvc-heading.ultimate-heading-61156a05b6a1f06d8 .uvc-sub-heading '  data-responsive-json-new='{\"font-size\":\"desktop:18px;\",\"line-height\":\"\"}'  style=\"font-weight:normal;\">Escala de calificaci\u00f3n energ\u00e9tica<\/div><\/div>[\/vc_column_inner][\/vc_row_inner][\/vc_column][\/vc_row][vc_row][vc_column offset=\u00bbvc_hidden-lg\u00bb][vc_row_inner equal_height=\u00bbyes\u00bb content_placement=\u00bbmiddle\u00bb css=\u00bb.vc_custom_1572512806231{background-color: #f4f4f4 !important;}\u00bb][vc_column_inner width=\u00bb1\/4&#8243;][vc_single_image image=\u00bb632&#8243; alignment=\u00bbcenter\u00bb style=\u00bbvc_box_shadow_circle_2&#8243;][\/vc_column_inner][vc_column_inner width=\u00bb2\/3&#8243;]<div id=\"ultimate-heading-61176a05b6a1f06f1\" class=\"uvc-heading ult-adjust-bottom-margin ultimate-heading-61176a05b6a1f06f1 uvc-7546  uvc-heading-default-font-sizes\" data-hspacer=\"no_spacer\"  data-halign=\"center\" style=\"text-align:center\"><div class=\"uvc-heading-spacer no_spacer\" style=\"top\"><\/div><div class=\"uvc-main-heading ult-responsive\"  data-ultimate-target='.uvc-heading.ultimate-heading-61176a05b6a1f06f1 h4'  data-responsive-json-new='{\"font-size\":\"\",\"line-height\":\"\"}' ><h4 style=\"font-weight:bold;\">Sr. Jos\u00e9 Mac\u00edas Mac\u00edas<\/h4><\/div><\/div>[vc_empty_space height=\u00bb20px\u00bb]<span id=\"creative-link-wrap-2298\" class=\"ult_main_cl ult-adjust-bottom-margin  \" >\n\t \t\t\t<span class=\"  ult_crlink\" >\n\t\t\t\t\t<a  data-ultimate-target='#creative-link-wrap-2298 .ult_colorlink'  data-responsive-json-new='{\"font-size\":\"\",\"line-height\":\"\"}'  href=\"mailto:jose.macias@die.uhu.es\" rel=\"nofollow\"  class=\"ult_colorlink ult-responsive \" style=\"font-weight:normal; \"  data-textcolor=\"#adadad\" data-texthover=\"#990000\"data-style=\"\">\n\t\t\t\t\t\t\n\t\t\t\t\t\t<span data-hover=\"jose.macias@die.uhu.es\" style=\"color:#adadad;;;\" class=\"ult_btn10_span   \">jose.macias@die.uhu.es<\/span>\n\t\t\t\t\t\t\n\t\t\t\t\t<\/a>\n\t\t\t\t<\/span>\n\t\t\t<\/span>[\/vc_column_inner][\/vc_row_inner][\/vc_column][\/vc_row][vc_row][vc_column][vc_empty_space height=\u00bb30px\u00bb][vc_separator color=\u00bbcustom\u00bb style=\u00bbshadow\u00bb accent_color=\u00bb#990000&#8243;][vc_empty_space height=\u00bb30px\u00bb][\/vc_column][\/vc_row]<\/p>\n","protected":false},"excerpt":{"rendered":"<p>[vc_row type=\u00bbvc_default\u00bb gap=\u00bb35&#8243; content_placement=\u00bbtop\u00bb][vc_column width=\u00bb2\/3&#8243; offset=\u00bbvc_hidden-md vc_hidden-sm vc_hidden-xs\u00bb][vc_row_inner equal_height=\u00bbyes\u00bb content_placement=\u00bbmiddle\u00bb css=\u00bb.vc_custom_1572512806231{background-color: #f4f4f4 !important;}\u00bb][vc_column_inner width=\u00bb1\/4&#8243;][vc_single_image image=\u00bb632&#8243; alignment=\u00bbright\u00bb style=\u00bbvc_box_shadow_circle_2&#8243;][\/vc_column_inner][vc_column_inner width=\u00bb2\/3&#8243;][vc_empty_space height=\u00bb20px\u00bb][\/vc_column_inner][\/vc_row_inner][\/vc_column][vc_column width=\u00bb1\/3&#8243; offset=\u00bbvc_hidden-md vc_hidden-sm vc_hidden-xs\u00bb][vc_row_inner css=\u00bb.vc_custom_1572512397271{background-color: #ffffff !important;}\u00bb][vc_column_inner][vc_empty_space height=\u00bb30px\u00bb][vc_single_image image=\u00bb906&#8243; img_size=\u00bbmedium\u00bb alignment=\u00bbcenter\u00bb image_hovers=\u00bbfalse\u00bb css=\u00bb.vc_custom_1576493099111{margin-bottom: 0px !important;padding-bottom: 0px !important;}\u00bb][\/vc_column_inner][\/vc_row_inner][\/vc_column][\/vc_row][vc_row type=\u00bbvc_default\u00bb gap=\u00bb35&#8243; content_placement=\u00bbtop\u00bb][vc_column width=\u00bb2\/3&#8243; offset=\u00bbvc_hidden-lg\u00bb][\/vc_column][vc_column width=\u00bb1\/3&#8243; offset=\u00bbvc_hidden-lg\u00bb][vc_row_inner css=\u00bb.vc_custom_1572512397271{background-color: #ffffff !important;}\u00bb][vc_column_inner][vc_empty_space height=\u00bb30px\u00bb][vc_single_image image=\u00bb906&#8243; img_size=\u00bbmedium\u00bb alignment=\u00bbcenter\u00bb css=\u00bb.vc_custom_1576493107564{margin-bottom: 0px !important;padding-bottom: 0px !important;}\u00bb][\/vc_column_inner][\/vc_row_inner][\/vc_column][\/vc_row][vc_row][vc_column&hellip;<\/p>\n","protected":false},"author":2,"featured_media":0,"parent":0,"menu_order":0,"comment_status":"closed","ping_status":"closed","template":"","meta":[],"_links":{"self":[{"href":"https:\/\/www.uhu.es\/gima\/index.php?rest_route=\/wp\/v2\/pages\/353"}],"collection":[{"href":"https:\/\/www.uhu.es\/gima\/index.php?rest_route=\/wp\/v2\/pages"}],"about":[{"href":"https:\/\/www.uhu.es\/gima\/index.php?rest_route=\/wp\/v2\/types\/page"}],"author":[{"embeddable":true,"href":"https:\/\/www.uhu.es\/gima\/index.php?rest_route=\/wp\/v2\/users\/2"}],"replies":[{"embeddable":true,"href":"https:\/\/www.uhu.es\/gima\/index.php?rest_route=%2Fwp%2Fv2%2Fcomments&post=353"}],"version-history":[{"count":13,"href":"https:\/\/www.uhu.es\/gima\/index.php?rest_route=\/wp\/v2\/pages\/353\/revisions"}],"predecessor-version":[{"id":1008,"href":"https:\/\/www.uhu.es\/gima\/index.php?rest_route=\/wp\/v2\/pages\/353\/revisions\/1008"}],"wp:attachment":[{"href":"https:\/\/www.uhu.es\/gima\/index.php?rest_route=%2Fwp%2Fv2%2Fmedia&parent=353"}],"curies":[{"name":"wp","href":"https:\/\/api.w.org\/{rel}","templated":true}]}}