{"id":355,"date":"2019-10-30T20:30:44","date_gmt":"2019-10-30T20:30:44","guid":{"rendered":"https:\/\/www.juanmaalonso.com\/gima\/?page_id=355"},"modified":"2019-12-16T11:46:41","modified_gmt":"2019-12-16T10:46:41","slug":"energias-renovables-en-el-sector-terciario","status":"publish","type":"page","link":"https:\/\/www.uhu.es\/gima\/?page_id=355","title":{"rendered":"Energ\u00edas renovables en el sector terciario"},"content":{"rendered":"<p>[vc_row type=\u00bbvc_default\u00bb gap=\u00bb35&#8243; content_placement=\u00bbtop\u00bb][vc_column width=\u00bb2\/3&#8243; offset=\u00bbvc_hidden-md vc_hidden-sm vc_hidden-xs\u00bb]<div class=\"aio-icon-component    style_1\"><div id=\"Info-box-wrap-3152\" class=\"aio-icon-box default-icon\" style=\"\"  ><div class=\"aio-icon-default\"><div class=\"ult-just-icon-wrapper  \"><div class=\"align-icon\" style=\"text-align:center;\">\n<div class=\"aio-icon circle \"  style=\"color:#ffffff;background:#990000;font-size:20px;display:inline-block;\">\n\t<i class=\"icomoon-the7-font-the7-arrow-45\"><\/i>\n<\/div><\/div><\/div><\/div><div class=\"aio-icon-header\" ><h3 class=\"aio-icon-title ult-responsive\"  data-ultimate-target='#Info-box-wrap-3152 .aio-icon-title'  data-responsive-json-new='{\"font-size\":\"desktop:30px;\",\"line-height\":\"desktop:40px;\"}'  style=\"font-weight:bold;color:#000000;\">Energ\u00edas renovables en el sector terciario<\/h3><\/div> <!-- header --><div class=\"aio-icon-description ult-responsive\"  data-ultimate-target='#Info-box-wrap-3152 .aio-icon-description'  data-responsive-json-new='{\"font-size\":\"desktop:18px;\",\"line-height\":\"\"}'  style=\"\"><\/p>\n<p class=\"p2\" style=\"text-align: justify;\"><span class=\"s1\">El objetivo de esta l\u00ednea es el estudio de la posibilidad de implantaci\u00f3n de instalaciones de energ\u00edas renovables en los edificios del sector terciario, lo que comprende:<\/span><\/p>\n<ul class=\"ul1\">\n<li class=\"li2\" style=\"text-align: justify;\"><span class=\"s1\">El estudio de la producci\u00f3n de agua caliente sanitaria mediante instalaciones solares t\u00e9rmicas como complemento de las instalaciones convencionales para disminuir el consumo de combustibles f\u00f3siles.<\/span><\/li>\n<li class=\"li2\" style=\"text-align: justify;\"><span class=\"s1\"> El estudio de la<span class=\"Apple-converted-space\">\u00a0 <\/span>viabilidad de montar instalaciones solares fotovoltaicas en las cubiertas o fachadas de los edificios para disminuir el consumo el\u00e9ctrico.<\/span><\/li>\n<li class=\"li2\" style=\"text-align: justify;\"><span class=\"s1\">El estudio de la posibilidad de aprovechamiento de la energ\u00eda geot\u00e9rmica considerando al terreno como foco de temperatura constante y lograr optimizar el consumo energ\u00e9tico en instalaciones de climatizaci\u00f3n.<\/span><\/li>\n<\/ul>\n<p><\/div> <!-- description --><\/div> <!-- aio-icon-box --><\/div> <!-- aio-icon-component -->[vc_row_inner equal_height=\u00bbyes\u00bb content_placement=\u00bbmiddle\u00bb css=\u00bb.vc_custom_1572512806231{background-color: #f4f4f4 !important;}\u00bb][vc_column_inner width=\u00bb1\/4&#8243;][vc_single_image image=\u00bb632&#8243; alignment=\u00bbright\u00bb style=\u00bbvc_box_shadow_circle_2&#8243;][\/vc_column_inner][vc_column_inner width=\u00bb2\/3&#8243;]<div id=\"ultimate-heading-60016a051730f2d15\" class=\"uvc-heading ult-adjust-bottom-margin ultimate-heading-60016a051730f2d15 uvc-940  uvc-heading-default-font-sizes\" data-hspacer=\"no_spacer\"  data-halign=\"center\" style=\"text-align:center\"><div class=\"uvc-heading-spacer no_spacer\" style=\"top\"><\/div><div class=\"uvc-main-heading ult-responsive\"  data-ultimate-target='.uvc-heading.ultimate-heading-60016a051730f2d15 h4'  data-responsive-json-new='{\"font-size\":\"\",\"line-height\":\"\"}' ><h4 style=\"font-weight:bold;\">Sr. Jos\u00e9 Mac\u00edas Mac\u00edas<\/h4><\/div><\/div>[vc_empty_space height=\u00bb20px\u00bb]<span id=\"creative-link-wrap-2915\" class=\"ult_main_cl ult-adjust-bottom-margin  \" >\n\t \t\t\t<span class=\"  ult_crlink\" >\n\t\t\t\t\t<a  data-ultimate-target='#creative-link-wrap-2915 .ult_colorlink'  data-responsive-json-new='{\"font-size\":\"\",\"line-height\":\"\"}'  href=\"mailto:jose.macias@die.uhu.es\" rel=\"nofollow\"  class=\"ult_colorlink ult-responsive \" style=\"font-weight:normal; \"  data-textcolor=\"#adadad\" data-texthover=\"#990000\"data-style=\"\">\n\t\t\t\t\t\t\n\t\t\t\t\t\t<span data-hover=\"jose.macias@die.uhu.es\" style=\"color:#adadad;;;\" class=\"ult_btn10_span   \">jose.macias@die.uhu.es<\/span>\n\t\t\t\t\t\t\n\t\t\t\t\t<\/a>\n\t\t\t\t<\/span>\n\t\t\t<\/span>[\/vc_column_inner][\/vc_row_inner][\/vc_column][vc_column width=\u00bb1\/3&#8243; offset=\u00bbvc_hidden-md vc_hidden-sm vc_hidden-xs\u00bb][vc_row_inner css=\u00bb.vc_custom_1572512397271{background-color: #ffffff !important;}\u00bb][vc_column_inner]<div id=\"ultimate-heading-69566a051730f2d75\" class=\"uvc-heading ult-adjust-bottom-margin ultimate-heading-69566a051730f2d75 uvc-7772  uvc-heading-default-font-sizes\" data-hspacer=\"no_spacer\"  data-halign=\"center\" style=\"text-align:center\"><div class=\"uvc-heading-spacer no_spacer\" style=\"top\"><\/div><div class=\"uvc-main-heading ult-responsive\"  data-ultimate-target='.uvc-heading.ultimate-heading-69566a051730f2d75 h3'  data-responsive-json-new='{\"font-size\":\"\",\"line-height\":\"\"}' ><h3 style=\"--font-weight:theme;color:#990000;margin-bottom:20px;\">Im\u00e1genes Relacionadas<\/h3><\/div><\/div>[vc_empty_space height=\u00bb30px\u00bb][vc_single_image image=\u00bb888&#8243; img_size=\u00bbmedium\u00bb alignment=\u00bbcenter\u00bb image_hovers=\u00bbfalse\u00bb css=\u00bb.vc_custom_1576493047667{margin-bottom: 0px !important;padding-bottom: 0px !important;}\u00bb]<div id=\"ultimate-heading-30446a051730f2d90\" class=\"uvc-heading ult-adjust-bottom-margin ultimate-heading-30446a051730f2d90 uvc-3457  uvc-heading-default-font-sizes\" data-hspacer=\"no_spacer\"  data-halign=\"center\" style=\"text-align:center\"><div class=\"uvc-heading-spacer no_spacer\" style=\"top\"><\/div><div class=\"uvc-sub-heading ult-responsive\"  data-ultimate-target='.uvc-heading.ultimate-heading-30446a051730f2d90 .uvc-sub-heading '  data-responsive-json-new='{\"font-size\":\"desktop:18px;\",\"line-height\":\"\"}'  style=\"font-weight:normal;\">Aerogeneradores y paneles fotovoltaicos<\/div><\/div>[\/vc_column_inner][\/vc_row_inner][\/vc_column][\/vc_row][vc_row type=\u00bbvc_default\u00bb gap=\u00bb35&#8243; content_placement=\u00bbtop\u00bb][vc_column width=\u00bb2\/3&#8243; offset=\u00bbvc_hidden-lg\u00bb]<div class=\"aio-icon-component    style_1\"><div id=\"Info-box-wrap-2383\" class=\"aio-icon-box default-icon\" style=\"\"  ><div class=\"aio-icon-default\"><div class=\"ult-just-icon-wrapper  \"><div class=\"align-icon\" style=\"text-align:center;\">\n<div class=\"aio-icon circle \"  style=\"color:#ffffff;background:#990000;font-size:20px;display:inline-block;\">\n\t<i class=\"icomoon-the7-font-the7-arrow-45\"><\/i>\n<\/div><\/div><\/div><\/div><div class=\"aio-icon-header\" ><h3 class=\"aio-icon-title ult-responsive\"  data-ultimate-target='#Info-box-wrap-2383 .aio-icon-title'  data-responsive-json-new='{\"font-size\":\"desktop:30px;\",\"line-height\":\"desktop:40px;\"}'  style=\"font-weight:bold;color:#000000;\">Energ\u00edas renovables en el sector terciario<\/h3><\/div> <!-- header --><div class=\"aio-icon-description ult-responsive\"  data-ultimate-target='#Info-box-wrap-2383 .aio-icon-description'  data-responsive-json-new='{\"font-size\":\"desktop:18px;\",\"line-height\":\"\"}'  style=\"\"><\/p>\n<p class=\"p2\" style=\"text-align: justify;\"><span class=\"s1\">El objetivo de esta l\u00ednea es el estudio de la posibilidad de implantaci\u00f3n de instalaciones de energ\u00edas renovables en los edificios del sector terciario, lo que comprende:<\/span><\/p>\n<ul class=\"ul1\">\n<li class=\"li2\" style=\"text-align: justify;\"><span class=\"s1\">El estudio de la producci\u00f3n de agua caliente sanitaria mediante instalaciones solares t\u00e9rmicas como complemento de las instalaciones convencionales para disminuir el consumo de combustibles f\u00f3siles.<\/span><\/li>\n<li class=\"li2\" style=\"text-align: justify;\"><span class=\"s1\"> El estudio de la<span class=\"Apple-converted-space\">\u00a0 <\/span>viabilidad de montar instalaciones solares fotovoltaicas en las cubiertas o fachadas de los edificios para disminuir el consumo el\u00e9ctrico.<\/span><\/li>\n<li class=\"li2\" style=\"text-align: justify;\"><span class=\"s1\">El estudio de la posibilidad de aprovechamiento de la energ\u00eda geot\u00e9rmica considerando al terreno como foco de temperatura constante y lograr optimizar el consumo energ\u00e9tico en instalaciones de climatizaci\u00f3n.<\/span><\/li>\n<\/ul>\n<p><\/div> <!-- description --><\/div> <!-- aio-icon-box --><\/div> <!-- aio-icon-component -->[\/vc_column][vc_column width=\u00bb1\/3&#8243; offset=\u00bbvc_hidden-lg\u00bb][vc_row_inner css=\u00bb.vc_custom_1572512397271{background-color: #ffffff !important;}\u00bb][vc_column_inner]<div id=\"ultimate-heading-38476a051730f2e14\" class=\"uvc-heading ult-adjust-bottom-margin ultimate-heading-38476a051730f2e14 uvc-7002  uvc-heading-default-font-sizes\" data-hspacer=\"no_spacer\"  data-halign=\"center\" style=\"text-align:center\"><div class=\"uvc-heading-spacer no_spacer\" style=\"top\"><\/div><div class=\"uvc-main-heading ult-responsive\"  data-ultimate-target='.uvc-heading.ultimate-heading-38476a051730f2e14 h3'  data-responsive-json-new='{\"font-size\":\"\",\"line-height\":\"\"}' ><h3 style=\"--font-weight:theme;color:#990000;margin-bottom:20px;\">Im\u00e1genes Relacionadas<\/h3><\/div><\/div>[vc_empty_space height=\u00bb30px\u00bb][vc_single_image image=\u00bb888&#8243; img_size=\u00bbmedium\u00bb alignment=\u00bbcenter\u00bb]<div id=\"ultimate-heading-77826a051730f2e34\" class=\"uvc-heading ult-adjust-bottom-margin ultimate-heading-77826a051730f2e34 uvc-6910  uvc-heading-default-font-sizes\" data-hspacer=\"no_spacer\"  data-halign=\"center\" style=\"text-align:center\"><div class=\"uvc-heading-spacer no_spacer\" style=\"top\"><\/div><div class=\"uvc-sub-heading ult-responsive\"  data-ultimate-target='.uvc-heading.ultimate-heading-77826a051730f2e34 .uvc-sub-heading '  data-responsive-json-new='{\"font-size\":\"desktop:18px;\",\"line-height\":\"\"}'  style=\"font-weight:normal;\">Aerogeneradores y paneles fotovoltaicos<\/div><\/div>[\/vc_column_inner][\/vc_row_inner][\/vc_column][\/vc_row][vc_row][vc_column offset=\u00bbvc_hidden-lg\u00bb][vc_row_inner equal_height=\u00bbyes\u00bb content_placement=\u00bbmiddle\u00bb css=\u00bb.vc_custom_1572512806231{background-color: #f4f4f4 !important;}\u00bb][vc_column_inner width=\u00bb1\/4&#8243;][vc_single_image image=\u00bb632&#8243; alignment=\u00bbcenter\u00bb style=\u00bbvc_box_shadow_circle_2&#8243;][\/vc_column_inner][vc_column_inner width=\u00bb2\/3&#8243;]<div id=\"ultimate-heading-43046a051730f2e51\" class=\"uvc-heading ult-adjust-bottom-margin ultimate-heading-43046a051730f2e51 uvc-5637  uvc-heading-default-font-sizes\" data-hspacer=\"no_spacer\"  data-halign=\"center\" style=\"text-align:center\"><div class=\"uvc-heading-spacer no_spacer\" style=\"top\"><\/div><div class=\"uvc-main-heading ult-responsive\"  data-ultimate-target='.uvc-heading.ultimate-heading-43046a051730f2e51 h4'  data-responsive-json-new='{\"font-size\":\"\",\"line-height\":\"\"}' ><h4 style=\"font-weight:bold;\">Sr. Jos\u00e9 Mac\u00edas Mac\u00edas<\/h4><\/div><\/div>[vc_empty_space height=\u00bb20px\u00bb]<span id=\"creative-link-wrap-8755\" class=\"ult_main_cl ult-adjust-bottom-margin  \" >\n\t \t\t\t<span class=\"  ult_crlink\" >\n\t\t\t\t\t<a  data-ultimate-target='#creative-link-wrap-8755 .ult_colorlink'  data-responsive-json-new='{\"font-size\":\"\",\"line-height\":\"\"}'  href=\"mailto:jose.macias@die.uhu.es\" rel=\"nofollow\"  class=\"ult_colorlink ult-responsive \" style=\"font-weight:normal; \"  data-textcolor=\"#adadad\" data-texthover=\"#990000\"data-style=\"\">\n\t\t\t\t\t\t\n\t\t\t\t\t\t<span data-hover=\"jose.macias@die.uhu.es\" style=\"color:#adadad;;;\" class=\"ult_btn10_span   \">jose.macias@die.uhu.es<\/span>\n\t\t\t\t\t\t\n\t\t\t\t\t<\/a>\n\t\t\t\t<\/span>\n\t\t\t<\/span>[\/vc_column_inner][\/vc_row_inner][\/vc_column][\/vc_row][vc_row][vc_column][vc_empty_space height=\u00bb30px\u00bb][vc_separator color=\u00bbcustom\u00bb style=\u00bbshadow\u00bb accent_color=\u00bb#990000&#8243;][vc_empty_space height=\u00bb30px\u00bb][\/vc_column][\/vc_row]<\/p>\n","protected":false},"excerpt":{"rendered":"<p>[vc_row type=\u00bbvc_default\u00bb gap=\u00bb35&#8243; content_placement=\u00bbtop\u00bb][vc_column width=\u00bb2\/3&#8243; offset=\u00bbvc_hidden-md vc_hidden-sm vc_hidden-xs\u00bb][vc_row_inner equal_height=\u00bbyes\u00bb content_placement=\u00bbmiddle\u00bb css=\u00bb.vc_custom_1572512806231{background-color: #f4f4f4 !important;}\u00bb][vc_column_inner width=\u00bb1\/4&#8243;][vc_single_image image=\u00bb632&#8243; alignment=\u00bbright\u00bb style=\u00bbvc_box_shadow_circle_2&#8243;][\/vc_column_inner][vc_column_inner width=\u00bb2\/3&#8243;][vc_empty_space height=\u00bb20px\u00bb][\/vc_column_inner][\/vc_row_inner][\/vc_column][vc_column width=\u00bb1\/3&#8243; offset=\u00bbvc_hidden-md vc_hidden-sm vc_hidden-xs\u00bb][vc_row_inner css=\u00bb.vc_custom_1572512397271{background-color: #ffffff !important;}\u00bb][vc_column_inner][vc_empty_space height=\u00bb30px\u00bb][vc_single_image image=\u00bb888&#8243; img_size=\u00bbmedium\u00bb alignment=\u00bbcenter\u00bb image_hovers=\u00bbfalse\u00bb css=\u00bb.vc_custom_1576493047667{margin-bottom: 0px !important;padding-bottom: 0px !important;}\u00bb][\/vc_column_inner][\/vc_row_inner][\/vc_column][\/vc_row][vc_row type=\u00bbvc_default\u00bb gap=\u00bb35&#8243; content_placement=\u00bbtop\u00bb][vc_column width=\u00bb2\/3&#8243; offset=\u00bbvc_hidden-lg\u00bb][\/vc_column][vc_column width=\u00bb1\/3&#8243; offset=\u00bbvc_hidden-lg\u00bb][vc_row_inner css=\u00bb.vc_custom_1572512397271{background-color: #ffffff !important;}\u00bb][vc_column_inner][vc_empty_space height=\u00bb30px\u00bb][vc_single_image image=\u00bb888&#8243; img_size=\u00bbmedium\u00bb alignment=\u00bbcenter\u00bb][\/vc_column_inner][\/vc_row_inner][\/vc_column][\/vc_row][vc_row][vc_column offset=\u00bbvc_hidden-lg\u00bb][vc_row_inner equal_height=\u00bbyes\u00bb content_placement=\u00bbmiddle\u00bb css=\u00bb.vc_custom_1572512806231{background-color: #f4f4f4&hellip;<\/p>\n","protected":false},"author":2,"featured_media":0,"parent":0,"menu_order":0,"comment_status":"closed","ping_status":"closed","template":"","meta":[],"_links":{"self":[{"href":"https:\/\/www.uhu.es\/gima\/index.php?rest_route=\/wp\/v2\/pages\/355"}],"collection":[{"href":"https:\/\/www.uhu.es\/gima\/index.php?rest_route=\/wp\/v2\/pages"}],"about":[{"href":"https:\/\/www.uhu.es\/gima\/index.php?rest_route=\/wp\/v2\/types\/page"}],"author":[{"embeddable":true,"href":"https:\/\/www.uhu.es\/gima\/index.php?rest_route=\/wp\/v2\/users\/2"}],"replies":[{"embeddable":true,"href":"https:\/\/www.uhu.es\/gima\/index.php?rest_route=%2Fwp%2Fv2%2Fcomments&post=355"}],"version-history":[{"count":10,"href":"https:\/\/www.uhu.es\/gima\/index.php?rest_route=\/wp\/v2\/pages\/355\/revisions"}],"predecessor-version":[{"id":1007,"href":"https:\/\/www.uhu.es\/gima\/index.php?rest_route=\/wp\/v2\/pages\/355\/revisions\/1007"}],"wp:attachment":[{"href":"https:\/\/www.uhu.es\/gima\/index.php?rest_route=%2Fwp%2Fv2%2Fmedia&parent=355"}],"curies":[{"name":"wp","href":"https:\/\/api.w.org\/{rel}","templated":true}]}}