{"id":357,"date":"2019-10-30T20:31:25","date_gmt":"2019-10-30T20:31:25","guid":{"rendered":"https:\/\/www.juanmaalonso.com\/gima\/?page_id=357"},"modified":"2019-12-18T09:48:18","modified_gmt":"2019-12-18T08:48:18","slug":"prevencion-de-la-legionelosis","status":"publish","type":"page","link":"https:\/\/www.uhu.es\/gima\/?page_id=357","title":{"rendered":"Prevenci\u00f3n de la legionelosis"},"content":{"rendered":"<p>[vc_row type=\u00bbvc_default\u00bb gap=\u00bb35&#8243; content_placement=\u00bbtop\u00bb][vc_column width=\u00bb2\/3&#8243; offset=\u00bbvc_hidden-md vc_hidden-sm vc_hidden-xs\u00bb]<div class=\"aio-icon-component    style_1\"><div id=\"Info-box-wrap-9316\" class=\"aio-icon-box default-icon\" style=\"\"  ><div class=\"aio-icon-default\"><div class=\"ult-just-icon-wrapper  \"><div class=\"align-icon\" style=\"text-align:center;\">\n<div class=\"aio-icon circle \"  style=\"color:#ffffff;background:#990000;font-size:20px;display:inline-block;\">\n\t<i class=\"icomoon-the7-font-the7-arrow-45\"><\/i>\n<\/div><\/div><\/div><\/div><div class=\"aio-icon-header\" ><h3 class=\"aio-icon-title ult-responsive\"  data-ultimate-target='#Info-box-wrap-9316 .aio-icon-title'  data-responsive-json-new='{\"font-size\":\"desktop:30px;\",\"line-height\":\"desktop:40px;\"}'  style=\"font-weight:bold;color:#000000;\">Prevenci\u00f3n de la legionelosis<\/h3><\/div> <!-- header --><div class=\"aio-icon-description ult-responsive\"  data-ultimate-target='#Info-box-wrap-9316 .aio-icon-description'  data-responsive-json-new='{\"font-size\":\"desktop:18px;\",\"line-height\":\"\"}'  style=\"\"><\/p>\n<p class=\"p1\" style=\"text-align: justify;\"><span class=\"s1\">El objetivo de esta l\u00ednea es el estudio de las instalaciones de riesgo seg\u00fan el RD 865\/2.003 para evitar que se conviertan en focos diseminadores de la bacteria Legionella Neumophila, lo que comprende:<\/span><\/p>\n<ul class=\"ul1\">\n<li class=\"li1\" style=\"text-align: justify;\"><span class=\"s1\">El estudio de las instalaciones de producci\u00f3n de agua caliente sanitaria proponiendo soluciones avanzadas que permitan eficiencia energ\u00e9tica y seguridad desde el punto de vista microbiol\u00f3gico, controlando las condiciones del agua para evitar que prolifere la bacteria.<\/span><\/li>\n<li class=\"li1\" style=\"text-align: justify;\"><span class=\"s1\">El estudio de las instalaciones que disponen de torres de refrigeraci\u00f3n proponiendo soluciones avanzadas que permitan eficiencia energ\u00e9tica y seguridad desde el punto de vista microbiol\u00f3gico, controlando las condiciones del agua para evitar que prolifere la bacteria.<\/span><\/li>\n<li class=\"li1\" style=\"text-align: justify;\"><span class=\"s2\">El estudio de las instalaciones de menor riesgo seg\u00fan el RD 865\/2.003<span class=\"Apple-converted-space\">\u00a0 <\/span>proponiendo soluciones avanzadas que permitan eficiencia energ\u00e9tica y seguridad desde el punto de vista microbiol\u00f3gico, controlando las condiciones del agua para evitar que prolifere la bacteria.<\/span><\/li>\n<\/ul>\n<p><\/div> <!-- description --><\/div> <!-- aio-icon-box --><\/div> <!-- aio-icon-component -->[vc_row_inner equal_height=\u00bbyes\u00bb content_placement=\u00bbmiddle\u00bb css=\u00bb.vc_custom_1572512806231{background-color: #f4f4f4 !important;}\u00bb][vc_column_inner width=\u00bb1\/4&#8243;][vc_single_image image=\u00bb632&#8243; alignment=\u00bbright\u00bb style=\u00bbvc_box_shadow_circle_2&#8243;][\/vc_column_inner][vc_column_inner width=\u00bb2\/3&#8243;]<div id=\"ultimate-heading-14666a054708a82be\" class=\"uvc-heading ult-adjust-bottom-margin ultimate-heading-14666a054708a82be uvc-1504  uvc-heading-default-font-sizes\" data-hspacer=\"no_spacer\"  data-halign=\"center\" style=\"text-align:center\"><div class=\"uvc-heading-spacer no_spacer\" style=\"top\"><\/div><div class=\"uvc-main-heading ult-responsive\"  data-ultimate-target='.uvc-heading.ultimate-heading-14666a054708a82be h4'  data-responsive-json-new='{\"font-size\":\"\",\"line-height\":\"\"}' ><h4 style=\"font-weight:bold;\">Sr. Jos\u00e9 Mac\u00edas Mac\u00edas<\/h4><\/div><\/div>[vc_empty_space height=\u00bb20px\u00bb]<span id=\"creative-link-wrap-1550\" class=\"ult_main_cl ult-adjust-bottom-margin  \" >\n\t \t\t\t<span class=\"  ult_crlink\" >\n\t\t\t\t\t<a  data-ultimate-target='#creative-link-wrap-1550 .ult_colorlink'  data-responsive-json-new='{\"font-size\":\"\",\"line-height\":\"\"}'  href=\"mailto:jose.macias@die.uhu.es\" rel=\"nofollow\"  class=\"ult_colorlink ult-responsive \" style=\"font-weight:normal; \"  data-textcolor=\"#adadad\" data-texthover=\"#990000\"data-style=\"\">\n\t\t\t\t\t\t\n\t\t\t\t\t\t<span data-hover=\"jose.macias@die.uhu.es\" style=\"color:#adadad;;;\" class=\"ult_btn10_span   \">jose.macias@die.uhu.es<\/span>\n\t\t\t\t\t\t\n\t\t\t\t\t<\/a>\n\t\t\t\t<\/span>\n\t\t\t<\/span>[\/vc_column_inner][\/vc_row_inner][\/vc_column][vc_column width=\u00bb1\/3&#8243; offset=\u00bbvc_hidden-md vc_hidden-sm vc_hidden-xs\u00bb][vc_row_inner css=\u00bb.vc_custom_1572512397271{background-color: #ffffff !important;}\u00bb][vc_column_inner]<div id=\"ultimate-heading-92506a054708a830f\" class=\"uvc-heading ult-adjust-bottom-margin ultimate-heading-92506a054708a830f uvc-9798  uvc-heading-default-font-sizes\" data-hspacer=\"no_spacer\"  data-halign=\"center\" style=\"text-align:center\"><div class=\"uvc-heading-spacer no_spacer\" style=\"top\"><\/div><div class=\"uvc-main-heading ult-responsive\"  data-ultimate-target='.uvc-heading.ultimate-heading-92506a054708a830f h3'  data-responsive-json-new='{\"font-size\":\"\",\"line-height\":\"\"}' ><h3 style=\"--font-weight:theme;color:#990000;margin-bottom:20px;\">Im\u00e1genes Relacionadas<\/h3><\/div><\/div>[vc_empty_space height=\u00bb20px\u00bb][vc_single_image image=\u00bb1024&#8243; img_size=\u00bbfull\u00bb alignment=\u00bbcenter\u00bb image_hovers=\u00bbfalse\u00bb css=\u00bb.vc_custom_1576658719471{margin-bottom: 0px !important;padding-bottom: 0px !important;}\u00bb]<div id=\"ultimate-heading-59176a054708a832a\" class=\"uvc-heading ult-adjust-bottom-margin ultimate-heading-59176a054708a832a uvc-6257  uvc-heading-default-font-sizes\" data-hspacer=\"no_spacer\"  data-halign=\"center\" style=\"text-align:center\"><div class=\"uvc-heading-spacer no_spacer\" style=\"top\"><\/div><div class=\"uvc-sub-heading ult-responsive\"  data-ultimate-target='.uvc-heading.ultimate-heading-59176a054708a832a .uvc-sub-heading '  data-responsive-json-new='{\"font-size\":\"desktop:18px;\",\"line-height\":\"\"}'  style=\"font-weight:normal;\">Cultivo de la bacteria Legionella Neumophila<\/div><\/div>[\/vc_column_inner][\/vc_row_inner][\/vc_column][\/vc_row][vc_row type=\u00bbvc_default\u00bb gap=\u00bb35&#8243; content_placement=\u00bbtop\u00bb][vc_column width=\u00bb2\/3&#8243; offset=\u00bbvc_hidden-lg\u00bb]<div class=\"aio-icon-component    style_1\"><div id=\"Info-box-wrap-5592\" class=\"aio-icon-box default-icon\" style=\"\"  ><div class=\"aio-icon-default\"><div class=\"ult-just-icon-wrapper  \"><div class=\"align-icon\" style=\"text-align:center;\">\n<div class=\"aio-icon circle \"  style=\"color:#ffffff;background:#990000;font-size:20px;display:inline-block;\">\n\t<i class=\"icomoon-the7-font-the7-arrow-45\"><\/i>\n<\/div><\/div><\/div><\/div><div class=\"aio-icon-header\" ><h3 class=\"aio-icon-title ult-responsive\"  data-ultimate-target='#Info-box-wrap-5592 .aio-icon-title'  data-responsive-json-new='{\"font-size\":\"desktop:30px;\",\"line-height\":\"desktop:40px;\"}'  style=\"font-weight:bold;color:#000000;\">Prevenci\u00f3n de la legionelosis<\/h3><\/div> <!-- header --><div class=\"aio-icon-description ult-responsive\"  data-ultimate-target='#Info-box-wrap-5592 .aio-icon-description'  data-responsive-json-new='{\"font-size\":\"desktop:18px;\",\"line-height\":\"\"}'  style=\"\"><\/p>\n<p class=\"p1\" style=\"text-align: justify;\"><span class=\"s1\">El objetivo de esta l\u00ednea es el estudio de las instalaciones de riesgo seg\u00fan el RD 865\/2.003 para evitar que se conviertan en focos diseminadores de la bacteria Legionella Neumophila, lo que comprende:<\/span><\/p>\n<ul class=\"ul1\">\n<li class=\"li1\" style=\"text-align: justify;\"><span class=\"s1\">El estudio de las instalaciones de producci\u00f3n de agua caliente sanitaria proponiendo soluciones avanzadas que permitan eficiencia energ\u00e9tica y seguridad desde el punto de vista microbiol\u00f3gico, controlando las condiciones del agua para evitar que prolifere la bacteria.<\/span><\/li>\n<li class=\"li1\" style=\"text-align: justify;\"><span class=\"s1\">El estudio de las instalaciones que disponen de torres de refrigeraci\u00f3n proponiendo soluciones avanzadas que permitan eficiencia energ\u00e9tica y seguridad desde el punto de vista microbiol\u00f3gico, controlando las condiciones del agua para evitar que prolifere la bacteria.<\/span><\/li>\n<li class=\"li1\" style=\"text-align: justify;\"><span class=\"s2\">El estudio de las instalaciones de menor riesgo seg\u00fan el RD 865\/2.003<span class=\"Apple-converted-space\">\u00a0 <\/span>proponiendo soluciones avanzadas que permitan eficiencia energ\u00e9tica y seguridad desde el punto de vista microbiol\u00f3gico, controlando las condiciones del agua para evitar que prolifere la bacteria.<\/span><\/li>\n<\/ul>\n<p><\/div> <!-- description --><\/div> <!-- aio-icon-box --><\/div> <!-- aio-icon-component -->[\/vc_column][vc_column width=\u00bb1\/3&#8243; offset=\u00bbvc_hidden-lg\u00bb][vc_row_inner css=\u00bb.vc_custom_1572512397271{background-color: #ffffff !important;}\u00bb][vc_column_inner]<div id=\"ultimate-heading-43386a054708a83b1\" class=\"uvc-heading ult-adjust-bottom-margin ultimate-heading-43386a054708a83b1 uvc-8249  uvc-heading-default-font-sizes\" data-hspacer=\"no_spacer\"  data-halign=\"center\" style=\"text-align:center\"><div class=\"uvc-heading-spacer no_spacer\" style=\"top\"><\/div><div class=\"uvc-main-heading ult-responsive\"  data-ultimate-target='.uvc-heading.ultimate-heading-43386a054708a83b1 h3'  data-responsive-json-new='{\"font-size\":\"\",\"line-height\":\"\"}' ><h3 style=\"--font-weight:theme;color:#990000;margin-bottom:20px;\">Im\u00e1genes Relacionadas<\/h3><\/div><\/div>[vc_empty_space height=\u00bb20px\u00bb][vc_single_image image=\u00bb887&#8243; img_size=\u00bbfull\u00bb alignment=\u00bbcenter\u00bb onclick=\u00bblink_image\u00bb css=\u00bb.vc_custom_1576227295154{margin-bottom: 0px !important;padding-bottom: 0px !important;}\u00bb]<div id=\"ultimate-heading-83976a054708a83ca\" class=\"uvc-heading ult-adjust-bottom-margin ultimate-heading-83976a054708a83ca uvc-9229  uvc-heading-default-font-sizes\" data-hspacer=\"no_spacer\"  data-halign=\"center\" style=\"text-align:center\"><div class=\"uvc-heading-spacer no_spacer\" style=\"top\"><\/div><div class=\"uvc-sub-heading ult-responsive\"  data-ultimate-target='.uvc-heading.ultimate-heading-83976a054708a83ca .uvc-sub-heading '  data-responsive-json-new='{\"font-size\":\"desktop:18px;\",\"line-height\":\"\"}'  style=\"font-weight:normal;\">Bacterias<\/div><\/div>[\/vc_column_inner][\/vc_row_inner][\/vc_column][\/vc_row][vc_row][vc_column offset=\u00bbvc_hidden-lg\u00bb][vc_row_inner equal_height=\u00bbyes\u00bb content_placement=\u00bbmiddle\u00bb css=\u00bb.vc_custom_1572512806231{background-color: #f4f4f4 !important;}\u00bb][vc_column_inner width=\u00bb1\/4&#8243;][vc_single_image image=\u00bb632&#8243; alignment=\u00bbcenter\u00bb style=\u00bbvc_box_shadow_circle_2&#8243;][\/vc_column_inner][vc_column_inner width=\u00bb2\/3&#8243;]<div id=\"ultimate-heading-58686a054708a83e2\" class=\"uvc-heading ult-adjust-bottom-margin ultimate-heading-58686a054708a83e2 uvc-8576  uvc-heading-default-font-sizes\" data-hspacer=\"no_spacer\"  data-halign=\"center\" style=\"text-align:center\"><div class=\"uvc-heading-spacer no_spacer\" style=\"top\"><\/div><div class=\"uvc-main-heading ult-responsive\"  data-ultimate-target='.uvc-heading.ultimate-heading-58686a054708a83e2 h4'  data-responsive-json-new='{\"font-size\":\"\",\"line-height\":\"\"}' ><h4 style=\"font-weight:bold;\">Sr. Jos\u00e9 Mac\u00edas Mac\u00edas<\/h4><\/div><\/div>[vc_empty_space height=\u00bb20px\u00bb]<span id=\"creative-link-wrap-5426\" class=\"ult_main_cl ult-adjust-bottom-margin  \" >\n\t \t\t\t<span class=\"  ult_crlink\" >\n\t\t\t\t\t<a  data-ultimate-target='#creative-link-wrap-5426 .ult_colorlink'  data-responsive-json-new='{\"font-size\":\"\",\"line-height\":\"\"}'  href=\"mailto:jose.macias@die.uhu.es\" rel=\"nofollow\"  class=\"ult_colorlink ult-responsive \" style=\"font-weight:normal; \"  data-textcolor=\"#adadad\" data-texthover=\"#990000\"data-style=\"\">\n\t\t\t\t\t\t\n\t\t\t\t\t\t<span data-hover=\"jose.macias@die.uhu.es\" style=\"color:#adadad;;;\" class=\"ult_btn10_span   \">jose.macias@die.uhu.es<\/span>\n\t\t\t\t\t\t\n\t\t\t\t\t<\/a>\n\t\t\t\t<\/span>\n\t\t\t<\/span>[\/vc_column_inner][\/vc_row_inner][\/vc_column][\/vc_row][vc_row][vc_column][vc_empty_space height=\u00bb30px\u00bb][vc_separator color=\u00bbcustom\u00bb style=\u00bbshadow\u00bb accent_color=\u00bb#990000&#8243;][vc_empty_space height=\u00bb30px\u00bb][\/vc_column][\/vc_row]<\/p>\n","protected":false},"excerpt":{"rendered":"<p>[vc_row type=\u00bbvc_default\u00bb gap=\u00bb35&#8243; content_placement=\u00bbtop\u00bb][vc_column width=\u00bb2\/3&#8243; offset=\u00bbvc_hidden-md vc_hidden-sm vc_hidden-xs\u00bb][vc_row_inner equal_height=\u00bbyes\u00bb content_placement=\u00bbmiddle\u00bb css=\u00bb.vc_custom_1572512806231{background-color: #f4f4f4 !important;}\u00bb][vc_column_inner width=\u00bb1\/4&#8243;][vc_single_image image=\u00bb632&#8243; alignment=\u00bbright\u00bb style=\u00bbvc_box_shadow_circle_2&#8243;][\/vc_column_inner][vc_column_inner width=\u00bb2\/3&#8243;][vc_empty_space height=\u00bb20px\u00bb][\/vc_column_inner][\/vc_row_inner][\/vc_column][vc_column width=\u00bb1\/3&#8243; offset=\u00bbvc_hidden-md vc_hidden-sm vc_hidden-xs\u00bb][vc_row_inner css=\u00bb.vc_custom_1572512397271{background-color: #ffffff !important;}\u00bb][vc_column_inner][vc_empty_space height=\u00bb20px\u00bb][vc_single_image image=\u00bb1024&#8243; img_size=\u00bbfull\u00bb alignment=\u00bbcenter\u00bb image_hovers=\u00bbfalse\u00bb css=\u00bb.vc_custom_1576658719471{margin-bottom: 0px !important;padding-bottom: 0px !important;}\u00bb][\/vc_column_inner][\/vc_row_inner][\/vc_column][\/vc_row][vc_row type=\u00bbvc_default\u00bb gap=\u00bb35&#8243; content_placement=\u00bbtop\u00bb][vc_column width=\u00bb2\/3&#8243; offset=\u00bbvc_hidden-lg\u00bb][\/vc_column][vc_column width=\u00bb1\/3&#8243; offset=\u00bbvc_hidden-lg\u00bb][vc_row_inner css=\u00bb.vc_custom_1572512397271{background-color: #ffffff !important;}\u00bb][vc_column_inner][vc_empty_space height=\u00bb20px\u00bb][vc_single_image image=\u00bb887&#8243; img_size=\u00bbfull\u00bb alignment=\u00bbcenter\u00bb onclick=\u00bblink_image\u00bb css=\u00bb.vc_custom_1576227295154{margin-bottom: 0px !important;padding-bottom: 0px&hellip;<\/p>\n","protected":false},"author":2,"featured_media":0,"parent":0,"menu_order":0,"comment_status":"closed","ping_status":"closed","template":"","meta":[],"_links":{"self":[{"href":"https:\/\/www.uhu.es\/gima\/index.php?rest_route=\/wp\/v2\/pages\/357"}],"collection":[{"href":"https:\/\/www.uhu.es\/gima\/index.php?rest_route=\/wp\/v2\/pages"}],"about":[{"href":"https:\/\/www.uhu.es\/gima\/index.php?rest_route=\/wp\/v2\/types\/page"}],"author":[{"embeddable":true,"href":"https:\/\/www.uhu.es\/gima\/index.php?rest_route=\/wp\/v2\/users\/2"}],"replies":[{"embeddable":true,"href":"https:\/\/www.uhu.es\/gima\/index.php?rest_route=%2Fwp%2Fv2%2Fcomments&post=357"}],"version-history":[{"count":16,"href":"https:\/\/www.uhu.es\/gima\/index.php?rest_route=\/wp\/v2\/pages\/357\/revisions"}],"predecessor-version":[{"id":1025,"href":"https:\/\/www.uhu.es\/gima\/index.php?rest_route=\/wp\/v2\/pages\/357\/revisions\/1025"}],"wp:attachment":[{"href":"https:\/\/www.uhu.es\/gima\/index.php?rest_route=%2Fwp%2Fv2%2Fmedia&parent=357"}],"curies":[{"name":"wp","href":"https:\/\/api.w.org\/{rel}","templated":true}]}}