{"id":1228,"date":"2023-10-03T15:38:47","date_gmt":"2023-10-03T13:38:47","guid":{"rendered":"https:\/\/www.uhu.es\/isrs\/?page_id=1228"},"modified":"2025-11-11T19:05:52","modified_gmt":"2025-11-11T18:05:52","slug":"project-isrs-spain","status":"publish","type":"page","link":"https:\/\/www.uhu.es\/isrs\/project-isrs-spain\/","title":{"rendered":"Project ISRS-SPAIN"},"content":{"rendered":"<div class=\"style-419 style-local-1228-c1 position-relative\" data-colibri-id=\"1228-c1\">\r\n<div id=\"initial-content\" class=\"h-section h-section-global-spacing d-flex align-items-lg-center align-items-md-center align-items-center style-420 style-local-1228-c2 position-relative\" data-colibri-component=\"section\" data-colibri-id=\"1228-c2\">\r\n<div class=\"h-section-grid-container h-section-boxed-container\">\r\n<div class=\"h-row-container gutters-row-lg-2 gutters-row-md-2 gutters-row-0 gutters-row-v-lg-2 gutters-row-v-md-2 gutters-row-v-2 style-421 style-local-1228-c3 position-relative\" data-colibri-id=\"1228-c3\">\r\n<div class=\"h-row justify-content-lg-center justify-content-md-center justify-content-center align-items-lg-stretch align-items-md-stretch align-items-stretch gutters-col-lg-2 gutters-col-md-2 gutters-col-0 gutters-col-v-lg-2 gutters-col-v-md-2 gutters-col-v-2\">\r\n<div class=\"h-column h-column-container d-flex h-col-lg-auto h-col-md-auto h-col-auto style-422-outer style-local-1228-c4-outer\">\r\n<div class=\"d-flex h-flex-basis h-column__inner h-px-lg-2 h-px-md-2 h-px-2 v-inner-lg-2 v-inner-md-2 v-inner-2 style-422 style-local-1228-c4 position-relative\" data-colibri-id=\"1228-c4\">\r\n<div class=\"w-100 h-y-container h-column__content h-column__v-align flex-basis-100 align-self-lg-start align-self-md-start align-self-start\">\r\n<div class=\"style-423 style-local-1228-c5 position-relative h-element\" data-colibri-id=\"1228-c5\">\r\n<h4><strong>PROJECT ISRS-SPAIN<\/strong><\/h4>\r\n<p style=\"padding-left: 40px;\"><strong>\u2022 <u class=\"\">Contribution of Spain to ISRS R&amp;D activities<\/u><\/strong><\/p>\r\n<p style=\"padding-left: 80px;\">Coordinator: Ismael Martel, <a href=\"https:\/\/www.uhu.es\/gestion-investigacion\/prtr\" target=\"_blank\" rel=\"noopener\">University of Huelva<\/a>.<\/p>\r\n<p style=\"padding-left: 80px;\">Deputy-Coordinator: Teresa Kurtukian, IEM, CSIC, Madrid.<\/p>\r\n<p style=\"padding-left: 80px;\">Participants:<\/p>\r\n<p style=\"padding-left: 120px;\">\u2013 Instituto de Estructura de la Materia, CSIC, Madrid. <span class=\"\">Team leader:\u00a0<\/span><span class=\"\">Olof Tengblad.<\/span><\/p>\r\n<p style=\"padding-left: 120px;\"><span class=\"\">\u2013 University of Huelva, Huelva, Spain.\u00a0<\/span><span class=\"\">Team leader:\u00a0<\/span><span class=\"\">Ismael Martel.<\/span><\/p>\r\n<p style=\"padding-left: 120px;\"><span class=\"\">\u2013 University of Valencia, Valencia, Spain.\u00a0<\/span><span class=\"\">Team leader:\u00a0<\/span><span class=\"\">Javier Resta.<\/span><\/p>\r\n<p style=\"padding-left: 120px;\">\u2013 Consorcio para la Construcci\u00f3n, Equipamiento y Explotaci\u00f3n de la Sede Espa\u00f1ola de la Fuente Europea de Neutrones por Espalaci\u00f3n, Bilbao, Spain. Team leader:\u00a0<span class=\"\">Ibon Bustinduy.<\/span><\/p>\r\n\r\n<\/div>\r\n<div class=\"style-423 style-local-1228-c5 position-relative h-element\" data-colibri-id=\"1228-c5\">\r\n<p style=\"padding-left: 40px;\">\u2022 <strong><u>Agreement published in Boletin Oficial del Estado:<\/u><\/strong><a href=\"https:\/\/www.boe.es\/diario_boe\/txt.php?id=BOE-A-2023-16885\">Documento BOE-A-2023-16885<\/a><\/p>\r\n<p style=\"padding-left: 40px;\"><strong>\u2022 <\/strong><span style=\"text-decoration: underline;\"><strong>Project Site<\/strong><\/span>:<a href=\"https:\/\/teams.microsoft.com\/v2\/\"><b> Link to project web site (MS Teams)<\/b><\/a><\/p>\r\n\r\n<\/div>\r\n<\/div>\r\n<\/div>\r\n<\/div>\r\n<\/div>\r\n&nbsp;\r\n<div class=\"h-row justify-content-lg-center justify-content-md-center justify-content-center align-items-lg-stretch align-items-md-stretch align-items-stretch gutters-col-lg-2 gutters-col-md-2 gutters-col-0 gutters-col-v-lg-2 gutters-col-v-md-2 gutters-col-v-2\">\r\n<div class=\"h-column h-column-container d-flex h-col-lg-auto h-col-md-auto h-col-auto style-422-outer style-local-1228-c4-outer\">\r\n<div class=\"d-flex h-flex-basis h-column__inner h-px-lg-2 h-px-md-2 h-px-2 v-inner-lg-2 v-inner-md-2 v-inner-2 style-422 style-local-1228-c4 position-relative\" data-colibri-id=\"1228-c4\">\r\n<div class=\"w-100 h-y-container h-column__content h-column__v-align flex-basis-100 align-self-lg-start align-self-md-start align-self-start\">\r\n<div class=\"style-423 style-local-1228-c5 position-relative h-element\" data-colibri-id=\"1228-c5\">\r\n<p style=\"padding-left: 280px;\"><img decoding=\"async\" loading=\"lazy\" class=\"wp-image-1249 alignnone\" src=\"https:\/\/www.uhu.es\/isrs\/wp-content\/uploads\/2023\/10\/UHU-211x300.jpg\" alt=\"\" width=\"97\" height=\"138\" srcset=\"https:\/\/www.uhu.es\/isrs\/wp-content\/uploads\/2023\/10\/UHU-211x300.jpg 211w, https:\/\/www.uhu.es\/isrs\/wp-content\/uploads\/2023\/10\/UHU.jpg 247w\" sizes=\"(max-width: 97px) 100vw, 97px\" \/>\u00a0<img decoding=\"async\" loading=\"lazy\" class=\" wp-image-1247 alignnone\" src=\"https:\/\/www.uhu.es\/isrs\/wp-content\/uploads\/2023\/10\/CSIC-300x75.png\" alt=\"\" width=\"224\" height=\"56\" srcset=\"https:\/\/www.uhu.es\/isrs\/wp-content\/uploads\/2023\/10\/CSIC-300x75.png 300w, https:\/\/www.uhu.es\/isrs\/wp-content\/uploads\/2023\/10\/CSIC.png 447w\" sizes=\"(max-width: 224px) 100vw, 224px\" \/>\u00a0<img decoding=\"async\" loading=\"lazy\" class=\"alignnone size-full wp-image-1246\" src=\"https:\/\/www.uhu.es\/isrs\/wp-content\/uploads\/2023\/10\/logo_ESSB.png\" alt=\"\" width=\"220\" height=\"87\" \/><img decoding=\"async\" loading=\"lazy\" class=\"alignnone wp-image-1248\" src=\"https:\/\/www.uhu.es\/isrs\/wp-content\/uploads\/2023\/10\/UV-300x300.gif\" alt=\"\" width=\"129\" height=\"129\" srcset=\"https:\/\/www.uhu.es\/isrs\/wp-content\/uploads\/2023\/10\/UV-300x300.gif 300w, https:\/\/www.uhu.es\/isrs\/wp-content\/uploads\/2023\/10\/UV-150x150.gif 150w\" sizes=\"(max-width: 129px) 100vw, 129px\" \/><\/p>\r\n<img decoding=\"async\" loading=\"lazy\" class=\"aligncenter wp-image-1367 size-full\" src=\"https:\/\/www.uhu.es\/isrs\/wp-content\/uploads\/2023\/10\/ss.png\" alt=\"\" width=\"812\" height=\"143\" \/>\r\n\r\n<\/div>\r\n<\/div>\r\n<\/div>\r\n<\/div>\r\n<\/div>\r\n<\/div>\r\n<\/div>\r\n<\/div>\r\n<\/div>","protected":false},"excerpt":{"rendered":"<p>PROJECT ISRS-SPAIN \u2022 Contribution of Spain to ISRS R&amp;D activities Coordinator: Ismael Martel, University of Huelva. Deputy-Coordinator: Teresa Kurtukian, IEM, CSIC, Madrid. Participants: \u2013 Instituto de Estructura de la Materia, CSIC, Madrid. Team leader:\u00a0Olof Tengblad. \u2013 University of Huelva, Huelva, Spain.\u00a0Team leader:\u00a0Ismael Martel. \u2013 University of Valencia, Valencia, Spain.\u00a0Team leader:\u00a0Javier Resta. \u2013 Consorcio para la [&hellip;]<\/p>\n","protected":false},"author":1,"featured_media":0,"parent":0,"menu_order":0,"comment_status":"closed","ping_status":"closed","template":"page-templates\/full-width-page.php","meta":{"footnotes":""},"_links":{"self":[{"href":"https:\/\/www.uhu.es\/isrs\/wp-json\/wp\/v2\/pages\/1228"}],"collection":[{"href":"https:\/\/www.uhu.es\/isrs\/wp-json\/wp\/v2\/pages"}],"about":[{"href":"https:\/\/www.uhu.es\/isrs\/wp-json\/wp\/v2\/types\/page"}],"author":[{"embeddable":true,"href":"https:\/\/www.uhu.es\/isrs\/wp-json\/wp\/v2\/users\/1"}],"replies":[{"embeddable":true,"href":"https:\/\/www.uhu.es\/isrs\/wp-json\/wp\/v2\/comments?post=1228"}],"version-history":[{"count":20,"href":"https:\/\/www.uhu.es\/isrs\/wp-json\/wp\/v2\/pages\/1228\/revisions"}],"predecessor-version":[{"id":1308,"href":"https:\/\/www.uhu.es\/isrs\/wp-json\/wp\/v2\/pages\/1228\/revisions\/1308"}],"wp:attachment":[{"href":"https:\/\/www.uhu.es\/isrs\/wp-json\/wp\/v2\/media?parent=1228"}],"curies":[{"name":"wp","href":"https:\/\/api.w.org\/{rel}","templated":true}]}}