{"id":10,"date":"2023-06-09T11:01:33","date_gmt":"2023-06-09T11:01:33","guid":{"rendered":"https:\/\/www.uhu.es\/proyecto-tecnosuelos\/?page_id=10"},"modified":"2023-06-15T10:34:57","modified_gmt":"2023-06-15T10:34:57","slug":"equipo","status":"publish","type":"page","link":"https:\/\/www.uhu.es\/proyecto-tecnosuelos\/equipo\/","title":{"rendered":"Equipo"},"content":{"rendered":"\n<div class=\"wp-block-cover alignfull is-light\"><span aria-hidden=\"true\" class=\"wp-block-cover__background has-background-dim\"><\/span><img decoding=\"async\" class=\"wp-block-cover__image-background wp-image-21\" alt=\"\" src=\"https:\/\/www.uhu.es\/proyecto-tecnosuelos\/wp-content\/uploads\/2023\/06\/terreno-de-muestras.jpg\" data-object-fit=\"cover\"\/><div class=\"wp-block-cover__inner-container\">\n<h1 class=\"wp-block-heading has-text-align-center has-large-font-size\">EQUIPO<\/h1>\n\n\n\n<div class=\"wp-block-buttons is-content-justification-center is-layout-flex wp-container-1\">\n<div class=\"wp-block-button\"><a class=\"wp-block-button__link wp-element-button\" href=\"#investigacion\">Investigadores\/as<\/a><\/div>\n\n\n\n<div class=\"wp-block-button is-style-fill\"><a class=\"wp-block-button__link wp-element-button\" href=\"#colaborador\">Colaboradores\/as<\/a><\/div>\n\n\n\n<div class=\"wp-block-button\"><a class=\"wp-block-button__link wp-element-button\" href=\"#socio\">Socio<\/a><\/div>\n<\/div>\n<\/div><\/div>\n\n\n\n<div style=\"height:100px\" aria-hidden=\"true\" class=\"wp-block-spacer\"><\/div>\n\n\n\n<h2 class=\"wp-block-heading\" id=\"investigacion\">Equipo de investigaci\u00f3n<\/h2>\n\n\n\n<div class=\"wp-block-columns is-layout-flex wp-container-6\">\n<div class=\"wp-block-column is-layout-flow\">\n<figure class=\"wp-block-image size-full is-resized is-style-rounded\"><img decoding=\"async\" loading=\"lazy\" src=\"https:\/\/www.uhu.es\/proyecto-tecnosuelos\/wp-content\/uploads\/2023\/06\/Juan-Fernandez-Caliani.jpg\" alt=\"\" class=\"wp-image-69\" width=\"113\" height=\"113\"\/><\/figure>\n\n\n\n<p><strong>Dr. Juan Carlos Fern\u00e1ndez Caliani<\/strong><\/p>\n\n\n\n<p>Profesor Titular de Universidad Universidad de Huelva caliani@uhu.es<br><a href=\"https:\/\/orcid.org\/0000-0002-1580-7929\" target=\"_blank\" rel=\"noopener\">ORCID: 0000-0002-1580-7929<\/a><\/p>\n<\/div>\n\n\n\n<div class=\"wp-block-column is-layout-flow\">\n<figure class=\"wp-block-image size-full is-resized is-style-rounded\"><img decoding=\"async\" loading=\"lazy\" src=\"https:\/\/www.uhu.es\/proyecto-tecnosuelos\/wp-content\/uploads\/2023\/06\/inmaculada-giraldez.jpeg\" alt=\"\" class=\"wp-image-67\" width=\"113\" height=\"113\"\/><\/figure>\n\n\n\n<p><strong>Dra. Inmaculada Gir\u00e1ldez D\u00edaz<\/strong> <\/p>\n\n\n\n<p>Profesora Titular de Universidad Universidad de Huelva giraldez@uhu.es<br><a href=\"https:\/\/orcid.org\/0000-0002-6277-0161\" target=\"_blank\" rel=\"noopener\">ORCID: 0000-0002-6277-0161<\/a><\/p>\n<\/div>\n\n\n\n<div class=\"wp-block-column is-layout-flow\">\n<figure class=\"wp-block-image size-full is-resized is-style-rounded\"><img decoding=\"async\" loading=\"lazy\" src=\"https:\/\/www.uhu.es\/proyecto-tecnosuelos\/wp-content\/uploads\/2023\/06\/mercedes-ruiz-montoya.jpeg\" alt=\"\" class=\"wp-image-70\" width=\"113\" height=\"113\"\/><\/figure>\n\n\n\n<p><strong>Dra. Mercedes Ruiz Montoya<\/strong> <\/p>\n\n\n\n<p>Catedr\u00e1tica de Universidad Universidad de Huelva montoya@uhu.es<br><a href=\"https:\/\/orcid.org\/0000-0002-7902-1941\" target=\"_blank\" rel=\"noopener\">ORCID: 0000-0002-7902-1941<\/a><\/p>\n<\/div>\n\n\n\n<div class=\"wp-block-column is-layout-flow\">\n<figure class=\"wp-block-image size-full is-resized is-style-rounded\"><img decoding=\"async\" loading=\"lazy\" src=\"https:\/\/www.uhu.es\/proyecto-tecnosuelos\/wp-content\/uploads\/2023\/06\/imagen-avatar.png\" alt=\"\" class=\"wp-image-72\" width=\"113\" height=\"113\"\/><\/figure>\n\n\n\n<p><strong>Dr. Emilio Morales Carrillo de Albornoz<\/strong><\/p>\n\n\n\n<p>Profesor Titular de Universidad Universidad de Huelva albornoz@uhu.es<br><a href=\"https:\/\/orcid.org\/0000-0003-1781-9250\" target=\"_blank\" rel=\"noopener\">ORCID: 0000-0003-1781-9250<\/a><\/p>\n<\/div>\n<\/div>\n\n\n\n<div class=\"wp-block-columns is-layout-flex wp-container-11\">\n<div class=\"wp-block-column is-layout-flow\">\n<figure class=\"wp-block-image size-full is-resized is-style-rounded\"><img decoding=\"async\" loading=\"lazy\" src=\"https:\/\/www.uhu.es\/proyecto-tecnosuelos\/wp-content\/uploads\/2023\/06\/cinta-barba-brioso.jpeg\" alt=\"\" class=\"wp-image-65\" width=\"113\" height=\"113\"\/><\/figure>\n\n\n\n<p><strong>Dra. Cinta Barba Brioso<\/strong><\/p>\n\n\n\n<p>Profesora Contratada Doctora Universidad de Sevilla cbarba@us.es<br><a href=\"https:\/\/orcid.org\/0000-0002-7557-4573\" target=\"_blank\" rel=\"noopener\">ORCID: 0000-0002-7557-4573<\/a><\/p>\n<\/div>\n\n\n\n<div class=\"wp-block-column is-layout-flow\">\n<figure class=\"wp-block-image size-full is-resized is-style-rounded\"><img decoding=\"async\" loading=\"lazy\" src=\"https:\/\/www.uhu.es\/proyecto-tecnosuelos\/wp-content\/uploads\/2023\/06\/Pablo-Hidalgo-3.jpg\" alt=\"\" class=\"wp-image-71\" width=\"113\" height=\"113\"\/><\/figure>\n\n\n\n<p><strong>Dr. Pablo J. Hidalgo Fern\u00e1ndez<\/strong><\/p>\n\n\n\n<p>Profesor Titular de Universidad Universidad de Huelva hidalgo@uhu.es<br><a href=\"https:\/\/orcid.org\/0000-0001-9704-8139\" target=\"_blank\" rel=\"noopener\">ORCID: 0000-0001-9704-8139<\/a><\/p>\n<\/div>\n\n\n\n<div class=\"wp-block-column is-layout-flow\">\n<figure class=\"wp-block-image size-full is-resized is-style-rounded\"><img decoding=\"async\" loading=\"lazy\" src=\"https:\/\/www.uhu.es\/proyecto-tecnosuelos\/wp-content\/uploads\/2023\/06\/isabel-centa.jpg\" alt=\"\" class=\"wp-image-68\" width=\"113\" height=\"113\"\/><\/figure>\n\n\n\n<p><strong>Dra. Isabel Gonz\u00e1lez D\u00edez <\/strong><\/p>\n\n\n\n<p>Catedr\u00e1tica de Universidad Universidad de Sevilla igonza@us.es<br><a href=\"https:\/\/orcid.org\/0000-0002-2979-5682\" target=\"_blank\" rel=\"noopener\">ORCID: 0000-0002-2979-5682<\/a><\/p>\n<\/div>\n\n\n\n<div class=\"wp-block-column is-layout-flow\"><\/div>\n<\/div>\n\n\n\n<h2 class=\"wp-block-heading\" id=\"colaborador\">Equipo de Colaboradores\/as<\/h2>\n\n\n\n<div class=\"wp-block-columns is-layout-flex wp-container-16\">\n<div class=\"wp-block-column is-layout-flow\">\n<figure class=\"wp-block-image size-full is-resized is-style-rounded\"><img decoding=\"async\" loading=\"lazy\" src=\"https:\/\/www.uhu.es\/proyecto-tecnosuelos\/wp-content\/uploads\/2023\/06\/JESUS-Diaz-Blanco-.jpg\" alt=\"\" class=\"wp-image-63\" width=\"113\" height=\"113\"\/><\/figure>\n\n\n\n<p><strong>Dr. Manuel J. D\u00edaz Blanco <\/strong><\/p>\n\n\n\n<p>Catedr\u00e1tico de Universidad Universidad de Huelva dblanco@uhu.es<br><a href=\"https:\/\/orcid.org\/0000-0002-5059-4340\" target=\"_blank\" rel=\"noopener\">ORCID: 0000-0002-5059-4340<\/a><\/p>\n<\/div>\n\n\n\n<div class=\"wp-block-column is-layout-flow\">\n<figure class=\"wp-block-image size-full is-resized is-style-rounded\"><img decoding=\"async\" loading=\"lazy\" src=\"https:\/\/www.uhu.es\/proyecto-tecnosuelos\/wp-content\/uploads\/2023\/06\/engracia.jpeg\" alt=\"\" class=\"wp-image-66\" width=\"113\" height=\"113\"\/><\/figure>\n\n\n\n<p><strong>Dra. Engracia Madej\u00f3n Rodr\u00edguez<\/strong><\/p>\n\n\n\n<p>Investigadora Cient\u00edfica IRNAS (CSIC) emadejon@irnase.csic.es <a href=\"https:\/\/orcid.org\/0000-0002-6282-7041\" target=\"_blank\" rel=\"noopener\">ORCID: 0000-0002-6282-7041<\/a><\/p>\n<\/div>\n\n\n\n<div class=\"wp-block-column is-layout-flow\">\n<figure class=\"wp-block-image size-full is-resized is-style-rounded\"><img decoding=\"async\" loading=\"lazy\" src=\"https:\/\/www.uhu.es\/proyecto-tecnosuelos\/wp-content\/uploads\/2023\/06\/sandra-fernandez.jpeg\" alt=\"\" class=\"wp-image-64\" width=\"113\" height=\"113\"\/><\/figure>\n\n\n\n<p><strong>Sandra Fern\u00e1ndez Landero<\/strong><\/p>\n\n\n\n<p>T\u00e9cnico Grado Superior Universidad de Huelva sandra.fernandez@dct.uhu.es<br><\/p>\n<\/div>\n\n\n\n<div class=\"wp-block-column is-layout-flow\"><\/div>\n<\/div>\n\n\n\n<h2 class=\"wp-block-heading\" id=\"socio\">Socio colaborador<\/h2>\n\n\n\n<div class=\"wp-block-columns is-layout-flex wp-container-19\">\n<div class=\"wp-block-column is-layout-flow\" style=\"flex-basis:33.33%\">\n<figure class=\"wp-block-image size-full\"><img decoding=\"async\" src=\"https:\/\/www.uhu.es\/proyecto-tecnosuelos\/wp-content\/uploads\/2023\/06\/DSM.png\" alt=\"\" class=\"wp-image-34\"\/><\/figure>\n<\/div>\n\n\n\n<div class=\"wp-block-column is-layout-flow\" style=\"flex-basis:66.66%\">\n<p>El equipo de investigaci\u00f3n cuenta con la colaboraci\u00f3n de la empresa DSM Soluciones Medioambientales, una compa\u00f1\u00eda l\u00edder con una trayectoria de m\u00e1s de 20 a\u00f1os ofreciendo soluciones integrales en el desarrollo de proyectos industriales y medioambientales, como gesti\u00f3n de residuos peligrosos y no peligrosos, descontaminaci\u00f3n y rehabilitaci\u00f3n de suelos afectados, tratamiento, valorizaci\u00f3n y eliminaci\u00f3n final de residuos.<\/p>\n\n\n\n<p>Su participaci\u00f3n no s\u00f3lo se limita a financiar el 15% del presupuesto total del Proyecto, sino que tambi\u00e9n aporta recursos t\u00e9cnicos y humanos, como las instalaciones de su Centro Ambiental de Nerva (Huelva) y la colaboraci\u00f3n del Director de Ingenier\u00eda (Dr. Javier Gonz\u00e1lez del Valle Francos) y el Director T\u00e9cnico del Departamento de Suelos Contaminados (D. V\u00edctor Gabari Boa).<\/p>\n<\/div>\n<\/div>\n","protected":false},"excerpt":{"rendered":"<p>Equipo de investigaci\u00f3n Dr. Juan Carlos Fern\u00e1ndez Caliani Profesor Titular de Universidad Universidad de Huelva caliani@uhu.esORCID: 0000-0002-1580-7929 Dra. Inmaculada Gir\u00e1ldez D\u00edaz Profesora Titular de Universidad Universidad de Huelva giraldez@uhu.esORCID: 0000-0002-6277-0161 Dra. Mercedes Ruiz Montoya Catedr\u00e1tica de Universidad Universidad de Huelva montoya@uhu.esORCID: 0000-0002-7902-1941 Dr. Emilio Morales Carrillo de Albornoz Profesor Titular de Universidad Universidad de Huelva &hellip;<\/p>\n<p class=\"read-more\"> <a class=\"\" href=\"https:\/\/www.uhu.es\/proyecto-tecnosuelos\/equipo\/\"> <span class=\"screen-reader-text\">Equipo<\/span> Read More &raquo;<\/a><\/p>\n","protected":false},"author":1,"featured_media":0,"parent":0,"menu_order":0,"comment_status":"closed","ping_status":"closed","template":"","meta":{"site-sidebar-layout":"default","site-content-layout":"default","ast-global-header-display":"","ast-banner-title-visibility":"","ast-main-header-display":"","ast-hfb-above-header-display":"","ast-hfb-below-header-display":"","ast-hfb-mobile-header-display":"","site-post-title":"","ast-breadcrumbs-content":"","ast-featured-img":"","footer-sml-layout":"","theme-transparent-header-meta":"","adv-header-id-meta":"","stick-header-meta":"","header-above-stick-meta":"","header-main-stick-meta":"","header-below-stick-meta":""},"_links":{"self":[{"href":"https:\/\/www.uhu.es\/proyecto-tecnosuelos\/wp-json\/wp\/v2\/pages\/10"}],"collection":[{"href":"https:\/\/www.uhu.es\/proyecto-tecnosuelos\/wp-json\/wp\/v2\/pages"}],"about":[{"href":"https:\/\/www.uhu.es\/proyecto-tecnosuelos\/wp-json\/wp\/v2\/types\/page"}],"author":[{"embeddable":true,"href":"https:\/\/www.uhu.es\/proyecto-tecnosuelos\/wp-json\/wp\/v2\/users\/1"}],"replies":[{"embeddable":true,"href":"https:\/\/www.uhu.es\/proyecto-tecnosuelos\/wp-json\/wp\/v2\/comments?post=10"}],"version-history":[{"count":10,"href":"https:\/\/www.uhu.es\/proyecto-tecnosuelos\/wp-json\/wp\/v2\/pages\/10\/revisions"}],"predecessor-version":[{"id":147,"href":"https:\/\/www.uhu.es\/proyecto-tecnosuelos\/wp-json\/wp\/v2\/pages\/10\/revisions\/147"}],"wp:attachment":[{"href":"https:\/\/www.uhu.es\/proyecto-tecnosuelos\/wp-json\/wp\/v2\/media?parent=10"}],"curies":[{"name":"wp","href":"https:\/\/api.w.org\/{rel}","templated":true}]}}