{"id":79,"date":"2023-06-09T12:55:24","date_gmt":"2023-06-09T12:55:24","guid":{"rendered":"https:\/\/www.uhu.es\/proyecto-tecnosuelos\/?page_id=79"},"modified":"2025-05-18T16:23:49","modified_gmt":"2025-05-18T16:23:49","slug":"transferencia","status":"publish","type":"page","link":"https:\/\/www.uhu.es\/proyecto-tecnosuelos\/transferencia\/","title":{"rendered":"Transferencia"},"content":{"rendered":"\n<div class=\"wp-block-cover alignfull is-light\"><span aria-hidden=\"true\" class=\"wp-block-cover__background has-background-dim\"><\/span><img decoding=\"async\" class=\"wp-block-cover__image-background wp-image-47\" alt=\"\" src=\"https:\/\/www.uhu.es\/proyecto-tecnosuelos\/wp-content\/uploads\/2023\/06\/Flores-en-laboratorio-vertical.jpg\" style=\"object-position:40% 92%\" data-object-fit=\"cover\" data-object-position=\"40% 92%\"\/><div class=\"wp-block-cover__inner-container\">\n<p class=\"has-text-align-center has-large-font-size\">Transferencia<\/p>\n<\/div><\/div>\n\n\n\n<div style=\"height:100px\" aria-hidden=\"true\" class=\"wp-block-spacer\"><\/div>\n\n\n\n<p>Los resultados esperados del Proyecto son transferibles al sector empresarial interesado en la regeneraci\u00f3n de suelos mineros por una senda de sostenibilidad, a costes de inversi\u00f3n relativamente bajos, de lo que podr\u00edan derivarse posibles acuerdos de colaboraci\u00f3n para la ejecuci\u00f3n de una segunda fase de pruebas a escala piloto.<\/p>\n\n\n\n<p class=\"has-medium-font-size\"><strong>Reuniones con responsables de empresas que han expresado alguna muestra de inter\u00e9s en explotar los resultados del proyecto<\/strong><\/p>\n\n\n\n<div class=\"wp-block-columns are-vertically-aligned-center is-layout-flex wp-container-3\">\n<div class=\"wp-block-column is-vertically-aligned-center is-layout-flow\" style=\"flex-basis:33.33%\">\n<figure class=\"wp-block-image aligncenter size-large\"><img decoding=\"async\" loading=\"lazy\" width=\"1024\" height=\"576\" src=\"https:\/\/www.uhu.es\/proyecto-tecnosuelos\/wp-content\/uploads\/2023\/10\/logo-GSS-scaled-1-1024x576.jpg\" alt=\"\" class=\"wp-image-269\" srcset=\"https:\/\/www.uhu.es\/proyecto-tecnosuelos\/wp-content\/uploads\/2023\/10\/logo-GSS-scaled-1-1024x576.jpg 1024w, https:\/\/www.uhu.es\/proyecto-tecnosuelos\/wp-content\/uploads\/2023\/10\/logo-GSS-scaled-1-300x169.jpg 300w, https:\/\/www.uhu.es\/proyecto-tecnosuelos\/wp-content\/uploads\/2023\/10\/logo-GSS-scaled-1-768x432.jpg 768w, https:\/\/www.uhu.es\/proyecto-tecnosuelos\/wp-content\/uploads\/2023\/10\/logo-GSS-scaled-1-1536x864.jpg 1536w, https:\/\/www.uhu.es\/proyecto-tecnosuelos\/wp-content\/uploads\/2023\/10\/logo-GSS-scaled-1-2048x1152.jpg 2048w\" sizes=\"(max-width: 1024px) 100vw, 1024px\" \/><\/figure>\n<\/div>\n\n\n\n<div class=\"wp-block-column is-vertically-aligned-center is-layout-flow\" style=\"flex-basis:66.66%\">\n<p><strong>David Gonz\u00e1lez Campos.<\/strong> Director General de Green Soil Solutions<br>Encuentro: Sevilla, 13 de septiembre de 2023<br><\/p>\n\n\n\n<p>Contrato de investigaci\u00f3n (art\u00ba 60 LOSU) suscrito entre el Prof. Juan Carlos Fern\u00e1ndez Caliani (Universidad de Huelva) y la empresa Green Soil Solutions para realizar una <strong>Evaluaci\u00f3n de Residuos No Peligrosos Generados en la Provincia de Huelva para la Elaboraci\u00f3n de Tecnosuelos<\/strong>.<\/p>\n\n\n\n<p>Ref: 94-2023<\/p>\n\n\n\n<p>Fecha de inicio: 31 de octubre de 2023<\/p>\n\n\n\n<p>Fecha de finalizaci\u00f3n: 30 de junio de 2025<\/p>\n<\/div>\n<\/div>\n\n\n\n<div class=\"wp-block-columns are-vertically-aligned-center is-layout-flex wp-container-6\">\n<div class=\"wp-block-column is-vertically-aligned-center is-layout-flow\" style=\"flex-basis:33.33%\">\n<figure class=\"wp-block-image aligncenter size-full is-resized\"><img decoding=\"async\" loading=\"lazy\" src=\"https:\/\/www.uhu.es\/proyecto-tecnosuelos\/wp-content\/uploads\/2023\/06\/logo-emerita-de-la-presentacion.png\" alt=\"\" class=\"wp-image-28\" width=\"259\" height=\"104\"\/><\/figure>\n\n\n\n<figure class=\"wp-block-image aligncenter size-full is-resized\"><img decoding=\"async\" loading=\"lazy\" src=\"https:\/\/www.uhu.es\/proyecto-tecnosuelos\/wp-content\/uploads\/2023\/06\/DSM.png\" alt=\"\" class=\"wp-image-34\" width=\"250\" height=\"152\"\/><\/figure>\n<\/div>\n\n\n\n<div class=\"wp-block-column is-vertically-aligned-center is-layout-flow\" style=\"flex-basis:66.66%\">\n<p><strong>Laura Golfe Ariete<\/strong>. Gerente de Medio Ambiente y Sostenibilidad. EMERITA Resources<br><\/p>\n\n\n\n<p><strong>V\u00edctor Gabari Boa<\/strong>. Responsable del \u00c1rea de Inspecci\u00f3n Medioambiental y Descontaminaci\u00f3n de Suelos. DSM Soluciones Medioambientales<br><br>Encuentro: Huelva, 8 de marzo de 2023<br><\/p>\n<\/div>\n<\/div>\n\n\n\n<div class=\"wp-block-columns are-vertically-aligned-center is-layout-flex wp-container-9\">\n<div class=\"wp-block-column is-vertically-aligned-center is-layout-flow\" style=\"flex-basis:33.33%\">\n<figure class=\"wp-block-image aligncenter size-large\"><img decoding=\"async\" src=\"https:\/\/www.uhu.es\/proyecto-tecnosuelos\/wp-content\/uploads\/2023\/06\/veolia-1024x418.png\" alt=\"\" class=\"wp-image-30\"\/><\/figure>\n<\/div>\n\n\n\n<div class=\"wp-block-column is-vertically-aligned-center is-layout-flow\" style=\"flex-basis:66.66%\">\n<p><strong>Miguel Ma\u00edz Ram\u00edrez<\/strong>. Director General de Remediaci\u00f3n. Grupo Veolia<br><br><strong>Joaqu\u00edn P\u00e9rez Novo<\/strong>. Director de Desarrollo de Mercado y Gases Renovables. Grupo Veolia<br><br>Encuentro: Huelva, 18 de enero de 2023<\/p>\n<\/div>\n<\/div>\n\n\n\n<div class=\"wp-block-columns are-vertically-aligned-center is-layout-flex wp-container-12\">\n<div class=\"wp-block-column is-vertically-aligned-center is-layout-flow\" style=\"flex-basis:33.33%\">\n<figure class=\"wp-block-image aligncenter size-large is-resized\"><img decoding=\"async\" loading=\"lazy\" src=\"https:\/\/www.uhu.es\/proyecto-tecnosuelos\/wp-content\/uploads\/2025\/05\/Captura-de-pantalla-2025-05-18-a-las-18.04.03-1-352x1024.png\" alt=\"\" class=\"wp-image-321\" width=\"96\" height=\"281\"\/><\/figure>\n<\/div>\n\n\n\n<div class=\"wp-block-column is-vertically-aligned-center is-layout-flow\" style=\"flex-basis:66.66%\">\n<p>En el marco de las actividades de transferencia del Proyecto, los resultados obtenidos han sido compartidos con personal t\u00e9cnico de la Junta de Andaluc\u00eda mediante una\u00a0<strong><strong>Acci\u00f3n Formativa <\/strong><\/strong>organizada por la Consejer\u00eda de Sostenibilidad y Medio Ambiente sobre<strong><strong> Contaminaci\u00f3n por Metales Pesados en Suelos y Aguas<\/strong>, <\/strong>celebrada en Sevilla entre el\u00a04 de marzo y el 8 de abril de 2025.<\/p>\n\n\n\n<p>Durante esta formaci\u00f3n, el\u00a0Dr. Juan Carlos Fern\u00e1ndez Caliani\u00a0imparti\u00f3 la ponencia titulada:<strong> Tecnosoles: Una aproximaci\u00f3n a la remediaci\u00f3n de suelos basada en la valorizaci\u00f3n de residuos<\/strong><\/p>\n<\/div>\n<\/div>\n\n\n\n<p><\/p>\n","protected":false},"excerpt":{"rendered":"<p>Los resultados esperados del Proyecto son transferibles al sector empresarial interesado en la regeneraci\u00f3n de suelos mineros por una senda de sostenibilidad, a costes de inversi\u00f3n relativamente bajos, de lo que podr\u00edan derivarse posibles acuerdos de colaboraci\u00f3n para la ejecuci\u00f3n de una segunda fase de pruebas a escala piloto. Reuniones con responsables de empresas que &hellip;<\/p>\n<p class=\"read-more\"> <a class=\"\" href=\"https:\/\/www.uhu.es\/proyecto-tecnosuelos\/transferencia\/\"> <span class=\"screen-reader-text\">Transferencia<\/span> Read More &raquo;<\/a><\/p>\n","protected":false},"author":1,"featured_media":0,"parent":0,"menu_order":0,"comment_status":"closed","ping_status":"closed","template":"","meta":{"site-sidebar-layout":"default","site-content-layout":"default","ast-global-header-display":"","ast-banner-title-visibility":"","ast-main-header-display":"","ast-hfb-above-header-display":"","ast-hfb-below-header-display":"","ast-hfb-mobile-header-display":"","site-post-title":"","ast-breadcrumbs-content":"","ast-featured-img":"","footer-sml-layout":"","theme-transparent-header-meta":"","adv-header-id-meta":"","stick-header-meta":"","header-above-stick-meta":"","header-main-stick-meta":"","header-below-stick-meta":""},"_links":{"self":[{"href":"https:\/\/www.uhu.es\/proyecto-tecnosuelos\/wp-json\/wp\/v2\/pages\/79"}],"collection":[{"href":"https:\/\/www.uhu.es\/proyecto-tecnosuelos\/wp-json\/wp\/v2\/pages"}],"about":[{"href":"https:\/\/www.uhu.es\/proyecto-tecnosuelos\/wp-json\/wp\/v2\/types\/page"}],"author":[{"embeddable":true,"href":"https:\/\/www.uhu.es\/proyecto-tecnosuelos\/wp-json\/wp\/v2\/users\/1"}],"replies":[{"embeddable":true,"href":"https:\/\/www.uhu.es\/proyecto-tecnosuelos\/wp-json\/wp\/v2\/comments?post=79"}],"version-history":[{"count":7,"href":"https:\/\/www.uhu.es\/proyecto-tecnosuelos\/wp-json\/wp\/v2\/pages\/79\/revisions"}],"predecessor-version":[{"id":322,"href":"https:\/\/www.uhu.es\/proyecto-tecnosuelos\/wp-json\/wp\/v2\/pages\/79\/revisions\/322"}],"wp:attachment":[{"href":"https:\/\/www.uhu.es\/proyecto-tecnosuelos\/wp-json\/wp\/v2\/media?parent=79"}],"curies":[{"name":"wp","href":"https:\/\/api.w.org\/{rel}","templated":true}]}}