{"id":83,"date":"2023-06-09T13:01:30","date_gmt":"2023-06-09T13:01:30","guid":{"rendered":"https:\/\/www.uhu.es\/proyecto-tecnosuelos\/?page_id=83"},"modified":"2024-10-04T08:08:47","modified_gmt":"2024-10-04T08:08:47","slug":"divulgacion","status":"publish","type":"page","link":"https:\/\/www.uhu.es\/proyecto-tecnosuelos\/divulgacion\/","title":{"rendered":"Divulgaci\u00f3n"},"content":{"rendered":"\n<div class=\"wp-block-cover alignfull is-light\"><span aria-hidden=\"true\" class=\"wp-block-cover__background has-background-dim\"><\/span><img decoding=\"async\" loading=\"lazy\" width=\"1280\" height=\"722\" class=\"wp-block-cover__image-background wp-image-203\" alt=\"\" src=\"https:\/\/www.uhu.es\/proyecto-tecnosuelos\/wp-content\/uploads\/2023\/06\/divulgacion.jpg\" data-object-fit=\"cover\" srcset=\"https:\/\/www.uhu.es\/proyecto-tecnosuelos\/wp-content\/uploads\/2023\/06\/divulgacion.jpg 1280w, https:\/\/www.uhu.es\/proyecto-tecnosuelos\/wp-content\/uploads\/2023\/06\/divulgacion-300x169.jpg 300w, https:\/\/www.uhu.es\/proyecto-tecnosuelos\/wp-content\/uploads\/2023\/06\/divulgacion-1024x578.jpg 1024w, https:\/\/www.uhu.es\/proyecto-tecnosuelos\/wp-content\/uploads\/2023\/06\/divulgacion-768x433.jpg 768w\" sizes=\"(max-width: 1280px) 100vw, 1280px\" \/><div class=\"wp-block-cover__inner-container\">\n<p class=\"has-text-align-center has-large-font-size\">Acciones de Divulgaci\u00f3n<\/p>\n<\/div><\/div>\n\n\n\n<div style=\"height:100px\" aria-hidden=\"true\" class=\"wp-block-spacer\"><\/div>\n\n\n\n<div class=\"wp-block-columns is-layout-flex wp-container-2\">\n<div class=\"wp-block-column is-layout-flow\" style=\"flex-basis:66.66%\">\n<h4 class=\"wp-block-heading\">Notas de prensa<\/h4>\n\n\n\n<figure class=\"wp-block-image size-full is-resized\"><img decoding=\"async\" loading=\"lazy\" src=\"https:\/\/www.uhu.es\/proyecto-tecnosuelos\/wp-content\/uploads\/2024\/06\/logo-Junta.png\" alt=\"\" class=\"wp-image-299\" width=\"183\" height=\"51\" srcset=\"https:\/\/www.uhu.es\/proyecto-tecnosuelos\/wp-content\/uploads\/2024\/06\/logo-Junta.png 578w, https:\/\/www.uhu.es\/proyecto-tecnosuelos\/wp-content\/uploads\/2024\/06\/logo-Junta-300x85.png 300w\" sizes=\"(max-width: 183px) 100vw, 183px\" \/><\/figure>\n\n\n\n<ul>\n<li><strong><a href=\"https:\/\/www.juntadeandalucia.es\/organismos\/universidadinvestigacioneinnovacion\/servicios\/actualidad\/noticias\/detalle\/517543.html\" target=\"_blank\" rel=\"noopener\">Junta y UHU impulsan el desarrollo de un tecnosuelo para revitalizar zonas contaminadas por metales<\/a><\/strong><\/li>\n<\/ul>\n\n\n\n<figure class=\"wp-block-image size-full is-resized\"><img decoding=\"async\" loading=\"lazy\" src=\"https:\/\/www.uhu.es\/proyecto-tecnosuelos\/wp-content\/uploads\/2024\/06\/logo-2.png\" alt=\"\" class=\"wp-image-292\" width=\"170\" height=\"85\"\/><\/figure>\n\n\n\n<ul>\n<li><a href=\"https:\/\/fundaciondescubre.es\/noticias\/desarrollan-un-tecnosuelo-que-revitaliza-zonas-contaminadas-por-metales\/\" target=\"_blank\" rel=\"noopener\"><strong>Desarrollan un tecnosuelo que revitaliza zonas contaminadas por metales<\/strong><\/a><\/li>\n\n\n\n<li><strong><a href=\"https:\/\/idescubre.fundaciondescubre.es\/noticias\/un-tecnosuelo-que-regenera-la-vida-de-riotinto-hasta-marte\/\" target=\"_blank\" rel=\"noopener\">Un tecnosuelo que regenera la vida: de Riotinto hasta Marte<\/a><\/strong><\/li>\n<\/ul>\n\n\n\n<figure class=\"wp-block-image size-full is-resized\"><img decoding=\"async\" loading=\"lazy\" src=\"https:\/\/www.uhu.es\/proyecto-tecnosuelos\/wp-content\/uploads\/2024\/06\/logo-3.png\" alt=\"\" class=\"wp-image-295\" width=\"158\" height=\"43\" srcset=\"https:\/\/www.uhu.es\/proyecto-tecnosuelos\/wp-content\/uploads\/2024\/06\/logo-3.png 500w, https:\/\/www.uhu.es\/proyecto-tecnosuelos\/wp-content\/uploads\/2024\/06\/logo-3-300x82.png 300w\" sizes=\"(max-width: 158px) 100vw, 158px\" \/><\/figure>\n\n\n\n<ul>\n<li><a href=\"https:\/\/www.retema.es\/actualidad\/la-eficacia-de-los-tecnosuelos-para-recuperar-el-medio-ambiente\" target=\"_blank\" rel=\"noopener\"><strong>La eficacia de los tecnosuelos para recuperar el medio ambiente<\/strong><\/a><\/li>\n<\/ul>\n<\/div>\n<\/div>\n\n\n\n<div class=\"wp-block-columns is-layout-flex wp-container-5\">\n<div class=\"wp-block-column is-layout-flow\" style=\"flex-basis:33.33%\">\n<figure class=\"wp-block-image size-full\"><img decoding=\"async\" loading=\"lazy\" width=\"478\" height=\"677\" src=\"https:\/\/www.uhu.es\/proyecto-tecnosuelos\/wp-content\/uploads\/2023\/06\/26.jpg\" alt=\"\" class=\"wp-image-194\" srcset=\"https:\/\/www.uhu.es\/proyecto-tecnosuelos\/wp-content\/uploads\/2023\/06\/26.jpg 478w, https:\/\/www.uhu.es\/proyecto-tecnosuelos\/wp-content\/uploads\/2023\/06\/26-212x300.jpg 212w\" sizes=\"(max-width: 478px) 100vw, 478px\" \/><\/figure>\n<\/div>\n\n\n\n<div class=\"wp-block-column is-layout-flow\" style=\"flex-basis:66.66%\">\n<h2 class=\"wp-block-heading\">Jornada D\u00eda Mundial del Suelo<\/h2>\n\n\n\n<p>Presentaci\u00f3n de resultados parciales del Proyecto en la Jornada conmemorativa del D\u00eda Mundial del Suelo, organizada por la Direcci\u00f3n General de Sostenibilidad Ambiental y Cambio Clim\u00e1tico de la Junta de Andaluc\u00eda <\/p>\n\n\n\n<p>Ponente invitado: Juan Carlos Fern\u00e1ndez Caliani<\/p>\n\n\n\n<ul>\n<li><a href=\"https:\/\/www.juntadeandalucia.es\/medioambiente\/portal\/documents\/20151\/71212420\/Programa+Jornada+d\u00eda+mundial+del+Suelo+2022.pdf\/f298113e-daeb-88a4-2d2f-5fabaaf11e84?t=1668601897662\" target=\"_blank\" rel=\"noopener\">Consulta el programa<\/a><\/li>\n\n\n\n<li><a href=\"https:\/\/www.uhu.es\/proyecto-tecnosuelos\/wp-content\/uploads\/2023\/07\/Presentacion-Juan-Carlos-Fdez_Caliani.pdf\">Descarga la presentaci\u00f3n<\/a> (pdf)<\/li>\n\n\n\n<li><a href=\"https:\/\/www.juntadeandalucia.es\/medioambiente\/portal\/landing-page-video\/-\/asset_publisher\/PmKROClys4I4\/content\/jornada-dia-mundial-del-suelo-2022\/20151\" target=\"_blank\" rel=\"noopener\">V\u00eddeo sobre la Jornada<\/a> <\/li>\n<\/ul>\n\n\n\n<figure class=\"wp-block-image size-full\"><img decoding=\"async\" loading=\"lazy\" width=\"240\" height=\"192\" src=\"https:\/\/www.uhu.es\/proyecto-tecnosuelos\/wp-content\/uploads\/2023\/06\/27.jpg\" alt=\"\" class=\"wp-image-195\"\/><\/figure>\n<\/div>\n<\/div>\n\n\n\n<div class=\"wp-block-columns is-layout-flex wp-container-9\">\n<div class=\"wp-block-column is-layout-flow\" style=\"flex-basis:33.33%\">\n<figure class=\"wp-block-image size-large\"><img decoding=\"async\" loading=\"lazy\" width=\"724\" height=\"1024\" src=\"https:\/\/www.uhu.es\/proyecto-tecnosuelos\/wp-content\/uploads\/2023\/07\/Jornada-Huertos-y-Mineria-724x1024.jpg\" alt=\"\" class=\"wp-image-233\" srcset=\"https:\/\/www.uhu.es\/proyecto-tecnosuelos\/wp-content\/uploads\/2023\/07\/Jornada-Huertos-y-Mineria-724x1024.jpg 724w, https:\/\/www.uhu.es\/proyecto-tecnosuelos\/wp-content\/uploads\/2023\/07\/Jornada-Huertos-y-Mineria-212x300.jpg 212w, https:\/\/www.uhu.es\/proyecto-tecnosuelos\/wp-content\/uploads\/2023\/07\/Jornada-Huertos-y-Mineria-768x1086.jpg 768w, https:\/\/www.uhu.es\/proyecto-tecnosuelos\/wp-content\/uploads\/2023\/07\/Jornada-Huertos-y-Mineria-1086x1536.jpg 1086w, https:\/\/www.uhu.es\/proyecto-tecnosuelos\/wp-content\/uploads\/2023\/07\/Jornada-Huertos-y-Mineria.jpg 1131w\" sizes=\"(max-width: 724px) 100vw, 724px\" \/><\/figure>\n<\/div>\n\n\n\n<div class=\"wp-block-column is-layout-flow\"><\/div>\n\n\n\n<div class=\"wp-block-column is-layout-flow\" style=\"flex-basis:66.66%\">\n<p><\/p>\n\n\n\n<p class=\"has-small-font-size\"><\/p>\n\n\n\n<h2 class=\"wp-block-heading\">Jornada de Huertos y Miner\u00eda<\/h2>\n\n\n\n<p style=\"font-size:16px\">Divulgaci\u00f3n de los resultados del Proyecto en una <strong>Jornada sobre Huertos y Miner\u00eda <\/strong>celebrada en Minas de Riotinto, mediante una conferencia informativa titulada <strong>\u00bfPuede recuperarse un suelo minero?<\/strong> <\/p>\n\n\n\n<p style=\"font-size:16px\">Ponentes invitados: Juan Carlos Fern\u00e1ndez Caliani e Inmaculada Gir\u00e1ldez D\u00edaz<\/p>\n\n\n\n<ul>\n<li><a href=\"https:\/\/tintonoticias.com\/asociacion-matilde-organiza-una-jornada-sobre-huertos-y-mineria\/\" target=\"_blank\" rel=\"noopener\">Descargar programa y ver noticia<\/a><\/li>\n<\/ul>\n<\/div>\n<\/div>\n\n\n\n<div class=\"wp-block-columns is-layout-flex wp-container-11\">\n<div class=\"wp-block-column is-layout-flow\" style=\"flex-basis:100%\">\n<figure class=\"wp-block-image size-large is-resized\"><img decoding=\"async\" loading=\"lazy\" src=\"https:\/\/www.uhu.es\/proyecto-tecnosuelos\/wp-content\/uploads\/2023\/07\/Captura-de-pantalla-2023-07-12-a-las-12.54.49-1024x401.jpg\" alt=\"\" class=\"wp-image-222\" width=\"1024\" height=\"401\" srcset=\"https:\/\/www.uhu.es\/proyecto-tecnosuelos\/wp-content\/uploads\/2023\/07\/Captura-de-pantalla-2023-07-12-a-las-12.54.49-1024x401.jpg 1024w, https:\/\/www.uhu.es\/proyecto-tecnosuelos\/wp-content\/uploads\/2023\/07\/Captura-de-pantalla-2023-07-12-a-las-12.54.49-300x117.jpg 300w, https:\/\/www.uhu.es\/proyecto-tecnosuelos\/wp-content\/uploads\/2023\/07\/Captura-de-pantalla-2023-07-12-a-las-12.54.49-768x301.jpg 768w, https:\/\/www.uhu.es\/proyecto-tecnosuelos\/wp-content\/uploads\/2023\/07\/Captura-de-pantalla-2023-07-12-a-las-12.54.49-1536x601.jpg 1536w, https:\/\/www.uhu.es\/proyecto-tecnosuelos\/wp-content\/uploads\/2023\/07\/Captura-de-pantalla-2023-07-12-a-las-12.54.49-2048x802.jpg 2048w\" sizes=\"(max-width: 1024px) 100vw, 1024px\" \/><\/figure>\n\n\n\n<p><\/p>\n\n\n\n<h2 class=\"wp-block-heading has-large-font-size\">Taller INVESTIGADORES ceiA3 en el \u00e1mbito de SUELOS y Sinergias con Grupos Operativos<\/h2>\n\n\n\n<p><strong>Presentaci\u00f3n de los resultados del Proyecto a los investigadores del Campus de Excelencia Internacional ceiA3<\/strong>.<\/p>\n\n\n\n<p>Ponente invitado: Juan Carlos Fern\u00e1ndez Caliani<\/p>\n\n\n\n<ul>\n<li><a href=\"http:\/\/www.ceia3.es\/images\/stories\/pdf\/eventos\/tallerSuelos_20072023\/info_jornada_SUELOS_22072023.pdf\" target=\"_blank\" rel=\"noopener\">Consulta el programa<\/a><\/li>\n<\/ul>\n\n\n\n<ul>\n<li><a href=\"https:\/\/www.uhu.es\/proyecto-tecnosuelos\/wp-content\/uploads\/2023\/07\/Taller_Suelos.pdf\">Descarga la presentaci\u00f3n<\/a> (pdf)<\/li>\n<\/ul>\n\n\n\n<ul>\n<li><a href=\"http:\/\/www.ceia3.es\/es\/noticias\/el-ceia3-celebra-un-taller-del-ambito-de-suelos-a-traves-de-sus-investigadores\/\" target=\"_blank\" rel=\"noopener\">Ver la noticia<\/a><\/li>\n<\/ul>\n<\/div>\n<\/div>\n\n\n\n<div class=\"wp-block-columns is-layout-flex wp-container-13\">\n<div class=\"wp-block-column is-layout-flow\" style=\"flex-basis:100%\">\n<figure class=\"wp-block-image size-large\"><img decoding=\"async\" loading=\"lazy\" width=\"1024\" height=\"746\" src=\"https:\/\/www.uhu.es\/proyecto-tecnosuelos\/wp-content\/uploads\/2024\/10\/Captura-de-pantalla-2024-10-04-a-las-9.42.14-1024x746.png\" alt=\"\" class=\"wp-image-315\" srcset=\"https:\/\/www.uhu.es\/proyecto-tecnosuelos\/wp-content\/uploads\/2024\/10\/Captura-de-pantalla-2024-10-04-a-las-9.42.14-1024x746.png 1024w, https:\/\/www.uhu.es\/proyecto-tecnosuelos\/wp-content\/uploads\/2024\/10\/Captura-de-pantalla-2024-10-04-a-las-9.42.14-300x219.png 300w, https:\/\/www.uhu.es\/proyecto-tecnosuelos\/wp-content\/uploads\/2024\/10\/Captura-de-pantalla-2024-10-04-a-las-9.42.14-768x560.png 768w, https:\/\/www.uhu.es\/proyecto-tecnosuelos\/wp-content\/uploads\/2024\/10\/Captura-de-pantalla-2024-10-04-a-las-9.42.14-1536x1119.png 1536w, https:\/\/www.uhu.es\/proyecto-tecnosuelos\/wp-content\/uploads\/2024\/10\/Captura-de-pantalla-2024-10-04-a-las-9.42.14-2048x1492.png 2048w\" sizes=\"(max-width: 1024px) 100vw, 1024px\" \/><\/figure>\n\n\n\n<h2 class=\"wp-block-heading has-large-font-size\">La Noche Europea de l@s Investigador@s<\/h2>\n\n\n\n<p>Microencuentro: <strong>Los suelos mineros de Riotinto nos dan pistas para cultivar plantas en Marte<\/strong><\/p>\n\n\n\n<ul>\n<li><a href=\"https:\/\/lanochedelosinvestigadores.fundaciondescubre.es\/actividades\/los-suelos-mineros-de-riotinto-nos-dan-pistas-para-cultivar-plantas-en-marte\/\" target=\"_blank\" rel=\"noopener\">M\u00e1s informaci\u00f3n<\/a><\/li>\n<\/ul>\n\n\n\n<ul><\/ul>\n<\/div>\n<\/div>\n\n\n\n<div style=\"height:100px\" aria-hidden=\"true\" class=\"wp-block-spacer\"><\/div>\n","protected":false},"excerpt":{"rendered":"<p>Notas de prensa Jornada D\u00eda Mundial del Suelo Presentaci\u00f3n de resultados parciales del Proyecto en la Jornada conmemorativa del D\u00eda Mundial del Suelo, organizada por la Direcci\u00f3n General de Sostenibilidad Ambiental y Cambio Clim\u00e1tico de la Junta de Andaluc\u00eda Ponente invitado: Juan Carlos Fern\u00e1ndez Caliani Jornada de Huertos y Miner\u00eda Divulgaci\u00f3n de los resultados del &hellip;<\/p>\n<p class=\"read-more\"> <a class=\"\" href=\"https:\/\/www.uhu.es\/proyecto-tecnosuelos\/divulgacion\/\"> <span class=\"screen-reader-text\">Divulgaci\u00f3n<\/span> Read More &raquo;<\/a><\/p>\n","protected":false},"author":1,"featured_media":203,"parent":0,"menu_order":0,"comment_status":"closed","ping_status":"closed","template":"","meta":{"site-sidebar-layout":"default","site-content-layout":"default","ast-global-header-display":"","ast-banner-title-visibility":"","ast-main-header-display":"","ast-hfb-above-header-display":"","ast-hfb-below-header-display":"","ast-hfb-mobile-header-display":"","site-post-title":"","ast-breadcrumbs-content":"","ast-featured-img":"","footer-sml-layout":"","theme-transparent-header-meta":"","adv-header-id-meta":"","stick-header-meta":"","header-above-stick-meta":"","header-main-stick-meta":"","header-below-stick-meta":""},"_links":{"self":[{"href":"https:\/\/www.uhu.es\/proyecto-tecnosuelos\/wp-json\/wp\/v2\/pages\/83"}],"collection":[{"href":"https:\/\/www.uhu.es\/proyecto-tecnosuelos\/wp-json\/wp\/v2\/pages"}],"about":[{"href":"https:\/\/www.uhu.es\/proyecto-tecnosuelos\/wp-json\/wp\/v2\/types\/page"}],"author":[{"embeddable":true,"href":"https:\/\/www.uhu.es\/proyecto-tecnosuelos\/wp-json\/wp\/v2\/users\/1"}],"replies":[{"embeddable":true,"href":"https:\/\/www.uhu.es\/proyecto-tecnosuelos\/wp-json\/wp\/v2\/comments?post=83"}],"version-history":[{"count":28,"href":"https:\/\/www.uhu.es\/proyecto-tecnosuelos\/wp-json\/wp\/v2\/pages\/83\/revisions"}],"predecessor-version":[{"id":316,"href":"https:\/\/www.uhu.es\/proyecto-tecnosuelos\/wp-json\/wp\/v2\/pages\/83\/revisions\/316"}],"wp:featuredmedia":[{"embeddable":true,"href":"https:\/\/www.uhu.es\/proyecto-tecnosuelos\/wp-json\/wp\/v2\/media\/203"}],"wp:attachment":[{"href":"https:\/\/www.uhu.es\/proyecto-tecnosuelos\/wp-json\/wp\/v2\/media?parent=83"}],"curies":[{"name":"wp","href":"https:\/\/api.w.org\/{rel}","templated":true}]}}