{"id":12,"date":"2024-02-06T21:14:16","date_gmt":"2024-02-06T21:14:16","guid":{"rendered":"https:\/\/www.uhu.es\/proyecto-turbina-mareal\/?page_id=12"},"modified":"2026-02-24T17:47:19","modified_gmt":"2026-02-24T17:47:19","slug":"turbina-mareal","status":"publish","type":"page","link":"https:\/\/www.uhu.es\/proyecto-turbina-mareal\/","title":{"rendered":"Turbina mareal"},"content":{"rendered":"\n<div style=\"height:33px\" aria-hidden=\"true\" class=\"wp-block-spacer\"><\/div>\n\n\n\n<div class=\"wp-block-cover alignwide is-repeated\" style=\"margin-top:0;margin-bottom:0;padding-top:0;padding-right:0;padding-bottom:0;padding-left:0\"><span aria-hidden=\"true\" class=\"wp-block-cover__background has-contrast-2-background-color has-background-dim-20 has-background-dim\"><\/span><div role=\"img\" class=\"wp-block-cover__image-background wp-image-214 is-repeated\" style=\"background-position:50% 50%;background-image:url(https:\/\/www.uhu.es\/proyecto-turbina-mareal\/wp-content\/uploads\/2026\/02\/Screenshot_20260116_121014_Gallery.jpg.jpeg)\"><\/div><div class=\"wp-block-cover__inner-container has-global-padding is-layout-constrained wp-block-cover-is-layout-constrained\">\n<p class=\"has-text-align-center has-background has-large-font-size\" style=\"background-color:#00778aa8\"><strong>Experiencia piloto de aprovechamiento de corrientes mareales en la costa de Huelva (TidUtil)<\/strong><\/p>\n<\/div><\/div>\n\n\n\n<div style=\"height:34px\" aria-hidden=\"true\" class=\"wp-block-spacer\"><\/div>\n\n\n\n<div class=\"wp-block-columns is-layout-flex wp-container-core-columns-layout-2 wp-block-columns-is-layout-flex\">\n<div class=\"wp-block-column is-layout-flow wp-block-column-is-layout-flow\">\n<div class=\"wp-block-columns is-layout-flex wp-container-core-columns-layout-1 wp-block-columns-is-layout-flex\">\n<div class=\"wp-block-column is-layout-flow wp-block-column-is-layout-flow\" style=\"flex-basis:100%\">\n<figure class=\"wp-block-image aligncenter size-full is-resized\"><img loading=\"lazy\" decoding=\"async\" width=\"757\" height=\"743\" src=\"https:\/\/www.uhu.es\/proyecto-turbina-mareal\/wp-content\/uploads\/2024\/02\/Imagen2.png\" alt=\"\" class=\"wp-image-21\" style=\"width:448px;height:auto\" srcset=\"https:\/\/www.uhu.es\/proyecto-turbina-mareal\/wp-content\/uploads\/2024\/02\/Imagen2.png 757w, https:\/\/www.uhu.es\/proyecto-turbina-mareal\/wp-content\/uploads\/2024\/02\/Imagen2-300x294.png 300w\" sizes=\"(max-width: 757px) 100vw, 757px\" \/><\/figure>\n<\/div>\n<\/div>\n<\/div>\n\n\n\n<div class=\"wp-block-column is-vertically-aligned-stretch is-layout-flow wp-container-core-column-layout-3 wp-block-column-is-layout-flow\" style=\"border-style:none;border-width:0px;padding-top:0px;padding-right:0;padding-bottom:0px;padding-left:0\">\n<p class=\"has-text-align-left .justify-text { text-align: justify;}\" style=\"margin-top:var(--wp--preset--spacing--30);margin-bottom:var(--wp--preset--spacing--30)\">El proyecto TidUtil tiene como objetivo la instalaci\u00f3n de una planta piloto en Huelva, la cual deber\u00e1 superar diversos desaf\u00edos t\u00e9cnicos y ambientales, tales como el ambiente corrosivo derivado de la elevada salinidad y una hidrodin\u00e1mica caracterizada por bajas velocidades de flujo. Asimismo, la instalaci\u00f3n deber\u00e1 resistir temporales severos que pondr\u00e1n a prueba su integridad, sumado a los retos de infraestructura asociados a la distancia con el punto de inyecci\u00f3n a la red. La superaci\u00f3n de estos obst\u00e1culos permitir\u00e1 validar una tecnolog\u00eda replicable para corrientes de bajo flujo, consolid\u00e1ndose como banco de pruebas clave para la investigaci\u00f3n y optimizaci\u00f3n de este sector emergente.<\/p>\n<\/div>\n<\/div>\n\n\n\n<div class=\"wp-block-columns is-layout-flex wp-container-core-columns-layout-3 wp-block-columns-is-layout-flex\">\n<div class=\"wp-block-column is-layout-flow wp-block-column-is-layout-flow\">\n<p>Se llevaron a cabo diversas campa\u00f1as de medici\u00f3n (con perfiladores de corriente ADCP) para caracterizar las corrientes en los puntos seleccionados, como la desembocadura del r\u00edo Tinto. Finalmente, se determin\u00f3 que la ubicaci\u00f3n \u00f3ptima para la instalaci\u00f3n eran los pantalanes de la Marina del Odiel; esto se debe a su f\u00e1cil acceso y a que presenta velocidades de corriente nominales cercanas a 1 m\/s, pr\u00e1cticamente id\u00e9nticas a las registradas en el r\u00edo Tinto.<\/p>\n\n\n\n<figure class=\"wp-block-image aligncenter size-full is-resized\"><img loading=\"lazy\" decoding=\"async\" width=\"757\" height=\"435\" src=\"https:\/\/www.uhu.es\/proyecto-turbina-mareal\/wp-content\/uploads\/2026\/02\/ubicacio\u00b4n.png\" alt=\"\" class=\"wp-image-224\" style=\"width:893px;height:auto\" srcset=\"https:\/\/www.uhu.es\/proyecto-turbina-mareal\/wp-content\/uploads\/2026\/02\/ubicacio\u00b4n.png 757w, https:\/\/www.uhu.es\/proyecto-turbina-mareal\/wp-content\/uploads\/2026\/02\/ubicacio\u00b4n-300x172.png 300w\" sizes=\"(max-width: 757px) 100vw, 757px\" \/><\/figure>\n<\/div>\n<\/div>\n\n\n\n<p>Una vez seleccionado el emplazamiento, se puso en marcha la compra de los equipos a y la instalaci\u00f3n de estos.<\/p>\n\n\n\n<figure class=\"wp-block-embed is-type-video is-provider-youtube wp-block-embed-youtube wp-embed-aspect-16-9 wp-has-aspect-ratio\"><div class=\"wp-block-embed__wrapper\">\n<iframe loading=\"lazy\" title=\"Turbina mareal\" width=\"500\" height=\"281\" src=\"https:\/\/www.youtube.com\/embed\/D87Uhu1QTcc?feature=oembed\" frameborder=\"0\" allow=\"accelerometer; autoplay; clipboard-write; encrypted-media; gyroscope; picture-in-picture; web-share\" referrerpolicy=\"strict-origin-when-cross-origin\" allowfullscreen><\/iframe>\n<\/div><\/figure>\n\n\n\n<p>La instalaci\u00f3n el\u00e9ctrica del sistema consta de varias partes.<\/p>\n\n\n\n<p>En primer lugar, la turbina mareal est\u00e1 acoplada a un generador s\u00edncrono de imanes permanentes (PMSG, Permanent Magnet Synchronous Generator), encargado de convertir la energ\u00eda mec\u00e1nica obtenida del movimiento del fluido en energ\u00eda el\u00e9ctrica en forma de corriente alterna. La salida del generador se conduce hacia un rectificador, cuya funci\u00f3n es transformar dicha corriente alterna en corriente continua para su posterior procesamiento.<\/p>\n\n\n\n<figure class=\"wp-block-video\"><video controls src=\"https:\/\/www.uhu.es\/proyecto-turbina-mareal\/wp-content\/uploads\/2026\/02\/33.mp4\"><\/video><\/figure>\n\n\n\n<p>Posteriormente, la energ\u00eda rectificada alimenta un convertidor DC\/DC con control MPPT (Maximum Power Point Tracking), el cual ajusta el punto de operaci\u00f3n del sistema para garantizar que la turbina trabaje en condiciones \u00f3ptimas de generaci\u00f3n. Este control maximiza el aprovechamiento energ\u00e9tico de la corriente mareal al adaptar la carga el\u00e9ctrica seg\u00fan las condiciones instant\u00e1neas de velocidad del flujo. A la salida del convertidor, la energ\u00eda puede seguir dos rutas principales. Por un lado, se dirige hacia un banco de bater\u00edas de ion-litio, encargado de almacenar el excedente de energ\u00eda generada o suministrar energ\u00eda al sistema cuando las condiciones de generaci\u00f3n son insuficientes. Por otro lado, la energ\u00eda se entrega a un inversor tipo \u201cGrid Tied\/Forming\u201d, responsable de convertir la corriente continua en corriente alterna sincronizada con la red el\u00e9ctrica<\/p>\n\n\n\n<figure class=\"wp-block-image aligncenter size-large\"><img loading=\"lazy\" decoding=\"async\" width=\"2560\" height=\"1440\" src=\"https:\/\/www.uhu.es\/proyecto-turbina-mareal\/wp-content\/uploads\/2026\/02\/equipos-edited-scaled.jpeg\" alt=\"\" class=\"wp-image-229\" srcset=\"https:\/\/www.uhu.es\/proyecto-turbina-mareal\/wp-content\/uploads\/2026\/02\/equipos-edited-scaled.jpeg 2560w, https:\/\/www.uhu.es\/proyecto-turbina-mareal\/wp-content\/uploads\/2026\/02\/equipos-edited-300x169.jpeg 300w, https:\/\/www.uhu.es\/proyecto-turbina-mareal\/wp-content\/uploads\/2026\/02\/equipos-edited-1024x576.jpeg 1024w, https:\/\/www.uhu.es\/proyecto-turbina-mareal\/wp-content\/uploads\/2026\/02\/equipos-edited-768x432.jpeg 768w, https:\/\/www.uhu.es\/proyecto-turbina-mareal\/wp-content\/uploads\/2026\/02\/equipos-edited-1536x864.jpeg 1536w, https:\/\/www.uhu.es\/proyecto-turbina-mareal\/wp-content\/uploads\/2026\/02\/equipos-edited-2048x1152.jpeg 2048w\" sizes=\"(max-width: 2560px) 100vw, 2560px\" \/><\/figure>\n\n\n\n<div style=\"height:11px\" aria-hidden=\"true\" class=\"wp-block-spacer\"><\/div>\n\n\n\n<p style=\"margin-top:0;margin-right:0;margin-bottom:0;margin-left:0;padding-top:0;padding-right:0;padding-bottom:0\">La optimizaci\u00f3n de este proyecto se fundamenta en la capacidad de supervisar y analizar la generaci\u00f3n energ\u00e9tica de manera constante y precisa. Gracias a la integraci\u00f3n de una arquitectura de comunicaci\u00f3n, la turbina permite monitorizar la producci\u00f3n en tiempo real mediante tres componentes: el controlador de la turbina, que gestiona los par\u00e1metros operativos internos; el inversor, encargado de la conversi\u00f3n y seguimiento de la eficiencia el\u00e9ctrica; y el medidor inteligente, que garantiza una lectura precisa de los par\u00e1metros el\u00e9ctricos<\/p>\n\n\n\n<figure class=\"wp-block-image size-large\"><img loading=\"lazy\" decoding=\"async\" width=\"1922\" height=\"1080\" src=\"https:\/\/www.uhu.es\/proyecto-turbina-mareal\/wp-content\/uploads\/2026\/02\/Screenshot_20260221_194338_Gallery.jpg-edited.jpeg\" alt=\"\" class=\"wp-image-243\" srcset=\"https:\/\/www.uhu.es\/proyecto-turbina-mareal\/wp-content\/uploads\/2026\/02\/Screenshot_20260221_194338_Gallery.jpg-edited.jpeg 1922w, https:\/\/www.uhu.es\/proyecto-turbina-mareal\/wp-content\/uploads\/2026\/02\/Screenshot_20260221_194338_Gallery.jpg-edited-300x169.jpeg 300w, https:\/\/www.uhu.es\/proyecto-turbina-mareal\/wp-content\/uploads\/2026\/02\/Screenshot_20260221_194338_Gallery.jpg-edited-1024x575.jpeg 1024w, https:\/\/www.uhu.es\/proyecto-turbina-mareal\/wp-content\/uploads\/2026\/02\/Screenshot_20260221_194338_Gallery.jpg-edited-768x432.jpeg 768w, https:\/\/www.uhu.es\/proyecto-turbina-mareal\/wp-content\/uploads\/2026\/02\/Screenshot_20260221_194338_Gallery.jpg-edited-1536x863.jpeg 1536w\" sizes=\"(max-width: 1922px) 100vw, 1922px\" \/><\/figure>\n\n\n\n<figure class=\"wp-block-gallery has-nested-images columns-default is-cropped wp-block-gallery-1 is-layout-flex wp-block-gallery-is-layout-flex\">\n<figure class=\"wp-block-image size-large\"><img loading=\"lazy\" decoding=\"async\" width=\"473\" height=\"1024\" data-id=\"242\" src=\"https:\/\/www.uhu.es\/proyecto-turbina-mareal\/wp-content\/uploads\/2026\/02\/Screenshot_20260220_104104_Brave.jpg-473x1024.jpeg\" alt=\"\" class=\"wp-image-242\" srcset=\"https:\/\/www.uhu.es\/proyecto-turbina-mareal\/wp-content\/uploads\/2026\/02\/Screenshot_20260220_104104_Brave.jpg-473x1024.jpeg 473w, https:\/\/www.uhu.es\/proyecto-turbina-mareal\/wp-content\/uploads\/2026\/02\/Screenshot_20260220_104104_Brave.jpg-138x300.jpeg 138w, https:\/\/www.uhu.es\/proyecto-turbina-mareal\/wp-content\/uploads\/2026\/02\/Screenshot_20260220_104104_Brave.jpg-768x1664.jpeg 768w, https:\/\/www.uhu.es\/proyecto-turbina-mareal\/wp-content\/uploads\/2026\/02\/Screenshot_20260220_104104_Brave.jpg-709x1536.jpeg 709w, https:\/\/www.uhu.es\/proyecto-turbina-mareal\/wp-content\/uploads\/2026\/02\/Screenshot_20260220_104104_Brave.jpg-945x2048.jpeg 945w, https:\/\/www.uhu.es\/proyecto-turbina-mareal\/wp-content\/uploads\/2026\/02\/Screenshot_20260220_104104_Brave.jpg.jpeg 1080w\" sizes=\"(max-width: 473px) 100vw, 473px\" \/><\/figure>\n\n\n\n<figure class=\"wp-block-image size-large\"><img loading=\"lazy\" decoding=\"async\" width=\"473\" height=\"1024\" data-id=\"239\" src=\"https:\/\/www.uhu.es\/proyecto-turbina-mareal\/wp-content\/uploads\/2026\/02\/Screenshot_20260220_104051_Brave.jpg-473x1024.jpeg\" alt=\"\" class=\"wp-image-239\" srcset=\"https:\/\/www.uhu.es\/proyecto-turbina-mareal\/wp-content\/uploads\/2026\/02\/Screenshot_20260220_104051_Brave.jpg-473x1024.jpeg 473w, https:\/\/www.uhu.es\/proyecto-turbina-mareal\/wp-content\/uploads\/2026\/02\/Screenshot_20260220_104051_Brave.jpg-138x300.jpeg 138w, https:\/\/www.uhu.es\/proyecto-turbina-mareal\/wp-content\/uploads\/2026\/02\/Screenshot_20260220_104051_Brave.jpg-768x1664.jpeg 768w, https:\/\/www.uhu.es\/proyecto-turbina-mareal\/wp-content\/uploads\/2026\/02\/Screenshot_20260220_104051_Brave.jpg-709x1536.jpeg 709w, https:\/\/www.uhu.es\/proyecto-turbina-mareal\/wp-content\/uploads\/2026\/02\/Screenshot_20260220_104051_Brave.jpg-945x2048.jpeg 945w, https:\/\/www.uhu.es\/proyecto-turbina-mareal\/wp-content\/uploads\/2026\/02\/Screenshot_20260220_104051_Brave.jpg.jpeg 1080w\" sizes=\"(max-width: 473px) 100vw, 473px\" \/><\/figure>\n\n\n\n<figure class=\"wp-block-image size-large\"><img loading=\"lazy\" decoding=\"async\" width=\"473\" height=\"1024\" data-id=\"241\" src=\"https:\/\/www.uhu.es\/proyecto-turbina-mareal\/wp-content\/uploads\/2026\/02\/Screenshot_20260221_185426_Ctronics-Pro.jpg-473x1024.jpeg\" alt=\"\" class=\"wp-image-241\" srcset=\"https:\/\/www.uhu.es\/proyecto-turbina-mareal\/wp-content\/uploads\/2026\/02\/Screenshot_20260221_185426_Ctronics-Pro.jpg-473x1024.jpeg 473w, https:\/\/www.uhu.es\/proyecto-turbina-mareal\/wp-content\/uploads\/2026\/02\/Screenshot_20260221_185426_Ctronics-Pro.jpg-138x300.jpeg 138w, https:\/\/www.uhu.es\/proyecto-turbina-mareal\/wp-content\/uploads\/2026\/02\/Screenshot_20260221_185426_Ctronics-Pro.jpg-768x1664.jpeg 768w, https:\/\/www.uhu.es\/proyecto-turbina-mareal\/wp-content\/uploads\/2026\/02\/Screenshot_20260221_185426_Ctronics-Pro.jpg-709x1536.jpeg 709w, https:\/\/www.uhu.es\/proyecto-turbina-mareal\/wp-content\/uploads\/2026\/02\/Screenshot_20260221_185426_Ctronics-Pro.jpg-945x2048.jpeg 945w, https:\/\/www.uhu.es\/proyecto-turbina-mareal\/wp-content\/uploads\/2026\/02\/Screenshot_20260221_185426_Ctronics-Pro.jpg.jpeg 1080w\" sizes=\"(max-width: 473px) 100vw, 473px\" \/><\/figure>\n<\/figure>\n","protected":false},"excerpt":{"rendered":"<p>El proyecto TidUtil tiene como objetivo la instalaci\u00f3n de una planta piloto en Huelva, la cual deber\u00e1 superar diversos desaf\u00edos t\u00e9cnicos y ambientales, tales como el ambiente corrosivo derivado de la elevada salinidad y una hidrodin\u00e1mica caracterizada por bajas velocidades de flujo. Asimismo, la instalaci\u00f3n deber\u00e1 resistir temporales severos que pondr\u00e1n a prueba su integridad, [&hellip;]<\/p>\n","protected":false},"author":1,"featured_media":0,"parent":0,"menu_order":0,"comment_status":"closed","ping_status":"closed","template":"","meta":{"footnotes":""},"_links":{"self":[{"href":"https:\/\/www.uhu.es\/proyecto-turbina-mareal\/wp-json\/wp\/v2\/pages\/12"}],"collection":[{"href":"https:\/\/www.uhu.es\/proyecto-turbina-mareal\/wp-json\/wp\/v2\/pages"}],"about":[{"href":"https:\/\/www.uhu.es\/proyecto-turbina-mareal\/wp-json\/wp\/v2\/types\/page"}],"author":[{"embeddable":true,"href":"https:\/\/www.uhu.es\/proyecto-turbina-mareal\/wp-json\/wp\/v2\/users\/1"}],"replies":[{"embeddable":true,"href":"https:\/\/www.uhu.es\/proyecto-turbina-mareal\/wp-json\/wp\/v2\/comments?post=12"}],"version-history":[{"count":71,"href":"https:\/\/www.uhu.es\/proyecto-turbina-mareal\/wp-json\/wp\/v2\/pages\/12\/revisions"}],"predecessor-version":[{"id":272,"href":"https:\/\/www.uhu.es\/proyecto-turbina-mareal\/wp-json\/wp\/v2\/pages\/12\/revisions\/272"}],"wp:attachment":[{"href":"https:\/\/www.uhu.es\/proyecto-turbina-mareal\/wp-json\/wp\/v2\/media?parent=12"}],"curies":[{"name":"wp","href":"https:\/\/api.w.org\/{rel}","templated":true}]}}