{"id":176,"date":"2026-02-22T18:25:42","date_gmt":"2026-02-22T18:25:42","guid":{"rendered":"https:\/\/www.uhu.es\/proyecto-turbina-mareal\/?page_id=176"},"modified":"2026-02-22T18:53:55","modified_gmt":"2026-02-22T18:53:55","slug":"objetivos","status":"publish","type":"page","link":"https:\/\/www.uhu.es\/proyecto-turbina-mareal\/objetivos\/","title":{"rendered":"Objetivos"},"content":{"rendered":"\n<div class=\"wp-block-cover alignfull\"><span aria-hidden=\"true\" class=\"wp-block-cover__background has-contrast-2-background-color has-background-dim\"><\/span><img loading=\"lazy\" decoding=\"async\" width=\"2560\" height=\"1810\" class=\"wp-block-cover__image-background wp-image-69\" alt=\"\" src=\"https:\/\/www.uhu.es\/proyecto-turbina-mareal\/wp-content\/uploads\/2024\/02\/turbina-dibujo-scaled.jpg\" data-object-fit=\"cover\" srcset=\"https:\/\/www.uhu.es\/proyecto-turbina-mareal\/wp-content\/uploads\/2024\/02\/turbina-dibujo-scaled.jpg 2560w, https:\/\/www.uhu.es\/proyecto-turbina-mareal\/wp-content\/uploads\/2024\/02\/turbina-dibujo-300x212.jpg 300w, https:\/\/www.uhu.es\/proyecto-turbina-mareal\/wp-content\/uploads\/2024\/02\/turbina-dibujo-1024x724.jpg 1024w, https:\/\/www.uhu.es\/proyecto-turbina-mareal\/wp-content\/uploads\/2024\/02\/turbina-dibujo-768x543.jpg 768w, https:\/\/www.uhu.es\/proyecto-turbina-mareal\/wp-content\/uploads\/2024\/02\/turbina-dibujo-1536x1086.jpg 1536w, https:\/\/www.uhu.es\/proyecto-turbina-mareal\/wp-content\/uploads\/2024\/02\/turbina-dibujo-2048x1448.jpg 2048w\" sizes=\"(max-width: 2560px) 100vw, 2560px\" \/><div class=\"wp-block-cover__inner-container has-global-padding is-layout-constrained wp-block-cover-is-layout-constrained\">\n<h1 class=\"wp-block-heading has-text-align-center has-background has-large-font-size\" style=\"background-color:#ffffff99\"><strong>Objetivos<\/strong><\/h1>\n<\/div><\/div>\n\n\n\n<div style=\"height:100px\" aria-hidden=\"true\" class=\"wp-block-spacer\"><\/div>\n\n\n\n<h2 class=\"wp-block-heading\" id=\"objetivos\">Objetivos<\/h2>\n\n\n\n<p>El objetivo principal de la presente propuesta es la promoci\u00f3n del uso de la tecnolog\u00eda existente en el aprovechamiento de las corrientes mareales en aguas costeras para la producci\u00f3n de energ\u00eda el\u00e9ctrica.<\/p>\n\n\n\n<p>Los objetivos espec\u00edficos definidos para la consecuci\u00f3n final de la construcci\u00f3n de esa planta piloto referente en varias disciplinas, se presentan a continuaci\u00f3n:<\/p>\n\n\n\n<ul>\n<li>Estudio de las regiones previamente establecidas como posibilidades para albergar la planta y, en la m\u00e1s adecuada, determinaci\u00f3n del punto exacto en el que se instalar\u00e1 la turbina con el correspondiente estudio hidrodin\u00e1mico.<\/li>\n\n\n\n<li>Estudio de las turbinas disponibles en el mercado y determinaci\u00f3n de la m\u00e1s adecuada para las condiciones que presenta la regi\u00f3n elegida y el punto exacto seleccionado en el punto anterior.<\/li>\n\n\n\n<li>Adquisici\u00f3n e instalaci\u00f3n de la turbina.<\/li>\n\n\n\n<li>Dise\u00f1o y construcci\u00f3n de la infraestructura necesaria para la inyecci\u00f3n al sistema de potencia de la energ\u00eda producida por la turbina.<\/li>\n\n\n\n<li>Dise\u00f1o y construcci\u00f3n de la infraestructura necesaria para el aprovechamiento de la energ\u00eda producida por la turbina en el autoabastecimiento de la instalaci\u00f3n que albergue la planta piloto.<\/li>\n\n\n\n<li>Conexi\u00f3n global de la turbina con las infraestructuras de aprovechamiento de la energ\u00eda producida y realizaci\u00f3n de las pruebas necesarias para su puesta a punto.<\/li>\n\n\n\n<li>Implementaci\u00f3n del sistema necesario para la monitorizaci\u00f3n y el control remotos de la planta.<\/li>\n<\/ul>\n\n\n\n<div style=\"height:100px\" aria-hidden=\"true\" class=\"wp-block-spacer\"><\/div>\n","protected":false},"excerpt":{"rendered":"<p>Objetivos El objetivo principal de la presente propuesta es la promoci\u00f3n del uso de la tecnolog\u00eda existente en el aprovechamiento de las corrientes mareales en aguas costeras para la producci\u00f3n de energ\u00eda el\u00e9ctrica. Los objetivos espec\u00edficos definidos para la consecuci\u00f3n final de la construcci\u00f3n de esa planta piloto referente en varias disciplinas, se presentan a [&hellip;]<\/p>\n","protected":false},"author":2,"featured_media":0,"parent":0,"menu_order":0,"comment_status":"closed","ping_status":"closed","template":"","meta":{"footnotes":""},"_links":{"self":[{"href":"https:\/\/www.uhu.es\/proyecto-turbina-mareal\/wp-json\/wp\/v2\/pages\/176"}],"collection":[{"href":"https:\/\/www.uhu.es\/proyecto-turbina-mareal\/wp-json\/wp\/v2\/pages"}],"about":[{"href":"https:\/\/www.uhu.es\/proyecto-turbina-mareal\/wp-json\/wp\/v2\/types\/page"}],"author":[{"embeddable":true,"href":"https:\/\/www.uhu.es\/proyecto-turbina-mareal\/wp-json\/wp\/v2\/users\/2"}],"replies":[{"embeddable":true,"href":"https:\/\/www.uhu.es\/proyecto-turbina-mareal\/wp-json\/wp\/v2\/comments?post=176"}],"version-history":[{"count":2,"href":"https:\/\/www.uhu.es\/proyecto-turbina-mareal\/wp-json\/wp\/v2\/pages\/176\/revisions"}],"predecessor-version":[{"id":198,"href":"https:\/\/www.uhu.es\/proyecto-turbina-mareal\/wp-json\/wp\/v2\/pages\/176\/revisions\/198"}],"wp:attachment":[{"href":"https:\/\/www.uhu.es\/proyecto-turbina-mareal\/wp-json\/wp\/v2\/media?parent=176"}],"curies":[{"name":"wp","href":"https:\/\/api.w.org\/{rel}","templated":true}]}}