{"id":180,"date":"2026-02-22T18:33:20","date_gmt":"2026-02-22T18:33:20","guid":{"rendered":"https:\/\/www.uhu.es\/proyecto-turbina-mareal\/?page_id=180"},"modified":"2026-03-02T14:32:00","modified_gmt":"2026-03-02T14:32:00","slug":"equipo","status":"publish","type":"page","link":"https:\/\/www.uhu.es\/proyecto-turbina-mareal\/equipo\/","title":{"rendered":"Equipo"},"content":{"rendered":"\n<div class=\"wp-block-cover alignfull\"><span aria-hidden=\"true\" class=\"wp-block-cover__background has-contrast-2-background-color has-background-dim\"><\/span><img loading=\"lazy\" decoding=\"async\" width=\"1210\" height=\"802\" class=\"wp-block-cover__image-background wp-image-226\" alt=\"\" src=\"https:\/\/www.uhu.es\/proyecto-turbina-mareal\/wp-content\/uploads\/2026\/02\/equipo.jpg\" style=\"object-position:50% 42%\" data-object-fit=\"cover\" data-object-position=\"50% 42%\" srcset=\"https:\/\/www.uhu.es\/proyecto-turbina-mareal\/wp-content\/uploads\/2026\/02\/equipo.jpg 1210w, https:\/\/www.uhu.es\/proyecto-turbina-mareal\/wp-content\/uploads\/2026\/02\/equipo-300x199.jpg 300w, https:\/\/www.uhu.es\/proyecto-turbina-mareal\/wp-content\/uploads\/2026\/02\/equipo-1024x679.jpg 1024w, https:\/\/www.uhu.es\/proyecto-turbina-mareal\/wp-content\/uploads\/2026\/02\/equipo-768x509.jpg 768w\" sizes=\"(max-width: 1210px) 100vw, 1210px\" \/><div class=\"wp-block-cover__inner-container has-global-padding is-layout-constrained wp-block-cover-is-layout-constrained\">\n<p class=\"has-text-align-center has-background has-heading-font-family has-large-font-size\" style=\"background-color:#ffffff99\"><strong>Equipo<\/strong><\/p>\n<\/div><\/div>\n\n\n\n<div style=\"height:66px\" aria-hidden=\"true\" class=\"wp-block-spacer\"><\/div>\n\n\n\n<div class=\"wp-block-columns is-layout-flex wp-container-core-columns-layout-3 wp-block-columns-is-layout-flex\">\n<div class=\"wp-block-column is-layout-flow wp-block-column-is-layout-flow\">\n<div class=\"wp-block-columns is-layout-flex wp-container-core-columns-layout-1 wp-block-columns-is-layout-flex\">\n<div class=\"wp-block-column is-layout-flow wp-block-column-is-layout-flow\" style=\"font-size:clamp(0.875rem, 0.875rem + ((1vw - 0.2rem) * 0.375), 1.1rem);flex-basis:33.33%\">\n<figure class=\"wp-block-image size-full\"><img loading=\"lazy\" decoding=\"async\" width=\"180\" height=\"180\" src=\"https:\/\/www.uhu.es\/proyecto-turbina-mareal\/wp-content\/uploads\/2024\/02\/rsanchez.jpg\" alt=\"\" class=\"wp-image-46\" style=\"aspect-ratio:1;object-fit:cover\" srcset=\"https:\/\/www.uhu.es\/proyecto-turbina-mareal\/wp-content\/uploads\/2024\/02\/rsanchez.jpg 180w, https:\/\/www.uhu.es\/proyecto-turbina-mareal\/wp-content\/uploads\/2024\/02\/rsanchez-150x150.jpg 150w\" sizes=\"(max-width: 180px) 100vw, 180px\" \/><\/figure>\n<\/div>\n\n\n\n<div class=\"wp-block-column has-small-font-size is-layout-flow wp-block-column-is-layout-flow\" style=\"flex-basis:66.66%\">\n<p class=\"has-small-font-size\"><a href=\"https:\/\/produccioncientifica.uhu.es\/investigadores\/211269\/detalle\">Mar\u00eda Reyes S\u00e1nchez Herrera (IP)<\/a><\/p>\n<\/div>\n<\/div>\n<\/div>\n\n\n\n<div class=\"wp-block-column is-layout-flow wp-block-column-is-layout-flow\">\n<div class=\"wp-block-columns is-layout-flex wp-container-core-columns-layout-2 wp-block-columns-is-layout-flex\">\n<div class=\"wp-block-column is-layout-flow wp-block-column-is-layout-flow\" style=\"flex-basis:33.33%\">\n<figure class=\"wp-block-image size-full\"><img loading=\"lazy\" decoding=\"async\" width=\"263\" height=\"271\" src=\"https:\/\/www.uhu.es\/proyecto-turbina-mareal\/wp-content\/uploads\/2024\/02\/foto_juan.jpg\" alt=\"\" class=\"wp-image-53\" style=\"aspect-ratio:1;object-fit:cover\"\/><\/figure>\n<\/div>\n\n\n\n<div class=\"wp-block-column is-layout-flow wp-block-column-is-layout-flow\" style=\"flex-basis:66.66%\">\n<p class=\"has-small-font-size\"><a href=\"https:\/\/produccioncientifica.uhu.es\/investigadores\/211155\/detalle\">Juan P\u00e9rez Torreglosa (CoIP)<\/a><\/p>\n<\/div>\n<\/div>\n<\/div>\n<\/div>\n\n\n\n<div class=\"wp-block-columns is-layout-flex wp-container-core-columns-layout-6 wp-block-columns-is-layout-flex\">\n<div class=\"wp-block-column is-layout-flow wp-block-column-is-layout-flow\">\n<div class=\"wp-block-columns is-layout-flex wp-container-core-columns-layout-4 wp-block-columns-is-layout-flex\">\n<div class=\"wp-block-column is-layout-flow wp-block-column-is-layout-flow\" style=\"flex-basis:33.33%\">\n<figure class=\"wp-block-image size-full\"><img loading=\"lazy\" decoding=\"async\" width=\"180\" height=\"180\" src=\"https:\/\/www.uhu.es\/proyecto-turbina-mareal\/wp-content\/uploads\/2024\/05\/angel-mena.jpg\" alt=\"\" class=\"wp-image-107\" style=\"aspect-ratio:1;object-fit:cover\" srcset=\"https:\/\/www.uhu.es\/proyecto-turbina-mareal\/wp-content\/uploads\/2024\/05\/angel-mena.jpg 180w, https:\/\/www.uhu.es\/proyecto-turbina-mareal\/wp-content\/uploads\/2024\/05\/angel-mena-150x150.jpg 150w\" sizes=\"(max-width: 180px) 100vw, 180px\" \/><\/figure>\n<\/div>\n\n\n\n<div class=\"wp-block-column is-layout-flow wp-block-column-is-layout-flow\" style=\"flex-basis:66.66%\">\n<p class=\"has-small-font-size\"><a href=\"https:\/\/produccioncientifica.uhu.es\/investigadores\/211050\/detalle\">\u00c1ngel Mena Nieto<\/a><\/p>\n<\/div>\n<\/div>\n<\/div>\n\n\n\n<div class=\"wp-block-column is-layout-flow wp-block-column-is-layout-flow\">\n<div class=\"wp-block-columns is-layout-flex wp-container-core-columns-layout-5 wp-block-columns-is-layout-flex\">\n<div class=\"wp-block-column is-layout-flow wp-block-column-is-layout-flow\" style=\"flex-basis:33.33%\">\n<figure class=\"wp-block-image size-full\"><img loading=\"lazy\" decoding=\"async\" width=\"180\" height=\"180\" src=\"https:\/\/www.uhu.es\/proyecto-turbina-mareal\/wp-content\/uploads\/2024\/02\/sperez.jpg\" alt=\"\" class=\"wp-image-48\" style=\"aspect-ratio:1;object-fit:contain\" srcset=\"https:\/\/www.uhu.es\/proyecto-turbina-mareal\/wp-content\/uploads\/2024\/02\/sperez.jpg 180w, https:\/\/www.uhu.es\/proyecto-turbina-mareal\/wp-content\/uploads\/2024\/02\/sperez-150x150.jpg 150w\" sizes=\"(max-width: 180px) 100vw, 180px\" \/><\/figure>\n<\/div>\n\n\n\n<div class=\"wp-block-column is-layout-flow wp-block-column-is-layout-flow\" style=\"flex-basis:66.66%\">\n<p class=\"has-small-font-size\"><a href=\"https:\/\/produccioncientifica.uhu.es\/investigadores\/211144\/detalle\">Salvador P\u00e9rez Litr\u00e1n<\/a><\/p>\n<\/div>\n<\/div>\n<\/div>\n<\/div>\n\n\n\n<div class=\"wp-block-columns is-layout-flex wp-container-core-columns-layout-9 wp-block-columns-is-layout-flex\">\n<div class=\"wp-block-column is-layout-flow wp-block-column-is-layout-flow\">\n<div class=\"wp-block-columns is-layout-flex wp-container-core-columns-layout-7 wp-block-columns-is-layout-flex\">\n<div class=\"wp-block-column is-layout-flow wp-block-column-is-layout-flow\" style=\"flex-basis:33.33%\">\n<figure class=\"wp-block-image size-full\"><img loading=\"lazy\" decoding=\"async\" width=\"183\" height=\"183\" src=\"https:\/\/www.uhu.es\/proyecto-turbina-mareal\/wp-content\/uploads\/2024\/02\/jvazquez.jpg\" alt=\"\" class=\"wp-image-49\" style=\"aspect-ratio:1;object-fit:cover\" srcset=\"https:\/\/www.uhu.es\/proyecto-turbina-mareal\/wp-content\/uploads\/2024\/02\/jvazquez.jpg 183w, https:\/\/www.uhu.es\/proyecto-turbina-mareal\/wp-content\/uploads\/2024\/02\/jvazquez-150x150.jpg 150w\" sizes=\"(max-width: 183px) 100vw, 183px\" \/><\/figure>\n<\/div>\n\n\n\n<div class=\"wp-block-column is-layout-flow wp-block-column-is-layout-flow\" style=\"flex-basis:66.66%\">\n<p class=\"has-small-font-size\"><a href=\"https:\/\/produccioncientifica.uhu.es\/investigadores\/211222\/detalle\">Jes\u00fas Rodr\u00edguez V\u00e1zquez<\/a><\/p>\n<\/div>\n<\/div>\n<\/div>\n\n\n\n<div class=\"wp-block-column is-layout-flow wp-block-column-is-layout-flow\">\n<div class=\"wp-block-columns is-layout-flex wp-container-core-columns-layout-8 wp-block-columns-is-layout-flex\">\n<div class=\"wp-block-column is-layout-flow wp-block-column-is-layout-flow\" style=\"flex-basis:33.33%\">\n<figure class=\"wp-block-image size-full\"><img loading=\"lazy\" decoding=\"async\" width=\"179\" height=\"184\" src=\"https:\/\/www.uhu.es\/proyecto-turbina-mareal\/wp-content\/uploads\/2024\/02\/mbahamonde.jpg\" alt=\"\" class=\"wp-image-50\" style=\"aspect-ratio:1;object-fit:contain\"\/><\/figure>\n<\/div>\n\n\n\n<div class=\"wp-block-column is-layout-flow wp-block-column-is-layout-flow\" style=\"flex-basis:66.66%\">\n<p class=\"has-small-font-size\"><a href=\"https:\/\/produccioncientifica.uhu.es\/investigadores\/210712\/detalle\">Manuel I. Bahamonde Garc\u00eda<\/a><\/p>\n<\/div>\n<\/div>\n<\/div>\n<\/div>\n\n\n\n<div class=\"wp-block-columns is-layout-flex wp-container-core-columns-layout-12 wp-block-columns-is-layout-flex\">\n<div class=\"wp-block-column is-layout-flow wp-block-column-is-layout-flow\">\n<div class=\"wp-block-columns is-layout-flex wp-container-core-columns-layout-10 wp-block-columns-is-layout-flex\">\n<div class=\"wp-block-column is-layout-flow wp-block-column-is-layout-flow\" style=\"flex-basis:33.33%\">\n<figure class=\"wp-block-image size-full\"><img loading=\"lazy\" decoding=\"async\" width=\"410\" height=\"488\" src=\"https:\/\/www.uhu.es\/proyecto-turbina-mareal\/wp-content\/uploads\/2024\/02\/Javier-Ruiz.png\" alt=\"\" class=\"wp-image-58\" style=\"aspect-ratio:1;object-fit:cover\" srcset=\"https:\/\/www.uhu.es\/proyecto-turbina-mareal\/wp-content\/uploads\/2024\/02\/Javier-Ruiz.png 410w, https:\/\/www.uhu.es\/proyecto-turbina-mareal\/wp-content\/uploads\/2024\/02\/Javier-Ruiz-252x300.png 252w\" sizes=\"(max-width: 410px) 100vw, 410px\" \/><\/figure>\n<\/div>\n\n\n\n<div class=\"wp-block-column is-layout-flow wp-block-column-is-layout-flow\" style=\"flex-basis:66.66%\">\n<p class=\"has-small-font-size\"><a href=\"https:\/\/produccioncientifica.uhu.es\/investigadores\/212034\/detalle\">Francisco Javier Ruiz Rodr\u00edguez<\/a><\/p>\n<\/div>\n<\/div>\n<\/div>\n\n\n\n<div class=\"wp-block-column is-layout-flow wp-block-column-is-layout-flow\">\n<div class=\"wp-block-columns is-layout-flex wp-container-core-columns-layout-11 wp-block-columns-is-layout-flex\">\n<div class=\"wp-block-column is-layout-flow wp-block-column-is-layout-flow\" style=\"flex-basis:33.33%\">\n<figure class=\"wp-block-image size-full\"><img loading=\"lazy\" decoding=\"async\" width=\"720\" height=\"720\" src=\"https:\/\/www.uhu.es\/proyecto-turbina-mareal\/wp-content\/uploads\/2024\/02\/jmorales.jpg\" alt=\"\" class=\"wp-image-56\" style=\"aspect-ratio:1;object-fit:cover\" srcset=\"https:\/\/www.uhu.es\/proyecto-turbina-mareal\/wp-content\/uploads\/2024\/02\/jmorales.jpg 720w, https:\/\/www.uhu.es\/proyecto-turbina-mareal\/wp-content\/uploads\/2024\/02\/jmorales-300x300.jpg 300w, https:\/\/www.uhu.es\/proyecto-turbina-mareal\/wp-content\/uploads\/2024\/02\/jmorales-150x150.jpg 150w\" sizes=\"(max-width: 720px) 100vw, 720px\" \/><\/figure>\n<\/div>\n\n\n\n<div class=\"wp-block-column is-layout-flow wp-block-column-is-layout-flow\" style=\"flex-basis:66.66%\">\n<p class=\"has-small-font-size\"><a href=\"https:\/\/produccioncientifica.uhu.es\/investigadores\/211084\/detalle\">Juan Antonio Morales Gonz\u00e1lez<\/a><\/p>\n<\/div>\n<\/div>\n<\/div>\n<\/div>\n\n\n\n<div class=\"wp-block-columns is-layout-flex wp-container-core-columns-layout-15 wp-block-columns-is-layout-flex\">\n<div class=\"wp-block-column is-layout-flow wp-block-column-is-layout-flow\">\n<div class=\"wp-block-columns is-layout-flex wp-container-core-columns-layout-13 wp-block-columns-is-layout-flex\">\n<div class=\"wp-block-column is-layout-flow wp-block-column-is-layout-flow\" style=\"flex-basis:33.33%\">\n<figure class=\"wp-block-image size-full\"><img loading=\"lazy\" decoding=\"async\" width=\"172\" height=\"225\" src=\"https:\/\/www.uhu.es\/proyecto-turbina-mareal\/wp-content\/uploads\/2024\/02\/ggomez.jpg\" alt=\"\" class=\"wp-image-51\" style=\"aspect-ratio:1;object-fit:cover\"\/><\/figure>\n<\/div>\n\n\n\n<div class=\"wp-block-column is-layout-flow wp-block-column-is-layout-flow\" style=\"flex-basis:66.66%\">\n<p class=\"has-small-font-size\">Gabriel G\u00f3mez Ruiz<\/p>\n<\/div>\n<\/div>\n<\/div>\n\n\n\n<div class=\"wp-block-column is-layout-flow wp-block-column-is-layout-flow\">\n<div class=\"wp-block-columns is-layout-flex wp-container-core-columns-layout-14 wp-block-columns-is-layout-flex\">\n<div class=\"wp-block-column is-layout-flow wp-block-column-is-layout-flow\" style=\"flex-basis:33.33%\">\n<figure class=\"wp-block-image size-full\"><img loading=\"lazy\" decoding=\"async\" width=\"180\" height=\"180\" src=\"https:\/\/www.uhu.es\/proyecto-turbina-mareal\/wp-content\/uploads\/2024\/07\/gregorio.jpg\" alt=\"\" class=\"wp-image-128\" style=\"aspect-ratio:1;object-fit:cover\" srcset=\"https:\/\/www.uhu.es\/proyecto-turbina-mareal\/wp-content\/uploads\/2024\/07\/gregorio.jpg 180w, https:\/\/www.uhu.es\/proyecto-turbina-mareal\/wp-content\/uploads\/2024\/07\/gregorio-150x150.jpg 150w\" sizes=\"(max-width: 180px) 100vw, 180px\" \/><\/figure>\n<\/div>\n\n\n\n<div class=\"wp-block-column is-layout-flow wp-block-column-is-layout-flow\" style=\"flex-basis:66.66%\">\n<p class=\"has-small-font-size\">Gregorio Ortega Ruiz<\/p>\n<\/div>\n<\/div>\n<\/div>\n<\/div>\n\n\n\n<div class=\"wp-block-columns is-layout-flex wp-container-core-columns-layout-18 wp-block-columns-is-layout-flex\">\n<div class=\"wp-block-column is-layout-flow wp-block-column-is-layout-flow\">\n<div class=\"wp-block-columns is-layout-flex wp-container-core-columns-layout-16 wp-block-columns-is-layout-flex\">\n<div class=\"wp-block-column is-layout-flow wp-block-column-is-layout-flow\" style=\"flex-basis:33.33%\">\n<figure class=\"wp-block-image size-full\"><img loading=\"lazy\" decoding=\"async\" width=\"180\" height=\"180\" src=\"https:\/\/www.uhu.es\/proyecto-turbina-mareal\/wp-content\/uploads\/2024\/05\/fnico.jpg\" alt=\"\" class=\"wp-image-110\" style=\"aspect-ratio:1;object-fit:cover\" srcset=\"https:\/\/www.uhu.es\/proyecto-turbina-mareal\/wp-content\/uploads\/2024\/05\/fnico.jpg 180w, https:\/\/www.uhu.es\/proyecto-turbina-mareal\/wp-content\/uploads\/2024\/05\/fnico-150x150.jpg 150w\" sizes=\"(max-width: 180px) 100vw, 180px\" \/><\/figure>\n<\/div>\n\n\n\n<div class=\"wp-block-column is-layout-flow wp-block-column-is-layout-flow\" style=\"flex-basis:66.66%\">\n<p class=\"has-small-font-size\">Nicol\u00e1s Magro Garrido<\/p>\n<\/div>\n<\/div>\n<\/div>\n\n\n\n<div class=\"wp-block-column is-layout-flow wp-block-column-is-layout-flow\">\n<div class=\"wp-block-columns is-layout-flex wp-container-core-columns-layout-17 wp-block-columns-is-layout-flex\">\n<div class=\"wp-block-column is-layout-flow wp-block-column-is-layout-flow\" style=\"flex-basis:33.33%\">\n<figure class=\"wp-block-image size-full\"><img loading=\"lazy\" decoding=\"async\" width=\"180\" height=\"180\" src=\"https:\/\/www.uhu.es\/proyecto-turbina-mareal\/wp-content\/uploads\/2024\/05\/jose-antonio.jpg\" alt=\"\" class=\"wp-image-109\" style=\"aspect-ratio:1;object-fit:cover\" srcset=\"https:\/\/www.uhu.es\/proyecto-turbina-mareal\/wp-content\/uploads\/2024\/05\/jose-antonio.jpg 180w, https:\/\/www.uhu.es\/proyecto-turbina-mareal\/wp-content\/uploads\/2024\/05\/jose-antonio-150x150.jpg 150w\" sizes=\"(max-width: 180px) 100vw, 180px\" \/><\/figure>\n<\/div>\n\n\n\n<div class=\"wp-block-column is-layout-flow wp-block-column-is-layout-flow\" style=\"flex-basis:66.66%\">\n<p class=\"has-small-font-size\">Jos\u00e9 Antonio Hern\u00e1ndez<\/p>\n<\/div>\n<\/div>\n<\/div>\n<\/div>\n\n\n\n<div class=\"wp-block-columns is-layout-flex wp-container-core-columns-layout-23 wp-block-columns-is-layout-flex\">\n<div class=\"wp-block-column is-layout-flow wp-block-column-is-layout-flow\">\n<div class=\"wp-block-columns is-layout-flex wp-container-core-columns-layout-19 wp-block-columns-is-layout-flex\">\n<div class=\"wp-block-column is-layout-flow wp-block-column-is-layout-flow\" style=\"flex-basis:33.33%\">\n<figure class=\"wp-block-image size-full is-resized\"><img loading=\"lazy\" decoding=\"async\" width=\"512\" height=\"512\" src=\"https:\/\/www.uhu.es\/proyecto-turbina-mareal\/wp-content\/uploads\/2024\/07\/foto-alvaro.jpg\" alt=\"\" class=\"wp-image-148\" style=\"object-fit:cover;width:140px;height:auto\" srcset=\"https:\/\/www.uhu.es\/proyecto-turbina-mareal\/wp-content\/uploads\/2024\/07\/foto-alvaro.jpg 512w, https:\/\/www.uhu.es\/proyecto-turbina-mareal\/wp-content\/uploads\/2024\/07\/foto-alvaro-300x300.jpg 300w, https:\/\/www.uhu.es\/proyecto-turbina-mareal\/wp-content\/uploads\/2024\/07\/foto-alvaro-150x150.jpg 150w\" sizes=\"(max-width: 512px) 100vw, 512px\" \/><\/figure>\n<\/div>\n\n\n\n<div class=\"wp-block-column is-layout-flow wp-block-column-is-layout-flow\" style=\"flex-basis:66.66%\">\n<p class=\"has-small-font-size\">\u00c1lvaro de la Cruz \u00c1lamo<\/p>\n<\/div>\n<\/div>\n<\/div>\n\n\n\n<div class=\"wp-block-column is-layout-flow wp-block-column-is-layout-flow\">\n<div class=\"wp-block-columns is-layout-flex wp-container-core-columns-layout-20 wp-block-columns-is-layout-flex\">\n<div class=\"wp-block-column is-layout-flow wp-block-column-is-layout-flow\" style=\"flex-basis:33.33%\">\n<figure class=\"wp-block-image size-full\"><img loading=\"lazy\" decoding=\"async\" width=\"1066\" height=\"1600\" src=\"https:\/\/www.uhu.es\/proyecto-turbina-mareal\/wp-content\/uploads\/2026\/03\/WhatsApp-Image-2026-02-25-at-12.52.22.jpeg\" alt=\"\" class=\"wp-image-287\" style=\"aspect-ratio:1;object-fit:cover\" srcset=\"https:\/\/www.uhu.es\/proyecto-turbina-mareal\/wp-content\/uploads\/2026\/03\/WhatsApp-Image-2026-02-25-at-12.52.22.jpeg 1066w, https:\/\/www.uhu.es\/proyecto-turbina-mareal\/wp-content\/uploads\/2026\/03\/WhatsApp-Image-2026-02-25-at-12.52.22-200x300.jpeg 200w, https:\/\/www.uhu.es\/proyecto-turbina-mareal\/wp-content\/uploads\/2026\/03\/WhatsApp-Image-2026-02-25-at-12.52.22-682x1024.jpeg 682w, https:\/\/www.uhu.es\/proyecto-turbina-mareal\/wp-content\/uploads\/2026\/03\/WhatsApp-Image-2026-02-25-at-12.52.22-768x1153.jpeg 768w, https:\/\/www.uhu.es\/proyecto-turbina-mareal\/wp-content\/uploads\/2026\/03\/WhatsApp-Image-2026-02-25-at-12.52.22-1023x1536.jpeg 1023w\" sizes=\"(max-width: 1066px) 100vw, 1066px\" \/><\/figure>\n<\/div>\n\n\n\n<div class=\"wp-block-column is-layout-flow wp-block-column-is-layout-flow\" style=\"flex-basis:66.66%\">\n<p class=\"has-small-font-size\">Jes\u00fas Clavijo Camacho<\/p>\n<\/div>\n<\/div>\n\n\n\n<div class=\"wp-block-columns is-layout-flex wp-container-core-columns-layout-22 wp-block-columns-is-layout-flex\">\n<div class=\"wp-block-column is-layout-flow wp-block-column-is-layout-flow\">\n<div class=\"wp-block-columns is-layout-flex wp-container-core-columns-layout-21 wp-block-columns-is-layout-flex\">\n<div class=\"wp-block-column is-layout-flow wp-block-column-is-layout-flow\"><\/div>\n<\/div>\n<\/div>\n<\/div>\n<\/div>\n<\/div>\n\n\n\n<div style=\"height:100px\" aria-hidden=\"true\" class=\"wp-block-spacer\"><\/div>\n","protected":false},"excerpt":{"rendered":"<p>Mar\u00eda Reyes S\u00e1nchez Herrera (IP) Juan P\u00e9rez Torreglosa (CoIP) \u00c1ngel Mena Nieto Salvador P\u00e9rez Litr\u00e1n Jes\u00fas Rodr\u00edguez V\u00e1zquez Manuel I. Bahamonde Garc\u00eda Francisco Javier Ruiz Rodr\u00edguez Juan Antonio Morales Gonz\u00e1lez Gabriel G\u00f3mez Ruiz Gregorio Ortega Ruiz Nicol\u00e1s Magro Garrido Jos\u00e9 Antonio Hern\u00e1ndez \u00c1lvaro de la Cruz \u00c1lamo Jes\u00fas Clavijo Camacho<\/p>\n","protected":false},"author":2,"featured_media":0,"parent":0,"menu_order":0,"comment_status":"closed","ping_status":"closed","template":"","meta":{"footnotes":""},"_links":{"self":[{"href":"https:\/\/www.uhu.es\/proyecto-turbina-mareal\/wp-json\/wp\/v2\/pages\/180"}],"collection":[{"href":"https:\/\/www.uhu.es\/proyecto-turbina-mareal\/wp-json\/wp\/v2\/pages"}],"about":[{"href":"https:\/\/www.uhu.es\/proyecto-turbina-mareal\/wp-json\/wp\/v2\/types\/page"}],"author":[{"embeddable":true,"href":"https:\/\/www.uhu.es\/proyecto-turbina-mareal\/wp-json\/wp\/v2\/users\/2"}],"replies":[{"embeddable":true,"href":"https:\/\/www.uhu.es\/proyecto-turbina-mareal\/wp-json\/wp\/v2\/comments?post=180"}],"version-history":[{"count":10,"href":"https:\/\/www.uhu.es\/proyecto-turbina-mareal\/wp-json\/wp\/v2\/pages\/180\/revisions"}],"predecessor-version":[{"id":289,"href":"https:\/\/www.uhu.es\/proyecto-turbina-mareal\/wp-json\/wp\/v2\/pages\/180\/revisions\/289"}],"wp:attachment":[{"href":"https:\/\/www.uhu.es\/proyecto-turbina-mareal\/wp-json\/wp\/v2\/media?parent=180"}],"curies":[{"name":"wp","href":"https:\/\/api.w.org\/{rel}","templated":true}]}}