{"id":199,"date":"2026-02-22T18:55:11","date_gmt":"2026-02-22T18:55:11","guid":{"rendered":"https:\/\/www.uhu.es\/proyecto-turbina-mareal\/?page_id=199"},"modified":"2026-02-27T08:55:51","modified_gmt":"2026-02-27T08:55:51","slug":"resultados","status":"publish","type":"page","link":"https:\/\/www.uhu.es\/proyecto-turbina-mareal\/resultados\/","title":{"rendered":"Resultados"},"content":{"rendered":"\n<div class=\"wp-block-cover alignfull\"><span aria-hidden=\"true\" class=\"wp-block-cover__background has-contrast-2-background-color has-background-dim\"><\/span><img loading=\"lazy\" decoding=\"async\" width=\"1210\" height=\"802\" class=\"wp-block-cover__image-background wp-image-235\" alt=\"\" src=\"https:\/\/www.uhu.es\/proyecto-turbina-mareal\/wp-content\/uploads\/2026\/02\/00024_3.jpg\" data-object-fit=\"cover\" srcset=\"https:\/\/www.uhu.es\/proyecto-turbina-mareal\/wp-content\/uploads\/2026\/02\/00024_3.jpg 1210w, https:\/\/www.uhu.es\/proyecto-turbina-mareal\/wp-content\/uploads\/2026\/02\/00024_3-300x199.jpg 300w, https:\/\/www.uhu.es\/proyecto-turbina-mareal\/wp-content\/uploads\/2026\/02\/00024_3-1024x679.jpg 1024w, https:\/\/www.uhu.es\/proyecto-turbina-mareal\/wp-content\/uploads\/2026\/02\/00024_3-768x509.jpg 768w\" sizes=\"(max-width: 1210px) 100vw, 1210px\" \/><div class=\"wp-block-cover__inner-container has-global-padding is-layout-constrained wp-block-cover-is-layout-constrained\">\n<h1 class=\"wp-block-heading has-text-align-center has-background has-heading-font-family has-large-font-size\" style=\"background-color:#ffffff99\"><strong>Resultados<\/strong><\/h1>\n<\/div><\/div>\n\n\n\n<div style=\"height:40px\" aria-hidden=\"true\" class=\"wp-block-spacer\"><\/div>\n\n\n\n<div class=\"wp-block-group has-global-padding is-layout-constrained wp-block-group-is-layout-constrained\">\n<hr class=\"wp-block-separator has-alpha-channel-opacity\"\/>\n\n\n\n<h2 class=\"wp-block-heading has-text-align-center\">Congresos<\/h2>\n\n\n\n<hr class=\"wp-block-separator has-alpha-channel-opacity\"\/>\n<\/div>\n\n\n\n<div class=\"wp-block-group has-global-padding is-layout-constrained wp-block-group-is-layout-constrained\">\n<p>\u00c1. de la Cruz, M. R. S\u00e1nchez Herrera, J. Clavijo Camacho y J. P\u00e9rez Torreglosa, \u00abControl inteligente de un sistema de gesti\u00f3n de energ\u00eda en turbinas mareales mediante ANFIS,\u00bb en <em>V Congreso Internacional J\u00f3venes Investigadores del Mar<\/em>, Huelva, Espa\u00f1a, 2025.<\/p>\n\n\n\n<ul>\n<li><a href=\"https:\/\/www.uhu.es\/proyecto-turbina-mareal\/wp-content\/uploads\/2026\/02\/Resumen-extendido.pdf\" data-type=\"link\" data-id=\"https:\/\/www.uhu.es\/proyecto-turbina-mareal\/wp-content\/uploads\/2026\/02\/Beneficios-lexicales-de-la-paja-1.pdf\">PDF<\/a><\/li>\n<\/ul>\n<\/div>\n\n\n\n<div class=\"wp-block-group has-global-padding is-layout-constrained wp-block-group-is-layout-constrained\">\n<p>A. de la Cruz, J. Morales, M. Sedrati, J. Hern\u00e1ndez, J. Clavijo y M. Reyes, \u00abExperiencia piloto de aprovechamiento de corrientes mareales en la costa de Huelva (TidUtil),\u00bb en <em>3<sup>as<\/sup> Jornadas Luso Espa\u00f1olas de Hidrograf\u00eda<\/em>, C\u00e1diz, Espa\u00f1a, 2024.<\/p>\n\n\n\n<ul>\n<li><a href=\"https:\/\/www.uhu.es\/proyecto-turbina-mareal\/wp-content\/uploads\/2026\/02\/De-la-Cruz-Alvaro_etal_ponencia_3JLEH_JRA.pdf\">PDF<\/a><\/li>\n<\/ul>\n<\/div>\n\n\n\n<div class=\"wp-block-group has-global-padding is-layout-constrained wp-block-group-is-layout-constrained\">\n<p>A. Cruz-\u00c1lamo, G. G\u00f3mez-Ruiz, R. S\u00e1nchez-Herrera y J. P\u00e9rez-Torreglosa, \u00abGesti\u00f3n inteligente de turbinas mareales mediante l\u00f3gica difusa,\u00bb en <em>XX Simposio CEA de Control Inteligente<\/em>, Huelva, Espa\u00f1a, 2025.<\/p>\n\n\n\n<ul>\n<li><a href=\"https:\/\/www.uhu.es\/proyecto-turbina-mareal\/wp-content\/uploads\/2026\/02\/Paper-Simposio2.pdf\">PDF<\/a><\/li>\n<\/ul>\n<\/div>\n\n\n\n<div class=\"wp-block-group has-global-padding is-layout-constrained wp-block-group-is-layout-constrained\">\n<p>J. A. Hernandez-Torres, R. S\u00e1nchez-Herrera, J. P. Torreglosa, J. Clavijo-Camacho y \u00c1. Mena-Nieto, \u00abAnalysis of turbine morphology for tidal low-speed flow energy extraction,\u00bb en <em>MMT Symposium<\/em>, Guimar\u00e3es, Portugal, 2024.<\/p>\n\n\n\n<ul>\n<li><a href=\"https:\/\/www.uhu.es\/proyecto-turbina-mareal\/wp-content\/uploads\/2024\/07\/Presentation_205_JAHT1.pdf\">PDF<\/a><\/li>\n<\/ul>\n<\/div>\n\n\n\n<div class=\"wp-block-group has-global-padding is-layout-constrained wp-block-group-is-layout-constrained\">\n<p>ScienceCity a\u00f1os 2024 y 2025.<\/p>\n\n\n\n<ul>\n<li><a href=\"https:\/\/www.uhu.es\/proyecto-turbina-mareal\/wp-content\/uploads\/2026\/02\/Paper.pdf\">\u00c1. de la Cruz \u00c1lamo, M. R. S\u00e1nchez Herrera, J. P\u00e9rez Torreglosa, J. A. Morales, J. Clavijo Camacho y J. A. Hern\u00e1ndez D\u00edaz, \u00abIntegraci\u00f3n de la energ\u00eda de las corrientes mareales en entornos urbanos costeros: Caso de la desembocadura del r\u00edo Tinto,\u00bb en <em>Actas de las III Jornadas ScienCity 2020: Fomento de la Cultura Cient\u00edfica, Tecnol\u00f3gica y de Innovaci\u00f3n en Ciudades Inteligentes<\/em>, Huelva, Espa\u00f1a, 2020, pp. 1-13.<\/a><\/li>\n\n\n\n<li><a href=\"https:\/\/www.uhu.es\/proyecto-turbina-mareal\/wp-content\/uploads\/2026\/02\/formato_paper.pdf\">\u00c1. de la Cruz \u00c1lamo, J. Clavijo Camacho, G. G\u00f3mez Ruiz, J. A. Hern\u00e1ndez Torres y M. R. S\u00e1nchez Herrera, \u00abComparaci\u00f3n entre controladores de l\u00f3gica difusa y ANFIS entrenado con MPC en sistemas de energ\u00eda mareal,\u00bb en Actas de las VII Jornadas ScienCity 2025: Fomento de la Cultura Cient\u00edfica, Tecnol\u00f3gica y de Innovaci\u00f3n en Ciudades Inteligentes, Huelva, Espa\u00f1a, 2025, pp. 1-13.<\/a><\/li>\n<\/ul>\n<\/div>\n\n\n\n<div style=\"height:39px\" aria-hidden=\"true\" class=\"wp-block-spacer\"><\/div>\n\n\n\n<div class=\"wp-block-group has-global-padding is-layout-constrained wp-block-group-is-layout-constrained\">\n<hr class=\"wp-block-separator has-alpha-channel-opacity\"\/>\n\n\n\n<h2 class=\"wp-block-heading has-text-align-center\">Publicaciones<\/h2>\n\n\n\n<hr class=\"wp-block-separator has-alpha-channel-opacity\"\/>\n<\/div>\n\n\n\n<div class=\"wp-block-group has-global-padding is-layout-constrained wp-block-group-is-layout-constrained\">\n<p>A. Cruz-\u00c1lamo, G. G\u00f3mez-Ruiz, R. S\u00e1nchez-Herrera y J. P\u00e9rez-Torreglosa, \u00abModelo difuso de gesti\u00f3n energ\u00e9tica aplicado a sistemas de generaci\u00f3n mareomotriz,\u00bb <em>Revista Iberoamericana de Autom\u00e1tica e Inform\u00e1tica Industrial<\/em>, 2026. (En revisi\u00f3n)<\/p>\n\n\n\n<p>\u00c1. C. \u00c1lamo, M. Bruno, J. A. Morales y R. S\u00e1nchez-Herrera, \u00abTransfer learning applied to tidal current predictions with limited data availability,\u00bb <em>Expert Systems with Applications (ESWA)<\/em>, 2026. (En revisi\u00f3n)<\/p>\n\n\n\n<div style=\"height:39px\" aria-hidden=\"true\" class=\"wp-block-spacer\"><\/div>\n<\/div>\n\n\n\n<div class=\"wp-block-group has-global-padding is-layout-constrained wp-block-group-is-layout-constrained\">\n<hr class=\"wp-block-separator has-alpha-channel-opacity\"\/>\n\n\n\n<h2 class=\"wp-block-heading has-text-align-center\">Resultados acad\u00e9micos<\/h2>\n\n\n\n<hr class=\"wp-block-separator has-alpha-channel-opacity\"\/>\n<\/div>\n\n\n\n<div class=\"wp-block-group has-global-padding is-layout-constrained wp-block-group-is-layout-constrained\">\n<p>\u00c1. de la Cruz \u00c1lamo, \u00abAprovechamiento de la Energ\u00eda de las Corrientes Mareales en las Costas de Huelva,\u00bb Trabajo Fin de Grado, Grado en Ingenier\u00eda Energ\u00e9tica, Escuela T\u00e9cnica Superior de Ingenier\u00eda, Universidad de Huelva, Huelva, Espa\u00f1a, jun. 2024.<\/p>\n\n\n\n<ul>\n<li><a href=\"https:\/\/www.uhu.es\/proyecto-turbina-mareal\/wp-content\/uploads\/2024\/07\/TFG_AlvarodelaCruz_CorrientesMareales-1.pdf\">PDF<\/a><\/li>\n<\/ul>\n<\/div>\n\n\n\n<div class=\"wp-block-group has-global-padding is-layout-constrained wp-block-group-is-layout-constrained\">\n<p>\u00c1. de la Cruz \u00c1lamo, \u00abSimulaci\u00f3n y control de una turbina mareomotriz para operaci\u00f3n en red y en modo aislado,\u00bb Trabajo Fin de Grado, Grado en Ingenier\u00eda El\u00e9ctrica, Escuela T\u00e9cnica Superior de Ingenier\u00eda, Universidad de Huelva, Huelva, Espa\u00f1a, jun. 2025.<\/p>\n\n\n\n<ul>\n<li><a href=\"https:\/\/www.uhu.es\/proyecto-turbina-mareal\/wp-content\/uploads\/2026\/02\/Tfg.pdf\">PDF<\/a><\/li>\n<\/ul>\n<\/div>\n\n\n\n<p>Tesis doctoral en curso \u00abEvaluaci\u00f3n y Gesti\u00f3n Inteligente del Recurso Energ\u00e9tico de la Corrientes Mareales\u00bb.<\/p>\n\n\n\n<div style=\"height:39px\" aria-hidden=\"true\" class=\"wp-block-spacer\"><\/div>\n\n\n\n<div class=\"wp-block-group has-global-padding is-layout-constrained wp-block-group-is-layout-constrained\">\n<hr class=\"wp-block-separator has-alpha-channel-opacity\"\/>\n\n\n\n<h2 class=\"wp-block-heading has-text-align-center\">Resultados transferibles<\/h2>\n\n\n\n<hr class=\"wp-block-separator has-alpha-channel-opacity\"\/>\n\n\n\n<div class=\"wp-block-group has-global-padding is-layout-constrained wp-block-group-is-layout-constrained\">\n<p>M. R. S\u00e1nchez Herrera y \u00c1. de la Cruz \u00c1lamo, <em>NEUROTIDE<\/em>. N\u00famero de solicitud: H-45-25, 202599905841709. Pa\u00eds de prioridad: Espa\u00f1a, 2025.<\/p>\n\n\n\n<p>\u00abNeuroTide\u00bb, una red neuronal capaz de predecir la velocidad de las corrientes mareales en lugares donde existen pocas series hist\u00f3ricas de datos para el entrenamiento de la red.<\/p>\n\n\n\n<ul>\n<li><a href=\"https:\/\/www.uhu.es\/proyecto-turbina-mareal\/wp-content\/uploads\/2026\/02\/Basico-Ficha-Transferencia-TKA_AND.pdf\">Ficha NeuroTide<\/a><\/li>\n<\/ul>\n<\/div>\n<\/div>\n\n\n\n<div style=\"height:39px\" aria-hidden=\"true\" class=\"wp-block-spacer\"><\/div>\n\n\n\n<div class=\"wp-block-group has-global-padding is-layout-constrained wp-block-group-is-layout-constrained\">\n<hr class=\"wp-block-separator has-alpha-channel-opacity\"\/>\n\n\n\n<h2 class=\"wp-block-heading has-text-align-center\">Divulgaci\u00f3n<\/h2>\n\n\n\n<hr class=\"wp-block-separator has-alpha-channel-opacity\"\/>\n<\/div>\n\n\n\n<div class=\"wp-block-group has-global-padding is-layout-constrained wp-block-group-is-layout-constrained\">\n<p>Participaci\u00f3n en la Noche de los investigadores a\u00f1os 2024 y 2025.<\/p>\n<\/div>\n\n\n\n<div class=\"wp-block-group has-global-padding is-layout-constrained wp-block-group-is-layout-constrained\">\n<p>Participaci\u00f3n en el Foro Transfiere 2025 (M\u00e1laga). Presentaci\u00f3n de nuestro producto transferible \u00ab<a href=\"https:\/\/www.uhu.es\/proyecto-turbina-mareal\/wp-content\/uploads\/2026\/02\/Basico-Ficha-Transferencia-TKA_AND.pdf\">NeuroTide<\/a>\u00ab.<\/p>\n\n\n\n<p>Participaci\u00f3n en la Semana de la Ciencia en la Universidad de Huelva.<\/p>\n\n\n\n<p>Participaci\u00f3n mediante un stand de divulgaci\u00f3n en el congreso EINTEC 2025.<\/p>\n<\/div>\n\n\n\n<hr class=\"wp-block-separator has-alpha-channel-opacity\"\/>\n\n\n\n<div class=\"wp-block-group has-global-padding is-layout-constrained wp-block-group-is-layout-constrained\"><\/div>\n","protected":false},"excerpt":{"rendered":"<p>Congresos \u00c1. de la Cruz, M. R. S\u00e1nchez Herrera, J. Clavijo Camacho y J. P\u00e9rez Torreglosa, \u00abControl inteligente de un sistema de gesti\u00f3n de energ\u00eda en turbinas mareales mediante ANFIS,\u00bb en V Congreso Internacional J\u00f3venes Investigadores del Mar, Huelva, Espa\u00f1a, 2025. A. de la Cruz, J. Morales, M. Sedrati, J. Hern\u00e1ndez, J. Clavijo y M. [&hellip;]<\/p>\n","protected":false},"author":2,"featured_media":0,"parent":0,"menu_order":0,"comment_status":"closed","ping_status":"closed","template":"","meta":{"footnotes":""},"_links":{"self":[{"href":"https:\/\/www.uhu.es\/proyecto-turbina-mareal\/wp-json\/wp\/v2\/pages\/199"}],"collection":[{"href":"https:\/\/www.uhu.es\/proyecto-turbina-mareal\/wp-json\/wp\/v2\/pages"}],"about":[{"href":"https:\/\/www.uhu.es\/proyecto-turbina-mareal\/wp-json\/wp\/v2\/types\/page"}],"author":[{"embeddable":true,"href":"https:\/\/www.uhu.es\/proyecto-turbina-mareal\/wp-json\/wp\/v2\/users\/2"}],"replies":[{"embeddable":true,"href":"https:\/\/www.uhu.es\/proyecto-turbina-mareal\/wp-json\/wp\/v2\/comments?post=199"}],"version-history":[{"count":26,"href":"https:\/\/www.uhu.es\/proyecto-turbina-mareal\/wp-json\/wp\/v2\/pages\/199\/revisions"}],"predecessor-version":[{"id":286,"href":"https:\/\/www.uhu.es\/proyecto-turbina-mareal\/wp-json\/wp\/v2\/pages\/199\/revisions\/286"}],"wp:attachment":[{"href":"https:\/\/www.uhu.es\/proyecto-turbina-mareal\/wp-json\/wp\/v2\/media?parent=199"}],"curies":[{"name":"wp","href":"https:\/\/api.w.org\/{rel}","templated":true}]}}