{"id":1193,"date":"2019-09-04T11:27:02","date_gmt":"2019-09-04T09:27:02","guid":{"rendered":"http:\/\/www.uhu.es\/rensma\/?page_id=1193"},"modified":"2023-10-19T23:17:27","modified_gmt":"2023-10-19T21:17:27","slug":"home","status":"publish","type":"page","link":"https:\/\/www.uhu.es\/rensma\/en\/","title":{"rendered":"Home"},"content":{"rendered":"\n<div class=\"wp-block-cover alignfull is-light\"><span aria-hidden=\"true\" class=\"wp-block-cover__background has-background-dim\"><\/span><img decoding=\"async\" loading=\"lazy\" width=\"940\" height=\"300\" class=\"wp-block-cover__image-background wp-image-1307\" alt=\"\" src=\"https:\/\/www.uhu.es\/rensma\/wp-content\/uploads\/2019\/09\/SliderIngles.jpg\" data-object-fit=\"cover\" srcset=\"https:\/\/www.uhu.es\/rensma\/wp-content\/uploads\/2019\/09\/SliderIngles.jpg 940w, https:\/\/www.uhu.es\/rensma\/wp-content\/uploads\/2019\/09\/SliderIngles-300x96.jpg 300w, https:\/\/www.uhu.es\/rensma\/wp-content\/uploads\/2019\/09\/SliderIngles-768x245.jpg 768w\" sizes=\"(max-width: 940px) 100vw, 940px\" \/><div class=\"wp-block-cover__inner-container is-layout-constrained wp-block-cover-is-layout-constrained\">\n<div class=\"wp-block-group is-layout-constrained wp-block-group-is-layout-constrained\"><\/div>\n<\/div><\/div>\n\n\n\n<div class=\"wp-block-columns is-layout-flex wp-container-19 wp-block-columns-is-layout-flex\" id=\"listadohome\">\n<div class=\"wp-block-column is-layout-flow wp-block-column-is-layout-flow\" style=\"flex-basis:66.66%\">\n<h2 class=\"wp-block-heading has-text-align-center has-ast-global-color-5-color has-ast-global-color-0-background-color has-text-color has-background\">Last News<\/h2>\n\n\n\n<div class=\"wp-block-query is-layout-flow wp-block-query-is-layout-flow\"><ul class=\"wp-block-post-template is-layout-flow wp-block-post-template-is-layout-flow\"><li class=\"wp-block-post post-6257 post type-post status-publish format-standard has-post-thumbnail hentry category-1\">\n\n<div class=\"wp-block-columns alignwide is-layout-flex wp-container-5 wp-block-columns-is-layout-flex\">\n<div class=\"wp-block-column is-layout-flow wp-block-column-is-layout-flow\" style=\"flex-basis:50%\"><figure class=\"wp-block-post-featured-image\"><a href=\"https:\/\/www.uhu.es\/rensma\/articulo-de-divulgacion-sobre-nuestra-investigacion-en-la-unidad-de-mejora-genetica\/\" target=\"_self\"  ><img loading=\"lazy\" width=\"580\" height=\"350\" src=\"https:\/\/www.uhu.es\/rensma\/wp-content\/uploads\/2026\/03\/captura-de-pantalla.png\" class=\"attachment-post-thumbnail size-post-thumbnail wp-post-image\" alt=\"Art\u00edculo de divulgaci\u00f3n sobre nuestra investigaci\u00f3n en la Unidad de Mejora Gen\u00e9tica\" decoding=\"async\" style=\"object-fit:cover;\" srcset=\"https:\/\/www.uhu.es\/rensma\/wp-content\/uploads\/2026\/03\/captura-de-pantalla.png 580w, https:\/\/www.uhu.es\/rensma\/wp-content\/uploads\/2026\/03\/captura-de-pantalla-300x181.png 300w, https:\/\/www.uhu.es\/rensma\/wp-content\/uploads\/2026\/03\/captura-de-pantalla-50x30.png 50w\" sizes=\"(max-width: 580px) 100vw, 580px\" \/><\/a><\/figure><\/div>\n\n\n\n<div class=\"wp-block-column is-layout-flow wp-block-column-is-layout-flow\" style=\"flex-basis:50%\"><h2 class=\"wp-block-post-title\"><a href=\"https:\/\/www.uhu.es\/rensma\/articulo-de-divulgacion-sobre-nuestra-investigacion-en-la-unidad-de-mejora-genetica\/\" target=\"_self\" >Art\u00edculo de divulgaci\u00f3n sobre nuestra investigaci\u00f3n en la Unidad de Mejora Gen\u00e9tica<\/a><\/h2>\n\n<a class=\"wp-block-read-more\" href=\"https:\/\/www.uhu.es\/rensma\/articulo-de-divulgacion-sobre-nuestra-investigacion-en-la-unidad-de-mejora-genetica\/\" target=\"_self\">Leer m\u00e1s<span class=\"screen-reader-text\">: Art\u00edculo de divulgaci\u00f3n sobre nuestra investigaci\u00f3n en la Unidad de Mejora Gen\u00e9tica<\/span><\/a><\/div>\n<\/div>\n\n<\/li><li class=\"wp-block-post post-6192 post type-post status-publish format-standard has-post-thumbnail hentry category-1 tag-201\">\n\n<div class=\"wp-block-columns alignwide is-layout-flex wp-container-8 wp-block-columns-is-layout-flex\">\n<div class=\"wp-block-column is-layout-flow wp-block-column-is-layout-flow\" style=\"flex-basis:50%\"><figure class=\"wp-block-post-featured-image\"><a href=\"https:\/\/www.uhu.es\/rensma\/investigadores-de-rensma-en-el-ranking-of-the-world-scientists-worlds-top-2-scientists\/\" target=\"_self\"  ><img loading=\"lazy\" width=\"891\" height=\"777\" src=\"https:\/\/www.uhu.es\/rensma\/wp-content\/uploads\/2025\/10\/captura-de-noticia.png\" class=\"attachment-post-thumbnail size-post-thumbnail wp-post-image\" alt=\"Investigadores de RENSMA en el Ranking of the World Scientists: World\u2019s Top 2% Scientists\" decoding=\"async\" style=\"object-fit:cover;\" srcset=\"https:\/\/www.uhu.es\/rensma\/wp-content\/uploads\/2025\/10\/captura-de-noticia.png 891w, https:\/\/www.uhu.es\/rensma\/wp-content\/uploads\/2025\/10\/captura-de-noticia-300x262.png 300w, https:\/\/www.uhu.es\/rensma\/wp-content\/uploads\/2025\/10\/captura-de-noticia-768x670.png 768w, https:\/\/www.uhu.es\/rensma\/wp-content\/uploads\/2025\/10\/captura-de-noticia-50x44.png 50w\" sizes=\"(max-width: 891px) 100vw, 891px\" \/><\/a><\/figure><\/div>\n\n\n\n<div class=\"wp-block-column is-layout-flow wp-block-column-is-layout-flow\" style=\"flex-basis:50%\"><h2 class=\"wp-block-post-title\"><a href=\"https:\/\/www.uhu.es\/rensma\/investigadores-de-rensma-en-el-ranking-of-the-world-scientists-worlds-top-2-scientists\/\" target=\"_self\" >Investigadores de RENSMA en el Ranking of the World Scientists: World\u2019s Top 2% Scientists<\/a><\/h2>\n\n<a class=\"wp-block-read-more\" href=\"https:\/\/www.uhu.es\/rensma\/investigadores-de-rensma-en-el-ranking-of-the-world-scientists-worlds-top-2-scientists\/\" target=\"_self\">Leer m\u00e1s<span class=\"screen-reader-text\">: Investigadores de RENSMA en el Ranking of the World Scientists: World\u2019s Top 2% Scientists<\/span><\/a><\/div>\n<\/div>\n\n<\/li><li class=\"wp-block-post post-5967 post type-post status-publish format-standard has-post-thumbnail hentry category-proximos-eventos-es category-seminarios-conferencias-es tag-201\">\n\n<div class=\"wp-block-columns alignwide is-layout-flex wp-container-11 wp-block-columns-is-layout-flex\">\n<div class=\"wp-block-column is-layout-flow wp-block-column-is-layout-flow\" style=\"flex-basis:50%\"><figure class=\"wp-block-post-featured-image\"><a href=\"https:\/\/www.uhu.es\/rensma\/ponencia-exploracion-y-produccion-de-petroleo-en-campos-convencionales-y-no-convencionales\/\" target=\"_self\"  ><img loading=\"lazy\" width=\"1280\" height=\"720\" src=\"https:\/\/www.uhu.es\/rensma\/wp-content\/uploads\/2025\/04\/imagen-por-defecto.png\" class=\"attachment-post-thumbnail size-post-thumbnail wp-post-image\" alt=\"Ponencia: Exploraci\u00f3n y producci\u00f3n de petr\u00f3leo en campos convencionales y no convencionales\" decoding=\"async\" style=\"object-fit:cover;\" srcset=\"https:\/\/www.uhu.es\/rensma\/wp-content\/uploads\/2025\/04\/imagen-por-defecto.png 1280w, https:\/\/www.uhu.es\/rensma\/wp-content\/uploads\/2025\/04\/imagen-por-defecto-300x169.png 300w, https:\/\/www.uhu.es\/rensma\/wp-content\/uploads\/2025\/04\/imagen-por-defecto-1024x576.png 1024w, https:\/\/www.uhu.es\/rensma\/wp-content\/uploads\/2025\/04\/imagen-por-defecto-768x432.png 768w, https:\/\/www.uhu.es\/rensma\/wp-content\/uploads\/2025\/04\/imagen-por-defecto-50x28.png 50w\" sizes=\"(max-width: 1280px) 100vw, 1280px\" \/><\/a><\/figure><\/div>\n\n\n\n<div class=\"wp-block-column is-layout-flow wp-block-column-is-layout-flow\" style=\"flex-basis:50%\"><h2 class=\"wp-block-post-title\"><a href=\"https:\/\/www.uhu.es\/rensma\/ponencia-exploracion-y-produccion-de-petroleo-en-campos-convencionales-y-no-convencionales\/\" target=\"_self\" >Ponencia: Exploraci\u00f3n y producci\u00f3n de petr\u00f3leo en campos convencionales y no convencionales<\/a><\/h2>\n\n<a class=\"wp-block-read-more\" href=\"https:\/\/www.uhu.es\/rensma\/ponencia-exploracion-y-produccion-de-petroleo-en-campos-convencionales-y-no-convencionales\/\" target=\"_self\">Leer m\u00e1s<span class=\"screen-reader-text\">: Ponencia: Exploraci\u00f3n y producci\u00f3n de petr\u00f3leo en campos convencionales y no convencionales<\/span><\/a><\/div>\n<\/div>\n\n<\/li><li class=\"wp-block-post post-5960 post type-post status-publish format-standard has-post-thumbnail hentry category-seminarios-conferencias-es tag-201\">\n\n<div class=\"wp-block-columns alignwide is-layout-flex wp-container-14 wp-block-columns-is-layout-flex\">\n<div class=\"wp-block-column is-layout-flow wp-block-column-is-layout-flow\" style=\"flex-basis:50%\"><figure class=\"wp-block-post-featured-image\"><a href=\"https:\/\/www.uhu.es\/rensma\/ponencia-la-biodiversidad-vegetal-su-estudio-y-valoracion-un-ejemplo-en-un-parque-nacional\/\" target=\"_self\"  ><img loading=\"lazy\" width=\"1280\" height=\"720\" src=\"https:\/\/www.uhu.es\/rensma\/wp-content\/uploads\/2025\/04\/imagen-por-defecto.png\" class=\"attachment-post-thumbnail size-post-thumbnail wp-post-image\" alt=\"Ponencia: La Biodiversidad Vegetal: su estudio y valoraci\u00f3n. Un ejemplo en un Parque Nacional\" decoding=\"async\" style=\"object-fit:cover;\" srcset=\"https:\/\/www.uhu.es\/rensma\/wp-content\/uploads\/2025\/04\/imagen-por-defecto.png 1280w, https:\/\/www.uhu.es\/rensma\/wp-content\/uploads\/2025\/04\/imagen-por-defecto-300x169.png 300w, https:\/\/www.uhu.es\/rensma\/wp-content\/uploads\/2025\/04\/imagen-por-defecto-1024x576.png 1024w, https:\/\/www.uhu.es\/rensma\/wp-content\/uploads\/2025\/04\/imagen-por-defecto-768x432.png 768w, https:\/\/www.uhu.es\/rensma\/wp-content\/uploads\/2025\/04\/imagen-por-defecto-50x28.png 50w\" sizes=\"(max-width: 1280px) 100vw, 1280px\" \/><\/a><\/figure><\/div>\n\n\n\n<div class=\"wp-block-column is-layout-flow wp-block-column-is-layout-flow\" style=\"flex-basis:50%\"><h2 class=\"wp-block-post-title\"><a href=\"https:\/\/www.uhu.es\/rensma\/ponencia-la-biodiversidad-vegetal-su-estudio-y-valoracion-un-ejemplo-en-un-parque-nacional\/\" target=\"_self\" >Ponencia: La Biodiversidad Vegetal: su estudio y valoraci\u00f3n. Un ejemplo en un Parque Nacional<\/a><\/h2>\n\n<a class=\"wp-block-read-more\" href=\"https:\/\/www.uhu.es\/rensma\/ponencia-la-biodiversidad-vegetal-su-estudio-y-valoracion-un-ejemplo-en-un-parque-nacional\/\" target=\"_self\">Leer m\u00e1s<span class=\"screen-reader-text\">: Ponencia: La Biodiversidad Vegetal: su estudio y valoraci\u00f3n. Un ejemplo en un Parque Nacional<\/span><\/a><\/div>\n<\/div>\n\n<\/li><\/ul><\/div>\n<\/div>\n\n\n\n<div class=\"wp-block-column is-layout-flow wp-block-column-is-layout-flow\" style=\"flex-basis:33.33%\">\n<figure class=\"wp-block-embed is-type-rich is-provider-twitter wp-block-embed-twitter\"><div class=\"wp-block-embed__wrapper\">\n<a class=\"twitter-timeline\" data-width=\"500\" data-height=\"750\" data-dnt=\"true\" href=\"https:\/\/twitter.com\/RensmaUHU?ref_src=twsrc%5Etfw\">Tweets by RensmaUHU<\/a><script async src=\"https:\/\/platform.twitter.com\/widgets.js\" charset=\"utf-8\"><\/script>\n<\/div><\/figure>\n<\/div>\n<\/div>\n","protected":false},"excerpt":{"rendered":"<p>Last News<\/p>\n","protected":false},"author":2,"featured_media":0,"parent":0,"menu_order":0,"comment_status":"closed","ping_status":"closed","template":"","meta":{"site-sidebar-layout":"default","site-content-layout":"","ast-site-content-layout":"","site-content-style":"default","site-sidebar-style":"default","ast-global-header-display":"","ast-banner-title-visibility":"","ast-main-header-display":"","ast-hfb-above-header-display":"","ast-hfb-below-header-display":"","ast-hfb-mobile-header-display":"","site-post-title":"","ast-breadcrumbs-content":"","ast-featured-img":"","footer-sml-layout":"","theme-transparent-header-meta":"","adv-header-id-meta":"","stick-header-meta":"","header-above-stick-meta":"","header-main-stick-meta":"","header-below-stick-meta":"","astra-migrate-meta-layouts":"","footnotes":""},"_links":{"self":[{"href":"https:\/\/www.uhu.es\/rensma\/wp-json\/wp\/v2\/pages\/1193"}],"collection":[{"href":"https:\/\/www.uhu.es\/rensma\/wp-json\/wp\/v2\/pages"}],"about":[{"href":"https:\/\/www.uhu.es\/rensma\/wp-json\/wp\/v2\/types\/page"}],"author":[{"embeddable":true,"href":"https:\/\/www.uhu.es\/rensma\/wp-json\/wp\/v2\/users\/2"}],"replies":[{"embeddable":true,"href":"https:\/\/www.uhu.es\/rensma\/wp-json\/wp\/v2\/comments?post=1193"}],"version-history":[{"count":2,"href":"https:\/\/www.uhu.es\/rensma\/wp-json\/wp\/v2\/pages\/1193\/revisions"}],"predecessor-version":[{"id":4717,"href":"https:\/\/www.uhu.es\/rensma\/wp-json\/wp\/v2\/pages\/1193\/revisions\/4717"}],"wp:attachment":[{"href":"https:\/\/www.uhu.es\/rensma\/wp-json\/wp\/v2\/media?parent=1193"}],"curies":[{"name":"wp","href":"https:\/\/api.w.org\/{rel}","templated":true}]}}