{"id":1471,"date":"2019-09-29T00:25:00","date_gmt":"2019-09-28T22:25:00","guid":{"rendered":"http:\/\/www.uhu.es\/rensma\/?page_id=1471"},"modified":"2025-06-10T08:55:50","modified_gmt":"2025-06-10T06:55:50","slug":"colaboraciones-ldps","status":"publish","type":"page","link":"https:\/\/www.uhu.es\/rensma\/colaboraciones-ldps\/","title":{"rendered":"Colaboraciones"},"content":{"rendered":"\n<div class=\"wp-block-cover alignfull is-light\"><span aria-hidden=\"true\" class=\"wp-block-cover__background has-background-dim\"><\/span><img decoding=\"async\" loading=\"lazy\" width=\"940\" height=\"300\" class=\"wp-block-cover__image-background wp-image-806\" alt=\"\" src=\"https:\/\/www.uhu.es\/rensma\/wp-content\/uploads\/2019\/06\/Slider.jpg\" data-object-fit=\"cover\" srcset=\"https:\/\/www.uhu.es\/rensma\/wp-content\/uploads\/2019\/06\/Slider.jpg 940w, https:\/\/www.uhu.es\/rensma\/wp-content\/uploads\/2019\/06\/Slider-300x96.jpg 300w, https:\/\/www.uhu.es\/rensma\/wp-content\/uploads\/2019\/06\/Slider-768x245.jpg 768w\" sizes=\"(max-width: 940px) 100vw, 940px\" \/><div class=\"wp-block-cover__inner-container is-layout-constrained wp-block-cover-is-layout-constrained\">\n<p class=\"has-text-align-center has-large-font-size\"><\/p>\n\n\n\n<div style=\"height:100px\" aria-hidden=\"true\" class=\"wp-block-spacer\"><\/div>\n<\/div><\/div>\n\n\n\n<h1 class=\"wp-block-heading has-text-align-center\" style=\"margin-top:var(--wp--preset--spacing--70)\">Colaboraciones<\/h1>\n\n\n\n<h3 class=\"wp-block-heading has-text-align-center\" style=\"text-transform:uppercase\"><strong>Salud mental y consumo de drogas: Determinantes y medici\u00f3n psicol\u00f3gica<\/strong><\/h3>\n\n\n\n<div class=\"wp-block-columns is-layout-flex wp-container-6 wp-block-columns-is-layout-flex\">\n<div class=\"wp-block-column is-layout-flow wp-block-column-is-layout-flow\" style=\"flex-basis:33.33%\">\n<p class=\"has-ast-global-color-5-color has-ast-global-color-0-background-color has-text-color has-background\">Men\u00fa laboratorio<\/p>\n\n\n<nav class=\" is-vertical wp-block-navigation is-layout-flex wp-container-3 wp-block-navigation-is-layout-flex\" aria-label=\"Menu LDPS\"><ul class=\"wp-block-navigation__container  is-vertical wp-block-navigation\"><li class=\" wp-block-navigation-item wp-block-navigation-link\"><a class=\"wp-block-navigation-item__content\"  href=\"https:\/\/www.uhu.es\/rensma\/presentacion-ldps\/\"><span class=\"wp-block-navigation-item__label\">Presentaci\u00f3n<\/span><\/a><\/li><li class=\" wp-block-navigation-item wp-block-navigation-link\"><a class=\"wp-block-navigation-item__content\"  href=\"https:\/\/www.uhu.es\/rensma\/lineas-de-investigacion-ldps\/\"><span class=\"wp-block-navigation-item__label\">L\u00edneas de Investigaci\u00f3n<\/span><\/a><\/li><li class=\" wp-block-navigation-item wp-block-navigation-link\"><a class=\"wp-block-navigation-item__content\"  href=\"https:\/\/www.uhu.es\/rensma\/miembros-ldps\/\"><span class=\"wp-block-navigation-item__label\">Miembros<\/span><\/a><\/li><li class=\" wp-block-navigation-item wp-block-navigation-link\"><a class=\"wp-block-navigation-item__content\"  href=\"https:\/\/www.uhu.es\/rensma\/proyectos-ldps\/\"><span class=\"wp-block-navigation-item__label\">Proyectos<\/span><\/a><\/li><li class=\" wp-block-navigation-item wp-block-navigation-link\"><a class=\"wp-block-navigation-item__content\"  href=\"https:\/\/www.uhu.es\/rensma\/publicaciones-ldps\/\"><span class=\"wp-block-navigation-item__label\">Publicaciones<\/span><\/a><\/li><li class=\" wp-block-navigation-item wp-block-navigation-link\"><a class=\"wp-block-navigation-item__content\"  href=\"https:\/\/www.uhu.es\/rensma\/tesis-doctorales-ldps\/\"><span class=\"wp-block-navigation-item__label\">Tesis Doctorales<\/span><\/a><\/li><li class=\" wp-block-navigation-item wp-block-navigation-link\"><a class=\"wp-block-navigation-item__content\"  href=\"https:\/\/www.uhu.es\/rensma\/tests-psicometricos\/\"><span class=\"wp-block-navigation-item__label\">Tests psicom\u00e9tricos<\/span><\/a><\/li><li class=\" wp-block-navigation-item wp-block-navigation-link\"><a class=\"wp-block-navigation-item__content\"  href=\"https:\/\/www.uhu.es\/rensma\/infraestructuras-ldps\/\"><span class=\"wp-block-navigation-item__label\">Infraestructuras<\/span><\/a><\/li><li class=\" wp-block-navigation-item wp-block-navigation-link\"><a class=\"wp-block-navigation-item__content\"  href=\"https:\/\/www.uhu.es\/rensma\/colaboraciones-ldps\/\"><span class=\"wp-block-navigation-item__label\">Colaboraciones<\/span><\/a><\/li><li class=\" wp-block-navigation-item wp-block-navigation-link\"><a class=\"wp-block-navigation-item__content\"  href=\"https:\/\/www.uhu.es\/rensma\"><span class=\"wp-block-navigation-item__label\">\u226a Volver &#8230;<\/span><\/a><\/li><\/ul><\/nav><\/div>\n\n\n\n<div class=\"wp-block-column is-layout-flow wp-block-column-is-layout-flow\" style=\"flex-basis:66.66%\">\n<p>&#8211; <strong>Convenio de colaboraci\u00f3n entre la Universidad de Huelva y la Agencia de Servicios Sociales y Dependencia de Andaluc\u00eda para el desarrollo de un test.<\/strong><\/p>\n\n\n\n<p>T\u00edtulo del convenio: \u201cEstudio de precisi\u00f3n y evidencias de validez de una bater\u00eda neuropsicol\u00f3gica para la prevenci\u00f3n de reca\u00eddas en pacientes con TUS\u201d (CONV-06\/2016).<\/p>\n\n\n\n<p>Investigador responsable del convenio: \u00d3scar M. Lozano<\/p>\n\n\n\n<p>&#8211;<strong> Convenio de colaboraci\u00f3n entre la Universidad de Huelva, la Agencia de Servicios Sociales y Dependencia de Andaluc\u00eda y la Diputaci\u00f3n de C\u00e1diz para el desarrollo de un test.<\/strong><\/p>\n\n\n\n<p>T\u00edtulo: \u201cEscala de valoraci\u00f3n social\u201d (CONV-11\/2016).<\/p>\n\n\n\n<p>Investigador responsable: \u00d3scar M. Lozano<\/p>\n\n\n\n<p>&#8211; <strong>Convenio de colaboraci\u00f3n entre la Universidad de Huelva y el Ayuntamiento de Huelva para el desarrollo del Plan Estrat\u00e9gico de la ciudad de Huelva (Expediente: convenio \u201cPlan Estrat\u00e9gico Huelva-Estrategia 2025\u201d).<\/strong><\/p>\n\n\n\n<p>Investigador coordinador: \u00d3scar M. Lozano<\/p>\n\n\n\n<p>&#8211;<strong>Convenio con la ONG Asociaci\u00f3n Bienestar y Desarrollo para la colaboraci\u00f3n con su secci\u00f3n \u201cEnergy Control\u201d<\/strong><\/p>\n\n\n\n<p>Investigador responsable: Ferm\u00edn Fern\u00e1ndez Calder\u00f3n<\/p>\n<\/div>\n<\/div>\n","protected":false},"excerpt":{"rendered":"<p>Colaboraciones Salud mental y consumo de drogas: Determinantes y medici\u00f3n psicol\u00f3gica &#8211; Convenio de colaboraci\u00f3n entre la Universidad de Huelva y la Agencia de Servicios Sociales y Dependencia de Andaluc\u00eda para el desarrollo de un test. T\u00edtulo del convenio: \u201cEstudio de precisi\u00f3n y evidencias de validez de una bater\u00eda neuropsicol\u00f3gica para la prevenci\u00f3n de reca\u00eddas &hellip;<\/p>\n<p class=\"read-more\"> <a class=\"\" href=\"https:\/\/www.uhu.es\/rensma\/colaboraciones-ldps\/\"> <span class=\"screen-reader-text\">Colaboraciones<\/span> Leer m\u00e1s &raquo;<\/a><\/p>\n","protected":false},"author":2,"featured_media":0,"parent":0,"menu_order":0,"comment_status":"closed","ping_status":"closed","template":"","meta":{"site-sidebar-layout":"default","site-content-layout":"","ast-site-content-layout":"","site-content-style":"default","site-sidebar-style":"default","ast-global-header-display":"","ast-banner-title-visibility":"","ast-main-header-display":"","ast-hfb-above-header-display":"","ast-hfb-below-header-display":"","ast-hfb-mobile-header-display":"","site-post-title":"","ast-breadcrumbs-content":"","ast-featured-img":"","footer-sml-layout":"","theme-transparent-header-meta":"","adv-header-id-meta":"","stick-header-meta":"","header-above-stick-meta":"","header-main-stick-meta":"","header-below-stick-meta":"","astra-migrate-meta-layouts":"","footnotes":""},"_links":{"self":[{"href":"https:\/\/www.uhu.es\/rensma\/wp-json\/wp\/v2\/pages\/1471"}],"collection":[{"href":"https:\/\/www.uhu.es\/rensma\/wp-json\/wp\/v2\/pages"}],"about":[{"href":"https:\/\/www.uhu.es\/rensma\/wp-json\/wp\/v2\/types\/page"}],"author":[{"embeddable":true,"href":"https:\/\/www.uhu.es\/rensma\/wp-json\/wp\/v2\/users\/2"}],"replies":[{"embeddable":true,"href":"https:\/\/www.uhu.es\/rensma\/wp-json\/wp\/v2\/comments?post=1471"}],"version-history":[{"count":9,"href":"https:\/\/www.uhu.es\/rensma\/wp-json\/wp\/v2\/pages\/1471\/revisions"}],"predecessor-version":[{"id":6125,"href":"https:\/\/www.uhu.es\/rensma\/wp-json\/wp\/v2\/pages\/1471\/revisions\/6125"}],"wp:attachment":[{"href":"https:\/\/www.uhu.es\/rensma\/wp-json\/wp\/v2\/media?parent=1471"}],"curies":[{"name":"wp","href":"https:\/\/api.w.org\/{rel}","templated":true}]}}