{"id":1574,"date":"2019-10-02T11:26:00","date_gmt":"2019-10-02T09:26:00","guid":{"rendered":"http:\/\/www.uhu.es\/rensma\/?page_id=1574"},"modified":"2025-06-10T08:42:58","modified_gmt":"2025-06-10T06:42:58","slug":"presentacion-mgm","status":"publish","type":"page","link":"https:\/\/www.uhu.es\/rensma\/presentacion-mgm\/","title":{"rendered":"Presentaci\u00f3n"},"content":{"rendered":"<div id=\"gutenslider-ntlgwil82\" class=\"wp-block-eedee-block-gutenslider gs-frontend content-change alignfull arrow-style-1 arrow-position-sides arrow-mb-none arrows-lg arrows-md arrows-sm dot-style-1 dots-lg dots-md dots-sm dot-position-bottom is-position-center-center mb-none wrap-auto-height\" data-parallax-direction=\"down\" data-parallax-amount=\"1.3\" data-lg-transition=\"lg-slide\" data-hash=\"\" ><div class=\"eedee-swiper-outer\" style=\"--gutenslider-min-height: 430px;--gutenslider-arrow-size: 30px;--gutenslider-dot-size: 25px;--gutenslider-arrow-color: #ffffff;--gutenslider-dot-color: #ffffff;--gutenslider-padding-y-mobile: 40px;--gutenslider-padding-x-mobile: 40px;--gutenslider-padding-y-tablet: 40px;--gutenslider-padding-x-tablet: 40px;--gutenslider-padding-y-desktop: 40px;--gutenslider-padding-x-desktop: 40px;--gutenslider-bg-image: url();--gutenslider-min-height-md: 50vh;--gutenslider-min-height-sm: 50vh;--gutenslider-padding-x: 40px;--gutenslider-padding-x-md: 40px;--gutenslider-padding-x-sm: 20px;--gutenslider-padding-y: 40px;--gutenslider-padding-y-md: 40px;--gutenslider-padding-y-sm: 20px;--gutenslider-arrow-size-md: 30px;--gutenslider-arrow-size-sm: 30px;--gutenslider-dot-size-md: 25px;--gutenslider-dot-size-sm: 25px;--gutenslider-arrow-bg-color: transparent;--gutenslider-arrow-hover-color: #eeeeee;--gutenslider-arrow-bg-hover-color: transparent;--gutenslider-arrow-x-offset: 10px;--gutenslider-arrow-x-offset-md: 10px;--gutenslider-arrow-x-offset-sm: 10px;--gutenslider-arrow-y-offset: 0px;--gutenslider-arrow-y-offset-md: 0px;--gutenslider-arrow-y-offset-sm: 0px;--gutenslider-arrow-x-spacing: 0px;--gutenslider-dot-y-offset: 10px;--gutenslider-dot-y-offset-md: 10px;--gutenslider-dot-y-offset-sm: 10px;--gutenslider-margin-x: 0px;--gutenslider-margin-x-md: 0px;--gutenslider-margin-x-sm: 0px;--gutenslider-margin-y: 0px;--gutenslider-margin-y-md: 0px;--gutenslider-margin-y-sm: 0px;--gutenslider-divider-top: 60px;--gutenslider-divider-bottom: 60px;--gutenslider-lightgallery-bg: #ffffff;--gutenslider-lightgallery-font: #000000;--gs-first-pos: 47% 33%;--gs-gap-vertical: var( --wp--style--gallery-gap-default, var( --gallery-block--gutter-size, var( --wp--style--block-gap, 0.5em ) ) );--gs-gap-horizontal: var( --wp--style--gallery-gap-default, var( --gallery-block--gutter-size, var( --wp--style--block-gap, 0.5em ) ) );\"><div class=\"gutenslider-divider-top\" style=\"color:#fff;\"><\/div><div class=\"swiper\" data-settings='{\"autoplay\":{\"delay\":3000,\"pauseOnMouseEnter\":true,\"disableOnInteraction\":false},\"speed\":700,\"direction\":\"horizontal\",\"autoHeight\":\"\",\"loop\":true,\"centeredSlides\":true,\"spaceBetween\":0,\"slidesPerView\":1,\"slidesPerGroup\":1,\"effect\":\"slide\",\"coverflowEffect\":{\"rotate\":30,\"slideShadows\":false,\"depth\":100,\"stretch\":50,\"modifier\":1},\"fadeEffect\":{\"crossFade\":true},\"zoom\":\"\",\"navigation\":{\"nextEl\":\"#gutenslider-ntlgwil82 .eedee-gutenslider-next\",\"prevEl\":\"#gutenslider-ntlgwil82 .eedee-gutenslider-prev\"},\"pagination\":{\"type\":\"bullets\",\"clickable\":true,\"dynamicBullets\":false,\"el\":\"#gutenslider-ntlgwil82 .eedee-gutenslider-pagination\"},\"pauseOnHover\":\"1\",\"watchSlidesProgress\":true,\"watchSlidesVisibility\":true,\"settingsMd\":{\"autoHeight\":\"\",\"slidesPerView\":1,\"slidesPerGroup\":1,\"spaceBetween\":0,\"loop\":true},\"settingsLg\":{\"autoHeight\":\"\",\"slidesPerView\":1,\"slidesPerGroup\":1,\"spaceBetween\":0,\"loop\":true},\"hasLg\":false,\"hasLgCounter\":true,\"isFullScreen\":false,\"arrowsFollowMouse\":false,\"lgTitle\":\"none\",\"lgCaption\":\"none\",\"lgThumbnails\":true,\"lgZoomEnabled\":false,\"keyboard\":{\"keyboard\":{\"enabled\":true,\"onlyInViewport\":true}},\"hashNavigation\":false,\"dividers\":false}'><div class=\"swiper-wrapper\">\n<div class=\"swiper-slide wp-block-eedee-block-gutenslide is-position-center-center ed-bg-image\" style=\"--ed-vw:300;--ed-vh:225;\" data-hash=\"\"><div class=\"eedee-background-div bg-image\"><img loading=\"lazy\" width=\"1080\" height=\"810\" class=\"wp-image-1917\" src=\"https:\/\/www.uhu.es\/rensma\/wp-content\/uploads\/2019\/11\/Foto-de-Rosa-Le\u00f3n-3.jpg\" alt=\"\" decoding=\"async\" style=\"object-fit: cover; object-position: 47% 33%;\" srcset=\"https:\/\/www.uhu.es\/rensma\/wp-content\/uploads\/2019\/11\/Foto-de-Rosa-Le\u00f3n-3.jpg 1080w, https:\/\/www.uhu.es\/rensma\/wp-content\/uploads\/2019\/11\/Foto-de-Rosa-Le\u00f3n-3-300x225.jpg 300w, https:\/\/www.uhu.es\/rensma\/wp-content\/uploads\/2019\/11\/Foto-de-Rosa-Le\u00f3n-3-768x576.jpg 768w, https:\/\/www.uhu.es\/rensma\/wp-content\/uploads\/2019\/11\/Foto-de-Rosa-Le\u00f3n-3-1024x768.jpg 1024w\" sizes=\"(max-width: 1080px) 100vw, 1080px\" \/><div class=\"eedee-background-div__overlay\" style=\"opacity:1;\"><\/div><\/div><div class=\"slide-content\">\n\n<p class=\"has-text-align-center gutenslider-content-initial has-larger-font-size\"><\/p>\n\n<\/div><\/div>\n\n<div class=\"swiper-slide wp-block-eedee-block-gutenslide is-position-center-center ed-bg-image\" style=\"--ed-vw:300;--ed-vh:99;\" data-hash=\"\"><div class=\"eedee-background-div bg-image\"><img loading=\"lazy\" width=\"1024\" height=\"337\" class=\"wp-image-3107\" src=\"https:\/\/www.uhu.es\/rensma\/wp-content\/uploads\/2021\/01\/1-1024x337.jpg\" alt=\"\" decoding=\"async\" style=\"object-fit: cover; object-position: 50% 50%;\" srcset=\"https:\/\/www.uhu.es\/rensma\/wp-content\/uploads\/2021\/01\/1-1024x337.jpg 1024w, https:\/\/www.uhu.es\/rensma\/wp-content\/uploads\/2021\/01\/1-300x99.jpg 300w, https:\/\/www.uhu.es\/rensma\/wp-content\/uploads\/2021\/01\/1-768x253.jpg 768w, https:\/\/www.uhu.es\/rensma\/wp-content\/uploads\/2021\/01\/1.jpg 1032w\" sizes=\"(max-width: 1024px) 100vw, 1024px\" \/><div class=\"eedee-background-div__overlay\" style=\"opacity:1;\"><\/div><\/div><div class=\"slide-content\">\n\n<p class=\"has-text-align-center gutenslider-content-initial has-larger-font-size\"><\/p>\n\n<\/div><\/div>\n\n<div class=\"swiper-slide wp-block-eedee-block-gutenslide is-position-center-center ed-bg-image\" style=\"--ed-vw:300;--ed-vh:99;\" data-hash=\"\"><div class=\"eedee-background-div bg-image\"><img loading=\"lazy\" width=\"1024\" height=\"337\" class=\"wp-image-3108\" src=\"https:\/\/www.uhu.es\/rensma\/wp-content\/uploads\/2021\/01\/2-1024x337.jpg\" alt=\"\" decoding=\"async\" style=\"object-fit: cover; object-position: 50% 50%;\" srcset=\"https:\/\/www.uhu.es\/rensma\/wp-content\/uploads\/2021\/01\/2-1024x337.jpg 1024w, https:\/\/www.uhu.es\/rensma\/wp-content\/uploads\/2021\/01\/2-300x99.jpg 300w, https:\/\/www.uhu.es\/rensma\/wp-content\/uploads\/2021\/01\/2-768x253.jpg 768w, https:\/\/www.uhu.es\/rensma\/wp-content\/uploads\/2021\/01\/2.jpg 1032w\" sizes=\"(max-width: 1024px) 100vw, 1024px\" \/><div class=\"eedee-background-div__overlay\" style=\"opacity:1;\"><\/div><\/div><div class=\"slide-content\">\n\n<p class=\"has-text-align-center gutenslider-content-initial has-larger-font-size\"><\/p>\n\n<\/div><\/div>\n\n<div class=\"swiper-slide wp-block-eedee-block-gutenslide is-position-center-center ed-bg-image\" style=\"--ed-vw:300;--ed-vh:99;\" data-hash=\"\"><div class=\"eedee-background-div bg-image\"><img loading=\"lazy\" width=\"1024\" height=\"337\" class=\"wp-image-3111\" src=\"https:\/\/www.uhu.es\/rensma\/wp-content\/uploads\/2021\/01\/5-1024x337.jpg\" alt=\"\" decoding=\"async\" style=\"object-fit: cover; object-position: 50% 50%;\" srcset=\"https:\/\/www.uhu.es\/rensma\/wp-content\/uploads\/2021\/01\/5-1024x337.jpg 1024w, https:\/\/www.uhu.es\/rensma\/wp-content\/uploads\/2021\/01\/5-300x99.jpg 300w, https:\/\/www.uhu.es\/rensma\/wp-content\/uploads\/2021\/01\/5-768x253.jpg 768w, https:\/\/www.uhu.es\/rensma\/wp-content\/uploads\/2021\/01\/5.jpg 1032w\" sizes=\"(max-width: 1024px) 100vw, 1024px\" \/><div class=\"eedee-background-div__overlay\" style=\"opacity:1;\"><\/div><\/div><div class=\"slide-content\">\n\n<p class=\"has-text-align-center gutenslider-content-initial has-larger-font-size\"><\/p>\n\n<\/div><\/div>\n\n<div class=\"swiper-slide wp-block-eedee-block-gutenslide is-position-center-center ed-bg-image\" style=\"--ed-vw:300;--ed-vh:99;\" data-hash=\"\"><div class=\"eedee-background-div bg-image\"><img loading=\"lazy\" width=\"1024\" height=\"337\" class=\"wp-image-3110\" src=\"https:\/\/www.uhu.es\/rensma\/wp-content\/uploads\/2021\/01\/4-1024x337.jpg\" alt=\"\" decoding=\"async\" style=\"object-fit: cover; object-position: 50% 50%;\" srcset=\"https:\/\/www.uhu.es\/rensma\/wp-content\/uploads\/2021\/01\/4-1024x337.jpg 1024w, https:\/\/www.uhu.es\/rensma\/wp-content\/uploads\/2021\/01\/4-300x99.jpg 300w, https:\/\/www.uhu.es\/rensma\/wp-content\/uploads\/2021\/01\/4-768x253.jpg 768w, https:\/\/www.uhu.es\/rensma\/wp-content\/uploads\/2021\/01\/4.jpg 1032w\" sizes=\"(max-width: 1024px) 100vw, 1024px\" \/><div class=\"eedee-background-div__overlay\" style=\"opacity:1;\"><\/div><\/div><div class=\"slide-content\">\n\n<p class=\"has-text-align-center gutenslider-content-initial has-larger-font-size\"><\/p>\n\n<\/div><\/div>\n\n<div class=\"swiper-slide wp-block-eedee-block-gutenslide is-position-center-center ed-bg-image\" style=\"--ed-vw:300;--ed-vh:99;\" data-hash=\"\"><div class=\"eedee-background-div bg-image\"><img loading=\"lazy\" width=\"1024\" height=\"337\" class=\"wp-image-3112\" src=\"https:\/\/www.uhu.es\/rensma\/wp-content\/uploads\/2021\/01\/6-1024x337.jpg\" alt=\"\" decoding=\"async\" style=\"object-fit: cover; object-position: 50% 50%;\" srcset=\"https:\/\/www.uhu.es\/rensma\/wp-content\/uploads\/2021\/01\/6-1024x337.jpg 1024w, https:\/\/www.uhu.es\/rensma\/wp-content\/uploads\/2021\/01\/6-300x99.jpg 300w, https:\/\/www.uhu.es\/rensma\/wp-content\/uploads\/2021\/01\/6-768x253.jpg 768w, https:\/\/www.uhu.es\/rensma\/wp-content\/uploads\/2021\/01\/6.jpg 1032w\" sizes=\"(max-width: 1024px) 100vw, 1024px\" \/><div class=\"eedee-background-div__overlay\" style=\"opacity:1;\"><\/div><\/div><div class=\"slide-content\">\n\n<p class=\"has-text-align-center gutenslider-content-initial has-larger-font-size\"><\/p>\n\n<\/div><\/div>\n<\/div><\/div><button class=\"eedee-gutenslider-nav eedee-gutenslider-prev\"><svg xmlns=\"http:\/\/www.w3.org\/2000\/svg\" viewBox=\"0 0 24 24\" width=\"24\" height=\"24\"><circle class=\"bg\" cx=\"13\" cy=\"12\" r=\"11\" \/><path fill=\"none\" d=\"M0 0h24v24H0z\"\/><path class=\"arrow\" d=\"M10.828 12l4.95 4.95-1.414 1.414L8 12l6.364-6.364 1.414 1.414z\"\/><\/svg><\/button><button class=\"eedee-gutenslider-nav eedee-gutenslider-next\"><svg xmlns=\"http:\/\/www.w3.org\/2000\/svg\" viewBox=\"0 0 24 24\" width=\"24\" height=\"24\"><circle class=\"bg\" cx=\"11\" cy=\"12\" r=\"11\" \/><path fill=\"none\" d=\"M0 0h24v24H0z\"\/><path class=\"arrow\" d=\"M13.172 12l-4.95-4.95 1.414-1.414L16 12l-6.364 6.364-1.414-1.414z\"\/><\/svg><\/button><div class=\"eedee-gutenslider-pagination\"><\/div><div class=\"gutenslider-divider-bottom \" style=\"color:#fff;\"><\/div><\/div><\/div>\n\n\n<h1 class=\"wp-block-heading has-text-align-center\" style=\"margin-top:var(--wp--preset--spacing--70)\"><strong>UNIDAD DE MEJORA GEN\u00c9TICA DE ORGANISMOS FOTOSINT\u00c9TICOS<\/strong><\/h1>\n\n\n\n<div class=\"wp-block-columns is-layout-flex wp-container-5 wp-block-columns-is-layout-flex\">\n<div class=\"wp-block-column is-layout-flow wp-block-column-is-layout-flow\" style=\"flex-basis:33.33%\">\n<p class=\"has-ast-global-color-5-color has-ast-global-color-0-background-color has-text-color has-background\">Men\u00fa laboratorio<\/p>\n\n\n<nav class=\" is-vertical wp-block-navigation is-layout-flex wp-container-2 wp-block-navigation-is-layout-flex\" aria-label=\"Menu MGM\"><ul class=\"wp-block-navigation__container  is-vertical wp-block-navigation\"><li class=\" wp-block-navigation-item wp-block-navigation-link\"><a class=\"wp-block-navigation-item__content\"  href=\"https:\/\/www.uhu.es\/rensma\/presentacion-mgm\/\"><span class=\"wp-block-navigation-item__label\">Presentaci\u00f3n<\/span><\/a><\/li><li class=\" wp-block-navigation-item wp-block-navigation-link\"><a class=\"wp-block-navigation-item__content\"  href=\"https:\/\/www.uhu.es\/rensma\/lineas-de-investigacion-mgm\/\"><span class=\"wp-block-navigation-item__label\">L\u00edneas de Investigaci\u00f3n<\/span><\/a><\/li><li class=\" wp-block-navigation-item wp-block-navigation-link\"><a class=\"wp-block-navigation-item__content\"  href=\"https:\/\/www.uhu.es\/rensma\/miembros-mgm\/\"><span class=\"wp-block-navigation-item__label\">Miembros<\/span><\/a><\/li><li class=\" wp-block-navigation-item wp-block-navigation-link\"><a class=\"wp-block-navigation-item__content\"  href=\"https:\/\/www.uhu.es\/rensma\/proyectos-mgm\/\"><span class=\"wp-block-navigation-item__label\">Proyectos<\/span><\/a><\/li><li class=\" wp-block-navigation-item wp-block-navigation-link\"><a class=\"wp-block-navigation-item__content\"  href=\"https:\/\/www.uhu.es\/rensma\/publicaciones-mgm\/\"><span class=\"wp-block-navigation-item__label\">Publicaciones<\/span><\/a><\/li><li class=\" wp-block-navigation-item wp-block-navigation-link\"><a class=\"wp-block-navigation-item__content\"  href=\"https:\/\/www.uhu.es\/rensma\/tesis-doctorales\/\"><span class=\"wp-block-navigation-item__label\">Tesis Doctorales<\/span><\/a><\/li><li class=\" wp-block-navigation-item wp-block-navigation-link\"><a class=\"wp-block-navigation-item__content\"  href=\"https:\/\/www.uhu.es\/rensma\/infraestructuras-mgm\/\"><span class=\"wp-block-navigation-item__label\">Infraestructuras<\/span><\/a><\/li><li class=\" wp-block-navigation-item wp-block-navigation-link\"><a class=\"wp-block-navigation-item__content\"  href=\"https:\/\/www.uhu.es\/rensma\/colaboraciones-mgm\/\"><span class=\"wp-block-navigation-item__label\">Colaboraciones<\/span><\/a><\/li><li class=\" wp-block-navigation-item wp-block-navigation-link\"><a class=\"wp-block-navigation-item__content\"  href=\"https:\/\/www.uhu.es\/rensma\"><span class=\"wp-block-navigation-item__label\">\u226a Volver &#8230;<\/span><\/a><\/li><\/ul><\/nav><\/div>\n\n\n\n<div class=\"wp-block-column is-layout-flow wp-block-column-is-layout-flow\" style=\"flex-basis:66.66%\">\n<h2 class=\"wp-block-heading\">Presentaci\u00f3n<\/h2>\n\n\n\n<p>Las microalgas son una fuente excepcional de un buen n\u00famero de compuestos nutrace\u00faticos utilizados en la industria agroalimentaria y en acuicultura. Su manipulaci\u00f3n gen\u00e9tica es clave para mejorar la productividad de estos compuestos y hacerlos competitivos frente a los obtenidos de otras fuentes naturales o los sintetizados artificialmente. En los \u00faltimos a\u00f1os el renovado inter\u00e9s por las microalgas ha propiciado la transformaci\u00f3n gen\u00e9tica de nuevas especies, pero la mayor parte de la investigaci\u00f3n sigue centr\u00e1ndose en unas pocas cepas y la baja eficiencia o inestabilidad de los transgenes son todav\u00eda problemas frecuentes. La Unidad de \u201cMejora gen\u00e9tica de organismos fotosint\u00e9ticos\u201d pretende superar las principales barreras que existen para la expresi\u00f3n eficiente y estable de genes en microalgas y aplicar las herramientas obtenidas a mejorar la productividad de distintos compuestos de inter\u00e9s comercial. Nuestra unidad utiliza t\u00e9cnicas para el estudio de niveles de expresi\u00f3n mediante RT-PCR y de inmundetecci\u00f3n de prote\u00ednas para estudiar diferentes rutas metab\u00f3licas y la respuesta a estr\u00e9s abi\u00f3tico en microalgas. Tambi\u00e9n estudia la producci\u00f3n de enzimas halotolerantes y la identificaci\u00f3n de sustancias bioactivas. Adem\u00e1s, utiliza t\u00e9cnicas de mejora cl\u00e1sica, y t\u00e9cnicas vanguardistas como el silenciamiento mediante RNAi o la edici\u00f3n del genoma mediante CRISPR-nucleasas asociadas sgRNA, para la mejora de dichas rutas mediante ingenier\u00eda gen\u00e9tica.<\/p>\n\n\n\n<p>La Unidad de manipulaci\u00f3n gen\u00e9tica de organismos fotos\u00ednteticos ha coordinado varios proyectos de investigaci\u00f3n del MEC y de la JA sobre la mejora de las caracter\u00edsticas nutricionales de las microalgas mediante su manipulaci\u00f3n gen\u00e9tica. Tambi\u00e9n ha liderado &nbsp;un proyecto del MINENCO sobre el uso de microalgas como veh\u00edculo de vacunas orales en acuicultura y un proyecto INTERREG titulado ALGRED+ (<a href=\"https:\/\/www.algared.com\/\">https:\/\/www.algared.com\/<\/a>) en que participan 9 entidades Espa\u00f1olas y Portuguesas. En la actualidad lidera un proyecto de Excelencia de la Junta de Andaluc\u00eda para el desarrollo de herramientas alternativas para la lucha contra pat\u00f3genos en acuicultura, Un proyecto FEDER para la producci\u00f3n de enzimas y compuestos bioactivos a partir de arqueas aisladas en la R\u00eda de Huelva y un proyecto del Ministerio para la producci\u00f3n de carotenoides incoloros bio-accesibles en microalgas.<\/p>\n<\/div>\n<\/div>\n","protected":false},"excerpt":{"rendered":"<p>UNIDAD DE MEJORA GEN\u00c9TICA DE ORGANISMOS FOTOSINT\u00c9TICOS Presentaci\u00f3n Las microalgas son una fuente excepcional de un buen n\u00famero de compuestos nutrace\u00faticos utilizados en la industria agroalimentaria y en acuicultura. Su manipulaci\u00f3n gen\u00e9tica es clave para mejorar la productividad de estos compuestos y hacerlos competitivos frente a los obtenidos de otras fuentes naturales o los sintetizados &hellip;<\/p>\n<p class=\"read-more\"> <a class=\"\" href=\"https:\/\/www.uhu.es\/rensma\/presentacion-mgm\/\"> <span class=\"screen-reader-text\">Presentaci\u00f3n<\/span> Leer m\u00e1s &raquo;<\/a><\/p>\n","protected":false},"author":2,"featured_media":0,"parent":0,"menu_order":0,"comment_status":"closed","ping_status":"closed","template":"","meta":{"site-sidebar-layout":"default","site-content-layout":"","ast-site-content-layout":"","site-content-style":"default","site-sidebar-style":"default","ast-global-header-display":"","ast-banner-title-visibility":"","ast-main-header-display":"","ast-hfb-above-header-display":"","ast-hfb-below-header-display":"","ast-hfb-mobile-header-display":"","site-post-title":"","ast-breadcrumbs-content":"","ast-featured-img":"","footer-sml-layout":"","theme-transparent-header-meta":"","adv-header-id-meta":"","stick-header-meta":"","header-above-stick-meta":"","header-main-stick-meta":"","header-below-stick-meta":"","astra-migrate-meta-layouts":"","footnotes":""},"_links":{"self":[{"href":"https:\/\/www.uhu.es\/rensma\/wp-json\/wp\/v2\/pages\/1574"}],"collection":[{"href":"https:\/\/www.uhu.es\/rensma\/wp-json\/wp\/v2\/pages"}],"about":[{"href":"https:\/\/www.uhu.es\/rensma\/wp-json\/wp\/v2\/types\/page"}],"author":[{"embeddable":true,"href":"https:\/\/www.uhu.es\/rensma\/wp-json\/wp\/v2\/users\/2"}],"replies":[{"embeddable":true,"href":"https:\/\/www.uhu.es\/rensma\/wp-json\/wp\/v2\/comments?post=1574"}],"version-history":[{"count":11,"href":"https:\/\/www.uhu.es\/rensma\/wp-json\/wp\/v2\/pages\/1574\/revisions"}],"predecessor-version":[{"id":6080,"href":"https:\/\/www.uhu.es\/rensma\/wp-json\/wp\/v2\/pages\/1574\/revisions\/6080"}],"wp:attachment":[{"href":"https:\/\/www.uhu.es\/rensma\/wp-json\/wp\/v2\/media?parent=1574"}],"curies":[{"name":"wp","href":"https:\/\/api.w.org\/{rel}","templated":true}]}}